{"id":47209,"date":"2025-10-28T09:31:12","date_gmt":"2025-10-28T12:31:12","guid":{"rendered":"https:\/\/portifolioos-prontos.com\/?post_type=product&#038;p=47209"},"modified":"2025-10-28T09:31:12","modified_gmt":"2025-10-28T12:31:12","slug":"aula-pratica-desenvolvimento-e-monitoramento-de-dashboard","status":"publish","type":"product","link":"https:\/\/portifolioos-prontos.com\/index.php\/product\/aula-pratica-desenvolvimento-e-monitoramento-de-dashboard\/","title":{"rendered":"Aula pr\u00e1tica Desenvolvimento e monitoramento de Dashboard"},"content":{"rendered":"<p class=\"product-title product_title entry-title\"><strong>Aula pr\u00e1tica Desenvolvimento e monitoramento de Dashboard<\/strong><\/p>\n<p>ROTEIRO DE AULA PR\u00c1TICA<br \/>\nNOME DA DISCIPLINA: DESENVOLVIMENTO E MONITORAMENTO DE DASHBOARD<br \/>\nUnidade: U4 _ MONITORAMENTO E OTIMIZA\u00c7\u00c3O DE DASHBOARDS<br \/>\nAula: A3_OTIMIZA\u00c7\u00c3O DE DASHBOARDS APLICADOS A BI<br \/>\nTempo previsto de execu\u00e7\u00e3o de aula pr\u00e1tica: 2h<br \/>\nOBJETIVOS (campo obrigat\u00f3rio \u2013 exibi\u00e7\u00e3o para todos)<br \/>\nDefini\u00e7\u00e3o dos objetivos da aula pr\u00e1tica:<br \/>\nAplicar o conhecimento da disciplina de forma pr\u00e1tica em um Data Visual online.<br \/>\nINFRAESTRUTURA (OBRIGAT\u00d3RIO SE HOUVER \u2013 EXIBI\u00c7\u00c3O DOCENTE\/TUTOR)<br \/>\nInstala\u00e7\u00f5es \u2013 Materiais de consumo \u2013 Equipamentos:<br \/>\nNOME DO LABORAT\u00d3RIO<br \/>\nMateriais de consumo: https:\/\/www.kaggle.com\/datasets\/unanimad\/the-oscaraward?resource=download<br \/>\nNOME DO LABORAT\u00d3RIO<br \/>\nEquipamentos: NSA<br \/>\nSOLU\u00c7\u00c3O DIGITAL (OBRIGAT\u00d3RIO SE HOUVER &#8211; APARECER PARA TODOS)<br \/>\nInfraestrutura m\u00ednima necess\u00e1ria para execu\u00e7\u00e3o.<br \/>\nNSA<\/p>\n<p>EQUIPAMENTO DE PROTE\u00c7\u00c3O INDIVIDUAL (EPI) (CAMPO OBRIGAT\u00d3RIO \u2013 APARECER<br \/>\nPARA TODOS)<br \/>\nNSA<br \/>\nPROCEDIMENTOS PR\u00c1TICOS (OBRIGAT\u00d3RIO \u2013 TODOS)<br \/>\nProcedimento\/Atividade n\u00ba 1 (F\u00edsico)<br \/>\n3<br \/>\nAtividade proposta:<br \/>\nUtilizar o banco de dados do Oscar (https:\/\/www.kaggle.com\/datasets\/unanimad\/the-oscaraward?resource=download) para cria\u00e7\u00e3o de um Dashboard.<br \/>\nProcedimentos para a realiza\u00e7\u00e3o da atividade:<br \/>\nLink do v\u00eddeo ilustrativo da aula: (N\u00c3O OBRIGAT\u00d3RIO \u2013 APARECER QUANDO<br \/>\nDISPON\u00cdVEL)<br \/>\nQualquer ajuste ou altera\u00e7\u00e3o do procedimento poder\u00e1 ocorrer, sem qualquer preju\u00edzo na<br \/>\nrealiza\u00e7\u00e3o da aula pr\u00e1tica. (COMENT\u00c1RIO SER\u00c1 APRESENTADO APENAS NO RAP DO<br \/>\nALUNO)<br \/>\nPara cria\u00e7\u00e3o do Dashboard siga esses passos:<br \/>\n1) Acesse o link https:\/\/www.kaggle.com\/datasets\/unanimad\/the-oscaraward?resource=download.<br \/>\n2) Fa\u00e7a o download da base:<br \/>\n3) Entre em sua conta google no site: https:\/\/lookerstudio.google.com\/navigation\/reporting<br \/>\n4) Clique em Relat\u00f3rio em Branco:<br \/>\n5) Para inserir os dados, clique conectar aos dados:<br \/>\n4<br \/>\n6) Procure nas op\u00e7\u00f5es abaixo upload de arquivo:<br \/>\n7) A partir dos dados no LookerStudio, crie 3 gr\u00e1ficos:<br \/>\na. Um de barras para mostrar quantidade de filmes por ano.<br \/>\nb. Um de linhas para mostrar quantidade de cerimonia por ano<br \/>\nc. Um de pizza para mostrar a propor\u00e7\u00e3o de vencedores vs indicados.<br \/>\n8) Fa\u00e7a uma breve descri\u00e7\u00e3o sobre o que os gr\u00e1ficos mostram e destaque os pontos<br \/>\nprincipais.<br \/>\nChecklist:<br \/>\n1) Verifique se o arquivo est\u00e1 correto<br \/>\n2) Confirme se os 3 gr\u00e1ficos s\u00e3o conforme a descri\u00e7\u00e3o<br \/>\n3) Escreva a descri\u00e7\u00e3o e os pontos principais.<br \/>\nResultado do experimento (Gabarito): (n\u00e3o obrigat\u00f3rio \u2013 aparecer apenas para<br \/>\nprofessor\/tutor)<br \/>\nProcedimento\/Atividade n\u00ba 1 (Virtual)<br \/>\n5<br \/>\nAtividade proposta:<br \/>\nProcedimentos para a realiza\u00e7\u00e3o da atividade:<br \/>\nLink do v\u00eddeo ilustrativo da aula: (N\u00c3O OBRIGAT\u00d3RIO \u2013 APARECER QUANDO<br \/>\nDISPON\u00cdVEL)<br \/>\nQualquer ajuste ou altera\u00e7\u00e3o do procedimento poder\u00e1 ocorrer, sem qualquer preju\u00edzo na<br \/>\nrealiza\u00e7\u00e3o da aula pr\u00e1tica. (COMENT\u00c1RIO SER\u00c1 APRESENTADO APENAS NO RAP DO<br \/>\nALUNO)<br \/>\nChecklist:<br \/>\nResultado do experimento (Gabarito): (n\u00e3o obrigat\u00f3rio \u2013 aparecer apenas para<br \/>\nprofessor\/tutor)<br \/>\nRESULTADOS (obrigat\u00f3rio \u2013 aparecer para todos)<br \/>\nResultados de Aprendizagem:<br \/>\nConseguir utilizar a ferramenta e criar os gr\u00e1ficos e tamb\u00e9m interpretar os gr\u00e1ficos.<br \/>\nESTUDANTE, VOC\u00ca DEVER\u00c1 ENTREGAR (n\u00e3o obrigat\u00f3rio \u2013 aparecer para todos)<br \/>\nDescri\u00e7\u00e3o orientativa sobre a entregada da comprova\u00e7\u00e3o da aula pr\u00e1tica:<br \/>\nEntrega de um print da tela do Looker e um texto descrevendo sobre os gr\u00e1ficos<br \/>\nREFER\u00caNCIAS BIBLIOGR\u00c1FICAS (n\u00e3o obrigat\u00f3rio \u2013 aparecer para todos)<br \/>\nDescri\u00e7\u00e3o (em abnt) das refer\u00eancias utilizadas<\/p>\n<div class=\"price-wrapper\">\n<div class=\"elementor-toggle-item\">\n<p id=\"elementor-tab-title-1941\" class=\"elementor-tab-title elementor-active\" tabindex=\"0\" role=\"tab\" data-tab=\"1\" aria-controls=\"elementor-tab-content-1941\" aria-expanded=\"true\" aria-selected=\"true\"><strong>Como funciona?<\/strong><\/p>\n<p>Elaboramos os portf\u00f3lios, j\u00e1 deixamos prontos, nas normas da ABNT e conforme os requisitos da universidade. F\u00e1cil assim! O MELHOR \u00c9 QUE VOC\u00ca COMPRA E J\u00c1 BAIXA NA HORA O SEU ARQUIVO EM WORD! Sabemos que conciliar trabalho, fam\u00edlia, vida profissional e estudos \u00e9 dif\u00edcil hoje em dia, por isso, estamos aqui para ajudar voc\u00ea. Conte com nossa qualidade, experi\u00eancia e profissionalismo adquirindo seu portf\u00f3lio conosco. GARANTIMOS SEU CONCEITO!<\/p>\n<p><strong>Como se realizam os envios?<\/strong><\/p>\n<\/div>\n<p id=\"elementor-tab-content-1942\" class=\"elementor-tab-content elementor-clearfix elementor-active\" role=\"tabpanel\" data-tab=\"2\" aria-labelledby=\"elementor-tab-title-1942\">O seu trabalho \u00e9 disponibilizado pronto, respondido e nas normas j\u00e1 na mesma hora aqui em nosso site na sua \u00e1rea de downloads e tamb\u00e9m no seu e-mail.<\/p>\n<p><strong>Em quanto tempo recebo o portf\u00f3lio?<\/strong><\/p>\n<p>Os envios s\u00e3o imediatos. Ap\u00f3s sua compra, o trabalho j\u00e1 \u00e9 disponibilizado instantaneamente aqui em nosso site e no seu e-mail.<\/p>\n<p><strong>E se o portf\u00f3lio que comprei precisar de corre\u00e7\u00e3o?<\/strong><\/p>\n<p>Caso haja alguma solicita\u00e7\u00e3o de corre\u00e7\u00e3o\/altera\u00e7\u00e3o por parte do tutor, basta entrar em contato conosco pelo\u00a0WhatsApp\u00a0que provid\u00eanciaremos sem custo algum.<\/p>\n<p><strong>Qual o formato do arquivo?<\/strong><\/p>\n<p>Os arquivos s\u00e3o enviados em formato Word e s\u00e3o edit\u00e1veis.<\/p>\n<p><strong>Caso eu tiver alguma d\u00favida, terei suporte no p\u00f3s venda?<\/strong><\/p>\n<p>Sim, com certeza. Basta clicar no \u00edcone do WhatsApp no cantinho da tela. Ser\u00e1 um prazer atend\u00ea-lo(a).<\/p>\n<div id=\"elementor-tab-content-1948\" class=\"elementor-tab-content elementor-clearfix elementor-active\" role=\"tabpanel\" data-tab=\"8\" aria-labelledby=\"elementor-tab-title-1948\">\n<p><strong>Quais os seus canais de contato?<\/strong><\/p>\n<\/div>\n<div id=\"elementor-tab-content-1949\" class=\"elementor-tab-content elementor-clearfix elementor-active\" role=\"tabpanel\" data-tab=\"9\" aria-labelledby=\"elementor-tab-title-1949\">\n<p>Whatsapp: 53 984751621 \u2013 Clicar no canto da tela ou ESCANEIE O QRCODE ABAIXO<\/p>\n<h4><img decoding=\"async\" class=\"alignnone wp-image-13699 jetpack-lazy-image jetpack-lazy-image--handled\" src=\"https:\/\/i0.wp.com\/portifolioos-prontos.com\/wp-content\/uploads\/2023\/02\/whatsapp-business-projeto-de-extensao-300x300.jpeg?resize=144%2C144\" sizes=\"(max-width: 144px) 100vw, 144px\" srcset=\"https:\/\/i0.wp.com\/portifolioos-prontos.com\/wp-content\/uploads\/2023\/02\/whatsapp-business-projeto-de-extensao.jpeg?resize=300%2C301&amp;ssl=1 300w, https:\/\/i0.wp.com\/portifolioos-prontos.com\/wp-content\/uploads\/2023\/02\/whatsapp-business-projeto-de-extensao.jpeg?resize=150%2C150&amp;ssl=1 150w, https:\/\/i0.wp.com\/portifolioos-prontos.com\/wp-content\/uploads\/2023\/02\/whatsapp-business-projeto-de-extensao.jpeg?resize=370%2C372&amp;ssl=1 370w, https:\/\/i0.wp.com\/portifolioos-prontos.com\/wp-content\/uploads\/2023\/02\/whatsapp-business-projeto-de-extensao.jpeg?resize=100%2C100&amp;ssl=1 100w, https:\/\/i0.wp.com\/portifolioos-prontos.com\/wp-content\/uploads\/2023\/02\/whatsapp-business-projeto-de-extensao.jpeg?w=470&amp;ssl=1 470w\" alt=\"projeto de extens\u00e3o unopar\" width=\"144\" height=\"144\" data-lazy-loaded=\"1\" \/><\/h4>\n<\/div>\n<div class=\"elementor-toggle-item\">\n<div id=\"elementor-tab-content-1949\" class=\"elementor-tab-content elementor-clearfix elementor-active\" role=\"tabpanel\" data-tab=\"9\" aria-labelledby=\"elementor-tab-title-1949\">\n<p>E-mail:portifoliosp@gmail.com<\/p>\n<div id=\"attachment_143\" class=\"wp-caption alignnone\">\n<div id=\"attachment_143\" class=\"wp-caption alignnone\">\n<p id=\"caption-attachment-143\" class=\"wp-caption-text\"><a href=\"http:\/\/portfolio-pronto.com\/\">Portf\u00f3lio<\/a>\u00a0em Word, respondido, completo e j\u00e1 nas normas<\/p>\n<\/div>\n<\/div>\n<\/div>\n<\/div>\n<\/div>\n","protected":false},"excerpt":{"rendered":"<div class=\"product-short-description\">\n<p><strong>Pague pelo PIX ou cart\u00e3o e fa\u00e7a o download agora mesmo.<\/strong><\/p>\n<\/div>\n<div class=\"sticky-add-to-cart-wrapper\">\n<div class=\"sticky-add-to-cart\">\n<p class=\"quantity buttons_added form-flat\"><img decoding=\"async\" class=\"lazyloaded smush-image-5 smush-image-3 smush-image-4 smush-detected-img smush-image-bigger-3\" src=\"https:\/\/d26lpennugtm8s.cloudfront.net\/assets\/common\/img\/logos\/payment\/visa@2x.png\" width=\"46\" height=\"29\" data-src=\"https:\/\/d26lpennugtm8s.cloudfront.net\/assets\/common\/img\/logos\/payment\/visa@2x.png\" \/><img decoding=\"async\" class=\"lazyloaded smush-image-6 smush-image-4 smush-image-5 smush-detected-img smush-image-bigger-4\" src=\"https:\/\/d26lpennugtm8s.cloudfront.net\/assets\/common\/img\/logos\/payment\/boleto@2x.png\" width=\"43\" height=\"27\" data-src=\"https:\/\/d26lpennugtm8s.cloudfront.net\/assets\/common\/img\/logos\/payment\/boleto@2x.png\" \/><img loading=\"lazy\" decoding=\"async\" class=\"lazyloaded smush-image-7 smush-image-5 smush-image-6 smush-detected-img smush-image-bigger-5\" src=\"https:\/\/d26lpennugtm8s.cloudfront.net\/assets\/common\/img\/logos\/payment\/mastercard@2x.png\" width=\"43\" height=\"27\" data-src=\"https:\/\/d26lpennugtm8s.cloudfront.net\/assets\/common\/img\/logos\/payment\/mastercard@2x.png\" \/><img loading=\"lazy\" decoding=\"async\" class=\"lazyloaded smush-image-8 smush-image-6 smush-image-7 smush-detected-img smush-image-bigger-6\" src=\"https:\/\/d26lpennugtm8s.cloudfront.net\/assets\/common\/img\/logos\/payment\/amex@2x.png\" width=\"43\" height=\"27\" data-src=\"https:\/\/d26lpennugtm8s.cloudfront.net\/assets\/common\/img\/logos\/payment\/amex@2x.png\" \/><img loading=\"lazy\" decoding=\"async\" class=\"lazyloaded smush-image-9 smush-image-7 smush-image-8 smush-detected-img smush-image-bigger-7\" src=\"https:\/\/d26lpennugtm8s.cloudfront.net\/assets\/common\/img\/logos\/payment\/diners@2x.png\" width=\"46\" height=\"29\" data-src=\"https:\/\/d26lpennugtm8s.cloudfront.net\/assets\/common\/img\/logos\/payment\/diners@2x.png\" \/><img loading=\"lazy\" decoding=\"async\" class=\"lazyloaded smush-image-10 smush-image-8 smush-image-9 alignnone smush-detected-img smush-image-bigger-8\" src=\"https:\/\/d26lpennugtm8s.cloudfront.net\/assets\/common\/img\/logos\/payment\/br\/elo@2x.png\" alt=\"portf\u00f3lio unopar anhanguera\" width=\"45\" height=\"28\" data-src=\"https:\/\/d26lpennugtm8s.cloudfront.net\/assets\/common\/img\/logos\/payment\/br\/elo@2x.png\" \/><img loading=\"lazy\" decoding=\"async\" class=\"lazyloaded smush-image-11 smush-image-9 smush-image-10 alignnone smush-detected-img smush-image-bigger-9\" src=\"https:\/\/d26lpennugtm8s.cloudfront.net\/assets\/common\/img\/logos\/payment\/br\/hipercard@2x.png\" alt=\"portf\u00f3lio unopar anhanguera\" width=\"44\" height=\"28\" data-src=\"https:\/\/d26lpennugtm8s.cloudfront.net\/assets\/common\/img\/logos\/payment\/br\/hipercard@2x.png\" \/><img loading=\"lazy\" decoding=\"async\" class=\"lazyloaded smush-image-12 smush-image-10 smush-image-11 alignnone smush-detected-img smush-image-bigger-10\" src=\"https:\/\/d26lpennugtm8s.cloudfront.net\/assets\/common\/img\/logos\/payment\/mercadopago@2x.png\" alt=\"portf\u00f3lio unopar anhanguera\" width=\"45\" height=\"28\" data-src=\"https:\/\/d26lpennugtm8s.cloudfront.net\/assets\/common\/img\/logos\/payment\/mercadopago@2x.png\" \/><img loading=\"lazy\" decoding=\"async\" class=\"alignnone ls-is-cached lazyloaded smush-detected-img smush-image-bigger-11\" src=\"https:\/\/futurium.com.br\/wp-content\/uploads\/2021\/06\/logo-pix-icone-512.png\" alt=\"portfolio pronto\" width=\"30\" height=\"30\" data-src=\"https:\/\/futurium.com.br\/wp-content\/uploads\/2021\/06\/logo-pix-icone-512.png\" \/><\/p>\n<\/div>\n<\/div>\n","protected":false},"featured_media":47210,"template":"","meta":{"_seopress_robots_primary_cat":"","_seopress_titles_title":"","_seopress_titles_desc":"","_seopress_robots_index":""},"product_cat":[15],"product_tag":[],"class_list":{"0":"post-47209","1":"product","2":"type-product","3":"status-publish","4":"has-post-thumbnail","6":"product_cat-uncategorized","8":"first","9":"instock","10":"shipping-taxable","11":"purchasable","12":"product-type-simple","13":"col-xs-6 col-sm-4","14":"col-mf-5","15":"un-5-cols"},"jetpack_sharing_enabled":true,"_links":{"self":[{"href":"https:\/\/portifolioos-prontos.com\/index.php\/wp-json\/wp\/v2\/product\/47209","targetHints":{"allow":["GET"]}}],"collection":[{"href":"https:\/\/portifolioos-prontos.com\/index.php\/wp-json\/wp\/v2\/product"}],"about":[{"href":"https:\/\/portifolioos-prontos.com\/index.php\/wp-json\/wp\/v2\/types\/product"}],"version-history":[{"count":1,"href":"https:\/\/portifolioos-prontos.com\/index.php\/wp-json\/wp\/v2\/product\/47209\/revisions"}],"predecessor-version":[{"id":47211,"href":"https:\/\/portifolioos-prontos.com\/index.php\/wp-json\/wp\/v2\/product\/47209\/revisions\/47211"}],"wp:featuredmedia":[{"embeddable":true,"href":"https:\/\/portifolioos-prontos.com\/index.php\/wp-json\/wp\/v2\/media\/47210"}],"wp:attachment":[{"href":"https:\/\/portifolioos-prontos.com\/index.php\/wp-json\/wp\/v2\/media?parent=47209"}],"wp:term":[{"taxonomy":"product_cat","embeddable":true,"href":"https:\/\/portifolioos-prontos.com\/index.php\/wp-json\/wp\/v2\/product_cat?post=47209"},{"taxonomy":"product_tag","embeddable":true,"href":"https:\/\/portifolioos-prontos.com\/index.php\/wp-json\/wp\/v2\/product_tag?post=47209"}],"curies":[{"name":"wp","href":"https:\/\/api.w.org\/{rel}","templated":true}]}}