{"id":47245,"date":"2025-10-28T13:41:16","date_gmt":"2025-10-28T16:41:16","guid":{"rendered":"https:\/\/portifolioos-prontos.com\/?post_type=product&#038;p=47245"},"modified":"2025-10-28T13:43:53","modified_gmt":"2025-10-28T16:43:53","slug":"aula-pratica-fundamentos-de-quimica-organica-aula-1-o-atomo-de-carbono","status":"publish","type":"product","link":"https:\/\/portifolioos-prontos.com\/index.php\/product\/aula-pratica-fundamentos-de-quimica-organica-aula-1-o-atomo-de-carbono\/","title":{"rendered":"Aula Pr\u00e1tica Fundamentos de Qu\u00edmica Org\u00e2nica Aula: 1 \u2013 O \u00e1tomo de carbono"},"content":{"rendered":"<p><strong>ROTEIRO DE AULA PR\u00c1TICA<\/strong><br \/>\n<strong>NOME DA DISCIPLINA: FUNDAMENTOS DE QU\u00cdMICA ORG\u00c2NICA<\/strong><br \/>\n<strong>Unidade: 1 \u2013 INTRODU\u00c7\u00c3O \u00c0 QU\u00cdMICA ORG\u00c2NICA<\/strong><br \/>\nAula: 1 \u2013 O \u00e1tomo de carbono<br \/>\nOBJETIVOS<br \/>\n\u2713 Promover o desenvolvimento de compet\u00eancias e habilidades relacionados \u00e0 disciplina<br \/>\n\u201cFundamentos de Qu\u00edmica Org\u00e2nica\u201d;<br \/>\n\u2713 Observar as propriedades do carbono e seus derivados.<br \/>\nSOLU\u00c7\u00c3O DIGITAL<br \/>\n\u2022 Laborat\u00f3rio Virtual da ALGETEC \u2013 Observa\u00e7\u00e3o das propriedades do carbono e seus derivados<br \/>\nLINK SOLU\u00c7\u00c3O DIGITAL:<br \/>\nNeste experimento, voc\u00ea ir\u00e1 observar algumas propriedades qu\u00edmicas e f\u00edsicas do carbono e de<br \/>\nalguns de seus compostos, por meio de intera\u00e7\u00f5es com reagentes distintos.<br \/>\nPROCEDIMENTO\/ATIVIDADE<br \/>\nATIVIDADE PROPOSTA:<br \/>\nObservar as propriedades do carbono e seus derivados por meio da plataforma da ALGETEC.<br \/>\nPROCEDIMENTOS PARA A REALIZA\u00c7\u00c3O DA ATIVIDADE:<br \/>\nNessa atividade o procedimento realizado \u00e9 a \u201cObserva\u00e7\u00e3o das propriedades do carbono e seus<br \/>\nderivados\u201d por meio da plataforma ALGETEC dispon\u00edvel em seu ambiente virtual.<br \/>\nCaro estudante, na primeira etapa, voc\u00ea ir\u00e1 realizar a atividade atrav\u00e9s da plataforma da ALGETEC.<br \/>\nPara isso, siga os seguintes passos:<br \/>\n1. Acesse a plataforma da ALGETEC atrav\u00e9s de seu ambiente virtual.<br \/>\n2. Fa\u00e7a a leitura da apresenta\u00e7\u00e3o do experimento e do sum\u00e1rio te\u00f3rico da aula.<br \/>\n3. Em seguida, voc\u00ea dever\u00e1 acessar o roteiro da aula e fazer a leitura dos passos necess\u00e1rios<br \/>\npara realiza\u00e7\u00e3o do experimento, fa\u00e7a uma leitura criteriosa para que n\u00e3o fiquem d\u00favidas em<br \/>\nrela\u00e7\u00e3o a sua execu\u00e7\u00e3o.<br \/>\n3<br \/>\n4. Antes de acessar a etapa de realiza\u00e7\u00e3o do experimento, realize a atividade de pr\u00e9-aula,<br \/>\nanotando as d\u00favidas, caso elas apare\u00e7am.<br \/>\n5. Realize o experimento atrav\u00e9s da plataforma da ALGETEC, utilizando o laborat\u00f3rio<br \/>\n\u201cObserva\u00e7\u00e3o das propriedades do carbono e seus derivados\u201d de acordo com o roteiro<br \/>\ndisponibilizado, sempre anotando os pontos de d\u00favidas e os resultados encontrados no<br \/>\nexperimento.<br \/>\n6. Ao final do experimento, realizar as atividades de p\u00f3s-aula.<br \/>\nCHECKLIST:<br \/>\nPrincipais etapas para a completude da atividade pr\u00e1tica:<br \/>\n&#8211; Reflex\u00e3o sobre o perfil dos procedimentos experimentais que devem ser realizados por meio<br \/>\nda plataforma.<br \/>\n&#8211; Pesquisa sobre a fundamenta\u00e7\u00e3o te\u00f3rica dos experimentos que ser\u00e3o realizados.<br \/>\n&#8211; An\u00e1lise e interpreta\u00e7\u00e3o dos resultados obtidos.<br \/>\n&#8211; Elabora\u00e7\u00e3o de um relat\u00f3rio de aula pr\u00e1tica contendo Introdu\u00e7\u00e3o, Metodologia, Resultados e<br \/>\nConclus\u00e3o.<br \/>\n&#8211; Realiza\u00e7\u00e3o e apresenta\u00e7\u00e3o dos c\u00e1lculos experimentais, quando aplic\u00e1vel.<br \/>\nRESULTADOS<br \/>\nEntrega de um arquivo word que contemple todas as etapas da atividade pr\u00e1tica, conforme<br \/>\napresentado no checklist.<br \/>\nRESULTADOS DE APRENDIZAGEM:<br \/>\nPerceber a rela\u00e7\u00e3o entre as diferentes formas do carbono e suas propriedades.<\/p>\n<div class=\"elementor-toggle-item\">\n<p id=\"elementor-tab-title-1941\" class=\"elementor-tab-title elementor-active\" tabindex=\"0\" role=\"tab\" data-tab=\"1\" aria-controls=\"elementor-tab-content-1941\" aria-expanded=\"true\" aria-selected=\"true\"><strong>Como funciona?<\/strong><\/p>\n<p>Elaboramos os portf\u00f3lios, j\u00e1 deixamos prontos, nas normas da ABNT e conforme os requisitos da universidade. F\u00e1cil assim! O MELHOR \u00c9 QUE VOC\u00ca COMPRA E J\u00c1 BAIXA NA HORA O SEU ARQUIVO EM WORD! Sabemos que conciliar trabalho, fam\u00edlia, vida profissional e estudos \u00e9 dif\u00edcil hoje em dia, por isso, estamos aqui para ajudar voc\u00ea. Conte com nossa qualidade, experi\u00eancia e profissionalismo adquirindo seu portf\u00f3lio conosco. GARANTIMOS SEU CONCEITO!<\/p>\n<p><strong>Como se realizam os envios?<\/strong><\/p>\n<\/div>\n<p id=\"elementor-tab-content-1942\" class=\"elementor-tab-content elementor-clearfix elementor-active\" role=\"tabpanel\" data-tab=\"2\" aria-labelledby=\"elementor-tab-title-1942\">O seu trabalho \u00e9 disponibilizado pronto, respondido e nas normas j\u00e1 na mesma hora aqui em nosso site na sua \u00e1rea de downloads e tamb\u00e9m no seu e-mail.<\/p>\n<p><strong>Em quanto tempo recebo o portf\u00f3lio?<\/strong><\/p>\n<p>Os envios s\u00e3o imediatos. Ap\u00f3s sua compra, o trabalho j\u00e1 \u00e9 disponibilizado instantaneamente aqui em nosso site e no seu e-mail.<\/p>\n<p><strong>E se o portf\u00f3lio que comprei precisar de corre\u00e7\u00e3o?<\/strong><\/p>\n<p>Caso haja alguma solicita\u00e7\u00e3o de corre\u00e7\u00e3o\/altera\u00e7\u00e3o por parte do tutor, basta entrar em contato conosco pelo\u00a0WhatsApp\u00a0que provid\u00eanciaremos sem custo algum.<\/p>\n<p><strong>Qual o formato do arquivo?<\/strong><\/p>\n<p>Os arquivos s\u00e3o enviados em formato Word e s\u00e3o edit\u00e1veis.<\/p>\n<p><strong>Caso eu tiver alguma d\u00favida, terei suporte no p\u00f3s venda?<\/strong><\/p>\n<p>Sim, com certeza. Basta clicar no \u00edcone do WhatsApp no cantinho da tela. Ser\u00e1 um prazer atend\u00ea-lo(a).<\/p>\n<div id=\"elementor-tab-content-1948\" class=\"elementor-tab-content elementor-clearfix elementor-active\" role=\"tabpanel\" data-tab=\"8\" aria-labelledby=\"elementor-tab-title-1948\">\n<p><strong>Quais os seus canais de contato?<\/strong><\/p>\n<\/div>\n<div id=\"elementor-tab-content-1949\" class=\"elementor-tab-content elementor-clearfix elementor-active\" role=\"tabpanel\" data-tab=\"9\" aria-labelledby=\"elementor-tab-title-1949\">\n<p>Whatsapp: 53 984751621 \u2013 Clicar no canto da tela ou ESCANEIE O QRCODE ABAIXO<\/p>\n<h4><img decoding=\"async\" class=\"alignnone wp-image-13699 jetpack-lazy-image jetpack-lazy-image--handled\" src=\"https:\/\/i0.wp.com\/portifolioos-prontos.com\/wp-content\/uploads\/2023\/02\/whatsapp-business-projeto-de-extensao-300x300.jpeg?resize=144%2C144\" sizes=\"(max-width: 144px) 100vw, 144px\" srcset=\"https:\/\/i0.wp.com\/portifolioos-prontos.com\/wp-content\/uploads\/2023\/02\/whatsapp-business-projeto-de-extensao.jpeg?resize=300%2C301&amp;ssl=1 300w, https:\/\/i0.wp.com\/portifolioos-prontos.com\/wp-content\/uploads\/2023\/02\/whatsapp-business-projeto-de-extensao.jpeg?resize=150%2C150&amp;ssl=1 150w, https:\/\/i0.wp.com\/portifolioos-prontos.com\/wp-content\/uploads\/2023\/02\/whatsapp-business-projeto-de-extensao.jpeg?resize=370%2C372&amp;ssl=1 370w, https:\/\/i0.wp.com\/portifolioos-prontos.com\/wp-content\/uploads\/2023\/02\/whatsapp-business-projeto-de-extensao.jpeg?resize=100%2C100&amp;ssl=1 100w, https:\/\/i0.wp.com\/portifolioos-prontos.com\/wp-content\/uploads\/2023\/02\/whatsapp-business-projeto-de-extensao.jpeg?w=470&amp;ssl=1 470w\" alt=\"projeto de extens\u00e3o unopar\" width=\"144\" height=\"144\" data-lazy-loaded=\"1\" \/><\/h4>\n<\/div>\n<div class=\"elementor-toggle-item\">\n<div id=\"elementor-tab-content-1949\" class=\"elementor-tab-content elementor-clearfix elementor-active\" role=\"tabpanel\" data-tab=\"9\" aria-labelledby=\"elementor-tab-title-1949\">\n<p>E-mail:portifoliosp@gmail.com<\/p>\n<div id=\"attachment_143\" class=\"wp-caption alignnone\">\n<div id=\"attachment_143\" class=\"wp-caption alignnone\">\n<p id=\"caption-attachment-143\" class=\"wp-caption-text\"><a href=\"http:\/\/portfolio-pronto.com\/\">Portf\u00f3lio<\/a>\u00a0em Word, respondido, completo e j\u00e1 nas normas<\/p>\n<\/div>\n<\/div>\n<\/div>\n<\/div>\n","protected":false},"excerpt":{"rendered":"<div class=\"product-short-description\">\n<p><strong>Pague pelo PIX ou cart\u00e3o e fa\u00e7a o download agora mesmo.<\/strong><\/p>\n<\/div>\n<div class=\"sticky-add-to-cart-wrapper\">\n<div class=\"sticky-add-to-cart\">\n<p class=\"quantity buttons_added form-flat\"><img decoding=\"async\" class=\"lazyloaded smush-image-5 smush-image-3 smush-image-4 smush-detected-img smush-image-bigger-3\" src=\"https:\/\/d26lpennugtm8s.cloudfront.net\/assets\/common\/img\/logos\/payment\/visa@2x.png\" width=\"46\" height=\"29\" data-src=\"https:\/\/d26lpennugtm8s.cloudfront.net\/assets\/common\/img\/logos\/payment\/visa@2x.png\" \/><img decoding=\"async\" class=\"lazyloaded smush-image-6 smush-image-4 smush-image-5 smush-detected-img smush-image-bigger-4\" src=\"https:\/\/d26lpennugtm8s.cloudfront.net\/assets\/common\/img\/logos\/payment\/boleto@2x.png\" width=\"43\" height=\"27\" data-src=\"https:\/\/d26lpennugtm8s.cloudfront.net\/assets\/common\/img\/logos\/payment\/boleto@2x.png\" \/><img loading=\"lazy\" decoding=\"async\" class=\"lazyloaded smush-image-7 smush-image-5 smush-image-6 smush-detected-img smush-image-bigger-5\" src=\"https:\/\/d26lpennugtm8s.cloudfront.net\/assets\/common\/img\/logos\/payment\/mastercard@2x.png\" width=\"43\" height=\"27\" data-src=\"https:\/\/d26lpennugtm8s.cloudfront.net\/assets\/common\/img\/logos\/payment\/mastercard@2x.png\" \/><img loading=\"lazy\" decoding=\"async\" class=\"lazyloaded smush-image-8 smush-image-6 smush-image-7 smush-detected-img smush-image-bigger-6\" src=\"https:\/\/d26lpennugtm8s.cloudfront.net\/assets\/common\/img\/logos\/payment\/amex@2x.png\" width=\"43\" height=\"27\" data-src=\"https:\/\/d26lpennugtm8s.cloudfront.net\/assets\/common\/img\/logos\/payment\/amex@2x.png\" \/><img loading=\"lazy\" decoding=\"async\" class=\"lazyloaded smush-image-9 smush-image-7 smush-image-8 smush-detected-img smush-image-bigger-7\" src=\"https:\/\/d26lpennugtm8s.cloudfront.net\/assets\/common\/img\/logos\/payment\/diners@2x.png\" width=\"46\" height=\"29\" data-src=\"https:\/\/d26lpennugtm8s.cloudfront.net\/assets\/common\/img\/logos\/payment\/diners@2x.png\" \/><img loading=\"lazy\" decoding=\"async\" class=\"lazyloaded smush-image-10 smush-image-8 smush-image-9 alignnone smush-detected-img smush-image-bigger-8\" src=\"https:\/\/d26lpennugtm8s.cloudfront.net\/assets\/common\/img\/logos\/payment\/br\/elo@2x.png\" alt=\"portf\u00f3lio unopar anhanguera\" width=\"45\" height=\"28\" data-src=\"https:\/\/d26lpennugtm8s.cloudfront.net\/assets\/common\/img\/logos\/payment\/br\/elo@2x.png\" \/><img loading=\"lazy\" decoding=\"async\" class=\"lazyloaded smush-image-11 smush-image-9 smush-image-10 alignnone smush-detected-img smush-image-bigger-9\" src=\"https:\/\/d26lpennugtm8s.cloudfront.net\/assets\/common\/img\/logos\/payment\/br\/hipercard@2x.png\" alt=\"portf\u00f3lio unopar anhanguera\" width=\"44\" height=\"28\" data-src=\"https:\/\/d26lpennugtm8s.cloudfront.net\/assets\/common\/img\/logos\/payment\/br\/hipercard@2x.png\" \/><img loading=\"lazy\" decoding=\"async\" class=\"lazyloaded smush-image-12 smush-image-10 smush-image-11 alignnone smush-detected-img smush-image-bigger-10\" src=\"https:\/\/d26lpennugtm8s.cloudfront.net\/assets\/common\/img\/logos\/payment\/mercadopago@2x.png\" alt=\"portf\u00f3lio unopar anhanguera\" width=\"45\" height=\"28\" data-src=\"https:\/\/d26lpennugtm8s.cloudfront.net\/assets\/common\/img\/logos\/payment\/mercadopago@2x.png\" \/><img loading=\"lazy\" decoding=\"async\" class=\"alignnone ls-is-cached lazyloaded smush-detected-img smush-image-bigger-11\" src=\"https:\/\/futurium.com.br\/wp-content\/uploads\/2021\/06\/logo-pix-icone-512.png\" alt=\"portfolio pronto\" width=\"30\" height=\"30\" data-src=\"https:\/\/futurium.com.br\/wp-content\/uploads\/2021\/06\/logo-pix-icone-512.png\" \/><\/p>\n<\/div>\n<\/div>\n","protected":false},"featured_media":47244,"template":"","meta":{"_seopress_robots_primary_cat":"","_seopress_titles_title":"","_seopress_titles_desc":"","_seopress_robots_index":""},"product_cat":[15],"product_tag":[],"class_list":{"0":"post-47245","1":"product","2":"type-product","3":"status-publish","4":"has-post-thumbnail","6":"product_cat-uncategorized","8":"first","9":"instock","10":"downloadable","11":"virtual","12":"purchasable","13":"product-type-simple","14":"col-xs-6 col-sm-4","15":"col-mf-5","16":"un-5-cols"},"jetpack_sharing_enabled":true,"_links":{"self":[{"href":"https:\/\/portifolioos-prontos.com\/index.php\/wp-json\/wp\/v2\/product\/47245","targetHints":{"allow":["GET"]}}],"collection":[{"href":"https:\/\/portifolioos-prontos.com\/index.php\/wp-json\/wp\/v2\/product"}],"about":[{"href":"https:\/\/portifolioos-prontos.com\/index.php\/wp-json\/wp\/v2\/types\/product"}],"version-history":[{"count":1,"href":"https:\/\/portifolioos-prontos.com\/index.php\/wp-json\/wp\/v2\/product\/47245\/revisions"}],"predecessor-version":[{"id":47247,"href":"https:\/\/portifolioos-prontos.com\/index.php\/wp-json\/wp\/v2\/product\/47245\/revisions\/47247"}],"wp:featuredmedia":[{"embeddable":true,"href":"https:\/\/portifolioos-prontos.com\/index.php\/wp-json\/wp\/v2\/media\/47244"}],"wp:attachment":[{"href":"https:\/\/portifolioos-prontos.com\/index.php\/wp-json\/wp\/v2\/media?parent=47245"}],"wp:term":[{"taxonomy":"product_cat","embeddable":true,"href":"https:\/\/portifolioos-prontos.com\/index.php\/wp-json\/wp\/v2\/product_cat?post=47245"},{"taxonomy":"product_tag","embeddable":true,"href":"https:\/\/portifolioos-prontos.com\/index.php\/wp-json\/wp\/v2\/product_tag?post=47245"}],"curies":[{"name":"wp","href":"https:\/\/api.w.org\/{rel}","templated":true}]}}