{"id":47427,"date":"2025-10-30T08:52:39","date_gmt":"2025-10-30T11:52:39","guid":{"rendered":"https:\/\/portifolioos-prontos.com\/?post_type=product&#038;p=47427"},"modified":"2025-10-30T08:52:39","modified_gmt":"2025-10-30T11:52:39","slug":"estagio-supervisionado-em-analises-clinicas","status":"publish","type":"product","link":"https:\/\/portifolioos-prontos.com\/index.php\/product\/estagio-supervisionado-em-analises-clinicas\/","title":{"rendered":"Est\u00e1gio supervisionado em An\u00e1lises Cl\u00ednicas"},"content":{"rendered":"<p><strong>Est\u00e1gio Supervisionado em An\u00e1lises Cl\u00ednicas<\/strong><\/p>\n<p><strong>Curso: Farm\u00e1cia<\/strong><\/p>\n<p><strong>CARGA HOR\u00c1RIA: 240 HORAS<\/strong><\/p>\n<hr \/>\n<p>ANEXO III \u2013 ROTEIRO PARA ELABORA\u00c7\u00c3O DO RELAT\u00d3RIO DE EST\u00c1GIO<br \/>\nO RELAT\u00d3RIO DE EST\u00c1GIO \u00c9 INDIVIDUAL<br \/>\n1.CAPA<br \/>\nInstitui\u00e7\u00e3o a que pertence o aluno<br \/>\nT\u00edtulo do relat\u00f3rio<br \/>\nNome completo do aluno<br \/>\nCidade, ano<br \/>\n2.FOLHA DE ROSTO<br \/>\nInstitui\u00e7\u00e3o de onde prov\u00e9m o relat\u00f3rio<br \/>\nNome completo do aluno<br \/>\nNome do coordenador do curso<br \/>\nNome do preceptor<br \/>\n3.SUM\u00c1RIO<br \/>\nAssuntos com respectivas pagina\u00e7\u00f5es<br \/>\n4.APRESENTA\u00c7\u00c3O<br \/>\nInserir as informa\u00e7\u00f5es gerais sobre o est\u00e1gio:<br \/>\n\u2713 Curso<br \/>\n\u2713 Disciplina<br \/>\n\u2713 Local de realiza\u00e7\u00e3o do est\u00e1gio<br \/>\n\u2713 \u00c1rea do campo de est\u00e1gio<br \/>\n\u2713 Objetivos do est\u00e1gio<br \/>\n\u2713 Data inicial do est\u00e1gio<br \/>\n\u2713 Data final do est\u00e1gio<br \/>\n\u2713 Carga-hor\u00e1ria<br \/>\nFarm\u00e1cia<br \/>\n5. INTRODU\u00c7\u00c3O: Descrever o servi\u00e7o de farm\u00e1cia dentro do respectivo est\u00e1gio<a href=\"https:\/\/www.portfoliopronto.com\/\">.<\/a><br \/>\nP\u00fablico<br \/>\nEst\u00e1gio Supervisionado em<br \/>\nAn\u00e1lises Cl\u00ednicas<br \/>\nFarm\u00e1cia<br \/>\n6. ATIVIDADE DO ESTAGI\u00c1RIO: Descrever todas as atividades realizadas na<br \/>\nrotina di\u00e1ria do estagi\u00e1rio em forma de di\u00e1rio (importante: os dias devem ser os<br \/>\nmesmos dos apresentados na ficha de acompanhamento).<br \/>\n7. TEORIA EM PR\u00c1TICA: desenvolver o estudo de caso abaixo:<br \/>\nA Labslin An\u00e1lises Diagn\u00f3sticas Ltda., um laborat\u00f3rio de m\u00e9dio porte localizado<br \/>\nem diversas cidades do pa\u00eds. Em uma de suas unidades atende diariamente<br \/>\ncerca de 250 pacientes para coletas de exames laboratoriais, incluindo an\u00e1lises<br \/>\nbioqu\u00edmicas, hematol\u00f3gicas, urin\u00e1lise, microbiol\u00f3gicas e sorol\u00f3gicas.<br \/>\nO laborat\u00f3rio \u00e9 acreditado pelo DICQ-SBAC (Sistema Nacional de Acredita\u00e7\u00e3o<br \/>\nda Qualidade para Laborat\u00f3rios Cl\u00ednicos) e conta com uma equipe<br \/>\nmultiprofissional, composta por biom\u00e9dicos, farmac\u00eauticos, t\u00e9cnicos de<br \/>\nlaborat\u00f3rio, enfermeiros e auxiliares administrativos.<br \/>\nAtuando h\u00e1 12 anos na cidade, o laborat\u00f3rio mant\u00e9m conv\u00eanios com cl\u00ednicas<br \/>\nm\u00e9dicas, empresas e operadoras de planos de sa\u00fade.<br \/>\nAtualmente, a equipe t\u00e9cnica enfrenta alguns desafios que t\u00eam impactado a<br \/>\nrotina e a seguran\u00e7a laboratorial:<br \/>\nProblemas identificados:<br \/>\n\u2022 Alto \u00edndice de n\u00e3o conformidades no setor de pr\u00e9-anal\u00edtico, especialmente<br \/>\nna identifica\u00e7\u00e3o inadequada de amostras e erro na solicita\u00e7\u00e3o de exames.<br \/>\n\u2022 Desorganiza\u00e7\u00e3o na rotina de controle de estoque de reagentes e<br \/>\nmateriais de coleta, com aus\u00eancia de registro de validade e falta de<br \/>\nconfer\u00eancia de temperatura na estocagem.<br \/>\n\u2022 Pouca ades\u00e3o dos pacientes a orienta\u00e7\u00f5es de preparo para exames, o<br \/>\nque afeta a validade de resultados (ex.: pacientes que n\u00e3o respeitam<br \/>\njejum, uso de medicamentos ou coleta em hor\u00e1rio inadequado).<br \/>\nDesta forma, considere ser o respons\u00e1vel t\u00e9cnico farmac\u00eautico (a) da<br \/>\nunidade e desenvolva os seguintes desafios:<br \/>\nDesafio 1 \u2013 Plano de Interven\u00e7\u00e3o para Redu\u00e7\u00e3o de N\u00e3o Conformidades no Setor<br \/>\nPr\u00e9-Anal\u00edtico<br \/>\nAtividade:<br \/>\nDesenvolver um plano de a\u00e7\u00f5es corretivas e preventivas para reduzir falhas no<br \/>\nsetor pr\u00e9-anal\u00edtico, com foco na identifica\u00e7\u00e3o correta de amostras, confer\u00eancia<br \/>\nde requisi\u00e7\u00f5es de exames e preparo adequado dos pacientes antes da coleta,<br \/>\ncontemplando:<br \/>\nP\u00fablico<br \/>\n\u2022 Um fluxograma da rotina de identifica\u00e7\u00e3o e confer\u00eancia de amostras.<br \/>\nEst\u00e1gio Supervisionado em<br \/>\nAn\u00e1lises Cl\u00ednicas<br \/>\n\u2022 Um checklist de confer\u00eancia de requisi\u00e7\u00f5es e preparo pr\u00e9-coleta.<br \/>\nO aluno dever\u00e1 apresentar esses materiais no relat\u00f3rio, indicando como eles<br \/>\npodem contribuir para a redu\u00e7\u00e3o de erros no setor.<br \/>\nDesafio 2 \u2013 Controle de Estoque de Insumos e Reagentes<br \/>\nO farmac\u00eautico cl\u00ednico, no ambiente laboratorial, tem entre suas atribui\u00e7\u00f5es<br \/>\ngarantir a adequada rastreabilidade, conserva\u00e7\u00e3o, controle de validade e uso<br \/>\nracional dos insumos e reagentes, prevenindo desperd\u00edcios, o uso de materiais<br \/>\nvencidos e poss\u00edveis falhas anal\u00edticas.<br \/>\nDiante disso, elabore um Procedimento Operacional Padr\u00e3o (POP) para o<br \/>\ncontrole de estoque de insumos e reagentes de an\u00e1lises cl\u00ednicas, contemplando<br \/>\norienta\u00e7\u00f5es para:<br \/>\n\u2022 Recebimento e confer\u00eancia de materiais.<br \/>\n\u2022 Registro e armazenamento adequado.<br \/>\n\u2022 Controle de validade e prazo p\u00f3s-abertura.<br \/>\n\u2022 Procedimentos para controle de temperatura (quando aplic\u00e1vel).<br \/>\n\u2022 Registro de sa\u00eddas e invent\u00e1rio peri\u00f3dico.<br \/>\nO POP dever\u00e1 ser apresentado no relat\u00f3rio de est\u00e1gio, organizado em formato<br \/>\nt\u00e9cnico, contendo identifica\u00e7\u00e3o, objetivo, responsabilidades, procedimentos e<br \/>\nanexos,<br \/>\nse<br \/>\nFarm\u00e1cia<br \/>\nnecess\u00e1rio.<br \/>\nDesafio 3 \u2013 Orienta\u00e7\u00e3o Educativa para Pacientes<br \/>\nAtividade:<br \/>\nElaborar um material educativo acess\u00edvel e objetivo, contendo informa\u00e7\u00f5es sobre<br \/>\npreparo adequado para exames laboratoriais, com a finalidade de melhorar a<br \/>\nades\u00e3o dos pacientes \u00e0s orienta\u00e7\u00f5es e reduzir erros pr\u00e9-anal\u00edticos. Contendo<br \/>\norienta\u00e7\u00f5es sobre:<br \/>\n\u2022 Jejum.<br \/>\n\u2022 Uso de medicamentos.<br \/>\n\u2022 Hor\u00e1rio de coleta.<br \/>\n\u2022 Cuidados espec\u00edficos para exames de urina, fezes e sangue.<br \/>\nO texto dever\u00e1 ser apresentado como proposta de material educativo para<br \/>\nmelhorar a ades\u00e3o dos pacientes \u00e0s orienta\u00e7\u00f5es laboratoriais.<br \/>\nLembre-se de que cada desafio enfrentado durante o est\u00e1gio \u00e9<br \/>\nP\u00fablico<br \/>\nEst\u00e1gio Supervisionado em<br \/>\nAn\u00e1lises Cl\u00ednicas<br \/>\numa oportunidade para ampliar seus conhecimentos, fortalecer suas habilidades<br \/>\ne fazer a diferen\u00e7a no campo da farm\u00e1cia. A Farm\u00e1cia e as An\u00e1lises Cl\u00ednicas s\u00e3o<br \/>\nespa\u00e7os estrat\u00e9gicos para promover sa\u00fade, seguran\u00e7a e qualidade de vida, e<br \/>\nvoc\u00eas, como futuros farmac\u00eauticos, t\u00eam o poder de transformar realidades.<br \/>\nFarm\u00e1cia<br \/>\nEncarem este estudo de caso como um passo importante na<br \/>\nconstru\u00e7\u00e3o de suas carreiras e como uma chance de impactar positivamente a<br \/>\nvida das pessoas. A dedica\u00e7\u00e3o, a criatividade e o compromisso que voc\u00eas<br \/>\ndemonstrarem agora refletir\u00e3o nos profissionais excepcionais que voc\u00eas est\u00e3o<br \/>\nse tornando.<br \/>\nMantenham o foco, a confian\u00e7a e o entusiasmo para alcan\u00e7ar os<br \/>\nmelhores resultados, bons estudos!<br \/>\n8. TERMO DE VALIDA\u00c7\u00c3O DO RELAT\u00d3RIO: Inserir os dados, assinar e coletar<br \/>\na assinatura do preceptor.<br \/>\n9. CONSIDERA\u00c7\u00d5ES FINAIS: Destacar a import\u00e2ncia do est\u00e1gio na forma\u00e7\u00e3o<br \/>\ndo Farmac\u00eautico.<br \/>\n10. REFER\u00caNCIAS<\/p>\n<p>Est\u00e1gio supervisionado em An\u00e1lises Cl\u00ednicas<\/p>\n<div class=\"elementor-toggle-item\">\n<p id=\"elementor-tab-title-1941\" class=\"elementor-tab-title elementor-active\" tabindex=\"0\" role=\"tab\" data-tab=\"1\" aria-controls=\"elementor-tab-content-1941\" aria-expanded=\"true\" aria-selected=\"true\"><strong>Como funciona?<\/strong><\/p>\n<p>Elaboramos os portf\u00f3lios, j\u00e1 deixamos prontos, nas normas da ABNT e conforme os requisitos da universidade. F\u00e1cil assim! O MELHOR \u00c9 QUE VOC\u00ca COMPRA E J\u00c1 BAIXA NA HORA O SEU ARQUIVO EM WORD! Sabemos que conciliar trabalho, fam\u00edlia, vida profissional e estudos \u00e9 dif\u00edcil hoje em dia, por isso, estamos aqui para ajudar voc\u00ea. Conte com nossa qualidade, experi\u00eancia e profissionalismo adquirindo seu portf\u00f3lio conosco. GARANTIMOS SEU CONCEITO!<\/p>\n<p><strong>Como se realizam os envios?<\/strong><\/p>\n<\/div>\n<p id=\"elementor-tab-content-1942\" class=\"elementor-tab-content elementor-clearfix elementor-active\" role=\"tabpanel\" data-tab=\"2\" aria-labelledby=\"elementor-tab-title-1942\">O seu trabalho \u00e9 disponibilizado pronto, respondido e nas normas j\u00e1 na mesma hora aqui em nosso site na sua \u00e1rea de downloads e tamb\u00e9m no seu e-mail.<\/p>\n<p><strong>Em quanto tempo recebo o portf\u00f3lio?<\/strong><\/p>\n<p>Os envios s\u00e3o imediatos. Ap\u00f3s sua compra, o trabalho j\u00e1 \u00e9 disponibilizado instantaneamente aqui em nosso site e no seu e-mail.<\/p>\n<p><strong>E se o portf\u00f3lio que comprei precisar de corre\u00e7\u00e3o?<\/strong><\/p>\n<p>Caso haja alguma solicita\u00e7\u00e3o de corre\u00e7\u00e3o\/altera\u00e7\u00e3o por parte do tutor, basta entrar em contato conosco pelo\u00a0WhatsApp\u00a0que provid\u00eanciaremos sem custo algum.<\/p>\n<p><strong>Qual o formato do arquivo?<\/strong><\/p>\n<p>Os arquivos s\u00e3o enviados em formato Word e s\u00e3o edit\u00e1veis.<\/p>\n<p><strong>Caso eu tiver alguma d\u00favida, terei suporte no p\u00f3s venda?<\/strong><\/p>\n<p>Sim, com certeza. Basta clicar no \u00edcone do WhatsApp no cantinho da tela. Ser\u00e1 um prazer atend\u00ea-lo(a).<\/p>\n<div id=\"elementor-tab-content-1948\" class=\"elementor-tab-content elementor-clearfix elementor-active\" role=\"tabpanel\" data-tab=\"8\" aria-labelledby=\"elementor-tab-title-1948\">\n<p><strong>Quais os seus canais de contato?<\/strong><\/p>\n<\/div>\n<div id=\"elementor-tab-content-1949\" class=\"elementor-tab-content elementor-clearfix elementor-active\" role=\"tabpanel\" data-tab=\"9\" aria-labelledby=\"elementor-tab-title-1949\">\n<p>Whatsapp: 53 984751621 \u2013 Clicar no canto da tela ou ESCANEIE O QRCODE ABAIXO<\/p>\n<h4><img decoding=\"async\" class=\"alignnone wp-image-13699 jetpack-lazy-image jetpack-lazy-image--handled\" src=\"https:\/\/i0.wp.com\/portifolioos-prontos.com\/wp-content\/uploads\/2023\/02\/whatsapp-business-projeto-de-extensao-300x300.jpeg?resize=144%2C144\" sizes=\"(max-width: 144px) 100vw, 144px\" srcset=\"https:\/\/i0.wp.com\/portifolioos-prontos.com\/wp-content\/uploads\/2023\/02\/whatsapp-business-projeto-de-extensao.jpeg?resize=300%2C301&amp;ssl=1 300w, https:\/\/i0.wp.com\/portifolioos-prontos.com\/wp-content\/uploads\/2023\/02\/whatsapp-business-projeto-de-extensao.jpeg?resize=150%2C150&amp;ssl=1 150w, https:\/\/i0.wp.com\/portifolioos-prontos.com\/wp-content\/uploads\/2023\/02\/whatsapp-business-projeto-de-extensao.jpeg?resize=370%2C372&amp;ssl=1 370w, https:\/\/i0.wp.com\/portifolioos-prontos.com\/wp-content\/uploads\/2023\/02\/whatsapp-business-projeto-de-extensao.jpeg?resize=100%2C100&amp;ssl=1 100w, https:\/\/i0.wp.com\/portifolioos-prontos.com\/wp-content\/uploads\/2023\/02\/whatsapp-business-projeto-de-extensao.jpeg?w=470&amp;ssl=1 470w\" alt=\"projeto de extens\u00e3o unopar\" width=\"144\" height=\"144\" data-lazy-loaded=\"1\" \/><\/h4>\n<\/div>\n<div class=\"elementor-toggle-item\">\n<div id=\"elementor-tab-content-1949\" class=\"elementor-tab-content elementor-clearfix elementor-active\" role=\"tabpanel\" data-tab=\"9\" aria-labelledby=\"elementor-tab-title-1949\">\n<p>E-mail:portifoliosp@gmail.com<\/p>\n<div id=\"attachment_143\" class=\"wp-caption alignnone\">\n<div id=\"attachment_143\" class=\"wp-caption alignnone\">\n<p id=\"caption-attachment-143\" class=\"wp-caption-text\"><a href=\"http:\/\/portfolio-pronto.com\/\">Portf\u00f3lio<\/a>\u00a0em Word, respondido, completo e j\u00e1 nas normas<\/p>\n<\/div>\n<\/div>\n<\/div>\n<\/div>\n","protected":false},"excerpt":{"rendered":"<div class=\"product-short-description\">\n<p><strong>Pague pelo PIX ou cart\u00e3o e fa\u00e7a o download agora mesmo.<\/strong><\/p>\n<\/div>\n<div class=\"sticky-add-to-cart-wrapper\">\n<div class=\"sticky-add-to-cart\">\n<p class=\"quantity buttons_added form-flat\"><img decoding=\"async\" class=\"lazyloaded smush-image-5 smush-image-3 smush-image-4 smush-detected-img smush-image-bigger-3\" src=\"https:\/\/d26lpennugtm8s.cloudfront.net\/assets\/common\/img\/logos\/payment\/visa@2x.png\" width=\"46\" height=\"29\" data-src=\"https:\/\/d26lpennugtm8s.cloudfront.net\/assets\/common\/img\/logos\/payment\/visa@2x.png\" \/><img decoding=\"async\" class=\"lazyloaded smush-image-6 smush-image-4 smush-image-5 smush-detected-img smush-image-bigger-4\" src=\"https:\/\/d26lpennugtm8s.cloudfront.net\/assets\/common\/img\/logos\/payment\/boleto@2x.png\" width=\"43\" height=\"27\" data-src=\"https:\/\/d26lpennugtm8s.cloudfront.net\/assets\/common\/img\/logos\/payment\/boleto@2x.png\" \/><img loading=\"lazy\" decoding=\"async\" class=\"lazyloaded smush-image-7 smush-image-5 smush-image-6 smush-detected-img smush-image-bigger-5\" src=\"https:\/\/d26lpennugtm8s.cloudfront.net\/assets\/common\/img\/logos\/payment\/mastercard@2x.png\" width=\"43\" height=\"27\" data-src=\"https:\/\/d26lpennugtm8s.cloudfront.net\/assets\/common\/img\/logos\/payment\/mastercard@2x.png\" \/><img loading=\"lazy\" decoding=\"async\" class=\"lazyloaded smush-image-8 smush-image-6 smush-image-7 smush-detected-img smush-image-bigger-6\" src=\"https:\/\/d26lpennugtm8s.cloudfront.net\/assets\/common\/img\/logos\/payment\/amex@2x.png\" width=\"43\" height=\"27\" data-src=\"https:\/\/d26lpennugtm8s.cloudfront.net\/assets\/common\/img\/logos\/payment\/amex@2x.png\" \/><img loading=\"lazy\" decoding=\"async\" class=\"lazyloaded smush-image-9 smush-image-7 smush-image-8 smush-detected-img smush-image-bigger-7\" src=\"https:\/\/d26lpennugtm8s.cloudfront.net\/assets\/common\/img\/logos\/payment\/diners@2x.png\" width=\"46\" height=\"29\" data-src=\"https:\/\/d26lpennugtm8s.cloudfront.net\/assets\/common\/img\/logos\/payment\/diners@2x.png\" \/><img loading=\"lazy\" decoding=\"async\" class=\"lazyloaded smush-image-10 smush-image-8 smush-image-9 alignnone smush-detected-img smush-image-bigger-8\" src=\"https:\/\/d26lpennugtm8s.cloudfront.net\/assets\/common\/img\/logos\/payment\/br\/elo@2x.png\" alt=\"portf\u00f3lio unopar anhanguera\" width=\"45\" height=\"28\" data-src=\"https:\/\/d26lpennugtm8s.cloudfront.net\/assets\/common\/img\/logos\/payment\/br\/elo@2x.png\" \/><img loading=\"lazy\" decoding=\"async\" class=\"lazyloaded smush-image-11 smush-image-9 smush-image-10 alignnone smush-detected-img smush-image-bigger-9\" src=\"https:\/\/d26lpennugtm8s.cloudfront.net\/assets\/common\/img\/logos\/payment\/br\/hipercard@2x.png\" alt=\"portf\u00f3lio unopar anhanguera\" width=\"44\" height=\"28\" data-src=\"https:\/\/d26lpennugtm8s.cloudfront.net\/assets\/common\/img\/logos\/payment\/br\/hipercard@2x.png\" \/><img loading=\"lazy\" decoding=\"async\" class=\"lazyloaded smush-image-12 smush-image-10 smush-image-11 alignnone smush-detected-img smush-image-bigger-10\" src=\"https:\/\/d26lpennugtm8s.cloudfront.net\/assets\/common\/img\/logos\/payment\/mercadopago@2x.png\" alt=\"portf\u00f3lio unopar anhanguera\" width=\"45\" height=\"28\" data-src=\"https:\/\/d26lpennugtm8s.cloudfront.net\/assets\/common\/img\/logos\/payment\/mercadopago@2x.png\" \/><img loading=\"lazy\" decoding=\"async\" class=\"alignnone lazyloaded smush-detected-img smush-image-bigger-11\" src=\"https:\/\/futurium.com.br\/wp-content\/uploads\/2021\/06\/logo-pix-icone-512.png\" alt=\"portfolio pronto\" width=\"30\" height=\"30\" data-src=\"https:\/\/futurium.com.br\/wp-content\/uploads\/2021\/06\/logo-pix-icone-512.png\" \/><\/p>\n<\/div>\n<\/div>\n","protected":false},"featured_media":47430,"template":"","meta":{"_seopress_robots_primary_cat":"","_seopress_titles_title":"","_seopress_titles_desc":"","_seopress_robots_index":""},"product_cat":[30],"product_tag":[],"class_list":{"0":"post-47427","1":"product","2":"type-product","3":"status-publish","4":"has-post-thumbnail","6":"product_cat-farmacia","8":"first","9":"instock","10":"shipping-taxable","11":"purchasable","12":"product-type-simple","13":"col-xs-6 col-sm-4","14":"col-mf-5","15":"un-5-cols"},"jetpack_sharing_enabled":true,"_links":{"self":[{"href":"https:\/\/portifolioos-prontos.com\/index.php\/wp-json\/wp\/v2\/product\/47427","targetHints":{"allow":["GET"]}}],"collection":[{"href":"https:\/\/portifolioos-prontos.com\/index.php\/wp-json\/wp\/v2\/product"}],"about":[{"href":"https:\/\/portifolioos-prontos.com\/index.php\/wp-json\/wp\/v2\/types\/product"}],"version-history":[{"count":1,"href":"https:\/\/portifolioos-prontos.com\/index.php\/wp-json\/wp\/v2\/product\/47427\/revisions"}],"predecessor-version":[{"id":47431,"href":"https:\/\/portifolioos-prontos.com\/index.php\/wp-json\/wp\/v2\/product\/47427\/revisions\/47431"}],"wp:featuredmedia":[{"embeddable":true,"href":"https:\/\/portifolioos-prontos.com\/index.php\/wp-json\/wp\/v2\/media\/47430"}],"wp:attachment":[{"href":"https:\/\/portifolioos-prontos.com\/index.php\/wp-json\/wp\/v2\/media?parent=47427"}],"wp:term":[{"taxonomy":"product_cat","embeddable":true,"href":"https:\/\/portifolioos-prontos.com\/index.php\/wp-json\/wp\/v2\/product_cat?post=47427"},{"taxonomy":"product_tag","embeddable":true,"href":"https:\/\/portifolioos-prontos.com\/index.php\/wp-json\/wp\/v2\/product_tag?post=47427"}],"curies":[{"name":"wp","href":"https:\/\/api.w.org\/{rel}","templated":true}]}}