{"id":47985,"date":"2025-11-04T15:53:46","date_gmt":"2025-11-04T18:53:46","guid":{"rendered":"https:\/\/portifolioos-prontos.com\/?post_type=product&#038;p=47985"},"modified":"2025-11-04T15:53:46","modified_gmt":"2025-11-04T18:53:46","slug":"projeto-integrado-sintese-mediacao","status":"publish","type":"product","link":"https:\/\/portifolioos-prontos.com\/index.php\/product\/projeto-integrado-sintese-mediacao\/","title":{"rendered":"Projeto Integrado S\u00edntese \u2013 Media\u00e7\u00e3o"},"content":{"rendered":"<p><strong>Projeto Integrado S\u00edntese \u2013 Media\u00e7\u00e3o<\/strong><\/p>\n<p>Roteiro do Projeto Integrado S\u00edntese CST em Gest\u00e3o<br \/>\nA proposta do Projeto Integrado S\u00edntese ter\u00e1 como tem\u00e1tica \u2013 An\u00e1lises Gerais e Fundamentais dos Aspectos de Gest\u00e3o P\u00fablica de Crise, Procedimentos de Direito P\u00fablico, Investiga\u00e7\u00f5es C\u00edveis e Criminais no Contexto da Pandemia COVID-19 (novo coronav\u00edrus)<br \/>\n(Sars-Cov-2), COM BASE NA CPI \u2013 COMISS\u00c3O PARLAMENTAR DE INQU\u00c9RITO, REALIZADA PELO<br \/>\nSENADO FEDERAL BRASILEIRO.PROJETO INTEGRADO<br \/>\nEscolhemos essa tem\u00e1tica para possibilitar a aprendizagem interdisciplinar dos conte\u00fados<br \/>\ndesenvolvidos nas disciplinas deste semestre e, tamb\u00e9m, para que voc\u00ea estudante possa consolidar<br \/>\num conte\u00fado recente no cotidiano mundial e brasileiro sobre os aspectos legais, que envolvem \u00e1reas<br \/>\nespec\u00edficas de Direito P\u00fablico, Gest\u00e3o de Crise, Procedimentos C\u00edveis e Criminais.<br \/>\nA OMS \u2013 Organiza\u00e7\u00e3o Mundial de Sa\u00fade, por meio de seu Diretor Geral \u2013 Tedros Adhanom,<br \/>\ndecretou em 11 de mar\u00e7o de 2020, a Pandemia COVID-19, haja vista, o elevado estado de<br \/>\ncontamina\u00e7\u00e3o causado pelo novo coronav\u00edrus (Sars-Cov-2).<br \/>\nEfetivamente, a partir de 11\/03\/2020 tudo mudou. A sociedade, as institui\u00e7\u00f5es p\u00fablicas e<br \/>\nprivadas, os relacionamentos sociais, j\u00e1 n\u00e3o seriam mais os mesmos. A pandemia trouxe debates dos<br \/>\nmais variados prismas, e que, impactaram a ordem social, legislativa e jur\u00eddica do Brasil.<br \/>\nA reflex\u00e3o cr\u00edtico-jur\u00eddica que se pretende realizar, ser\u00e1 balizada pelo Relat\u00f3rio Final da<br \/>\nComiss\u00e3o Parlamentar de Inqu\u00e9rito da Pandemia, instru\u00edda pelos requerimentos n. 1.371 e 1.372, de<br \/>\n2021 \u2013 Congresso Nacional \u2013 Senado Federal Brasileiro (Dispon\u00edvel em:<br \/>\n<a href=\"https:\/\/legis.senado.leg.br\/comissoes\/mnas?codcol=2441&amp;tp=4\" rel=\"nofollow\">https:\/\/legis.senado.leg.br\/comissoes\/mnas?codcol=2441&amp;tp=4<\/a>\u00a0\u2013 Acesso em 28\/11\/2023), e outros<br \/>\ntextos pertinentes ao assunto.<br \/>\nDesfazendo-se de qualquer cunho pol\u00edtico-ideol\u00f3gico que o tema possa trazer, a \u00fanica<br \/>\ninten\u00e7\u00e3o desse estudo cr\u00edtico-jur\u00eddico, \u00e9 aprofundar as an\u00e1lises e fundamentos de base jur\u00eddica,<br \/>\nproporcionando ao estudante um levantamento dos dados e conte\u00fados inerentes ao seu curso, e o<br \/>\ndesenvolvimento do conhecimento que ser\u00e1 oportunizado de forma interdisciplinar, consoante os<br \/>\nencontros s\u00edncronos e ass\u00edncronos no decorrer do curso.<br \/>\nORIENTA\u00c7\u00d5ES DA PRODU\u00c7\u00c3O TEXTUAL<br \/>\nLeitura e interpreta\u00e7\u00e3o da SGA<br \/>\nPor meio da leitura da SGA \u2013 Situa\u00e7\u00e3o Geradora de Aprendizagem e, tamb\u00e9m, da SP \u2013 Situa\u00e7\u00e3o<br \/>\nProblema destacada, voc\u00ea estudante, deve elaborar uma produ\u00e7\u00e3o textual, com respaldo te\u00f3rico nas<br \/>\ndisciplinas que foram cursadas ao longo deste semestre.<\/p>\n<p>Projeto Integrado S\u00edntese todos os Cursos de CST em Gest\u00e3o -An\u00e1lises Gerais e Fundamentais dos Aspectos de Gest\u00e3o P\u00fablica<br \/>\nSITUA\u00c7\u00c3O GERADORA DE APRENDIZAGEM (SGA)<br \/>\n\u00c9 necess\u00e1rio assinalar a import\u00e2ncia e o fundamento legal de uma CPI \u2013 Comiss\u00e3o Parlamentar<br \/>\nde Inqu\u00e9rito, independentemente do assunto que ser\u00e1 tratado na investiga\u00e7\u00e3o.<br \/>\nConforme artigo 58, par\u00e1grafo 3\u00ba, da Constitui\u00e7\u00e3o Federal de 1988:<br \/>\nArt. 58. O Congresso Nacional e suas Casas ter\u00e3o comiss\u00f5es permanentes e<br \/>\ntempor\u00e1rias, constitu\u00eddas na forma e com as atribui\u00e7\u00f5es previstas no respectivo<br \/>\nregimento ou no ato de que resultar sua cria\u00e7\u00e3o.<br \/>\n\u00a7 3\u00ba As comiss\u00f5es parlamentares de inqu\u00e9rito, que ter\u00e3o poderes de investiga\u00e7\u00e3o<br \/>\npr\u00f3prios das autoridades judiciais, al\u00e9m de outros previstos nos regimentos das<br \/>\nrespectivas Casas, ser\u00e3o criadas pela C\u00e2mara dos Deputados e pelo Senado Federal,<br \/>\nem conjunto ou separadamente, mediante requerimento de um ter\u00e7o de seus<br \/>\nmembros, para a apura\u00e7\u00e3o de fato determinado e por prazo certo, sendo suas<br \/>\nconclus\u00f5es, se for o caso, encaminhadas ao Minist\u00e9rio P\u00fablico, para que promova a<br \/>\nresponsabilidade civil ou criminal dos infratores.<br \/>\n<a href=\"https:\/\/www.planalto.gov.br\/ccivil_03\/constituicao\/constituicao.htm\" rel=\"nofollow\">https:\/\/www.planalto.gov.br\/ccivil_03\/constituicao\/constituicao.htm<\/a>\u00a0Acesso em<br \/>\n28\/11\/2023<br \/>\nAssim, as CPIs s\u00e3o Comiss\u00f5es tempor\u00e1rias, designadas a desenvolver o papel de investiga\u00e7\u00e3o<br \/>\nde poss\u00edveis crimes cometidos por integrantes do Poder Executivo, e que envolvam outros Poderes<br \/>\nda Rep\u00fablica, Institui\u00e7\u00f5es P\u00fablicas e Privadas, bem como pessoas f\u00edsicas e jur\u00eddicas, possuindo as CPIs<br \/>\npoder de investiga\u00e7\u00e3o pr\u00f3prios.<br \/>\nNo caso em quest\u00e3o, a CPI do COVID \u2013 19, buscou investigar in\u00fameros crimes que pudessem<br \/>\nter sido cometidos pelos atores a serem investigados e supostamente envolvidos, conforme<br \/>\nmenciona o par\u00e1grafo anterior. Assim, elencamos alguns crimes a serem verificados no presente<br \/>\nProjeto Integrado, como segue abaixo<br \/>\n<a href=\"https:\/\/legis.senado.leg.br\/comissoes\/mnas?codcol=2441&amp;tp=4\" rel=\"nofollow\">https:\/\/legis.senado.leg.br\/comissoes\/mnas?codcol=2441&amp;tp=4<\/a>\u00a0\u2013 Acesso em 28\/11\/2023:<br \/>\n1 \u2013 Infra\u00e7\u00e3o de medida sanit\u00e1ria preventiva (art. 268 \u2013 C\u00f3digo Penal)<br \/>\n2 \u2013 Falsidade ideol\u00f3gica (art. 299 \u2013 C\u00f3digo Penal)<br \/>\n3 \u2013 Corrup\u00e7\u00e3o passiva (art. 317 \u2013 C\u00f3digo Penal)<br \/>\n4 \u2013 Corrup\u00e7\u00e3o ativa (art. 333 \u2013 C\u00f3digo Penal)<br \/>\n5 \u2013 Improbidade Administrativa (Lei 8.429, de 2 de junho de 1992)<br \/>\n6 \u2013 Lei Anticorrup\u00e7\u00e3o (Lei 12.846, de 1\u00ba de agosto de 2013)<br \/>\n7 \u2013 Crime contra humanidade (Decreto n\u00ba 4.388, de 2002 \u2013 Estatuto de Roma do<br \/>\nTribunal Penal Internacional, art. 7\u00ba, 1, k)<\/p>\n<p>Nestes termos, consegue-se interagir com os Cursos da \u00c1rea Jur\u00eddica e com os Cursos das<br \/>\n\u00c1reas de Gest\u00e3o, pois, o conte\u00fado \u00e9 inerente aos trabalhos realizados pelos profissionais dessas<br \/>\n\u00e1reas, nos Setores P\u00fablico e Privado da sociedade brasileira.<br \/>\nSITUA\u00c7\u00c3O-PROBLEMA (SP)<br \/>\nNo decorrer da CPI \u2013 Comiss\u00e3o Parlamentar de Inqu\u00e9rito do COVID-19, verificou-se que v\u00e1rias<br \/>\npessoas f\u00edsicas e representantes de pessoas jur\u00eddicas foram inquiridas, sendo que, ao final da CPI foi<br \/>\ngerado o Relat\u00f3rio Final.<br \/>\nNo Relat\u00f3rio Final gerado, pode-se verificar v\u00e1rias tipifica\u00e7\u00f5es penais e transgress\u00f5es a<br \/>\nlegisla\u00e7\u00e3o extravagante, que foram encaminhadas ao Minist\u00e9rio P\u00fablico para poss\u00edveis proposituras<br \/>\ndas a\u00e7\u00f5es penais, enviadas ao Poder Judici\u00e1rio para o devido processo legal.<br \/>\nConforme verificado acima na SGA \u2013 Situa\u00e7\u00e3o Geradora de Aprendizagem, elencamos alguns<br \/>\ntipos penais e legisla\u00e7\u00f5es que que foram possivelmente transgredidos, para an\u00e1lise do estudante,<br \/>\ncomo segue abaixo:<br \/>\n1 \u2013 Infra\u00e7\u00e3o de medida sanit\u00e1ria preventiva (art. 268 \u2013 C\u00f3digo Penal)<br \/>\n2 \u2013 Falsidade ideol\u00f3gica (art. 299 \u2013 C\u00f3digo Penal)<br \/>\n3 \u2013 Corrup\u00e7\u00e3o passiva (art. 317 \u2013 C\u00f3digo Penal)<br \/>\n4 \u2013 Corrup\u00e7\u00e3o ativa (art. 333 \u2013 C\u00f3digo Penal);<br \/>\n5 \u2013 Improbidade Administrativa (Lei 8.429, de 2 de junho de 1992)<br \/>\n6 \u2013 Lei Anticorrup\u00e7\u00e3o (Lei 12.846, de 1\u00ba de agosto de 2013)<br \/>\n7 \u2013 Crimes contra humanidade (Decreto n\u00ba 4.388, de 2002 \u2013 Estatuto de Roma do<br \/>\nTribunal Penal Internacional, art. 7\u00ba, 1, k)<br \/>\nAssim, o estudante dever\u00e1 relacionar a import\u00e2ncia da abertura e condu\u00e7\u00e3o de uma CPI,<br \/>\npesquisar e descrever o conceito e citar exemplos dos 07 (sete) itens acima elencados, utilizando<br \/>\ncomo texto base o Relat\u00f3rio Final da CPI \u2013 COVID-19. Observar com aten\u00e7\u00e3o as orienta\u00e7\u00f5es para<br \/>\nexecu\u00e7\u00e3o do trabalho, descrita na p\u00e1gina seguinte.<\/p>\n<p>ORIENTA\u00c7\u00d5ES PARA A EXECU\u00c7\u00c3O DO TRABALHO \u2013 Projeto Integrado S\u00edntese<br \/>\n1) INTRODU\u00c7\u00c3O (at\u00e9 uma p\u00e1gina)<br \/>\nElaborar um texto que contextualize a tem\u00e1tica abordada na produ\u00e7\u00e3o textual.<br \/>\nA introdu\u00e7\u00e3o deve relacionar a import\u00e2ncia da abertura e condu\u00e7\u00e3o de uma CPI, seus procedimentos,<br \/>\ne poss\u00edveis resultados de forma gen\u00e9rica.<br \/>\n2) DESENVOLVIMENTO (quatro a seis p\u00e1ginas)<br \/>\nConstruir um texto te\u00f3rico com o tema.<br \/>\nDurante a contextualiza\u00e7\u00e3o do trabalho dissertativo a ser realizado, pesquisando nas indica\u00e7\u00f5es de<br \/>\nrefer\u00eancias bibliogr\u00e1ficas abaixo mencionadas, e em outras obras que julgar necess\u00e1rio, o estudante<br \/>\ndever\u00e1 pesquisar e descrever o conceito e citar exemplos de cada um dos 07 (sete) itens elencados,<br \/>\nutilizando como texto base o Relat\u00f3rio Final da CPI \u2013 COVID-19. No desenvolvimento da disserta\u00e7\u00e3o,<br \/>\no estudante dever\u00e1 fazer constar, junto com os conceitos e exemplos, o contexto que cada um dos<br \/>\n07 (sete) itens foi mencionado no Relat\u00f3rio Final da CPI \u2013 COVID-19. Como por exemplo: qual pessoa<br \/>\nf\u00edsica ou jur\u00eddica envolvida na investiga\u00e7\u00e3o, qual institui\u00e7\u00e3o p\u00fablica ou privada que est\u00e1 sendo<br \/>\nmencionada, quais procedimentos de tratamento m\u00e9dico-hospitalar e medicamentos que foram<br \/>\nquestionados.<br \/>\n3) CONSIDERA\u00c7\u00d5ES FINAIS (at\u00e9 uma p\u00e1gina)<br \/>\nEscreva um texto que sintetize as principais contribui\u00e7\u00f5es dessa atividade para sua forma\u00e7\u00e3o<br \/>\nprofissional e pessoal.<br \/>\nInserir considera\u00e7\u00f5es finais o contexto relacionado ao aprendizado para a vida profissional, e<br \/>\ntamb\u00e9m, a constru\u00e7\u00e3o do conhecimento para o desenvolvimento de um cidad\u00e3o cr\u00edtico-reflexivo,<br \/>\nsobre as a\u00e7\u00f5es relatadas na investiga\u00e7\u00e3o da CPI do COVID-19.<br \/>\n4) REFER\u00caNCIAS BIBLIOGR\u00c1FICAS (outras refer\u00eancias podem ser pesquisadas)<br \/>\nBIBLIOTECA VIRTUALPROJETO<br \/>\nINTEGRADO<br \/>\nBRAZ, Jacqueline Mayer da Costa Ude. Teoria Geral do Direito Constitucional. Londrina: Editora e<br \/>\nDistribuidora Educacional S.A., 2016.<br \/>\nCARVALHO, Fernanda Lara de; BARBETA, Edvania F\u00e1tima Fontes Godoy. Direito penal \u2013 parte geral.<br \/>\nLondrina: Editora e Distribuidora Educacional S.A., 2016.<br \/>\nCARVALHO, Mauricio Soares de. Or\u00e7amento p\u00fablico. Londrina: Editora e Distribuidora Educacional<br \/>\nS.A., 2017.<br \/>\nHENRIQUE, M\u00e1rcio Alexandre Ioti; PERRUCI, Felipe Falcone. Tecnologias de informa\u00e7\u00e3o aplicadas ao<br \/>\ndireito. Londrina: Editora e Distribuidora Educacional S.A., 2017.<br \/>\nLUZ, Bernardo Ara\u00fajo da; NAVES, Carlos Luiz de Lima e; MACHADO, Renato Martins. Direito penal \u2013<br \/>\ncrimes contra a dignidade sexual e administra\u00e7\u00e3o p\u00fablica. Londrina: Editora e Distribuidora<br \/>\nEducacional S.A., 2018.<br \/>\nRANGEL, Fernanda Leite de Ara\u00fajo. T\u00f3picos em direito administrativo. Londrina: Editora e<br \/>\nDistribuidora Educacional S.A., 2017.<br \/>\nTESTA, Janaina Carla da Silva Vargas et al. Direito p\u00fablico. Londrina: Editora e Distribuidora<br \/>\nEducacional S.A., 2014.<\/p>\n<p>Normas para Elabora\u00e7\u00e3o e Entrega da Produ\u00e7\u00e3o Textual Projeto Integrado S\u00edntese<br \/>\nA produ\u00e7\u00e3o textual Projeto Integrado S\u00edntese An\u00e1lises Gerais e Fundamentais dos Aspectos de Gest\u00e3o P\u00fablica deve ser organizada por meio dos seguintes itens, a serem considerados<br \/>\npelo acad\u00eamico:<br \/>\n1\u00ba) Realiza\u00e7\u00e3o da leitura dos textos indicados. Al\u00e9m dessas indica\u00e7\u00f5es, voc\u00ea poder\u00e1 utilizar os<br \/>\nmateriais disponibilizados pelas disciplinas do semestre e pesquisar na Biblioteca Virtual.<br \/>\n2\u00ba) Elaborar a Introdu\u00e7\u00e3o da produ\u00e7\u00e3o textual. Neste t\u00f3pico o aluno dever\u00e1 fazer, com at\u00e9 uma<br \/>\np\u00e1gina, uma apresenta\u00e7\u00e3o sobre o que ser\u00e1 abordado no trabalho, expor os objetivos e a import\u00e2ncia<br \/>\nde sua realiza\u00e7\u00e3o.<br \/>\n3\u00ba) Para o Desenvolvimento do trabalho, voc\u00ea deve elaborar um texto de 4 a 6 p\u00e1ginas, abordando<br \/>\ntodos os itens propostos para reflex\u00e3o, considerando os seguintes aspectos: clareza de ideias,<br \/>\nobjetividade, criatividade, originalidade e autenticidade. O desenvolvimento da produ\u00e7\u00e3o textual \u00e9 a<br \/>\nparte dos elementos-textuais na qual se concentram a fundamenta\u00e7\u00e3o te\u00f3rica, a apresenta\u00e7\u00e3o dos<br \/>\ndados coletados pelo autor e o desenvolvimento das ideias. Nessa parte o autor precisa ser o mais<br \/>\nclaro poss\u00edvel. N\u00e3o \u00e9 necess\u00e1rio ser breve, as ideias podem ser explicadas com calma e em detalhes,<br \/>\npara que o entendimento dos leitores seja o m\u00e1ximo poss\u00edvel. Lembrem-se: o trabalho dever\u00e1 ter<br \/>\ncoes\u00e3o, portanto, deve apresentar uma discuss\u00e3o ao inv\u00e9s de respostas diretas.<br \/>\n4\u00ba) Para finalizar, voc\u00ea dever\u00e1 fazer suas Considera\u00e7\u00f5es finais, em at\u00e9 1 p\u00e1gina. Voc\u00ea apresentar\u00e1 a<br \/>\nconclus\u00e3o do seu trabalho, sintetizando os elementos discutidos no seu texto. Manifeste seu ponto<br \/>\nde vista e opini\u00f5es sobre o assunto trabalhado, fundamentados nas refer\u00eancias bibliogr\u00e1ficas.<br \/>\nApresente tamb\u00e9m as contribui\u00e7\u00f5es que o trabalho trouxe para seu aprendizado.<br \/>\n5\u00ba) Refer\u00eancias: n\u00e3o se esque\u00e7a de listar todos os autores e materiais que utilizou para desenvolver<br \/>\no trabalho.<\/p>\n<p>Projeto Integrado S\u00edntese CST em Gest\u00e3o An\u00e1lises gerais e fundamentais dos aspectos de Gest\u00e3o P\u00fablica de crise<\/p>\n<p>Projeto Integrado S\u00edntese An\u00e1lises Gerais e Fundamentais dos Aspectos de Gest\u00e3o P\u00fablica<br \/>\nOrienta\u00e7\u00f5es importantes:<br \/>\n1. A atividade dever\u00e1 ser realizada INDIVIDUALMENTE.<br \/>\n2. Aten\u00e7\u00e3o ao prazo de inser\u00e7\u00e3o do arquivo na pasta do Ambiente Virtual.<br \/>\n3. Deve conter, depois de pronto, capa e folha de rosto padr\u00e3o, sendo organizado no que<br \/>\ntange \u00e0 sua apresenta\u00e7\u00e3o visual (tipos e tamanhos de fontes, alinhamento do texto, espa\u00e7amentos,<br \/>\nadentramento de par\u00e1grafos, apresenta\u00e7\u00e3o correta de cita\u00e7\u00f5es e refer\u00eancias, entre outros<br \/>\nelementos importantes), conforme normas da ABNT.<br \/>\n4. Os trabalhos devem ser enviados em arquivo de Word.<br \/>\nA seguir, apresentamos alguns dos crit\u00e9rios avaliativos que nortear\u00e3o a an\u00e1lise para a nota a<br \/>\nser atribu\u00edda pelo Tutor a Dist\u00e2ncia \u00e0 produ\u00e7\u00e3o textual:<br \/>\n\u2022 Normaliza\u00e7\u00e3o correta do trabalho, em respeito \u00e0s normas da ABNT.<br \/>\n\u2022 Respeito ao n\u00famero de p\u00e1ginas solicitadas.<br \/>\n\u2022 Apresenta\u00e7\u00e3o de uma estrutura condizente com a proposta apresentada (com introdu\u00e7\u00e3o,<br \/>\ndesenvolvimento e conclus\u00e3o).<br \/>\n\u2022 Uso de linguagem acad\u00eamica adequada, com clareza e corre\u00e7\u00e3o, atendendo \u00e0 norma<br \/>\npadr\u00e3o.<br \/>\n\u2022 Abordagem de todos os itens propostos para reflex\u00e3o, considerando os seguintes aspectos:<br \/>\nclareza de ideias, objetividade, criatividade, originalidade e autenticidade.<br \/>\n\u2022 Fundamenta\u00e7\u00e3o te\u00f3rica do trabalho, com as devidas refer\u00eancias dos autores eventualmente<br \/>\ncitados.<br \/>\nLembre-se de que seu\/sua Tutor\/a \u00e0 Dist\u00e2ncia est\u00e1 \u00e0 disposi\u00e7\u00e3o na Sala do Tutor para lhe<br \/>\natender em suas d\u00favidas e, tamb\u00e9m, para repassar orienta\u00e7\u00f5es sempre que voc\u00ea precisar. Aproveite<br \/>\nesta oportunidade para realizar um trabalho com a qualidade exigida por um trabalho acad\u00eamico de<br \/>\nn\u00edvel universit\u00e1rio.<br \/>\nBom trabalho.<\/p>\n<div class=\"elementor-toggle-item\">\n<div class=\"elementor-toggle-item\">\n<p id=\"elementor-tab-title-1941\" class=\"elementor-tab-title elementor-active\" tabindex=\"0\" role=\"tab\" data-tab=\"1\" aria-controls=\"elementor-tab-content-1941\" aria-expanded=\"true\" aria-selected=\"true\"><strong>Como funciona?<\/strong><\/p>\n<p>Elaboramos os portf\u00f3lios, j\u00e1 deixamos prontos, nas normas da ABNT e conforme os requisitos da universidade. F\u00e1cil assim! O MELHOR \u00c9 QUE VOC\u00ca COMPRA E J\u00c1 BAIXA NA HORA O SEU ARQUIVO EM WORD! Sabemos que conciliar trabalho, fam\u00edlia, vida profissional e estudos \u00e9 dif\u00edcil hoje em dia, por isso, estamos aqui para ajudar voc\u00ea. Conte com nossa qualidade, experi\u00eancia e profissionalismo adquirindo seu portf\u00f3lio conosco. GARANTIMOS SEU CONCEITO!<\/p>\n<p><strong>Como se realizam os envios?<\/strong><\/p>\n<\/div>\n<p id=\"elementor-tab-content-1942\" class=\"elementor-tab-content elementor-clearfix elementor-active\" role=\"tabpanel\" data-tab=\"2\" aria-labelledby=\"elementor-tab-title-1942\">O seu trabalho \u00e9 disponibilizado pronto, respondido e nas normas j\u00e1 na mesma hora aqui em nosso site na sua \u00e1rea de downloads e tamb\u00e9m no seu e-mail.<\/p>\n<p><strong>Em quanto tempo recebo o portf\u00f3lio?<\/strong><\/p>\n<p>Os envios s\u00e3o imediatos. Ap\u00f3s sua compra, o trabalho j\u00e1 \u00e9 disponibilizado instantaneamente aqui em nosso site e no seu e-mail.<\/p>\n<p><strong>E se o portf\u00f3lio que comprei precisar de corre\u00e7\u00e3o?<\/strong><\/p>\n<p>Caso haja alguma solicita\u00e7\u00e3o de corre\u00e7\u00e3o\/altera\u00e7\u00e3o por parte do tutor, basta entrar em contato conosco pelo\u00a0WhatsApp\u00a0que provid\u00eanciaremos sem custo algum.<\/p>\n<p><strong>Qual o formato do arquivo?<\/strong><\/p>\n<p>Os arquivos s\u00e3o enviados em formato Word e s\u00e3o edit\u00e1veis.<\/p>\n<p><strong>Caso eu tiver alguma d\u00favida, terei suporte no p\u00f3s venda?<\/strong><\/p>\n<p>Sim, com certeza. Basta clicar no \u00edcone do WhatsApp no cantinho da tela. Ser\u00e1 um prazer atend\u00ea-lo(a).<\/p>\n<div id=\"elementor-tab-content-1948\" class=\"elementor-tab-content elementor-clearfix elementor-active\" role=\"tabpanel\" data-tab=\"8\" aria-labelledby=\"elementor-tab-title-1948\">\n<p><strong>Quais os seus canais de contato?<\/strong><\/p>\n<\/div>\n<div id=\"elementor-tab-content-1949\" class=\"elementor-tab-content elementor-clearfix elementor-active\" role=\"tabpanel\" data-tab=\"9\" aria-labelledby=\"elementor-tab-title-1949\">\n<p>Whatsapp: 53 984751621 \u2013 Clicar no canto da tela ou ESCANEIE O QRCODE ABAIXO<\/p>\n<h4><img decoding=\"async\" class=\"alignnone wp-image-13699 jetpack-lazy-image jetpack-lazy-image--handled\" src=\"https:\/\/i0.wp.com\/portifolioos-prontos.com\/wp-content\/uploads\/2023\/02\/whatsapp-business-projeto-de-extensao-300x300.jpeg?resize=144%2C144\" sizes=\"(max-width: 144px) 100vw, 144px\" srcset=\"https:\/\/i0.wp.com\/portifolioos-prontos.com\/wp-content\/uploads\/2023\/02\/whatsapp-business-projeto-de-extensao.jpeg?resize=300%2C301&amp;ssl=1 300w, https:\/\/i0.wp.com\/portifolioos-prontos.com\/wp-content\/uploads\/2023\/02\/whatsapp-business-projeto-de-extensao.jpeg?resize=150%2C150&amp;ssl=1 150w, https:\/\/i0.wp.com\/portifolioos-prontos.com\/wp-content\/uploads\/2023\/02\/whatsapp-business-projeto-de-extensao.jpeg?resize=370%2C372&amp;ssl=1 370w, https:\/\/i0.wp.com\/portifolioos-prontos.com\/wp-content\/uploads\/2023\/02\/whatsapp-business-projeto-de-extensao.jpeg?resize=100%2C100&amp;ssl=1 100w, https:\/\/i0.wp.com\/portifolioos-prontos.com\/wp-content\/uploads\/2023\/02\/whatsapp-business-projeto-de-extensao.jpeg?w=470&amp;ssl=1 470w\" alt=\"projeto de extens\u00e3o unopar\" width=\"144\" height=\"144\" data-lazy-loaded=\"1\" \/><\/h4>\n<\/div>\n<div class=\"elementor-toggle-item\">\n<div id=\"elementor-tab-content-1949\" class=\"elementor-tab-content elementor-clearfix elementor-active\" role=\"tabpanel\" data-tab=\"9\" aria-labelledby=\"elementor-tab-title-1949\">\n<p>E-mail:portifoliosp@gmail.com<\/p>\n<div id=\"attachment_143\" class=\"wp-caption alignnone\">\n<div id=\"attachment_143\" class=\"wp-caption alignnone\">\n<p id=\"caption-attachment-143\" class=\"wp-caption-text\"><a href=\"http:\/\/portfolio-pronto.com\/\">Portf\u00f3lio<\/a>\u00a0em Word, respondido, completo e j\u00e1 nas normas<\/p>\n<\/div>\n<\/div>\n<\/div>\n<\/div>\n<\/div>\n","protected":false},"excerpt":{"rendered":"<div class=\"product-short-description\">\n<p><strong>Pague pelo PIX ou cart\u00e3o e fa\u00e7a o download agora mesmo.<\/strong><\/p>\n<\/div>\n<div class=\"sticky-add-to-cart-wrapper\">\n<div class=\"sticky-add-to-cart\">\n<p class=\"quantity buttons_added form-flat\"><img decoding=\"async\" class=\"lazyloaded smush-image-5 smush-image-3 smush-image-4 smush-detected-img smush-image-bigger-3\" src=\"https:\/\/d26lpennugtm8s.cloudfront.net\/assets\/common\/img\/logos\/payment\/visa@2x.png\" width=\"46\" height=\"29\" data-src=\"https:\/\/d26lpennugtm8s.cloudfront.net\/assets\/common\/img\/logos\/payment\/visa@2x.png\" \/><img decoding=\"async\" class=\"lazyloaded smush-image-6 smush-image-4 smush-image-5 smush-detected-img smush-image-bigger-4\" src=\"https:\/\/d26lpennugtm8s.cloudfront.net\/assets\/common\/img\/logos\/payment\/boleto@2x.png\" width=\"43\" height=\"27\" data-src=\"https:\/\/d26lpennugtm8s.cloudfront.net\/assets\/common\/img\/logos\/payment\/boleto@2x.png\" \/><img loading=\"lazy\" decoding=\"async\" class=\"lazyloaded smush-image-7 smush-image-5 smush-image-6 smush-detected-img smush-image-bigger-5\" src=\"https:\/\/d26lpennugtm8s.cloudfront.net\/assets\/common\/img\/logos\/payment\/mastercard@2x.png\" width=\"43\" height=\"27\" data-src=\"https:\/\/d26lpennugtm8s.cloudfront.net\/assets\/common\/img\/logos\/payment\/mastercard@2x.png\" \/><img loading=\"lazy\" decoding=\"async\" class=\"lazyloaded smush-image-8 smush-image-6 smush-image-7 smush-detected-img smush-image-bigger-6\" src=\"https:\/\/d26lpennugtm8s.cloudfront.net\/assets\/common\/img\/logos\/payment\/amex@2x.png\" width=\"43\" height=\"27\" data-src=\"https:\/\/d26lpennugtm8s.cloudfront.net\/assets\/common\/img\/logos\/payment\/amex@2x.png\" \/><img loading=\"lazy\" decoding=\"async\" class=\"lazyloaded smush-image-9 smush-image-7 smush-image-8 smush-detected-img smush-image-bigger-7\" src=\"https:\/\/d26lpennugtm8s.cloudfront.net\/assets\/common\/img\/logos\/payment\/diners@2x.png\" width=\"46\" height=\"29\" data-src=\"https:\/\/d26lpennugtm8s.cloudfront.net\/assets\/common\/img\/logos\/payment\/diners@2x.png\" \/><img loading=\"lazy\" decoding=\"async\" class=\"lazyloaded smush-image-10 smush-image-8 smush-image-9 alignnone smush-detected-img smush-image-bigger-8\" src=\"https:\/\/d26lpennugtm8s.cloudfront.net\/assets\/common\/img\/logos\/payment\/br\/elo@2x.png\" alt=\"portf\u00f3lio unopar anhanguera\" width=\"45\" height=\"28\" data-src=\"https:\/\/d26lpennugtm8s.cloudfront.net\/assets\/common\/img\/logos\/payment\/br\/elo@2x.png\" \/><img loading=\"lazy\" decoding=\"async\" class=\"lazyloaded smush-image-11 smush-image-9 smush-image-10 alignnone smush-detected-img smush-image-bigger-9\" src=\"https:\/\/d26lpennugtm8s.cloudfront.net\/assets\/common\/img\/logos\/payment\/br\/hipercard@2x.png\" alt=\"portf\u00f3lio unopar anhanguera\" width=\"44\" height=\"28\" data-src=\"https:\/\/d26lpennugtm8s.cloudfront.net\/assets\/common\/img\/logos\/payment\/br\/hipercard@2x.png\" \/><img loading=\"lazy\" decoding=\"async\" class=\"lazyloaded smush-image-12 smush-image-10 smush-image-11 alignnone smush-detected-img smush-image-bigger-10\" src=\"https:\/\/d26lpennugtm8s.cloudfront.net\/assets\/common\/img\/logos\/payment\/mercadopago@2x.png\" alt=\"portf\u00f3lio unopar anhanguera\" width=\"45\" height=\"28\" data-src=\"https:\/\/d26lpennugtm8s.cloudfront.net\/assets\/common\/img\/logos\/payment\/mercadopago@2x.png\" \/><img loading=\"lazy\" decoding=\"async\" class=\"alignnone lazyloaded smush-detected-img smush-image-bigger-11\" src=\"https:\/\/futurium.com.br\/wp-content\/uploads\/2021\/06\/logo-pix-icone-512.png\" alt=\"portfolio pronto\" width=\"30\" height=\"30\" data-src=\"https:\/\/futurium.com.br\/wp-content\/uploads\/2021\/06\/logo-pix-icone-512.png\" \/><\/p>\n<\/div>\n<\/div>\n","protected":false},"featured_media":47987,"template":"","meta":{"_seopress_robots_primary_cat":"","_seopress_titles_title":"","_seopress_titles_desc":"","_seopress_robots_index":""},"product_cat":[129],"product_tag":[],"class_list":{"0":"post-47985","1":"product","2":"type-product","3":"status-publish","4":"has-post-thumbnail","6":"product_cat-mediacao","8":"first","9":"instock","10":"downloadable","11":"virtual","12":"purchasable","13":"product-type-simple","14":"col-xs-6 col-sm-4","15":"col-mf-5","16":"un-5-cols"},"jetpack_sharing_enabled":true,"_links":{"self":[{"href":"https:\/\/portifolioos-prontos.com\/index.php\/wp-json\/wp\/v2\/product\/47985","targetHints":{"allow":["GET"]}}],"collection":[{"href":"https:\/\/portifolioos-prontos.com\/index.php\/wp-json\/wp\/v2\/product"}],"about":[{"href":"https:\/\/portifolioos-prontos.com\/index.php\/wp-json\/wp\/v2\/types\/product"}],"version-history":[{"count":1,"href":"https:\/\/portifolioos-prontos.com\/index.php\/wp-json\/wp\/v2\/product\/47985\/revisions"}],"predecessor-version":[{"id":47988,"href":"https:\/\/portifolioos-prontos.com\/index.php\/wp-json\/wp\/v2\/product\/47985\/revisions\/47988"}],"wp:featuredmedia":[{"embeddable":true,"href":"https:\/\/portifolioos-prontos.com\/index.php\/wp-json\/wp\/v2\/media\/47987"}],"wp:attachment":[{"href":"https:\/\/portifolioos-prontos.com\/index.php\/wp-json\/wp\/v2\/media?parent=47985"}],"wp:term":[{"taxonomy":"product_cat","embeddable":true,"href":"https:\/\/portifolioos-prontos.com\/index.php\/wp-json\/wp\/v2\/product_cat?post=47985"},{"taxonomy":"product_tag","embeddable":true,"href":"https:\/\/portifolioos-prontos.com\/index.php\/wp-json\/wp\/v2\/product_tag?post=47985"}],"curies":[{"name":"wp","href":"https:\/\/api.w.org\/{rel}","templated":true}]}}