{"id":48025,"date":"2025-11-05T22:45:36","date_gmt":"2025-11-06T01:45:36","guid":{"rendered":"https:\/\/portifolioos-prontos.com\/?post_type=product&#038;p=48025"},"modified":"2025-11-05T22:45:36","modified_gmt":"2025-11-06T01:45:36","slug":"projeto-integrado-negocios-imobiliarios-impasse-comercial-na-imobiliaria-prime-habitat","status":"publish","type":"product","link":"https:\/\/portifolioos-prontos.com\/index.php\/product\/projeto-integrado-negocios-imobiliarios-impasse-comercial-na-imobiliaria-prime-habitat\/","title":{"rendered":"Projeto Integrado &#8211; Neg\u00f3cios Imobili\u00e1rios &#8211; Impasse comercial na Imobili\u00e1ria Prime Habitat"},"content":{"rendered":"<p><strong>Projeto Integrado &#8211; Neg\u00f3cios Imobili\u00e1rios<\/strong><\/p>\n<p>SITUA\u00c7\u00c3O PROPOSTA<br \/>\nImpasse comercial na Imobili\u00e1ria Prime Habitat<br \/>\nA imobili\u00e1ria fict\u00edcia Prime Habitat atua no mercado de venda e loca\u00e7\u00e3o de im\u00f3veis residenciais e<br \/>\ncomerciais em uma grande cidade. Recentemente, a empresa recebeu uma proposta para<br \/>\nintermediar a venda de um terreno localizado em uma \u00e1rea ambientalmente sens\u00edvel. O terreno, que<br \/>\npertence a uma construtora, est\u00e1 destinado \u00e0 constru\u00e7\u00e3o de um condom\u00ednio residencial de alto<br \/>\npadr\u00e3o, mas parte da \u00e1rea \u00e9 um ecossistema protegido por legisla\u00e7\u00e3o ambiental. A diretoria da Prime<br \/>\nHabitat identificou que a negocia\u00e7\u00e3o pode trazer ganhos financeiros expressivos, mas tamb\u00e9m pode<br \/>\ngerar questionamentos \u00e9ticos e legais. Al\u00e9m disso, moradores da regi\u00e3o manifestaram preocupa\u00e7\u00f5es<br \/>\nsobre o impacto ambiental do empreendimento e a poss\u00edvel redu\u00e7\u00e3o na qualidade de vida da<br \/>\ncomunidade. Esses fatores colocam a empresa em uma posi\u00e7\u00e3o delicada, exigindo cuidado na<br \/>\ncondu\u00e7\u00e3o das negocia\u00e7\u00f5es e nas comunica\u00e7\u00f5es p\u00fablicas. O gerente respons\u00e1vel pelo caso precisa<br \/>\ntomar decis\u00f5es que equilibrem os interesses financeiros da imobili\u00e1ria com suas responsabilidades<br \/>\n\u00e9ticas, legais e ambientais. Ele tamb\u00e9m dever\u00e1 assegurar que os colaboradores da empresa estejam<br \/>\nalinhados com os princ\u00edpios \u00e9ticos e legais aplic\u00e1veis, garantindo a conformidade com a legisla\u00e7\u00e3o e<br \/>\na prote\u00e7\u00e3o da imagem da empresa no mercado. Al\u00e9m disso, o gerente est\u00e1 considerando propor uma<br \/>\nparceria com a construtora para que o projeto inclua a\u00e7\u00f5es de responsabilidade social e ambiental,<br \/>\ncomo a preserva\u00e7\u00e3o de parte do ecossistema e a constru\u00e7\u00e3o de \u00e1reas verdes para a comunidade. No<br \/>\nentanto, isso exigir\u00e1 habilidade de negocia\u00e7\u00e3o para convencer a construtora a revisar seus planos<br \/>\noriginais. Por fim, a diretoria da Prime Habitat solicita \u00e0 equipe a elabora\u00e7\u00e3o de um plano estrat\u00e9gico<br \/>\nabrangente que ofere\u00e7a a melhor solu\u00e7\u00e3o para o problema, considerando os aspectos legais, sociais<br \/>\ne ambientais envolvidos. O plano deve assegurar uma abordagem \u00e9tica e sustent\u00e1vel, promovendo<br \/>\no alinhamento com os princ\u00edpios da empresa e fortalecendo o relacionamento com os stakeholders,<br \/>\ncom transpar\u00eancia em todas as etapas do processo.<br \/>\nP\u00fablico<br \/>\nDESAFIO<br \/>\nObjetivo da Atividade:<br \/>\nComo aluno do curso superior de Neg\u00f3cios Imobili\u00e1rios, voc\u00ea foi desafiado a desenvolver<br \/>\na elaborar um plano estrat\u00e9gico que integre aspectos legais, sociais e ambientais, garantindo uma<br \/>\nsolu\u00e7\u00e3o \u00e9tica e sustent\u00e1vel, alinhada aos princ\u00edpios da empresa e fortalecendo a transpar\u00eancia e o<br \/>\nrelacionamento com os stakeholders<a href=\"http:\/\/portifolioos-prontos.com\">.<\/a><br \/>\nPara concluir esse desafio voc\u00ea precisar\u00e1 passar por algumas etapas importantes que ser\u00e3o<br \/>\ndetalhadas a seguir.<br \/>\nATIVIDADES<br \/>\nAo analisar o caso da Imobili\u00e1ria Pr<a href=\"http:\/\/portfolio-pronto.com\">i<\/a>me Habitat, identificamos um impasse significativo que exige<br \/>\naten\u00e7\u00e3o e cuidado na tomada de decis\u00e3o. Para lidar com essa situa\u00e7\u00e3o de forma estrat\u00e9gica e eficaz,<br \/>\nforam utilizadas algumas ferramentas de gest\u00e3o: Processo de Tomada de Decis\u00e3o (Robbins, DeCenzo<br \/>\ne Wolter, 2020):<br \/>\nOs diretores da empresa optaram por seguir um processo estruturado, identificando os<br \/>\nprincipais problemas e coletando informa\u00e7\u00f5es essenciais para tomar decis\u00f5es assertivas para<br \/>\ndesenvolver o planejamento estrat\u00e9gico. Dessa forma, responda as quest\u00f5es:<br \/>\nP\u00fablico<br \/>\n1) Identifique os principais problemas enfrentados pela Imobili\u00e1ria Prime Habitat.<br \/>\n2) Ap\u00f3s identificar os poss\u00edveis problemas, o diretor comercial sugeriu utilizar a ferramenta do<br \/>\nBenchmarking como proposta na busca de uma poss\u00edvel solu\u00e7\u00e3o. De que forma o benchmarking<br \/>\nauxilia a Imobili\u00e1ria Prime?<br \/>\nPASSO 02<br \/>\nAgora \u00e9 hora de desenvolver um plano estrat\u00e9gico para solucionar o impasse apresentado no caso,<br \/>\ngarantindo que os aspectos de responsabilidade social e ambiental sejam incorporados, atendendo<br \/>\n\u00e0s exig\u00eancias legais e promovendo um impacto positivo na comunidade. Para isso voc\u00ea deve fazer a<br \/>\nseguinte an\u00e1lise<a href=\"http:\/\/atividadesextensionistas.com\">:<\/a><br \/>\nIdentifica\u00e7\u00e3o de Conflitos e Oportunidades:<br \/>\n\u2022 Liste os conflitos \u00e9ticos, legais e sociais apresentados no caso.<br \/>\n\u2022 Identifique oportunidades para criar valor social e ambiental, considerando os interesses da<br \/>\ncomunidade, da construtora e da Prime Habitat.<br \/>\nAn\u00e1lise de Conformidade Legal e Impacto Ambiental:<br \/>\n\u2022 Pesquise e descreva as principais legisla\u00e7\u00f5es ambientais que se aplicam \u00e0 \u00e1rea protegida.<br \/>\n\u2022 Identifique poss\u00edveis riscos legais e elabore medidas para mitig\u00e1-los.<br \/>\nProposta de A\u00e7\u00f5es de Responsabilidade Social e Ambiental:<br \/>\n\u2022 Sugira ao menos tr\u00eas a\u00e7\u00f5es que possam equilibrar o desenvolvimento do empreendimento com a<br \/>\npreserva\u00e7\u00e3o ambiental.<br \/>\n\u2022 Inclua estrat\u00e9gias para comunica\u00e7\u00e3o com stakeholders, refor\u00e7ando os valores \u00e9ticos da empresa.<br \/>\nEstrat\u00e9gia de Negocia\u00e7\u00e3o e Parceria:<br \/>\n\u2022 Elabore argumentos para negociar com a construtora a inclus\u00e3o de \u00e1reas verdes e a preserva\u00e7\u00e3o do<br \/>\necossistema.<br \/>\n\u2022 Proponha uma solu\u00e7\u00e3o conjunta que fortale\u00e7a a imagem da empresa e garanta a aceita\u00e7\u00e3o do projeto<br \/>\npela comunidade.<br \/>\nP\u00fablico<br \/>\nPlano de Comunica\u00e7\u00e3o Transparente:<br \/>\n\u2022 Esquematize um plano de comunica\u00e7\u00e3o para informar moradores e outros stakeholders sobre as<br \/>\na\u00e7\u00f5es propostas.<br \/>\n\u2022 Enfatize como a transpar\u00eancia pode fortalecer a confian\u00e7a da comunidade na empresa.<br \/>\nPASSO 03<br \/>\nEnquanto a negocia\u00e7\u00e3o do terreno avan\u00e7a, a Prime Habitat enfrenta outra quest\u00e3o delicada: um<br \/>\ngrupo de consumidores que adquiriu im\u00f3veis intermediados pela empresa recentemente registrou<br \/>\nreclama\u00e7\u00f5es no Procon. Essas reclama\u00e7\u00f5es referem-se a problemas estruturais e atrasos na entrega<br \/>\nde empreendimentos vendidos pela construtora parceira, que tamb\u00e9m \u00e9 a propriet\u00e1ria do terreno<br \/>\nem negocia\u00e7\u00e3o.<br \/>\nAs reclama\u00e7\u00f5es destacam falhas como rachaduras em im\u00f3veis novos, aus\u00eancia de documenta\u00e7\u00e3o<br \/>\nprometida no contrato e atrasos de mais de seis meses na entrega das chaves. Esses consumidores<br \/>\nalegam que, por ser intermedi\u00e1ria da venda, a Prime Habitat \u00e9 correspons\u00e1vel pelos preju\u00edzos e<br \/>\npedem ressarcimentos, indeniza\u00e7\u00f5es e repara\u00e7\u00e3o dos danos sofridos.<br \/>\nAl\u00e9m disso, uma a\u00e7\u00e3o coletiva foi ajuizada por um grupo de consumidores, trazendo visibilidade<br \/>\nnegativa para a empresa na m\u00eddia local. Isso amea\u00e7a n\u00e3o apenas a reputa\u00e7\u00e3o da Prime Habitat, mas<br \/>\ntamb\u00e9m levanta preocupa\u00e7\u00f5es entre os stakeholders envolvidos na negocia\u00e7\u00e3o do terreno<br \/>\nambientalmente sens\u00edvel.<br \/>\nDiante disso, a Prime Habitat precisa adotar medidas r\u00e1pidas e eficazes para tratar as reclama\u00e7\u00f5es<br \/>\ndos consumidores e proteger sua imagem no mercado. Essa situa\u00e7\u00e3o exige aten\u00e7\u00e3o especial ao<br \/>\ncumprimento das normas do C\u00f3digo de Defesa do Consumidor (CDC) e ao papel da empresa como<br \/>\nintermedi\u00e1ria nas transa\u00e7\u00f5es imobili\u00e1rias.<br \/>\nDiante dessa situa\u00e7\u00e3o, pergunta-se:<br \/>\n1) No caso de reclama\u00e7\u00f5es relacionadas a problemas estruturais nos im\u00f3veis vendidos, a Prime<br \/>\nHabitat pode ser considerada solidariamente respons\u00e1vel pelos danos causados aos<br \/>\nconsumidores? Explique como o C\u00f3digo de Defesa do Consumidor trata a responsabilidade<br \/>\ndos fornecedores e intermedi\u00e1rios em situa\u00e7\u00f5es similares.<br \/>\nP\u00fablico<br \/>\n2) Como a Prime Habitat pode assegurar que est\u00e1 cumprindo o dever de informa\u00e7\u00e3o previsto no CDC<br \/>\nao intermediar a venda de im\u00f3veis? Quais tipos de informa\u00e7\u00f5es devem ser fornecidas aos<br \/>\nconsumidores antes da conclus\u00e3o de uma negocia\u00e7\u00e3o?<br \/>\n3) Quando os consumidores identificam problemas estruturais nos im\u00f3veis adquiridos, como<br \/>\nrachaduras ou infiltra\u00e7\u00f5es, esses problemas podem ser considerados v\u00edcios ocultos? Qual \u00e9 o prazo<br \/>\nlegal para o consumidor reclamar, e como a empresa deve agir para respeitar os direitos do<br \/>\nconsumidor?<br \/>\nREFER\u00caNCIAS PARA ATIVIDADE:<br \/>\nASHLEY, Patr\u00edcia Almeida. (Org.). \u00c9tica, responsabilidade social e sustentabilidade nos neg\u00f3cios:<br \/>\n(des)construindo limites e possibilidades. S\u00e3o Paulo: Saraiva Educa\u00e7\u00e3o, 2019. [Minha Biblioteca].<br \/>\nBARBIERI, Jos\u00e9 Carlos.; CAJAZEIRA, Jorge Emanuel Reis. Responsabilidade social empresarial e<br \/>\nempresa sustent\u00e1vel: da teoria \u00e0 pr\u00e1tica. 3. ed. S\u00e3o Paulo: Saraiva, 2016. [Minha Biblioteca].<br \/>\nBERLIM, Lilyan Guimar\u00e3es, et al. \u00c9tica, responsabilidade social e sustentabilidade nos neg\u00f3cios:<br \/>\n(des)construindo limites e possibilidades. S\u00e3o Paulo: Saraiva Educa\u00e7\u00e3o, 2019. [Minha Biblioteca].<br \/>\nBOAS, Eduardo Pinto Vilas. Estrat\u00e9gia empresarial e negocia\u00e7\u00e3o. Londrina: Editora e Distribuidora<br \/>\nEducacional S.A., 2016. [Minha Biblioteca].<br \/>\nCASAS, Alexandre Luzzi L. Administra\u00e7\u00e3o de Marketing, 2\u00aa edi\u00e7\u00e3o. S\u00e3o Paulo: Atlas, 2019. E-book:<br \/>\nISBN 9788597020151. Dispon\u00edvel em:<br \/>\nhttps:\/\/integrada.minhabiblioteca.com.br\/#\/books\/9788597020151\/.<br \/>\nCHIAVENATO, Idalberto. Introdu\u00e7\u00e3o \u00e0 Teoria Geral da Administra\u00e7\u00e3o &#8211; Edi\u00e7\u00e3o Compacta. 5. ed. Rio<br \/>\nde Janeiro: Atlas, 2021. (MINHA BIBLIOTECA) (pg. 369) Dispon\u00edvel em:<br \/>\nhttps:\/\/integrada.minhabiblioteca.com.br\/reader\/books\/9788597027525\/epubcfi\/6\/64%5B%3Bvnd<br \/>\n.vst.idref%3Dchapter11%5D!\/4\/148\/8<br \/>\nGABRIEL, Martha. Marketing na Era Digital &#8211; Conceitos, Plataformas e Estrat\u00e9gias. Grupo GEN, 2021.<br \/>\nE-book. ISBN 9788597025859. Dispon\u00edvel em:<br \/>\nhttps:\/\/integrada.minhabiblioteca.com.br\/#\/books\/9788597025859\/. Acesso em: 15\/04\/24.<br \/>\nPESSOA, Carlos. Negocia\u00e7\u00e3o aplicada: como utilizar as t\u00e1ticas e estrat\u00e9gias para transformar<br \/>\nconflitos interpessoais em relacionamentos cooperativos. S\u00e3o Paulo: Grupo GEN, 2008. [Minha<br \/>\nBiblioteca].<br \/>\nP\u00fablico<br \/>\nROBBINS, Stephen P.; DECENZO, David A.; WOLTER, Robert M. A nova administra\u00e7\u00e3o. 2. ed. Rio de<br \/>\nJaneiro: Saraiva Uni, 2020. (p.136) (MINHA BIBLIOTECA) Dispon\u00edvel em:<br \/>\nhttps:\/\/integrada.minhabiblioteca.com.br\/reader\/books\/9788571441170\/epubcfi\/6\/122%5B%3Bvn<br \/>\nd.vst.idref%3Da_nova_adm_2ed-60%5D!\/4%5Ba_nova_adm_2ed-60%5D<br \/>\nSANGAWA, Miki. \u00c9tica professional do corretor. Londrina: Educacional, 2022. [Biblioteca Virtual<br \/>\n3.0].<br \/>\nTJDFT. Responsabilidade solid\u00e1ria. Dispon\u00edvel em:<br \/>\nhttps:\/\/www.tjdft.jus.br\/consultas\/jurisprudencia\/jurisprudencia-em-temas\/cdc-na-visao-do-tjdft1\/responsabilidade-civil-no-cdc\/responsabilidade-solidaria<br \/>\nTJDFT. Princ\u00edpio da informa\u00e7\u00e3o. Dispon\u00edvel em:<br \/>\nhttps:\/\/www.tjdft.jus.br\/consultas\/jurisprudencia\/jurisprudencia-em-temas\/cdc-na-visao-do-tjdft1\/principios-do-cdc\/principio-da-informacao<br \/>\nTJDFT. V\u00edcio Oculto. Dispon\u00edvel em: https:\/\/www.tjdft.jus.br\/institucional\/imprensa\/campanhas-eprodutos\/direito-facil\/edicao-semanal\/vicio-oculto<\/p>\n<div class=\"elementor-toggle-item\">\n<p><strong>Como se realizam os envios?<\/strong><\/p>\n<\/div>\n<p id=\"elementor-tab-content-1942\" class=\"elementor-tab-content elementor-clearfix elementor-active\" role=\"tabpanel\" data-tab=\"2\" aria-labelledby=\"elementor-tab-title-1942\">O seu trabalho \u00e9 disponibilizado pronto, respondido e nas normas j\u00e1 na mesma hora aqui em nosso site na sua \u00e1rea de downloads e tamb\u00e9m no seu e-mail.<\/p>\n<p><strong>Em quanto tempo recebo o portf\u00f3lio?<\/strong><\/p>\n<p>Os envios s\u00e3o imediatos. Ap\u00f3s sua compra, o trabalho j\u00e1 \u00e9 disponibilizado instantaneamente aqui em nosso site e no seu e-mail.<\/p>\n<p><strong>E se o portf\u00f3lio que comprei precisar de corre\u00e7\u00e3o?<\/strong><\/p>\n<p>Caso haja alguma solicita\u00e7\u00e3o de corre\u00e7\u00e3o\/altera\u00e7\u00e3o por parte do tutor, basta entrar em contato conosco pelo\u00a0WhatsApp\u00a0que provid\u00eanciaremos sem custo algum.<\/p>\n<p><strong>Qual o formato do arquivo?<\/strong><\/p>\n<p>Os arquivos s\u00e3o enviados em formato Word e s\u00e3o edit\u00e1veis.<\/p>\n<p><strong>Caso eu tiver alguma d\u00favida, terei suporte no p\u00f3s venda?<\/strong><\/p>\n<p>Sim, com certeza. Basta clicar no \u00edcone do WhatsApp no cantinho da tela. Ser\u00e1 um prazer atend\u00ea-lo(a).<\/p>\n<div id=\"elementor-tab-content-1948\" class=\"elementor-tab-content elementor-clearfix elementor-active\" role=\"tabpanel\" data-tab=\"8\" aria-labelledby=\"elementor-tab-title-1948\">\n<p><strong>Quais os seus canais de contato?<\/strong><\/p>\n<\/div>\n<div id=\"elementor-tab-content-1949\" class=\"elementor-tab-content elementor-clearfix elementor-active\" role=\"tabpanel\" data-tab=\"9\" aria-labelledby=\"elementor-tab-title-1949\">\n<p>Whatsapp: 53 984751621 \u2013 Clicar no canto da tela ou ESCANEIE O QRCODE ABAIXO<\/p>\n<h4><img decoding=\"async\" class=\"alignnone wp-image-13699 jetpack-lazy-image jetpack-lazy-image--handled\" src=\"https:\/\/i0.wp.com\/portifolioos-prontos.com\/wp-content\/uploads\/2023\/02\/whatsapp-business-projeto-de-extensao-300x300.jpeg?resize=144%2C144\" sizes=\"(max-width: 144px) 100vw, 144px\" srcset=\"https:\/\/i0.wp.com\/portifolioos-prontos.com\/wp-content\/uploads\/2023\/02\/whatsapp-business-projeto-de-extensao.jpeg?resize=300%2C301&amp;ssl=1 300w, https:\/\/i0.wp.com\/portifolioos-prontos.com\/wp-content\/uploads\/2023\/02\/whatsapp-business-projeto-de-extensao.jpeg?resize=150%2C150&amp;ssl=1 150w, https:\/\/i0.wp.com\/portifolioos-prontos.com\/wp-content\/uploads\/2023\/02\/whatsapp-business-projeto-de-extensao.jpeg?resize=370%2C372&amp;ssl=1 370w, https:\/\/i0.wp.com\/portifolioos-prontos.com\/wp-content\/uploads\/2023\/02\/whatsapp-business-projeto-de-extensao.jpeg?resize=100%2C100&amp;ssl=1 100w, https:\/\/i0.wp.com\/portifolioos-prontos.com\/wp-content\/uploads\/2023\/02\/whatsapp-business-projeto-de-extensao.jpeg?w=470&amp;ssl=1 470w\" alt=\"projeto de extens\u00e3o unopar\" width=\"144\" height=\"144\" data-lazy-loaded=\"1\" \/><\/h4>\n<\/div>\n<div class=\"elementor-toggle-item\">\n<div id=\"elementor-tab-content-1949\" class=\"elementor-tab-content elementor-clearfix elementor-active\" role=\"tabpanel\" data-tab=\"9\" aria-labelledby=\"elementor-tab-title-1949\">\n<p>E-mail:portifoliosp@gmail.com<\/p>\n<div id=\"attachment_143\" class=\"wp-caption alignnone\">\n<div id=\"attachment_143\" class=\"wp-caption alignnone\">\n<p id=\"caption-attachment-143\" class=\"wp-caption-text\"><a href=\"http:\/\/portfolio-pronto.com\/\">Portf\u00f3lio<\/a>\u00a0em Word, respondido, completo e j\u00e1 nas normas<\/p>\n<\/div>\n<\/div>\n<\/div>\n<\/div>\n","protected":false},"excerpt":{"rendered":"<div class=\"product-short-description\">\n<p><strong>Pague pelo PIX ou cart\u00e3o e fa\u00e7a o download agora mesmo.<\/strong><\/p>\n<\/div>\n<div class=\"sticky-add-to-cart-wrapper\">\n<div class=\"sticky-add-to-cart\">\n<p class=\"quantity buttons_added form-flat\"><img decoding=\"async\" class=\"lazyloaded smush-image-5 smush-image-3 smush-image-4 smush-detected-img smush-image-bigger-3\" src=\"https:\/\/d26lpennugtm8s.cloudfront.net\/assets\/common\/img\/logos\/payment\/visa@2x.png\" width=\"46\" height=\"29\" data-src=\"https:\/\/d26lpennugtm8s.cloudfront.net\/assets\/common\/img\/logos\/payment\/visa@2x.png\" \/><img decoding=\"async\" class=\"lazyloaded smush-image-6 smush-image-4 smush-image-5 smush-detected-img smush-image-bigger-4\" src=\"https:\/\/d26lpennugtm8s.cloudfront.net\/assets\/common\/img\/logos\/payment\/boleto@2x.png\" width=\"43\" height=\"27\" data-src=\"https:\/\/d26lpennugtm8s.cloudfront.net\/assets\/common\/img\/logos\/payment\/boleto@2x.png\" \/><img loading=\"lazy\" decoding=\"async\" class=\"lazyloaded smush-image-7 smush-image-5 smush-image-6 smush-detected-img smush-image-bigger-5\" src=\"https:\/\/d26lpennugtm8s.cloudfront.net\/assets\/common\/img\/logos\/payment\/mastercard@2x.png\" width=\"43\" height=\"27\" data-src=\"https:\/\/d26lpennugtm8s.cloudfront.net\/assets\/common\/img\/logos\/payment\/mastercard@2x.png\" \/><img loading=\"lazy\" decoding=\"async\" class=\"lazyloaded smush-image-8 smush-image-6 smush-image-7 smush-detected-img smush-image-bigger-6\" src=\"https:\/\/d26lpennugtm8s.cloudfront.net\/assets\/common\/img\/logos\/payment\/amex@2x.png\" width=\"43\" height=\"27\" data-src=\"https:\/\/d26lpennugtm8s.cloudfront.net\/assets\/common\/img\/logos\/payment\/amex@2x.png\" \/><img loading=\"lazy\" decoding=\"async\" class=\"lazyloaded smush-image-9 smush-image-7 smush-image-8 smush-detected-img smush-image-bigger-7\" src=\"https:\/\/d26lpennugtm8s.cloudfront.net\/assets\/common\/img\/logos\/payment\/diners@2x.png\" width=\"46\" height=\"29\" data-src=\"https:\/\/d26lpennugtm8s.cloudfront.net\/assets\/common\/img\/logos\/payment\/diners@2x.png\" \/><img loading=\"lazy\" decoding=\"async\" class=\"lazyloaded smush-image-10 smush-image-8 smush-image-9 alignnone smush-detected-img smush-image-bigger-8\" src=\"https:\/\/d26lpennugtm8s.cloudfront.net\/assets\/common\/img\/logos\/payment\/br\/elo@2x.png\" alt=\"portf\u00f3lio unopar anhanguera\" width=\"45\" height=\"28\" data-src=\"https:\/\/d26lpennugtm8s.cloudfront.net\/assets\/common\/img\/logos\/payment\/br\/elo@2x.png\" \/><img loading=\"lazy\" decoding=\"async\" class=\"lazyloaded smush-image-11 smush-image-9 smush-image-10 alignnone smush-detected-img smush-image-bigger-9\" src=\"https:\/\/d26lpennugtm8s.cloudfront.net\/assets\/common\/img\/logos\/payment\/br\/hipercard@2x.png\" alt=\"portf\u00f3lio unopar anhanguera\" width=\"44\" height=\"28\" data-src=\"https:\/\/d26lpennugtm8s.cloudfront.net\/assets\/common\/img\/logos\/payment\/br\/hipercard@2x.png\" \/><img loading=\"lazy\" decoding=\"async\" class=\"lazyloaded smush-image-12 smush-image-10 smush-image-11 alignnone smush-detected-img smush-image-bigger-10\" src=\"https:\/\/d26lpennugtm8s.cloudfront.net\/assets\/common\/img\/logos\/payment\/mercadopago@2x.png\" alt=\"portf\u00f3lio unopar anhanguera\" width=\"45\" height=\"28\" data-src=\"https:\/\/d26lpennugtm8s.cloudfront.net\/assets\/common\/img\/logos\/payment\/mercadopago@2x.png\" \/><img loading=\"lazy\" decoding=\"async\" class=\"alignnone ls-is-cached lazyloaded smush-detected-img smush-image-bigger-11\" src=\"https:\/\/futurium.com.br\/wp-content\/uploads\/2021\/06\/logo-pix-icone-512.png\" alt=\"portfolio pronto\" width=\"30\" height=\"30\" data-src=\"https:\/\/futurium.com.br\/wp-content\/uploads\/2021\/06\/logo-pix-icone-512.png\" \/><\/p>\n<\/div>\n<\/div>\n","protected":false},"featured_media":48026,"template":"","meta":{"_seopress_robots_primary_cat":"","_seopress_titles_title":"","_seopress_titles_desc":"","_seopress_robots_index":""},"product_cat":[50],"product_tag":[],"class_list":{"0":"post-48025","1":"product","2":"type-product","3":"status-publish","4":"has-post-thumbnail","6":"product_cat-negocios-imobiliarios","8":"first","9":"instock","10":"shipping-taxable","11":"product-type-simple","12":"col-xs-6 col-sm-4","13":"col-mf-5","14":"un-5-cols"},"jetpack_sharing_enabled":true,"_links":{"self":[{"href":"https:\/\/portifolioos-prontos.com\/index.php\/wp-json\/wp\/v2\/product\/48025","targetHints":{"allow":["GET"]}}],"collection":[{"href":"https:\/\/portifolioos-prontos.com\/index.php\/wp-json\/wp\/v2\/product"}],"about":[{"href":"https:\/\/portifolioos-prontos.com\/index.php\/wp-json\/wp\/v2\/types\/product"}],"version-history":[{"count":1,"href":"https:\/\/portifolioos-prontos.com\/index.php\/wp-json\/wp\/v2\/product\/48025\/revisions"}],"predecessor-version":[{"id":48028,"href":"https:\/\/portifolioos-prontos.com\/index.php\/wp-json\/wp\/v2\/product\/48025\/revisions\/48028"}],"wp:featuredmedia":[{"embeddable":true,"href":"https:\/\/portifolioos-prontos.com\/index.php\/wp-json\/wp\/v2\/media\/48026"}],"wp:attachment":[{"href":"https:\/\/portifolioos-prontos.com\/index.php\/wp-json\/wp\/v2\/media?parent=48025"}],"wp:term":[{"taxonomy":"product_cat","embeddable":true,"href":"https:\/\/portifolioos-prontos.com\/index.php\/wp-json\/wp\/v2\/product_cat?post=48025"},{"taxonomy":"product_tag","embeddable":true,"href":"https:\/\/portifolioos-prontos.com\/index.php\/wp-json\/wp\/v2\/product_tag?post=48025"}],"curies":[{"name":"wp","href":"https:\/\/api.w.org\/{rel}","templated":true}]}}