{"id":4838,"date":"2022-07-19T15:58:28","date_gmt":"2022-07-19T18:58:28","guid":{"rendered":"https:\/\/portifolioos-prontos.com\/?post_type=product&#038;p=4838"},"modified":"2022-10-06T14:35:50","modified_gmt":"2022-10-06T17:35:50","slug":"portfolio-caso-o-municipio-de-pato-roxo-uma-analise-contabil-financeira-para-a-tomada-de-decisao","status":"publish","type":"product","link":"https:\/\/portifolioos-prontos.com\/index.php\/product\/portfolio-caso-o-municipio-de-pato-roxo-uma-analise-contabil-financeira-para-a-tomada-de-decisao\/","title":{"rendered":"Portf\u00f3lio Caso: O munic\u00edpio de Pato Roxo: uma an\u00e1lise cont\u00e1bil-financeira para a tomada de decis\u00e3o"},"content":{"rendered":"<h4>Portf\u00f3lio Caso: O munic\u00edpio de Pato Roxo: uma an\u00e1lise cont\u00e1bil-financeira para a tomada de decis\u00e3o<\/h4>\n<h4>Curso: Ci\u00eancias Cont\u00e1beis<\/h4>\n<h4>Semestre: 5\u00b0 e 6\u00b0 semestre<\/h4>\n<hr \/>\n<p>A proposta de Produ\u00e7\u00e3o Textual Interdisciplinar em Grupo (PTG) ter\u00e1 como tem\u00e1tica<br \/>\no \u201c<strong>Caso: O munic\u00edpio de Pato Roxo: uma an\u00e1lise cont\u00e1bil-financeira para a tomada de<\/strong><br \/>\n<strong>decis\u00e3o\u201d<\/strong>. Escolhemos esta tem\u00e1tica para possibilitar a aprendizagem interdisciplinar dos<br \/>\nconte\u00fados desenvolvidos nas disciplinas desse semestre.<br \/>\nNo final deste manual, constam todas as informa\u00e7\u00f5es necess\u00e1rias para a constru\u00e7\u00e3o<br \/>\ndo trabalho em grupo. Fa\u00e7a uma leitura na integra e observe todos as normas e orienta\u00e7\u00f5es<br \/>\npara que o desenvolvimento do trabalho seja satisfat\u00f3rio e possa atender todas as<br \/>\nsolicita\u00e7\u00f5es que a atividade exige.<br \/>\nSe houver qualquer d\u00favida no desenvolvimento deste trabalho, sempre recorra as<br \/>\ninstru\u00e7\u00f5es aqui presentes, bem como, acione o seu tutor a dist\u00e2ncia para que ele possa<br \/>\nauxili\u00e1-lo da melhor forma poss\u00edvel.<br \/>\nPara atingir os objetivos desta produ\u00e7\u00e3o textual, voc\u00ea dever\u00e1 seguir as instru\u00e7\u00f5es<br \/>\nvoltadas \u00e0 elabora\u00e7\u00e3o do trabalho disponibilizadas ao longo do semestre, sob a orienta\u00e7\u00e3o<br \/>\ndo Tutor a Dist\u00e2ncia, considerando as disciplinas norteadoras. A participa\u00e7\u00e3o na consecu\u00e7\u00e3o<br \/>\nda proposta \u00e9 fundamental para que haja o pleno desenvolvimento de compet\u00eancias e<br \/>\nhabilidades requeridas em sua atua\u00e7\u00e3o profissional.<\/p>\n<p>SITUA\u00c7\u00c3O GERADORA DE APRENDIZAGEM (SGA)<\/p>\n<p>Caso: O munic\u00edpio de Pato Roxo: uma an\u00e1lise cont\u00e1bil-financeira para a tomada de<\/p>\n<p>decis\u00e3o.<\/p>\n<p>Caro(a) Aluno(a),<br \/>\nSejam muito bem-vindos a esta Produ\u00e7\u00e3o Textual que tem como tem\u00e1tica \u201cCaso: O<br \/>\nmunic\u00edpio de Pato Roxo: uma an\u00e1lise das Demonstra\u00e7\u00f5es Cont\u00e1beis para auxiliar a tomada<br \/>\nde decis\u00e3o\u201d. Este tema possibilita a aprendizagem interdisciplinar dos conte\u00fados<br \/>\ndesenvolvidos nas disciplinas deste semestre.<br \/>\nPara iniciar nossa atividade, \u00e9 importante destacar algumas informa\u00e7\u00f5es importantes<br \/>\nsobre o munic\u00edpio em an\u00e1lise. Pato Roxo \u00e9 um importante munic\u00edpio localizado no Norte do<br \/>\nParan\u00e1, regi\u00e3o que concentra os maiores produtores de caf\u00e9 do Estado, e tamb\u00e9m de<br \/>\ncereais, como arroz, milho e trigo. Seu nome se deve ao fato de que os imigrantes italianos<br \/>\nque trabalhavam nas fazendas de caf\u00e9 referiam-se ao solo pelo nome de terra rossa, que<br \/>\nem italiano significa \u201cvermelho\u201d, e que posteriormente, os brasileiros adaptaram o termo<br \/>\nitaliano para ent\u00e3o \u201cterra roxa\u201d.<br \/>\nO munic\u00edpio de Pato Roxo \u00e9 conhecido pela excelente gest\u00e3o p\u00fablica que vem sendo<br \/>\nrealizada ao longo dos anos, assim, se tornou refer\u00eancia para diversas cidades que buscam<br \/>\nmelhores pol\u00edticas de gest\u00e3o e transpar\u00eancia. Para que isso se tornasse realidade, o<\/p>\n<p>planejamento e execu\u00e7\u00e3o de pol\u00edticas p\u00fablicas exigem o conhecimento da condi\u00e7\u00e3o cont\u00e1bil-<br \/>\nfinanceira do munic\u00edpio, para que as decis\u00f5es sejam tomadas de forma mais eficientes e<\/p>\n<p>eficazes.<br \/>\nNo nosso pa\u00eds, as pol\u00edticas p\u00fablicas levam em considera\u00e7\u00e3o as rela\u00e7\u00f5es e o<br \/>\nenvolvimento dos tr\u00eas entes federativos: a Uni\u00e3o, os Estados e os Munic\u00edpios. Os entes<br \/>\nfederativos, em conjunto, t\u00eam responsabilidade m\u00fatua no oferecimento de bens e servi\u00e7os<br \/>\nde necessidades p\u00fablicas a toda popula\u00e7\u00e3o.<br \/>\n\u00c9 neste contexto que a Contabilidade deve exercer o seu papel para demonstrar, de<br \/>\nmaneira adequada e evidenciada, a sa\u00fade financeira de cada ente, auxiliando no processo<br \/>\nde tomada de decis\u00e3o, favorecendo para iniciativas p\u00fablicas de cunho econ\u00f4mico e<br \/>\nsocioambientais, e tamb\u00e9m de presta\u00e7\u00e3o de contas com a sociedade.<\/p>\n<p>PRODU\u00c7\u00c3O TEXTUAL<br \/>\nINTERDISCIPLINAR<br \/>\nINDIVIDUAL \u2013 PTI<br \/>\nComo dito, a atua\u00e7\u00e3o da gest\u00e3o municipal local preza pela excel\u00eancia, atuando de<br \/>\nforma transparente e conforme a legisla\u00e7\u00e3o. O munic\u00edpio tamb\u00e9m busca ser sustent\u00e1vel,<br \/>\npois grande parte dos servi\u00e7os de interesses p\u00fablicos depende disso e s\u00e3o essenciais.<br \/>\nSob a \u00f3tica financeira, ao longo do tempo, foram estabelecidas diversas normas para<br \/>\nconduzir as finan\u00e7as governamentais ao equil\u00edbrio fiscal, possibilitando o monitoramento, o<br \/>\ncontrole e tamb\u00e9m redu\u00e7\u00e3o de problemas fiscais. Entre elas, tem-se a Lei Complementar no.<br \/>\n101\/00, mais conhecida como Lei de Responsabilidade Fiscal (LRF), a qual \u00e9 seguida de<br \/>\nmaneira precisa, observando todos os seus pilares.<br \/>\nEssa medida foi tomada, pois situa\u00e7\u00f5es de desequil\u00edbrio fiscal dos entes<br \/>\ngovernamentais v\u00e3o impactar nas suas pr\u00f3prias condi\u00e7\u00f5es financeiras que, por sua vez, \u00e9<br \/>\nafetada pela rela\u00e7\u00e3o de equil\u00edbrio de receitas e despesas., e consequentemente, impacta no<br \/>\ndesenvolvimento de melhorias para toda a popula\u00e7\u00e3o, seja em obras de infraestrutura,<br \/>\nacesso a sa\u00fade e educa\u00e7\u00e3o, policiamento, dentre outros investimentos necess\u00e1rios.<br \/>\nOutro ponto importante que precisamos destacar, \u00e9 que as Entidades P\u00fablicas<br \/>\nprecisam de recursos para o desenvolver de suas atividades. Em rela\u00e7\u00e3o as fontes de<br \/>\nrecursos governamentais, ou simplesmente receitas, s\u00e3o compostas por elementos como<br \/>\nimpostos, taxas, contribui\u00e7\u00f5es e transfer\u00eancias intergovernamentais. S\u00e3o esses recursos<br \/>\nque v\u00e3o manter o funcionamento dessas entidades, ou seja, v\u00e3o suprir os gastos p\u00fablicos<br \/>\nmunicipais incorridos com a presta\u00e7\u00e3o de servi\u00e7os \u00e0 popula\u00e7\u00e3o.<br \/>\nNo mesmo caminho, n\u00e3o podemos deixar de se atentar com as despesas, que s\u00e3o<br \/>\nt\u00e3o importantes quanto as receitas e precisam ser observadas quanto ao fluxo de gastos<br \/>\nnecess\u00e1rios a satisfazer os interesses da popula\u00e7\u00e3o. Os cidad\u00e3os do munic\u00edpio podem<br \/>\ncobrar por uma s\u00e9rie de servi\u00e7os, mas, muitas vezes, o governo federal e os governos<br \/>\nestaduais colocam uma s\u00e9rie de regras e burocracias, que acabam restringindo algumas<br \/>\npossibilidades de gest\u00e3o cont\u00e1bil-financeira para os munic\u00edpios.<br \/>\nAssim, pode-se mencionar que a sa\u00fade financeira est\u00e1 diretamente ligada ao modo<br \/>\ncomo as entidades governamentais tomam suas decis\u00f5es de receitas e de gastos em um<br \/>\nambiente econ\u00f4mico e socioambiental. E para tal, temos a Contabilidade como principal<br \/>\nferramenta para analisar a situa\u00e7\u00e3o da Entidade.<br \/>\nA Contabilidade vai fornecer aos usu\u00e1rios, informa\u00e7\u00f5es sobre os resultados<br \/>\nalcan\u00e7ados, e os aspetos de natureza or\u00e7ament\u00e1ria, econ\u00f4mica, financeira e f\u00edsica do patrim\u00f4nio da entidade do setor p\u00fablico e suas muta\u00e7\u00f5es, em apoio ao processo de tomada<br \/>\nde decis\u00e3o.<br \/>\nAs demonstra\u00e7\u00f5es cont\u00e1beis no setor p\u00fablico devem proporcionar informa\u00e7\u00e3o \u00fatil<br \/>\npara subsidiar a tomada de decis\u00e3o, a presta\u00e7\u00e3o de contas e responsabiliza\u00e7\u00e3o da entidade<br \/>\nquanto aos recursos que lhe foram confiados. Para realizar a avalia\u00e7\u00e3o do comportamento<br \/>\ncont\u00e1bil-financeiro do munic\u00edpio de Pato Roxo, contamos com o Balan\u00e7o Financeiro, o<br \/>\nBalan\u00e7o Patrimonial e a Demonstra\u00e7\u00e3o dos Fluxos de Caixa (DFC), relat\u00f3rios apresentados<br \/>\na abaixo.<br \/>\nPor meio dessas demonstra\u00e7\u00f5es cont\u00e1beis, \u00e9 poss\u00edvel avaliar a condi\u00e7\u00e3o financeira<br \/>\ndo Munic\u00edpio de Pato Roxo sob a perspectiva financeira no per\u00edodo de 20\u00d70 a 20\u00d72. Neste<br \/>\ncaminho, voc\u00ea s\u00e3o convidados a conhecer algumas situa\u00e7\u00f5es econ\u00f4micas e<br \/>\nsocioambientais da localidade. Feito isso, observe, pense, calcule e analise para atingir o<br \/>\nque \u00e9 proposto.<br \/>\nEnt\u00e3o vamos iniciar os trabalhos!<\/p>\n<p>SITUA\u00c7\u00d5ES-PROBLEMA<\/p>\n<p>O processo de an\u00e1lise das demonstra\u00e7\u00f5es cont\u00e1beis, seja ele aplicado \u00e0s entidades<br \/>\np\u00fablicas ou privadas, passa por etapas que buscam agregar n\u00edveis confiabilidade e,<br \/>\nposteriormente, assertividade nas conclus\u00f5es e decis\u00f5es tomadas pelos analistas, gestores<br \/>\ne administradores.<br \/>\nNesse processo, um dos pressupostos mais importantes \u00e9 a verifica\u00e7\u00e3o se os dados<br \/>\ne informa\u00e7\u00f5es apresentadas nas demonstra\u00e7\u00f5es cont\u00e1beis foram concebidos obedecendo<br \/>\nao rigor metodol\u00f3gico e as determina\u00e7\u00f5es legais exigidos na pr\u00e1tica cont\u00e1bil. No caso do<br \/>\nmunic\u00edpio de Pato Roxo, podemos partir para a realiza\u00e7\u00e3o das an\u00e1lises cont\u00e1bil-financeiras<br \/>\nconsiderando que as demonstra\u00e7\u00f5es apresentadas a seguir retratam de modo fidedigno e<br \/>\nrelevante a situa\u00e7\u00e3o patrimonial, econ\u00f4mica e financeira do munic\u00edpio em quest\u00e3o.<br \/>\nPara iniciar an\u00e1lise, uma das primeiras perguntas que se deve fazer \u00e9 quanto ao seu<br \/>\nobjetivo, ou seja, quais conclus\u00f5es se quer chegar analisando essas demonstra\u00e7\u00f5es?<br \/>\nNo nosso caso, o objetivo inicial de an\u00e1lise \u00e9 verificar o comportamento cont\u00e1bil e<br \/>\nfinanceiro, ao longo dos anos apresentados (20\u00d70, 20\u00d71 e 20\u00d72), dos elementos que<br \/>\ncomp\u00f5em as demonstra\u00e7\u00f5es (Balan\u00e7o Patrimonial e DFC) do munic\u00edpio de Pato Roxo. Para<br \/>\nisso, deve-se realizar a an\u00e1lise horizontal das demonstra\u00e7\u00f5es apresentadas.<br \/>\nAl\u00e9m de compreender o comportamento dos elementos das demonstra\u00e7\u00f5es cont\u00e1beis<br \/>\nno decorrer dos anos, outro ponto relevante que pode ser conhecido diz respeito a<br \/>\nrepresentatividade que cada elemento possui, por exemplo, em rela\u00e7\u00e3o ao grupo patrimonial<br \/>\nao qual ele pertence. Nesse sentido, deve-se realizar tamb\u00e9m a an\u00e1lise vertical das<br \/>\ndemonstra\u00e7\u00f5es apresentadas.<br \/>\nA an\u00e1lise vertical, em conson\u00e2ncia com a an\u00e1lise horizontal, proporciona uma vis\u00e3o<br \/>\nacurada e hol\u00edstica das demonstra\u00e7\u00f5es cont\u00e1beis, possibilitando uma amplia\u00e7\u00e3o da<br \/>\ncapacidade informacional dos demonstrativos, bem como, uma maior capacidade de<br \/>\ninterpreta\u00e7\u00e3o e compreens\u00e3o por parte de seus usu\u00e1rios.<br \/>\nNo entanto, al\u00e9m de apresentar os c\u00e1lculos, \u00e9 fundamental apresentar conjuntamente<br \/>\numa an\u00e1lise descritiva dos resultados encontrados, de modo que sejam destacados, por<br \/>\nexemplo, quais foram as contas patrimoniais que apresentaram maior varia\u00e7\u00e3o, ou ainda<br \/>\nquais apresentaram a representatividade em rela\u00e7\u00e3o ao grupo que pertencem. Nessa etapa,<br \/>\no seu parecer de an\u00e1lise deve buscar evidenciar de forma clara os resultados mais relevantes encontrados nas an\u00e1lises vertical e horizontal realizados nas demonstra\u00e7\u00f5es<br \/>\napresentadas a seguir pelo munic\u00edpio de Pato Roxo.<\/p>\n<div class=\"elementor-toggle-item\">\n<div class=\"elementor-toggle-item\">\n<h4 id=\"elementor-tab-title-1941\" class=\"elementor-tab-title elementor-active\" tabindex=\"0\" role=\"tab\" data-tab=\"1\" aria-controls=\"elementor-tab-content-1941\" aria-expanded=\"true\" aria-selected=\"true\">Como funciona?<\/h4>\n<div id=\"elementor-tab-content-1941\" class=\"elementor-tab-content elementor-clearfix elementor-active\" role=\"tabpanel\" data-tab=\"1\" aria-labelledby=\"elementor-tab-title-1941\">\n<p>Elaboramos os portf\u00f3lios, j\u00e1 deixamos prontos, nas normas da ABNT e conforme os requisitos da universidade. F\u00e1cil assim! O MELHOR \u00c9 QUE VOC\u00ca COMPRA E J\u00c1 BAIXA NA HORA O SEU ARQUIVO EM WORD! Sabemos que conciliar trabalho, fam\u00edlia, vida profissional e estudos \u00e9 dif\u00edcil hoje em dia, por isso, estamos aqui para ajudar voc\u00ea. Conte com nossa qualidade, experi\u00eancia e profissionalismo adquirindo seu portf\u00f3lio conosco. GARANTIMOS SEU CONCEITO!<\/p>\n<h4>Como se realizam os envios?<\/h4>\n<\/div>\n<\/div>\n<div class=\"elementor-toggle-item\">\n<div id=\"elementor-tab-content-1942\" class=\"elementor-tab-content elementor-clearfix elementor-active\" role=\"tabpanel\" data-tab=\"2\" aria-labelledby=\"elementor-tab-title-1942\">O seu trabalho \u00e9 disponibilizado pronto, respondido e nas normas j\u00e1 na mesma hora aqui em nosso site na sua \u00e1rea de downloads e tamb\u00e9m no seu e-mail.<\/div>\n<\/div>\n<div class=\"elementor-toggle-item\">\n<div id=\"elementor-tab-content-1943\" class=\"elementor-tab-content elementor-clearfix elementor-active\" role=\"tabpanel\" data-tab=\"3\" aria-labelledby=\"elementor-tab-title-1943\">\n<h4>Em quanto tempo recebo o portf\u00f3lio?<\/h4>\n<\/div>\n<\/div>\n<div class=\"elementor-toggle-item\">\n<div id=\"elementor-tab-content-1944\" class=\"elementor-tab-content elementor-clearfix elementor-active\" role=\"tabpanel\" data-tab=\"4\" aria-labelledby=\"elementor-tab-title-1944\">\n<p>Os envios s\u00e3o imediatos. Ap\u00f3s sua compra, o trabalho j\u00e1 \u00e9 disponibilizado instantaneamente aqui em nosso site e no seu e-mail.<\/p>\n<h4>E se o portf\u00f3lio que comprei precisar de corre\u00e7\u00e3o?<\/h4>\n<\/div>\n<\/div>\n<div class=\"elementor-toggle-item\">\n<div id=\"elementor-tab-content-1945\" class=\"elementor-tab-content elementor-clearfix elementor-active\" role=\"tabpanel\" data-tab=\"5\" aria-labelledby=\"elementor-tab-title-1945\">\n<p>Caso haja alguma solicita\u00e7\u00e3o de corre\u00e7\u00e3o\/altera\u00e7\u00e3o por parte do tutor, basta entrar em contato conosco pelo\u00a0WhatsApp\u00a0que provid\u00eanciaremos sem custo algum.<\/p>\n<h4>Qual o formato do arquivo?<\/h4>\n<\/div>\n<\/div>\n<div class=\"elementor-toggle-item\">\n<div id=\"elementor-tab-content-1946\" class=\"elementor-tab-content elementor-clearfix elementor-active\" role=\"tabpanel\" data-tab=\"6\" aria-labelledby=\"elementor-tab-title-1946\">\n<p>Os arquivos s\u00e3o enviados em formato Word e s\u00e3o edit\u00e1veis.<\/p>\n<h4>Caso eu tiver alguma d\u00favida, terei suporte no p\u00f3s venda?<\/h4>\n<\/div>\n<\/div>\n<div class=\"elementor-toggle-item\">\n<div id=\"elementor-tab-content-1948\" class=\"elementor-tab-content elementor-clearfix elementor-active\" role=\"tabpanel\" data-tab=\"8\" aria-labelledby=\"elementor-tab-title-1948\">\n<p>Sim, com certeza. Basta clicar no \u00edcone do WhatsApp no cantinho da tela. Ser\u00e1 um prazer atend\u00ea-lo(a).<\/p>\n<div class=\"elementor-toggle-item\">\n<div id=\"elementor-tab-content-1948\" class=\"elementor-tab-content elementor-clearfix elementor-active\" role=\"tabpanel\" data-tab=\"8\" aria-labelledby=\"elementor-tab-title-1948\">\n<h4>Quais os seus canais de contato?<\/h4>\n<\/div>\n<\/div>\n<div class=\"elementor-toggle-item\">\n<div id=\"elementor-tab-content-1949\" class=\"elementor-tab-content elementor-clearfix elementor-active\" role=\"tabpanel\" data-tab=\"9\" aria-labelledby=\"elementor-tab-title-1949\">\n<p>Whatsapp: 53 984751621 \u2013 Clicar no canto da tela ou ESCANEIE O QRCODE ABAIXO<\/p>\n<p><img decoding=\"async\" class=\"alignnone wp-image-7603\" src=\"http:\/\/portifolioos-prontos.com\/wp-content\/uploads\/2022\/09\/portfolio-unopar-pronto-colaborar-ava-producao-textual-interdisciplinar.png\" alt=\"Caso: O munic\u00edpio de Pato Roxo: uma an\u00e1lise cont\u00e1bil-financeira para a tomada de decis\u00e3o,portf\u00f3lio Caso: O munic\u00edpio de Pato Roxo: uma an\u00e1lise cont\u00e1bil-financeira para a tomada de decis\u00e3o,portf\u00f3lio unopar Caso: O munic\u00edpio de Pato Roxo: uma an\u00e1lise cont\u00e1bil-financeira para a tomada de decis\u00e3o,portf\u00f3lio pronto Caso: O munic\u00edpio de Pato Roxo: uma an\u00e1lise cont\u00e1bil-financeira para a tomada de decis\u00e3o,portf\u00f3lio ead Caso: O munic\u00edpio de Pato Roxo: uma an\u00e1lise cont\u00e1bil-financeira para a tomada de decis\u00e3o,portf\u00f3lio ciencias contabeis,portfolio ciencias contabeis 1 semestre unopar,portfolio ciencias contabeis 2 semestre unopar,portfolio ciencias contabeis unopar 5 semestre,portfolio ciencias contabeis,portfolio ciencias contabeis unopar 6 semestre,portf\u00f3lio ci\u00eancias cont\u00e1beis 2 semestre unopar 2021,portfolio unopar ciencias contabeis 8 semestre,portfolio unopar ciencias contabeis 8 semestre 2021,portfolio estagio supervisionado ciencias contabeis unopar,portfolio interdisciplinar individual ciencias contabeis,Portfolio pronto,portifolio pronto,portf\u00f3lio pronto,portifolios prontos,portif\u00f3lios prontos,portf\u00f3lio pronto unopar,portifolio pronto unopar,portif\u00f3lio pronto unopar,portifolios prontos unopar,portifolios prontos anhanguera,produ\u00e7\u00e3o textual interdisciplinar,portfolio pronto unopar,portf\u00f3lios prontos anhanguera,portf\u00f3lio pronto anhanguera,portfolios ead,portf\u00f3lios ead,portfolioead,apostileiros,portf\u00f3lio ead,portifolios ead,portif\u00f3lios ead,eadhelp,shop do acad\u00eamico,unopar portfolio,portfolio pronto ead,portfolio unopar ead,ead portfolio ava,portf\u00f3lio ead anhanguera,portf\u00f3lio ead pronto,portf\u00f3lio ead unopar,portf\u00f3lio pronto em word,pti unopar,ptg unopar,modelo de portf\u00f3lio unopar,modelo de portf\u00f3lio anhanguera,como fazer um portf\u00f3lio para faculdade,como faz portf\u00f3lio universidade,como faz portf\u00f3lios para universidade,portf\u00f3lios prontos para universidade,portf\u00f3lios pronto para faculdade,portf\u00f3lio pronto para editar,portifolios prontos para editar,portf\u00f3lio em word,portfolio em word,portf\u00f3lio em word para editar,portifolio em word para editar,portfolio unopar pronto para editar,modelo de portfolio para unopar,modelo de portif\u00f3lio para unopar,modelo de portf\u00f3lio para unopar,unopar portf\u00f3lio pronto,anhanguera portf\u00f3lio pronto,portf\u00f3lio em word pronto,comprar portf\u00f3lio pronto,como fazer um portf\u00f3lio,como fazer portf\u00f3lio digital,portfolio,portf\u00f3lio,portifolio,portif\u00f3lio,portf\u00f3lio interdisciplinar individual,portfolio interdisciplinar individual,exemplos de portf\u00f3lio para faculdade,baixar portf\u00f3lio pronto,portf\u00f3lio acad\u00eamico,portf\u00f3lio online,portfoliooead,portfolio ead,portf\u00f3lio pronto interdisciplinar individual,relat\u00f3rio de est\u00e1gio unopar,relat\u00f3rio de est\u00e1gio pronto unopar,como criar um portf\u00f3lio,o que \u00e9 um portf\u00f3lio e como fazer,portfolio exemplo,modelo de portfolio acad\u00eamico,relat\u00f3rio de est\u00e1gio gest\u00e3o escolar pronto unopar,portf\u00f3lio como fazer,prova profici\u00eancia unopar,portfolio individual est\u00e1gio curricular obrigat\u00f3rio ii anos iniciais do ensino fundamental,prova de profici\u00eancia pedagogia unopar,capa de trabalho unopar para editar,portf\u00f3lio acad\u00eamico unopar,como fazer um portf\u00f3lio acad\u00eamico,portf\u00f3lio exemplos word,portfolio acad\u00eamico,portfolio individual,portfolio individual unopar,portfolio individual anhanguera,portfolio marketing digital,portf\u00f3lio educa\u00e7\u00e3o f\u00edsica unopar,portf\u00f3lio gest\u00e3o educacional e espa\u00e7os n\u00e3o escolares,como fazer um portifolio unopar,modelo de portf\u00f3lio unopar em arquivo word,capa de portf\u00f3lio de pedagogia,como fazer um portf\u00f3lio no word,projeto integrado unopar,exemplo de portf\u00f3lio academico pedagogia\" width=\"141\" height=\"141\" srcset=\"https:\/\/portifolioos-prontos.com\/wp-content\/uploads\/2022\/09\/portfolio-unopar-pronto-colaborar-ava-producao-textual-interdisciplinar.png 150w, https:\/\/portifolioos-prontos.com\/wp-content\/uploads\/2022\/09\/portfolio-unopar-pronto-colaborar-ava-producao-textual-interdisciplinar-100x100.png 100w\" sizes=\"(max-width: 141px) 100vw, 141px\" \/><\/p>\n<\/div>\n<\/div>\n<\/div>\n<\/div>\n<div class=\"elementor-toggle-item\">\n<div id=\"elementor-tab-content-1949\" class=\"elementor-tab-content elementor-clearfix elementor-active\" role=\"tabpanel\" data-tab=\"9\" aria-labelledby=\"elementor-tab-title-1949\">\n<p>E-mail:portifoliosp@gmail.com<\/p>\n<div id=\"attachment_143\" class=\"wp-caption alignnone\" style=\"width: 164px;\">\n<div id=\"attachment_143\" style=\"width: 171px\" class=\"wp-caption alignnone\"><a href=\"http:\/\/portifolioos-prontos.com\"><img decoding=\"async\" aria-describedby=\"caption-attachment-143\" class=\"wp-image-143\" title=\"portfolio pronto unopar\" src=\"http:\/\/portifolioos-prontos.com\/wp-content\/uploads\/2022\/04\/conceitomaximo.png\" alt=\"PORTFOLIO PRONTO UNOPAR ANHANGUERA\" width=\"161\" height=\"46\" aria-describedby=\"caption-attachment-143\" \/><\/a><p id=\"caption-attachment-143\" class=\"wp-caption-text\">Portf\u00f3lio em Word, respondido, completo e j\u00e1 nas normas.<\/p><\/div>\n<\/div>\n<\/div>\n<\/div>\n<\/div>\n","protected":false},"excerpt":{"rendered":"<p>Portf\u00f3lio Caso: O munic\u00edpio de Pato Roxo: uma an\u00e1lise cont\u00e1bil-financeira para a tomada de decis\u00e3o Curso: Ci\u00eancias Cont\u00e1beis Semestre: 5\u00b0 e 6\u00b0 semestre A proposta de Produ\u00e7\u00e3o Textual Interdisciplinar em Grupo (PTG) ter\u00e1 como tem\u00e1tica o \u201cCaso: O munic\u00edpio de Pato Roxo: uma an\u00e1lise cont\u00e1bil-financeira para a tomada de decis\u00e3o\u201d. Escolhemos esta tem\u00e1tica para possibilitar&hellip;<\/p>\n","protected":false},"featured_media":5261,"template":"","meta":{"_seopress_robots_primary_cat":"none","_seopress_titles_title":"%%post_title%% %%sitetitle%%","_seopress_titles_desc":"%%post_content%%","_seopress_robots_index":""},"product_cat":[32,15],"product_tag":[],"class_list":{"0":"post-4838","1":"product","2":"type-product","3":"status-publish","4":"has-post-thumbnail","6":"product_cat-ciencias-contabeis","7":"product_cat-uncategorized","9":"first","10":"instock","11":"featured","12":"downloadable","13":"virtual","14":"purchasable","15":"product-type-simple","16":"col-xs-6 col-sm-4","17":"col-mf-5","18":"un-5-cols"},"jetpack_sharing_enabled":true,"_links":{"self":[{"href":"https:\/\/portifolioos-prontos.com\/index.php\/wp-json\/wp\/v2\/product\/4838","targetHints":{"allow":["GET"]}}],"collection":[{"href":"https:\/\/portifolioos-prontos.com\/index.php\/wp-json\/wp\/v2\/product"}],"about":[{"href":"https:\/\/portifolioos-prontos.com\/index.php\/wp-json\/wp\/v2\/types\/product"}],"version-history":[{"count":0,"href":"https:\/\/portifolioos-prontos.com\/index.php\/wp-json\/wp\/v2\/product\/4838\/revisions"}],"wp:featuredmedia":[{"embeddable":true,"href":"https:\/\/portifolioos-prontos.com\/index.php\/wp-json\/wp\/v2\/media\/5261"}],"wp:attachment":[{"href":"https:\/\/portifolioos-prontos.com\/index.php\/wp-json\/wp\/v2\/media?parent=4838"}],"wp:term":[{"taxonomy":"product_cat","embeddable":true,"href":"https:\/\/portifolioos-prontos.com\/index.php\/wp-json\/wp\/v2\/product_cat?post=4838"},{"taxonomy":"product_tag","embeddable":true,"href":"https:\/\/portifolioos-prontos.com\/index.php\/wp-json\/wp\/v2\/product_tag?post=4838"}],"curies":[{"name":"wp","href":"https:\/\/api.w.org\/{rel}","templated":true}]}}