{"id":4846,"date":"2022-07-19T16:07:01","date_gmt":"2022-07-19T19:07:01","guid":{"rendered":"https:\/\/portifolioos-prontos.com\/?post_type=product&#038;p=4846"},"modified":"2022-10-06T14:35:41","modified_gmt":"2022-10-06T17:35:41","slug":"portfolio-a-historicidade-do-direito-a-posse-de-terras-pelos-povos-originarios","status":"publish","type":"product","link":"https:\/\/portifolioos-prontos.com\/index.php\/product\/portfolio-a-historicidade-do-direito-a-posse-de-terras-pelos-povos-originarios\/","title":{"rendered":"Portf\u00f3lio A historicidade do direito a posse de terras pelos povos origin\u00e1rios"},"content":{"rendered":"<h4>Portf\u00f3lio A historicidade do direito a posse de terras pelos povos origin\u00e1rios<\/h4>\n<h4>Curso: Hist\u00f3ria<\/h4>\n<h4>Semestre: 7\u00b0\/8\u00b0<\/h4>\n<hr \/>\n<p>A presente proposta de <strong>Produ\u00e7\u00e3o Textual Interdisciplinar Individual (PTI) possui como<\/strong><br \/>\n<strong>tem\u00e1tica a historicidade do direito a posse de terras pelos povos origin\u00e1rios<\/strong>. Escolhemos esta<br \/>\ntem\u00e1tica para possibilitar a aprendizagem interdisciplinar dos conte\u00fados desenvolvidos nas<br \/>\ndisciplinas desse semestre.<br \/>\nPara nortear a organiza\u00e7\u00e3o do trabalho nessa tem\u00e1tica, disponibilizamos alguns materiais,<br \/>\ncom destaque para o texto Colonialidade do poder e a viol\u00eancia contra os povos ind\u00edgenas de Clovis<br \/>\nAntonio Brighenti que discute sobre a \u201cColonialidade do Poder, conceito proposto pelo soci\u00f3logo<br \/>\nperuano An\u00edbal Quijano, analisando que mesmo com as independ\u00eancias das col\u00f4nias dos<br \/>\nimp\u00e9rios ib\u00e9ricos, o poder colonial se manteve\u201d (BRIGUENTI, 2015, p. 103) e o texto Povos<br \/>\nind\u00edgenas e o direito \u00e0 terra na realidade brasileira de Eliz\u00e2ngela Cardoso de Ara\u00fajo Silva que traz um<br \/>\nhist\u00f3rico bem detalhado sobre a quest\u00e3o da posse da terra pelos povos origin\u00e1rios desde o per\u00edodo<br \/>\ncolonial at\u00e9 a atualidade. O entendimento dos textos e dos seus principais conceitos \u00e9 fundamental<br \/>\npara a realiza\u00e7\u00e3o do trabalho.<\/p>\n<p>PRODU\u00c7\u00c3O TEXTUAL<br \/>\nINTERDISCIPLINAR<\/p>\n<p>A partir da leitura dos artigos mencionados, procure elaborar um texto que apresente o<br \/>\nhist\u00f3rico da luta dos povos origin\u00e1rios pelo direito a terra e como essa luta est\u00e1 colocada na<br \/>\natualidade.<\/p>\n<p>ORIENTA\u00c7\u00d5ES DA PRODU\u00c7\u00c3O TEXTUAL<\/p>\n<p>A Leitura da Situa\u00e7\u00e3o Geradora de Aprendizagem e da Situa\u00e7\u00e3o-Problema fornecer\u00e1 os<br \/>\nelementos necess\u00e1rios para a produ\u00e7\u00e3o textual proposta na sequ\u00eancia.<\/p>\n<p>SITUA\u00c7\u00c3O GERADORA DE APRENDIZAGEM (SGA)<\/p>\n<p>O assassinato do indigenista brasileiro Bruno Pereira e do jornalista ingl\u00eas Dom Phillips chocou<br \/>\no Brasil e a comunidade internacional. Os dois desapareceram e depois tiveram suas mortes<br \/>\nconfirmadas na regi\u00e3o do Vale do Javari, nas proximidades da cidade de Atalaia do Norte, munic\u00edpio<br \/>\ndo Amazonas, pr\u00f3ximo da fronteira com o Peru e a Col\u00f4mbia.<br \/>\nO caso agu\u00e7ou a curiosidade geral sobre a regi\u00e3o. Afinal, quais seriam os motivos do crime e<br \/>\npor que a regi\u00e3o \u00e9 considerada perigosa? Ca\u00e7a e pesca ilegais, atua\u00e7\u00e3o irregular de garimpeiros e<br \/>\nproblemas com a demarca\u00e7\u00e3o das terras ind\u00edgenas s\u00e3o o pano de fundo desse contexto t\u00e3o<br \/>\nconturbado.<br \/>\nNesse trabalho, voc\u00ea discutir\u00e1 sobre a historicidade do direito a posse de terras pelos povos<br \/>\norigin\u00e1rios, usando as ferramentas da hist\u00f3ria para compreender os conflitos de territ\u00f3rio nessa<br \/>\nregi\u00e3o do Brasil.<\/p>\n<p>SITUA\u00c7\u00c3O-PROBLEMA (SP)<br \/>\nPara compreender o tema e elaborar esse trabalho, voc\u00ea deve:<br \/>\n1. Ler o artigo intitulado Colonialidade do poder e a viol\u00eancia contra os povos ind\u00edgenas de<br \/>\nClovis Antonio Brighenti. (Dispon\u00edvel em:<br \/>\n<a href=\"https:\/\/www.periodicos.udesc.br\/index.php\/percursos\/article\/view\/1984724616322015\" rel=\"nofollow\">https:\/\/www.periodicos.udesc.br\/index.php\/percursos\/article\/view\/1984724616322015<\/a><br \/>\n103\/pdf_33 Acesso em 27 jun 2022.)<\/p>\n<p>PRODU\u00c7\u00c3O TEXTUAL<br \/>\nINTERDISCIPLINAR<br \/>\nINDIVIDUAL \u2013 PTI<br \/>\n2. Leitura do texto Povos ind\u00edgenas e o direito \u00e0 terra na realidade brasileira de Eliz\u00e2ngela<br \/>\nCardoso de Ara\u00fajo Silva. (dispon\u00edvel em\u00a0<a href=\"https:\/\/doi.org\/10.1590\/0101-6628.155\" rel=\"nofollow\">https:\/\/doi.org\/10.1590\/0101-6628.155<\/a>\u00a0. Acesso<br \/>\nem 27 jun. 2022).<\/p>\n<p>3. Assista ao v\u00eddeo do programa da Roda Viva da TV Cultura que entrevistou o indigenista e<br \/>\nativista social Sydney Possuelo em 13\/06\/2022: (Dispon\u00edvel em<br \/>\n<a href=\"https:\/\/youtu.be\/h49HypMwcN4\" rel=\"nofollow\">https:\/\/youtu.be\/h49HypMwcN4<\/a>. Acesso em: 27 jun. 2022).<\/p>\n<p>ORIENTA\u00c7\u00d5ES PARA A EXECU\u00c7\u00c3O DO TRABALHO<\/p>\n<p>1. A partir das leituras e do v\u00eddeo, voc\u00ea dever\u00e1 produzir um texto com o tema historicidade<br \/>\ndo direito a posse de terras pelos povos origin\u00e1rios. (os textos e o v\u00eddeo indicados s\u00e3o<br \/>\nobrigat\u00f3rios, mas voc\u00ea pode pesquisar outros materiais tamb\u00e9m).<br \/>\nA sua contribui\u00e7\u00e3o dever\u00e1 ser expostas observando as seguintes orienta\u00e7\u00f5es concernentes \u00e0<br \/>\nparte formal do seu trabalho:<br \/>\n1. Capa e folha de rosto: Utilizar capa e folha de rosto padronizadas da institui\u00e7\u00e3o.<br \/>\n2. Introdu\u00e7\u00e3o: A introdu\u00e7\u00e3o (1 lauda) deve contemplar:<br \/>\na. Apresenta\u00e7\u00e3o do tema;<br \/>\nb. Contextualiza\u00e7\u00e3o do tema;<br \/>\nc. Descri\u00e7\u00e3o do que ser\u00e1 discutido ao longo do texto.<br \/>\n3. Desenvolvimento: Para o desenvolvimento de seu trabalho (2 a 3 laudas), voc\u00ea dever\u00e1:<br \/>\na. Fundamentar teoricamente com base em conceitos extra\u00eddos das suas leituras as<br \/>\nquais dever\u00e3o ser citadas e referenciadas de acordo com as normas da ABNT.<br \/>\n4. Conclus\u00e3o: Para concluir seu texto, voc\u00ea deve apresentar as suas considera\u00e7\u00f5es finais acerca<br \/>\ndo tema. (1 lauda)<br \/>\n5. Anexos e ap\u00eandices: Apresentar, caso sejam utilizados, materiais, imagens, fotografias ou<br \/>\nregistros.<br \/>\n6. Refer\u00eancias: Apresentar todas as fontes utilizadas para consulta na elabora\u00e7\u00e3o das propostas.<br \/>\n7. Normas da ABNT: devem ser respeitadas e aplicadas em todas as etapas do trabalho.<\/p>\n<p>PRODU\u00c7\u00c3O TEXTUAL<br \/>\nINTERDISCIPLINAR<\/p>\n<p>OBSERVA\u00c7\u00c3O:<br \/>\nVoc\u00ea pode \u2013 e deve \u2013 consultar outras fontes (textos, artigos e afins) sobre o tema, na Biblioteca<br \/>\nDigital, na Biblioteca Virtual e nos materiais das disciplinas.<\/p>\n<div class=\"elementor-toggle-item\">\n<div class=\"elementor-toggle-item\">\n<h4 id=\"elementor-tab-title-1941\" class=\"elementor-tab-title elementor-active\" tabindex=\"0\" role=\"tab\" data-tab=\"1\" aria-controls=\"elementor-tab-content-1941\" aria-expanded=\"true\" aria-selected=\"true\">Como funciona?<\/h4>\n<div id=\"elementor-tab-content-1941\" class=\"elementor-tab-content elementor-clearfix elementor-active\" role=\"tabpanel\" data-tab=\"1\" aria-labelledby=\"elementor-tab-title-1941\">\n<p>Elaboramos os portf\u00f3lios, j\u00e1 deixamos prontos, nas normas da ABNT e conforme os requisitos da universidade. F\u00e1cil assim! O MELHOR \u00c9 QUE VOC\u00ca COMPRA E J\u00c1 BAIXA NA HORA O SEU ARQUIVO EM WORD! Sabemos que conciliar trabalho, fam\u00edlia, vida profissional e estudos \u00e9 dif\u00edcil hoje em dia, por isso, estamos aqui para ajudar voc\u00ea. Conte com nossa qualidade, experi\u00eancia e profissionalismo adquirindo seu portf\u00f3lio conosco. GARANTIMOS SEU CONCEITO!<\/p>\n<h4>Como se realizam os envios?<\/h4>\n<\/div>\n<\/div>\n<div class=\"elementor-toggle-item\">\n<div id=\"elementor-tab-content-1942\" class=\"elementor-tab-content elementor-clearfix elementor-active\" role=\"tabpanel\" data-tab=\"2\" aria-labelledby=\"elementor-tab-title-1942\">O seu trabalho \u00e9 disponibilizado pronto, respondido e nas normas j\u00e1 na mesma hora aqui em nosso site na sua \u00e1rea de downloads e tamb\u00e9m no seu e-mail.<\/div>\n<\/div>\n<div class=\"elementor-toggle-item\">\n<div id=\"elementor-tab-content-1943\" class=\"elementor-tab-content elementor-clearfix elementor-active\" role=\"tabpanel\" data-tab=\"3\" aria-labelledby=\"elementor-tab-title-1943\">\n<h4>Em quanto tempo recebo o portf\u00f3lio?<\/h4>\n<\/div>\n<\/div>\n<div class=\"elementor-toggle-item\">\n<div id=\"elementor-tab-content-1944\" class=\"elementor-tab-content elementor-clearfix elementor-active\" role=\"tabpanel\" data-tab=\"4\" aria-labelledby=\"elementor-tab-title-1944\">\n<p>Os envios s\u00e3o imediatos. Ap\u00f3s sua compra, o trabalho j\u00e1 \u00e9 disponibilizado instantaneamente aqui em nosso site e no seu e-mail.<\/p>\n<h4>E se o portf\u00f3lio que comprei precisar de corre\u00e7\u00e3o?<\/h4>\n<\/div>\n<\/div>\n<div class=\"elementor-toggle-item\">\n<div id=\"elementor-tab-content-1945\" class=\"elementor-tab-content elementor-clearfix elementor-active\" role=\"tabpanel\" data-tab=\"5\" aria-labelledby=\"elementor-tab-title-1945\">\n<p>Caso haja alguma solicita\u00e7\u00e3o de corre\u00e7\u00e3o\/altera\u00e7\u00e3o por parte do tutor, basta entrar em contato conosco pelo\u00a0WhatsApp\u00a0que provid\u00eanciaremos sem custo algum.<\/p>\n<h4>Qual o formato do arquivo?<\/h4>\n<\/div>\n<\/div>\n<div class=\"elementor-toggle-item\">\n<div id=\"elementor-tab-content-1946\" class=\"elementor-tab-content elementor-clearfix elementor-active\" role=\"tabpanel\" data-tab=\"6\" aria-labelledby=\"elementor-tab-title-1946\">\n<p>Os arquivos s\u00e3o enviados em formato Word e s\u00e3o edit\u00e1veis.<\/p>\n<h4>Caso eu tiver alguma d\u00favida, terei suporte no p\u00f3s venda?<\/h4>\n<\/div>\n<\/div>\n<div class=\"elementor-toggle-item\">\n<div id=\"elementor-tab-content-1948\" class=\"elementor-tab-content elementor-clearfix elementor-active\" role=\"tabpanel\" data-tab=\"8\" aria-labelledby=\"elementor-tab-title-1948\">\n<p>Sim, com certeza. Basta clicar no \u00edcone do WhatsApp no cantinho da tela. Ser\u00e1 um prazer atend\u00ea-lo(a).<\/p>\n<div class=\"elementor-toggle-item\">\n<div id=\"elementor-tab-content-1948\" class=\"elementor-tab-content elementor-clearfix elementor-active\" role=\"tabpanel\" data-tab=\"8\" aria-labelledby=\"elementor-tab-title-1948\">\n<h4>Quais os seus canais de contato?<\/h4>\n<\/div>\n<\/div>\n<div class=\"elementor-toggle-item\">\n<div id=\"elementor-tab-content-1949\" class=\"elementor-tab-content elementor-clearfix elementor-active\" role=\"tabpanel\" data-tab=\"9\" aria-labelledby=\"elementor-tab-title-1949\">\n<p>Whatsapp: 53 984751621 \u2013 Clicar no canto da tela ou ESCANEIE O QRCODE ABAIXO<\/p>\n<p><img decoding=\"async\" class=\"alignnone wp-image-7603\" src=\"http:\/\/portifolioos-prontos.com\/wp-content\/uploads\/2022\/09\/portfolio-unopar-pronto-colaborar-ava-producao-textual-interdisciplinar.png\" alt=\"A historicidade do direito a posse de terras pelos povos origin\u00e1rios,portf\u00f3lio A historicidade do direito a posse de terras pelos povos origin\u00e1rios,trabalho A historicidade do direito a posse de terras pelos povos origin\u00e1rios,portf\u00f3lio pronto A historicidade do direito a posse de terras pelos povos origin\u00e1rios,portf\u00f3lio pronto unopar A historicidade do direito a posse de terras pelos povos origin\u00e1rios,portfolio A historicidade do direito a posse de terras pelos povos origin\u00e1rios,portfolio unopar ead A historicidade do direito a posse de terras pelos povos origin\u00e1rios,portfolio ead A historicidade do direito a posse de terras pelos povos origin\u00e1rios,Portfolio pronto,portifolio pronto,portf\u00f3lio pronto,portifolios prontos,portif\u00f3lios prontos,portf\u00f3lio pronto unopar,portifolio pronto unopar,portif\u00f3lio pronto unopar,portifolios prontos unopar,portifolios prontos anhanguera,portf\u00f3lios prontos anhanguera,portf\u00f3lio pronto anhanguera,portfolios ead,portf\u00f3lios ead,portfolioead,apostileiros,portf\u00f3lio ead,portifolios ead,portif\u00f3lios ead,eadhelp,shop do acad\u00eamico,unopar portfolio,portfolio pronto ead,portfolio unopar ead,ead portfolio ava,portf\u00f3lio ead anhanguera,portf\u00f3lio ead pront,o portf\u00f3lio ead unopar,portf\u00f3lio pronto em word,pti unopar,ptg unopar,modelo de portf\u00f3lio unopar,modelo de portf\u00f3lio anhanguera,como fazer um portf\u00f3lio para faculdade,como faz portf\u00f3lio universidade,como faz portf\u00f3lios para universidade,portf\u00f3lios prontos para universidade,portf\u00f3lios pronto para faculdade,portf\u00f3lio pronto para editar,portifolios prontos para editar,portf\u00f3lio em word,portfolio em word,portf\u00f3lio em word para editar,portifolio em word para editar,portfolio unopar pronto para editar,modelo de portfolio para unopar,modelo de portif\u00f3lio para unopar,modelo de portf\u00f3lio para unopar,unopar portf\u00f3lio pronto,anhanguera portf\u00f3lio pronto,portf\u00f3lio em word pronto,comprar portf\u00f3lio pronto,como fazer um portf\u00f3lio,como fazer portf\u00f3lio digital,portfolio,portf\u00f3lio,portifolio,portif\u00f3lio,portf\u00f3lio interdisciplinar individual,portfolio interdisciplinar individual,exemplos de portf\u00f3lio para faculdade,baixar portf\u00f3lio pronto,portf\u00f3lio acad\u00eamico,portf\u00f3lio online,portfoliooead,portfolio ead,portf\u00f3lio pronto interdisciplinar individual,relat\u00f3rio de est\u00e1gio unopar,relat\u00f3rio de est\u00e1gio pronto unopar,como criar um portf\u00f3lio,o que \u00e9 um portf\u00f3lio e como fazer,portfolio exemplo,modelo de portfolio acad\u00eamico,relat\u00f3rio de est\u00e1gio gest\u00e3o escolar pronto unopar,portf\u00f3lio como fazer,prova profici\u00eancia unopar,portfolio individual est\u00e1gio curricular obrigat\u00f3rio ii anos iniciais do ensino fundamental,prova de profici\u00eancia pedagogia unopar,capa de trabalho unopar para editar,portf\u00f3lio acad\u00eamico unopar,como fazer um portf\u00f3lio acad\u00eamico,portf\u00f3lio exemplos word,portfolio acad\u00eamico,portfolio individual,portfolio individual unopar,portfolio individual anhanguera,portfolio marketing digital,portf\u00f3lio educa\u00e7\u00e3o f\u00edsica unopar,portf\u00f3lio gest\u00e3o educacional e espa\u00e7os n\u00e3o escolares,como fazer um portifolio unopar,modelo de portf\u00f3lio unopar em arquivo word,capa de portf\u00f3lio de pedagogia,como fazer um portf\u00f3lio no word,projeto integrado unopar,exemplo de portf\u00f3lio academico pedagogia\" width=\"141\" height=\"141\" srcset=\"https:\/\/portifolioos-prontos.com\/wp-content\/uploads\/2022\/09\/portfolio-unopar-pronto-colaborar-ava-producao-textual-interdisciplinar.png 150w, https:\/\/portifolioos-prontos.com\/wp-content\/uploads\/2022\/09\/portfolio-unopar-pronto-colaborar-ava-producao-textual-interdisciplinar-100x100.png 100w\" sizes=\"(max-width: 141px) 100vw, 141px\" \/><\/p>\n<\/div>\n<\/div>\n<\/div>\n<\/div>\n<div class=\"elementor-toggle-item\">\n<div id=\"elementor-tab-content-1949\" class=\"elementor-tab-content elementor-clearfix elementor-active\" role=\"tabpanel\" data-tab=\"9\" aria-labelledby=\"elementor-tab-title-1949\">\n<p>E-mail:portifoliosp@gmail.com<\/p>\n<div id=\"attachment_143\" class=\"wp-caption alignnone\" style=\"width: 164px;\">\n<div id=\"attachment_143\" style=\"width: 174px\" class=\"wp-caption alignnone\"><a href=\"http:\/\/portifolioos-prontos.com\"><img decoding=\"async\" aria-describedby=\"caption-attachment-143\" class=\"wp-image-143\" title=\"portfolio pronto unopar\" src=\"http:\/\/portifolioos-prontos.com\/wp-content\/uploads\/2022\/04\/conceitomaximo.png\" alt=\"PORTFOLIO PRONTO UNOPAR ANHANGUERA\" width=\"164\" height=\"47\" aria-describedby=\"caption-attachment-143\" \/><\/a><p id=\"caption-attachment-143\" class=\"wp-caption-text\">Portf\u00f3lio em Word, respondido, completo e j\u00e1 nas normas.<\/p><\/div>\n<\/div>\n<\/div>\n<\/div>\n<\/div>\n","protected":false},"excerpt":{"rendered":"<p>Portf\u00f3lio A historicidade do direito a posse de terras pelos povos origin\u00e1rios Curso: Hist\u00f3ria Semestre: 7\u00b0\/8\u00b0 A presente proposta de Produ\u00e7\u00e3o Textual Interdisciplinar Individual (PTI) possui como tem\u00e1tica a historicidade do direito a posse de terras pelos povos origin\u00e1rios. Escolhemos esta tem\u00e1tica para possibilitar a aprendizagem interdisciplinar dos conte\u00fados desenvolvidos nas disciplinas desse semestre. Para&hellip;<\/p>\n","protected":false},"featured_media":5239,"template":"","meta":{"_seopress_robots_primary_cat":"none","_seopress_titles_title":"%%post_title%% %%sitetitle%%","_seopress_titles_desc":"%%post_content%%","_seopress_robots_index":""},"product_cat":[45,47,15],"product_tag":[],"class_list":{"0":"post-4846","1":"product","2":"type-product","3":"status-publish","4":"has-post-thumbnail","6":"product_cat-historia","7":"product_cat-licenciaturas","8":"product_cat-uncategorized","10":"first","11":"instock","12":"downloadable","13":"virtual","14":"purchasable","15":"product-type-simple","16":"col-xs-6 col-sm-4","17":"col-mf-5","18":"un-5-cols"},"jetpack_sharing_enabled":true,"_links":{"self":[{"href":"https:\/\/portifolioos-prontos.com\/index.php\/wp-json\/wp\/v2\/product\/4846","targetHints":{"allow":["GET"]}}],"collection":[{"href":"https:\/\/portifolioos-prontos.com\/index.php\/wp-json\/wp\/v2\/product"}],"about":[{"href":"https:\/\/portifolioos-prontos.com\/index.php\/wp-json\/wp\/v2\/types\/product"}],"version-history":[{"count":0,"href":"https:\/\/portifolioos-prontos.com\/index.php\/wp-json\/wp\/v2\/product\/4846\/revisions"}],"wp:featuredmedia":[{"embeddable":true,"href":"https:\/\/portifolioos-prontos.com\/index.php\/wp-json\/wp\/v2\/media\/5239"}],"wp:attachment":[{"href":"https:\/\/portifolioos-prontos.com\/index.php\/wp-json\/wp\/v2\/media?parent=4846"}],"wp:term":[{"taxonomy":"product_cat","embeddable":true,"href":"https:\/\/portifolioos-prontos.com\/index.php\/wp-json\/wp\/v2\/product_cat?post=4846"},{"taxonomy":"product_tag","embeddable":true,"href":"https:\/\/portifolioos-prontos.com\/index.php\/wp-json\/wp\/v2\/product_tag?post=4846"}],"curies":[{"name":"wp","href":"https:\/\/api.w.org\/{rel}","templated":true}]}}