{"id":4849,"date":"2022-07-19T16:08:35","date_gmt":"2022-07-19T19:08:35","guid":{"rendered":"https:\/\/portifolioos-prontos.com\/?post_type=product&#038;p=4849"},"modified":"2022-09-02T14:55:11","modified_gmt":"2022-09-02T17:55:11","slug":"portfolio-transposicao-didatica-de-obras-machadianas-por-meio-do-uso-de-recursos-digitais","status":"publish","type":"product","link":"https:\/\/portifolioos-prontos.com\/index.php\/product\/portfolio-transposicao-didatica-de-obras-machadianas-por-meio-do-uso-de-recursos-digitais\/","title":{"rendered":"Portf\u00f3lio Transposi\u00e7\u00e3o did\u00e1tica de obras machadianas por meio do uso de recursos digitais"},"content":{"rendered":"<h4>Portf\u00f3lio Transposi\u00e7\u00e3o did\u00e1tica de obras machadianas por meio do uso de recursos digitais<\/h4>\n<h4>Curso: Letras<\/h4>\n<h4>Semestre: 5\u00b0\/6\u00b0<\/h4>\n<hr \/>\n<p>A proposta de Produ\u00e7\u00e3o Textual Interdisciplinar Individual (PTI) ter\u00e1 como tem\u00e1tica<br \/>\n<strong>\u201cTransposi\u00e7\u00e3o did\u00e1tica de obras machadianas por meio do uso de recursos digitais\u201d<\/strong>. Escolhemos esta<br \/>\ntem\u00e1tica para possibilitar a aprendizagem interdisciplinar dos conte\u00fados desenvolvidos nas<br \/>\ndisciplinas desse semestre e, tamb\u00e9m, para consolidar a reflex\u00e3o sobre a pr\u00e1tica em sala de aula.<\/p>\n<p>ORIENTA\u00c7\u00d5ES DA PRODU\u00c7\u00c3O TEXTUAL<\/p>\n<p>1. Leitura e interpreta\u00e7\u00e3o da SGA<\/p>\n<p>Por meio da leitura da SGA e, tamb\u00e9m, da situa\u00e7\u00e3o-problema destacada, voc\u00ea deve<br \/>\nelaborar um plano de aula que contemplar\u00e1 conte\u00fados de sua \u00e1rea, cuja metodologia seja um<br \/>\ndiferencial em sala de aula.<\/p>\n<p>Situa\u00e7\u00e3o Geradora de Aprendizagem\u00a0(SGA)<\/p>\n<p>Carina \u00e9 formada em Letras \u2013 Portugu\u00eas Licenciatura e atua, h\u00e1 10 anos, no Ensino M\u00e9dio de<br \/>\numa escola p\u00fablica do seu bairro. Apesar da experi\u00eancia como docente, recentemente percebeu-se<br \/>\ndiante de um grande desafio, pois, acostumada a m\u00e9todos tradicionais de ensino, teve que se<br \/>\nreadaptar para poder trabalhar com o ensino remoto, durante a pandemia do novo coronav\u00edrus.<br \/>\nFoi um per\u00edodo muito dif\u00edcil. Muitos alunos, al\u00e9m de perderem familiares, tiveram que<br \/>\nenfrentar muitos problemas econ\u00f4micos. A evas\u00e3o escolar foi grande, pois muitos estudantes<br \/>\ntiveram que come\u00e7ar a trabalhar para contribuir com as despesas de suas casas.<\/p>\n<p>Diante desse novo cen\u00e1rio pand\u00eamico, que pedia distanciamento social, as escolas foram<br \/>\nfechadas e o conhecimento em torno de tecnologia tornou-se essencial para a pr\u00e1tica pedag\u00f3gica.<br \/>\nDe uma hora para a outra, Carina teve que aprender a abrir reuni\u00f5es on-line, gravar e editar v\u00eddeos.<br \/>\nNo in\u00edcio foi aterrorizante! Ela pensava que al\u00e9m de ter que lidar com todas as perdas e<br \/>\nconsequ\u00eancias de um v\u00edrus mortal circulando, precisaria, num passe de m\u00e1gica, aprender coisas que<br \/>\nnunca imaginara. Como a maioria das colegas de trabalho, sempre foi resistente ao uso de<br \/>\ntecnologias em sua pr\u00e1tica pedag\u00f3gica, porque acreditava que esse tipo de recurso no ensino de<br \/>\nl\u00edngua portuguesa e literaturas geraria mais malef\u00edcios que benef\u00edcios, pois, na sua vis\u00e3o, os alunos,<br \/>\nque j\u00e1 eram super dispersos e desinteressados pelo conte\u00fado que ministrara, ficariam ainda mais<br \/>\ndesatentos e n\u00e3o teriam bom aproveitamento das aulas. Entretanto, viu-se completamente sem<br \/>\nsa\u00edda e obrigada a encarar o tal \u201cmonstro\u201d da tecnologia.<br \/>\nPassados os primeiros meses, Carina j\u00e1 se percebia mais familiarizada com a tecnologia e, na<br \/>\nmedida do poss\u00edvel, fazia cursos e aprendia recursos novos para tornar suas aulas mais interessantes<br \/>\ne driblar a evas\u00e3o escolar. Al\u00e9m disso, queria que aquele momento fosse din\u00e2mico e atrativo, pois<br \/>\nsabia que fora das telas, a vida estava muito dif\u00edcil. Ent\u00e3o, conheceu e aprendeu a utilizar aplicativos<br \/>\ne programas para gamifica\u00e7\u00e3o em sala de aula como Jambord, Kahoot, Wordwall, Mentimeter,<br \/>\nPadlet, Digital Storytelling. At\u00e9 um podcast ela fez com a turma. Aos poucos, o pensamento sobre<br \/>\nesses recursos mudara e Carina entendeu que a tecnologia \u00e9, na verdade, sua grande aliada. Basta<br \/>\nsaber utiliz\u00e1-la.<br \/>\nEste ano, com a popula\u00e7\u00e3o vacinada, Carina e toda comunidade escolar puderam retornar ao<br \/>\nensino presencial. Todavia, ela j\u00e1 n\u00e3o queria mais ensinar com recursos tradicionais. Sabia o quanto<br \/>\nas TCIs poderiam contribuir para o entendimento do conte\u00fado e tornar o processo de ensino<br \/>\naprendizagem mais din\u00e2mico e atraente.<br \/>\nDesse modo, decidiu que ao dar o conte\u00fado de Realismo para os seus alunos, gostaria de<br \/>\npropor que eles apresentassem uma atividade diferente. J\u00e1 n\u00e3o queria mais os semin\u00e1rios ou as<br \/>\navalia\u00e7\u00f5es que sempre geravam muito estresse e pouco letramento liter\u00e1rio. Queria algo que<br \/>\ninstigasse os jovens a ler as obras de Machado de Assis e terem uma experi\u00eancia diferente com a<br \/>\nLiteratura. Mas, o que fazer? Como seria essa atividade? Qual TIC utilizaria? Como seria a forma de<br \/>\navalia\u00e7\u00e3o?<\/p>\n<p><strong>Situa\u00e7\u00e3o-problema:<\/strong><\/p>\n<p>Diante do caso apresentado, Carina resolveu que para a abordagem do conte\u00fado em quest\u00e3o,<br \/>\nconforme previsto atualmente pela BNCC (2017), os alunos ser\u00e3o os protagonistas de seus pr\u00f3prios<br \/>\naprendizados. Nesse sentido, a educadora decidiu propor aos estudantes a transposi\u00e7\u00e3o de uma das<br \/>\ntr\u00eas obras que comp\u00f5em a tr\u00edade machadiana para um g\u00eanero digital atual. Desse modo, o professor<br \/>\npretende promover um trabalho diferenciado em rela\u00e7\u00e3o ao conte\u00fado da disciplina, uma vez que,<br \/>\ndessa maneira, o aluno deixar\u00e1 de ocupar uma posi\u00e7\u00e3o passiva diante da leitura liter\u00e1ria e dever\u00e1 ter<br \/>\num olhar mais cr\u00edtico e atento para o texto, bem como dever\u00e1 empregar recursos digitais e<br \/>\nlingu\u00edsticos para a efetiva\u00e7\u00e3o da proposta.<\/p>\n<p>O seu desafio, agora, \u00e9 se colocar no lugar da professora Carina e produzir seu plano de aula,<br \/>\ndestacando todas as atividades e a\u00e7\u00f5es que ser\u00e3o realizadas durante as aulas.<\/p>\n<p>ORIENTA\u00c7\u00d5ES PARA A EXECU\u00c7\u00c3O DO TRABALHO<\/p>\n<p>A fim de desenvolver a proposta, \u00e9 essencial que voc\u00ea se coloque no papel da professora Carina, de<br \/>\nmodo a colaborar na resolu\u00e7\u00e3o da situa\u00e7\u00e3o-problema. Siga as etapas a seguir:<br \/>\n1. Inicialmente, ler:<br \/>\n\u25cf Artigo \u201cDigital Storytelling como recurso did\u00e1tico no ensino de literatura brasileira\u201d, (2010)<br \/>\n(ANEXO 1).<br \/>\n\u25cf Artigo \u201cA tecnologia aliada \u00e0 leitura de textos liter\u00e1rios\u201d, (2017), (ANEXO 2).<br \/>\n\u25cf Artigo \u201cA influ\u00eancia da tecnologia na literatura: um novo contexto nas pr\u00e1ticas de leitura,<br \/>\nprodu\u00e7\u00e3o e an\u00e1lise da literatura\u201d, (2021) (ANEXO 3).<br \/>\nAl\u00e9m desses artigos, disponibilizamos, tamb\u00e9m, as seguintes obras machadianas:<br \/>\n\u25cf Mem\u00f3rias P\u00f3stumas de Br\u00e1s Cubas (ANEXO 4)<br \/>\n\u25cf Dom Casmurro (ANEXO 5)<br \/>\n\u25cf Quincas Borba (ANEXO 6)<br \/>\n2. Reflita sobre estes questionamentos:<br \/>\na. Por que os professores ainda n\u00e3o utilizam em suas pr\u00e1ticas os recursos digitais, embora estes<br \/>\nsejam amplamente presentes na vida dos alunos?<br \/>\nb. De que forma a tecnologia pode ser uma aliada para as aulas de Literatura?<br \/>\nc. Qual a import\u00e2ncia da transposi\u00e7\u00e3o de uma obra liter\u00e1ria para um g\u00eanero digital?<br \/>\nd. Levar o aluno a fazer uso de um recurso digital para a transposi\u00e7\u00e3o de uma obra liter\u00e1ria<br \/>\npossibilita a aprendizagem ativa? Explique.<br \/>\ne. A transposi\u00e7\u00e3o de uma obra liter\u00e1ria para um g\u00eanero digital oportuniza uma maior<br \/>\naproxima\u00e7\u00e3o do aluno com o c\u00e2none liter\u00e1rio? Por qu\u00ea?<br \/>\nf. Apresentar propostas did\u00e1ticas em que os alunos ocupem o papel de protagonistas na autoria<br \/>\ndas transposi\u00e7\u00f5es did\u00e1ticas nos variados g\u00eaneros digitais, encoraj\u00e1-los a se envolverem mais<br \/>\nativamente nas aulas de Literatura e, tamb\u00e9m, nas aulas de Produ\u00e7\u00e3o Textual? Por qu\u00ea?<br \/>\ng. O uso de recursos digitais pode facilitar a did\u00e1tica dos professores em sala de aula? De que<br \/>\nmaneira?<br \/>\nh. Basta apenas que o professor leve a tecnologia para a sala de aula para que sua pr\u00e1tica seja<br \/>\nconsiderada inovadora? Como tais recursos devem ser utilizados?<br \/>\nAl\u00e9m desses textos sugeridos, voc\u00ea pode tamb\u00e9m reler os materiais das disciplinas para a<br \/>\nelabora\u00e7\u00e3o da proposta.<\/p>\n<p>3. Ap\u00f3s o processo de reflex\u00e3o, com base nas leituras sugeridas, al\u00e9m de outras que tenha<br \/>\npesquisado sobre o tema, organize sua produ\u00e7\u00e3o textual interdisciplinar, orientando-se pela<br \/>\nseguinte estrutura:<br \/>\n\u2022 Capa e Folha de Rosto: Utilizar capa e folha de rosto padronizadas da institui\u00e7\u00e3o.<br \/>\n\u2022 Introdu\u00e7\u00e3o: No item introdut\u00f3rio do texto, o ideal \u00e9 que seja realizada uma breve<br \/>\ncontextualiza\u00e7\u00e3o, com a apresenta\u00e7\u00e3o do tema geral da proposta \u2013 \u201cTransposi\u00e7\u00e3o did\u00e1tica de<br \/>\nobras machadianas por meio do uso de recursos digitais\u201d, com reflex\u00f5es que possam situar o<br \/>\nleitor acerca do fio condutor do material. (1 lauda)<br \/>\n\u2022 Desenvolvimento: Nesse item, considerando a situa\u00e7\u00e3o problema, realizar:<br \/>\na. Uma breve fundamenta\u00e7\u00e3o te\u00f3rica com base no eixo tem\u00e1tico central da discuss\u00e3o<br \/>\nevocada pela situa\u00e7\u00e3o-problema. Para isso, retomar as reflex\u00f5es realizadas a partir<br \/>\ndas quest\u00f5es apresentadas nestas orienta\u00e7\u00f5es. Nessa discuss\u00e3o, voc\u00ea deve mobilizar<br \/>\nreferenciais te\u00f3ricos que versem sobre o tema. (3 laudas)<br \/>\nb. Voc\u00ea dever\u00e1, com o respaldo da discuss\u00e3o te\u00f3rica, apresentar o plano de aula<br \/>\nelaborado, que leve em conta a proposta da situa\u00e7\u00e3o-problema. Para isso, utilizar o<br \/>\nmodelo estrutural a seguir. (At\u00e9 2 laudas)<\/p>\n<p>Plano de Aula<\/p>\n<p>Escola Nome fict\u00edcio.<br \/>\nS\u00e9rie Voc\u00eas devem escolher qual a s\u00e9rie, tendo em vista as obras liter\u00e1rias a serem abordadas.<\/p>\n<p>N\u00famero de aulas: Indicar a quantidade de aulas contempladas (de 2 a 4 aulas).<br \/>\nConte\u00fados Neste item, devem ser apresentados os conte\u00fados que ser\u00e3o abordados com os alunos.<\/p>\n<p>Objetivos<\/p>\n<p>Refere-se ao que se espera com o desenvolvimento do trabalho realizado<br \/>\ncom os alunos. Eles se configuram como as metas tra\u00e7adas para o<br \/>\naprendizado, as quais ser\u00e3o atingidas a partir das atividades desenvolvidas<br \/>\nem sala.<\/p>\n<p>Justificativa<\/p>\n<p>Diz respeito a uma reflex\u00e3o que apresenta o motivo de trabalhar e<br \/>\ndesenvolver determinado assunto durante as aulas. Neste item, abordar,<br \/>\ntamb\u00e9m, o porqu\u00ea de se trabalhar com recursos digitais na aula de<br \/>\nLiteratura.<\/p>\n<p>Procedimentos<br \/>\nmetodol\u00f3gicos<\/p>\n<p>S\u00e3o os caminhos percorridos para que os objetivos sejam atingidos. \u00c9 um<br \/>\nconjunto de t\u00e9cnicas e m\u00e9todos que direcionam o modo como os<br \/>\nconte\u00fados ser\u00e3o abordados.<\/p>\n<p>Recursos<br \/>\ndid\u00e1ticos<\/p>\n<p>S\u00e3o os materiais e\/ou equipamentos e aplicativos que ser\u00e3o utilizados<br \/>\ncomo suporte para a realiza\u00e7\u00e3o das atividades.<\/p>\n<p>Avalia\u00e7\u00e3o<\/p>\n<p>Modo como o professor ir\u00e1 acompanhar o processo de aprendizagem dos<br \/>\nalunos, verificando os avan\u00e7os e o que ainda necessita de<br \/>\naperfei\u00e7oamento.<\/p>\n<p>Refer\u00eancias Material te\u00f3rico que subsidiou a constru\u00e7\u00e3o das aulas.<br \/>\nEspecificamente no item \u201cProcedimentos Metodol\u00f3gicos\u201d, \u00e9 importante descrever<br \/>\ndetalhadamente como ser\u00e1 realizada a abordagem do conte\u00fado pelo professor, bem como de que<br \/>\nforma o trabalho de transposi\u00e7\u00e3o liter\u00e1ria ser\u00e1 proposto para os alunos. Nesse sentido, tendo em<br \/>\nvista a situa\u00e7\u00e3o-problema apresentada, nessa parte voc\u00eas, inicialmente, dever\u00e3o explicar, sobretudo,<br \/>\nde que forma a adapta\u00e7\u00e3o da obra liter\u00e1ria ser\u00e1 trabalhada em sala de aula com os alunos, apontando<br \/>\nqual o recurso digital ser\u00e1 utilizado e para qual g\u00eanero a transposi\u00e7\u00e3o ser\u00e1 efetuada. Sugerimos os<br \/>\nseguintes g\u00eaneros e\/ou recursos: podcast, storytelling, Canva, v\u00eddeo para Tik Tok, Fanfiction, entre<br \/>\noutros. Assim, essa parte do plano de aula deve apresentar claramente o passo a passo das atividades<br \/>\nrealizadas nas aulas contempladas, lembrando que em boa parte delas os alunos \u00e9 quem dever\u00e3o ser<br \/>\nos protagonistas do processo de ensino-aprendizagem.<br \/>\n\u2022 Conclus\u00e3o: Ao concluir o texto, devem ser retomadas as reflex\u00f5es realizadas, com o registro,<\/p>\n<p>claro e consistente, do seu posicionamento final em rela\u00e7\u00e3o \u00e0 elucida\u00e7\u00e3o da situa\u00e7\u00e3o-<br \/>\nproblema.<\/p>\n<p>\u2022 Anexos e\/ou ap\u00eandices: Apresentar, caso sejam utilizados, materiais, imagens, fotografias ou<br \/>\nregistros.<br \/>\n\u2022 Refer\u00eancias: Apresentar todas as fontes utilizadas para consulta na elabora\u00e7\u00e3o das propostas.<\/p>\n<div class=\"elementor-toggle-item\">\n<div class=\"elementor-toggle-item\">\n<h4 id=\"elementor-tab-title-1941\" class=\"elementor-tab-title elementor-active\" tabindex=\"0\" role=\"tab\" data-tab=\"1\" aria-controls=\"elementor-tab-content-1941\" aria-expanded=\"true\" aria-selected=\"true\">Como funciona?<\/h4>\n<div id=\"elementor-tab-content-1941\" class=\"elementor-tab-content elementor-clearfix elementor-active\" role=\"tabpanel\" data-tab=\"1\" aria-labelledby=\"elementor-tab-title-1941\">\n<p>Elaboramos os portf\u00f3lios, j\u00e1 deixamos prontos, nas normas da ABNT e conforme os requisitos da universidade. F\u00e1cil assim! O MELHOR \u00c9 QUE VOC\u00ca COMPRA E J\u00c1 BAIXA NA HORA O SEU ARQUIVO EM WORD! Sabemos que conciliar trabalho, fam\u00edlia, vida profissional e estudos \u00e9 dif\u00edcil hoje em dia, por isso, estamos aqui para ajudar voc\u00ea. Conte com nossa qualidade, experi\u00eancia e profissionalismo adquirindo seu portf\u00f3lio conosco. GARANTIMOS SEU CONCEITO!<\/p>\n<h4>Como se realizam os envios?<\/h4>\n<\/div>\n<\/div>\n<div class=\"elementor-toggle-item\">\n<div id=\"elementor-tab-content-1942\" class=\"elementor-tab-content elementor-clearfix elementor-active\" role=\"tabpanel\" data-tab=\"2\" aria-labelledby=\"elementor-tab-title-1942\">O seu trabalho \u00e9 disponibilizado pronto, respondido e nas normas j\u00e1 na mesma hora aqui em nosso site na sua \u00e1rea de downloads e tamb\u00e9m no seu e-mail.<\/div>\n<\/div>\n<div class=\"elementor-toggle-item\">\n<div id=\"elementor-tab-content-1943\" class=\"elementor-tab-content elementor-clearfix elementor-active\" role=\"tabpanel\" data-tab=\"3\" aria-labelledby=\"elementor-tab-title-1943\">\n<h4>Em quanto tempo recebo o portf\u00f3lio?<\/h4>\n<\/div>\n<\/div>\n<div class=\"elementor-toggle-item\">\n<div id=\"elementor-tab-content-1944\" class=\"elementor-tab-content elementor-clearfix elementor-active\" role=\"tabpanel\" data-tab=\"4\" aria-labelledby=\"elementor-tab-title-1944\">\n<p>Os envios s\u00e3o imediatos. Ap\u00f3s sua compra, o trabalho j\u00e1 \u00e9 disponibilizado instantaneamente aqui em nosso site e no seu e-mail.<\/p>\n<h4>E se o portf\u00f3lio que comprei precisar de corre\u00e7\u00e3o?<\/h4>\n<\/div>\n<\/div>\n<div class=\"elementor-toggle-item\">\n<div id=\"elementor-tab-content-1945\" class=\"elementor-tab-content elementor-clearfix elementor-active\" role=\"tabpanel\" data-tab=\"5\" aria-labelledby=\"elementor-tab-title-1945\">\n<p>Caso haja alguma solicita\u00e7\u00e3o de corre\u00e7\u00e3o\/altera\u00e7\u00e3o por parte do tutor, basta entrar em contato conosco pelo\u00a0WhatsApp\u00a0que provid\u00eanciaremos sem custo algum.<\/p>\n<h4>Qual o formato do arquivo?<\/h4>\n<\/div>\n<\/div>\n<div class=\"elementor-toggle-item\">\n<div id=\"elementor-tab-content-1946\" class=\"elementor-tab-content elementor-clearfix elementor-active\" role=\"tabpanel\" data-tab=\"6\" aria-labelledby=\"elementor-tab-title-1946\">\n<p>Os arquivos s\u00e3o enviados em formato Word e s\u00e3o edit\u00e1veis.<\/p>\n<h4>Caso eu tiver alguma d\u00favida, terei suporte no p\u00f3s venda?<\/h4>\n<\/div>\n<\/div>\n<div class=\"elementor-toggle-item\">\n<div id=\"elementor-tab-content-1948\" class=\"elementor-tab-content elementor-clearfix elementor-active\" role=\"tabpanel\" data-tab=\"8\" aria-labelledby=\"elementor-tab-title-1948\">\n<p>Sim, com certeza. Basta clicar no \u00edcone do WhatsApp no cantinho da tela. Ser\u00e1 um prazer atend\u00ea-lo(a).<\/p>\n<div class=\"elementor-toggle-item\">\n<div id=\"elementor-tab-content-1948\" class=\"elementor-tab-content elementor-clearfix elementor-active\" role=\"tabpanel\" data-tab=\"8\" aria-labelledby=\"elementor-tab-title-1948\">\n<h4>Quais os seus canais de contato?<\/h4>\n<\/div>\n<\/div>\n<div class=\"elementor-toggle-item\">\n<div id=\"elementor-tab-content-1949\" class=\"elementor-tab-content elementor-clearfix elementor-active\" role=\"tabpanel\" data-tab=\"9\" aria-labelledby=\"elementor-tab-title-1949\">\n<p>Whatsapp: 53 984751621 \u2013 Clicar no canto da tela ou ESCANEIE O QRCODE ABAIXO<\/p>\n<p><img decoding=\"async\" class=\"alignnone wp-image-7603\" src=\"http:\/\/portifolioos-prontos.com\/wp-content\/uploads\/2022\/09\/portfolio-unopar-pronto-colaborar-ava-producao-textual-interdisciplinar.png\" alt=\"Transposi\u00e7\u00e3o did\u00e1tica de obras machadianas por meio do uso de recursos digitais,portf\u00f3lio Transposi\u00e7\u00e3o did\u00e1tica de obras machadianas por meio do uso de recursos digitais,portfolio pronto Transposi\u00e7\u00e3o did\u00e1tica de obras machadianas por meio do uso de recursos digitais,portf\u00f3lio pronto unopar Transposi\u00e7\u00e3o did\u00e1tica de obras machadianas por meio do uso de recursos digitais,portf\u00f3lio pronto Transposi\u00e7\u00e3o did\u00e1tica de obras machadianas por meio do uso de recursos digitais,portf\u00f3lio letras,portfolio letras unopar,portfolio interdisciplinar individual letras,Portfolio pronto,portifolio pronto,portf\u00f3lio pronto,portifolios prontos,portif\u00f3lios prontos,portf\u00f3lio pronto unopar,portifolio pronto unopar,portif\u00f3lio pronto unopar,portifolios prontos unopar,portifolios prontos anhanguera,portf\u00f3lios prontos anhanguera,portf\u00f3lio pronto anhanguera,portfolios ead,portf\u00f3lios ead,portfolioead,apostileiros,portf\u00f3lio ead,portifolios ead,portif\u00f3lios ead,eadhelp,shop do acad\u00eamico,unopar portfolio,portfolio pronto ead,portfolio unopar ead,ead portfolio ava,portf\u00f3lio ead anhanguera,portf\u00f3lio ead pront,o portf\u00f3lio ead unopar,portf\u00f3lio pronto em word,pti unopar,ptg unopar,modelo de portf\u00f3lio unopar,modelo de portf\u00f3lio anhanguera,como fazer um portf\u00f3lio para faculdade,como faz portf\u00f3lio universidade,como faz portf\u00f3lios para universidade,portf\u00f3lios prontos para universidade,portf\u00f3lios pronto para faculdade,portf\u00f3lio pronto para editar,portifolios prontos para editar,portf\u00f3lio em word,portfolio em word,portf\u00f3lio em word para editar,portifolio em word para editar,portfolio unopar pronto para editar,modelo de portfolio para unopar,modelo de portif\u00f3lio para unopar,modelo de portf\u00f3lio para unopar,unopar portf\u00f3lio pronto,anhanguera portf\u00f3lio pronto,portf\u00f3lio em word pronto,comprar portf\u00f3lio pronto,como fazer um portf\u00f3lio,como fazer portf\u00f3lio digital,portfolio,portf\u00f3lio,portifolio,portif\u00f3lio,portf\u00f3lio interdisciplinar individual,portfolio interdisciplinar individual,exemplos de portf\u00f3lio para faculdade,baixar portf\u00f3lio pronto,portf\u00f3lio acad\u00eamico,portf\u00f3lio online,portfoliooead,portfolio ead,portf\u00f3lio pronto interdisciplinar individual,relat\u00f3rio de est\u00e1gio unopar,relat\u00f3rio de est\u00e1gio pronto unopar,como criar um portf\u00f3lio,o que \u00e9 um portf\u00f3lio e como fazer,portfolio exemplo,modelo de portfolio acad\u00eamico,relat\u00f3rio de est\u00e1gio gest\u00e3o escolar pronto unopar,portf\u00f3lio como fazer,prova profici\u00eancia unopar,portfolio individual est\u00e1gio curricular obrigat\u00f3rio ii anos iniciais do ensino fundamental,prova de profici\u00eancia pedagogia unopar,capa de trabalho unopar para editar,portf\u00f3lio acad\u00eamico unopar,como fazer um portf\u00f3lio acad\u00eamico,portf\u00f3lio exemplos word,portfolio acad\u00eamico,portfolio individual,portfolio individual unopar,portfolio individual anhanguera,portfolio marketing digital,portf\u00f3lio educa\u00e7\u00e3o f\u00edsica unopar,portf\u00f3lio gest\u00e3o educacional e espa\u00e7os n\u00e3o escolares,como fazer um portifolio unopar,modelo de portf\u00f3lio unopar em arquivo word,capa de portf\u00f3lio de pedagogia,como fazer um portf\u00f3lio no word,projeto integrado unopar,exemplo de portf\u00f3lio academico pedagogia\" width=\"141\" height=\"141\" srcset=\"https:\/\/portifolioos-prontos.com\/wp-content\/uploads\/2022\/09\/portfolio-unopar-pronto-colaborar-ava-producao-textual-interdisciplinar.png 150w, https:\/\/portifolioos-prontos.com\/wp-content\/uploads\/2022\/09\/portfolio-unopar-pronto-colaborar-ava-producao-textual-interdisciplinar-100x100.png 100w\" sizes=\"(max-width: 141px) 100vw, 141px\" \/><\/p>\n<\/div>\n<\/div>\n<\/div>\n<\/div>\n<div class=\"elementor-toggle-item\">\n<div id=\"elementor-tab-content-1949\" class=\"elementor-tab-content elementor-clearfix elementor-active\" role=\"tabpanel\" data-tab=\"9\" aria-labelledby=\"elementor-tab-title-1949\">\n<p>E-mail:portifoliosp@gmail.com<\/p>\n<div id=\"attachment_143\" class=\"wp-caption alignnone\" style=\"width: 164px;\">\n<div id=\"attachment_143\" style=\"width: 174px\" class=\"wp-caption alignnone\"><a href=\"http:\/\/portifolioos-prontos.com\"><img decoding=\"async\" aria-describedby=\"caption-attachment-143\" class=\"wp-image-143\" title=\"portfolio pronto unopar\" src=\"http:\/\/portifolioos-prontos.com\/wp-content\/uploads\/2022\/04\/conceitomaximo.png\" alt=\"PORTFOLIO PRONTO UNOPAR ANHANGUERA\" width=\"164\" height=\"47\" aria-describedby=\"caption-attachment-143\" \/><\/a><p id=\"caption-attachment-143\" class=\"wp-caption-text\">Portf\u00f3lio em Word, respondido, completo e j\u00e1 nas normas.<\/p><\/div>\n<\/div>\n<\/div>\n<\/div>\n<\/div>\n","protected":false},"excerpt":{"rendered":"<p>Portf\u00f3lio Transposi\u00e7\u00e3o did\u00e1tica de obras machadianas por meio do uso de recursos digitais Curso: Letras Semestre: 5\u00b0\/6\u00b0 A proposta de Produ\u00e7\u00e3o Textual Interdisciplinar Individual (PTI) ter\u00e1 como tem\u00e1tica \u201cTransposi\u00e7\u00e3o did\u00e1tica de obras machadianas por meio do uso de recursos digitais\u201d. Escolhemos esta tem\u00e1tica para possibilitar a aprendizagem interdisciplinar dos conte\u00fados desenvolvidos nas disciplinas desse semestre&hellip;<\/p>\n","protected":false},"featured_media":5235,"template":"","meta":{"_seopress_robots_primary_cat":"none","_seopress_titles_title":"%%post_title%% %%sitetitle%%","_seopress_titles_desc":"%%post_title%% Portfolio pronto Unopar ead | Anhanguera - Pronto, em Word, respondido, completo, nas normas da ABNT. DOWNLOAD IMEDIATO.","_seopress_robots_index":""},"product_cat":[47,15],"product_tag":[],"class_list":{"0":"post-4849","1":"product","2":"type-product","3":"status-publish","4":"has-post-thumbnail","6":"product_cat-licenciaturas","7":"product_cat-uncategorized","9":"first","10":"instock","11":"downloadable","12":"virtual","13":"purchasable","14":"product-type-simple","15":"col-xs-6 col-sm-4","16":"col-mf-5","17":"un-5-cols"},"jetpack_sharing_enabled":true,"_links":{"self":[{"href":"https:\/\/portifolioos-prontos.com\/index.php\/wp-json\/wp\/v2\/product\/4849","targetHints":{"allow":["GET"]}}],"collection":[{"href":"https:\/\/portifolioos-prontos.com\/index.php\/wp-json\/wp\/v2\/product"}],"about":[{"href":"https:\/\/portifolioos-prontos.com\/index.php\/wp-json\/wp\/v2\/types\/product"}],"version-history":[{"count":0,"href":"https:\/\/portifolioos-prontos.com\/index.php\/wp-json\/wp\/v2\/product\/4849\/revisions"}],"wp:featuredmedia":[{"embeddable":true,"href":"https:\/\/portifolioos-prontos.com\/index.php\/wp-json\/wp\/v2\/media\/5235"}],"wp:attachment":[{"href":"https:\/\/portifolioos-prontos.com\/index.php\/wp-json\/wp\/v2\/media?parent=4849"}],"wp:term":[{"taxonomy":"product_cat","embeddable":true,"href":"https:\/\/portifolioos-prontos.com\/index.php\/wp-json\/wp\/v2\/product_cat?post=4849"},{"taxonomy":"product_tag","embeddable":true,"href":"https:\/\/portifolioos-prontos.com\/index.php\/wp-json\/wp\/v2\/product_tag?post=4849"}],"curies":[{"name":"wp","href":"https:\/\/api.w.org\/{rel}","templated":true}]}}