{"id":4852,"date":"2022-07-19T16:11:10","date_gmt":"2022-07-19T19:11:10","guid":{"rendered":"https:\/\/portifolioos-prontos.com\/?post_type=product&#038;p=4852"},"modified":"2022-09-28T22:41:46","modified_gmt":"2022-09-29T01:41:46","slug":"portfolio-infeccao-de-ferida-cirurgica-por-microrganismos-resistentes-e-a-pratica-profissional","status":"publish","type":"product","link":"https:\/\/portifolioos-prontos.com\/index.php\/product\/portfolio-infeccao-de-ferida-cirurgica-por-microrganismos-resistentes-e-a-pratica-profissional\/","title":{"rendered":"Portf\u00f3lio Infec\u00e7\u00e3o de ferida cir\u00fargica por microrganismos resistentes e a pr\u00e1tica profissional"},"content":{"rendered":"<h4>Portf\u00f3lio Infec\u00e7\u00e3o de ferida cir\u00fargica por microrganismos resistentes e a pr\u00e1tica profissional<\/h4>\n<h4>Curso: Enfermagem<\/h4>\n<h4>Semestre: 3\u00b0 flex e 4\u00b0 regular<\/h4>\n<hr \/>\n<p>A proposta de Produ\u00e7\u00e3o Textual Interdisciplinar em Grupo (PTG) ter\u00e1 como tem\u00e1tica<br \/>\n<strong>\u201cInfec\u00e7\u00e3o de ferida cir\u00fargica por microrganismos resistentes e a pr\u00e1tica profissional\u201d<\/strong>. Escolhemos<br \/>\nesta tem\u00e1tica para possibilitar a aprendizagem interdisciplinar dos conte\u00fados desenvolvidos nas<br \/>\ndisciplinas desse semestre.<br \/>\nNeste trabalho, os alunos desenvolver\u00e3o um texto utilizando os conceitos aprendidos ao<br \/>\nlongo do semestre, por meio das disciplinas ministradas. Esse texto deve abordar de maneira<br \/>\nespec\u00edfica, por\u00e9m interdisciplinar, todo o conte\u00fado, mediante as seguintes orienta\u00e7\u00f5es:<\/p>\n<p>ORIENTA\u00c7\u00c3O DA PRODU\u00c7\u00c3O TEXTUAL<\/p>\n<p>1. Forma\u00e7\u00e3o dos grupos:<br \/>\nFormem um grupo que contenha no m\u00ednimo dois e no m\u00e1ximo sete integrantes,<br \/>\nnecessariamente da mesma turma e curso.<br \/>\n2. Leitura e interpreta\u00e7\u00e3o da SGA:<\/p>\n<p>Todos os integrantes dever\u00e3o ler atentamente a SGA descrita abaixo. A SGA \u00e9 uma situa\u00e7\u00e3o-<br \/>\nproblema hipot\u00e9tica criada com base na viv\u00eancia real do profissional de enfermagem. Todos<\/p>\n<p>devem utilizar os conhecimentos te\u00f3ricos a partir das disciplinas desse semestre para<br \/>\ninterpretar a SGA. Em grupo, destacar\u00e3o os pontos importantes para, posteriormente,<br \/>\nproduzir o texto.<br \/>\nUtilize seus conhecimentos te\u00f3ricos adquiridos ao longo das disciplinas desse semestre para<br \/>\ninterpretar situa\u00e7\u00e3o problema e responder os desafios propostos. Em grupo, produzam um<br \/>\ntexto de acordo com o modelo de trabalho acad\u00eamico e as normas da ABNT, contendo de 8<br \/>\na 20 laudas (p\u00e1ginas), excetuando capa, folha de rosto e refer\u00eancias.<br \/>\nSeja criativo! Utilize imagens, fluxogramas e outros esquemas para ilustra\u00e7\u00e3o e organiza\u00e7\u00e3o<br \/>\ndo conte\u00fado apresentado.<\/p>\n<p>PRODU\u00c7\u00c3O TEXTUAL<br \/>\nINTERDISCIPLINAR<\/p>\n<p>Enfermagem<\/p>\n<p><strong>SITUA\u00c7\u00c3O GERADORA DE APRENDIZAGEM (SGA)<\/strong><\/p>\n<p><strong>Situa\u00e7\u00e3o-problema<\/strong><\/p>\n<p>Hilda, sexo feminino, 71 anos de idade, portadora de hipertens\u00e3o arterial sist\u00eamica e diabetes<br \/>\nmellitus tipo 2, faz uso regular de Anlodipino 5mg, Captopril 50mg e Metformina 2g. Procurou o<br \/>\natendimento hospitalar de emerg\u00eancia ap\u00f3s ter sofrido uma queda da pr\u00f3pria altura s\u00fabita sem<br \/>\nqualquer raz\u00e3o aparente, seguida de forte dor em membro inferior direito (MID).<br \/>\nNa admiss\u00e3o, Hilda foi atendida pelo enfermeiro respons\u00e1vel pelo acolhimento, o qual realizou o<br \/>\nexame f\u00edsico e identificou, entre outros achados, taquicardia (100 bpm), hipertens\u00e3o (150\/90 mmHg)<br \/>\ne dor intensa no membro acometido, que se encontrava rotacionado externamente e muito<br \/>\nedemaciado. Em seguida, Hilda passou por avalia\u00e7\u00e3o m\u00e9dica para investiga\u00e7\u00e3o de fratura de f\u00eamur<br \/>\nD, sendo confirmada pelas imagens do Raio-x. Ap\u00f3s realizar todos os procedimentos, a paciente foi<br \/>\nencaminhada ao Centro Cir\u00fargico para a realiza\u00e7\u00e3o de uma osteoss\u00edntese de f\u00eamur de urg\u00eancia, uma<br \/>\ncirurgia realizada para realizar a fixa\u00e7\u00e3o da fratura. Ap\u00f3s a cirurgia, Hilda foi encaminhada a Unidade<br \/>\nde Terapia Intensiva, conforme rotina do hospital.<br \/>\nJ\u00e1 no p\u00f3s-operat\u00f3rio imediato, a paciente referiu dor em MID, sendo assim, o enfermeiro checou a<br \/>\nprescri\u00e7\u00e3o da paciente e preparou a Dipirona que estava prescrita. Ao chegar no leito, o enfermeiro<br \/>\nse deparou com a paciente dormindo, assim, o profissional administrou o medicamento<br \/>\nsilenciosamente e a deixou descansando. No entanto, 30 minutos ap\u00f3s, Hilda evolui com piora do<br \/>\nquadro geral, apresentando edema em p\u00e1lpebras, l\u00e1bios e l\u00edngua, al\u00e9m de certa dificuldade para<br \/>\nrespirar. Rapidamente, o plantonista prestou o atendimento de emerg\u00eancia, e o mesmo informou<br \/>\nque se tratava de um quadro de rea\u00e7\u00e3o al\u00e9rgica. Ao conversar com os familiares, foi confirmada a<br \/>\nalergia da paciente \u00e0 Dipirona, que em nenhum momento foi questionada pelos profissionais do<br \/>\nhospital. O quadro de anafilaxia foi revertido, paciente segue est\u00e1vel at\u00e9 o momento. O enfermeiro<br \/>\nsem entender o ocorrido, foi verificar a prescri\u00e7\u00e3o m\u00e9dica, afinal, ele checou o medicamento<br \/>\nadministrado. Ao conferir percebeu que a prescri\u00e7\u00e3o n\u00e3o era de Hilda e sim de Olga, ambas est\u00e3o no<br \/>\nmesmo quarto, entretanto, em leitos diferentes. A coordenadora do setor alertou para o fato de que<br \/>\nal\u00e9m da prescri\u00e7\u00e3o de enfermagem, as pulseiras de identifica\u00e7\u00e3o do paciente s\u00e3o instrumentos que<br \/>\nnos auxiliam a identificar o paciente e que devem ser utilizados em diversas situa\u00e7\u00f5es,<\/p>\n<p>PRODU\u00c7\u00c3O TEXTUAL<br \/>\nINTERDISCIPLINAR<\/p>\n<p>Enfermagem<\/p>\n<p>principalmente na administra\u00e7\u00e3o de medicamentos, para que situa\u00e7\u00f5es como esta n\u00e3o aconte\u00e7am,<br \/>\nentretanto, o enfermeiro n\u00e3o checou a pulseira de identifica\u00e7\u00e3o.<\/p>\n<p>Diante dessa situa\u00e7\u00e3o-problema, reflitam e elaborem um texto com os seguintes desafios:<\/p>\n<p><strong>DESAFIO 1:<\/strong> Muitos erros relacionados aos cuidados de enfermagem acontecem por falta ou falha na<br \/>\ncomunica\u00e7\u00e3o, tanto na escrita como na falada. Na nossa SGA, o enfermeiro cometeu um erro ao<br \/>\nadministrar a medica\u00e7\u00e3o no paciente que era al\u00e9rgico \u00e0 dipirona. Uma das hip\u00f3teses \u00e9 que o erro<br \/>\naconteceu por desconhecimento dessa informa\u00e7\u00e3o pelo profissional. Sendo assim, a forma mais<br \/>\nefetiva do enfermeiro levantar ao m\u00e1ximo o n\u00famero de informa\u00e7\u00f5es do paciente \u00e9 por meio da<br \/>\nanamnese. Diante disso, responda:<br \/>\n1) O que \u00e9 a anamnese e em qual etapa do Processo de Enfermagem ela acontece?<br \/>\n2) Quais s\u00e3o as fontes que o enfermeiro pode utilizar para levantar as informa\u00e7\u00f5es do paciente?<br \/>\n3) Para a constru\u00e7\u00e3o de um instrumento de anamnese para uso do enfermeiro, quais s\u00e3o as<br \/>\ninforma\u00e7\u00f5es considerados essenciais?<\/p>\n<p><strong>DESAFIO 2:<\/strong>\u00a0O exame f\u00edsico completo associado a uma anamnese de qualidade, possibilita identificar<br \/>\nos sinais e sintomas que ir\u00e3o contribuir para a defini\u00e7\u00e3o do diagn\u00f3stico de enfermagem e<br \/>\nposteriormente, subsidiar\u00e3o o plano de cuidados de enfermagem direcionado a essa paciente. Na<br \/>\nSGA descrita, a paciente apresenta altera\u00e7\u00f5es no sistema tegumentar e osteomuscular, tornando<br \/>\nimportante que o enfermeiro reconhe\u00e7a as altera\u00e7\u00f5es desse sistema, tanto no momento da admiss\u00e3o<br \/>\nhospitalar, quanto no p\u00f3s-operat\u00f3rio. Nesse sentido, descreva quais sinais e sintomas devem ser<br \/>\ninvestigados; os m\u00e9todos proped\u00eauticos utilizados para o exame f\u00edsico dessa paciente.<\/p>\n<p><strong>DESAFIO 3:<\/strong> Embora pare\u00e7am semelhantes do ponto de vista conceitual, neglig\u00eancia, imprud\u00eancia e<br \/>\nimper\u00edcia s\u00e3o termos que apresentam diferen\u00e7as e consequ\u00eancias importantes dentro da atua\u00e7\u00e3o<br \/>\ndos profissionais de enfermagem, constituindo-se em modalidades de culpa, mesmo que diante de<br \/>\npr\u00e1tica n\u00e3o intencional de provocar um dano. Na presen\u00e7a ou ocorr\u00eancia de tais institutos, h\u00e1 risco<br \/>\npara os profissionais envolvidos e muitas vezes, para os pacientes. Dito isso, agora \u00e9 com voc\u00ea:<\/p>\n<p>PRODU\u00c7\u00c3O TEXTUAL<br \/>\nINTERDISCIPLINAR<\/p>\n<p>Enfermagem<\/p>\n<p>1- Explique a diferen\u00e7a entre os conceitos: neglig\u00eancia, imprud\u00eancia e imper\u00edcia.<br \/>\n2- Na situa\u00e7\u00e3o-problema dois dos tr\u00eas conceitos est\u00e3o presentes, diga quais s\u00e3o eles e justifique.<\/p>\n<p><strong>DESAFIO 4:<\/strong> Em todos os aspectos do nosso trabalho enquanto enfermeiros trabalhamos com a<br \/>\neduca\u00e7\u00e3o, podendo ser a educa\u00e7\u00e3o em sa\u00fade, educa\u00e7\u00e3o permanente e educa\u00e7\u00e3o continuada. O<br \/>\nespa\u00e7o entre educa\u00e7\u00e3o e o mundo do trabalho em sa\u00fade precisa, portanto, ser ampliado em formas<br \/>\ne possibilidades como um dos caminhos para repensar e reconstruir a pr\u00e1tica assistencial em sa\u00fade.<br \/>\n\u00c9 preciso ousar, experimentar novas ideias, novas formas de enfocar problemas, como condi\u00e7\u00e3o<br \/>\ninquestion\u00e1vel para essa reconstru\u00e7\u00e3o. Um dos problemas identificados na nossa SGA foi o erro<br \/>\ncometido pelo enfermeiro na administra\u00e7\u00e3o do medicamento. \u00c9 importante que o enfermeiro<br \/>\nenquanto educador realize treinamentos com sua equipe para que ela realize um cuidado de<br \/>\nenfermagem com qualidade e aten\u00e7\u00e3o. Diante desse contexto, primeiramente conceitue o que \u00e9<br \/>\nplano de aula e descreva a sua finalidade. E agora, voc\u00ea enquanto enfermeiro respons\u00e1vel pelo setor<br \/>\nde educa\u00e7\u00e3o continuada, ir\u00e1 desenvolver um plano de aula que ser\u00e1 utilizado para conduzir um<br \/>\ntreinamento sobre \u201cSeguran\u00e7a do paciente: prescri\u00e7\u00e3o, uso e administra\u00e7\u00e3o de medicamento\u201d para<br \/>\na equipe de enfermagem.<\/p>\n<p><strong>REFER\u00caNCIAS SUGERIDAS:<\/strong><\/p>\n<p>BRASIL. Conselho Federal de Enfermagem. Resolu\u00e7\u00e3o COFEN no564\/2017. Aprova o novo C\u00f3digo de<\/p>\n<p>\u00e9tica dos profissionais de enfermagem. Dispon\u00edvel em:\u00a0<a href=\"http:\/\/www.cofen.gov.br\/resolucao-cofen-\" rel=\"nofollow\">http:\/\/www.cofen.gov.br\/resolucao-cofen-<\/a><br \/>\nno-5642017_59145.html. Acesso em: 01 jul. 2022.<\/p>\n<p>CONSELHO REGIONAL DE ENFERMAGEM DO DISTRITO FEDERAL. Parecer t\u00e9cnico no 03\/2020.<br \/>\nBras\u00edlia, 2020. Dispon\u00edvel em:\u00a0<a href=\"https:\/\/bit.ly\/3OUCfGv\" rel=\"nofollow\">https:\/\/bit.ly\/3OUCfGv<\/a>. Acesso em: 01 jul. 2022.<br \/>\nFERREIRA, V. S; et al. Did\u00e1tica. Porto Alegre: SAGAH, 2018. (Minha Biblioteca)<br \/>\nOLIVEIRA, L. D. R. Did\u00e1tica Aplicada \u00e0 Enfermagem. Londrina: Editora e Distribuidora Educacional<br \/>\nS.A., 2017.<\/p>\n<div class=\"elementor-toggle-item\">\n<h4 id=\"elementor-tab-title-1941\" class=\"elementor-tab-title elementor-active\" tabindex=\"0\" role=\"tab\" data-tab=\"1\" aria-controls=\"elementor-tab-content-1941\" aria-expanded=\"true\" aria-selected=\"true\">Como funciona?<\/h4>\n<div id=\"elementor-tab-content-1941\" class=\"elementor-tab-content elementor-clearfix elementor-active\" role=\"tabpanel\" data-tab=\"1\" aria-labelledby=\"elementor-tab-title-1941\">\n<p>Elaboramos os portf\u00f3lios, j\u00e1 deixamos prontos, nas normas da ABNT e conforme os requisitos da universidade. F\u00e1cil assim! O MELHOR \u00c9 QUE VOC\u00ca COMPRA E J\u00c1 BAIXA NA HORA O SEU ARQUIVO EM WORD! Sabemos que conciliar trabalho, fam\u00edlia, vida profissional e estudos \u00e9 dif\u00edcil hoje em dia, por isso, estamos aqui para ajudar voc\u00ea. Conte com nossa qualidade, experi\u00eancia e profissionalismo adquirindo seu portf\u00f3lio conosco. GARANTIMOS SEU CONCEITO!<\/p>\n<h4>Como se realizam os envios?<\/h4>\n<\/div>\n<\/div>\n<div class=\"elementor-toggle-item\">\n<div id=\"elementor-tab-content-1942\" class=\"elementor-tab-content elementor-clearfix elementor-active\" role=\"tabpanel\" data-tab=\"2\" aria-labelledby=\"elementor-tab-title-1942\">O seu trabalho \u00e9 disponibilizado pronto, respondido e nas normas j\u00e1 na mesma hora aqui em nosso site na sua \u00e1rea de downloads e tamb\u00e9m no seu e-mail.<\/div>\n<\/div>\n<div class=\"elementor-toggle-item\">\n<div id=\"elementor-tab-content-1943\" class=\"elementor-tab-content elementor-clearfix elementor-active\" role=\"tabpanel\" data-tab=\"3\" aria-labelledby=\"elementor-tab-title-1943\">\n<h4>Em quanto tempo recebo o portf\u00f3lio?<\/h4>\n<\/div>\n<\/div>\n<div class=\"elementor-toggle-item\">\n<div id=\"elementor-tab-content-1944\" class=\"elementor-tab-content elementor-clearfix elementor-active\" role=\"tabpanel\" data-tab=\"4\" aria-labelledby=\"elementor-tab-title-1944\">\n<p>Os envios s\u00e3o imediatos. Ap\u00f3s sua compra, o trabalho j\u00e1 \u00e9 disponibilizado instantaneamente aqui em nosso site e no seu e-mail.<\/p>\n<h4>E se o portf\u00f3lio que comprei precisar de corre\u00e7\u00e3o?<\/h4>\n<\/div>\n<\/div>\n<div class=\"elementor-toggle-item\">\n<div id=\"elementor-tab-content-1945\" class=\"elementor-tab-content elementor-clearfix elementor-active\" role=\"tabpanel\" data-tab=\"5\" aria-labelledby=\"elementor-tab-title-1945\">\n<p>Caso haja alguma solicita\u00e7\u00e3o de corre\u00e7\u00e3o\/altera\u00e7\u00e3o por parte do tutor, basta entrar em contato conosco pelo\u00a0WhatsApp\u00a0que provid\u00eanciaremos sem custo algum.<\/p>\n<h4>Qual o formato do arquivo?<\/h4>\n<\/div>\n<\/div>\n<div class=\"elementor-toggle-item\">\n<div id=\"elementor-tab-content-1946\" class=\"elementor-tab-content elementor-clearfix elementor-active\" role=\"tabpanel\" data-tab=\"6\" aria-labelledby=\"elementor-tab-title-1946\">\n<p>Os arquivos s\u00e3o enviados em formato Word e s\u00e3o edit\u00e1veis.<\/p>\n<h4>Caso eu tiver alguma d\u00favida, terei suporte no p\u00f3s venda?<\/h4>\n<\/div>\n<\/div>\n<div class=\"elementor-toggle-item\">\n<div id=\"elementor-tab-content-1948\" class=\"elementor-tab-content elementor-clearfix elementor-active\" role=\"tabpanel\" data-tab=\"8\" aria-labelledby=\"elementor-tab-title-1948\">\n<p>Sim, com certeza. Basta clicar no \u00edcone do WhatsApp no cantinho da tela. Ser\u00e1 um prazer atend\u00ea-lo(a).<\/p>\n<div class=\"elementor-toggle-item\">\n<div id=\"elementor-tab-content-1948\" class=\"elementor-tab-content elementor-clearfix elementor-active\" role=\"tabpanel\" data-tab=\"8\" aria-labelledby=\"elementor-tab-title-1948\">\n<h4>Quais os seus canais de contato?<\/h4>\n<\/div>\n<\/div>\n<div class=\"elementor-toggle-item\">\n<div id=\"elementor-tab-content-1949\" class=\"elementor-tab-content elementor-clearfix elementor-active\" role=\"tabpanel\" data-tab=\"9\" aria-labelledby=\"elementor-tab-title-1949\">\n<p>Whatsapp: 53 984751621 \u2013 Clicar no canto da tela ou ESCANEIE O QRCODE ABAIXO<\/p>\n<p><img decoding=\"async\" class=\"alignnone wp-image-7603\" src=\"http:\/\/portifolioos-prontos.com\/wp-content\/uploads\/2022\/09\/portfolio-unopar-pronto-colaborar-ava-producao-textual-interdisciplinar.png\" alt=\"Infec\u00e7\u00e3o de ferida cir\u00fargica por microrganismos resistentes e a pr\u00e1tica profissional,portf\u00f3lio Infec\u00e7\u00e3o de ferida cir\u00fargica por microrganismos resistentes e a pr\u00e1tica profissional,portfolio Infec\u00e7\u00e3o de ferida cir\u00fargica por microrganismos resistentes e a pr\u00e1tica profissional,portf\u00f3lio pronto Infec\u00e7\u00e3o de ferida cir\u00fargica por microrganismos resistentes e a pr\u00e1tica profissional,portfolio pronto Infec\u00e7\u00e3o de ferida cir\u00fargica por microrganismos resistentes e a pr\u00e1tica profissional,portf\u00f3lio pronto unopar Infec\u00e7\u00e3o de ferida cir\u00fargica por microrganismos resistentes e a pr\u00e1tica profissional,portfolio pronto unopar Infec\u00e7\u00e3o de ferida cir\u00fargica por microrganismos resistentes e a pr\u00e1tica profissional,portfolio enfermagem Infec\u00e7\u00e3o de ferida cir\u00fargica por microrganismos resistentes e a pr\u00e1tica profissional,portfolio enfermagem,portfolio enfermagem unopar,portf\u00f3lio enfermagem pronto,portf\u00f3lio enfermagem como fazer,portf\u00f3lio enfermagem,portf\u00f3lio acad\u00eamico enfermagem,portf\u00f3lio unopar enfermagem 1 semestre,portfolio estagio enfermagem,Portfolio pronto,portifolio pronto,portf\u00f3lio pronto,portifolios prontos,portif\u00f3lios prontos,portf\u00f3lio pronto unopar,portifolio pronto unopar,portif\u00f3lio pronto unopar,portifolios prontos unopar,portifolios prontos anhanguera,portf\u00f3lios prontos anhanguera,portf\u00f3lio pronto anhanguera,portfolios ead,portf\u00f3lios ead,portfolioead,apostileiros,portf\u00f3lio ead,portifolios ead,portif\u00f3lios ead,eadhelp,shop do acad\u00eamico,unopar portfolio,portfolio pronto ead,portfolio unopar ead,ead portfolio ava,portf\u00f3lio ead anhanguera,portf\u00f3lio ead pront,o portf\u00f3lio ead unopar,portf\u00f3lio pronto em word,pti unopar,ptg unopar,modelo de portf\u00f3lio unopar,modelo de portf\u00f3lio anhanguera,como fazer um portf\u00f3lio para faculdade,como faz portf\u00f3lio universidade,como faz portf\u00f3lios para universidade,portf\u00f3lios prontos para universidade,portf\u00f3lios pronto para faculdade,portf\u00f3lio pronto para editar,portifolios prontos para editar,portf\u00f3lio em word,portfolio em word,portf\u00f3lio em word para editar,portifolio em word para editar,portfolio unopar pronto para editar,modelo de portfolio para unopar,modelo de portif\u00f3lio para unopar,modelo de portf\u00f3lio para unopar,unopar portf\u00f3lio pronto,anhanguera portf\u00f3lio pronto,portf\u00f3lio em word pronto,comprar portf\u00f3lio pronto,como fazer um portf\u00f3lio,como fazer portf\u00f3lio digital,portfolio,portf\u00f3lio,portifolio,portif\u00f3lio,portf\u00f3lio interdisciplinar individual,portfolio interdisciplinar individual,exemplos de portf\u00f3lio para faculdade,baixar portf\u00f3lio pronto,portf\u00f3lio acad\u00eamico,portf\u00f3lio online,portfoliooead,portfolio ead,portf\u00f3lio pronto interdisciplinar individual,relat\u00f3rio de est\u00e1gio unopar,relat\u00f3rio de est\u00e1gio pronto unopar,como criar um portf\u00f3lio,o que \u00e9 um portf\u00f3lio e como fazer,portfolio exemplo,modelo de portfolio acad\u00eamico,relat\u00f3rio de est\u00e1gio gest\u00e3o escolar pronto unopar,portf\u00f3lio como fazer,prova profici\u00eancia unopar,portfolio individual est\u00e1gio curricular obrigat\u00f3rio ii anos iniciais do ensino fundamental,prova de profici\u00eancia pedagogia unopar,capa de trabalho unopar para editar,portf\u00f3lio acad\u00eamico unopar,como fazer um portf\u00f3lio acad\u00eamico,portf\u00f3lio exemplos word,portfolio acad\u00eamico,portfolio individual,portfolio individual unopar,portfolio individual anhanguera,portfolio marketing digital,portf\u00f3lio educa\u00e7\u00e3o f\u00edsica unopar,portf\u00f3lio gest\u00e3o educacional e espa\u00e7os n\u00e3o escolares,como fazer um portifolio unopar,modelo de portf\u00f3lio unopar em arquivo word,capa de portf\u00f3lio de pedagogia,como fazer um portf\u00f3lio no word,projeto integrado unopar,exemplo de portf\u00f3lio academico pedagogia\" width=\"141\" height=\"141\" srcset=\"https:\/\/portifolioos-prontos.com\/wp-content\/uploads\/2022\/09\/portfolio-unopar-pronto-colaborar-ava-producao-textual-interdisciplinar.png 150w, https:\/\/portifolioos-prontos.com\/wp-content\/uploads\/2022\/09\/portfolio-unopar-pronto-colaborar-ava-producao-textual-interdisciplinar-100x100.png 100w\" sizes=\"(max-width: 141px) 100vw, 141px\" \/><\/p>\n<\/div>\n<\/div>\n<\/div>\n<\/div>\n<div class=\"elementor-toggle-item\">\n<div id=\"elementor-tab-content-1949\" class=\"elementor-tab-content elementor-clearfix elementor-active\" role=\"tabpanel\" data-tab=\"9\" aria-labelledby=\"elementor-tab-title-1949\">\n<p>E-mail:portifoliosp@gmail.com<\/p>\n<div id=\"attachment_143\" class=\"wp-caption alignnone\" style=\"width: 164px;\">\n<div id=\"attachment_143\" style=\"width: 174px\" class=\"wp-caption alignnone\"><a href=\"http:\/\/portifolioos-prontos.com\"><img decoding=\"async\" aria-describedby=\"caption-attachment-143\" class=\"wp-image-143\" title=\"portfolio pronto unopar\" src=\"http:\/\/portifolioos-prontos.com\/wp-content\/uploads\/2022\/04\/conceitomaximo.png\" alt=\"PORTFOLIO PRONTO UNOPAR ANHANGUERA\" width=\"164\" height=\"47\" aria-describedby=\"caption-attachment-143\" \/><\/a><p id=\"caption-attachment-143\" class=\"wp-caption-text\">Portf\u00f3lio em Word, respondido, completo e j\u00e1 nas normas.<\/p><\/div>\n<\/div>\n<\/div>\n<\/div>\n","protected":false},"excerpt":{"rendered":"<p>Portf\u00f3lio Infec\u00e7\u00e3o de ferida cir\u00fargica por microrganismos resistentes e a pr\u00e1tica profissional Curso: Enfermagem Semestre: 3\u00b0 flex e 4\u00b0 regular A proposta de Produ\u00e7\u00e3o Textual Interdisciplinar em Grupo (PTG) ter\u00e1 como tem\u00e1tica \u201cInfec\u00e7\u00e3o de ferida cir\u00fargica por microrganismos resistentes e a pr\u00e1tica profissional\u201d. Escolhemos esta tem\u00e1tica para possibilitar a aprendizagem interdisciplinar dos conte\u00fados desenvolvidos nas&hellip;<\/p>\n","protected":false},"featured_media":5230,"template":"","meta":{"_seopress_robots_primary_cat":"none","_seopress_titles_title":"%%post_title%% %%sitetitle%%","_seopress_titles_desc":"%%post_content%%","_seopress_robots_index":""},"product_cat":[37,15],"product_tag":[],"class_list":{"0":"post-4852","1":"product","2":"type-product","3":"status-publish","4":"has-post-thumbnail","6":"product_cat-enfermagem","7":"product_cat-uncategorized","9":"first","10":"instock","11":"featured","12":"downloadable","13":"virtual","14":"purchasable","15":"product-type-simple","16":"col-xs-6 col-sm-4","17":"col-mf-5","18":"un-5-cols"},"jetpack_sharing_enabled":true,"_links":{"self":[{"href":"https:\/\/portifolioos-prontos.com\/index.php\/wp-json\/wp\/v2\/product\/4852","targetHints":{"allow":["GET"]}}],"collection":[{"href":"https:\/\/portifolioos-prontos.com\/index.php\/wp-json\/wp\/v2\/product"}],"about":[{"href":"https:\/\/portifolioos-prontos.com\/index.php\/wp-json\/wp\/v2\/types\/product"}],"version-history":[{"count":0,"href":"https:\/\/portifolioos-prontos.com\/index.php\/wp-json\/wp\/v2\/product\/4852\/revisions"}],"wp:featuredmedia":[{"embeddable":true,"href":"https:\/\/portifolioos-prontos.com\/index.php\/wp-json\/wp\/v2\/media\/5230"}],"wp:attachment":[{"href":"https:\/\/portifolioos-prontos.com\/index.php\/wp-json\/wp\/v2\/media?parent=4852"}],"wp:term":[{"taxonomy":"product_cat","embeddable":true,"href":"https:\/\/portifolioos-prontos.com\/index.php\/wp-json\/wp\/v2\/product_cat?post=4852"},{"taxonomy":"product_tag","embeddable":true,"href":"https:\/\/portifolioos-prontos.com\/index.php\/wp-json\/wp\/v2\/product_tag?post=4852"}],"curies":[{"name":"wp","href":"https:\/\/api.w.org\/{rel}","templated":true}]}}