{"id":4858,"date":"2022-07-19T16:15:11","date_gmt":"2022-07-19T19:15:11","guid":{"rendered":"https:\/\/portifolioos-prontos.com\/?post_type=product&#038;p=4858"},"modified":"2022-10-06T14:35:27","modified_gmt":"2022-10-06T17:35:27","slug":"portfolio-saude-coletiva-e-alimentacao-saudavel","status":"publish","type":"product","link":"https:\/\/portifolioos-prontos.com\/index.php\/product\/portfolio-saude-coletiva-e-alimentacao-saudavel\/","title":{"rendered":"Portf\u00f3lio Sa\u00fade coletiva e alimenta\u00e7\u00e3o saud\u00e1vel"},"content":{"rendered":"<h4>Portf\u00f3lio Sa\u00fade coletiva e alimenta\u00e7\u00e3o saud\u00e1vel<\/h4>\n<h4>Curso: Nutri\u00e7\u00e3o<\/h4>\n<h4>Semestre: 7\u00b0 flex \/ 8\u00b0 regular<\/h4>\n<hr \/>\n<p>A proposta de Produ\u00e7\u00e3o Textual Interdisciplinar em Grupo (PTG) ter\u00e1 como tem\u00e1tica \u201cSa\u00fade<br \/>\ncoletiva e alimenta\u00e7\u00e3o saud\u00e1vel\u201d. Escolhemos este assunto para possibilitar a aprendizagem<br \/>\ninterdisciplinar dos conte\u00fados desenvolvidos nas disciplinas desse semestre.<br \/>\nPara tanto, apresentamos a seguir as orienta\u00e7\u00f5es da atividade.<\/p>\n<p><strong>SITUA\u00c7\u00c3O GERADORA DE APRENDIZAGEM (SGA)<\/strong><\/p>\n<p>A transi\u00e7\u00e3o nutricional vem acarretando importantes altera\u00e7\u00f5es ao longo do tempo, atingindo<br \/>\na popula\u00e7\u00e3o independente de idade, sexo ou classe social. Ao constatar tal evid\u00eancia, faz-se<br \/>\nnecess\u00e1ria a mobiliza\u00e7\u00e3o para a determinar prioridades para a defini\u00e7\u00e3o de estrat\u00e9gias de a\u00e7\u00e3o de<br \/>\nsa\u00fade p\u00fablica (ESCODA, 2002; SOUZA, 2010). Um suporte essencial para a sa\u00fade coletiva \u00e9 a<br \/>\nVigil\u00e2ncia Alimentar e Nutricional (VAN) que realiza atividades de monitoramento, preven\u00e7\u00e3o e<br \/>\ncontrole de doen\u00e7as relacionadas com condi\u00e7\u00f5es alimentares e nutricionais. Para aplica\u00e7\u00e3o da VAN,<br \/>\naplica-se procedimentos de avalia\u00e7\u00e3o antropom\u00e9trica e de consumo alimentar, e os dados coletados<br \/>\ns\u00e3o consolidados no Sistema de Vigil\u00e2ncia Alimentar e Nutricional (SISVAN) (BRASIL, 2021).<br \/>\nOs sistemas de informa\u00e7\u00e3o em sa\u00fade possibilitam o conhecimento da situa\u00e7\u00e3o da sa\u00fade<br \/>\ncoletiva, e no Brasil o Minist\u00e9rio da Sa\u00fade utiliza o SISVAN para o monitoramento das condi\u00e7\u00f5es<br \/>\nnutricionais e alimentares. O SISVAN viabiliza o gerenciamento e acesso das informa\u00e7\u00f5es da<br \/>\npopula\u00e7\u00e3o atendida em todas as fases da vida, povos e comunidades tradicionais e grupos sob<br \/>\nvulnerabilidade social.<br \/>\nPromover uma alimenta\u00e7\u00e3o adequada e saud\u00e1vel reflete a preocupa\u00e7\u00e3o com a preven\u00e7\u00e3o e<br \/>\ncom o cuidado integral dos agravos relacionados \u00e0 alimenta\u00e7\u00e3o e nutri\u00e7\u00e3o, como a preven\u00e7\u00e3o das<br \/>\ncar\u00eancias nutricionais espec\u00edficas, a desnutri\u00e7\u00e3o e a redu\u00e7\u00e3o da preval\u00eancia do sobrepeso e<br \/>\nobesidade, al\u00e9m das Doen\u00e7as Cr\u00f4nicas N\u00e3o Transmiss\u00edveis (DCNT). Portanto, estrat\u00e9gias que buscam<br \/>\nmelhorar a qualidade de vida dos indiv\u00edduos e coletividades, s\u00e3o potencializadas pela articula\u00e7\u00e3o dos<br \/>\ndiferentes setores da sa\u00fade, com destaque ao nutricionista (LARA; NATACCI, 2018).<\/p>\n<p><strong>SITUA\u00c7\u00c3O-PROBLEMA<\/strong><\/p>\n<p>A empresa Lar Construtora LTDA., atua no mercado da constru\u00e7\u00e3o civil contando com 150<br \/>\npessoas em seu quadro de funcion\u00e1rios. Nesta empresa os funcion\u00e1rios t\u00eam o benef\u00edcio do<br \/>\nfornecimento de duas refei\u00e7\u00f5es durante o dia, caf\u00e9 da manh\u00e3 e almo\u00e7o. As refei\u00e7\u00f5es s\u00e3o produzidas<br \/>\nem uma UAN localizada dentro da empresa Lar Construtora LTDA., e Vanessa \u00e9 a nutricionista<br \/>\nrespons\u00e1vel pela unidade que trabalha na modalidade autogest\u00e3o.<br \/>\nEsta UAN est\u00e1 enfrentando problemas recorrentes nos \u00faltimos meses, devido ao absente\u00edsmo<br \/>\ndos colaboradores por diversos motivos. A Vanessa, gestora da UAN, est\u00e1 tentando administrar sua<br \/>\nequipe para conseguir produzir as refei\u00e7\u00f5es, por\u00e9m alguns pontos est\u00e3o deixando sendo<br \/>\nnegativamente impactados e com isso a qualidade da produ\u00e7\u00e3o das refei\u00e7\u00f5es est\u00e1 sendo prejudicada.<br \/>\nUm dos maiores problemas s\u00e3o as diversas altera\u00e7\u00f5es no card\u00e1pio planejado, dando prefer\u00eancia a<br \/>\nutiliza\u00e7\u00e3o de alimentos processados e ultraprocessado, n\u00e3o necessitando de pr\u00e9-preparo, pois \u00e9 uma<br \/>\netapa que demanda tempo e organiza\u00e7\u00e3o para ser realizada. Com isso a utiliza\u00e7\u00e3o e consumo de<br \/>\nalimentos (carnes, verduras, legumes e frutas) in natura foram reduzidos, e os clientes est\u00e3o<br \/>\npercebendo gerando insatisfa\u00e7\u00e3o e solicita\u00e7\u00e3o de melhora urgente para ser poss\u00edvel realizar uma<br \/>\nalimenta\u00e7\u00e3o mais adequada e saud\u00e1vel.<br \/>\nA universidade da cidade est\u00e1 em busca de campos de est\u00e1gio para os alunos do curso de<br \/>\nnutri\u00e7\u00e3o, e foi assim que Vanessa foi procurada para realizar um conv\u00eanio de est\u00e1gio e proporcionar<br \/>\na realiza\u00e7\u00e3o de est\u00e1gio para os alunos. Ela, com a autoriza\u00e7\u00e3o da empresa, aceitou e est\u00e1 aguardando<br \/>\nos estagi\u00e1rios na unidade. Vanessa pretende contar com a colabora\u00e7\u00e3o dos alunos para em conjunto<br \/>\nconseguir resolver alguns dos problemas da UAN. Antes de realizar o est\u00e1gio em alimenta\u00e7\u00e3o coletiva<br \/>\nos alunos est\u00e3o atuando no est\u00e1gio em nutri\u00e7\u00e3o e sa\u00fade coletiva, e durante uma reuni\u00e3o de est\u00e1gio<br \/>\nfoi discutido sobre o perfil nutricional e o padr\u00e3o de alimenta\u00e7\u00e3o da popula\u00e7\u00e3o atendida nos servi\u00e7os<br \/>\nde sa\u00fade da regi\u00e3o, relatando os constantes atendimentos de pacientes com excesso de peso e que<br \/>\nconsequentemente j\u00e1 apresentam algumas das DCNT, como dislipidemias, diabetes, hipertens\u00e3o,<br \/>\ndentre outras. A supervisora ressaltou a import\u00e2ncia das a\u00e7\u00f5es de educa\u00e7\u00e3o alimentar e nutricional<br \/>\npara conseguir levar informa\u00e7\u00f5es importantes para esse p\u00fablico sobre alimenta\u00e7\u00e3o e sa\u00fade.<br \/>\nCom base nos assuntos abordados na Situa\u00e7\u00e3o Geradora de Aprendizagem (SGA) e relatados<br \/>\nna Situa\u00e7\u00e3o-problema, desenvolva os seguintes desafios propostos.<\/p>\n<p><strong>DESAFIOS PROPOSTOS<\/strong><\/p>\n<p><strong>Desafio 1<\/strong><br \/>\nPara ter acesso \u00e0s informa\u00e7\u00f5es sobre a Vigil\u00e2ncia Alimentar e Nutricional no Brasil \u00e9<br \/>\nnecess\u00e1rio que os dados sejam coletados e inseridos no SISVAN, em virtude desta etapa \u00e9 poss\u00edvel<br \/>\ngerar relat\u00f3rios consolidados que permitem a interpreta\u00e7\u00e3o da situa\u00e7\u00e3o alimentar e nutricional no<br \/>\ncontexto coletivo. Desta forma, acesse o site do SISVAN (<a href=\"https:\/\/sisaps.saude.gov.br\/sisvan\/\" rel=\"nofollow\">https:\/\/sisaps.saude.gov.br\/sisvan\/<\/a>) e clique<br \/>\nem \u201cRelat\u00f3rios P\u00fablicos do SISVAN\u201d (<a href=\"https:\/\/sisaps.saude.gov.br\/sisvan\/relatoriopublico\/index\" rel=\"nofollow\">https:\/\/sisaps.saude.gov.br\/sisvan\/relatoriopublico\/index<\/a>),<br \/>\npara gerar o relat\u00f3rio de \u201cESTADO NUTRICIONAL\u201d da popula\u00e7\u00e3o adulta da sua cidade. Importante, o<br \/>\nrelat\u00f3rio que ser\u00e1 gerado no SISVAN deve ser somente de um munic\u00edpio.<br \/>\nOs filtros para gerar o relat\u00f3rio corretamente e desenvolver esse desafio s\u00e3o os seguintes:<br \/>\n\uf0b7 Ano de refer\u00eancia: 2021<br \/>\n\uf0b7 M\u00eas de refer\u00eancia: TODOS<br \/>\n\uf0b7 Agrupar por: MUNIC\u00cdPIO \u2013 Na sequ\u00eancia escolha o seu estado e o seu munic\u00edpio.<br \/>\n\uf0b7 Fases da vida: ADULTO<br \/>\n\uf0b7 Os demais filtros s\u00e3o TODOS ou TODAS.<br \/>\nAp\u00f3s selecionar todos os filtros necess\u00e1rios, no campo \u201cVISUALIZAR\u201d clique em \u201cVer em tela\u201d.<br \/>\nCom os dados apresentados no relat\u00f3rio gerado, elabore uma tabela que apresente as informa\u00e7\u00f5es<br \/>\ndo Munic\u00edpio, do Estado, da Regi\u00e3o e do Pa\u00eds.<br \/>\nCom base nas informa\u00e7\u00f5es dos relat\u00f3rios, \u00e9 poss\u00edvel planejar, o monitorar o gerenciar<br \/>\nprogramas e pol\u00edticas que buscam melhorar os resultados de estado nutricional e padr\u00e3o de consumo<br \/>\nalimentar da popula\u00e7\u00e3o brasileira. Considere as informa\u00e7\u00f5es do relat\u00f3rio gerado sobre o Estado<br \/>\nNutricional da popula\u00e7\u00e3o adulta avaliada da sua cidade e desenvolva uma discuss\u00e3o sobre os dados<br \/>\nobtidos relacionando com os aspectos atuais e com a transi\u00e7\u00e3o nutricional.<\/p>\n<p><strong>Desafio 2<\/strong><br \/>\nA gest\u00e3o de servi\u00e7os de alimenta\u00e7\u00e3o \u00e9 uma das atividades do nutricionista que atua na \u00e1rea<br \/>\nde alimenta\u00e7\u00e3o coletiva, al\u00e9m de fazer a gest\u00e3o administrativa deve promover uma alimenta\u00e7\u00e3o<\/p>\n<p>saud\u00e1vel e segura aos clientes. Sabendo disso, apresente como a gest\u00e3o de recursos humanos pode<br \/>\ninfluenciar no andamento das atividades e consequentemente nos resultados do estabelecimento e<br \/>\ndesenvolva um treinamento para os colaboradores da UAN, abordando a import\u00e2ncia dos recursos<br \/>\nhumanos em um servi\u00e7o de alimenta\u00e7\u00e3o para produzir refei\u00e7\u00f5es saud\u00e1veis e promover a sa\u00fade dos<br \/>\nclientes.<\/p>\n<p>Refer\u00eancias<br \/>\nBRASIL. Minist\u00e9rio da Sa\u00fade. Secretaria de Aten\u00e7\u00e3o Primaria \u00e0 Sa\u00fade. Vigil\u00e2ncia Alimentar e<br \/>\nNutricional nos Servi\u00e7os de Sa\u00fade e SISVAN. Dispon\u00edvel em:<br \/>\n<a href=\"https:\/\/aps.saude.gov.br\/ape\/vigilanciaalimentar\/van_sisvan\" rel=\"nofollow\">https:\/\/aps.saude.gov.br\/ape\/vigilanciaalimentar\/van_sisvan<\/a>. Acesso em: 28 jun. 2021.<br \/>\nESCODA, M.S.Q. Para a cr\u00edtica da transi\u00e7\u00e3o nutricional. Ci\u00eancia &amp; Sa\u00fade Coletiva, 7(2):219-226, 2002.<br \/>\nLARA, R. S.; NATACCI, L. C. Nutri\u00e7\u00e3o: vis\u00e3o atual e do futuro. Barueri: Manole, 2018.<br \/>\nSOUZA, E. B. Transi\u00e7\u00e3o nutricional no Brasil: an\u00e1lise dos principais fatores. Caderno UniFOA, ed. n<br \/>\n13, agosto\/2010.<\/p>\n<div class=\"elementor-toggle-item\">\n<div class=\"elementor-toggle-item\">\n<h4 id=\"elementor-tab-title-1941\" class=\"elementor-tab-title elementor-active\" tabindex=\"0\" role=\"tab\" data-tab=\"1\" aria-controls=\"elementor-tab-content-1941\" aria-expanded=\"true\" aria-selected=\"true\">Como funciona?<\/h4>\n<div id=\"elementor-tab-content-1941\" class=\"elementor-tab-content elementor-clearfix elementor-active\" role=\"tabpanel\" data-tab=\"1\" aria-labelledby=\"elementor-tab-title-1941\">\n<p>Elaboramos os portf\u00f3lios, j\u00e1 deixamos prontos, nas normas da ABNT e conforme os requisitos da universidade. F\u00e1cil assim! O MELHOR \u00c9 QUE VOC\u00ca COMPRA E J\u00c1 BAIXA NA HORA O SEU ARQUIVO EM WORD! Sabemos que conciliar trabalho, fam\u00edlia, vida profissional e estudos \u00e9 dif\u00edcil hoje em dia, por isso, estamos aqui para ajudar voc\u00ea. Conte com nossa qualidade, experi\u00eancia e profissionalismo adquirindo seu portf\u00f3lio conosco. GARANTIMOS SEU CONCEITO!<\/p>\n<h4>Como se realizam os envios?<\/h4>\n<\/div>\n<\/div>\n<div class=\"elementor-toggle-item\">\n<div id=\"elementor-tab-content-1942\" class=\"elementor-tab-content elementor-clearfix elementor-active\" role=\"tabpanel\" data-tab=\"2\" aria-labelledby=\"elementor-tab-title-1942\">O seu trabalho \u00e9 disponibilizado pronto, respondido e nas normas j\u00e1 na mesma hora aqui em nosso site na sua \u00e1rea de downloads e tamb\u00e9m no seu e-mail.<\/div>\n<\/div>\n<div class=\"elementor-toggle-item\">\n<div id=\"elementor-tab-content-1943\" class=\"elementor-tab-content elementor-clearfix elementor-active\" role=\"tabpanel\" data-tab=\"3\" aria-labelledby=\"elementor-tab-title-1943\">\n<h4>Em quanto tempo recebo o portf\u00f3lio?<\/h4>\n<\/div>\n<\/div>\n<div class=\"elementor-toggle-item\">\n<div id=\"elementor-tab-content-1944\" class=\"elementor-tab-content elementor-clearfix elementor-active\" role=\"tabpanel\" data-tab=\"4\" aria-labelledby=\"elementor-tab-title-1944\">\n<p>Os envios s\u00e3o imediatos. Ap\u00f3s sua compra, o trabalho j\u00e1 \u00e9 disponibilizado instantaneamente aqui em nosso site e no seu e-mail.<\/p>\n<h4>E se o portf\u00f3lio que comprei precisar de corre\u00e7\u00e3o?<\/h4>\n<\/div>\n<\/div>\n<div class=\"elementor-toggle-item\">\n<div id=\"elementor-tab-content-1945\" class=\"elementor-tab-content elementor-clearfix elementor-active\" role=\"tabpanel\" data-tab=\"5\" aria-labelledby=\"elementor-tab-title-1945\">\n<p>Caso haja alguma solicita\u00e7\u00e3o de corre\u00e7\u00e3o\/altera\u00e7\u00e3o por parte do tutor, basta entrar em contato conosco pelo\u00a0WhatsApp\u00a0que provid\u00eanciaremos sem custo algum.<\/p>\n<h4>Qual o formato do arquivo?<\/h4>\n<\/div>\n<\/div>\n<div class=\"elementor-toggle-item\">\n<div id=\"elementor-tab-content-1946\" class=\"elementor-tab-content elementor-clearfix elementor-active\" role=\"tabpanel\" data-tab=\"6\" aria-labelledby=\"elementor-tab-title-1946\">\n<p>Os arquivos s\u00e3o enviados em formato Word e s\u00e3o edit\u00e1veis.<\/p>\n<h4>Caso eu tiver alguma d\u00favida, terei suporte no p\u00f3s venda?<\/h4>\n<\/div>\n<\/div>\n<div class=\"elementor-toggle-item\">\n<div id=\"elementor-tab-content-1948\" class=\"elementor-tab-content elementor-clearfix elementor-active\" role=\"tabpanel\" data-tab=\"8\" aria-labelledby=\"elementor-tab-title-1948\">\n<p>Sim, com certeza. Basta clicar no \u00edcone do WhatsApp no cantinho da tela. Ser\u00e1 um prazer atend\u00ea-lo(a).<\/p>\n<div class=\"elementor-toggle-item\">\n<div id=\"elementor-tab-content-1948\" class=\"elementor-tab-content elementor-clearfix elementor-active\" role=\"tabpanel\" data-tab=\"8\" aria-labelledby=\"elementor-tab-title-1948\">\n<h4>Quais os seus canais de contato?<\/h4>\n<\/div>\n<\/div>\n<div class=\"elementor-toggle-item\">\n<div id=\"elementor-tab-content-1949\" class=\"elementor-tab-content elementor-clearfix elementor-active\" role=\"tabpanel\" data-tab=\"9\" aria-labelledby=\"elementor-tab-title-1949\">\n<p>Whatsapp: 53 984751621 \u2013 Clicar no canto da tela ou ESCANEIE O QRCODE ABAIXO<\/p>\n<p><img decoding=\"async\" class=\"alignnone wp-image-7603\" src=\"http:\/\/portifolioos-prontos.com\/wp-content\/uploads\/2022\/09\/portfolio-unopar-pronto-colaborar-ava-producao-textual-interdisciplinar.png\" alt=\"Sa\u00fade coletiva e alimenta\u00e7\u00e3o saud\u00e1vel,portf\u00f3lio Sa\u00fade coletiva e alimenta\u00e7\u00e3o saud\u00e1vel,portf\u00f3lio nutri\u00e7\u00e3o Sa\u00fade coletiva e alimenta\u00e7\u00e3o saud\u00e1vel,portf\u00f3lio pronto Sa\u00fade coletiva e alimenta\u00e7\u00e3o saud\u00e1vel,portf\u00f3lio pronto unopar Sa\u00fade coletiva e alimenta\u00e7\u00e3o saud\u00e1vel,portf\u00f3lio nutri\u00e7\u00e3o,portf\u00f3lio acad\u00eamico nutri\u00e7\u00e3o,portfolio nutri\u00e7\u00e3o,portf\u00f3lio pronto de nutri\u00e7\u00e3o,portfolio nutri\u00e7\u00e3o unopar,portf\u00f3lio nutri\u00e7\u00e3o e diet\u00e9tica,Portfolio pronto,portifolio pronto,portf\u00f3lio pronto,portifolios prontos,portif\u00f3lios prontos,portf\u00f3lio pronto unopar,portifolio pronto unopar,portif\u00f3lio pronto unopar,portifolios prontos unopar,portifolios prontos anhanguera,portf\u00f3lios prontos anhanguera,portf\u00f3lio pronto anhanguera,portfolios ead,portf\u00f3lios ead,portfolioead,apostileiros,portf\u00f3lio ead,portifolios ead,portif\u00f3lios ead,eadhelp,shop do acad\u00eamico,unopar portfolio,portfolio pronto ead,portfolio unopar ead,ead portfolio ava,portf\u00f3lio ead anhanguera,portf\u00f3lio ead pront,o portf\u00f3lio ead unopar,portf\u00f3lio pronto em word,pti unopar,ptg unopar,modelo de portf\u00f3lio unopar,modelo de portf\u00f3lio anhanguera,como fazer um portf\u00f3lio para faculdade,como faz portf\u00f3lio universidade,como faz portf\u00f3lios para universidade,portf\u00f3lios prontos para universidade,portf\u00f3lios pronto para faculdade,portf\u00f3lio pronto para editar,portifolios prontos para editar,portf\u00f3lio em word,portfolio em word,portf\u00f3lio em word para editar,portifolio em word para editar,portfolio unopar pronto para editar,modelo de portfolio para unopar,modelo de portif\u00f3lio para unopar,modelo de portf\u00f3lio para unopar,unopar portf\u00f3lio pronto,anhanguera portf\u00f3lio pronto,portf\u00f3lio em word pronto,comprar portf\u00f3lio pronto,como fazer um portf\u00f3lio,como fazer portf\u00f3lio digital,portfolio,portf\u00f3lio,portifolio,portif\u00f3lio,portf\u00f3lio interdisciplinar individual,portfolio interdisciplinar individual,exemplos de portf\u00f3lio para faculdade,baixar portf\u00f3lio pronto,portf\u00f3lio acad\u00eamico,portf\u00f3lio online,portfoliooead,portfolio ead,portf\u00f3lio pronto interdisciplinar individual,relat\u00f3rio de est\u00e1gio unopar,relat\u00f3rio de est\u00e1gio pronto unopar,como criar um portf\u00f3lio,o que \u00e9 um portf\u00f3lio e como fazer,portfolio exemplo,modelo de portfolio acad\u00eamico,relat\u00f3rio de est\u00e1gio gest\u00e3o escolar pronto unopar,portf\u00f3lio como fazer,prova profici\u00eancia unopar,portfolio individual est\u00e1gio curricular obrigat\u00f3rio ii anos iniciais do ensino fundamental,prova de profici\u00eancia pedagogia unopar,capa de trabalho unopar para editar,portf\u00f3lio acad\u00eamico unopar,como fazer um portf\u00f3lio acad\u00eamico,portf\u00f3lio exemplos word,portfolio acad\u00eamico,portfolio individual,portfolio individual unopar,portfolio individual anhanguera,portfolio marketing digital,portf\u00f3lio educa\u00e7\u00e3o f\u00edsica unopar,portf\u00f3lio gest\u00e3o educacional e espa\u00e7os n\u00e3o escolares,como fazer um portifolio unopar,modelo de portf\u00f3lio unopar em arquivo word,capa de portf\u00f3lio de pedagogia,como fazer um portf\u00f3lio no word,projeto integrado unopar,exemplo de portf\u00f3lio academico pedagogia\" width=\"141\" height=\"141\" srcset=\"https:\/\/portifolioos-prontos.com\/wp-content\/uploads\/2022\/09\/portfolio-unopar-pronto-colaborar-ava-producao-textual-interdisciplinar.png 150w, https:\/\/portifolioos-prontos.com\/wp-content\/uploads\/2022\/09\/portfolio-unopar-pronto-colaborar-ava-producao-textual-interdisciplinar-100x100.png 100w\" sizes=\"(max-width: 141px) 100vw, 141px\" \/><\/p>\n<\/div>\n<\/div>\n<\/div>\n<\/div>\n<div class=\"elementor-toggle-item\">\n<div id=\"elementor-tab-content-1949\" class=\"elementor-tab-content elementor-clearfix elementor-active\" role=\"tabpanel\" data-tab=\"9\" aria-labelledby=\"elementor-tab-title-1949\">\n<p>E-mail:portifoliosp@gmail.com<\/p>\n<div id=\"attachment_143\" class=\"wp-caption alignnone\" style=\"width: 164px;\">\n<div id=\"attachment_143\" style=\"width: 174px\" class=\"wp-caption alignnone\"><a href=\"http:\/\/portifolioos-prontos.com\"><img decoding=\"async\" aria-describedby=\"caption-attachment-143\" class=\"wp-image-143\" title=\"portfolio pronto unopar\" src=\"http:\/\/portifolioos-prontos.com\/wp-content\/uploads\/2022\/04\/conceitomaximo.png\" alt=\"PORTFOLIO PRONTO UNOPAR ANHANGUERA\" width=\"164\" height=\"47\" aria-describedby=\"caption-attachment-143\" \/><\/a><p id=\"caption-attachment-143\" class=\"wp-caption-text\">Portf\u00f3lio em Word, respondido, completo e j\u00e1 nas normas.<\/p><\/div>\n<\/div>\n<\/div>\n<\/div>\n<\/div>\n","protected":false},"excerpt":{"rendered":"<p>Portf\u00f3lio Sa\u00fade coletiva e alimenta\u00e7\u00e3o saud\u00e1vel Curso: Nutri\u00e7\u00e3o Semestre: 7\u00b0 flex \/ 8\u00b0 regular A proposta de Produ\u00e7\u00e3o Textual Interdisciplinar em Grupo (PTG) ter\u00e1 como tem\u00e1tica \u201cSa\u00fade coletiva e alimenta\u00e7\u00e3o saud\u00e1vel\u201d. Escolhemos este assunto para possibilitar a aprendizagem interdisciplinar dos conte\u00fados desenvolvidos nas disciplinas desse semestre. Para tanto, apresentamos a seguir as orienta\u00e7\u00f5es da atividade.&hellip;<\/p>\n","protected":false},"featured_media":5222,"template":"","meta":{"_seopress_robots_primary_cat":"none","_seopress_titles_title":"%%post_title%% %%sitetitle%%","_seopress_titles_desc":"%%post_content%%","_seopress_robots_index":""},"product_cat":[51,15],"product_tag":[],"class_list":{"0":"post-4858","1":"product","2":"type-product","3":"status-publish","4":"has-post-thumbnail","6":"product_cat-nutricao","7":"product_cat-uncategorized","9":"first","10":"instock","11":"downloadable","12":"virtual","13":"purchasable","14":"product-type-simple","15":"col-xs-6 col-sm-4","16":"col-mf-5","17":"un-5-cols"},"jetpack_sharing_enabled":true,"_links":{"self":[{"href":"https:\/\/portifolioos-prontos.com\/index.php\/wp-json\/wp\/v2\/product\/4858","targetHints":{"allow":["GET"]}}],"collection":[{"href":"https:\/\/portifolioos-prontos.com\/index.php\/wp-json\/wp\/v2\/product"}],"about":[{"href":"https:\/\/portifolioos-prontos.com\/index.php\/wp-json\/wp\/v2\/types\/product"}],"version-history":[{"count":0,"href":"https:\/\/portifolioos-prontos.com\/index.php\/wp-json\/wp\/v2\/product\/4858\/revisions"}],"wp:featuredmedia":[{"embeddable":true,"href":"https:\/\/portifolioos-prontos.com\/index.php\/wp-json\/wp\/v2\/media\/5222"}],"wp:attachment":[{"href":"https:\/\/portifolioos-prontos.com\/index.php\/wp-json\/wp\/v2\/media?parent=4858"}],"wp:term":[{"taxonomy":"product_cat","embeddable":true,"href":"https:\/\/portifolioos-prontos.com\/index.php\/wp-json\/wp\/v2\/product_cat?post=4858"},{"taxonomy":"product_tag","embeddable":true,"href":"https:\/\/portifolioos-prontos.com\/index.php\/wp-json\/wp\/v2\/product_tag?post=4858"}],"curies":[{"name":"wp","href":"https:\/\/api.w.org\/{rel}","templated":true}]}}