{"id":4865,"date":"2022-07-19T16:19:47","date_gmt":"2022-07-19T19:19:47","guid":{"rendered":"https:\/\/portifolioos-prontos.com\/?post_type=product&#038;p=4865"},"modified":"2022-10-27T16:18:10","modified_gmt":"2022-10-27T19:18:10","slug":"portfolio-a-utilizacao-de-ferramentas-digitais-para-uso-educacional-nos-anos-iniciais-do-ensino-fundamental","status":"publish","type":"product","link":"https:\/\/portifolioos-prontos.com\/index.php\/product\/portfolio-a-utilizacao-de-ferramentas-digitais-para-uso-educacional-nos-anos-iniciais-do-ensino-fundamental\/","title":{"rendered":"Portf\u00f3lio A utiliza\u00e7\u00e3o de ferramentas digitais para uso educacional nos anos iniciais do Ensino Fundamental"},"content":{"rendered":"<h4>Portf\u00f3lio A utiliza\u00e7\u00e3o de ferramentas digitais para uso educacional nos anos iniciais do Ensino Fundamental<\/h4>\n<h4>Curso: Pedagogia<\/h4>\n<h4>Semestre: 3\u00b0 \/ 4\u00b0 sem<\/h4>\n<p><a href=\"https:\/\/portifolioos-prontos.com\/index.php\/product\/plano-de-trabalho-de-estagio-cursos-de-licenciatura-estagio-i-educacao-infantil-pedagogia\/\">CLIQUE AQUI PARA COMPRAR TAMB\u00c9M O TRABALHO DE EST\u00c1GIO I &#8211; Educa\u00e7\u00e3o Infantil<\/a><\/p>\n<hr \/>\n<p>A Produ\u00e7\u00e3o Textual Interdisciplinar Individual (PTI) ter\u00e1 como tema <strong>A utiliza\u00e7\u00e3o de<\/strong><br \/>\n<strong>ferramentas digitais para uso educacional nos anos iniciais do Ensino Fundamental<\/strong>. Escolhemos<br \/>\nessa tem\u00e1tica para favorecer a reflex\u00e3o sobre a utiliza\u00e7\u00e3o das tecnologias no contexto educacional,<br \/>\nvisando a articula\u00e7\u00e3o com as compet\u00eancias gerais e componentes curriculares apresentados pela<br \/>\nBase Nacional Comum Curricular (BNCC).<br \/>\nAprovada em 2018, a BNCC apresenta compet\u00eancias que devem ser desenvolvidas ao longo<br \/>\nda educa\u00e7\u00e3o b\u00e1sica, entre elas, a compet\u00eancia 5: \u201cCompreender, utilizar e criar tecnologias digitais<br \/>\nde informa\u00e7\u00e3o e comunica\u00e7\u00e3o de forma cr\u00edtica, significativa, reflexiva e \u00e9tica nas diversas pr\u00e1ticas<br \/>\nsociais (incluindo as escolares) para se comunicar, acessar e disseminar informa\u00e7\u00f5es, produzir<br \/>\nconhecimentos, resolver problemas e exercer protagonismo e autoria na vida pessoal e coletiva\u201d<br \/>\n(BRASIL, 2018, p. 9). (BRASIL. Base Nacional Comum Curricular: A Educa\u00e7\u00e3o \u00e9 a Base. Bras\u00edlia: MEC\/Secretaria de<br \/>\nEduca\u00e7\u00e3o B\u00e1sica, 2018).<\/p>\n<p>PRODU\u00c7\u00c3O TEXTUAL<br \/>\nINTERDISCIPLINAR<br \/>\nINDIVIDUAL\u00a0\u2013 PTI<br \/>\nNa BNCC, o Ensino Fundamental est\u00e1 organizado em \u00e1reas do conhecimento e componentes<br \/>\ncurriculares que estabelecem compet\u00eancias espec\u00edficas articuladas com as compet\u00eancias gerais.<br \/>\nPara garantir o desenvolvimento dessas compet\u00eancias espec\u00edficas, os componentes curriculares<br \/>\napresentam um conjunto de habilidades (aprendizagens essenciais que devem ser asseguradas aos<br \/>\nalunos) que se relacionam a diferentes objetos de conhecimento (conte\u00fados, conceitos e<br \/>\nprocessos), que s\u00e3o organizados em unidade tem\u00e1ticas (arranjo de objetos de conhecimento) de<br \/>\nacordo com as especificidades de cada componente curricular.<br \/>\nA l\u00edngua portuguesa \u00e9 um dos componentes curriculares da \u00e1rea de Linguagens e a<br \/>\nfinalidade das experi\u00eancias relacionadas a esse componente \u00e9 possibilitar, aos estudantes, a<br \/>\nparticipa\u00e7\u00e3o de pr\u00e1ticas de linguagem diversificadas que lhes permitam ampliar suas capacidades<br \/>\nexpressivas (BRASIL, 2018). As viv\u00eancias oportunizadas no componente curricular L\u00edngua<br \/>\nPortuguesa devem contribuir com a amplia\u00e7\u00e3o dos letramentos nas diversas pr\u00e1ticas sociais e esse<br \/>\nletramento contribui de modo significativo com o processo de alfabetiza\u00e7\u00e3o, visto que o letramento<br \/>\ne a alfabetiza\u00e7\u00e3o s\u00e3o interdependentes e indissoci veis \u201d agda<br \/>\nl a eti a o e letramento camin os e descamin os , n. 29, 2004).<br \/>\nConsiderando que a BNCC valoriza as situa\u00e7\u00f5es l\u00fadicas de aprendizagem e procura<br \/>\ncontemplar a cultura digital no contexto da sala de aula, observa-se a import\u00e2ncia de refletir sobre<br \/>\no trabalho a ser desenvolvido nos anos iniciais do Ensino Fundamental e pesquisar ferramentas<br \/>\ntecnol\u00f3gicas que podem contribuir com o interesse e aprendizagem dos alunos.<br \/>\nA partir do que foi exposto, prossiga para a leitura e interpreta\u00e7\u00e3o da Situa\u00e7\u00e3o Geradora de<br \/>\nAprendizagem.<\/p>\n<p>ORIENTA\u00c7\u00d5ES DA PRODU\u00c7\u00c3O TEXTUAL<\/p>\n<p>Leitura e interpreta\u00e7\u00e3o da SGA<br \/>\nPor meio da leitura da SGA e, tamb\u00e9m, da situa\u00e7\u00e3o-problema destacada, voc\u00ea deve elaborar<br \/>\numa produ\u00e7\u00e3o textual interdisciplinar sobre a utiliza\u00e7\u00e3o de ferramentas digitais para uso<br \/>\neducacional nos anos iniciais do Ensino Fundamental.<\/p>\n<p>PRODU\u00c7\u00c3O TEXTUAL<br \/>\nINTERDISCIPLINAR<\/p>\n<p>SITUA\u00c7\u00c3O GERADORA DE APRENDIZAGEM (SGA)<\/p>\n<p>A Base Nacional Comum Curricular (BNCC) \u00e9 um documento de car\u00e1ter normativo que<br \/>\ndefine o conjunto de conhecimentos, compet\u00eancias e habilidades que devem ser aprendidas e<br \/>\ndesenvolvidas ao longo da Educa\u00e7\u00e3o B\u00e1sica. Nos dois primeiros anos do Ensino Fundamental, a<br \/>\na\u00e7\u00e3o pedag\u00f3gica deve ter como foco a alfabetiza\u00e7\u00e3o e o envolvimento em pr\u00e1ticas diversificadas de<br \/>\nletramentos, nos anos seguintes, o trabalho est\u00e1 pautado na progress\u00e3o do conhecimento pela<br \/>\nconsolida\u00e7\u00e3o das aprendizagens anteriores, na amplia\u00e7\u00e3o das pr\u00e1ticas de linguagem e na<br \/>\nexperi\u00eancia est\u00e9tica e cultural dos alunos, assim, os estudos da BNCC s\u00e3o fundamentais para<br \/>\napropriar-se dos conhecimentos e determina\u00e7\u00f5es presentes no documento, adequar os Projetos<br \/>\nPol\u00edtico Pedag\u00f3gicos e desenvolver o trabalho em sala de aula, considerando as especificidades da<br \/>\netapa a ser trabalhada.<br \/>\nAtuando como professora nos anos iniciais do Ensino Fundamental, Paula percebeu o<br \/>\ninteresse que seus alunos t\u00eam por celulares, tablets, computadores e outras ferramentas digitais.<br \/>\nEnt\u00e3o, decidiu estudar sobre como essas ferramentas poderiam ser utilizadas no processo de<br \/>\nalfabetiza\u00e7\u00e3o e letramento dos alunos e nas avalia\u00e7\u00f5es realizadas. A partir desse interesse, a<br \/>\nprofessora decidiu matricular-se em um curso de forma\u00e7\u00e3o continuada ofertado pela Secretaria<br \/>\nMunicipal de Educa\u00e7\u00e3o de seu munic\u00edpio que ir\u00e1 abordar esses e outros assuntos pertinentes ao<br \/>\ntema. Ao final do curso de forma\u00e7\u00e3o, os cursistas ter\u00e3o que apresentar uma atividade final como<br \/>\nresultado das reflex\u00f5es e aprendizagens realizadas.<\/p>\n<p>SITUA\u00c7\u00c3O-PROBLEMA (SP)<\/p>\n<p>Durante o curso de forma\u00e7\u00e3o continuada, Paula teve a oportunidade de aprofundar seu<br \/>\nconhecimento sobre as especificidades dos anos iniciais do Ensino Fundamental de acordo com a<br \/>\nBNCC, refletir sobre a import\u00e2ncia da avalia\u00e7\u00e3o no processo educacional, realizar leituras sobre a<br \/>\nutiliza\u00e7\u00e3o da tecnologia no contexto educacional, conhecer aplicativos, plataformas digitais, jogos<br \/>\non-line, entre outras ferramentas que poderiam ser utilizadas nos anos iniciais do Ensino<br \/>\nFundamental.<\/p>\n<p>PRODU\u00c7\u00c3O TEXTUAL<br \/>\nINTERDISCIPLINAR<\/p>\n<p>Para receber a certifica\u00e7\u00e3o do curso, os professores inscritos devem se reunir em grupos<br \/>\npara elaborar um plano de aula, voltado ao 1o e\/ou 2o ano do Ensino Fundamental, que contemple<br \/>\npr\u00e1ticas de linguagem, objetos de conhecimento e habilidades presentes no componente curricular<br \/>\nL\u00edngua Portuguesa, bem como outras informa\u00e7\u00f5es contidas no modelo de plano de aula a ser<br \/>\nproduzido, estabelecendo paralelos com a alfabetiza\u00e7\u00e3o e o letramento e com a utiliza\u00e7\u00e3o de<br \/>\nferramentas tecnol\u00f3gicas.<br \/>\nComo voc\u00ea realizaria a proposta?<\/p>\n<p>ORIENTA\u00c7\u00d5ES PARA A EXECU\u00c7\u00c3O DO TRABALHO<\/p>\n<p>A produ\u00e7\u00e3o textual deve ser organizada por meio dos seguintes itens a serem considerados:<\/p>\n<p>1o) Realiza\u00e7\u00e3o da leitura dos textos sugeridos abaixo. Al\u00e9m dessas sugest\u00f5es, voc\u00ea tamb\u00e9m<br \/>\npoder\u00e1 utilizar para a elabora\u00e7\u00e3o da produ\u00e7\u00e3o textual os materiais disponibilizados pelas disciplinas<br \/>\ndo semestre:<\/p>\n<p>Texto 1: BRASIL. Minist\u00e9rio da Educa\u00e7\u00e3o. Base Nacional Comum Curricular. Bras\u00edlia, 2018. p-<br \/>\n53-89 e 94-107. Dispon\u00edvel em:<\/p>\n<p><a href=\"http:\/\/portal.mec.gov.br\/index.php?option=com_docman&amp;view=download&amp;alias=79601-anexo-\" rel=\"nofollow\">http:\/\/portal.mec.gov.br\/index.php?option=com_docman&amp;view=download&amp;alias=79601-anexo-<\/a><br \/>\ntexto-bncc-reexportado-pdf-2&amp;category_slug=dezembro-2017-pdf&amp;Itemid=30192. Acesso em: 10<\/p>\n<p>jun. 2022.<\/p>\n<p>Texto 2: MOREIRA, V. N.; BATISTA, S. C. F.; RANGEL, I. R. da G. l a eti a o e letramento<br \/>\navalia o de aplicativos m veis para os anos iniciais do Ensino Fundamental. , Campos dos<br \/>\nGoytacazes\/RJ, v.22, n.2, p. 298-320, maio\/ago. 2020. Dispon\u00edvel em:<br \/>\n<a href=\"https:\/\/oaji.net\/articles\/2020\/8925-1598234024.pdf\" rel=\"nofollow\">https:\/\/oaji.net\/articles\/2020\/8925-1598234024.pdf<\/a>. Acesso em: 12 jun. 2022.<\/p>\n<p>Texto 3: PANTOJA, P. F.; FREITAS, S. P. da E.; SILVA, G. A. da. Avalia\u00e7\u00e3o formativa como a\u00e7\u00e3o<br \/>\nsignificativa do processo de aprendizagem no ensino fundamental. Cairu em Revista \u2013 Sociedade,<\/p>\n<p>PRODU\u00c7\u00c3O TEXTUAL<br \/>\nINTERDISCIPLINAR<br \/>\nINDIVIDUAL \u2013 PTI<br \/>\nEduca\u00e7\u00e3o Gest\u00e3o e Sustentabilidade, Salvador \u2013 BA, no<\/p>\n<p>11 \u2013 Ano 7 \u2013 Dez. 2018, dispon\u00edvel em:<br \/>\n<a href=\"https:\/\/www.cairu.br\/revista\/arquivos\/artigos\/20182\/art_02.pdf\" rel=\"nofollow\">https:\/\/www.cairu.br\/revista\/arquivos\/artigos\/20182\/art_02.pdf<\/a>. Acesso em: 13 jun. 2022.<br \/>\nTexto 4: BARROSO, Felipe; ANTUNES, Mariana. Tecnologia na educa\u00e7\u00e3o: ferramentas digitais<br \/>\nfacilitadoras da pr\u00e1tica docente. Pesquisa e debate em educa\u00e7\u00e3o, Juiz de Fora, v. 5, n. 1, 2015.<br \/>\nDispon\u00edvel em:\u00a0<a href=\"https:\/\/periodicos.ufjf.br\/index.php\/RPDE\/article\/view\/31969\/21198\" rel=\"nofollow\">https:\/\/periodicos.ufjf.br\/index.php\/RPDE\/article\/view\/31969\/21198<\/a>. Acesso em:<br \/>\n12 jun. 2022.<\/p>\n<p>2o) Elaborar a Introdu\u00e7\u00e3o da produ\u00e7\u00e3o textual, neste t\u00f3pico, voc\u00ea dever\u00e1 fazer uma<br \/>\napresenta\u00e7\u00e3o sobre o que ser\u00e1 abordado no trabalho, expor os objetivos e a import\u00e2ncia de sua<br \/>\nrealiza\u00e7\u00e3o (A introdu\u00e7\u00e3o dever\u00e1 ter 1 lauda).<\/p>\n<p>3o) Para o Desenvolvimento do trabalho, voc\u00ea dever\u00e1 elaborar as duas atividades<br \/>\nindicadas a seguir (O desenvolvimento dever\u00e1 ter de 2 a 3 laudas):<\/p>\n<p>a) elabora\u00e7\u00e3o de um texto sobre a utiliza\u00e7\u00e3o de ferramentas digitais para uso educacional nos<br \/>\nanos iniciais do Ensino Fundamental.<\/p>\n<p>b) elabora\u00e7\u00e3o de um plano de aula (modelo em anexo) voltado ao 1o e\/ou 2o ano do Ensino<\/p>\n<p>Fundamental utilizando ferramentas tecnol\u00f3gicas (tablets, computadores, aplicativos, jogos on-<br \/>\nline, sites, lousa digital, entre outros, considerando as especificidades do processo de<\/p>\n<p>alfabetiza\u00e7\u00e3o e letramento dos alunos).<\/p>\n<p>4o) Para finalizar, voc\u00ea deve fazer as Considera\u00e7\u00f5es finais apresentando a sintetiza\u00e7\u00e3o dos<br \/>\nelementos discutidos. (As considera\u00e7\u00f5es finais devem ter 1 lauda).<\/p>\n<p>5o) Refer\u00eancias: n\u00e3o se esque\u00e7a de listar todos os autores e materiais que utilizou para<br \/>\ndesenvolver o trabalho.<\/p>\n<div class=\"elementor-toggle-item\">\n<div class=\"elementor-toggle-item\">\n<h4 id=\"elementor-tab-title-1941\" class=\"elementor-tab-title elementor-active\" tabindex=\"0\" role=\"tab\" data-tab=\"1\" aria-controls=\"elementor-tab-content-1941\" aria-expanded=\"true\" aria-selected=\"true\">Como funciona?<\/h4>\n<div id=\"elementor-tab-content-1941\" class=\"elementor-tab-content elementor-clearfix elementor-active\" role=\"tabpanel\" data-tab=\"1\" aria-labelledby=\"elementor-tab-title-1941\">\n<p>Elaboramos os portf\u00f3lios, j\u00e1 deixamos prontos, nas normas da ABNT e conforme os requisitos da universidade. F\u00e1cil assim! O MELHOR \u00c9 QUE VOC\u00ca COMPRA E J\u00c1 BAIXA NA HORA O SEU ARQUIVO EM WORD! Sabemos que conciliar trabalho, fam\u00edlia, vida profissional e estudos \u00e9 dif\u00edcil hoje em dia, por isso, estamos aqui para ajudar voc\u00ea. Conte com nossa qualidade, experi\u00eancia e profissionalismo adquirindo seu portf\u00f3lio conosco. GARANTIMOS SEU CONCEITO!<\/p>\n<h4>Como se realizam os envios?<\/h4>\n<\/div>\n<\/div>\n<div class=\"elementor-toggle-item\">\n<div id=\"elementor-tab-content-1942\" class=\"elementor-tab-content elementor-clearfix elementor-active\" role=\"tabpanel\" data-tab=\"2\" aria-labelledby=\"elementor-tab-title-1942\">O seu trabalho \u00e9 disponibilizado pronto, respondido e nas normas j\u00e1 na mesma hora aqui em nosso site na sua \u00e1rea de downloads e tamb\u00e9m no seu e-mail.<\/div>\n<\/div>\n<div class=\"elementor-toggle-item\">\n<div id=\"elementor-tab-content-1943\" class=\"elementor-tab-content elementor-clearfix elementor-active\" role=\"tabpanel\" data-tab=\"3\" aria-labelledby=\"elementor-tab-title-1943\">\n<h4>Em quanto tempo recebo o portf\u00f3lio?<\/h4>\n<\/div>\n<\/div>\n<div class=\"elementor-toggle-item\">\n<div id=\"elementor-tab-content-1944\" class=\"elementor-tab-content elementor-clearfix elementor-active\" role=\"tabpanel\" data-tab=\"4\" aria-labelledby=\"elementor-tab-title-1944\">\n<p>Os envios s\u00e3o imediatos. Ap\u00f3s sua compra, o trabalho j\u00e1 \u00e9 disponibilizado instantaneamente aqui em nosso site e no seu e-mail.<\/p>\n<h4>E se o portf\u00f3lio que comprei precisar de corre\u00e7\u00e3o?<\/h4>\n<\/div>\n<\/div>\n<div class=\"elementor-toggle-item\">\n<div id=\"elementor-tab-content-1945\" class=\"elementor-tab-content elementor-clearfix elementor-active\" role=\"tabpanel\" data-tab=\"5\" aria-labelledby=\"elementor-tab-title-1945\">\n<p>Caso haja alguma solicita\u00e7\u00e3o de corre\u00e7\u00e3o\/altera\u00e7\u00e3o por parte do tutor, basta entrar em contato conosco pelo\u00a0WhatsApp\u00a0que provid\u00eanciaremos sem custo algum.<\/p>\n<h4>Qual o formato do arquivo?<\/h4>\n<\/div>\n<\/div>\n<div class=\"elementor-toggle-item\">\n<div id=\"elementor-tab-content-1946\" class=\"elementor-tab-content elementor-clearfix elementor-active\" role=\"tabpanel\" data-tab=\"6\" aria-labelledby=\"elementor-tab-title-1946\">\n<p>Os arquivos s\u00e3o enviados em formato Word e s\u00e3o edit\u00e1veis.<\/p>\n<h4>Caso eu tiver alguma d\u00favida, terei suporte no p\u00f3s venda?<\/h4>\n<\/div>\n<\/div>\n<div class=\"elementor-toggle-item\">\n<div id=\"elementor-tab-content-1948\" class=\"elementor-tab-content elementor-clearfix elementor-active\" role=\"tabpanel\" data-tab=\"8\" aria-labelledby=\"elementor-tab-title-1948\">\n<p>Sim, com certeza. Basta clicar no \u00edcone do WhatsApp no cantinho da tela. Ser\u00e1 um prazer atend\u00ea-lo(a).<\/p>\n<div class=\"elementor-toggle-item\">\n<div id=\"elementor-tab-content-1948\" class=\"elementor-tab-content elementor-clearfix elementor-active\" role=\"tabpanel\" data-tab=\"8\" aria-labelledby=\"elementor-tab-title-1948\">\n<h4>Quais os seus canais de contato?<\/h4>\n<\/div>\n<\/div>\n<div class=\"elementor-toggle-item\">\n<div id=\"elementor-tab-content-1949\" class=\"elementor-tab-content elementor-clearfix elementor-active\" role=\"tabpanel\" data-tab=\"9\" aria-labelledby=\"elementor-tab-title-1949\">\n<p>Whatsapp: 53 984751621 \u2013 Clicar no canto da tela ou ESCANEIE O QRCODE ABAIXO<\/p>\n<p><img decoding=\"async\" class=\"alignnone wp-image-7603\" src=\"http:\/\/portifolioos-prontos.com\/wp-content\/uploads\/2022\/09\/portfolio-unopar-pronto-colaborar-ava-producao-textual-interdisciplinar.png\" alt=\"A utiliza\u00e7\u00e3o de ferramentas digitais para uso educacional nos anos iniciais do Ensino Fundamental,portf\u00f3lio A utiliza\u00e7\u00e3o de ferramentas digitais para uso educacional nos anos iniciais do Ensino Fundamental,trabalho pronto A utiliza\u00e7\u00e3o de ferramentas digitais para uso educacional nos anos iniciais do Ensino Fundamental,portf\u00f3lio pronto A utiliza\u00e7\u00e3o de ferramentas digitais para uso educacional nos anos iniciais do Ensino Fundamental,portfolio A utiliza\u00e7\u00e3o de ferramentas digitais para uso educacional nos anos iniciais do Ensino Fundamental,portf\u00f3lio unopar A utiliza\u00e7\u00e3o de ferramentas digitais para uso educacional nos anos iniciais do Ensino Fundamental,Portfolio pronto,portifolio pronto,portf\u00f3lio pronto,portifolios prontos,portif\u00f3lios prontos,portf\u00f3lio pronto unopar,portifolio pronto unopar,portif\u00f3lio pronto unopar,portifolios prontos unopar,portifolios prontos anhanguera,portf\u00f3lios prontos anhanguera,portf\u00f3lio pronto anhanguera,portfolios ead,portf\u00f3lios ead,portfolioead,apostileiros,portf\u00f3lio ead,portifolios ead,portif\u00f3lios ead,eadhelp,shop do acad\u00eamico,unopar portfolio,portfolio pronto ead,portfolio unopar ead,ead portfolio ava,portf\u00f3lio ead anhanguera,portf\u00f3lio ead pront,o portf\u00f3lio ead unopar,portf\u00f3lio pronto em word,pti unopar,ptg unopar,modelo de portf\u00f3lio unopar,modelo de portf\u00f3lio anhanguera,como fazer um portf\u00f3lio para faculdade,como faz portf\u00f3lio universidade,como faz portf\u00f3lios para universidade,portf\u00f3lios prontos para universidade,portf\u00f3lios pronto para faculdade,portf\u00f3lio pronto para editar,portifolios prontos para editar,portf\u00f3lio em word,portfolio em word,portf\u00f3lio em word para editar,portifolio em word para editar,portfolio unopar pronto para editar,modelo de portfolio para unopar,modelo de portif\u00f3lio para unopar,modelo de portf\u00f3lio para unopar,unopar portf\u00f3lio pronto,anhanguera portf\u00f3lio pronto,portf\u00f3lio em word pronto,comprar portf\u00f3lio pronto,como fazer um portf\u00f3lio,como fazer portf\u00f3lio digital,portfolio,portf\u00f3lio,portifolio,portif\u00f3lio,portf\u00f3lio interdisciplinar individual,portfolio interdisciplinar individual,exemplos de portf\u00f3lio para faculdade,baixar portf\u00f3lio pronto,portf\u00f3lio acad\u00eamico,portf\u00f3lio online,portfoliooead,portfolio ead,portf\u00f3lio pronto interdisciplinar individual,relat\u00f3rio de est\u00e1gio unopar,relat\u00f3rio de est\u00e1gio pronto unopar,como criar um portf\u00f3lio,o que \u00e9 um portf\u00f3lio e como fazer,portfolio exemplo,modelo de portfolio acad\u00eamico,relat\u00f3rio de est\u00e1gio gest\u00e3o escolar pronto unopar,portf\u00f3lio como fazer,prova profici\u00eancia unopar,portfolio individual est\u00e1gio curricular obrigat\u00f3rio ii anos iniciais do ensino fundamental,prova de profici\u00eancia pedagogia unopar,capa de trabalho unopar para editar,portf\u00f3lio acad\u00eamico unopar,como fazer um portf\u00f3lio acad\u00eamico,portf\u00f3lio exemplos word,portfolio acad\u00eamico,portfolio individual,portfolio individual unopar,portfolio individual anhanguera,portfolio marketing digital,portf\u00f3lio educa\u00e7\u00e3o f\u00edsica unopar,portf\u00f3lio gest\u00e3o educacional e espa\u00e7os n\u00e3o escolares,como fazer um portifolio unopar,modelo de portf\u00f3lio unopar em arquivo word,capa de portf\u00f3lio de pedagogia,como fazer um portf\u00f3lio no word,projeto integrado unopar,exemplo de portf\u00f3lio academico pedagogia\" width=\"141\" height=\"141\" srcset=\"https:\/\/portifolioos-prontos.com\/wp-content\/uploads\/2022\/09\/portfolio-unopar-pronto-colaborar-ava-producao-textual-interdisciplinar.png 150w, https:\/\/portifolioos-prontos.com\/wp-content\/uploads\/2022\/09\/portfolio-unopar-pronto-colaborar-ava-producao-textual-interdisciplinar-100x100.png 100w\" sizes=\"(max-width: 141px) 100vw, 141px\" \/><\/p>\n<\/div>\n<\/div>\n<\/div>\n<\/div>\n<div class=\"elementor-toggle-item\">\n<div id=\"elementor-tab-content-1949\" class=\"elementor-tab-content elementor-clearfix elementor-active\" role=\"tabpanel\" data-tab=\"9\" aria-labelledby=\"elementor-tab-title-1949\">\n<p>E-mail:portifoliosp@gmail.com<\/p>\n<div id=\"attachment_143\" class=\"wp-caption alignnone\">\n<div id=\"attachment_143\" class=\"wp-caption alignnone\" style=\"width: 150px;\">\n<p><a href=\"http:\/\/portifolioos-prontos.com\/\"><img decoding=\"async\" class=\"wp-image-143\" title=\"portfolio pronto unopar\" src=\"http:\/\/portifolioos-prontos.com\/wp-content\/uploads\/2022\/04\/conceitomaximo.png\" alt=\"PORTFOLIO PRONTO UNOPAR ANHANGUERA\" width=\"150\" height=\"43\" aria-describedby=\"caption-attachment-143\" \/><\/a><\/p>\n<p id=\"caption-attachment-143\" class=\"wp-caption-text\">Portf\u00f3lio em Word, respondido, completo e j\u00e1 nas normas.<\/p>\n<\/div>\n<\/div>\n<\/div>\n<\/div>\n<\/div>\n","protected":false},"excerpt":{"rendered":"<p>Portf\u00f3lio A utiliza\u00e7\u00e3o de ferramentas digitais para uso educacional nos anos iniciais do Ensino Fundamental Curso: Pedagogia Semestre: 3\u00b0 \/ 4\u00b0 sem CLIQUE AQUI PARA COMPRAR TAMB\u00c9M O TRABALHO DE EST\u00c1GIO I &#8211; Educa\u00e7\u00e3o Infantil A Produ\u00e7\u00e3o Textual Interdisciplinar Individual (PTI) ter\u00e1 como tema A utiliza\u00e7\u00e3o de ferramentas digitais para uso educacional nos anos iniciais&hellip;<\/p>\n","protected":false},"featured_media":5200,"template":"","meta":{"_seopress_robots_primary_cat":"none","_seopress_titles_title":"%%post_title%% %%sitetitle%%","_seopress_titles_desc":"%%post_content%%","_seopress_robots_index":""},"product_cat":[47,52,15],"product_tag":[],"class_list":{"0":"post-4865","1":"product","2":"type-product","3":"status-publish","4":"has-post-thumbnail","6":"product_cat-licenciaturas","7":"product_cat-pedagogia","8":"product_cat-uncategorized","10":"first","11":"instock","12":"featured","13":"downloadable","14":"virtual","15":"purchasable","16":"product-type-simple","17":"col-xs-6 col-sm-4","18":"col-mf-5","19":"un-5-cols"},"jetpack_sharing_enabled":true,"_links":{"self":[{"href":"https:\/\/portifolioos-prontos.com\/index.php\/wp-json\/wp\/v2\/product\/4865","targetHints":{"allow":["GET"]}}],"collection":[{"href":"https:\/\/portifolioos-prontos.com\/index.php\/wp-json\/wp\/v2\/product"}],"about":[{"href":"https:\/\/portifolioos-prontos.com\/index.php\/wp-json\/wp\/v2\/types\/product"}],"version-history":[{"count":0,"href":"https:\/\/portifolioos-prontos.com\/index.php\/wp-json\/wp\/v2\/product\/4865\/revisions"}],"wp:featuredmedia":[{"embeddable":true,"href":"https:\/\/portifolioos-prontos.com\/index.php\/wp-json\/wp\/v2\/media\/5200"}],"wp:attachment":[{"href":"https:\/\/portifolioos-prontos.com\/index.php\/wp-json\/wp\/v2\/media?parent=4865"}],"wp:term":[{"taxonomy":"product_cat","embeddable":true,"href":"https:\/\/portifolioos-prontos.com\/index.php\/wp-json\/wp\/v2\/product_cat?post=4865"},{"taxonomy":"product_tag","embeddable":true,"href":"https:\/\/portifolioos-prontos.com\/index.php\/wp-json\/wp\/v2\/product_tag?post=4865"}],"curies":[{"name":"wp","href":"https:\/\/api.w.org\/{rel}","templated":true}]}}