{"id":4878,"date":"2022-07-19T16:26:37","date_gmt":"2022-07-19T19:26:37","guid":{"rendered":"https:\/\/portifolioos-prontos.com\/?post_type=product&#038;p=4878"},"modified":"2022-10-06T14:33:47","modified_gmt":"2022-10-06T17:33:47","slug":"portfolio-aplicacoes-digitais-sao-sempre-confiaveis","status":"publish","type":"product","link":"https:\/\/portifolioos-prontos.com\/index.php\/product\/portfolio-aplicacoes-digitais-sao-sempre-confiaveis\/","title":{"rendered":"Portf\u00f3lio Aplica\u00e7\u00f5es digitais: s\u00e3o sempre confi\u00e1veis?"},"content":{"rendered":"<h4>Portf\u00f3lio Aplica\u00e7\u00f5es digitais: s\u00e3o sempre confi\u00e1veis?<\/h4>\n<h4>Curso: Matem\u00e1tica \u2013 Licenciatura<\/h4>\n<h4>Semestre: 7\u00b0 \/8\u00b0<\/h4>\n<hr \/>\n<p>A proposta de Produ\u00e7\u00e3o Textual ter\u00e1 como tem\u00e1tica: Aplica\u00e7\u00f5es digitais: s\u00e3o sempre<br \/>\nconfi\u00e1veis? Escolhemos esta tem\u00e1tica para possibilitar a aprendizagem interdisciplinar dos<br \/>\nconte\u00fados desenvolvidos nas disciplinas desse semestre.<br \/>\nInicialmente, \u00e9 importante que voc\u00ea realize a leitura atenta da situa\u00e7\u00e3o descrita para, na<br \/>\nsequ\u00eancia, seguir as orienta\u00e7\u00f5es apresentadas em cada uma das etapas subsequentes de modo a<br \/>\norganizar suas ideias para a conclus\u00e3o deste trabalho.<\/p>\n<p>ORIENTA\u00c7\u00d5ES DA PRODU\u00c7\u00c3O\u00a0TEXTUAL<\/p>\n<p>1. Leitura e interpreta\u00e7\u00e3o da SGA<\/p>\n<p>PRODU\u00c7\u00c3O TEXTUAL<br \/>\nINTERDISCIPLINAR<\/p>\n<p>Por meio da leitura da SGA e, tamb\u00e9m, da situa\u00e7\u00e3o-problema destacada, voc\u00ea deve elaborar<br \/>\numa produ\u00e7\u00e3o textual que contemple os objetivos de aprendizagem propostos.<\/p>\n<p>SITUA\u00c7\u00c3O GERADORA DE APRENDIZAGEM (SGA)<\/p>\n<p>Quando voc\u00ea trabalha com aplicativos digitais, buscando solu\u00e7\u00f5es para problemas reais, uma<br \/>\nquest\u00e3o importante deve ser analisada: Qu\u00e3o confi\u00e1vel \u00e9 o aplicativo?<br \/>\nFocando em c\u00e1lculos matem\u00e1ticos, programas de computadores podem apresentar erros diversos<br \/>\nquando \u00e9 executado. Dois tipos de erros de grande import\u00e2ncia s\u00e3o os erros de arredondamento e<br \/>\nos erros de truncamento.<br \/>\nSuponha que voc\u00ea \u00e9 funcion\u00e1rio de uma startup que oferece solu\u00e7\u00f5es tecnol\u00f3gicas,<br \/>\nprincipalmente em rela\u00e7\u00e3o a aplicativos para celular, e voc\u00ea foi contratado para resolver um<br \/>\nproblema apresentado em um aplicativo para celular de determinada institui\u00e7\u00e3o financeira. Esse<br \/>\nproblema est\u00e1 na fun\u00e7\u00e3o de simula\u00e7\u00e3o de empr\u00e9stimo consignado, o qual est\u00e1 apresentando uma<br \/>\nfalha no c\u00e1lculo das parcelas. O erro foi detectado quando o aplicativo foi utilizado em dois tipos de<br \/>\ncelulares com diferentes arquiteturas: um de 32 bits e outro de 64 bits.<br \/>\nVoc\u00ea, como funcion\u00e1rio contratado dessa empresa, precisa analisar e identificar o tipo de erro<br \/>\nque pode estar sendo cometido no c\u00e1lculo das parcelas atrav\u00e9s do aplicativo.<\/p>\n<p>SITUA\u00c7\u00c3O-PROBLEMA (SP)<\/p>\n<p>Com base no que foi exposto na SGA e, especificamente, do problema apresentado no c\u00e1lculo<br \/>\ndas parcelas do empr\u00e9stimo, voc\u00ea dever\u00e1 construir um relat\u00f3rio, para ser entregue ao seu gestor,<br \/>\nonde dever\u00e1 analisar tanto o modelo matem\u00e1tico que deve ser utilizado no c\u00e1lculo do valor das<br \/>\nparcelas quanto os erros que podem ser cometidos durante a execu\u00e7\u00e3o do aplicativo. Para tanto,<br \/>\nvoc\u00ea dever\u00e1 explorar os itens descritos a seguir.<\/p>\n<p><strong>Tarefa 1: Modelo matem\u00e1tico para o c\u00e1lculo das parcelas do empr\u00e9stimo<\/strong><\/p>\n<p>PRODU\u00c7\u00c3O TEXTUAL<br \/>\nINTERDISCIPLINAR<\/p>\n<p>Para a an\u00e1lise do erro que o aplicativo est\u00e1 apresentando, \u00e9 necess\u00e1rio entender os<br \/>\nprocedimentos matem\u00e1ticos envolvidos no c\u00e1lculo de parcelas de um empr\u00e9stimo sem entrada.<br \/>\nPortanto, voc\u00ea dever\u00e1 descrever como s\u00e3o calculadas as parcelas desse tipo de empr\u00e9stimo.<br \/>\nConsidere uma parcela P, uma taxa i e um valor presente N. Sendo n o n\u00famero de parcelas,<br \/>\ndescreva os procedimentos para o seu c\u00e1lculo o mais detalhadamente poss\u00edvel.<\/p>\n<p><strong>Tarefa 2: Erros em aplicativos para as m\u00e1quinas digitais<\/strong><\/p>\n<p>Analisando como \u00e9 feito o c\u00e1lculo das parcelas do empr\u00e9stimo, voc\u00ea identificou uma poss\u00edvel<br \/>\nfonte de erro: ao calcular o n\u00famero de parcelas, \u00e9 necess\u00e1rio que seja utilizada a fun\u00e7\u00e3o logar\u00edtmica<br \/>\nna base e (lnx).<br \/>\nQuando utilizamos fun\u00e7\u00f5es matem\u00e1ticas em aplica\u00e7\u00f5es desenvolvidas para as m\u00e1quinas<br \/>\ndigitais (calculadoras, computadores, tablets, celulares, entre outros), devemos utilizar bibliotecas<br \/>\nespec\u00edficas que s\u00e3o disponibilizadas pela linguagem de programa\u00e7\u00e3o utilizada pelo programador da<br \/>\naplica\u00e7\u00e3o. Muitas das fun\u00e7\u00f5es matem\u00e1ticas disponibilizadas nessas bibliotecas s\u00e3o desenvolvidas a<br \/>\npartir de s\u00e9ries de Taylor ou s\u00e9ries de Maclaurin que s\u00e3o s\u00e9ries infinitas. Exemplos: fun\u00e7\u00f5es<br \/>\ntrigonom\u00e9tricas, fun\u00e7\u00f5es exponenciais, fun\u00e7\u00f5es logar\u00edtmicas, entre outras.<br \/>\nNessa etapa do seu relat\u00f3rio, voc\u00ea dever\u00e1 discutir sobre os erros que podem ser acarretados<br \/>\nquando um processo matem\u00e1tico infinito deve ser transformado em um processo finito (erro de<br \/>\ntruncamento).<br \/>\nUtilize a fun\u00e7\u00e3o logar\u00edtmica para exemplificar esse erro. Desenvolva a fun\u00e7\u00e3o lnx em s\u00e9rie de<br \/>\nTaylor (em torno de 1) e d\u00ea exemplo de como o valor da fun\u00e7\u00e3o pode ser modificado ao considerar<br \/>\ndiferentes n\u00fameros de termos.<\/p>\n<p><strong>Tarefa 3: Arquitetura de 32 ou de 64 bits<\/strong><\/p>\n<p>O erro no c\u00e1lculo das parcelas que voc\u00ea est\u00e1 analisando foi identificado quando se utilizou<br \/>\ncelulares de diferentes arquiteturas. Voc\u00ea precisa explicar, em seu relat\u00f3rio para o seu gestor, o que<br \/>\nsignifica uma arquitetura de 32 bits e uma de 64 bits. Al\u00e9m disso, deve fazer a correla\u00e7\u00e3o entre as<\/p>\n<p>PRODU\u00c7\u00c3O TEXTUAL<br \/>\nINTERDISCIPLINAR<\/p>\n<p>tarefas 1 e 2, demonstrando como essa diferen\u00e7a nas arquiteturas pode ter causado o erro<br \/>\nidentificado.<\/p>\n<p>ORIENTA\u00c7\u00d5ES PARA A EXECU\u00c7\u00c3O DO TRABALHO<\/p>\n<p>Ap\u00f3s a realiza\u00e7\u00e3o das tarefas, elabore um relat\u00f3rio contemplando todos os estudos realizados,<br \/>\norganizando-o com base nos seguintes crit\u00e9rios:<\/p>\n<p>Introdu\u00e7\u00e3o: voc\u00ea deve apresentar um texto que contemple os objetivos da produ\u00e7\u00e3o textual, bem<br \/>\ncomo uma discuss\u00e3o sobre a confiabilidade dos aplicativos digitais tendo como norte os erros que<br \/>\npodem ser acarretados nos processos matem\u00e1ticos. (1 p\u00e1gina)<br \/>\nDesenvolvimento: ser\u00e1 composto por:<br \/>\n\u2022 Tarefa 1: Modelo matem\u00e1tico para o c\u00e1lculo das parcelas do empr\u00e9stimo (1 p\u00e1gina)<br \/>\n\u2022 Tarefa 2: Erros em m\u00e1quinas digitais (2 a 3 p\u00e1ginas)<br \/>\n\u2022 Tarefa 3: Arquitetura de 32 ou de 64 bits (1 a 2 p\u00e1ginas)<br \/>\nConsidera\u00e7\u00f5es finais: voc\u00ea deve apresentar uma reflex\u00e3o a respeito das contribui\u00e7\u00f5es do trabalho<br \/>\ndesenvolvido por voc\u00ea para a sua forma\u00e7\u00e3o. O texto elaborado deve conter de 1 a 2 p\u00e1ginas.<br \/>\nRefer\u00eancias: apresentar todas as refer\u00eancias utilizadas na elabora\u00e7\u00e3o da produ\u00e7\u00e3o. Considere todas<br \/>\nas refer\u00eancias que voc\u00ea consultou em cada uma das tarefas, fazendo as cita\u00e7\u00f5es conforme as<br \/>\nnormas da ABNT.<\/p>\n<p>Anexos: apresentar os anexos, se houver.<\/p>\n<div class=\"elementor-toggle-item\">\n<div class=\"elementor-toggle-item\">\n<h4 id=\"elementor-tab-title-1941\" class=\"elementor-tab-title elementor-active\" tabindex=\"0\" role=\"tab\" data-tab=\"1\" aria-controls=\"elementor-tab-content-1941\" aria-expanded=\"true\" aria-selected=\"true\">Como funciona?<\/h4>\n<div id=\"elementor-tab-content-1941\" class=\"elementor-tab-content elementor-clearfix elementor-active\" role=\"tabpanel\" data-tab=\"1\" aria-labelledby=\"elementor-tab-title-1941\">\n<p>Elaboramos os portf\u00f3lios, j\u00e1 deixamos prontos, nas normas da ABNT e conforme os requisitos da universidade. F\u00e1cil assim! O MELHOR \u00c9 QUE VOC\u00ca COMPRA E J\u00c1 BAIXA NA HORA O SEU ARQUIVO EM WORD! Sabemos que conciliar trabalho, fam\u00edlia, vida profissional e estudos \u00e9 dif\u00edcil hoje em dia, por isso, estamos aqui para ajudar voc\u00ea. Conte com nossa qualidade, experi\u00eancia e profissionalismo adquirindo seu portf\u00f3lio conosco. GARANTIMOS SEU CONCEITO!<\/p>\n<h4>Como se realizam os envios?<\/h4>\n<\/div>\n<\/div>\n<div class=\"elementor-toggle-item\">\n<div id=\"elementor-tab-content-1942\" class=\"elementor-tab-content elementor-clearfix elementor-active\" role=\"tabpanel\" data-tab=\"2\" aria-labelledby=\"elementor-tab-title-1942\">O seu trabalho \u00e9 disponibilizado pronto, respondido e nas normas j\u00e1 na mesma hora aqui em nosso site na sua \u00e1rea de downloads e tamb\u00e9m no seu e-mail.<\/div>\n<\/div>\n<div class=\"elementor-toggle-item\">\n<div id=\"elementor-tab-content-1943\" class=\"elementor-tab-content elementor-clearfix elementor-active\" role=\"tabpanel\" data-tab=\"3\" aria-labelledby=\"elementor-tab-title-1943\">\n<h4>Em quanto tempo recebo o portf\u00f3lio?<\/h4>\n<\/div>\n<\/div>\n<div class=\"elementor-toggle-item\">\n<div id=\"elementor-tab-content-1944\" class=\"elementor-tab-content elementor-clearfix elementor-active\" role=\"tabpanel\" data-tab=\"4\" aria-labelledby=\"elementor-tab-title-1944\">\n<p>Os envios s\u00e3o imediatos. Ap\u00f3s sua compra, o trabalho j\u00e1 \u00e9 disponibilizado instantaneamente aqui em nosso site e no seu e-mail.<\/p>\n<h4>E se o portf\u00f3lio que comprei precisar de corre\u00e7\u00e3o?<\/h4>\n<\/div>\n<\/div>\n<div class=\"elementor-toggle-item\">\n<div id=\"elementor-tab-content-1945\" class=\"elementor-tab-content elementor-clearfix elementor-active\" role=\"tabpanel\" data-tab=\"5\" aria-labelledby=\"elementor-tab-title-1945\">\n<p>Caso haja alguma solicita\u00e7\u00e3o de corre\u00e7\u00e3o\/altera\u00e7\u00e3o por parte do tutor, basta entrar em contato conosco pelo\u00a0WhatsApp\u00a0que provid\u00eanciaremos sem custo algum.<\/p>\n<h4>Qual o formato do arquivo?<\/h4>\n<\/div>\n<\/div>\n<div class=\"elementor-toggle-item\">\n<div id=\"elementor-tab-content-1946\" class=\"elementor-tab-content elementor-clearfix elementor-active\" role=\"tabpanel\" data-tab=\"6\" aria-labelledby=\"elementor-tab-title-1946\">\n<p>Os arquivos s\u00e3o enviados em formato Word e s\u00e3o edit\u00e1veis.<\/p>\n<h4>Caso eu tiver alguma d\u00favida, terei suporte no p\u00f3s venda?<\/h4>\n<\/div>\n<\/div>\n<div class=\"elementor-toggle-item\">\n<div id=\"elementor-tab-content-1948\" class=\"elementor-tab-content elementor-clearfix elementor-active\" role=\"tabpanel\" data-tab=\"8\" aria-labelledby=\"elementor-tab-title-1948\">\n<p>Sim, com certeza. Basta clicar no \u00edcone do WhatsApp no cantinho da tela. Ser\u00e1 um prazer atend\u00ea-lo(a).<\/p>\n<div class=\"elementor-toggle-item\">\n<div id=\"elementor-tab-content-1948\" class=\"elementor-tab-content elementor-clearfix elementor-active\" role=\"tabpanel\" data-tab=\"8\" aria-labelledby=\"elementor-tab-title-1948\">\n<h4>Quais os seus canais de contato?<\/h4>\n<\/div>\n<\/div>\n<div class=\"elementor-toggle-item\">\n<div id=\"elementor-tab-content-1949\" class=\"elementor-tab-content elementor-clearfix elementor-active\" role=\"tabpanel\" data-tab=\"9\" aria-labelledby=\"elementor-tab-title-1949\">\n<p>Whatsapp: 53 984751621 \u2013 Clicar no canto da tela ou ESCANEIE O QRCODE ABAIXO<\/p>\n<p><img decoding=\"async\" class=\"alignnone wp-image-7603\" src=\"http:\/\/portifolioos-prontos.com\/wp-content\/uploads\/2022\/09\/portfolio-unopar-pronto-colaborar-ava-producao-textual-interdisciplinar.png\" alt=\"Aplica\u00e7\u00f5es digitais: s\u00e3o sempre confi\u00e1veis?,Portf\u00f3lio Aplica\u00e7\u00f5es digitais: s\u00e3o sempre confi\u00e1veis?,portf\u00f3lio pronto\u00a0Portf\u00f3lio Aplica\u00e7\u00f5es digitais: s\u00e3o sempre confi\u00e1veis?,Portf\u00f3lio ead Aplica\u00e7\u00f5es digitais: s\u00e3o sempre confi\u00e1veis?,portf\u00f3lio matematica\u00a0Portf\u00f3lio Aplica\u00e7\u00f5es digitais: s\u00e3o sempre confi\u00e1veis?,portf\u00f3lio matem\u00e1tica\u00a0Portf\u00f3lio Aplica\u00e7\u00f5es digitais: s\u00e3o sempre confi\u00e1veis?,Portfolio pronto,portifolio pronto,portf\u00f3lio pronto,portifolios prontos,portif\u00f3lios prontos,portf\u00f3lio pronto unopar,portifolio pronto unopar,portif\u00f3lio pronto unopar,portifolios prontos unopar,portifolios prontos anhanguera,portf\u00f3lios prontos anhanguera,portf\u00f3lio pronto anhanguera,portfolios ead,portf\u00f3lios ead,portfolioead,apostileiros,portf\u00f3lio ead,portifolios ead,portif\u00f3lios ead,eadhelp,shop do acad\u00eamico,unopar portfolio,portfolio pronto ead,portfolio unopar ead,ead portfolio ava,portf\u00f3lio ead anhanguera,portf\u00f3lio ead pront,o portf\u00f3lio ead unopar,portf\u00f3lio pronto em word,pti unopar,ptg unopar,modelo de portf\u00f3lio unopar,modelo de portf\u00f3lio anhanguera,como fazer um portf\u00f3lio para faculdade,como faz portf\u00f3lio universidade,como faz portf\u00f3lios para universidade,portf\u00f3lios prontos para universidade,portf\u00f3lios pronto para faculdade,portf\u00f3lio pronto para editar,portifolios prontos para editar,portf\u00f3lio em word,portfolio em word,portf\u00f3lio em word para editar,portifolio em word para editar,portfolio unopar pronto para editar,modelo de portfolio para unopar,modelo de portif\u00f3lio para unopar,modelo de portf\u00f3lio para unopar,unopar portf\u00f3lio pronto,anhanguera portf\u00f3lio pronto,portf\u00f3lio em word pronto,comprar portf\u00f3lio pronto,como fazer um portf\u00f3lio,como fazer portf\u00f3lio digital,portfolio,portf\u00f3lio,portifolio,portif\u00f3lio,portf\u00f3lio interdisciplinar individual,portfolio interdisciplinar individual,exemplos de portf\u00f3lio para faculdade,baixar portf\u00f3lio pronto,portf\u00f3lio acad\u00eamico,portf\u00f3lio online,portfoliooead,portfolio ead,portf\u00f3lio pronto interdisciplinar individual,relat\u00f3rio de est\u00e1gio unopar,relat\u00f3rio de est\u00e1gio pronto unopar,como criar um portf\u00f3lio,o que \u00e9 um portf\u00f3lio e como fazer,portfolio exemplo,modelo de portfolio acad\u00eamico,relat\u00f3rio de est\u00e1gio gest\u00e3o escolar pronto unopar,portf\u00f3lio como fazer,prova profici\u00eancia unopar,portfolio individual est\u00e1gio curricular obrigat\u00f3rio ii anos iniciais do ensino fundamental,prova de profici\u00eancia pedagogia unopar,capa de trabalho unopar para editar,portf\u00f3lio acad\u00eamico unopar,como fazer um portf\u00f3lio acad\u00eamico,portf\u00f3lio exemplos word,portfolio acad\u00eamico,portfolio individual,portfolio individual unopar,portfolio individual anhanguera,portfolio marketing digital,portf\u00f3lio educa\u00e7\u00e3o f\u00edsica unopar,portf\u00f3lio gest\u00e3o educacional e espa\u00e7os n\u00e3o escolares,como fazer um portifolio unopar,modelo de portf\u00f3lio unopar em arquivo word,capa de portf\u00f3lio de pedagogia,como fazer um portf\u00f3lio no word,projeto integrado unopar,exemplo de portf\u00f3lio academico pedagogia\" width=\"141\" height=\"141\" srcset=\"https:\/\/portifolioos-prontos.com\/wp-content\/uploads\/2022\/09\/portfolio-unopar-pronto-colaborar-ava-producao-textual-interdisciplinar.png 150w, https:\/\/portifolioos-prontos.com\/wp-content\/uploads\/2022\/09\/portfolio-unopar-pronto-colaborar-ava-producao-textual-interdisciplinar-100x100.png 100w\" sizes=\"(max-width: 141px) 100vw, 141px\" \/><\/p>\n<\/div>\n<\/div>\n<\/div>\n<\/div>\n<div class=\"elementor-toggle-item\">\n<div id=\"elementor-tab-content-1949\" class=\"elementor-tab-content elementor-clearfix elementor-active\" role=\"tabpanel\" data-tab=\"9\" aria-labelledby=\"elementor-tab-title-1949\">\n<p>E-mail:portifoliosp@gmail.com<\/p>\n<div id=\"attachment_143\" class=\"wp-caption alignnone\">\n<div id=\"attachment_143\" class=\"wp-caption alignnone\" style=\"width: 154px;\">\n<p><a href=\"http:\/\/portifolioos-prontos.com\/\"><img decoding=\"async\" class=\"wp-image-143\" title=\"portfolio pronto unopar\" src=\"http:\/\/portifolioos-prontos.com\/wp-content\/uploads\/2022\/04\/conceitomaximo.png\" alt=\"PORTFOLIO PRONTO UNOPAR ANHANGUERA\" width=\"154\" height=\"44\" aria-describedby=\"caption-attachment-143\" \/><\/a><\/p>\n<p id=\"caption-attachment-143\" class=\"wp-caption-text\">Portf\u00f3lio em Word, respondido, completo e j\u00e1 nas normas.<\/p>\n<\/div>\n<\/div>\n<\/div>\n<\/div>\n<\/div>\n","protected":false},"excerpt":{"rendered":"<p>Portf\u00f3lio Aplica\u00e7\u00f5es digitais: s\u00e3o sempre confi\u00e1veis? Curso: Matem\u00e1tica \u2013 Licenciatura Semestre: 7\u00b0 \/8\u00b0 A proposta de Produ\u00e7\u00e3o Textual ter\u00e1 como tem\u00e1tica: Aplica\u00e7\u00f5es digitais: s\u00e3o sempre confi\u00e1veis? Escolhemos esta tem\u00e1tica para possibilitar a aprendizagem interdisciplinar dos conte\u00fados desenvolvidos nas disciplinas desse semestre. Inicialmente, \u00e9 importante que voc\u00ea realize a leitura atenta da situa\u00e7\u00e3o descrita para, na&hellip;<\/p>\n","protected":false},"featured_media":5184,"template":"","meta":{"_seopress_robots_primary_cat":"none","_seopress_titles_title":"%%post_title%% %%sitetitle%%","_seopress_titles_desc":"%%post_content%%","_seopress_robots_index":""},"product_cat":[47,62,15],"product_tag":[],"class_list":{"0":"post-4878","1":"product","2":"type-product","3":"status-publish","4":"has-post-thumbnail","6":"product_cat-licenciaturas","7":"product_cat-matematica","8":"product_cat-uncategorized","10":"first","11":"instock","12":"featured","13":"downloadable","14":"virtual","15":"purchasable","16":"product-type-simple","17":"col-xs-6 col-sm-4","18":"col-mf-5","19":"un-5-cols"},"jetpack_sharing_enabled":true,"_links":{"self":[{"href":"https:\/\/portifolioos-prontos.com\/index.php\/wp-json\/wp\/v2\/product\/4878","targetHints":{"allow":["GET"]}}],"collection":[{"href":"https:\/\/portifolioos-prontos.com\/index.php\/wp-json\/wp\/v2\/product"}],"about":[{"href":"https:\/\/portifolioos-prontos.com\/index.php\/wp-json\/wp\/v2\/types\/product"}],"version-history":[{"count":0,"href":"https:\/\/portifolioos-prontos.com\/index.php\/wp-json\/wp\/v2\/product\/4878\/revisions"}],"wp:featuredmedia":[{"embeddable":true,"href":"https:\/\/portifolioos-prontos.com\/index.php\/wp-json\/wp\/v2\/media\/5184"}],"wp:attachment":[{"href":"https:\/\/portifolioos-prontos.com\/index.php\/wp-json\/wp\/v2\/media?parent=4878"}],"wp:term":[{"taxonomy":"product_cat","embeddable":true,"href":"https:\/\/portifolioos-prontos.com\/index.php\/wp-json\/wp\/v2\/product_cat?post=4878"},{"taxonomy":"product_tag","embeddable":true,"href":"https:\/\/portifolioos-prontos.com\/index.php\/wp-json\/wp\/v2\/product_tag?post=4878"}],"curies":[{"name":"wp","href":"https:\/\/api.w.org\/{rel}","templated":true}]}}