{"id":4892,"date":"2022-07-19T18:56:39","date_gmt":"2022-07-19T21:56:39","guid":{"rendered":"https:\/\/portifolioos-prontos.com\/?post_type=product&#038;p=4892"},"modified":"2022-10-06T14:33:26","modified_gmt":"2022-10-06T17:33:26","slug":"portfolio-o-papel-do-diagnostico-por-imagem-na-covid-19","status":"publish","type":"product","link":"https:\/\/portifolioos-prontos.com\/index.php\/product\/portfolio-o-papel-do-diagnostico-por-imagem-na-covid-19\/","title":{"rendered":"Portf\u00f3lio O papel do diagn\u00f3stico por imagem na COVID-19"},"content":{"rendered":"<h4>Portf\u00f3lio O papel do diagn\u00f3stico por imagem na COVID-19<\/h4>\n<h4>Curso: Superior de Tecnologia em Radiologia<\/h4>\n<h4>Semestre: 3\u00b0<\/h4>\n<hr \/>\n<p>Seja bem-vindo a este semestre! A proposta da Produ\u00e7\u00e3o Textual Interdisciplinar Individual (PTI) ter\u00e1<br \/>\ncomo tem\u00e1tica: \u201cO papel do diagn\u00f3stico por imagem na COVID-19\u201d. Esta tem\u00e1tica possibilita a<br \/>\naprendizagem interdisciplinar, considerando as diversas disciplinas do semestre, com o objetivo de<br \/>\ndesenvolver a\u00e7\u00f5es referente \u00e0 \u00e1rea de atua\u00e7\u00e3o.<br \/>\nOs raios X foram descobertos por Wilhelm Conrad Roetgen na cidade de Wrisburg, na<br \/>\nAlemanha, em 8 de novembro de 1895. Ele observou que os raios cat\u00f3dicos, que escapavam de um<br \/>\ntubo com v\u00e1cuo por uma janela de alum\u00ednio, produziam uma luminesc\u00eancia em sais fluorescentes e<br \/>\num escurecimento em chapas fotogr\u00e1ficas. Sua descoberta lhe deu o Pr\u00eamio Nobel de F\u00edsica em 1901.<br \/>\nDesde a descoberta dos raios X, a radiologia tem evolu\u00eddo de tal forma que hoje \u00e9 um dos mais<br \/>\nimportantes m\u00e9todos de diagn\u00f3stico na \u00e1rea de sa\u00fade, contribuindo fortemente para os avan\u00e7os da<br \/>\nmedicina, desde o diagn\u00f3stico at\u00e9 o tratamento.<\/p>\n<p>At\u00e9 o dia 22 de junho de 2022, foram contabilizados mais de 541 milh\u00f5es de casos de COVID-<br \/>\n19 por todo o mundo, afetando v\u00e1rios pa\u00edses. A COVID-19 geralmente apresenta manifesta\u00e7\u00f5es<\/p>\n<p>sist\u00eamicas e\/ou respirat\u00f3rias. Alguns indiv\u00edduos infectados pela SARS-CoV-2 s\u00e3o assintom\u00e1ticos,<\/p>\n<p>PRODU\u00c7\u00c3O TEXTUAL<br \/>\nINTERDISCIPLINAR<br \/>\nINDIVIDUAL \u2013 PTI<br \/>\noutros podem apresentar sintomas inespec\u00edficos, sendo os mais comuns: tosse seca, fadiga, mialgia<br \/>\ne dispneia.<br \/>\nAl\u00e9m dos exames moleculares e sorol\u00f3gicos, que identificam a presen\u00e7a do coronav\u00edrus ou de<br \/>\nanticorpos, os exames de imagem tamb\u00e9m podem ser usados nos casos de COVID-19, sendo<br \/>\nrealizados em casos mais graves, como acometimento do trato respirat\u00f3rio inferior e suspeita de<br \/>\npneumonia. A recomenda\u00e7\u00e3o atual das principais sociedades e associa\u00e7\u00f5es radiol\u00f3gicas profissionais<br \/>\n\u00e9 que a imagem n\u00e3o deve ser empregada como uma ferramenta de triagem e\/ou diagn\u00f3stico, por\u00e9m,<br \/>\nreservada para avalia\u00e7\u00e3o das suas complica\u00e7\u00f5es.<br \/>\nDiante desse contexto, responda os seguintes questionamentos:<\/p>\n<p>a) Quais s\u00e3o os exames de imagem que podem ser utilizados para acompanhamento de<br \/>\npacientes diagnosticados com COVID-19? Quando cada um desses exames \u00e9 indicado? Descreva as<br \/>\ndiferen\u00e7as entre as t\u00e9cnicas.<\/p>\n<p>b) Homem, 44 anos, com quadro cl\u00ednico sugestivo de COVID-19 (febre, dor de garganta e<br \/>\ntosse seca frequente). Esse paciente teve RT-PCR positiva para COVID-19 no dia da realiza\u00e7\u00e3o da<br \/>\nprimeira TC (imagens \u00e0 esquerda em cada quadro) e foi internado. Realizou-se uma TC de controle<br \/>\ntr\u00eas dias depois (imagens \u00e0 direita em cada quadro) devido \u00e0 manuten\u00e7\u00e3o dos picos febris e da tosse<br \/>\nseca. Quais altera\u00e7\u00f5es podem ser identificadas nas imagens?<\/p>\n<p><img fetchpriority=\"high\" decoding=\"async\" class=\"alignnone size-medium wp-image-54133 jetpack-lazy-image jetpack-lazy-image--handled lazyloaded\" src=\"https:\/\/i0.wp.com\/portfoliooead.com.br\/wp-content\/uploads\/2022\/07\/444.png?resize=600%2C305&amp;is-pending-load=1#038;ssl=1\" sizes=\"(max-width: 600px) 100vw, 600px\" srcset=\"https:\/\/i0.wp.com\/portfoliooead.com.br\/wp-content\/uploads\/2022\/07\/444.png?resize=600%2C305&amp;ssl=1 600w, https:\/\/i0.wp.com\/portfoliooead.com.br\/wp-content\/uploads\/2022\/07\/444.png?resize=250%2C127&amp;ssl=1 250w, https:\/\/i0.wp.com\/portfoliooead.com.br\/wp-content\/uploads\/2022\/07\/444.png?w=670&amp;ssl=1 670w\" alt=\"O papel do diagn\u00f3stico por imagem na COVID-19,portf\u00f3lio O papel do diagn\u00f3stico por imagem na COVID-19,portfolio O papel do diagn\u00f3stico por imagem na COVID-19,portf\u00f3lio pronto O papel do diagn\u00f3stico por imagem na COVID-19,portfolio pronto O papel do diagn\u00f3stico por imagem na COVID-19,pti O papel do diagn\u00f3stico por imagem na COVID-19,ptg O papel do diagn\u00f3stico por imagem na COVID-19,portf\u00f3lio unopar O papel do diagn\u00f3stico por imagem na COVID-19,portfolio unopar O papel do diagn\u00f3stico por imagem na COVID-19,portfolio anhanguera O papel do diagn\u00f3stico por imagem na COVID-19,portf\u00f3lio anhanguera O papel do diagn\u00f3stico por imagem na COVID-19,portf\u00f3lio pronto unopar,portf\u00f3lio ead O papel do diagn\u00f3stico por imagem na COVID-19,portf\u00f3lio pronto unopar O papel do diagn\u00f3stico por imagem na COVID-19,portfolio ead O papel do diagn\u00f3stico por imagem na COVID-19,portfolio radiologia,portfolio interdisciplinar individual radiologia,portfolio unopar radiologia,portf\u00f3lio radiologia,radiologia unopar quero bolsa,radiologia unopar,radiologia unopar pre\u00e7o,radiologia unopar dura\u00e7\u00e3o,unopar radiologia emec,unopar radiologia mec,tecnologia de radiologia unopar,Portfolio pronto,portifolio pronto,portf\u00f3lio pronto,portifolios prontos,portif\u00f3lios prontos,portifolio pronto unopar,portif\u00f3lio pronto unopar,portifolios prontos unopar,portifolios prontos anhanguera,portf\u00f3lios prontos anhanguera,portf\u00f3lio pronto anhanguera,portfolios ead,portf\u00f3lios ead,portfolioead,apostileiros,portf\u00f3lio ead,portifolios ead,portif\u00f3lios ead,eadhelp,shop do acad\u00eamico,unopar portfolio,portfolio pronto ead,portfolio unopar ead,ead portfolio ava,portf\u00f3lio ead anhanguera,portf\u00f3lio ead pront,o portf\u00f3lio ead unopar,portf\u00f3lio pronto em word,pti unopar,ptg unopar,modelo de portf\u00f3lio unopar,modelo de portf\u00f3lio anhanguera,como fazer um portf\u00f3lio para faculdade,como faz portf\u00f3lio universidade,como faz portf\u00f3lios para universidade,portf\u00f3lios prontos para universidade,portf\u00f3lios pronto para faculdade,portf\u00f3lio pronto para editar,portifolios prontos para editar,portf\u00f3lio em word,portfolio em word,portf\u00f3lio em word para editar,portifolio em word para editar,portfolio unopar pronto para editar,modelo de portfolio para unopar,modelo de portif\u00f3lio para unopar,modelo de portf\u00f3lio para unopar,unopar portf\u00f3lio pronto,anhanguera portf\u00f3lio pronto,portf\u00f3lio em word pronto,comprar portf\u00f3lio pronto,como fazer um portf\u00f3lio,como fazer portf\u00f3lio digital,portfolio,portf\u00f3lio,portifolio,portif\u00f3lio,portf\u00f3lio interdisciplinar individual,portfolio interdisciplinar individual,exemplos de portf\u00f3lio para faculdade,baixar portf\u00f3lio pronto,portf\u00f3lio acad\u00eamico,portf\u00f3lio online,portfoliooead,portfolio ead,portf\u00f3lio pronto interdisciplinar individual,relat\u00f3rio de est\u00e1gio unopar,relat\u00f3rio de est\u00e1gio pronto unopar,como criar um portf\u00f3lio,o que \u00e9 um portf\u00f3lio e como fazer,portfolio exemplo,modelo de portfolio acad\u00eamico,relat\u00f3rio de est\u00e1gio gest\u00e3o escolar pronto unopar,portf\u00f3lio como fazer,prova profici\u00eancia unopar,portfolio individual est\u00e1gio curricular obrigat\u00f3rio ii anos iniciais do ensino fundamental,prova de profici\u00eancia pedagogia unopar,capa de trabalho unopar para editar,portf\u00f3lio acad\u00eamico unopar,como fazer um portf\u00f3lio acad\u00eamico,portf\u00f3lio exemplos word,portfolio acad\u00eamico,portfolio individual,portfolio individual unopar,portfolio individual anhanguera,portfolio marketing digital,portf\u00f3lio educa\u00e7\u00e3o f\u00edsica unopar,portf\u00f3lio gest\u00e3o educacional e espa\u00e7os n\u00e3o escolares,como fazer um portifolio unopar,modelo de portf\u00f3lio unopar em arquivo word,capa de portf\u00f3lio de pedagogia,como fazer um portf\u00f3lio no word,projeto integrado unopar,exemplo de portf\u00f3lio academico pedagogia\" width=\"600\" height=\"305\" data-attachment-id=\"54133\" data-permalink=\"https:\/\/portfoliooead.com.br\/?attachment_id=54133#main\" data-orig-file=\"https:\/\/i0.wp.com\/portfoliooead.com.br\/wp-content\/uploads\/2022\/07\/444.png?fit=670%2C341&amp;ssl=1\" data-orig-size=\"670,341\" data-comments-opened=\"1\" data-image-meta=\"{&quot;aperture&quot;:&quot;0&quot;,&quot;credit&quot;:&quot;&quot;,&quot;camera&quot;:&quot;&quot;,&quot;caption&quot;:&quot;&quot;,&quot;created_timestamp&quot;:&quot;0&quot;,&quot;copyright&quot;:&quot;&quot;,&quot;focal_length&quot;:&quot;0&quot;,&quot;iso&quot;:&quot;0&quot;,&quot;shutter_speed&quot;:&quot;0&quot;,&quot;title&quot;:&quot;&quot;,&quot;orientation&quot;:&quot;0&quot;}\" data-image-title=\"444\" data-image-description=\"\" data-image-caption=\"\" data-medium-file=\"https:\/\/i0.wp.com\/portfoliooead.com.br\/wp-content\/uploads\/2022\/07\/444.png?fit=600%2C305&amp;ssl=1\" data-large-file=\"https:\/\/i0.wp.com\/portfoliooead.com.br\/wp-content\/uploads\/2022\/07\/444.png?fit=670%2C341&amp;ssl=1\" data-recalc-dims=\"1\" data-ll-status=\"loaded\" data-lazy-loaded=\"1\" \/><\/p>\n<p>c) De acordo com guia do Col\u00e9gio Brasileiro de Radiologia e Diagn\u00f3stico por Imagem,<br \/>\nachados radiogr\u00e1ficos geralmente n\u00e3o aparecem na fase inicial da COVID-19. Conforme a doen\u00e7a se<br \/>\ndesenvolve, \u00e9 poss\u00edvel identificar altera\u00e7\u00f5es. Descreva as principais altera\u00e7\u00f5es que podem ser<br \/>\nencontradas nos exames de imagem em pacientes acometidos pela COVID-19.<\/p>\n<p>d) Como o profissional de radiologia deve proceder ao se deparar com anormalidades<br \/>\npulmonares identificadas em tomografias computadorizadas do abd\u00f4men durante a pandemia por<br \/>\nSARS-CoV-2?<\/p>\n<p>Sugest\u00f5es de leitura:<br \/>\nCHATE, Rodrigo C. et al. Presentation of pulmonary infection on CT in COVID-19: initial experience in<br \/>\nBrazil. Jornal Brasileiro de Pneumologia, v.46, n.2, p. 1-4. 2020.\u00a0<a href=\"https:\/\/dx.doi.org\/10.36416\/1806-\" rel=\"nofollow\">https:\/\/dx.doi.org\/10.36416\/1806-<\/a><br \/>\n3756\/e20200121<\/p>\n<p>OLIVEIRA, Rodrigo Ribeiro de. et al. Ultrassonografia pulmonar: uma ferramenta adicional na COVID-<br \/>\n19. Radiologia Brasileira, v.53, n.4, p. 241-251. 2020. Dispon\u00edvel em:<\/p>\n<p>&lt;<a href=\"http:\/\/www.rb.org.br\/detalhe_artigo.asp?id=3283&amp;gt\" rel=\"nofollow\">http:\/\/www.rb.org.br\/detalhe_artigo.asp?id=3283&amp;gt<\/a>;. Acesso em 22 de junho de 2022.<br \/>\nPINHEIRO, Daniel Oliveira. et al. Achados na tomografia de t\u00f3rax no paciente com COVID-19.<br \/>\nCadernos ESP\/CE, v. 15, p. 122-128. 2021. Dispon\u00edvel em:<br \/>\n&lt;<a href=\"https:\/\/cadernos.esp.ce.gov.br\/index.php\/cadernos\/article\/view\/353\/262&amp;gt\" rel=\"nofollow\">https:\/\/cadernos.esp.ce.gov.br\/index.php\/cadernos\/article\/view\/353\/262&amp;gt<\/a>;. Acesso em 22 de<br \/>\njunho de 2022.<\/p>\n<p>PRODU\u00c7\u00c3O TEXTUAL<br \/>\nINTERDISCIPLINAR<br \/>\nINDIVIDUAL \u2013 PTI<\/p>\n<p>COL\u00c9GIO BRASILEIRO DE RADIOLOGIA. Covid-19: CBR em a\u00e7\u00e3o. Dispon\u00edvel em:<\/p>\n<p>&lt;https:\/\/cbr.org.br\/covid-<br \/>\n19\/#:~:text=O%20Col%C3%A9gio%20Brasileiro%20de%20Radiologia,a%20popula%C3%A7%C3%A3<\/p>\n<p>o%20tenham%20acesso%20%C3%A0&gt;. Acesso em 22 de junho de 2022.<\/p>\n<div class=\"elementor-toggle-item\">\n<div class=\"elementor-toggle-item\">\n<h4 id=\"elementor-tab-title-1941\" class=\"elementor-tab-title elementor-active\" tabindex=\"0\" role=\"tab\" data-tab=\"1\" aria-controls=\"elementor-tab-content-1941\" aria-expanded=\"true\" aria-selected=\"true\">Como funciona?<\/h4>\n<div id=\"elementor-tab-content-1941\" class=\"elementor-tab-content elementor-clearfix elementor-active\" role=\"tabpanel\" data-tab=\"1\" aria-labelledby=\"elementor-tab-title-1941\">\n<p>Elaboramos os portf\u00f3lios, j\u00e1 deixamos prontos, nas normas da ABNT e conforme os requisitos da universidade. F\u00e1cil assim! O MELHOR \u00c9 QUE VOC\u00ca COMPRA E J\u00c1 BAIXA NA HORA O SEU ARQUIVO EM WORD! Sabemos que conciliar trabalho, fam\u00edlia, vida profissional e estudos \u00e9 dif\u00edcil hoje em dia, por isso, estamos aqui para ajudar voc\u00ea. Conte com nossa qualidade, experi\u00eancia e profissionalismo adquirindo seu portf\u00f3lio conosco. GARANTIMOS SEU CONCEITO!<\/p>\n<h4>Como se realizam os envios?<\/h4>\n<\/div>\n<\/div>\n<div class=\"elementor-toggle-item\">\n<div id=\"elementor-tab-content-1942\" class=\"elementor-tab-content elementor-clearfix elementor-active\" role=\"tabpanel\" data-tab=\"2\" aria-labelledby=\"elementor-tab-title-1942\">O seu trabalho \u00e9 disponibilizado pronto, respondido e nas normas j\u00e1 na mesma hora aqui em nosso site na sua \u00e1rea de downloads e tamb\u00e9m no seu e-mail.<\/div>\n<\/div>\n<div class=\"elementor-toggle-item\">\n<div id=\"elementor-tab-content-1943\" class=\"elementor-tab-content elementor-clearfix elementor-active\" role=\"tabpanel\" data-tab=\"3\" aria-labelledby=\"elementor-tab-title-1943\">\n<h4>Em quanto tempo recebo o portf\u00f3lio?<\/h4>\n<\/div>\n<\/div>\n<div class=\"elementor-toggle-item\">\n<div id=\"elementor-tab-content-1944\" class=\"elementor-tab-content elementor-clearfix elementor-active\" role=\"tabpanel\" data-tab=\"4\" aria-labelledby=\"elementor-tab-title-1944\">\n<p>Os envios s\u00e3o imediatos. Ap\u00f3s sua compra, o trabalho j\u00e1 \u00e9 disponibilizado instantaneamente aqui em nosso site e no seu e-mail.<\/p>\n<h4>E se o portf\u00f3lio que comprei precisar de corre\u00e7\u00e3o?<\/h4>\n<\/div>\n<\/div>\n<div class=\"elementor-toggle-item\">\n<div id=\"elementor-tab-content-1945\" class=\"elementor-tab-content elementor-clearfix elementor-active\" role=\"tabpanel\" data-tab=\"5\" aria-labelledby=\"elementor-tab-title-1945\">\n<p>Caso haja alguma solicita\u00e7\u00e3o de corre\u00e7\u00e3o\/altera\u00e7\u00e3o por parte do tutor, basta entrar em contato conosco pelo\u00a0WhatsApp\u00a0que provid\u00eanciaremos sem custo algum.<\/p>\n<h4>Qual o formato do arquivo?<\/h4>\n<\/div>\n<\/div>\n<div class=\"elementor-toggle-item\">\n<div id=\"elementor-tab-content-1946\" class=\"elementor-tab-content elementor-clearfix elementor-active\" role=\"tabpanel\" data-tab=\"6\" aria-labelledby=\"elementor-tab-title-1946\">\n<p>Os arquivos s\u00e3o enviados em formato Word e s\u00e3o edit\u00e1veis.<\/p>\n<h4>Caso eu tiver alguma d\u00favida, terei suporte no p\u00f3s venda?<\/h4>\n<\/div>\n<\/div>\n<div class=\"elementor-toggle-item\">\n<div id=\"elementor-tab-content-1948\" class=\"elementor-tab-content elementor-clearfix elementor-active\" role=\"tabpanel\" data-tab=\"8\" aria-labelledby=\"elementor-tab-title-1948\">\n<p>Sim, com certeza. Basta clicar no \u00edcone do WhatsApp no cantinho da tela. Ser\u00e1 um prazer atend\u00ea-lo(a).<\/p>\n<div class=\"elementor-toggle-item\">\n<div id=\"elementor-tab-content-1948\" class=\"elementor-tab-content elementor-clearfix elementor-active\" role=\"tabpanel\" data-tab=\"8\" aria-labelledby=\"elementor-tab-title-1948\">\n<h4>Quais os seus canais de contato?<\/h4>\n<\/div>\n<\/div>\n<div class=\"elementor-toggle-item\">\n<div id=\"elementor-tab-content-1949\" class=\"elementor-tab-content elementor-clearfix elementor-active\" role=\"tabpanel\" data-tab=\"9\" aria-labelledby=\"elementor-tab-title-1949\">\n<p>Whatsapp: 53 984751621 \u2013 Clicar no canto da tela ou ESCANEIE O QRCODE ABAIXO<\/p>\n<p><img decoding=\"async\" class=\"alignnone wp-image-7603\" src=\"http:\/\/portifolioos-prontos.com\/wp-content\/uploads\/2022\/09\/portfolio-unopar-pronto-colaborar-ava-producao-textual-interdisciplinar.png\" alt=\"O papel do diagn\u00f3stico por imagem na COVID-19,portf\u00f3lio O papel do diagn\u00f3stico por imagem na COVID-19,portfolio O papel do diagn\u00f3stico por imagem na COVID-19,portf\u00f3lio pronto O papel do diagn\u00f3stico por imagem na COVID-19,portfolio pronto O papel do diagn\u00f3stico por imagem na COVID-19,pti O papel do diagn\u00f3stico por imagem na COVID-19,ptg O papel do diagn\u00f3stico por imagem na COVID-19,portf\u00f3lio unopar O papel do diagn\u00f3stico por imagem na COVID-19,portfolio unopar O papel do diagn\u00f3stico por imagem na COVID-19,portfolio anhanguera O papel do diagn\u00f3stico por imagem na COVID-19,portf\u00f3lio anhanguera O papel do diagn\u00f3stico por imagem na COVID-19,portf\u00f3lio pronto unopar,portf\u00f3lio ead O papel do diagn\u00f3stico por imagem na COVID-19,portf\u00f3lio pronto unopar O papel do diagn\u00f3stico por imagem na COVID-19,portfolio ead O papel do diagn\u00f3stico por imagem na COVID-19,portfolio radiologia,portfolio interdisciplinar individual radiologia,portfolio unopar radiologia,portf\u00f3lio radiologia,radiologia unopar quero bolsa,radiologia unopar,radiologia unopar pre\u00e7o,radiologia unopar dura\u00e7\u00e3o,unopar radiologia emec,unopar radiologia mec,tecnologia de radiologia unopar,Portfolio pronto,portifolio pronto,portf\u00f3lio pronto,portifolios prontos,portif\u00f3lios prontos,portifolio pronto unopar,portif\u00f3lio pronto unopar,portifolios prontos unopar,portifolios prontos anhanguera,portf\u00f3lios prontos anhanguera,portf\u00f3lio pronto anhanguera,portfolios ead,portf\u00f3lios ead,portfolioead,apostileiros,portf\u00f3lio ead,portifolios ead,portif\u00f3lios ead,eadhelp,shop do acad\u00eamico,unopar portfolio,portfolio pronto ead,portfolio unopar ead,ead portfolio ava,portf\u00f3lio ead anhanguera,portf\u00f3lio ead pront,o portf\u00f3lio ead unopar,portf\u00f3lio pronto em word,pti unopar,ptg unopar,modelo de portf\u00f3lio unopar,modelo de portf\u00f3lio anhanguera,como fazer um portf\u00f3lio para faculdade,como faz portf\u00f3lio universidade,como faz portf\u00f3lios para universidade,portf\u00f3lios prontos para universidade,portf\u00f3lios pronto para faculdade,portf\u00f3lio pronto para editar,portifolios prontos para editar,portf\u00f3lio em word,portfolio em word,portf\u00f3lio em word para editar,portifolio em word para editar,portfolio unopar pronto para editar,modelo de portfolio para unopar,modelo de portif\u00f3lio para unopar,modelo de portf\u00f3lio para unopar,unopar portf\u00f3lio pronto,anhanguera portf\u00f3lio pronto,portf\u00f3lio em word pronto,comprar portf\u00f3lio pronto,como fazer um portf\u00f3lio,como fazer portf\u00f3lio digital,portfolio,portf\u00f3lio,portifolio,portif\u00f3lio,portf\u00f3lio interdisciplinar individual,portfolio interdisciplinar individual,exemplos de portf\u00f3lio para faculdade,baixar portf\u00f3lio pronto,portf\u00f3lio acad\u00eamico,portf\u00f3lio online,portfoliooead,portfolio ead,portf\u00f3lio pronto interdisciplinar individual,relat\u00f3rio de est\u00e1gio unopar,relat\u00f3rio de est\u00e1gio pronto unopar,como criar um portf\u00f3lio,o que \u00e9 um portf\u00f3lio e como fazer,portfolio exemplo,modelo de portfolio acad\u00eamico,relat\u00f3rio de est\u00e1gio gest\u00e3o escolar pronto unopar,portf\u00f3lio como fazer,prova profici\u00eancia unopar,portfolio individual est\u00e1gio curricular obrigat\u00f3rio ii anos iniciais do ensino fundamental,prova de profici\u00eancia pedagogia unopar,capa de trabalho unopar para editar,portf\u00f3lio acad\u00eamico unopar,como fazer um portf\u00f3lio acad\u00eamico,portf\u00f3lio exemplos word,portfolio acad\u00eamico,portfolio individual,portfolio individual unopar,portfolio individual anhanguera,portfolio marketing digital,portf\u00f3lio educa\u00e7\u00e3o f\u00edsica unopar,portf\u00f3lio gest\u00e3o educacional e espa\u00e7os n\u00e3o escolares,como fazer um portifolio unopar,modelo de portf\u00f3lio unopar em arquivo word,capa de portf\u00f3lio de pedagogia,como fazer um portf\u00f3lio no word,projeto integrado unopar,exemplo de portf\u00f3lio academico pedagogia\" width=\"141\" height=\"141\" srcset=\"https:\/\/portifolioos-prontos.com\/wp-content\/uploads\/2022\/09\/portfolio-unopar-pronto-colaborar-ava-producao-textual-interdisciplinar.png 150w, https:\/\/portifolioos-prontos.com\/wp-content\/uploads\/2022\/09\/portfolio-unopar-pronto-colaborar-ava-producao-textual-interdisciplinar-100x100.png 100w\" sizes=\"(max-width: 141px) 100vw, 141px\" \/><\/p>\n<\/div>\n<\/div>\n<\/div>\n<\/div>\n<div class=\"elementor-toggle-item\">\n<div id=\"elementor-tab-content-1949\" class=\"elementor-tab-content elementor-clearfix elementor-active\" role=\"tabpanel\" data-tab=\"9\" aria-labelledby=\"elementor-tab-title-1949\">\n<p>E-mail:portifoliosp@gmail.com<\/p>\n<div id=\"attachment_143\" class=\"wp-caption alignnone\">\n<div id=\"attachment_143\" class=\"wp-caption alignnone\" style=\"width: 154px;\">\n<p><a href=\"http:\/\/portifolioos-prontos.com\/\"><img decoding=\"async\" class=\"wp-image-143\" title=\"portfolio pronto unopar\" src=\"http:\/\/portifolioos-prontos.com\/wp-content\/uploads\/2022\/04\/conceitomaximo.png\" alt=\"PORTFOLIO PRONTO UNOPAR ANHANGUERA\" width=\"154\" height=\"44\" aria-describedby=\"caption-attachment-143\" \/><\/a><\/p>\n<p id=\"caption-attachment-143\" class=\"wp-caption-text\">Portf\u00f3lio em Word, respondido, completo e j\u00e1 nas normas.<\/p>\n<\/div>\n<\/div>\n<\/div>\n<\/div>\n<\/div>\n","protected":false},"excerpt":{"rendered":"<p>Portf\u00f3lio O papel do diagn\u00f3stico por imagem na COVID-19 Curso: Superior de Tecnologia em Radiologia Semestre: 3\u00b0 Seja bem-vindo a este semestre! A proposta da Produ\u00e7\u00e3o Textual Interdisciplinar Individual (PTI) ter\u00e1 como tem\u00e1tica: \u201cO papel do diagn\u00f3stico por imagem na COVID-19\u201d. Esta tem\u00e1tica possibilita a aprendizagem interdisciplinar, considerando as diversas disciplinas do semestre, com o&hellip;<\/p>\n","protected":false},"featured_media":5157,"template":"","meta":{"_seopress_robots_primary_cat":"none","_seopress_titles_title":"%%post_title%% %%sitetitle%%","_seopress_titles_desc":"%%post_content%%","_seopress_robots_index":""},"product_cat":[67,15],"product_tag":[],"class_list":{"0":"post-4892","1":"product","2":"type-product","3":"status-publish","4":"has-post-thumbnail","6":"product_cat-radiologia","7":"product_cat-uncategorized","9":"first","10":"instock","11":"featured","12":"downloadable","13":"virtual","14":"purchasable","15":"product-type-simple","16":"col-xs-6 col-sm-4","17":"col-mf-5","18":"un-5-cols"},"jetpack_sharing_enabled":true,"_links":{"self":[{"href":"https:\/\/portifolioos-prontos.com\/index.php\/wp-json\/wp\/v2\/product\/4892","targetHints":{"allow":["GET"]}}],"collection":[{"href":"https:\/\/portifolioos-prontos.com\/index.php\/wp-json\/wp\/v2\/product"}],"about":[{"href":"https:\/\/portifolioos-prontos.com\/index.php\/wp-json\/wp\/v2\/types\/product"}],"version-history":[{"count":0,"href":"https:\/\/portifolioos-prontos.com\/index.php\/wp-json\/wp\/v2\/product\/4892\/revisions"}],"wp:featuredmedia":[{"embeddable":true,"href":"https:\/\/portifolioos-prontos.com\/index.php\/wp-json\/wp\/v2\/media\/5157"}],"wp:attachment":[{"href":"https:\/\/portifolioos-prontos.com\/index.php\/wp-json\/wp\/v2\/media?parent=4892"}],"wp:term":[{"taxonomy":"product_cat","embeddable":true,"href":"https:\/\/portifolioos-prontos.com\/index.php\/wp-json\/wp\/v2\/product_cat?post=4892"},{"taxonomy":"product_tag","embeddable":true,"href":"https:\/\/portifolioos-prontos.com\/index.php\/wp-json\/wp\/v2\/product_tag?post=4892"}],"curies":[{"name":"wp","href":"https:\/\/api.w.org\/{rel}","templated":true}]}}