{"id":49084,"date":"2026-02-09T09:33:49","date_gmt":"2026-02-09T12:33:49","guid":{"rendered":"https:\/\/portifolioos-prontos.com\/?post_type=product&#038;p=49084"},"modified":"2026-03-10T21:47:27","modified_gmt":"2026-03-11T00:47:27","slug":"aula-pratica-teste-e-manutencao-de-software","status":"publish","type":"product","link":"https:\/\/portifolioos-prontos.com\/index.php\/product\/aula-pratica-teste-e-manutencao-de-software\/","title":{"rendered":"Aula Pr\u00e1tica Teste e manuten\u00e7\u00e3o de Software"},"content":{"rendered":"<p><strong>Aula Pr\u00e1tica Teste e Manuten\u00e7\u00e3o de Software<\/strong><\/p>\n<hr \/>\n<p><strong>ROTEIRO DE AULA PR\u00c1TICA<\/strong><\/p>\n<hr \/>\n<p><strong>NOME DA DISCIPLINA: TESTE E MANUTEN\u00c7\u00c3O DE SOFTWARE<\/strong><\/p>\n<hr \/>\n<p><strong>Unidade: U3 \u2013 T\u00c9CNICAS DE TESTE<\/strong><\/p>\n<hr \/>\n<p><strong>Aula: A2 \u2013 T\u00c9CNICAS DE TESTE I<\/strong><\/p>\n<hr \/>\n<p>Tempo previsto de execu\u00e7\u00e3o de aula pr\u00e1tica: 3h (CAMPO OBRIGAT\u00d3RIO \u2013 N\u00c3O APARECER EM NENHUM RAP)<\/p>\n<hr \/>\n<p><strong>OBJETIVOS (campo obrigat\u00f3rio \u2013 exibi\u00e7\u00e3o para todos)<\/strong><\/p>\n<p>Defini\u00e7\u00e3o dos objetivos da aula pr\u00e1tica:<\/p>\n<p>\u2022 Realizar teste de caixa branca para comparar valores e retornar o maior valor encontrado.<\/p>\n<hr \/>\n<p><strong>INFRAESTRUTURA (OBRIGAT\u00d3RIO SE HOUVER \u2013 EXIBI\u00c7\u00c3O DOCENTE\/TUTOR)<\/strong><\/p>\n<p>Instala\u00e7\u00f5es \u2013 Materiais de consumo \u2013 Equipamentos:<\/p>\n<p>NOME DO LABORAT\u00d3RIO<br \/>\n\u2022 Laborat\u00f3rio de Inform\u00e1tica<\/p>\n<p>Equipamentos:<br \/>\n\u2022 Computador.<br \/>\n1 unid. por aluno<\/p>\n<hr \/>\n<p><strong>SOLU\u00c7\u00c3O DIGITAL (OBRIGAT\u00d3RIO SE HOUVER &#8211; APARECER PARA TODOS)<\/strong><\/p>\n<p>\u2022 <a href=\"https:\/\/replit.com\/languages\/python3\">https:\/\/replit.com\/languages\/python3<\/a><br \/>\n\u2022 O Replit Languages Python3 \u00e9 um website de edi\u00e7\u00e3o de c\u00f3digo para Python.<\/p>\n<hr \/>\n<p><strong>EQUIPAMENTO DE PROTE\u00c7\u00c3O INDIVIDUAL (EPI) (CAMPO OBRIGAT\u00d3RIO \u2013 APARECER PARA TODOS)<\/strong><\/p>\n<p>N\u00e3o se aplica<\/p>\n<hr \/>\n<p><strong>PROCEDIMENTOS PR\u00c1TICOS (OBRIGAT\u00d3RIO \u2013 TODOS)<\/strong><\/p>\n<hr \/>\n<p><strong>Procedimento\/Atividade n\u00ba 1<\/strong><\/p>\n<p>Acessar o web site <a href=\"https:\/\/replit.com\/languages\/python3\">https:\/\/replit.com\/languages\/python3<\/a> para escrita e valida\u00e7\u00e3o da codifica\u00e7\u00e3o dos testes.<\/p>\n<hr \/>\n<p><strong>Atividade proposta:<\/strong><\/p>\n<p>Os testes de caixa branca, tamb\u00e9m conhecidos como testes estruturais ou de c\u00f3digo, visam avaliar o comportamento interno do sistema, testando a l\u00f3gica, fluxo de dados, caminhos de execu\u00e7\u00e3o, entre outros aspectos.<\/p>\n<p>Na pr\u00e1tica, os testes de caixa branca envolvem a an\u00e1lise do c\u00f3digo-fonte do software e a cria\u00e7\u00e3o de casos de teste que cubram todas as poss\u00edveis condi\u00e7\u00f5es de execu\u00e7\u00e3o do c\u00f3digo, incluindo casos de sucesso e de falha. Algumas t\u00e9cnicas comuns de teste de caixa branca incluem:<\/p>\n<ol>\n<li>Cobertura de c\u00f3digo: essa t\u00e9cnica mede a quantidade de c\u00f3digo que foi executada durante os testes. O objetivo \u00e9 garantir que todas as instru\u00e7\u00f5es do c\u00f3digo sejam executadas pelo menos uma vez;<\/li>\n<li>An\u00e1lise de fluxo de dados: essa t\u00e9cnica verifica se os dados s\u00e3o processados corretamente dentro do sistema, identificando poss\u00edveis erros de l\u00f3gica;<\/li>\n<li>Teste de caminho cr\u00edtico: essa t\u00e9cnica visa identificar os caminhos mais importantes do c\u00f3digo e test\u00e1-los minuciosamente para garantir que o software esteja funcionando corretamente.<\/li>\n<li>Teste de valores limite: essa t\u00e9cnica avalia o comportamento do software quando os valores de entrada s\u00e3o m\u00e1ximos, m\u00ednimos ou pr\u00f3ximos aos limites especificados.<\/li>\n<\/ol>\n<p>Os testes de caixa branca s\u00e3o importantes para garantir a qualidade do software, identificando poss\u00edveis falhas de l\u00f3gica e comportamento. Esses testes s\u00e3o realizados por desenvolvedores ou profissionais de teste especializados em an\u00e1lise de c\u00f3digo e podem ser automatizados para facilitar o processo de teste.<\/p>\n<p>Voc\u00ea dever\u00e1:<\/p>\n<p>Acessar o website <a href=\"https:\/\/replit.com\/languages\/python3\">https:\/\/replit.com\/languages\/python3<\/a>. O Replit \u00e9 um website de edi\u00e7\u00e3o de c\u00f3digo para Python que permite a digita\u00e7\u00e3o e a valida\u00e7\u00e3o de c\u00f3digos.<\/p>\n<p>OBS: N\u00e3o ser\u00e1 necess\u00e1rio realizar o login.<\/p>\n<p>A fun\u00e7\u00e3o m\u00e1xima \u00e9 bastante \u00fatil em diversas situa\u00e7\u00f5es em que precisamos determinar qual \u00e9 o maior valor entre dois valores ou em uma lista de valores.<\/p>\n<p>Vamos supor que temos uma fun\u00e7\u00e3o em Python que recebe dois n\u00fameros inteiros como entrada e retorna o maior entre eles. Abaixo a fun\u00e7\u00e3o m\u00e1xima que realiza a compara\u00e7\u00e3o de valores:<\/p>\n<pre><code>def maximo(a, b):\r\n    if a &gt; b:\r\n        return print(\"O numero {} \u00e9 o maior\".format(a))\r\n    else:\r\n        return print(\"O numero {} \u00e9 o maior\".format(b))\r\n\r\nmaximo(10,20)\r\n<\/code><\/pre>\n<p>OBS: lembre-se que em Python \u00e9 validado espa\u00e7os em branco e a identa\u00e7\u00e3o do c\u00f3digo.<\/p>\n<p>Para realizar o teste de caixa branca da fun\u00e7\u00e3o acima, podemos utilizar a t\u00e9cnica de cobertura de c\u00f3digo e criar casos de teste que cubram todas as instru\u00e7\u00f5es presentes na fun\u00e7\u00e3o.<\/p>\n<p>Sendo assim, crie uma sequ\u00eancia de testes que valide as seguintes quest\u00f5es:<\/p>\n<ol>\n<li>Para o primeiro caso de teste: verificar se a fun\u00e7\u00e3o retorna corretamente o maior n\u00famero quando o primeiro n\u00famero \u00e9 menor que o segundo;<\/li>\n<li>O segundo caso de teste: verificar se a fun\u00e7\u00e3o retorna corretamente o maior n\u00famero quando o segundo n\u00famero \u00e9 menor que o primeiro;<\/li>\n<li>O terceiro caso de teste: verificar se a fun\u00e7\u00e3o retorna corretamente um dos n\u00fameros quando ambos s\u00e3o iguais.<\/li>\n<\/ol>\n<p>Descreva a lista dos valores utilizados para responder as quest\u00f5es 1, 2 e 3 acima.<\/p>\n<hr \/>\n<p><strong>Checklist:<\/strong><\/p>\n<ol>\n<li>Acessar o site: <a href=\"https:\/\/replit.com\/languages\/python3\">https:\/\/replit.com\/languages\/python3<\/a><\/li>\n<li>Executar a fun\u00e7\u00e3o maximo para a compara\u00e7\u00e3o de valores descrita no bloco de \u201cProcedimentos para a realiza\u00e7\u00e3o da atividade\u201d no quadro do lado esquerdo do website;<\/li>\n<li>Ap\u00f3s digitar a fun\u00e7\u00e3o clique no bot\u00e3o Run;<\/li>\n<li>Validar a fun\u00e7\u00e3o.<\/li>\n<\/ol>\n<hr \/>\n<p><strong>RESULTADOS (obrigat\u00f3rio \u2013 aparecer para todos)<\/strong><\/p>\n<hr \/>\n<p><strong>Resultados de Aprendizagem:<\/strong><\/p>\n<p>Ao concluir esta atividade, o estudante dever\u00e1 ser capaz de:<\/p>\n<p>Compreender e aplicar t\u00e9cnicas de teste de caixa branca, por meio da an\u00e1lise e execu\u00e7\u00e3o de c\u00f3digo em Python, utilizando a ferramenta Replit.<\/p>\n<p>Mais especificamente, espera-se que o aluno demonstre:<\/p>\n<ol>\n<li>Entendimento conceitual e pr\u00e1tico dos testes de caixa branca \u2014 incluindo a cobertura de c\u00f3digo, an\u00e1lise de fluxo de dados e teste de valores limite;<\/li>\n<li>Capacidade de implementar e validar casos de teste que verifiquem o comportamento interno de uma fun\u00e7\u00e3o (no caso, a fun\u00e7\u00e3o maximo(a, b)), cobrindo diferentes cen\u00e1rios de execu\u00e7\u00e3o;<\/li>\n<li>Habilidade em identificar caminhos de execu\u00e7\u00e3o e resultados esperados para situa\u00e7\u00f5es distintas (quando o primeiro valor \u00e9 menor, maior ou igual ao segundo);<\/li>\n<li>Compet\u00eancia no uso de ferramentas de edi\u00e7\u00e3o e execu\u00e7\u00e3o de c\u00f3digo online (Replit), sem depend\u00eancia de ambiente local, validando o funcionamento do script e interpretando as sa\u00eddas produzidas;<\/li>\n<li>Elabora\u00e7\u00e3o de relat\u00f3rio t\u00e9cnico, sintetizando as etapas do teste, os valores de entrada, os resultados obtidos e a an\u00e1lise dos comportamentos observados, evidenciando a compreens\u00e3o dos princ\u00edpios de garantia de qualidade e valida\u00e7\u00e3o de software.<\/li>\n<\/ol>\n<hr \/>\n<p><strong>ESTUDANTE, VOC\u00ca DEVER\u00c1 ENTREGAR (n\u00e3o obrigat\u00f3rio \u2013 aparecer para todos)<\/strong><\/p>\n<p>Descri\u00e7\u00e3o orientativa sobre a entrega da comprova\u00e7\u00e3o da aula pr\u00e1tica:<\/p>\n<p>Elaborar um relat\u00f3rio que dever\u00e1 conter introdu\u00e7\u00e3o, m\u00e9todos, resultados e conclus\u00e3o sobre o assunto desenvolvido em aula pr\u00e1tica, que dever\u00e1 conter a lista de valores das quest\u00f5es 1, 2 e 3.<\/p>\n<p>O arquivo dever\u00e1 conter:<\/p>\n<p>Capa<br \/>\n\u2022 Folha de rosto com os dados da disciplina e do aluno<\/p>\n<p>\u2022 M\u00e9todos: Explique as t\u00e9cnicas que utilizou<\/p>\n<p>\u2022 Resultado: Mostre o que conseguiu<\/p>\n<p>\u2022 Evid\u00eancia: (prints) completa do exerc\u00edcio<\/p>\n<p>Refer\u00eancias bibliogr\u00e1ficas (quando houver)<\/p>\n<hr \/>\n<p><strong>REFER\u00caNCIAS BIBLIOGR\u00c1FICAS (n\u00e3o obrigat\u00f3rio \u2013 aparecer para todos)<\/strong><\/p>\n<p>Descri\u00e7\u00e3o (em ABNT) das refer\u00eancias utilizadas:<\/p>\n<p>DELAMARO, Marcio. Introdu\u00e7\u00e3o ao Teste de Software. 2. ed. Rio de Janeiro: GEN LTC, 2016.<\/p>\n<p>GON\u00c7ALVEZ, Priscila F.; BARRETO, Jeanine S.; ZENKER, Aline M.; et al. Testes de software e ger\u00eancia de configura\u00e7\u00e3o. Porto Alegre: SAGAH, 2019.<\/p>\n<p>WAZLAWICK, Raul S. Introdu\u00e7\u00e3o a Algoritmos e Programa\u00e7\u00e3o com Python: Uma Abordagem Dirigida por Testes. Rio de Janeiro: GEN LTC, 2018.<\/p>\n<div class=\"elementor-toggle-item\">\n<p id=\"elementor-tab-title-1941\" class=\"elementor-tab-title elementor-active\" tabindex=\"0\" role=\"tab\" data-tab=\"1\" aria-controls=\"elementor-tab-content-1941\" aria-expanded=\"true\" aria-selected=\"true\"><strong>Como funciona?<\/strong><\/p>\n<p>Elaboramos os portf\u00f3lios, j\u00e1 deixamos prontos, nas normas da ABNT e conforme os requisitos da universidade. F\u00e1cil assim! O MELHOR \u00c9 QUE VOC\u00ca COMPRA E J\u00c1 BAIXA NA HORA O SEU ARQUIVO EM WORD! Sabemos que conciliar trabalho, fam\u00edlia, vida profissional e estudos \u00e9 dif\u00edcil hoje em dia, por isso, estamos aqui para ajudar voc\u00ea. Conte com nossa qualidade, experi\u00eancia e profissionalismo adquirindo seu portf\u00f3lio conosco. GARANTIMOS SEU CONCEITO!<\/p>\n<p><strong>Como se realizam os envios?<\/strong><\/p>\n<\/div>\n<p id=\"elementor-tab-content-1942\" class=\"elementor-tab-content elementor-clearfix elementor-active\" role=\"tabpanel\" data-tab=\"2\" aria-labelledby=\"elementor-tab-title-1942\">O seu trabalho \u00e9 disponibilizado pronto, respondido e nas normas j\u00e1 na mesma hora aqui em nosso site na sua \u00e1rea de downloads e tamb\u00e9m no seu e-mail.<\/p>\n<p><strong>Em quanto tempo recebo o portf\u00f3lio?<\/strong><\/p>\n<p>Os envios s\u00e3o imediatos. Ap\u00f3s sua compra, o trabalho j\u00e1 \u00e9 disponibilizado instantaneamente aqui em nosso site e no seu e-mail.<\/p>\n<p><strong>E se o portf\u00f3lio que comprei precisar de corre\u00e7\u00e3o?<\/strong><\/p>\n<p>Caso haja alguma solicita\u00e7\u00e3o de corre\u00e7\u00e3o\/altera\u00e7\u00e3o por parte do tutor, basta entrar em contato conosco pelo\u00a0WhatsApp\u00a0que provid\u00eanciaremos sem custo algum.<\/p>\n<p><strong>Qual o formato do arquivo?<\/strong><\/p>\n<p>Os arquivos s\u00e3o enviados em formato Word e s\u00e3o edit\u00e1veis.<\/p>\n<p><strong>Caso eu tiver alguma d\u00favida, terei suporte no p\u00f3s venda?<\/strong><\/p>\n<p>Sim, com certeza. Basta clicar no \u00edcone do WhatsApp no cantinho da tela. Ser\u00e1 um prazer atend\u00ea-lo(a).<\/p>\n<div id=\"elementor-tab-content-1948\" class=\"elementor-tab-content elementor-clearfix elementor-active\" role=\"tabpanel\" data-tab=\"8\" aria-labelledby=\"elementor-tab-title-1948\">\n<p><strong>Quais os seus canais de contato?<\/strong><\/p>\n<\/div>\n<div id=\"elementor-tab-content-1949\" class=\"elementor-tab-content elementor-clearfix elementor-active\" role=\"tabpanel\" data-tab=\"9\" aria-labelledby=\"elementor-tab-title-1949\">\n<p>Whatsapp: 53 984751621 \u2013 Clicar no canto da tela ou ESCANEIE O QRCODE ABAIXO<\/p>\n<h4><img decoding=\"async\" class=\"alignnone wp-image-13699 jetpack-lazy-image jetpack-lazy-image--handled\" src=\"https:\/\/i0.wp.com\/portifolioos-prontos.com\/wp-content\/uploads\/2023\/02\/whatsapp-business-projeto-de-extensao-300x300.jpeg?resize=144%2C144\" sizes=\"(max-width: 144px) 100vw, 144px\" srcset=\"https:\/\/i0.wp.com\/portifolioos-prontos.com\/wp-content\/uploads\/2023\/02\/whatsapp-business-projeto-de-extensao.jpeg?resize=300%2C301&amp;ssl=1 300w, https:\/\/i0.wp.com\/portifolioos-prontos.com\/wp-content\/uploads\/2023\/02\/whatsapp-business-projeto-de-extensao.jpeg?resize=150%2C150&amp;ssl=1 150w, https:\/\/i0.wp.com\/portifolioos-prontos.com\/wp-content\/uploads\/2023\/02\/whatsapp-business-projeto-de-extensao.jpeg?resize=370%2C372&amp;ssl=1 370w, https:\/\/i0.wp.com\/portifolioos-prontos.com\/wp-content\/uploads\/2023\/02\/whatsapp-business-projeto-de-extensao.jpeg?resize=100%2C100&amp;ssl=1 100w, https:\/\/i0.wp.com\/portifolioos-prontos.com\/wp-content\/uploads\/2023\/02\/whatsapp-business-projeto-de-extensao.jpeg?w=470&amp;ssl=1 470w\" alt=\"projeto de extens\u00e3o unopar\" width=\"144\" height=\"144\" data-lazy-loaded=\"1\" \/><\/h4>\n<\/div>\n<div class=\"elementor-toggle-item\">\n<div id=\"elementor-tab-content-1949\" class=\"elementor-tab-content elementor-clearfix elementor-active\" role=\"tabpanel\" data-tab=\"9\" aria-labelledby=\"elementor-tab-title-1949\">\n<p>E-mail:portifoliosp@gmail.com<\/p>\n<div id=\"attachment_143\" class=\"wp-caption alignnone\">\n<div id=\"attachment_143\" class=\"wp-caption alignnone\">\n<p id=\"caption-attachment-143\" class=\"wp-caption-text\"><a href=\"http:\/\/portfolio-pronto.com\/\">Portf\u00f3lio<\/a>\u00a0em Word, respondido, completo e j\u00e1 nas normas<\/p>\n<\/div>\n<\/div>\n<\/div>\n<\/div>\n","protected":false},"excerpt":{"rendered":"<div class=\"product-short-description\"><strong>Pague pelo PIX ou cart\u00e3o e fa\u00e7a o download agora mesmo.<\/strong><\/div>\n<div class=\"sticky-add-to-cart-wrapper\">\n<div class=\"sticky-add-to-cart\">\n<p class=\"quantity buttons_added form-flat\"><img decoding=\"async\" class=\"lazyloaded smush-image-5 smush-image-3 smush-image-4 smush-detected-img smush-image-bigger-3\" src=\"https:\/\/d26lpennugtm8s.cloudfront.net\/assets\/common\/img\/logos\/payment\/visa@2x.png\" width=\"46\" height=\"29\" data-src=\"https:\/\/d26lpennugtm8s.cloudfront.net\/assets\/common\/img\/logos\/payment\/visa@2x.png\" \/><img decoding=\"async\" class=\"lazyloaded smush-image-6 smush-image-4 smush-image-5 smush-detected-img smush-image-bigger-4\" src=\"https:\/\/d26lpennugtm8s.cloudfront.net\/assets\/common\/img\/logos\/payment\/boleto@2x.png\" width=\"43\" height=\"27\" data-src=\"https:\/\/d26lpennugtm8s.cloudfront.net\/assets\/common\/img\/logos\/payment\/boleto@2x.png\" \/><img loading=\"lazy\" decoding=\"async\" class=\"lazyloaded smush-image-7 smush-image-5 smush-image-6 smush-detected-img smush-image-bigger-5\" src=\"https:\/\/d26lpennugtm8s.cloudfront.net\/assets\/common\/img\/logos\/payment\/mastercard@2x.png\" width=\"43\" height=\"27\" data-src=\"https:\/\/d26lpennugtm8s.cloudfront.net\/assets\/common\/img\/logos\/payment\/mastercard@2x.png\" \/><img loading=\"lazy\" decoding=\"async\" class=\"lazyloaded smush-image-8 smush-image-6 smush-image-7 smush-detected-img smush-image-bigger-6\" src=\"https:\/\/d26lpennugtm8s.cloudfront.net\/assets\/common\/img\/logos\/payment\/amex@2x.png\" width=\"43\" height=\"27\" data-src=\"https:\/\/d26lpennugtm8s.cloudfront.net\/assets\/common\/img\/logos\/payment\/amex@2x.png\" \/><img loading=\"lazy\" decoding=\"async\" class=\"lazyloaded smush-image-9 smush-image-7 smush-image-8 smush-detected-img smush-image-bigger-7\" src=\"https:\/\/d26lpennugtm8s.cloudfront.net\/assets\/common\/img\/logos\/payment\/diners@2x.png\" width=\"46\" height=\"29\" data-src=\"https:\/\/d26lpennugtm8s.cloudfront.net\/assets\/common\/img\/logos\/payment\/diners@2x.png\" \/><img loading=\"lazy\" decoding=\"async\" class=\"lazyloaded smush-image-10 smush-image-8 smush-image-9 alignnone smush-detected-img smush-image-bigger-8\" src=\"https:\/\/d26lpennugtm8s.cloudfront.net\/assets\/common\/img\/logos\/payment\/br\/elo@2x.png\" alt=\"portf\u00f3lio unopar anhanguera\" width=\"45\" height=\"28\" data-src=\"https:\/\/d26lpennugtm8s.cloudfront.net\/assets\/common\/img\/logos\/payment\/br\/elo@2x.png\" \/><img loading=\"lazy\" decoding=\"async\" class=\"lazyloaded smush-image-11 smush-image-9 smush-image-10 alignnone smush-detected-img smush-image-bigger-9\" src=\"https:\/\/d26lpennugtm8s.cloudfront.net\/assets\/common\/img\/logos\/payment\/br\/hipercard@2x.png\" alt=\"portf\u00f3lio unopar anhanguera\" width=\"44\" height=\"28\" data-src=\"https:\/\/d26lpennugtm8s.cloudfront.net\/assets\/common\/img\/logos\/payment\/br\/hipercard@2x.png\" \/><img loading=\"lazy\" decoding=\"async\" class=\"lazyloaded smush-image-12 smush-image-10 smush-image-11 alignnone smush-detected-img smush-image-bigger-10\" src=\"https:\/\/d26lpennugtm8s.cloudfront.net\/assets\/common\/img\/logos\/payment\/mercadopago@2x.png\" alt=\"portf\u00f3lio unopar anhanguera\" width=\"45\" height=\"28\" data-src=\"https:\/\/d26lpennugtm8s.cloudfront.net\/assets\/common\/img\/logos\/payment\/mercadopago@2x.png\" \/><\/p>\n<\/div>\n<\/div>\n","protected":false},"featured_media":49085,"template":"","meta":{"_seopress_robots_primary_cat":"none","_seopress_titles_title":"","_seopress_titles_desc":"","_seopress_robots_index":""},"product_cat":[15],"product_tag":[],"class_list":{"0":"post-49084","1":"product","2":"type-product","3":"status-publish","4":"has-post-thumbnail","6":"product_cat-uncategorized","8":"first","9":"instock","10":"shipping-taxable","11":"purchasable","12":"product-type-simple","13":"col-xs-6 col-sm-4","14":"col-mf-5","15":"un-5-cols"},"jetpack_sharing_enabled":true,"_links":{"self":[{"href":"https:\/\/portifolioos-prontos.com\/index.php\/wp-json\/wp\/v2\/product\/49084","targetHints":{"allow":["GET"]}}],"collection":[{"href":"https:\/\/portifolioos-prontos.com\/index.php\/wp-json\/wp\/v2\/product"}],"about":[{"href":"https:\/\/portifolioos-prontos.com\/index.php\/wp-json\/wp\/v2\/types\/product"}],"version-history":[{"count":2,"href":"https:\/\/portifolioos-prontos.com\/index.php\/wp-json\/wp\/v2\/product\/49084\/revisions"}],"predecessor-version":[{"id":49860,"href":"https:\/\/portifolioos-prontos.com\/index.php\/wp-json\/wp\/v2\/product\/49084\/revisions\/49860"}],"wp:featuredmedia":[{"embeddable":true,"href":"https:\/\/portifolioos-prontos.com\/index.php\/wp-json\/wp\/v2\/media\/49085"}],"wp:attachment":[{"href":"https:\/\/portifolioos-prontos.com\/index.php\/wp-json\/wp\/v2\/media?parent=49084"}],"wp:term":[{"taxonomy":"product_cat","embeddable":true,"href":"https:\/\/portifolioos-prontos.com\/index.php\/wp-json\/wp\/v2\/product_cat?post=49084"},{"taxonomy":"product_tag","embeddable":true,"href":"https:\/\/portifolioos-prontos.com\/index.php\/wp-json\/wp\/v2\/product_tag?post=49084"}],"curies":[{"name":"wp","href":"https:\/\/api.w.org\/{rel}","templated":true}]}}