{"id":49093,"date":"2026-02-09T14:11:12","date_gmt":"2026-02-09T17:11:12","guid":{"rendered":"https:\/\/portifolioos-prontos.com\/?post_type=product&#038;p=49093"},"modified":"2026-03-02T19:06:30","modified_gmt":"2026-03-02T22:06:30","slug":"projeto-de-extensao-iii-servico-social","status":"publish","type":"product","link":"https:\/\/portifolioos-prontos.com\/index.php\/product\/projeto-de-extensao-iii-servico-social\/","title":{"rendered":"Projeto de Extens\u00e3o III &#8211; Servi\u00e7o Social"},"content":{"rendered":"<p><strong>Projeto de Extens\u00e3o III &#8211; Servi\u00e7o Social<\/strong><\/p>\n<hr \/>\n<p><strong>DADOS DO ALUNO:<\/strong><\/p>\n<p>Aluno: [Nome completo]<br \/>\nRA: [N\u00famero do RA do aluno]<\/p>\n<hr \/>\n<p><strong>POLO \/ UNIDADE:<\/strong><\/p>\n<hr \/>\n<p><strong>CURSO:<\/strong><\/p>\n<p>SERVI\u00c7O SOCIAL &#8211; BACHARELADO<\/p>\n<hr \/>\n<p><strong>COMPONENTE CURRICULAR:<\/strong><\/p>\n<p>PROJETO DE EXTENS\u00c3O III &#8211; SERVI\u00c7O SOCIAL<\/p>\n<hr \/>\n<p><strong>PROGRAMA DE EXTENS\u00c3O:<\/strong><\/p>\n<p>PROGRAMA DE CONTEXTO \u00c0 COMUNIDADE.<\/p>\n<hr \/>\n<p><strong>FINALIDADE E MOTIVA\u00c7\u00c3O:<\/strong><\/p>\n<p>A finalidade da extens\u00e3o no Programa de Contexto \u00e0 Comunidade est\u00e1 no curso de Servi\u00e7o Social est\u00e1 centrado na articula\u00e7\u00e3o social, atrav\u00e9s deste projeto ocorrer\u00e1 uma maior integra\u00e7\u00e3o entre a faculdade e a sociedade civil, trazendo apoio \u00e0 comunidade e \u00e0 difus\u00e3o do ensino. Ao identificar as necessidades da comunidade, os alunos compreender\u00e3o a motiva\u00e7\u00e3o para efetuar as a\u00e7\u00f5es de apoio relacionadas ao curso de Servi\u00e7o Social, pelas quais poder\u00e3o ser desenvolvidas compet\u00eancias t\u00e9cnicas e soft skills espec\u00edficas.<\/p>\n<p>Os conte\u00fados program\u00e1ticos sugeridos para correlacionar as a\u00e7\u00f5es s\u00e3o:<\/p>\n<p>Estado, quest\u00e3o social e Servi\u00e7o Social; Movimentos sociais e lutas contra opress\u00f5es de classe, de g\u00eanero, \u00e9tnico-raciais, de sexualidade, geracionais e por defici\u00eancia e Estado, democracia, participa\u00e7\u00e3o e controle social.<\/p>\n<p>Os locais que poder\u00e3o contemplar esse projeto s\u00e3o: Entidades pertencentes \u00e0 Administra\u00e7\u00e3o P\u00fablica municipal, estadual ou federal; escolas; col\u00e9gios; Organiza\u00e7\u00f5es n\u00e3o governamentais (ONG); Institui\u00e7\u00f5es privadas com a\u00e7\u00f5es sociais; funda\u00e7\u00f5es; entidades do Judici\u00e1rio como Procons e Tribunais; Entidades religiosas como igrejas, ordens, templos, congrega\u00e7\u00f5es, miss\u00f5es e casas de acolhimento ou assist\u00eancia; entidades de sa\u00fade e assist\u00eancia social; Asilos; Organiza\u00e7\u00f5es da Sociedade Civil de Interesse P\u00fablico (OSCIPs); Organiza\u00e7\u00f5es de moradores e Cooperativas, entre outras.<\/p>\n<hr \/>\n<p><strong>COMPET\u00caNCIAS:<\/strong><\/p>\n<p>I &#8211; Prestar assessoria e consultoria a movimentos sociais, a redes e a outros coletivos pol\u00edticos;<br \/>\nII &#8211; Democratizar e socializar informa\u00e7\u00f5es \u00e0 popula\u00e7\u00e3o que acessa as pol\u00edticas p\u00fablicas e sociais;<br \/>\nIII &#8211; Articular o saber acad\u00eamico, o significado social da profiss\u00e3o e o seu exerc\u00edcio para contribuir com a mobiliza\u00e7\u00e3o de sujeitos individuais e coletivos na perspectiva da emancipa\u00e7\u00e3o humana.<\/p>\n<hr \/>\n<p><strong>PERFIL DO EGRESSO:<\/strong><\/p>\n<p>O perfil do egresso do curso de Servi\u00e7o Social, idealizado pela IES proporciona a forma\u00e7\u00e3o do profissional que formula e implementa propostas de interven\u00e7\u00e3o para seu enfrentamento; capacidade de promover o exerc\u00edcio pleno da cidadania e a inser\u00e7\u00e3o criativa e propositiva dos usu\u00e1rios do Servi\u00e7o Social no conjunto das rela\u00e7\u00f5es sociais e no mercado de trabalho; atua nas express\u00f5es da quest\u00e3o social, formulando e implementando propostas de interven\u00e7\u00e3o para seu enfrentamento.<\/p>\n<hr \/>\n<p><strong>SOFT SKILLS (COMPET\u00caNCIAS SOCIOEMOCIONAIS):<\/strong><\/p>\n<p>An\u00e1lise e resolu\u00e7\u00e3o de problemas<br \/>\nTomada de Decis\u00e3o<br \/>\nComunica\u00e7\u00e3o Interpessoal<\/p>\n<hr \/>\n<p><strong>OBJETIVOS DE APRENDIZAGEM:<\/strong><\/p>\n<p>O objetivo de aprendizagem da extens\u00e3o do curso de Servi\u00e7o Social, vinculado ao Programa de Contexto \u00e0 Comunidade, est\u00e1 relacionado ao fato de disseminar o saber e a cultura ensinados na faculdade e a forma\u00e7\u00e3o de novos saberes a partir das problem\u00e1ticas identificadas na comunidade, que aliados, ampliam as habilidades desenvolvidas no decorrer do curso, preparando o egresso para uma atua\u00e7\u00e3o human\u00edstica, focado no mercado de trabalho e articulada com \u00e0 comunidade.<\/p>\n<hr \/>\n<p><strong>CONTE\u00daDOS:<\/strong><\/p>\n<p>I &#8211; Estado, quest\u00e3o social e Servi\u00e7o Social;<br \/>\nII &#8211; Movimentos sociais e lutas contra opress\u00f5es de classe, de g\u00eanero, \u00e9tnico-raciais, de sexualidade, geracionais e por defici\u00eancia;<br \/>\nIII &#8211; Estado, democracia, participa\u00e7\u00e3o e controle social.<\/p>\n<hr \/>\n<p><strong>INDICA\u00c7\u00d5ES BIBLIOGR\u00c1FICAS:<\/strong><\/p>\n<p>LIMA, Andr\u00e9ia Saraiva. Quest\u00e3o social e servi\u00e7o social. Porto Alegre: SAGAH, 2018.<\/p>\n<p>FONTE, Felipe de Melo. Pol\u00edticas p\u00fablicas e direitos fundamentais. 2. ed. S\u00e3o Paulo: Saraiva, 2015.<\/p>\n<p>GENEROSO, Claudiney. Classes e movimentos sociais. Londrina: Editora e Distribuidora Educacional S.A., 2017.<\/p>\n<hr \/>\n<p><strong>RELAT\u00d3RIO FINAL:<\/strong><\/p>\n<p>Aluno e Aluna, ap\u00f3s realizar suas atividades de extens\u00e3o, \u00e9 necess\u00e1rio que voc\u00ea o formalize, enviando esse Relat\u00f3rio Final para ser avaliado junto ao seu Ambiente Virtual (AVA) e tamb\u00e9m para voc\u00ea poder comprovar sua atua\u00e7\u00e3o.<\/p>\n<p>Para o preenchimento, busque as anota\u00e7\u00f5es junto ao TEMPLATE PCDA para auxiliar na apresenta\u00e7\u00e3o das atividades desenvolvidas.<\/p>\n<p>Todos os campos s\u00e3o de preenchimento obrigat\u00f3rio.<\/p>\n<hr \/>\n<p><strong>DESCRI\u00c7\u00c3O DA A\u00c7\u00c3O COM RESULTADOS ALCAN\u00c7ADOS<\/strong><\/p>\n<p>Metas dos Objetivos de Desenvolvimento Sustent\u00e1vel (ODS) aderentes a este projeto:<\/p>\n<p>CAMPO OBRIGAT\u00d3RIO \u2013 busque no seu Template PDCA quais Metas voc\u00ea selecionou como aderentes ao seu projeto, conforme cada Objetivo de Desenvolvimento Sustent\u00e1vel (ODS) da Organiza\u00e7\u00e3o das Na\u00e7\u00f5es Unidas (ONU) que voc\u00ea explorou no seu planejamento.<\/p>\n<p>Liste as Metas selecionadas (pelo menos uma op\u00e7\u00e3o):<\/p>\n<p>Local de realiza\u00e7\u00e3o da atividade extensionista:<\/p>\n<p>Durante a a\u00e7\u00e3o:<\/p>\n<p>Caso necess\u00e1rio, houve mudan\u00e7a de estrat\u00e9gia para alcan\u00e7ar o resultado:<\/p>\n<p>Resultado da a\u00e7\u00e3o:<\/p>\n<p>Conclus\u00e3o:<\/p>\n<p>Depoimentos (se houver):<\/p>\n<hr \/>\n<p><strong>RELATE SUA PERCEP\u00c7\u00c3O DAS A\u00c7\u00d5ES EXTENSIONISTAS REALIZADAS NO PROGRAMA DESENVOLVIDO:<\/strong><\/p>\n<p>CAMPO OBRIGAT\u00d3RIO \u2013 relate em no m\u00ednimo 15 (quinze) linhas sua experi\u00eancia com as a\u00e7\u00f5es extensionistas. O texto deve ser de sua autoria e in\u00e9dito, evite pl\u00e1gio.<\/p>\n<p>Quest\u00f5es norteadoras:<\/p>\n<p>(1) Voc\u00ea notou que suas habilidades profissionais foram aprimoradas, com a atua\u00e7\u00e3o nas a\u00e7\u00f5es extensionistas?<br \/>\n(2) Voc\u00ea identificou melhoria\/resolu\u00e7\u00e3o do problema identificado?<br \/>\n(3) Voc\u00ea conseguiu articular os conhecimentos adquiridos no curso com as a\u00e7\u00f5es extensionistas?<\/p>\n<p>Ao escrever seu texto evite deix\u00e1-lo em forma de respostas \u00e0s quest\u00f5es norteadoras, relate sua experi\u00eancia em forma de texto dissertativo com justificativas.<\/p>\n<hr \/>\n<p><strong>DEPOIMENTO DA INSTITUI\u00c7\u00c3O PARTICIPANTE<\/strong><\/p>\n<p>CAMPO OBRIGAT\u00d3RIO &#8211; insira depoimento(s) do(s) gestor(es) da institui\u00e7\u00e3o\/\u00f3rg\u00e3o\/associa\u00e7\u00e3o participante que contribuam como um feedback da a\u00e7\u00e3o realizada por voc\u00ea.<\/p>\n<hr \/>\n<p><strong>REFER\u00caNCIAS BIBLIOGR\u00c1FICAS<\/strong><\/p>\n<p>CAMPO OBRIGAT\u00d3RIO \u2013 Siga as normas ABNT, para isso consulte sua Biblioteca Virtual; utilize como refer\u00eancias bibliogr\u00e1ficas as indica\u00e7\u00f5es do campo Indica\u00e7\u00f5es Bibliogr\u00e1ficas e as demais refer\u00eancias utilizadas no desenvolvimento do seu projeto.<\/p>\n<hr \/>\n<p><strong>AUTOAVALIA\u00c7\u00c3O DA ATIVIDADE:<\/strong><\/p>\n<p>Realize a sua avalia\u00e7\u00e3o em rela\u00e7\u00e3o \u00e0 atividade desenvolvida considerando uma escala de 0 a 10 para cada pergunta, assinalando com um X:<\/p>\n<ol>\n<li>A atividade permitiu o desenvolvimento do projeto de extens\u00e3o articulando as compet\u00eancias e conte\u00fados propostos junto ao Curso?<\/li>\n<\/ol>\n<p>0 1 2 3 4 5 6 7 8 9 10<br \/>\n() () () () () () () () () () ()<\/p>\n<ol start=\"2\">\n<li>A atividade possui carga hor\u00e1ria suficiente para a sua realiza\u00e7\u00e3o?<\/li>\n<\/ol>\n<p>0 1 2 3 4 5 6 7 8 9 10<br \/>\n() () () () () () () () () () ()<\/p>\n<ol start=\"3\">\n<li>A atividade \u00e9 relevante para a sua forma\u00e7\u00e3o e articula\u00e7\u00e3o de compet\u00eancias e conte\u00fados?<\/li>\n<\/ol>\n<p>0 1 2 3 4 5 6 7 8 9 10<br \/>\n() () () () () () () () () () ()<\/p>\n<ol start=\"4\">\n<li>A atividade contribui para o cumprimento dos objetivos definidos pela Institui\u00e7\u00e3o de Ensino (IES) e Curso, observando o Plano de Desenvolvimento Institucional e Projeto Pedag\u00f3gico de Curso vigentes?<\/li>\n<\/ol>\n<p>0 1 2 3 4 5 6 7 8 9 10<br \/>\n() () () () () () () () () () ()<\/p>\n<ol start=\"5\">\n<li>A atividade contribui para a melhoria da sociedade por meio dos resultados demonstrados no relat\u00f3rio ou pelos relatos apresentados pelos envolvidos?<\/li>\n<\/ol>\n<p>0 1 2 3 4 5 6 7 8 9 10<br \/>\n() () () () () () () () () () ()<\/p>\n<ol start=\"6\">\n<li>A atividade permite o desenvolvimento de a\u00e7\u00f5es junto \u00e0 Inicia\u00e7\u00e3o Cient\u00edfica e ao Ensino?<\/li>\n<\/ol>\n<p>0 1 2 3 4 5 6 7 8 9 10<br \/>\n() () () () () () () () () () ()<\/p>\n<ol start=\"7\">\n<li>Caso queira contribuir com maior detalhamento, traga seu depoimento\/ sugest\u00e3o.<\/li>\n<\/ol>\n<hr \/>\n<div class=\"elementor-toggle-item\">\n<p><strong>Como se realizam os envios?<\/strong><\/p>\n<\/div>\n<p id=\"elementor-tab-content-1942\" class=\"elementor-tab-content elementor-clearfix elementor-active\" role=\"tabpanel\" data-tab=\"2\" aria-labelledby=\"elementor-tab-title-1942\">O seu trabalho \u00e9 disponibilizado pronto, respondido e nas normas j\u00e1 na mesma hora aqui em nosso site na sua \u00e1rea de downloads e tamb\u00e9m no seu e-mail.<\/p>\n<p><strong>Em quanto tempo recebo o portf\u00f3lio?<\/strong><\/p>\n<p>Os envios s\u00e3o imediatos. Ap\u00f3s sua compra, o trabalho j\u00e1 \u00e9 disponibilizado instantaneamente aqui em nosso site e no seu e-mail.<\/p>\n<p><strong>E se o portf\u00f3lio que comprei precisar de corre\u00e7\u00e3o?<\/strong><\/p>\n<p>Caso haja alguma solicita\u00e7\u00e3o de corre\u00e7\u00e3o\/altera\u00e7\u00e3o por parte do tutor, basta entrar em contato conosco pelo\u00a0WhatsApp\u00a0que provid\u00eanciaremos sem custo algum.<\/p>\n<p><strong>Qual o formato do arquivo?<\/strong><\/p>\n<p>Os arquivos s\u00e3o enviados em formato Word e s\u00e3o edit\u00e1veis.<\/p>\n<p><strong>Caso eu tiver alguma d\u00favida, terei suporte no p\u00f3s venda?<\/strong><\/p>\n<p>Sim, com certeza. Basta clicar no \u00edcone do WhatsApp no cantinho da tela. Ser\u00e1 um prazer atend\u00ea-lo(a).<\/p>\n<div id=\"elementor-tab-content-1948\" class=\"elementor-tab-content elementor-clearfix elementor-active\" role=\"tabpanel\" data-tab=\"8\" aria-labelledby=\"elementor-tab-title-1948\">\n<p><strong>Quais os seus canais de contato?<\/strong><\/p>\n<\/div>\n<div id=\"elementor-tab-content-1949\" class=\"elementor-tab-content elementor-clearfix elementor-active\" role=\"tabpanel\" data-tab=\"9\" aria-labelledby=\"elementor-tab-title-1949\">\n<p>Whatsapp: 53 984751621 \u2013 Clicar no canto da tela ou ESCANEIE O QRCODE ABAIXO<\/p>\n<h4><img decoding=\"async\" class=\"alignnone wp-image-13699 jetpack-lazy-image jetpack-lazy-image--handled\" src=\"https:\/\/i0.wp.com\/portifolioos-prontos.com\/wp-content\/uploads\/2023\/02\/whatsapp-business-projeto-de-extensao-300x300.jpeg?resize=144%2C144\" sizes=\"(max-width: 144px) 100vw, 144px\" srcset=\"https:\/\/i0.wp.com\/portifolioos-prontos.com\/wp-content\/uploads\/2023\/02\/whatsapp-business-projeto-de-extensao.jpeg?resize=300%2C301&amp;ssl=1 300w, https:\/\/i0.wp.com\/portifolioos-prontos.com\/wp-content\/uploads\/2023\/02\/whatsapp-business-projeto-de-extensao.jpeg?resize=150%2C150&amp;ssl=1 150w, https:\/\/i0.wp.com\/portifolioos-prontos.com\/wp-content\/uploads\/2023\/02\/whatsapp-business-projeto-de-extensao.jpeg?resize=370%2C372&amp;ssl=1 370w, https:\/\/i0.wp.com\/portifolioos-prontos.com\/wp-content\/uploads\/2023\/02\/whatsapp-business-projeto-de-extensao.jpeg?resize=100%2C100&amp;ssl=1 100w, https:\/\/i0.wp.com\/portifolioos-prontos.com\/wp-content\/uploads\/2023\/02\/whatsapp-business-projeto-de-extensao.jpeg?w=470&amp;ssl=1 470w\" alt=\"projeto de extens\u00e3o unopar\" width=\"144\" height=\"144\" data-lazy-loaded=\"1\" \/><\/h4>\n<\/div>\n<div class=\"elementor-toggle-item\">\n<div id=\"elementor-tab-content-1949\" class=\"elementor-tab-content elementor-clearfix elementor-active\" role=\"tabpanel\" data-tab=\"9\" aria-labelledby=\"elementor-tab-title-1949\">\n<p>E-mail:portifoliosp@gmail.com<\/p>\n<div id=\"attachment_143\" class=\"wp-caption alignnone\">\n<div id=\"attachment_143\" class=\"wp-caption alignnone\">\n<p id=\"caption-attachment-143\" class=\"wp-caption-text\"><a href=\"http:\/\/portfolio-pronto.com\/\">Portf\u00f3lio<\/a>\u00a0em Word, respondido, completo e j\u00e1 nas normas<\/p>\n<\/div>\n<\/div>\n<\/div>\n<\/div>\n","protected":false},"excerpt":{"rendered":"<div><span style=\"color: #ff0000;\"><strong>Compre e receba o Relat\u00f3rio Final de Atividades Extensionistas j\u00e1 preenchido, com um projeto totalmente desenvolvido para entrega.<\/strong><\/span><\/div>\n<div class=\"product-short-description\"><strong>Pague pelo PIX ou cart\u00e3o e fa\u00e7a o download agora mesmo.<\/strong><\/div>\n<div class=\"sticky-add-to-cart-wrapper\">\n<div class=\"sticky-add-to-cart\">\n<p class=\"quantity buttons_added form-flat\"><img decoding=\"async\" class=\"lazyloaded smush-image-5 smush-image-3 smush-image-4 smush-detected-img smush-image-bigger-3\" src=\"https:\/\/d26lpennugtm8s.cloudfront.net\/assets\/common\/img\/logos\/payment\/visa@2x.png\" width=\"46\" height=\"29\" data-src=\"https:\/\/d26lpennugtm8s.cloudfront.net\/assets\/common\/img\/logos\/payment\/visa@2x.png\" \/><img decoding=\"async\" class=\"lazyloaded smush-image-6 smush-image-4 smush-image-5 smush-detected-img smush-image-bigger-4\" src=\"https:\/\/d26lpennugtm8s.cloudfront.net\/assets\/common\/img\/logos\/payment\/boleto@2x.png\" width=\"43\" height=\"27\" data-src=\"https:\/\/d26lpennugtm8s.cloudfront.net\/assets\/common\/img\/logos\/payment\/boleto@2x.png\" \/><img loading=\"lazy\" decoding=\"async\" class=\"lazyloaded smush-image-7 smush-image-5 smush-image-6 smush-detected-img smush-image-bigger-5\" src=\"https:\/\/d26lpennugtm8s.cloudfront.net\/assets\/common\/img\/logos\/payment\/mastercard@2x.png\" width=\"43\" height=\"27\" data-src=\"https:\/\/d26lpennugtm8s.cloudfront.net\/assets\/common\/img\/logos\/payment\/mastercard@2x.png\" \/><img loading=\"lazy\" decoding=\"async\" class=\"lazyloaded smush-image-8 smush-image-6 smush-image-7 smush-detected-img smush-image-bigger-6\" src=\"https:\/\/d26lpennugtm8s.cloudfront.net\/assets\/common\/img\/logos\/payment\/amex@2x.png\" width=\"43\" height=\"27\" data-src=\"https:\/\/d26lpennugtm8s.cloudfront.net\/assets\/common\/img\/logos\/payment\/amex@2x.png\" \/><img loading=\"lazy\" decoding=\"async\" class=\"lazyloaded smush-image-9 smush-image-7 smush-image-8 smush-detected-img smush-image-bigger-7\" src=\"https:\/\/d26lpennugtm8s.cloudfront.net\/assets\/common\/img\/logos\/payment\/diners@2x.png\" width=\"46\" height=\"29\" data-src=\"https:\/\/d26lpennugtm8s.cloudfront.net\/assets\/common\/img\/logos\/payment\/diners@2x.png\" \/><img loading=\"lazy\" decoding=\"async\" class=\"lazyloaded smush-image-10 smush-image-8 smush-image-9 alignnone smush-detected-img smush-image-bigger-8\" src=\"https:\/\/d26lpennugtm8s.cloudfront.net\/assets\/common\/img\/logos\/payment\/br\/elo@2x.png\" alt=\"portf\u00f3lio unopar anhanguera\" width=\"45\" height=\"28\" data-src=\"https:\/\/d26lpennugtm8s.cloudfront.net\/assets\/common\/img\/logos\/payment\/br\/elo@2x.png\" \/><img loading=\"lazy\" decoding=\"async\" class=\"lazyloaded smush-image-11 smush-image-9 smush-image-10 alignnone smush-detected-img smush-image-bigger-9\" src=\"https:\/\/d26lpennugtm8s.cloudfront.net\/assets\/common\/img\/logos\/payment\/br\/hipercard@2x.png\" alt=\"portf\u00f3lio unopar anhanguera\" width=\"44\" height=\"28\" data-src=\"https:\/\/d26lpennugtm8s.cloudfront.net\/assets\/common\/img\/logos\/payment\/br\/hipercard@2x.png\" \/><img loading=\"lazy\" decoding=\"async\" class=\"lazyloaded smush-image-12 smush-image-10 smush-image-11 alignnone smush-detected-img smush-image-bigger-10\" src=\"https:\/\/d26lpennugtm8s.cloudfront.net\/assets\/common\/img\/logos\/payment\/mercadopago@2x.png\" alt=\"portf\u00f3lio unopar anhanguera\" width=\"45\" height=\"28\" data-src=\"https:\/\/d26lpennugtm8s.cloudfront.net\/assets\/common\/img\/logos\/payment\/mercadopago@2x.png\" \/><\/p>\n<\/div>\n<\/div>\n","protected":false},"featured_media":49094,"template":"","meta":{"_seopress_robots_primary_cat":"none","_seopress_titles_title":"","_seopress_titles_desc":"","_seopress_robots_index":""},"product_cat":[56],"product_tag":[],"class_list":{"0":"post-49093","1":"product","2":"type-product","3":"status-publish","4":"has-post-thumbnail","6":"product_cat-servico-social","8":"first","9":"instock","10":"shipping-taxable","11":"purchasable","12":"product-type-simple","13":"col-xs-6 col-sm-4","14":"col-mf-5","15":"un-5-cols"},"jetpack_sharing_enabled":true,"_links":{"self":[{"href":"https:\/\/portifolioos-prontos.com\/index.php\/wp-json\/wp\/v2\/product\/49093","targetHints":{"allow":["GET"]}}],"collection":[{"href":"https:\/\/portifolioos-prontos.com\/index.php\/wp-json\/wp\/v2\/product"}],"about":[{"href":"https:\/\/portifolioos-prontos.com\/index.php\/wp-json\/wp\/v2\/types\/product"}],"version-history":[{"count":4,"href":"https:\/\/portifolioos-prontos.com\/index.php\/wp-json\/wp\/v2\/product\/49093\/revisions"}],"predecessor-version":[{"id":49859,"href":"https:\/\/portifolioos-prontos.com\/index.php\/wp-json\/wp\/v2\/product\/49093\/revisions\/49859"}],"wp:featuredmedia":[{"embeddable":true,"href":"https:\/\/portifolioos-prontos.com\/index.php\/wp-json\/wp\/v2\/media\/49094"}],"wp:attachment":[{"href":"https:\/\/portifolioos-prontos.com\/index.php\/wp-json\/wp\/v2\/media?parent=49093"}],"wp:term":[{"taxonomy":"product_cat","embeddable":true,"href":"https:\/\/portifolioos-prontos.com\/index.php\/wp-json\/wp\/v2\/product_cat?post=49093"},{"taxonomy":"product_tag","embeddable":true,"href":"https:\/\/portifolioos-prontos.com\/index.php\/wp-json\/wp\/v2\/product_tag?post=49093"}],"curies":[{"name":"wp","href":"https:\/\/api.w.org\/{rel}","templated":true}]}}