{"id":49116,"date":"2026-02-10T08:31:32","date_gmt":"2026-02-10T11:31:32","guid":{"rendered":"https:\/\/portifolioos-prontos.com\/?post_type=product&#038;p=49116"},"modified":"2026-03-10T21:42:40","modified_gmt":"2026-03-11T00:42:40","slug":"aula-pratica-data-mining","status":"publish","type":"product","link":"https:\/\/portifolioos-prontos.com\/index.php\/product\/aula-pratica-data-mining\/","title":{"rendered":"Aula Pr\u00e1tica Data Mining"},"content":{"rendered":"<p><strong>AULA PR\u00c1TICA DATA MINING<\/strong><\/p>\n<hr \/>\n<p><strong>ROTEIRO DE AULA PR\u00c1TICA<\/strong><\/p>\n<hr \/>\n<p><strong>NOME DA DISCIPLINA:<\/strong> Data Mining<\/p>\n<hr \/>\n<p><strong>OBJETIVOS<\/strong><\/p>\n<p>Defini\u00e7\u00e3o dos objetivos da aula pr\u00e1tica:<\/p>\n<ul>\n<li>Elaborar um gr\u00e1fico a partir de um conjunto de dados a ser analisado.<\/li>\n<\/ul>\n<hr \/>\n<p><strong>INFRAESTRUTURA<\/strong><\/p>\n<hr \/>\n<p><strong>Instala\u00e7\u00f5es:<\/strong><\/p>\n<p>Python Idle.<\/p>\n<hr \/>\n<p><strong>Materiais de consumo:<\/strong><\/p>\n<p>Descri\u00e7\u00e3o<\/p>\n<p>Quantidade de materiais por procedimento\/atividade<\/p>\n<p>Computador 1 por aluno<\/p>\n<hr \/>\n<p><strong>Software:<\/strong><\/p>\n<p>Sim ( X ) N\u00e3o ( )<\/p>\n<p>Em caso afirmativo, qual? Python IDle.<\/p>\n<p>Pago ( ) N\u00e3o Pago ( X )<\/p>\n<p>Tipo de Licen\u00e7a: Freeware.<\/p>\n<hr \/>\n<p><strong>Descri\u00e7\u00e3o do software:<\/strong><\/p>\n<p>O Idle, como \u00e9 conhecido, \u00e9 um ambiente de desenvolvimento integrado ao Python e dispon\u00edvel gratuitamente para funcionar com essa linguagem. Oferece o modo interativo para programa\u00e7\u00e3o com Python, o que facilita muito o aprendizado.<\/p>\n<hr \/>\n<p><strong>Equipamento de Prote\u00e7\u00e3o Individual (EPI):<\/strong><\/p>\n<ul>\n<li>NSA<\/li>\n<\/ul>\n<hr \/>\n<p><strong>PROCEDIMENTOS PR\u00c1TICOS<\/strong><\/p>\n<hr \/>\n<p>Elaborar gr\u00e1fico a partir de um conjunto de dados utilizando o Idle.<\/p>\n<hr \/>\n<p><strong>Atividade proposta:<\/strong><\/p>\n<ul>\n<li>Elaborar um dicion\u00e1rio com a linguagem Python para criar conjunto de dados que dever\u00e3o ser manipulados.<\/li>\n<li>Criar gr\u00e1ficos com os dados gerados.<\/li>\n<li>Criar relat\u00f3rio final de atividades.<\/li>\n<\/ul>\n<hr \/>\n<p><strong>Procedimentos para a realiza\u00e7\u00e3o da atividade:<\/strong><\/p>\n<hr \/>\n<p>Voc\u00ea dever\u00e1:<\/p>\n<ul>\n<li>Certificar-se de ter instalado o Python em seu computador e, com ele, o ambiente Idle. Para isso, acesse:<br \/>\n<a href=\"https:\/\/python.org.br\/\">https:\/\/python.org.br\/<\/a> e fa\u00e7a o download da vers\u00e3o mais recente.<\/li>\n<li>Acessar o idle e nele, criar um dicion\u00e1rio com dados como, por exemplo, gastos com energia ou volume e vendas por vendedor. Crie um conjunto de dados com hist\u00f3rico para gera\u00e7\u00e3o do gr\u00e1fico.<\/li>\n<li>Manipule o dicion\u00e1rio utilizando bibliotecas como matplotlib, escrita em python, e muito \u00fatil na plotagem de gr\u00e1ficos.<\/li>\n<li>Insira a sequ\u00eancia de c\u00f3digo em python para a plotagem do gr\u00e1fico com os dados coletados.<\/li>\n<\/ul>\n<hr \/>\n<p><strong>Checklist:<\/strong><\/p>\n<ul>\n<li>Instalar Python e Idle.<\/li>\n<li>Criar gr\u00e1fico a partir de conjunto de dados armazenados em dicion\u00e1rio.<\/li>\n<\/ul>\n<hr \/>\n<p><strong>RESULTADOS<\/strong><\/p>\n<hr \/>\n<p><strong>Resultados da aula pr\u00e1tica:<\/strong><\/p>\n<p>Elaborar um relat\u00f3rio que dever\u00e1 conter introdu\u00e7\u00e3o, m\u00e9todos, resultados e conclus\u00e3o sobre o assunto desenvolvido em aula pr\u00e1tica, para compreender quais etapas foram necess\u00e1rias para armazenamento de dados em estrutura do tipo dicion\u00e1rio, a utiliza\u00e7\u00e3o de biblioteca para plotagem de gr\u00e1ficos e consequente gera\u00e7\u00e3o dos mesmos.<\/p>\n<div class=\"elementor-toggle-item\">\n<p><strong>Como se realizam os envios?<\/strong><\/p>\n<\/div>\n<p id=\"elementor-tab-content-1942\" class=\"elementor-tab-content elementor-clearfix elementor-active\" role=\"tabpanel\" data-tab=\"2\" aria-labelledby=\"elementor-tab-title-1942\">O seu trabalho \u00e9 disponibilizado pronto, respondido e nas normas j\u00e1 na mesma hora aqui em nosso site na sua \u00e1rea de downloads e tamb\u00e9m no seu e-mail.<\/p>\n<p><strong>Em quanto tempo recebo o portf\u00f3lio?<\/strong><\/p>\n<p>Os envios s\u00e3o imediatos. Ap\u00f3s sua compra, o trabalho j\u00e1 \u00e9 disponibilizado instantaneamente aqui em nosso site e no seu e-mail.<\/p>\n<p><strong>E se o portf\u00f3lio que comprei precisar de corre\u00e7\u00e3o?<\/strong><\/p>\n<p>Caso haja alguma solicita\u00e7\u00e3o de corre\u00e7\u00e3o\/altera\u00e7\u00e3o por parte do tutor, basta entrar em contato conosco pelo\u00a0WhatsApp\u00a0que provid\u00eanciaremos sem custo algum.<\/p>\n<p><strong>Qual o formato do arquivo?<\/strong><\/p>\n<p>Os arquivos s\u00e3o enviados em formato Word e s\u00e3o edit\u00e1veis.<\/p>\n<p><strong>Caso eu tiver alguma d\u00favida, terei suporte no p\u00f3s venda?<\/strong><\/p>\n<p>Sim, com certeza. Basta clicar no \u00edcone do WhatsApp no cantinho da tela. Ser\u00e1 um prazer atend\u00ea-lo(a).<\/p>\n<div id=\"elementor-tab-content-1948\" class=\"elementor-tab-content elementor-clearfix elementor-active\" role=\"tabpanel\" data-tab=\"8\" aria-labelledby=\"elementor-tab-title-1948\">\n<p><strong>Quais os seus canais de contato?<\/strong><\/p>\n<\/div>\n<div id=\"elementor-tab-content-1949\" class=\"elementor-tab-content elementor-clearfix elementor-active\" role=\"tabpanel\" data-tab=\"9\" aria-labelledby=\"elementor-tab-title-1949\">\n<p>Whatsapp: 53 984751621 \u2013 Clicar no canto da tela ou ESCANEIE O QRCODE ABAIXO<\/p>\n<h4><img decoding=\"async\" class=\"alignnone wp-image-13699 jetpack-lazy-image jetpack-lazy-image--handled\" src=\"https:\/\/i0.wp.com\/portifolioos-prontos.com\/wp-content\/uploads\/2023\/02\/whatsapp-business-projeto-de-extensao-300x300.jpeg?resize=144%2C144\" sizes=\"(max-width: 144px) 100vw, 144px\" srcset=\"https:\/\/i0.wp.com\/portifolioos-prontos.com\/wp-content\/uploads\/2023\/02\/whatsapp-business-projeto-de-extensao.jpeg?resize=300%2C301&amp;ssl=1 300w, https:\/\/i0.wp.com\/portifolioos-prontos.com\/wp-content\/uploads\/2023\/02\/whatsapp-business-projeto-de-extensao.jpeg?resize=150%2C150&amp;ssl=1 150w, https:\/\/i0.wp.com\/portifolioos-prontos.com\/wp-content\/uploads\/2023\/02\/whatsapp-business-projeto-de-extensao.jpeg?resize=370%2C372&amp;ssl=1 370w, https:\/\/i0.wp.com\/portifolioos-prontos.com\/wp-content\/uploads\/2023\/02\/whatsapp-business-projeto-de-extensao.jpeg?resize=100%2C100&amp;ssl=1 100w, https:\/\/i0.wp.com\/portifolioos-prontos.com\/wp-content\/uploads\/2023\/02\/whatsapp-business-projeto-de-extensao.jpeg?w=470&amp;ssl=1 470w\" alt=\"projeto de extens\u00e3o unopar\" width=\"144\" height=\"144\" data-lazy-loaded=\"1\" \/><\/h4>\n<\/div>\n<div class=\"elementor-toggle-item\">\n<div id=\"elementor-tab-content-1949\" class=\"elementor-tab-content elementor-clearfix elementor-active\" role=\"tabpanel\" data-tab=\"9\" aria-labelledby=\"elementor-tab-title-1949\">\n<p>E-mail:portifoliosp@gmail.com<\/p>\n<div id=\"attachment_143\" class=\"wp-caption alignnone\">\n<div id=\"attachment_143\" class=\"wp-caption alignnone\">\n<p id=\"caption-attachment-143\" class=\"wp-caption-text\"><a href=\"http:\/\/portfolio-pronto.com\/\">Portf\u00f3lio<\/a>\u00a0em Word, respondido, completo e j\u00e1 nas normas<\/p>\n<\/div>\n<\/div>\n<\/div>\n<\/div>\n","protected":false},"excerpt":{"rendered":"<div class=\"product-short-description\">\n<p><strong>Pague pelo PIX ou cart\u00e3o e fa\u00e7a o download agora mesmo.<\/strong><\/p>\n<\/div>\n<div class=\"sticky-add-to-cart-wrapper\">\n<div class=\"sticky-add-to-cart\">\n<p class=\"quantity buttons_added form-flat\"><img decoding=\"async\" class=\"lazyloaded smush-image-5 smush-image-3 smush-image-4 smush-detected-img smush-image-bigger-3\" src=\"https:\/\/d26lpennugtm8s.cloudfront.net\/assets\/common\/img\/logos\/payment\/visa@2x.png\" width=\"46\" height=\"29\" data-src=\"https:\/\/d26lpennugtm8s.cloudfront.net\/assets\/common\/img\/logos\/payment\/visa@2x.png\" \/><img decoding=\"async\" class=\"lazyloaded smush-image-6 smush-image-4 smush-image-5 smush-detected-img smush-image-bigger-4\" src=\"https:\/\/d26lpennugtm8s.cloudfront.net\/assets\/common\/img\/logos\/payment\/boleto@2x.png\" width=\"43\" height=\"27\" data-src=\"https:\/\/d26lpennugtm8s.cloudfront.net\/assets\/common\/img\/logos\/payment\/boleto@2x.png\" \/><img loading=\"lazy\" decoding=\"async\" class=\"lazyloaded smush-image-7 smush-image-5 smush-image-6 smush-detected-img smush-image-bigger-5\" src=\"https:\/\/d26lpennugtm8s.cloudfront.net\/assets\/common\/img\/logos\/payment\/mastercard@2x.png\" width=\"43\" height=\"27\" data-src=\"https:\/\/d26lpennugtm8s.cloudfront.net\/assets\/common\/img\/logos\/payment\/mastercard@2x.png\" \/><img loading=\"lazy\" decoding=\"async\" class=\"lazyloaded smush-image-8 smush-image-6 smush-image-7 smush-detected-img smush-image-bigger-6\" src=\"https:\/\/d26lpennugtm8s.cloudfront.net\/assets\/common\/img\/logos\/payment\/amex@2x.png\" width=\"43\" height=\"27\" data-src=\"https:\/\/d26lpennugtm8s.cloudfront.net\/assets\/common\/img\/logos\/payment\/amex@2x.png\" \/><img loading=\"lazy\" decoding=\"async\" class=\"lazyloaded smush-image-9 smush-image-7 smush-image-8 smush-detected-img smush-image-bigger-7\" src=\"https:\/\/d26lpennugtm8s.cloudfront.net\/assets\/common\/img\/logos\/payment\/diners@2x.png\" width=\"46\" height=\"29\" data-src=\"https:\/\/d26lpennugtm8s.cloudfront.net\/assets\/common\/img\/logos\/payment\/diners@2x.png\" \/><img loading=\"lazy\" decoding=\"async\" class=\"lazyloaded smush-image-10 smush-image-8 smush-image-9 alignnone smush-detected-img smush-image-bigger-8\" src=\"https:\/\/d26lpennugtm8s.cloudfront.net\/assets\/common\/img\/logos\/payment\/br\/elo@2x.png\" alt=\"portf\u00f3lio unopar anhanguera\" width=\"45\" height=\"28\" data-src=\"https:\/\/d26lpennugtm8s.cloudfront.net\/assets\/common\/img\/logos\/payment\/br\/elo@2x.png\" \/><img loading=\"lazy\" decoding=\"async\" class=\"lazyloaded smush-image-11 smush-image-9 smush-image-10 alignnone smush-detected-img smush-image-bigger-9\" src=\"https:\/\/d26lpennugtm8s.cloudfront.net\/assets\/common\/img\/logos\/payment\/br\/hipercard@2x.png\" alt=\"portf\u00f3lio unopar anhanguera\" width=\"44\" height=\"28\" data-src=\"https:\/\/d26lpennugtm8s.cloudfront.net\/assets\/common\/img\/logos\/payment\/br\/hipercard@2x.png\" \/><img loading=\"lazy\" decoding=\"async\" class=\"lazyloaded smush-image-12 smush-image-10 smush-image-11 alignnone smush-detected-img smush-image-bigger-10\" src=\"https:\/\/d26lpennugtm8s.cloudfront.net\/assets\/common\/img\/logos\/payment\/mercadopago@2x.png\" alt=\"portf\u00f3lio unopar anhanguera\" width=\"45\" height=\"28\" data-src=\"https:\/\/d26lpennugtm8s.cloudfront.net\/assets\/common\/img\/logos\/payment\/mercadopago@2x.png\" \/><\/p>\n<\/div>\n<\/div>\n","protected":false},"featured_media":49117,"template":"","meta":{"_seopress_robots_primary_cat":"none","_seopress_titles_title":"","_seopress_titles_desc":"","_seopress_robots_index":""},"product_cat":[15],"product_tag":[],"class_list":{"0":"post-49116","1":"product","2":"type-product","3":"status-publish","4":"has-post-thumbnail","6":"product_cat-uncategorized","8":"first","9":"instock","10":"shipping-taxable","11":"purchasable","12":"product-type-simple","13":"col-xs-6 col-sm-4","14":"col-mf-5","15":"un-5-cols"},"jetpack_sharing_enabled":true,"_links":{"self":[{"href":"https:\/\/portifolioos-prontos.com\/index.php\/wp-json\/wp\/v2\/product\/49116","targetHints":{"allow":["GET"]}}],"collection":[{"href":"https:\/\/portifolioos-prontos.com\/index.php\/wp-json\/wp\/v2\/product"}],"about":[{"href":"https:\/\/portifolioos-prontos.com\/index.php\/wp-json\/wp\/v2\/types\/product"}],"version-history":[{"count":3,"href":"https:\/\/portifolioos-prontos.com\/index.php\/wp-json\/wp\/v2\/product\/49116\/revisions"}],"predecessor-version":[{"id":49877,"href":"https:\/\/portifolioos-prontos.com\/index.php\/wp-json\/wp\/v2\/product\/49116\/revisions\/49877"}],"wp:featuredmedia":[{"embeddable":true,"href":"https:\/\/portifolioos-prontos.com\/index.php\/wp-json\/wp\/v2\/media\/49117"}],"wp:attachment":[{"href":"https:\/\/portifolioos-prontos.com\/index.php\/wp-json\/wp\/v2\/media?parent=49116"}],"wp:term":[{"taxonomy":"product_cat","embeddable":true,"href":"https:\/\/portifolioos-prontos.com\/index.php\/wp-json\/wp\/v2\/product_cat?post=49116"},{"taxonomy":"product_tag","embeddable":true,"href":"https:\/\/portifolioos-prontos.com\/index.php\/wp-json\/wp\/v2\/product_tag?post=49116"}],"curies":[{"name":"wp","href":"https:\/\/api.w.org\/{rel}","templated":true}]}}