{"id":49119,"date":"2026-02-10T08:34:12","date_gmt":"2026-02-10T11:34:12","guid":{"rendered":"https:\/\/portifolioos-prontos.com\/?post_type=product&#038;p=49119"},"modified":"2026-03-02T19:35:11","modified_gmt":"2026-03-02T22:35:11","slug":"projeto-integrado-inovacao-gastronomia-inovacao-e-tecnologia-no-mercado-gastronomico","status":"publish","type":"product","link":"https:\/\/portifolioos-prontos.com\/index.php\/product\/projeto-integrado-inovacao-gastronomia-inovacao-e-tecnologia-no-mercado-gastronomico\/","title":{"rendered":"Projeto Integrado Inova\u00e7\u00e3o Gastronomia &#8211; Inova\u00e7\u00e3o e tecnologia no mercado gastron\u00f4mico"},"content":{"rendered":"<p><strong>PROJETO INTEGRADO INOVA\u00c7\u00c3O GASTRONOMIA &#8211; INOVA\u00c7\u00c3O E TECNOLOGIA NO MERCADO GASTRON\u00d4MICO<\/strong><\/p>\n<hr \/>\n<p><strong>Curso Superior de Tecnologia em Gastronomia<\/strong><\/p>\n<hr \/>\n<p>Prezado aluno (a),<\/p>\n<p>Seja bem-vindo (a) ao semestre!<\/p>\n<p>A proposta da Projeto Integrado Inova\u00e7\u00e3o ter\u00e1 como tem\u00e1tica: Inova\u00e7\u00e3o e tecnologia no mercado gastron\u00f4mico. Esta tem\u00e1tica possibilita a aprendizagem interdisciplinar, considerando as diversas disciplinas do semestre, com o objetivo de desenvolver a\u00e7\u00f5es referente \u00e0 \u00e1rea de atua\u00e7\u00e3o.<\/p>\n<hr \/>\n<p><strong>SITUA\u00c7\u00c3O GERADORA DE APRENDIZAGEM (SGA)<\/strong><\/p>\n<hr \/>\n<p>Pensando nas mais diversas tendencias do mercado gastron\u00f4mico um grande filantropo resolveu que iria trazer destaque ao fusion food. Tendencia esta que consiste em uma abordagem culin\u00e1ria que combina elementos de diferentes culturas gastron\u00f4micas para criar experi\u00eancias \u00fanicas ao comensal.<\/p>\n<p>Essa tendencia envolve a mistura de ingredientes, t\u00e9cnicas e sabores de diversos pa\u00edses, ou regi\u00f5es de um \u00fanico pa\u00eds, resultando em cria\u00e7\u00f5es criativas, intrigantes e exc\u00eantricas. A globaliza\u00e7\u00e3o de ingredientes e a troca de experiencias entre culturas, impulsionando o crescimento do fusion food, tornando-o uma escolha popular entre muitos restaurantes ao redor do mundo. E a fim de explorar o potencial desta nova tendencia no mercado gastron\u00f4mico e movimentar o capital da cidade a prefeitura da sua cidade natal desenvolveu um \u201cFestival Gastron\u00f4mico de Inova\u00e7\u00e3o Regional e Internacional e voc\u00ea foi convidado para integrar a banca de colaboradores.<\/p>\n<p>Um evento que busca destacar a diversidade e riqueza da culin\u00e1ria brasileira e internacional, ao mesmo tempo que integra conceitos de nutri\u00e7\u00e3o e dietoterapia, al\u00e9m de t\u00e9cnicas avan\u00e7adas de cozinha fria e excel\u00eancia em servi\u00e7o. Este festival \u00e9 uma oportunidade \u00fanica para mostrar a criatividade e inova\u00e7\u00e3o, utilizando ingredientes e tradi\u00e7\u00f5es culin\u00e1rias das regi\u00f5es do Brasil (Norte, Nordeste, Sudeste, Centro-Oeste e Sul) e combinando com influ\u00eancias das cozinhas das Am\u00e9ricas, Europeia e Mediterr\u00e2nea.<\/p>\n<p>O objetivo deste projeto \u00e9 criar pratos inovadores que respeitem e enalte\u00e7am as tradi\u00e7\u00f5es culin\u00e1rias regionais brasileiras, ao mesmo tempo em que integram elementos das cozinhas internacionais. Os pratos devem incorporar os princ\u00edpios nutricionais e trazer conceitos inovadores. Al\u00e9m disso, ser\u00e1 essencial apresentar os pratos de forma profissional, respeitando as normas de etiqueta e cerimonial, garantindo um servi\u00e7o de excel\u00eancia.<\/p>\n<hr \/>\n<p><strong>DESAFIOS<\/strong><\/p>\n<hr \/>\n<p><strong>1. Gastronomia Brasileira e Internacional<\/strong><\/p>\n<hr \/>\n<p>\u2022 Voc\u00ea deve escolher uma regi\u00e3o do Brasil (Norte, Nordeste, Sudeste, Centro-Oeste ou Sul) e uma cozinha internacional (Am\u00e9ricas, Europeia ou Mediterr\u00e2nea) para desenvolver um menu de tr\u00eas pratos (entrada, prato principal e sobremesa).<\/p>\n<p>\u2022 O menu deve destacar ingredientes t\u00edpicos e t\u00e9cnicas tradicionais da regi\u00e3o brasileira escolhida, combinando-os com influ\u00eancias da cozinha internacional selecionada (fusion food).<\/p>\n<p>\u2022 \u00c9 necess\u00e1rio inovar na apresenta\u00e7\u00e3o e na combina\u00e7\u00e3o de sabores, criando pratos que sejam releituras modernas e fus\u00e3o das receitas cl\u00e1ssicas regionais e internacionais.<\/p>\n<hr \/>\n<p><strong>2. Gastronomia Nutricional<\/strong><\/p>\n<hr \/>\n<p>\u2022 Voc\u00ea deve desenvolver uma sobremesa considerando os princ\u00edpios nutricionais, garantindo assim um menu com uma alimenta\u00e7\u00e3o equilibrada.<\/p>\n<p>\u2022 A sobremesa deve atender a uma dieta com restri\u00e7\u00e3o de gorduras.<\/p>\n<p>\u2022 Incorporar fundamentos da dietoterapia para garantir que a sobremesa n\u00e3o apenas seja saborosa, mas tamb\u00e9m promova a sa\u00fade e o bem-estar dos comensais.<\/p>\n<hr \/>\n<p><strong>3. Garde Manger &#8211; Cozinha Fria<\/strong><\/p>\n<hr \/>\n<p>\u2022 Voc\u00ea deve apresentar como entrada um prato frio, como uma salada ou um aperitivo, utilizando t\u00e9cnicas de cozinha fria.<\/p>\n<p>\u2022 Incluir pelo menos uma conserva ou item de charcutaria artesanal.<\/p>\n<p>\u2022 Utilizar molhos frios inovadores que complementem e realcem os sabores dos ingredientes regionais e internacionais.<\/p>\n<hr \/>\n<p><strong>4. Servi\u00e7o, Etiqueta e Cerimonial<\/strong><\/p>\n<hr \/>\n<p>\u2022 Voc\u00ea deve preparar e apresentar um plano detalhado de servi\u00e7o para a apresenta\u00e7\u00e3o dos pratos, garantindo que todos os aspectos de etiqueta e cerimonial sejam respeitados.<\/p>\n<p>\u2022 Desenvolver uma breve apresenta\u00e7\u00e3o sobre a origem dos pratos, os ingredientes utilizados e a inspira\u00e7\u00e3o por tr\u00e1s das inova\u00e7\u00f5es introduzidas.<\/p>\n<hr \/>\n<p><strong>Importante<\/strong><\/p>\n<hr \/>\n<p>N\u00e3o \u00e9 necess\u00e1rio o desenvolvimento do menu de forma pr\u00e1tica. Para avalia\u00e7\u00e3o da atividade voc\u00ea deve apresentar a descri\u00e7\u00e3o do menu e atender as solicita\u00e7\u00f5es dos desafios apresentados.<\/p>\n<p>Este projeto \u00e9 uma oportunidade para aplicar de forma integrada os conhecimentos adquiridos nas disciplinas de Gastronomia Brasileira, Cozinha Internacional, Gastronomia Nutricional, Garde Manger &#8211; Cozinha Fria e Servi\u00e7o, Etiqueta e Cerimonial.<\/p>\n<p>Voc\u00ea foi desafiado a pensar de forma inovadora, respeitando tradi\u00e7\u00f5es enquanto inovam e criando experi\u00eancias gastron\u00f4micas que sejam ao mesmo tempo deliciosas, saud\u00e1veis e bem apresentadas.<\/p>\n<p>Boa sorte e m\u00e3os \u00e0 obra!<\/p>\n<hr \/>\n<p><strong>NORMAS PARA ELABORA\u00c7\u00c3O E ENTREGA DA PRODU\u00c7\u00c3O TEXTUAL<\/strong><\/p>\n<hr \/>\n<ol>\n<li>O trabalho ser\u00e1 realizado individualmente.<\/li>\n<li>Importante: Voc\u00ea dever\u00e1 postar o trabalho finalizado no AVA, o que dever\u00e1 ser feito na pasta espec\u00edfica (\u201cportif\u00f3lio\u201d) da disciplina Projeto Integrado Inova\u00e7\u00e3o, obedecendo ao prazo limite de postagem, conforme disposto no AVA. N\u00e3o existe prorroga\u00e7\u00e3o para a postagem da atividade.<\/li>\n<li>Deve conter, depois de pronto, capa e folha de rosto padr\u00e3o da Institui\u00e7\u00e3o, sendo organizado no que tange \u00e0 sua apresenta\u00e7\u00e3o visual (tipos e tamanhos de fontes, alinhamento do texto, espa\u00e7amentos, par\u00e1grafos, apresenta\u00e7\u00e3o correta de cita\u00e7\u00f5es e refer\u00eancias, entre outros elementos importantes), conforme modelo dispon\u00edvel no AVA.<\/li>\n<li>A produ\u00e7\u00e3o textual \u00e9 um trabalho original e, portanto, n\u00e3o poder\u00e1 haver trabalhos id\u00eanticos aos de outros alunos ou com reprodu\u00e7\u00e3o de materiais extra\u00eddos da internet. Os trabalhos plagiados ser\u00e3o invalidados, sendo os alunos reprovados na atividade. Lembre-se de que a pr\u00e1tica do pl\u00e1gio constitui crime, com pena prevista em lei (Lei n.\u00ba 9.610), e deve ser evitada no \u00e2mbito acad\u00eamico.<\/li>\n<li>Importante: O trabalho deve ser enviado em formato Word. N\u00e3o ser\u00e3o aceitos, sob nenhuma hip\u00f3tese, trabalhos enviados em PDF.<\/li>\n<\/ol>\n<hr \/>\n<p>Lembre-se de que seu Tutor a Dist\u00e2ncia est\u00e1 \u00e0 disposi\u00e7\u00e3o para lhe atender em suas d\u00favidas e, tamb\u00e9m, para repassar orienta\u00e7\u00f5es sempre que voc\u00ea precisar. Aproveite esta oportunidade para realizar um trabalho com a qualidade acad\u00eamica de n\u00edvel universit\u00e1rio.<\/p>\n<p>Bom trabalho!<\/p>\n<p>Equipe de professores<\/p>\n<div class=\"elementor-toggle-item\">\n<p><strong>Como se realizam os envios?<\/strong><\/p>\n<\/div>\n<p id=\"elementor-tab-content-1942\" class=\"elementor-tab-content elementor-clearfix elementor-active\" role=\"tabpanel\" data-tab=\"2\" aria-labelledby=\"elementor-tab-title-1942\">O seu trabalho \u00e9 disponibilizado pronto, respondido e nas normas j\u00e1 na mesma hora aqui em nosso site na sua \u00e1rea de downloads e tamb\u00e9m no seu e-mail.<\/p>\n<p><strong>Em quanto tempo recebo o portf\u00f3lio?<\/strong><\/p>\n<p>Os envios s\u00e3o imediatos. Ap\u00f3s sua compra, o trabalho j\u00e1 \u00e9 disponibilizado instantaneamente aqui em nosso site e no seu e-mail.<\/p>\n<p><strong>E se o portf\u00f3lio que comprei precisar de corre\u00e7\u00e3o?<\/strong><\/p>\n<p>Caso haja alguma solicita\u00e7\u00e3o de corre\u00e7\u00e3o\/altera\u00e7\u00e3o por parte do tutor, basta entrar em contato conosco pelo\u00a0WhatsApp\u00a0que provid\u00eanciaremos sem custo algum.<\/p>\n<p><strong>Qual o formato do arquivo?<\/strong><\/p>\n<p>Os arquivos s\u00e3o enviados em formato Word e s\u00e3o edit\u00e1veis.<\/p>\n<p><strong>Caso eu tiver alguma d\u00favida, terei suporte no p\u00f3s venda?<\/strong><\/p>\n<p>Sim, com certeza. Basta clicar no \u00edcone do WhatsApp no cantinho da tela. Ser\u00e1 um prazer atend\u00ea-lo(a).<\/p>\n<div id=\"elementor-tab-content-1948\" class=\"elementor-tab-content elementor-clearfix elementor-active\" role=\"tabpanel\" data-tab=\"8\" aria-labelledby=\"elementor-tab-title-1948\">\n<p><strong>Quais os seus canais de contato?<\/strong><\/p>\n<\/div>\n<div id=\"elementor-tab-content-1949\" class=\"elementor-tab-content elementor-clearfix elementor-active\" role=\"tabpanel\" data-tab=\"9\" aria-labelledby=\"elementor-tab-title-1949\">\n<p>Whatsapp: 53 984751621 \u2013 Clicar no canto da tela ou ESCANEIE O QRCODE ABAIXO<\/p>\n<h4><img decoding=\"async\" class=\"alignnone wp-image-13699 jetpack-lazy-image jetpack-lazy-image--handled\" src=\"https:\/\/i0.wp.com\/portifolioos-prontos.com\/wp-content\/uploads\/2023\/02\/whatsapp-business-projeto-de-extensao-300x300.jpeg?resize=144%2C144\" sizes=\"(max-width: 144px) 100vw, 144px\" srcset=\"https:\/\/i0.wp.com\/portifolioos-prontos.com\/wp-content\/uploads\/2023\/02\/whatsapp-business-projeto-de-extensao.jpeg?resize=300%2C301&amp;ssl=1 300w, https:\/\/i0.wp.com\/portifolioos-prontos.com\/wp-content\/uploads\/2023\/02\/whatsapp-business-projeto-de-extensao.jpeg?resize=150%2C150&amp;ssl=1 150w, https:\/\/i0.wp.com\/portifolioos-prontos.com\/wp-content\/uploads\/2023\/02\/whatsapp-business-projeto-de-extensao.jpeg?resize=370%2C372&amp;ssl=1 370w, https:\/\/i0.wp.com\/portifolioos-prontos.com\/wp-content\/uploads\/2023\/02\/whatsapp-business-projeto-de-extensao.jpeg?resize=100%2C100&amp;ssl=1 100w, https:\/\/i0.wp.com\/portifolioos-prontos.com\/wp-content\/uploads\/2023\/02\/whatsapp-business-projeto-de-extensao.jpeg?w=470&amp;ssl=1 470w\" alt=\"projeto de extens\u00e3o unopar\" width=\"144\" height=\"144\" data-lazy-loaded=\"1\" \/><\/h4>\n<\/div>\n<div class=\"elementor-toggle-item\">\n<div id=\"elementor-tab-content-1949\" class=\"elementor-tab-content elementor-clearfix elementor-active\" role=\"tabpanel\" data-tab=\"9\" aria-labelledby=\"elementor-tab-title-1949\">\n<p>E-mail:portifoliosp@gmail.com<\/p>\n<div id=\"attachment_143\" class=\"wp-caption alignnone\">\n<div id=\"attachment_143\" class=\"wp-caption alignnone\">\n<p id=\"caption-attachment-143\" class=\"wp-caption-text\"><a href=\"http:\/\/portfolio-pronto.com\/\">Portf\u00f3lio<\/a>\u00a0em Word, respondido, completo e j\u00e1 nas normas<\/p>\n<\/div>\n<\/div>\n<\/div>\n<\/div>\n","protected":false},"excerpt":{"rendered":"<div class=\"product-short-description\"><strong>Pague pelo PIX ou cart\u00e3o e fa\u00e7a o download agora mesmo.<\/strong><\/div>\n<div class=\"sticky-add-to-cart-wrapper\">\n<div class=\"sticky-add-to-cart\">\n<p class=\"quantity buttons_added form-flat\"><img decoding=\"async\" class=\"lazyloaded smush-image-5 smush-image-3 smush-image-4 smush-detected-img smush-image-bigger-3\" src=\"https:\/\/d26lpennugtm8s.cloudfront.net\/assets\/common\/img\/logos\/payment\/visa@2x.png\" width=\"46\" height=\"29\" data-src=\"https:\/\/d26lpennugtm8s.cloudfront.net\/assets\/common\/img\/logos\/payment\/visa@2x.png\" \/><img decoding=\"async\" class=\"lazyloaded smush-image-6 smush-image-4 smush-image-5 smush-detected-img smush-image-bigger-4\" src=\"https:\/\/d26lpennugtm8s.cloudfront.net\/assets\/common\/img\/logos\/payment\/boleto@2x.png\" width=\"43\" height=\"27\" data-src=\"https:\/\/d26lpennugtm8s.cloudfront.net\/assets\/common\/img\/logos\/payment\/boleto@2x.png\" \/><img loading=\"lazy\" decoding=\"async\" class=\"lazyloaded smush-image-7 smush-image-5 smush-image-6 smush-detected-img smush-image-bigger-5\" src=\"https:\/\/d26lpennugtm8s.cloudfront.net\/assets\/common\/img\/logos\/payment\/mastercard@2x.png\" width=\"43\" height=\"27\" data-src=\"https:\/\/d26lpennugtm8s.cloudfront.net\/assets\/common\/img\/logos\/payment\/mastercard@2x.png\" \/><img loading=\"lazy\" decoding=\"async\" class=\"lazyloaded smush-image-8 smush-image-6 smush-image-7 smush-detected-img smush-image-bigger-6\" src=\"https:\/\/d26lpennugtm8s.cloudfront.net\/assets\/common\/img\/logos\/payment\/amex@2x.png\" width=\"43\" height=\"27\" data-src=\"https:\/\/d26lpennugtm8s.cloudfront.net\/assets\/common\/img\/logos\/payment\/amex@2x.png\" \/><img loading=\"lazy\" decoding=\"async\" class=\"lazyloaded smush-image-9 smush-image-7 smush-image-8 smush-detected-img smush-image-bigger-7\" src=\"https:\/\/d26lpennugtm8s.cloudfront.net\/assets\/common\/img\/logos\/payment\/diners@2x.png\" width=\"46\" height=\"29\" data-src=\"https:\/\/d26lpennugtm8s.cloudfront.net\/assets\/common\/img\/logos\/payment\/diners@2x.png\" \/><img loading=\"lazy\" decoding=\"async\" class=\"lazyloaded smush-image-10 smush-image-8 smush-image-9 alignnone smush-detected-img smush-image-bigger-8\" src=\"https:\/\/d26lpennugtm8s.cloudfront.net\/assets\/common\/img\/logos\/payment\/br\/elo@2x.png\" alt=\"portf\u00f3lio unopar anhanguera\" width=\"45\" height=\"28\" data-src=\"https:\/\/d26lpennugtm8s.cloudfront.net\/assets\/common\/img\/logos\/payment\/br\/elo@2x.png\" \/><img loading=\"lazy\" decoding=\"async\" class=\"lazyloaded smush-image-11 smush-image-9 smush-image-10 alignnone smush-detected-img smush-image-bigger-9\" src=\"https:\/\/d26lpennugtm8s.cloudfront.net\/assets\/common\/img\/logos\/payment\/br\/hipercard@2x.png\" alt=\"portf\u00f3lio unopar anhanguera\" width=\"44\" height=\"28\" data-src=\"https:\/\/d26lpennugtm8s.cloudfront.net\/assets\/common\/img\/logos\/payment\/br\/hipercard@2x.png\" \/><img loading=\"lazy\" decoding=\"async\" class=\"lazyloaded smush-image-12 smush-image-10 smush-image-11 alignnone smush-detected-img smush-image-bigger-10\" src=\"https:\/\/d26lpennugtm8s.cloudfront.net\/assets\/common\/img\/logos\/payment\/mercadopago@2x.png\" alt=\"portf\u00f3lio unopar anhanguera\" width=\"45\" height=\"28\" data-src=\"https:\/\/d26lpennugtm8s.cloudfront.net\/assets\/common\/img\/logos\/payment\/mercadopago@2x.png\" \/><\/p>\n<\/div>\n<\/div>\n","protected":false},"featured_media":49120,"template":"","meta":{"_seopress_robots_primary_cat":"none","_seopress_titles_title":"","_seopress_titles_desc":"","_seopress_robots_index":""},"product_cat":[15],"product_tag":[],"class_list":{"0":"post-49119","1":"product","2":"type-product","3":"status-publish","4":"has-post-thumbnail","6":"product_cat-uncategorized","8":"first","9":"instock","10":"shipping-taxable","11":"product-type-simple","12":"col-xs-6 col-sm-4","13":"col-mf-5","14":"un-5-cols"},"jetpack_sharing_enabled":true,"_links":{"self":[{"href":"https:\/\/portifolioos-prontos.com\/index.php\/wp-json\/wp\/v2\/product\/49119","targetHints":{"allow":["GET"]}}],"collection":[{"href":"https:\/\/portifolioos-prontos.com\/index.php\/wp-json\/wp\/v2\/product"}],"about":[{"href":"https:\/\/portifolioos-prontos.com\/index.php\/wp-json\/wp\/v2\/types\/product"}],"version-history":[{"count":3,"href":"https:\/\/portifolioos-prontos.com\/index.php\/wp-json\/wp\/v2\/product\/49119\/revisions"}],"predecessor-version":[{"id":49875,"href":"https:\/\/portifolioos-prontos.com\/index.php\/wp-json\/wp\/v2\/product\/49119\/revisions\/49875"}],"wp:featuredmedia":[{"embeddable":true,"href":"https:\/\/portifolioos-prontos.com\/index.php\/wp-json\/wp\/v2\/media\/49120"}],"wp:attachment":[{"href":"https:\/\/portifolioos-prontos.com\/index.php\/wp-json\/wp\/v2\/media?parent=49119"}],"wp:term":[{"taxonomy":"product_cat","embeddable":true,"href":"https:\/\/portifolioos-prontos.com\/index.php\/wp-json\/wp\/v2\/product_cat?post=49119"},{"taxonomy":"product_tag","embeddable":true,"href":"https:\/\/portifolioos-prontos.com\/index.php\/wp-json\/wp\/v2\/product_tag?post=49119"}],"curies":[{"name":"wp","href":"https:\/\/api.w.org\/{rel}","templated":true}]}}