{"id":4912,"date":"2022-07-20T13:55:31","date_gmt":"2022-07-20T16:55:31","guid":{"rendered":"https:\/\/portifolioos-prontos.com\/?post_type=product&#038;p=4912"},"modified":"2022-10-06T14:32:34","modified_gmt":"2022-10-06T17:32:34","slug":"portfolio-condominio-residencial-minerva","status":"publish","type":"product","link":"https:\/\/portifolioos-prontos.com\/index.php\/product\/portfolio-condominio-residencial-minerva\/","title":{"rendered":"Portf\u00f3lio Condom\u00ednio Residencial Minerva"},"content":{"rendered":"<h4>Portf\u00f3lio A gest\u00e3o de condom\u00ednio e a implanta\u00e7\u00e3o de um minimercado no condom\u00ednio Minerva<\/h4>\n<h4>Portf\u00f3lio Condom\u00ednio Residencial Minerva<\/h4>\n<h4>Curso: Superior de Tecnologia em Neg\u00f3cios Imobili\u00e1rios<\/h4>\n<h4>Semestre: 3\u00b0 Semestre<\/h4>\n<hr \/>\n<p>Para atingir os objetivos desta produ\u00e7\u00e3o textual, voc\u00ea dever\u00e1 seguir as instru\u00e7\u00f5es voltadas \u00e0<br \/>\nelabora\u00e7\u00e3o do trabalho disponibilizadas neste manual, sob a orienta\u00e7\u00e3o do Tutor a Dist\u00e2ncia,<br \/>\nconsiderando as disciplinas norteadoras.<br \/>\nA participa\u00e7\u00e3o na consecu\u00e7\u00e3o da proposta \u00e9 fundamental para que haja o pleno<br \/>\ndesenvolvimento de compet\u00eancias e habilidades requeridas em sua atua\u00e7\u00e3o profissional. Nessa<br \/>\nprodu\u00e7\u00e3o textual dever\u00e1 ser considerado a gest\u00e3o de condom\u00ednio e a implanta\u00e7\u00e3o de um<br \/>\nminimercado no condom\u00ednio Minerva, apresentado na sequ\u00eancia.<br \/>\nNa Produ\u00e7\u00e3o Textual Individual (PTI) voc\u00ea dever\u00e1, em um primeiro momento, conhecer a<br \/>\nSitua\u00e7\u00e3o Geradora de Aprendizagem (SGA) que descreve a situa\u00e7\u00e3o do Condom\u00ednio Residencial<br \/>\nMinerva.<br \/>\nEm um segundo momento, voc\u00ea dever\u00e1 se envolver com a Situa\u00e7\u00e3o Geradora de<br \/>\nAprendizagem (SGA), inserindo-se nesse contexto para realizar as tarefas previstas. Para realizar<br \/>\nessas atividades, siga as orienta\u00e7\u00f5es fornecidas nesse material e nas fundamenta\u00e7\u00f5es te\u00f3ricas<\/p>\n<p>diversas (livros das disciplinas, teleaulas, web aulas e outros materiais complementares, sejam estes<br \/>\nindicados pelos professores ou pesquisados por voc\u00ea).<br \/>\nNo final deste manual, constam todas as informa\u00e7\u00f5es necess\u00e1rias para a constru\u00e7\u00e3o do<br \/>\ntrabalho individual. Fa\u00e7a uma leitura na \u00edntegra e observe todos as normas e orienta\u00e7\u00f5es para que<br \/>\no desenvolvimento do trabalho seja satisfat\u00f3rio e possa atender todas as solicita\u00e7\u00f5es que a atividade<br \/>\nexige.<br \/>\nSe houver qualquer d\u00favida no desenvolvimento deste trabalho, sempre recorra as instru\u00e7\u00f5es<br \/>\naqui presentes, bem como, acione o seu tutor a dist\u00e2ncia para que ele possa auxili\u00e1-lo da melhor<br \/>\nforma poss\u00edvel.<\/p>\n<p>SITUA\u00c7\u00c3O GERADORA DE APRENDIZAGEM (SGA)<\/p>\n<p>Agora, \u00e9 com voc\u00ea!!!<\/p>\n<p>Os moradores do Condom\u00ednio Residencial Minerva s\u00e3o pessoas conectadas e bem-<br \/>\ninformados sobre as novas tend\u00eancias. O pr\u00e9dio existe a mais de 50 anos e ao longo desse tempo<\/p>\n<p>muitas mudan\u00e7as sociais e culturais ocorreram, e uma dessas transforma\u00e7\u00f5es foi a compra dos<br \/>\nautom\u00f3veis pelas pessoas. Em 2006, segundo o IBGE existiam no Brasil 27.700.608 autom\u00f3veis e em<br \/>\n2021 esse n\u00famero saltou para 59.242.869, um aumento de aproximadamente de 214%.<br \/>\nComo a maioria das fam\u00edlias do Residencial Minerva possuem mais de um ve\u00edculo, os<br \/>\ncond\u00f4minos est\u00e3o sentindo a necessidade de ampliar as vagas do estacionamento, por\u00e9m em uma<br \/>\ndiscuss\u00e3o em assembleia alguns moradores levantaram a hip\u00f3tese o pr\u00e9dio passar por um retrofit.<br \/>\nO retrofit \u00e9 uma palavra de origem inglesa que significa reformar, por\u00e9m o retrofit n\u00e3o \u00e9<br \/>\napenas uma reforma, mas um processo de revitaliza\u00e7\u00e3o de edif\u00edcios antigos, buscando a sua<br \/>\nmoderniza\u00e7\u00e3o e adapta\u00e7\u00e3o as novas regras de seguran\u00e7a. Segundo o engenheiro civil Ant\u00f4nio S\u00e9rgio<br \/>\nRamos da Silva, o \u201cretrofit busca-se customizar, adaptar e melhorar equipamentos, conforto e a<br \/>\nfuncionalidade de um pr\u00e9dio antigo\u201d.<br \/>\nAl\u00e9m da moderniza\u00e7\u00e3o e revitaliza\u00e7\u00e3o de todo o edif\u00edcio, ficou decido que ser\u00e1 implantado<br \/>\num minimercado no condom\u00ednio, para que os cond\u00f4minos possam adquirir itens de mercado sem<\/p>\n<p>precisar sair do condom\u00ednio. O estabelecimento acontece no modelo de neg\u00f3cio honest market<br \/>\n(mercado da honestidade), ou seja, toda a compra e pagamento s\u00e3o realizados pelo morador. Logo<br \/>\nsignifica que a pessoa escolhe o produto, faz o pagamento via aplicativo ou cart\u00e3o, n\u00e3o h\u00e1 operador<br \/>\nde caixa ou supervisor, somente as c\u00e2meras de seguran\u00e7a.<br \/>\nAnalisando todas as transforma\u00e7\u00f5es que o Condom\u00ednio Residencial Minerva ir\u00e1 passar com o<br \/>\nretrofit e a implanta\u00e7\u00e3o do minimercado, foi aprovado em assembleia a contrata\u00e7\u00e3o de um consultor<br \/>\nneg\u00f3cios imobili\u00e1rios para auxiliar nos pareceres t\u00e9cnicos e propor solu\u00e7\u00f5es para os poss\u00edveis<br \/>\nproblemas que ir\u00e3o surgir.<\/p>\n<p><strong>Etapa 1:<\/strong><br \/>\nO condom\u00ednio residencial Minerva ir\u00e1 passar por muitas mudan\u00e7as e porque n\u00e3o inovar. A<br \/>\ndefini\u00e7\u00e3o de inova\u00e7\u00e3o \u00e9 criar algo completamente novo, ou modificar algo j\u00e1 existente. A inova\u00e7\u00e3o<br \/>\npode ser de produtos, servi\u00e7os, processos, objetos, entre outros. A inova\u00e7\u00e3o pode ser radical ou<br \/>\nincremental.<br \/>\nA inova\u00e7\u00e3o radical tem como caracter\u00edstica b\u00e1sica uma ruptura, ou seja, o produto ou<br \/>\nprocesso apresenta mudan\u00e7as dr\u00e1sticas e disruptivas, isto \u00e9, algo completamente novo que acaba<br \/>\ntransformando a sociedade.<br \/>\nA inova\u00e7\u00e3o incremental ao contr\u00e1rio da inova\u00e7\u00e3o radical tem como caracter\u00edstica b\u00e1sica a<br \/>\nmelhoria cont\u00ednua, que pode ser de um produto ou processo j\u00e1 existente no mercado. Em outros<br \/>\ntermos, a inova\u00e7\u00e3o incremental representa avan\u00e7os e benef\u00edcios pelo consumidor e n\u00e3o transforma<br \/>\nde modo radical, mas oferece um impacto significativo nos neg\u00f3cios.<br \/>\nPensando nas formas de inova\u00e7\u00e3o reflita em quais \u00e1reas e de qual maneira o condom\u00ednio<br \/>\nresidencial Minerva pode inovar?<\/p>\n<p><strong>Etapa 2:<\/strong><br \/>\nPara realizar o retrofit e ampliar suas vagas de estacionamento o condom\u00ednio vai precisar de<br \/>\num montante consider\u00e1vel de capital. Como o condom\u00ednio n\u00e3o tem reservas de capital e deseja<\/p>\n<p>iniciar as obras rapidamente, em assembleia, ficou decidido que os recursos para esse projeto seriam<br \/>\noriginados de um empr\u00e9stimo banc\u00e1rio.<br \/>\nVoc\u00ea como consultor imobili\u00e1rio tem a miss\u00e3o de elaborar, por escrito, uma orienta\u00e7\u00e3o ao<br \/>\ncondom\u00ednio apontando o melhor tipo de financiamento (curto, m\u00e9dio ou longo prazo) e explicando<br \/>\nos principais tipos de sistema de amortiza\u00e7\u00e3o (Sistema de pagamento \u00fanico, Sistema Americano,<br \/>\nSistema de amortiza\u00e7\u00e3o constante (SAC) e Sistema Price), apontando qual \u00e9 o mais indicado para o<br \/>\nprojeto. Justifique de forma embasada as suas escolhas, lembre-se que voc\u00ea \u00e9 o especialista e precisa<br \/>\norientar seus contratantes.<br \/>\n<strong>Etapa 3:<\/strong><br \/>\nSabe-se que na assembleia s\u00e3o discutidas e tomadas as decis\u00f5es comuns, assim, tanto a<br \/>\ninstala\u00e7\u00e3o de um minimercado como uma reforma no condom\u00ednio para a amplia\u00e7\u00e3o de vagas de<br \/>\ngaragem precisam ser discutidas e votadas por meio de uma assembleia com a participa\u00e7\u00e3o dos<br \/>\ncond\u00f4minos. Diante disso, \u00e9 poss\u00edvel a realiza\u00e7\u00e3o da Assembleia pela modalidade virtual? Quais s\u00e3o<br \/>\nos requisitos m\u00ednimos para que isso ocorra?<\/p>\n<div class=\"elementor-toggle-item\">\n<div class=\"elementor-toggle-item\">\n<h4 id=\"elementor-tab-title-1941\" class=\"elementor-tab-title elementor-active\" tabindex=\"0\" role=\"tab\" data-tab=\"1\" aria-controls=\"elementor-tab-content-1941\" aria-expanded=\"true\" aria-selected=\"true\">Como funciona?<\/h4>\n<div id=\"elementor-tab-content-1941\" class=\"elementor-tab-content elementor-clearfix elementor-active\" role=\"tabpanel\" data-tab=\"1\" aria-labelledby=\"elementor-tab-title-1941\">\n<p>Elaboramos os portf\u00f3lios, j\u00e1 deixamos prontos, nas normas da ABNT e conforme os requisitos da universidade. F\u00e1cil assim! O MELHOR \u00c9 QUE VOC\u00ca COMPRA E J\u00c1 BAIXA NA HORA O SEU ARQUIVO EM WORD! Sabemos que conciliar trabalho, fam\u00edlia, vida profissional e estudos \u00e9 dif\u00edcil hoje em dia, por isso, estamos aqui para ajudar voc\u00ea. Conte com nossa qualidade, experi\u00eancia e profissionalismo adquirindo seu portf\u00f3lio conosco. GARANTIMOS SEU CONCEITO!<\/p>\n<h4>Como se realizam os envios?<\/h4>\n<\/div>\n<\/div>\n<div class=\"elementor-toggle-item\">\n<div id=\"elementor-tab-content-1942\" class=\"elementor-tab-content elementor-clearfix elementor-active\" role=\"tabpanel\" data-tab=\"2\" aria-labelledby=\"elementor-tab-title-1942\">O seu trabalho \u00e9 disponibilizado pronto, respondido e nas normas j\u00e1 na mesma hora aqui em nosso site na sua \u00e1rea de downloads e tamb\u00e9m no seu e-mail.<\/div>\n<\/div>\n<div class=\"elementor-toggle-item\">\n<div id=\"elementor-tab-content-1943\" class=\"elementor-tab-content elementor-clearfix elementor-active\" role=\"tabpanel\" data-tab=\"3\" aria-labelledby=\"elementor-tab-title-1943\">\n<h4>Em quanto tempo recebo o portf\u00f3lio?<\/h4>\n<\/div>\n<\/div>\n<div class=\"elementor-toggle-item\">\n<div id=\"elementor-tab-content-1944\" class=\"elementor-tab-content elementor-clearfix elementor-active\" role=\"tabpanel\" data-tab=\"4\" aria-labelledby=\"elementor-tab-title-1944\">\n<p>Os envios s\u00e3o imediatos. Ap\u00f3s sua compra, o trabalho j\u00e1 \u00e9 disponibilizado instantaneamente aqui em nosso site e no seu e-mail.<\/p>\n<h4>E se o portf\u00f3lio que comprei precisar de corre\u00e7\u00e3o?<\/h4>\n<\/div>\n<\/div>\n<div class=\"elementor-toggle-item\">\n<div id=\"elementor-tab-content-1945\" class=\"elementor-tab-content elementor-clearfix elementor-active\" role=\"tabpanel\" data-tab=\"5\" aria-labelledby=\"elementor-tab-title-1945\">\n<p>Caso haja alguma solicita\u00e7\u00e3o de corre\u00e7\u00e3o\/altera\u00e7\u00e3o por parte do tutor, basta entrar em contato conosco pelo\u00a0WhatsApp\u00a0que provid\u00eanciaremos sem custo algum.<\/p>\n<h4>Qual o formato do arquivo?<\/h4>\n<\/div>\n<\/div>\n<div class=\"elementor-toggle-item\">\n<div id=\"elementor-tab-content-1946\" class=\"elementor-tab-content elementor-clearfix elementor-active\" role=\"tabpanel\" data-tab=\"6\" aria-labelledby=\"elementor-tab-title-1946\">\n<p>Os arquivos s\u00e3o enviados em formato Word e s\u00e3o edit\u00e1veis.<\/p>\n<h4>Caso eu tiver alguma d\u00favida, terei suporte no p\u00f3s venda?<\/h4>\n<\/div>\n<\/div>\n<div class=\"elementor-toggle-item\">\n<div id=\"elementor-tab-content-1948\" class=\"elementor-tab-content elementor-clearfix elementor-active\" role=\"tabpanel\" data-tab=\"8\" aria-labelledby=\"elementor-tab-title-1948\">\n<p>Sim, com certeza. Basta clicar no \u00edcone do WhatsApp no cantinho da tela. Ser\u00e1 um prazer atend\u00ea-lo(a).<\/p>\n<div class=\"elementor-toggle-item\">\n<div id=\"elementor-tab-content-1948\" class=\"elementor-tab-content elementor-clearfix elementor-active\" role=\"tabpanel\" data-tab=\"8\" aria-labelledby=\"elementor-tab-title-1948\">\n<h4>Quais os seus canais de contato?<\/h4>\n<\/div>\n<\/div>\n<div class=\"elementor-toggle-item\">\n<div id=\"elementor-tab-content-1949\" class=\"elementor-tab-content elementor-clearfix elementor-active\" role=\"tabpanel\" data-tab=\"9\" aria-labelledby=\"elementor-tab-title-1949\">\n<p>Whatsapp: 53 984751621 \u2013 Clicar no canto da tela ou ESCANEIE O QRCODE ABAIXO<\/p>\n<p><img decoding=\"async\" class=\"alignnone wp-image-7603\" src=\"http:\/\/portifolioos-prontos.com\/wp-content\/uploads\/2022\/09\/portfolio-unopar-pronto-colaborar-ava-producao-textual-interdisciplinar.png\" alt=\"A gest\u00e3o de condom\u00ednio e a implanta\u00e7\u00e3o de um minimercado no condom\u00ednio Minerva,portf\u00f3lio A gest\u00e3o de condom\u00ednio e a implanta\u00e7\u00e3o de um minimercado no condom\u00ednio Minerva,portfolio A gest\u00e3o de condom\u00ednio e a implanta\u00e7\u00e3o de um minimercado no condom\u00ednio Minerva,portf\u00f3lio unopar A gest\u00e3o de condom\u00ednio e a implanta\u00e7\u00e3o de um minimercado no condom\u00ednio Minerva,portfolio unopar A gest\u00e3o de condom\u00ednio e a implanta\u00e7\u00e3o de um minimercado no condom\u00ednio Minerva,portf\u00f3lio anhanguera A gest\u00e3o de condom\u00ednio e a implanta\u00e7\u00e3o de um minimercado no condom\u00ednio Minerva,portfolio anhanguera A gest\u00e3o de condom\u00ednio e a implanta\u00e7\u00e3o de um minimercado no condom\u00ednio Minerva,portf\u00f3lio pronto A gest\u00e3o de condom\u00ednio e a implanta\u00e7\u00e3o de um minimercado no condom\u00ednio Minerva,pti A gest\u00e3o de condom\u00ednio e a implanta\u00e7\u00e3o de um minimercado no condom\u00ednio Minerva,ptg A gest\u00e3o de condom\u00ednio e a implanta\u00e7\u00e3o de um minimercado no condom\u00ednio Minerva,portf\u00f3lio pronto unopar A gest\u00e3o de condom\u00ednio e a implanta\u00e7\u00e3o de um minimercado no condom\u00ednio Minerva,portf\u00f3lio pronto anhanguera A gest\u00e3o de condom\u00ednio e a implanta\u00e7\u00e3o de um minimercado no condom\u00ednio Minerva,portfolios prontos A gest\u00e3o de condom\u00ednio e a implanta\u00e7\u00e3o de um minimercado no condom\u00ednio Minerva,unopar A gest\u00e3o de condom\u00ednio e a implanta\u00e7\u00e3o de um minimercado no condom\u00ednio Minerva,portfolios ead A gest\u00e3o de condom\u00ednio e a implanta\u00e7\u00e3o de um minimercado no condom\u00ednio Minerva,portf\u00f3lios ead A gest\u00e3o de condom\u00ednio e a implanta\u00e7\u00e3o de um minimercado no condom\u00ednio Minerva,portf\u00f3lio gest\u00e3o hospitalar,portfolio gest\u00e3o hospitalar 1 semestre,portfolio gest\u00e3o hospitalar,portfolio interdisciplinar individual gest\u00e3o hospitalar,portfolio gestao hospitalar,Portfolio pronto,portifolio pronto,portf\u00f3lio pronto,portifolios prontos,portif\u00f3lios prontos,portf\u00f3lio pronto unopar,portifolio pronto unopar,portif\u00f3lio pronto unopar,portifolios prontos unopar,portifolios prontos anhanguera,produ\u00e7\u00e3o textual interdisciplinar,portfolio pronto unopar,portf\u00f3lios prontos anhanguera,portf\u00f3lio pronto anhanguera,portfolios ead,portf\u00f3lios ead,portfolioead,apostileiros,portf\u00f3lio ead,portifolios ead,portif\u00f3lios ead,eadhelp,shop do acad\u00eamico,unopar portfolio,portfolio pronto ead,portfolio unopar ead,ead portfolio ava,portf\u00f3lio ead anhanguera,portf\u00f3lio ead pronto,portf\u00f3lio ead unopar,portf\u00f3lio pronto em word,pti unopar,ptg unopar,modelo de portf\u00f3lio unopar,modelo de portf\u00f3lio anhanguera,como fazer um portf\u00f3lio para faculdade,como faz portf\u00f3lio universidade,como faz portf\u00f3lios para universidade,portf\u00f3lios prontos para universidade,portf\u00f3lios pronto para faculdade,portf\u00f3lio pronto para editar,portifolios prontos para editar,portf\u00f3lio em word,portfolio em word,portf\u00f3lio em word para editar,portifolio em word para editar,portfolio unopar pronto para editar,modelo de portfolio para unopar,modelo de portif\u00f3lio para unopar,modelo de portf\u00f3lio para unopar,unopar portf\u00f3lio pronto,anhanguera portf\u00f3lio pronto,portf\u00f3lio em word pronto,comprar portf\u00f3lio pronto,como fazer um portf\u00f3lio,como fazer portf\u00f3lio digital,portfolio,portf\u00f3lio,portifolio,portif\u00f3lio,portf\u00f3lio interdisciplinar individual,portfolio interdisciplinar individual,exemplos de portf\u00f3lio para faculdade,baixar portf\u00f3lio pronto,portf\u00f3lio acad\u00eamico,portf\u00f3lio online,portfoliooead,portfolio ead,portf\u00f3lio pronto interdisciplinar individual,relat\u00f3rio de est\u00e1gio unopar,relat\u00f3rio de est\u00e1gio pronto unopar,como criar um portf\u00f3lio,o que \u00e9 um portf\u00f3lio e como fazer,portfolio exemplo,modelo de portfolio acad\u00eamico,relat\u00f3rio de est\u00e1gio gest\u00e3o escolar pronto unopar,portf\u00f3lio como fazer,prova profici\u00eancia unopar,portfolio individual est\u00e1gio curricular obrigat\u00f3rio ii anos iniciais do ensino fundamental,prova de profici\u00eancia pedagogia unopar,capa de trabalho unopar para editar,portf\u00f3lio acad\u00eamico unopar,como fazer um portf\u00f3lio acad\u00eamico,portf\u00f3lio exemplos word,portfolio acad\u00eamico,portfolio individual,portfolio individual unopar,portfolio individual anhanguera,portfolio marketing digital,portf\u00f3lio educa\u00e7\u00e3o f\u00edsica unopar,portf\u00f3lio gest\u00e3o educacional e espa\u00e7os n\u00e3o escolares,como fazer um portifolio unopar,modelo de portf\u00f3lio unopar em arquivo word,capa de portf\u00f3lio de pedagogia,como fazer um portf\u00f3lio no word,projeto integrado unopar,exemplo de portf\u00f3lio academico pedagogia\" width=\"141\" height=\"141\" srcset=\"https:\/\/portifolioos-prontos.com\/wp-content\/uploads\/2022\/09\/portfolio-unopar-pronto-colaborar-ava-producao-textual-interdisciplinar.png 150w, https:\/\/portifolioos-prontos.com\/wp-content\/uploads\/2022\/09\/portfolio-unopar-pronto-colaborar-ava-producao-textual-interdisciplinar-100x100.png 100w\" sizes=\"(max-width: 141px) 100vw, 141px\" \/><\/p>\n<\/div>\n<\/div>\n<\/div>\n<\/div>\n<div class=\"elementor-toggle-item\">\n<div id=\"elementor-tab-content-1949\" class=\"elementor-tab-content elementor-clearfix elementor-active\" role=\"tabpanel\" data-tab=\"9\" aria-labelledby=\"elementor-tab-title-1949\">\n<p>E-mail:portifoliosp@gmail.com<\/p>\n<div id=\"attachment_143\" class=\"wp-caption alignnone\">\n<div id=\"attachment_143\" class=\"wp-caption alignnone\" style=\"width: 161px;\">\n<p><a href=\"http:\/\/portifolioos-prontos.com\/\"><img decoding=\"async\" class=\"wp-image-143\" title=\"portfolio pronto unopar\" src=\"http:\/\/portifolioos-prontos.com\/wp-content\/uploads\/2022\/04\/conceitomaximo.png\" alt=\"PORTFOLIO PRONTO UNOPAR ANHANGUERA\" width=\"161\" height=\"46\" aria-describedby=\"caption-attachment-143\" \/><\/a><\/p>\n<p id=\"caption-attachment-143\" class=\"wp-caption-text\">Portf\u00f3lio em Word, respondido, completo e j\u00e1 nas normas.<\/p>\n<\/div>\n<\/div>\n<\/div>\n<\/div>\n<\/div>\n","protected":false},"excerpt":{"rendered":"<p>Portf\u00f3lio A gest\u00e3o de condom\u00ednio e a implanta\u00e7\u00e3o de um minimercado no condom\u00ednio Minerva Portf\u00f3lio Condom\u00ednio Residencial Minerva Curso: Superior de Tecnologia em Neg\u00f3cios Imobili\u00e1rios Semestre: 3\u00b0 Semestre Para atingir os objetivos desta produ\u00e7\u00e3o textual, voc\u00ea dever\u00e1 seguir as instru\u00e7\u00f5es voltadas \u00e0 elabora\u00e7\u00e3o do trabalho disponibilizadas neste manual, sob a orienta\u00e7\u00e3o do Tutor a Dist\u00e2ncia,&hellip;<\/p>\n","protected":false},"featured_media":5141,"template":"","meta":{"_seopress_robots_primary_cat":"none","_seopress_titles_title":"%%post_title%% %%sitetitle%%","_seopress_titles_desc":"%%post_content%%","_seopress_robots_index":""},"product_cat":[50,15],"product_tag":[],"class_list":{"0":"post-4912","1":"product","2":"type-product","3":"status-publish","4":"has-post-thumbnail","6":"product_cat-negocios-imobiliarios","7":"product_cat-uncategorized","9":"first","10":"instock","11":"downloadable","12":"virtual","13":"purchasable","14":"product-type-simple","15":"col-xs-6 col-sm-4","16":"col-mf-5","17":"un-5-cols"},"jetpack_sharing_enabled":true,"_links":{"self":[{"href":"https:\/\/portifolioos-prontos.com\/index.php\/wp-json\/wp\/v2\/product\/4912","targetHints":{"allow":["GET"]}}],"collection":[{"href":"https:\/\/portifolioos-prontos.com\/index.php\/wp-json\/wp\/v2\/product"}],"about":[{"href":"https:\/\/portifolioos-prontos.com\/index.php\/wp-json\/wp\/v2\/types\/product"}],"version-history":[{"count":0,"href":"https:\/\/portifolioos-prontos.com\/index.php\/wp-json\/wp\/v2\/product\/4912\/revisions"}],"wp:featuredmedia":[{"embeddable":true,"href":"https:\/\/portifolioos-prontos.com\/index.php\/wp-json\/wp\/v2\/media\/5141"}],"wp:attachment":[{"href":"https:\/\/portifolioos-prontos.com\/index.php\/wp-json\/wp\/v2\/media?parent=4912"}],"wp:term":[{"taxonomy":"product_cat","embeddable":true,"href":"https:\/\/portifolioos-prontos.com\/index.php\/wp-json\/wp\/v2\/product_cat?post=4912"},{"taxonomy":"product_tag","embeddable":true,"href":"https:\/\/portifolioos-prontos.com\/index.php\/wp-json\/wp\/v2\/product_tag?post=4912"}],"curies":[{"name":"wp","href":"https:\/\/api.w.org\/{rel}","templated":true}]}}