{"id":49139,"date":"2026-02-10T14:07:16","date_gmt":"2026-02-10T17:07:16","guid":{"rendered":"https:\/\/portifolioos-prontos.com\/?post_type=product&#038;p=49139"},"modified":"2026-03-10T21:36:56","modified_gmt":"2026-03-11T00:36:56","slug":"aula-pratica-pesquisa-operacional-simulacao","status":"publish","type":"product","link":"https:\/\/portifolioos-prontos.com\/index.php\/product\/aula-pratica-pesquisa-operacional-simulacao\/","title":{"rendered":"Aula Pr\u00e1tica Pesquisa Operacional: Simula\u00e7\u00e3o"},"content":{"rendered":"<p><strong>Aula Pr\u00e1tica Pesquisa Operacional: Simula\u00e7\u00e3o<\/strong><\/p>\n<hr \/>\n<p>&nbsp;<\/p>\n<p>&nbsp;<\/p>\n<p><strong>Unidade: U1 \u2013 INTRODU\u00c7\u00c3O \u00c0 SIMULA\u00c7\u00c3O EM PO<\/strong><\/p>\n<hr \/>\n<p><strong>Aula: A3 \u2013 O USO DO SOFTWARE ARENA EM SIMULA\u00c7\u00c3O<\/strong><\/p>\n<hr \/>\n<p><strong>OBJETIVOS<\/strong><\/p>\n<p>Defini\u00e7\u00e3o dos objetivos da aula pr\u00e1tica:<br \/>\nConstru\u00e7\u00e3o de modelos de simula\u00e7\u00e3o com aux\u00edlio do software Arena.<\/p>\n<hr \/>\n<p><strong>SOLU\u00c7\u00c3O DIGITAL<\/strong><\/p>\n<p>Software ARENA<\/p>\n<p>Para essa pr\u00e1tica ser\u00e1 necess\u00e1rio utilizar o software de simula\u00e7\u00e3o ARENA.<\/p>\n<p>Link para download do ARENA:<br \/>\n<a href=\"https:\/\/paragon.com.br\/download-arena\/\">https:\/\/paragon.com.br\/download-arena\/<\/a><\/p>\n<p>OBS: Preencha os campos solicitados e clique em \u201cBAIXAR VERS\u00c3O TRIAL DO ARENA\u201d.<\/p>\n<p>Link com as instru\u00e7\u00f5es de instala\u00e7\u00e3o do ARENA:<br \/>\n<a href=\"https:\/\/help.paragon.com.br\/portal\/en\/kb\/articles\/arena-instala%C3%A7%C3%A3o-arena16-10\">https:\/\/help.paragon.com.br\/portal\/en\/kb\/articles\/arena-instala%C3%A7%C3%A3o-arena16-10<\/a><\/p>\n<hr \/>\n<p><strong>PROCEDIMENTOS PR\u00c1TICOS E APLICA\u00c7\u00d5ES<\/strong><\/p>\n<hr \/>\n<p><strong>Procedimento\/Atividade n\u00ba 1<\/strong><\/p>\n<p>Criar modelo de simula\u00e7\u00e3o utilizando o ARENA.<\/p>\n<p>Atividade proposta:<br \/>\nAnalisar o problema proposto, construir o modelo de simula\u00e7\u00e3o no software ARENA.<\/p>\n<p>Procedimentos para a realiza\u00e7\u00e3o da atividade:<\/p>\n<p>Problema para a atividade (simula\u00e7\u00e3o no software ARENA):<\/p>\n<p>Considere a seguinte situa\u00e7\u00e3o:<\/p>\n<p>Navios chegam a um porto a intervalos segundo uma distribui\u00e7\u00e3o exponencial de m\u00e9dia 8 horas e gastam para descarregar segundo uma fun\u00e7\u00e3o triangular com tempo m\u00ednimo de 3 horas, tempo mais prov\u00e1vel de 5 horas e tempo m\u00e1ximo de 10 horas.<\/p>\n<p>Com base nesses dados e informa\u00e7\u00f5es, construa o modelo no ARENA e realize uma simula\u00e7\u00e3o para 24 horas.<\/p>\n<p>Avaliando os resultados:<\/p>\n<ol>\n<li>Construa o modelo de simula\u00e7\u00e3o da atividade proposta no software ARENA.<\/li>\n<li>Insira os dados fornecidos na atividade em cada bloco.<\/li>\n<li>Fa\u00e7a a simula\u00e7\u00e3o para 24 horas e encontre o resultado.<\/li>\n<\/ol>\n<p>Checklist:<\/p>\n<ul>\n<li>Ler e analisar atentamente o problema;<\/li>\n<li>Criar o diagrama de blocos no ARENA (Blocos: Create, Process e Dispose);<\/li>\n<li>Inserir os dados em cada bloco (ou m\u00f3dulo) com os valores fornecidos na atividade;<\/li>\n<li>Rodar a simula\u00e7\u00e3o.<\/li>\n<\/ul>\n<hr \/>\n<p><strong>Procedimento\/Atividade n\u00ba 2<\/strong><\/p>\n<p>Criar modelo de simula\u00e7\u00e3o utilizando o ARENA.<\/p>\n<p>Atividade proposta:<br \/>\nAnalisar o problema proposto, construir o modelo de simula\u00e7\u00e3o no software ARENA.<\/p>\n<p>Procedimentos para a realiza\u00e7\u00e3o da atividade:<\/p>\n<p>Problema para a atividade (simula\u00e7\u00e3o no software ARENA):<\/p>\n<p>Considere a seguinte situa\u00e7\u00e3o:<\/p>\n<p>Uma empresa fabrica dois tipos de produtos (A e B) por processos independentes. Ambos os produtos passam por um mesmo posto de inspe\u00e7\u00e3o de qualidade cujo tempo de atua\u00e7\u00e3o \u00e9 TRIA (0,5; 1; 1,5) horas e depois, caso sejam reprovados na inspe\u00e7\u00e3o, seguem para o departamento de reparo cujo tempo de atua\u00e7\u00e3o \u00e9 TRIA (0,2; 0,5; 1) horas.<\/p>\n<p>Sabendo que o \u00edndice de chegada dos produtos do tipo A ao departamento de inspe\u00e7\u00e3o obedece Expo(1) hora e o \u00edndice de chegada dos produtos do tipo B ao departamento de inspe\u00e7\u00e3o obedece Expo(2) hora.<\/p>\n<p>Considere que 70% do total de produtos s\u00e3o aprovados na inspe\u00e7\u00e3o. Os produtos reprovados v\u00e3o para o reparo.<\/p>\n<p>Simule 24 horas de produ\u00e7\u00e3o e analise o processo.<\/p>\n<hr \/>\n<p><strong>RESULTADOS<\/strong><\/p>\n<p>Resultados do experimento:<\/p>\n<p>Ao final dessa aula pr\u00e1tica, voc\u00ea dever\u00e1 enviar um arquivo em Word contendo as informa\u00e7\u00f5es obtidas nos experimentos, enviando prints:<\/p>\n<ul>\n<li>Do modelo constru\u00eddo no ARENA;<\/li>\n<li>Dos dados inseridos em cada m\u00f3dulo (ou bloco);<\/li>\n<li>Do modelo ao final da simula\u00e7\u00e3o de 24 horas (com os valores que ficaram em cada bloco) das duas atividades (A e B).<\/li>\n<\/ul>\n<p>O arquivo n\u00e3o pode exceder o tamanho de 2Mb.<\/p>\n<p>\u2022 N\u00e3o se esque\u00e7a de resolver o que \u00e9 solicitado no \u201cAvaliando o resultado\u201d e documentar a atividade pr\u00e1tica.<\/p>\n<p>Refer\u00eancias bibliogr\u00e1ficas ABNT (quando houver).<\/p>\n<hr \/>\n<p><strong>Resultados de Aprendizagem<\/strong><\/p>\n<p>Como resultados desta atividade ser\u00e1 poss\u00edvel analisar um problema de simula\u00e7\u00e3o aplicado \u00e0 log\u00edstica portu\u00e1ria, estruturar corretamente o modelo no software ARENA, parametrizando distribui\u00e7\u00f5es de chegada e tempo de servi\u00e7o conforme os dados fornecidos, executar a simula\u00e7\u00e3o para o per\u00edodo estabelecido e interpretar os resultados obtidos, desenvolvendo habilidades pr\u00e1ticas de modelagem computacional, tomada de decis\u00e3o baseada em cen\u00e1rios e compreens\u00e3o dos impactos operacionais de diferentes vari\u00e1veis no processo.<\/p>\n<hr \/>\n<p><strong>ROTEIRO DE AULA PR\u00c1TICA<\/strong><\/p>\n<hr \/>\n<p><strong>NOME DA DISCIPLINA: PESQUISA OPERACIONAL: SIMULA\u00c7\u00c3O<\/strong><\/p>\n<hr \/>\n<p><strong>Unidade: U2 \u2013 PROGRAMA\u00c7\u00c3O DIN\u00c2MICA E PROGRAMA\u00c7\u00c3O N\u00c3O LINEAR<\/strong><\/p>\n<hr \/>\n<p><strong>Aula: A1 \u2013 PROGRAMA\u00c7\u00c3O DIN\u00c2MICA<\/strong><\/p>\n<hr \/>\n<p><strong>OBJETIVOS<\/strong><\/p>\n<p>Defini\u00e7\u00e3o dos objetivos da aula pr\u00e1tica:<br \/>\nConstru\u00e7\u00e3o de modelos de simula\u00e7\u00e3o com aux\u00edlio do software Arena.<\/p>\n<hr \/>\n<p><strong>SOLU\u00c7\u00c3O DIGITAL<\/strong><\/p>\n<p>Pacote Office<\/p>\n<p>Para essa pr\u00e1tica ser\u00e1 necess\u00e1rio utilizar o pacote Office (Word ou Excel).<\/p>\n<hr \/>\n<p><strong>PROCEDIMENTOS PR\u00c1TICOS E APLICA\u00c7\u00d5ES<\/strong><\/p>\n<hr \/>\n<p><strong>Procedimento\/Atividade n\u00ba 1<\/strong><\/p>\n<p>Resolver o problema proposto por meio da programa\u00e7\u00e3o din\u00e2mica.<\/p>\n<p>Atividade proposta:<br \/>\nAnalisar o problema proposto, resolver pela programa\u00e7\u00e3o din\u00e2mica pelo tipo Regressivo.<\/p>\n<p>Procedimentos para a realiza\u00e7\u00e3o da atividade:<\/p>\n<p>Determine o caminho mais curto do n\u00f3 1 ao n\u00f3 11 utilizando Programa\u00e7\u00e3o Din\u00e2mica.<\/p>\n<p>Para resolver o problema deve-se subdividir o problema em est\u00e1gios, que no exerc\u00edcio ser\u00e3o 4 est\u00e1gios.<\/p>\n<p>Resolver pelo tipo Regressivo, ou seja, iniciar pelo est\u00e1gio 4.<\/p>\n<p>Avaliando os resultados:<\/p>\n<ol>\n<li>Subdividir o problema em est\u00e1gios (4 est\u00e1gios);<\/li>\n<li>Iniciar pelo \u00faltimo est\u00e1gio evoluindo a resolu\u00e7\u00e3o at\u00e9 o est\u00e1gio inicial, observando as dist\u00e2ncias dadas entre os n\u00f3s;<\/li>\n<li>Como o problema \u00e9 identificar o caminho mais curto, a decis\u00e3o deve ser pela menor dist\u00e2ncia entre os n\u00f3s;<\/li>\n<li>Tabular a decis\u00e3o \u00f3tima encontrada em cada est\u00e1gio.<\/li>\n<\/ol>\n<p>Checklist:<\/p>\n<ul>\n<li>Ler e analisar atentamente o problema;<\/li>\n<li>Iniciar a solu\u00e7\u00e3o pelo est\u00e1gio 4, montando a tabela de decis\u00e3o;<\/li>\n<li>Montar a tabela de decis\u00e3o do est\u00e1gio 3;<\/li>\n<li>Montar a tabela de decis\u00e3o do est\u00e1gio 2;<\/li>\n<li>Montar a tabela de decis\u00e3o do est\u00e1gio 1;<\/li>\n<li>Verificar e indicar qual o menor caminho (soma de todos os est\u00e1gios com o menor caminho), indicando os n\u00f3s do menor caminho.<\/li>\n<\/ul>\n<hr \/>\n<p><strong>RESULTADOS<\/strong><\/p>\n<p>Resultados do experimento:<\/p>\n<p>Ao final dessa aula pr\u00e1tica, voc\u00ea dever\u00e1 enviar um arquivo em Word contendo as informa\u00e7\u00f5es obtidas na atividade, devendo conter a resolu\u00e7\u00e3o do problema, mostrando o problema subdividido em est\u00e1gios e as tabelas de decis\u00e3o de cada est\u00e1gio, al\u00e9m de indicar quais n\u00f3s contemplam o caminho mais curto.<\/p>\n<p>O arquivo n\u00e3o pode exceder o tamanho de 2Mb.<\/p>\n<p>\u2022 N\u00e3o se esque\u00e7a de resolver o que \u00e9 solicitado no \u201cAvaliando o resultado\u201d e documentar a atividade pr\u00e1tica.<\/p>\n<p>Refer\u00eancias bibliogr\u00e1ficas ABNT (quando houver).<\/p>\n<hr \/>\n<p><strong>Resultados de Aprendizagem<\/strong><\/p>\n<p>Como resultados desta atividade espera-se que o estudante seja capaz de solucionar problemas de Pesquisa Operacional pela Programa\u00e7\u00e3o Din\u00e2mica.<\/p>\n<div class=\"elementor-toggle-item\">\n<p id=\"elementor-tab-title-1941\" class=\"elementor-tab-title elementor-active\" tabindex=\"0\" role=\"tab\" data-tab=\"1\" aria-controls=\"elementor-tab-content-1941\" aria-expanded=\"true\" aria-selected=\"true\"><strong>Como funciona?<\/strong><\/p>\n<p>Elaboramos os portf\u00f3lios, j\u00e1 deixamos prontos, nas normas da ABNT e conforme os requisitos da universidade. F\u00e1cil assim! O MELHOR \u00c9 QUE VOC\u00ca COMPRA E J\u00c1 BAIXA NA HORA O SEU ARQUIVO EM WORD! Sabemos que conciliar trabalho, fam\u00edlia, vida profissional e estudos \u00e9 dif\u00edcil hoje em dia, por isso, estamos aqui para ajudar voc\u00ea. Conte com nossa qualidade, experi\u00eancia e profissionalismo adquirindo seu portf\u00f3lio conosco. GARANTIMOS SEU CONCEITO!<\/p>\n<p><strong>Como se realizam os envios?<\/strong><\/p>\n<\/div>\n<p id=\"elementor-tab-content-1942\" class=\"elementor-tab-content elementor-clearfix elementor-active\" role=\"tabpanel\" data-tab=\"2\" aria-labelledby=\"elementor-tab-title-1942\">O seu trabalho \u00e9 disponibilizado pronto, respondido e nas normas j\u00e1 na mesma hora aqui em nosso site na sua \u00e1rea de downloads e tamb\u00e9m no seu e-mail.<\/p>\n<p><strong>Em quanto tempo recebo o portf\u00f3lio?<\/strong><\/p>\n<p>Os envios s\u00e3o imediatos. Ap\u00f3s sua compra, o trabalho j\u00e1 \u00e9 disponibilizado instantaneamente aqui em nosso site e no seu e-mail.<\/p>\n<p><strong>E se o portf\u00f3lio que comprei precisar de corre\u00e7\u00e3o?<\/strong><\/p>\n<p>Caso haja alguma solicita\u00e7\u00e3o de corre\u00e7\u00e3o\/altera\u00e7\u00e3o por parte do tutor, basta entrar em contato conosco pelo\u00a0WhatsApp\u00a0que provid\u00eanciaremos sem custo algum.<\/p>\n<p><strong>Qual o formato do arquivo?<\/strong><\/p>\n<p>Os arquivos s\u00e3o enviados em formato Word e s\u00e3o edit\u00e1veis.<\/p>\n<p><strong>Caso eu tiver alguma d\u00favida, terei suporte no p\u00f3s venda?<\/strong><\/p>\n<p>Sim, com certeza. Basta clicar no \u00edcone do WhatsApp no cantinho da tela. Ser\u00e1 um prazer atend\u00ea-lo(a).<\/p>\n<div id=\"elementor-tab-content-1948\" class=\"elementor-tab-content elementor-clearfix elementor-active\" role=\"tabpanel\" data-tab=\"8\" aria-labelledby=\"elementor-tab-title-1948\">\n<p><strong>Quais os seus canais de contato?<\/strong><\/p>\n<\/div>\n<div id=\"elementor-tab-content-1949\" class=\"elementor-tab-content elementor-clearfix elementor-active\" role=\"tabpanel\" data-tab=\"9\" aria-labelledby=\"elementor-tab-title-1949\">\n<p>Whatsapp: 53 984751621 \u2013 Clicar no canto da tela ou ESCANEIE O QRCODE ABAIXO<\/p>\n<h4><img decoding=\"async\" class=\"alignnone wp-image-13699 jetpack-lazy-image jetpack-lazy-image--handled\" src=\"https:\/\/i0.wp.com\/portifolioos-prontos.com\/wp-content\/uploads\/2023\/02\/whatsapp-business-projeto-de-extensao-300x300.jpeg?resize=144%2C144\" sizes=\"(max-width: 144px) 100vw, 144px\" srcset=\"https:\/\/i0.wp.com\/portifolioos-prontos.com\/wp-content\/uploads\/2023\/02\/whatsapp-business-projeto-de-extensao.jpeg?resize=300%2C301&amp;ssl=1 300w, https:\/\/i0.wp.com\/portifolioos-prontos.com\/wp-content\/uploads\/2023\/02\/whatsapp-business-projeto-de-extensao.jpeg?resize=150%2C150&amp;ssl=1 150w, https:\/\/i0.wp.com\/portifolioos-prontos.com\/wp-content\/uploads\/2023\/02\/whatsapp-business-projeto-de-extensao.jpeg?resize=370%2C372&amp;ssl=1 370w, https:\/\/i0.wp.com\/portifolioos-prontos.com\/wp-content\/uploads\/2023\/02\/whatsapp-business-projeto-de-extensao.jpeg?resize=100%2C100&amp;ssl=1 100w, https:\/\/i0.wp.com\/portifolioos-prontos.com\/wp-content\/uploads\/2023\/02\/whatsapp-business-projeto-de-extensao.jpeg?w=470&amp;ssl=1 470w\" alt=\"projeto de extens\u00e3o unopar\" width=\"144\" height=\"144\" data-lazy-loaded=\"1\" \/><\/h4>\n<\/div>\n<div class=\"elementor-toggle-item\">\n<div id=\"elementor-tab-content-1949\" class=\"elementor-tab-content elementor-clearfix elementor-active\" role=\"tabpanel\" data-tab=\"9\" aria-labelledby=\"elementor-tab-title-1949\">\n<p>E-mail:portifoliosp@gmail.com<\/p>\n<div id=\"attachment_143\" class=\"wp-caption alignnone\">\n<div id=\"attachment_143\" class=\"wp-caption alignnone\">\n<p id=\"caption-attachment-143\" class=\"wp-caption-text\"><a href=\"http:\/\/portfolio-pronto.com\/\">Portf\u00f3lio<\/a>\u00a0em Word, respondido, completo e j\u00e1 nas normas<\/p>\n<\/div>\n<\/div>\n<\/div>\n<\/div>\n","protected":false},"excerpt":{"rendered":"<div class=\"product-short-description\"><strong>Pague pelo PIX ou cart\u00e3o e fa\u00e7a o download agora mesmo.<\/strong><\/div>\n<div class=\"sticky-add-to-cart-wrapper\">\n<div class=\"sticky-add-to-cart\">\n<p class=\"quantity buttons_added form-flat\"><img decoding=\"async\" class=\"lazyloaded smush-image-5 smush-image-3 smush-image-4 smush-detected-img smush-image-bigger-3\" src=\"https:\/\/d26lpennugtm8s.cloudfront.net\/assets\/common\/img\/logos\/payment\/visa@2x.png\" width=\"46\" height=\"29\" data-src=\"https:\/\/d26lpennugtm8s.cloudfront.net\/assets\/common\/img\/logos\/payment\/visa@2x.png\" \/><img decoding=\"async\" class=\"lazyloaded smush-image-6 smush-image-4 smush-image-5 smush-detected-img smush-image-bigger-4\" src=\"https:\/\/d26lpennugtm8s.cloudfront.net\/assets\/common\/img\/logos\/payment\/boleto@2x.png\" width=\"43\" height=\"27\" data-src=\"https:\/\/d26lpennugtm8s.cloudfront.net\/assets\/common\/img\/logos\/payment\/boleto@2x.png\" \/><img loading=\"lazy\" decoding=\"async\" class=\"lazyloaded smush-image-7 smush-image-5 smush-image-6 smush-detected-img smush-image-bigger-5\" src=\"https:\/\/d26lpennugtm8s.cloudfront.net\/assets\/common\/img\/logos\/payment\/mastercard@2x.png\" width=\"43\" height=\"27\" data-src=\"https:\/\/d26lpennugtm8s.cloudfront.net\/assets\/common\/img\/logos\/payment\/mastercard@2x.png\" \/><img loading=\"lazy\" decoding=\"async\" class=\"lazyloaded smush-image-8 smush-image-6 smush-image-7 smush-detected-img smush-image-bigger-6\" src=\"https:\/\/d26lpennugtm8s.cloudfront.net\/assets\/common\/img\/logos\/payment\/amex@2x.png\" width=\"43\" height=\"27\" data-src=\"https:\/\/d26lpennugtm8s.cloudfront.net\/assets\/common\/img\/logos\/payment\/amex@2x.png\" \/><img loading=\"lazy\" decoding=\"async\" class=\"lazyloaded smush-image-9 smush-image-7 smush-image-8 smush-detected-img smush-image-bigger-7\" src=\"https:\/\/d26lpennugtm8s.cloudfront.net\/assets\/common\/img\/logos\/payment\/diners@2x.png\" width=\"46\" height=\"29\" data-src=\"https:\/\/d26lpennugtm8s.cloudfront.net\/assets\/common\/img\/logos\/payment\/diners@2x.png\" \/><img loading=\"lazy\" decoding=\"async\" class=\"lazyloaded smush-image-10 smush-image-8 smush-image-9 alignnone smush-detected-img smush-image-bigger-8\" src=\"https:\/\/d26lpennugtm8s.cloudfront.net\/assets\/common\/img\/logos\/payment\/br\/elo@2x.png\" alt=\"portf\u00f3lio unopar anhanguera\" width=\"45\" height=\"28\" data-src=\"https:\/\/d26lpennugtm8s.cloudfront.net\/assets\/common\/img\/logos\/payment\/br\/elo@2x.png\" \/><img loading=\"lazy\" decoding=\"async\" class=\"lazyloaded smush-image-11 smush-image-9 smush-image-10 alignnone smush-detected-img smush-image-bigger-9\" src=\"https:\/\/d26lpennugtm8s.cloudfront.net\/assets\/common\/img\/logos\/payment\/br\/hipercard@2x.png\" alt=\"portf\u00f3lio unopar anhanguera\" width=\"44\" height=\"28\" data-src=\"https:\/\/d26lpennugtm8s.cloudfront.net\/assets\/common\/img\/logos\/payment\/br\/hipercard@2x.png\" \/><img loading=\"lazy\" decoding=\"async\" class=\"lazyloaded smush-image-12 smush-image-10 smush-image-11 alignnone smush-detected-img smush-image-bigger-10\" src=\"https:\/\/d26lpennugtm8s.cloudfront.net\/assets\/common\/img\/logos\/payment\/mercadopago@2x.png\" alt=\"portf\u00f3lio unopar anhanguera\" width=\"45\" height=\"28\" data-src=\"https:\/\/d26lpennugtm8s.cloudfront.net\/assets\/common\/img\/logos\/payment\/mercadopago@2x.png\" \/><\/p>\n<\/div>\n<\/div>\n","protected":false},"featured_media":49140,"template":"","meta":{"_seopress_robots_primary_cat":"none","_seopress_titles_title":"","_seopress_titles_desc":"","_seopress_robots_index":""},"product_cat":[15],"product_tag":[],"class_list":{"0":"post-49139","1":"product","2":"type-product","3":"status-publish","4":"has-post-thumbnail","6":"product_cat-uncategorized","8":"first","9":"instock","10":"shipping-taxable","11":"purchasable","12":"product-type-simple","13":"col-xs-6 col-sm-4","14":"col-mf-5","15":"un-5-cols"},"jetpack_sharing_enabled":true,"_links":{"self":[{"href":"https:\/\/portifolioos-prontos.com\/index.php\/wp-json\/wp\/v2\/product\/49139","targetHints":{"allow":["GET"]}}],"collection":[{"href":"https:\/\/portifolioos-prontos.com\/index.php\/wp-json\/wp\/v2\/product"}],"about":[{"href":"https:\/\/portifolioos-prontos.com\/index.php\/wp-json\/wp\/v2\/types\/product"}],"version-history":[{"count":3,"href":"https:\/\/portifolioos-prontos.com\/index.php\/wp-json\/wp\/v2\/product\/49139\/revisions"}],"predecessor-version":[{"id":49854,"href":"https:\/\/portifolioos-prontos.com\/index.php\/wp-json\/wp\/v2\/product\/49139\/revisions\/49854"}],"wp:featuredmedia":[{"embeddable":true,"href":"https:\/\/portifolioos-prontos.com\/index.php\/wp-json\/wp\/v2\/media\/49140"}],"wp:attachment":[{"href":"https:\/\/portifolioos-prontos.com\/index.php\/wp-json\/wp\/v2\/media?parent=49139"}],"wp:term":[{"taxonomy":"product_cat","embeddable":true,"href":"https:\/\/portifolioos-prontos.com\/index.php\/wp-json\/wp\/v2\/product_cat?post=49139"},{"taxonomy":"product_tag","embeddable":true,"href":"https:\/\/portifolioos-prontos.com\/index.php\/wp-json\/wp\/v2\/product_tag?post=49139"}],"curies":[{"name":"wp","href":"https:\/\/api.w.org\/{rel}","templated":true}]}}