{"id":49153,"date":"2026-02-11T09:43:05","date_gmt":"2026-02-11T12:43:05","guid":{"rendered":"https:\/\/portifolioos-prontos.com\/?post_type=product&#038;p=49153"},"modified":"2026-03-02T18:08:09","modified_gmt":"2026-03-02T21:08:09","slug":"aula-pratica-meios-vetoriais","status":"publish","type":"product","link":"https:\/\/portifolioos-prontos.com\/index.php\/product\/aula-pratica-meios-vetoriais\/","title":{"rendered":"Aula Pr\u00e1tica Meios Vetoriais"},"content":{"rendered":"<p><strong>AULA PR\u00c1TICA \u2013 MEIOS VETORIAIS<\/strong><\/p>\n<hr \/>\n<p><strong>ATIVIDADE PR\u00c1TICA MEIOS VETORIAIS<\/strong><\/p>\n<hr \/>\n<p><strong>OBJETIVOS<\/strong><\/p>\n<p>A proposta desta atividade pr\u00e1tica est\u00e1 amparada nos seguintes objetivos:<\/p>\n<ul>\n<li>Desenvolver o conhecimento das ferramentas de vetor;<\/li>\n<li>Exercitar a habilidade de utilizar as ferramentas de vetor de forma eficiente para criar ilustra\u00e7\u00f5es precisas e atraentes;<\/li>\n<li>Desenvolver habilidade t\u00e9cnica e repert\u00f3rio visual.<\/li>\n<\/ul>\n<hr \/>\n<p><strong>RECURSOS<\/strong><\/p>\n<ul>\n<li>Computador com acesso \u00e0 internet e ao ambiente virtual.<\/li>\n<li>Software CorelDRAW ou o Software Inkscape instalado no computador.<\/li>\n<\/ul>\n<hr \/>\n<p><strong>PROCEDIMENTOS PR\u00c1TICOS<\/strong><\/p>\n<hr \/>\n<p><strong>Atividade proposta<\/strong><\/p>\n<p>Os meios vetoriais s\u00e3o formas de representa\u00e7\u00e3o gr\u00e1fica que utilizam vetores (elementos matem\u00e1ticos) que descrevem magnitude e dire\u00e7\u00e3o, para criar imagens e gr\u00e1ficos. Eles s\u00e3o diferentes dos meios rasterizados, que utilizam pixels, ou pontos, para criar imagens.<\/p>\n<p>A principal vantagem dos meios vetoriais \u00e9 que as imagens criadas podem ser escaladas para qualquer tamanho sem perda de qualidade, j\u00e1 que as informa\u00e7\u00f5es de desenho s\u00e3o mantidas como matem\u00e1ticas. Isso os torna ideias para logotipos, \u00edcones, gr\u00e1ficos e outros elementos que precisam ser redimensionados com frequ\u00eancia.<\/p>\n<p>Alguns dos principais programas que utilizam meios vetoriais s\u00e3o o Adobe Illustrator, CorelDRAW, Inkscape, Sketch, entre outros. Eles permitem que os usu\u00e1rios criem desenhos e ilustra\u00e7\u00f5es com facilidade, usando ferramentas como a caneta, formas, linhas e outras op\u00e7\u00f5es.<\/p>\n<p>Ao criar uma imagem vetorial, o usu\u00e1rio pode ajustar as propriedades dos elementos gr\u00e1ficos, como a espessura da linha, cor, preenchimento, gradiente, transpar\u00eancia e outros efeitos visuais. Eles tamb\u00e9m podem adicionar texto, transformar e agrupar elementos e ajustar as dimens\u00f5es e propor\u00e7\u00f5es da imagem.<\/p>\n<p>Exemplo de imagem rasterizada (que pixeliza ao ser ampliada)<br \/>\nFonte: Dispon\u00edvel em <a href=\"https:\/\/is.gd\/jxcpCT\">https:\/\/is.gd\/jxcpCT<\/a>.<br \/>\nAcesso em 29 de mar\u00e7o de 2023.<\/p>\n<p>Exemplo de imagem vetorizada (que mantem sua qualidade intacta ao ser ampliada)<br \/>\nFonte: Dispon\u00edvel em <a href=\"https:\/\/is.gd\/jxcpCT\">https:\/\/is.gd\/jxcpCT<\/a>.<br \/>\nAcesso em 29 de mar\u00e7o de 2023.<\/p>\n<p>Em resumo, os meios vetoriais s\u00e3o um meio popular para criar imagens e gr\u00e1ficos escal\u00e1veis e de alta qualidade. Eles s\u00e3o amplamente utilizados em design gr\u00e1fico, logotipos, \u00edcones, gr\u00e1ficos, ilustra\u00e7\u00f5es e outros elementos visuais que precisam ser redimensionados com frequ\u00eancia.<\/p>\n<p>Nesta atividade realizaremos um exerc\u00edcio de cria\u00e7\u00e3o de uma imagem vetorizada utilizando o software gratuito inkskape que pode ser acessado aqui:<br \/>\n<a href=\"https:\/\/inkscape.org\/release\/inkscape-1.2.2\/windows\/64-bit\/msi\/?redirected=1\">https:\/\/inkscape.org\/release\/inkscape-1.2.2\/windows\/64-bit\/msi\/?redirected=1<\/a>.<br \/>\nAcesso em 29 de mar\u00e7o de 2023.<\/p>\n<p>Lembrando que o uso do software Inkscape \u00e9 uma sugest\u00e3o, podendo o aluno utilizar outros softwares de desenho vetorial sem o prejuizo da atividade pr\u00e1tica, pois as orienta\u00e7\u00f5es s\u00e3o tamb\u00e9m aplic\u00e1veis a outros softwares da mesma natureza.<\/p>\n<hr \/>\n<p><strong>Procedimentos para a realiza\u00e7\u00e3o da atividade<\/strong><\/p>\n<p>Para realizar a proposta de atividade pr\u00e1tica voc\u00ea dever\u00e1 se orientar a partir dos seguntes passos:<\/p>\n<ol>\n<li>Abra o Inkscape ( ou outro software vetorial de sua escolha) e selecione a op\u00e7\u00e3o &#8220;Criar um Novo Documento&#8221;.<\/li>\n<li>Selecione a ferramenta &#8220;Desenhar uma Forma&#8221; na barra de ferramentas \u00e0 esquerda.<\/li>\n<li>Escolha a forma que deseja criar, como um ret\u00e2ngulo, c\u00edrculo ou estrela.<\/li>\n<li>Clique e arraste o mouse para desenhar a forma na \u00e1rea de trabalho.<\/li>\n<li>Ajuste as propriedades da forma, como a cor de preenchimento e a espessura da borda, na barra de propriedades na parte inferior da tela.<\/li>\n<li>Repita os passos 3 a 5 para adicionar outras formas e elementos \u00e0 sua imagem.<\/li>\n<li>Selecione a ferramenta &#8220;Texto&#8221; na barra de ferramentas \u00e0 esquerda.<\/li>\n<li>Clique na \u00e1rea de trabalho e digite o texto que deseja adicionar \u00e0 sua imagem.<\/li>\n<li>Ajuste as propriedades do texto, como a fonte, tamanho e cor, na barra de propriedades.<\/li>\n<li>Quando estiver satisfeito com sua imagem, salve o arquivo em um formato vetorizado, como SVG, para que possa ser redimensionado sem perda de qualidade (*para a entrega da atividade, voc\u00ea poder\u00e1 salvar a imagem em JPEG para que ela possa ser anexada ao arquivo de word.<\/li>\n<\/ol>\n<hr \/>\n<p><strong>Interface Inkscape<\/strong><\/p>\n<p>Fonte: Elaborado pelo professor<\/p>\n<hr \/>\n<p>\u00c9 importante lembrar que o Inkscape oferece diversas ferramentas e recursos para criar imagens vetoriais mais complexas e sonoras, como a op\u00e7\u00e3o de desenhar curvas de B\u00e9zier, criar gradientes e aplicar efeitos visuais. Essas etapas b\u00e1sicas podem ser adaptadas e combinadas com outras t\u00e9cnicas e recursos dispon\u00edveis no software para criar imagens mais elaboradas e personalizadas.<\/p>\n<p>De acordo com a sua habilidade e habitua\u00e7\u00e3o do software, voc\u00ea pode fazer uma imagem mais elaborada e figurativa tamb\u00e9m, como um logotipo, um gr\u00e1fico ou mesmo uma ilustra\u00e7\u00e3o mais complexa.<\/p>\n<hr \/>\n<p><strong>Checklist<\/strong><\/p>\n<ul>\n<li>Baixar e instalar o Inkscape ou outro software vetorial;<\/li>\n<li>Seguir todos os passos para o desenvolvimento de formas b\u00e1sicas, e em seguida, fazer uma imagem mais elaborada a partir dos mesmos princ\u00edpios;<\/li>\n<li>N\u00e3o h\u00e1 limite de imagens a serem realizadas durante a atividade, mas voc\u00ea dever\u00e1 escolher apenas 5 imagens para apresentar como resultado final.<\/li>\n<\/ul>\n<hr \/>\n<p><strong>RESULTADO<\/strong><\/p>\n<p>O trabalho dever\u00e1 ser entregue em arquivo Word atendendo as etapas de produ\u00e7\u00e3o e utilizando os recursos solicitados no roteiro.<\/p>\n<p>O arquivo dever\u00e1 conter:<br \/>\n\u2022 Capa;<br \/>\n\u2022 Folha de rosto com os dados da disciplina e do aluno;<br \/>\n\u2022 Os resultados das atividades pr\u00e1ticas exigidas pelo roteiro;<br \/>\n\u2022 Refer\u00eancias bibliogr\u00e1ficas (quando houver).<\/p>\n<div class=\"elementor-toggle-item\">\n<p id=\"elementor-tab-title-1941\" class=\"elementor-tab-title elementor-active\" tabindex=\"0\" role=\"tab\" data-tab=\"1\" aria-controls=\"elementor-tab-content-1941\" aria-expanded=\"true\" aria-selected=\"true\"><strong>Como funciona?<\/strong><\/p>\n<p>Elaboramos os portf\u00f3lios, j\u00e1 deixamos prontos, nas normas da ABNT e conforme os requisitos da universidade. F\u00e1cil assim! O MELHOR \u00c9 QUE VOC\u00ca COMPRA E J\u00c1 BAIXA NA HORA O SEU ARQUIVO EM WORD! Sabemos que conciliar trabalho, fam\u00edlia, vida profissional e estudos \u00e9 dif\u00edcil hoje em dia, por isso, estamos aqui para ajudar voc\u00ea. Conte com nossa qualidade, experi\u00eancia e profissionalismo adquirindo seu portf\u00f3lio conosco. GARANTIMOS SEU CONCEITO!<\/p>\n<p><strong>Como se realizam os envios?<\/strong><\/p>\n<\/div>\n<p id=\"elementor-tab-content-1942\" class=\"elementor-tab-content elementor-clearfix elementor-active\" role=\"tabpanel\" data-tab=\"2\" aria-labelledby=\"elementor-tab-title-1942\">O seu trabalho \u00e9 disponibilizado pronto, respondido e nas normas j\u00e1 na mesma hora aqui em nosso site na sua \u00e1rea de downloads e tamb\u00e9m no seu e-mail.<\/p>\n<p><strong>Em quanto tempo recebo o portf\u00f3lio?<\/strong><\/p>\n<p>Os envios s\u00e3o imediatos. Ap\u00f3s sua compra, o trabalho j\u00e1 \u00e9 disponibilizado instantaneamente aqui em nosso site e no seu e-mail.<\/p>\n<p><strong>E se o portf\u00f3lio que comprei precisar de corre\u00e7\u00e3o?<\/strong><\/p>\n<p>Caso haja alguma solicita\u00e7\u00e3o de corre\u00e7\u00e3o\/altera\u00e7\u00e3o por parte do tutor, basta entrar em contato conosco pelo\u00a0WhatsApp\u00a0que provid\u00eanciaremos sem custo algum.<\/p>\n<p><strong>Qual o formato do arquivo?<\/strong><\/p>\n<p>Os arquivos s\u00e3o enviados em formato Word e s\u00e3o edit\u00e1veis.<\/p>\n<p><strong>Caso eu tiver alguma d\u00favida, terei suporte no p\u00f3s venda?<\/strong><\/p>\n<p>Sim, com certeza. Basta clicar no \u00edcone do WhatsApp no cantinho da tela. Ser\u00e1 um prazer atend\u00ea-lo(a).<\/p>\n<div id=\"elementor-tab-content-1948\" class=\"elementor-tab-content elementor-clearfix elementor-active\" role=\"tabpanel\" data-tab=\"8\" aria-labelledby=\"elementor-tab-title-1948\">\n<p><strong>Quais os seus canais de contato?<\/strong><\/p>\n<\/div>\n<div id=\"elementor-tab-content-1949\" class=\"elementor-tab-content elementor-clearfix elementor-active\" role=\"tabpanel\" data-tab=\"9\" aria-labelledby=\"elementor-tab-title-1949\">\n<p>Whatsapp: 53 984751621 \u2013 Clicar no canto da tela ou ESCANEIE O QRCODE ABAIXO<\/p>\n<h4><img decoding=\"async\" class=\"alignnone wp-image-13699 jetpack-lazy-image jetpack-lazy-image--handled\" src=\"https:\/\/i0.wp.com\/portifolioos-prontos.com\/wp-content\/uploads\/2023\/02\/whatsapp-business-projeto-de-extensao-300x300.jpeg?resize=144%2C144\" sizes=\"(max-width: 144px) 100vw, 144px\" srcset=\"https:\/\/i0.wp.com\/portifolioos-prontos.com\/wp-content\/uploads\/2023\/02\/whatsapp-business-projeto-de-extensao.jpeg?resize=300%2C301&amp;ssl=1 300w, https:\/\/i0.wp.com\/portifolioos-prontos.com\/wp-content\/uploads\/2023\/02\/whatsapp-business-projeto-de-extensao.jpeg?resize=150%2C150&amp;ssl=1 150w, https:\/\/i0.wp.com\/portifolioos-prontos.com\/wp-content\/uploads\/2023\/02\/whatsapp-business-projeto-de-extensao.jpeg?resize=370%2C372&amp;ssl=1 370w, https:\/\/i0.wp.com\/portifolioos-prontos.com\/wp-content\/uploads\/2023\/02\/whatsapp-business-projeto-de-extensao.jpeg?resize=100%2C100&amp;ssl=1 100w, https:\/\/i0.wp.com\/portifolioos-prontos.com\/wp-content\/uploads\/2023\/02\/whatsapp-business-projeto-de-extensao.jpeg?w=470&amp;ssl=1 470w\" alt=\"projeto de extens\u00e3o unopar\" width=\"144\" height=\"144\" data-lazy-loaded=\"1\" \/><\/h4>\n<\/div>\n<div class=\"elementor-toggle-item\">\n<div id=\"elementor-tab-content-1949\" class=\"elementor-tab-content elementor-clearfix elementor-active\" role=\"tabpanel\" data-tab=\"9\" aria-labelledby=\"elementor-tab-title-1949\">\n<p>E-mail:portifoliosp@gmail.com<\/p>\n<div id=\"attachment_143\" class=\"wp-caption alignnone\">\n<div id=\"attachment_143\" class=\"wp-caption alignnone\">\n<p id=\"caption-attachment-143\" class=\"wp-caption-text\"><a href=\"http:\/\/portfolio-pronto.com\/\">Portf\u00f3lio<\/a>\u00a0em Word, respondido, completo e j\u00e1 nas normas<\/p>\n<\/div>\n<\/div>\n<\/div>\n<\/div>\n","protected":false},"excerpt":{"rendered":"<div class=\"product-short-description\">\n<p><strong>Pague pelo PIX ou cart\u00e3o e fa\u00e7a o download agora mesmo.<\/strong><\/p>\n<\/div>\n<div class=\"sticky-add-to-cart-wrapper\">\n<div class=\"sticky-add-to-cart\">\n<p class=\"quantity buttons_added form-flat\"><img decoding=\"async\" class=\"lazyloaded smush-image-5 smush-image-3 smush-image-4 smush-detected-img smush-image-bigger-3\" src=\"https:\/\/d26lpennugtm8s.cloudfront.net\/assets\/common\/img\/logos\/payment\/visa@2x.png\" width=\"46\" height=\"29\" data-src=\"https:\/\/d26lpennugtm8s.cloudfront.net\/assets\/common\/img\/logos\/payment\/visa@2x.png\" \/><img decoding=\"async\" class=\"lazyloaded smush-image-6 smush-image-4 smush-image-5 smush-detected-img smush-image-bigger-4\" src=\"https:\/\/d26lpennugtm8s.cloudfront.net\/assets\/common\/img\/logos\/payment\/boleto@2x.png\" width=\"43\" height=\"27\" data-src=\"https:\/\/d26lpennugtm8s.cloudfront.net\/assets\/common\/img\/logos\/payment\/boleto@2x.png\" \/><img loading=\"lazy\" decoding=\"async\" class=\"lazyloaded smush-image-7 smush-image-5 smush-image-6 smush-detected-img smush-image-bigger-5\" src=\"https:\/\/d26lpennugtm8s.cloudfront.net\/assets\/common\/img\/logos\/payment\/mastercard@2x.png\" width=\"43\" height=\"27\" data-src=\"https:\/\/d26lpennugtm8s.cloudfront.net\/assets\/common\/img\/logos\/payment\/mastercard@2x.png\" \/><img loading=\"lazy\" decoding=\"async\" class=\"lazyloaded smush-image-8 smush-image-6 smush-image-7 smush-detected-img smush-image-bigger-6\" src=\"https:\/\/d26lpennugtm8s.cloudfront.net\/assets\/common\/img\/logos\/payment\/amex@2x.png\" width=\"43\" height=\"27\" data-src=\"https:\/\/d26lpennugtm8s.cloudfront.net\/assets\/common\/img\/logos\/payment\/amex@2x.png\" \/><img loading=\"lazy\" decoding=\"async\" class=\"lazyloaded smush-image-9 smush-image-7 smush-image-8 smush-detected-img smush-image-bigger-7\" src=\"https:\/\/d26lpennugtm8s.cloudfront.net\/assets\/common\/img\/logos\/payment\/diners@2x.png\" width=\"46\" height=\"29\" data-src=\"https:\/\/d26lpennugtm8s.cloudfront.net\/assets\/common\/img\/logos\/payment\/diners@2x.png\" \/><img loading=\"lazy\" decoding=\"async\" class=\"lazyloaded smush-image-10 smush-image-8 smush-image-9 alignnone smush-detected-img smush-image-bigger-8\" src=\"https:\/\/d26lpennugtm8s.cloudfront.net\/assets\/common\/img\/logos\/payment\/br\/elo@2x.png\" alt=\"portf\u00f3lio unopar anhanguera\" width=\"45\" height=\"28\" data-src=\"https:\/\/d26lpennugtm8s.cloudfront.net\/assets\/common\/img\/logos\/payment\/br\/elo@2x.png\" \/><img loading=\"lazy\" decoding=\"async\" class=\"lazyloaded smush-image-11 smush-image-9 smush-image-10 alignnone smush-detected-img smush-image-bigger-9\" src=\"https:\/\/d26lpennugtm8s.cloudfront.net\/assets\/common\/img\/logos\/payment\/br\/hipercard@2x.png\" alt=\"portf\u00f3lio unopar anhanguera\" width=\"44\" height=\"28\" data-src=\"https:\/\/d26lpennugtm8s.cloudfront.net\/assets\/common\/img\/logos\/payment\/br\/hipercard@2x.png\" \/><img loading=\"lazy\" decoding=\"async\" class=\"lazyloaded smush-image-12 smush-image-10 smush-image-11 alignnone smush-detected-img smush-image-bigger-10\" src=\"https:\/\/d26lpennugtm8s.cloudfront.net\/assets\/common\/img\/logos\/payment\/mercadopago@2x.png\" alt=\"portf\u00f3lio unopar anhanguera\" width=\"45\" height=\"28\" data-src=\"https:\/\/d26lpennugtm8s.cloudfront.net\/assets\/common\/img\/logos\/payment\/mercadopago@2x.png\" \/><\/p>\n<\/div>\n<\/div>\n","protected":false},"featured_media":49154,"template":"","meta":{"_seopress_robots_primary_cat":"none","_seopress_titles_title":"","_seopress_titles_desc":"","_seopress_robots_index":""},"product_cat":[15],"product_tag":[],"class_list":{"0":"post-49153","1":"product","2":"type-product","3":"status-publish","4":"has-post-thumbnail","6":"product_cat-uncategorized","8":"first","9":"instock","10":"shipping-taxable","11":"product-type-simple","12":"col-xs-6 col-sm-4","13":"col-mf-5","14":"un-5-cols"},"jetpack_sharing_enabled":true,"_links":{"self":[{"href":"https:\/\/portifolioos-prontos.com\/index.php\/wp-json\/wp\/v2\/product\/49153","targetHints":{"allow":["GET"]}}],"collection":[{"href":"https:\/\/portifolioos-prontos.com\/index.php\/wp-json\/wp\/v2\/product"}],"about":[{"href":"https:\/\/portifolioos-prontos.com\/index.php\/wp-json\/wp\/v2\/types\/product"}],"version-history":[{"count":3,"href":"https:\/\/portifolioos-prontos.com\/index.php\/wp-json\/wp\/v2\/product\/49153\/revisions"}],"predecessor-version":[{"id":49843,"href":"https:\/\/portifolioos-prontos.com\/index.php\/wp-json\/wp\/v2\/product\/49153\/revisions\/49843"}],"wp:featuredmedia":[{"embeddable":true,"href":"https:\/\/portifolioos-prontos.com\/index.php\/wp-json\/wp\/v2\/media\/49154"}],"wp:attachment":[{"href":"https:\/\/portifolioos-prontos.com\/index.php\/wp-json\/wp\/v2\/media?parent=49153"}],"wp:term":[{"taxonomy":"product_cat","embeddable":true,"href":"https:\/\/portifolioos-prontos.com\/index.php\/wp-json\/wp\/v2\/product_cat?post=49153"},{"taxonomy":"product_tag","embeddable":true,"href":"https:\/\/portifolioos-prontos.com\/index.php\/wp-json\/wp\/v2\/product_tag?post=49153"}],"curies":[{"name":"wp","href":"https:\/\/api.w.org\/{rel}","templated":true}]}}