{"id":49156,"date":"2026-02-11T09:45:28","date_gmt":"2026-02-11T12:45:28","guid":{"rendered":"https:\/\/portifolioos-prontos.com\/?post_type=product&#038;p=49156"},"modified":"2026-03-02T18:10:11","modified_gmt":"2026-03-02T21:10:11","slug":"aula-pratica-composicao-visual","status":"publish","type":"product","link":"https:\/\/portifolioos-prontos.com\/index.php\/product\/aula-pratica-composicao-visual\/","title":{"rendered":"Aula Pr\u00e1tica Composi\u00e7\u00e3o Visual"},"content":{"rendered":"<div class=\"flex flex-col text-sm pb-25\">\n<article class=\"text-token-text-primary w-full focus:outline-none [--shadow-height:45px] has-data-writing-block:pointer-events-none has-data-writing-block:-mt-(--shadow-height) has-data-writing-block:pt-(--shadow-height) [&amp;:has([data-writing-block])&gt;*]:pointer-events-auto scroll-mt-[calc(var(--header-height)+min(200px,max(70px,20svh)))]\" dir=\"auto\" tabindex=\"-1\" data-turn-id=\"request-WEB:94f9f246-31b6-4ffe-884c-43fcd3a3db77-11\" data-testid=\"conversation-turn-24\" data-scroll-anchor=\"true\" data-turn=\"assistant\">\n<div class=\"text-base my-auto mx-auto pb-10 [--thread-content-margin:--spacing(4)] @w-sm\/main:[--thread-content-margin:--spacing(6)] @w-lg\/main:[--thread-content-margin:--spacing(16)] px-(--thread-content-margin)\">\n<div class=\"[--thread-content-max-width:40rem] @w-lg\/main:[--thread-content-max-width:48rem] mx-auto max-w-(--thread-content-max-width) flex-1 group\/turn-messages focus-visible:outline-hidden relative flex w-full min-w-0 flex-col agent-turn\" tabindex=\"-1\">\n<div class=\"flex max-w-full flex-col grow\">\n<div class=\"min-h-8 text-message relative flex w-full flex-col items-end gap-2 text-start break-words whitespace-normal [.text-message+&amp;]:mt-1\" dir=\"auto\" data-message-author-role=\"assistant\" data-message-id=\"34e43e8d-711f-4861-8fef-521a979b2563\" data-message-model-slug=\"gpt-5-2\">\n<div class=\"flex w-full flex-col gap-1 empty:hidden first:pt-[1px]\">\n<div class=\"markdown prose dark:prose-invert w-full wrap-break-word light markdown-new-styling\">\n<p data-start=\"0\" data-end=\"34\"><strong data-start=\"0\" data-end=\"34\">AULA PR\u00c1TICA COMPOSI\u00c7\u00c3O VISUAL<\/strong><\/p>\n<hr data-start=\"88\" data-end=\"91\" \/>\n<p data-start=\"93\" data-end=\"106\"><strong data-start=\"93\" data-end=\"106\">OBJETIVOS<\/strong><\/p>\n<p data-start=\"108\" data-end=\"183\">A proposta desta atividade pr\u00e1tica est\u00e1 amparada nos seguintes objetivos:<\/p>\n<ul data-start=\"184\" data-end=\"360\">\n<li data-start=\"184\" data-end=\"230\">\n<p data-start=\"186\" data-end=\"230\">Compreender o que \u00e9 uma composi\u00e7\u00e3o visual;<\/p>\n<\/li>\n<li data-start=\"231\" data-end=\"291\">\n<p data-start=\"233\" data-end=\"291\">Explorar os elementos formais por meio de sua sintaxe; e<\/p>\n<\/li>\n<li data-start=\"292\" data-end=\"360\">\n<p data-start=\"294\" data-end=\"360\">Realizar uma composi\u00e7\u00e3o visual por meio dos elementos solicitados.<\/p>\n<\/li>\n<\/ul>\n<hr data-start=\"362\" data-end=\"365\" \/>\n<p data-start=\"367\" data-end=\"379\"><strong data-start=\"367\" data-end=\"379\">RECURSOS<\/strong><\/p>\n<p data-start=\"381\" data-end=\"436\">Computador com acesso \u00e0 internet e ao ambiente virtual.<\/p>\n<hr data-start=\"438\" data-end=\"441\" \/>\n<p data-start=\"443\" data-end=\"469\"><strong data-start=\"443\" data-end=\"469\">PROCEDIMENTOS PR\u00c1TICOS<\/strong><\/p>\n<hr data-start=\"471\" data-end=\"474\" \/>\n<p data-start=\"476\" data-end=\"498\"><strong data-start=\"476\" data-end=\"498\">Atividade proposta<\/strong><\/p>\n<p data-start=\"500\" data-end=\"798\">A palavra composi\u00e7\u00e3o carrega em si o sentido de disposi\u00e7\u00e3o, ou organiza\u00e7\u00e3o de elementos. No caso da composi\u00e7\u00e3o visual, os elementos s\u00e3o signos tais como ponto, linha, forma, textura e cor que, articulados por meio de sua sintaxe, com diferentes materiais, resultam em algo diante de nossos olhos.<\/p>\n<p data-start=\"800\" data-end=\"1158\">No ocidente, durante muitos s\u00e9culos, boas composi\u00e7\u00f5es eram orientadas pela propor\u00e7\u00e3o \u00e1urea, que \u00e9 uma constante real alg\u00e9brica irracional, ou seja um elemento matem\u00e1tico. Ela teria sido utilizada pelo escultor grego Phideas para conceber o Parthenon e \u00e9 percebida como uma esp\u00e9cie de \u201cf\u00f3rmula da beleza\u201d, uma vez que tamb\u00e9m pode ser encontrada na natureza.<\/p>\n<p data-start=\"1160\" data-end=\"1626\">A Arte Moderna no in\u00edcio do s\u00e9culo XX adotou uma abordagem experimental e por vezes aleat\u00f3ria de composi\u00e7\u00e3o. Em contrapartida, tamb\u00e9m foi no in\u00edcio do s\u00e9culo XX que surgiram os estudos psicol\u00f3gicos da Gestalt que creem que, para compreender as partes de algo a partir de nossa percep\u00e7\u00e3o, antes \u00e9 preciso compreender o todo. At\u00e9 os dias atuais, a teoria da Gestalt e suas \u201cleis\u201d s\u00e3o bem aceita pelos estudiosos e pelos profissionais que lidam com produ\u00e7\u00f5es visuais.<\/p>\n<p data-start=\"1628\" data-end=\"1803\">Resumidamente, as \u201cleis\u201d da Gestalt, ou seus fundamentos s\u00e3o:<br data-start=\"1689\" data-end=\"1692\" \/>\u2022 Segrega\u00e7\u00e3o;<br data-start=\"1705\" data-end=\"1708\" \/>\u2022 Semelhan\u00e7a;<br data-start=\"1721\" data-end=\"1724\" \/>\u2022 Unidade;<br data-start=\"1734\" data-end=\"1737\" \/>\u2022 Proximidade;<br data-start=\"1751\" data-end=\"1754\" \/>\u2022 Pregn\u00e2ncia;<br data-start=\"1767\" data-end=\"1770\" \/>\u2022 Continuidade;<br data-start=\"1785\" data-end=\"1788\" \/>\u2022 Fechamento.<\/p>\n<p data-start=\"1805\" data-end=\"1914\">Todas elas podem ser exemplificadas na imagem a seguir.<br data-start=\"1860\" data-end=\"1863\" \/>Fonte: <a class=\"decorated-link\" href=\"https:\/\/is.gd\/Z4eYnM\" target=\"_new\" rel=\"noopener\" data-start=\"1870\" data-end=\"1890\">https:\/\/is.gd\/Z4eYnM<\/a><br data-start=\"1890\" data-end=\"1893\" \/>Acesso em 14 mar.2023<\/p>\n<hr data-start=\"1916\" data-end=\"1919\" \/>\n<p data-start=\"1921\" data-end=\"1969\"><strong data-start=\"1921\" data-end=\"1969\">Procedimentos para a realiza\u00e7\u00e3o da atividade<\/strong><\/p>\n<ol data-start=\"1971\" data-end=\"3128\">\n<li data-start=\"1971\" data-end=\"2266\">\n<p data-start=\"1974\" data-end=\"2266\">Baseado nos estudos da disciplina e da pesquisa dos fundamentos da Gestalt, voc\u00ea dever\u00e1 realizar uma composi\u00e7\u00e3o visual. Escolha o suporte que melhor se adeque a voc\u00ea: desenho, fotografia, escultura, pintura, etc. Escolha os materiais que proporcionar\u00e3o o melhor resultado para seu trabalho.<\/p>\n<\/li>\n<li data-start=\"2268\" data-end=\"2679\">\n<p data-start=\"2271\" data-end=\"2679\">Procure realizar sua composi\u00e7\u00e3o com \u00eanfase em ao menos 3 dos fundamentos da Gestalt. \u00c9 prov\u00e1vel que voc\u00ea queira realizar sua composi\u00e7\u00e3o de forma espont\u00e2nea, sem estar preso \u00e0 necessidade de se adequar aos fundamentos solicitados. Ainda que em um primeiro momento a espontaneidade predomine, \u00e9 necess\u00e1rio super\u00e1-la para alcan\u00e7ar um resultado mais elaborado e consciente. Neste caso, que atenda o solicitado.<\/p>\n<\/li>\n<li data-start=\"2681\" data-end=\"2985\">\n<p data-start=\"2684\" data-end=\"2985\">Fotografe sua composi\u00e7\u00e3o para inserir no arquivo que ser\u00e1 postado no ambiente virtual. Lembre-se de fotografar com boa ilumina\u00e7\u00e3o, sob um \u00e2ngulo que ressalte as qualidades que escolheu dar \u00e0 sua composi\u00e7\u00e3o. No arquivo, deixe a imagem com o maior tamanho e qualidade poss\u00edvel, para que seja avaliado.<\/p>\n<\/li>\n<li data-start=\"2987\" data-end=\"3128\">\n<p data-start=\"2990\" data-end=\"3128\">Abaixo da fotografia, no arquivo final, escreva um (1) par\u00e1grafo acerca de sua composi\u00e7\u00e3o e quais dos fundamentos da Gestalt ela ressalta.<\/p>\n<\/li>\n<\/ol>\n<hr data-start=\"3130\" data-end=\"3133\" \/>\n<p data-start=\"3135\" data-end=\"3148\"><strong data-start=\"3135\" data-end=\"3148\">Checklist<\/strong><\/p>\n<ul data-start=\"3150\" data-end=\"3479\">\n<li data-start=\"3150\" data-end=\"3226\">\n<p data-start=\"3152\" data-end=\"3226\">Realize uma composi\u00e7\u00e3o visual na linguagem e suporte de sua prefer\u00eancia;<\/p>\n<\/li>\n<li data-start=\"3227\" data-end=\"3279\">\n<p data-start=\"3229\" data-end=\"3279\">Evidencie ao menos 3 dos fundamentos da Gestalt;<\/p>\n<\/li>\n<li data-start=\"3280\" data-end=\"3369\">\n<p data-start=\"3282\" data-end=\"3369\">Fotografe o resultado final e insira no arquivo que ser\u00e1 enviado no ambiente virtual;<\/p>\n<\/li>\n<li data-start=\"3370\" data-end=\"3479\">\n<p data-start=\"3372\" data-end=\"3479\">Junto da imagem, apresente um (1) par\u00e1grafo ressaltando quais elementos da Gestalt a composi\u00e7\u00e3o privilegia.<\/p>\n<\/li>\n<\/ul>\n<hr data-start=\"3481\" data-end=\"3484\" \/>\n<p data-start=\"3486\" data-end=\"3499\"><strong data-start=\"3486\" data-end=\"3499\">RESULTADO<\/strong><\/p>\n<p data-start=\"3501\" data-end=\"3614\" data-is-last-node=\"\" data-is-only-node=\"\">Entrega de um arquivo Word que contemple todas as etapas da atividade pr\u00e1tica, conforme apresentado no checklist.<\/p>\n<\/div>\n<\/div>\n<\/div>\n<\/div>\n<div class=\"z-0 flex min-h-[46px] justify-start\"><\/div>\n<\/div>\n<\/div>\n<\/article>\n<\/div>\n<div class=\"elementor-toggle-item\">\n<p id=\"elementor-tab-title-1941\" class=\"elementor-tab-title elementor-active\" tabindex=\"0\" role=\"tab\" data-tab=\"1\" aria-controls=\"elementor-tab-content-1941\" aria-expanded=\"true\" aria-selected=\"true\"><strong>Como funciona?<\/strong><\/p>\n<p>Elaboramos os portf\u00f3lios, j\u00e1 deixamos prontos, nas normas da ABNT e conforme os requisitos da universidade. F\u00e1cil assim! O MELHOR \u00c9 QUE VOC\u00ca COMPRA E J\u00c1 BAIXA NA HORA O SEU ARQUIVO EM WORD! Sabemos que conciliar trabalho, fam\u00edlia, vida profissional e estudos \u00e9 dif\u00edcil hoje em dia, por isso, estamos aqui para ajudar voc\u00ea. Conte com nossa qualidade, experi\u00eancia e profissionalismo adquirindo seu portf\u00f3lio conosco. GARANTIMOS SEU CONCEITO!<\/p>\n<p><strong>Como se realizam os envios?<\/strong><\/p>\n<\/div>\n<p id=\"elementor-tab-content-1942\" class=\"elementor-tab-content elementor-clearfix elementor-active\" role=\"tabpanel\" data-tab=\"2\" aria-labelledby=\"elementor-tab-title-1942\">O seu trabalho \u00e9 disponibilizado pronto, respondido e nas normas j\u00e1 na mesma hora aqui em nosso site na sua \u00e1rea de downloads e tamb\u00e9m no seu e-mail.<\/p>\n<p><strong>Em quanto tempo recebo o portf\u00f3lio?<\/strong><\/p>\n<p>Os envios s\u00e3o imediatos. Ap\u00f3s sua compra, o trabalho j\u00e1 \u00e9 disponibilizado instantaneamente aqui em nosso site e no seu e-mail.<\/p>\n<p><strong>E se o portf\u00f3lio que comprei precisar de corre\u00e7\u00e3o?<\/strong><\/p>\n<p>Caso haja alguma solicita\u00e7\u00e3o de corre\u00e7\u00e3o\/altera\u00e7\u00e3o por parte do tutor, basta entrar em contato conosco pelo\u00a0WhatsApp\u00a0que provid\u00eanciaremos sem custo algum.<\/p>\n<p><strong>Qual o formato do arquivo?<\/strong><\/p>\n<p>Os arquivos s\u00e3o enviados em formato Word e s\u00e3o edit\u00e1veis.<\/p>\n<p><strong>Caso eu tiver alguma d\u00favida, terei suporte no p\u00f3s venda?<\/strong><\/p>\n<p>Sim, com certeza. Basta clicar no \u00edcone do WhatsApp no cantinho da tela. Ser\u00e1 um prazer atend\u00ea-lo(a).<\/p>\n<div id=\"elementor-tab-content-1948\" class=\"elementor-tab-content elementor-clearfix elementor-active\" role=\"tabpanel\" data-tab=\"8\" aria-labelledby=\"elementor-tab-title-1948\">\n<p><strong>Quais os seus canais de contato?<\/strong><\/p>\n<\/div>\n<div id=\"elementor-tab-content-1949\" class=\"elementor-tab-content elementor-clearfix elementor-active\" role=\"tabpanel\" data-tab=\"9\" aria-labelledby=\"elementor-tab-title-1949\">\n<p>Whatsapp: 53 984751621 \u2013 Clicar no canto da tela ou ESCANEIE O QRCODE ABAIXO<\/p>\n<h4><img decoding=\"async\" class=\"alignnone wp-image-13699 jetpack-lazy-image jetpack-lazy-image--handled\" src=\"https:\/\/i0.wp.com\/portifolioos-prontos.com\/wp-content\/uploads\/2023\/02\/whatsapp-business-projeto-de-extensao-300x300.jpeg?resize=144%2C144\" sizes=\"(max-width: 144px) 100vw, 144px\" srcset=\"https:\/\/i0.wp.com\/portifolioos-prontos.com\/wp-content\/uploads\/2023\/02\/whatsapp-business-projeto-de-extensao.jpeg?resize=300%2C301&amp;ssl=1 300w, https:\/\/i0.wp.com\/portifolioos-prontos.com\/wp-content\/uploads\/2023\/02\/whatsapp-business-projeto-de-extensao.jpeg?resize=150%2C150&amp;ssl=1 150w, https:\/\/i0.wp.com\/portifolioos-prontos.com\/wp-content\/uploads\/2023\/02\/whatsapp-business-projeto-de-extensao.jpeg?resize=370%2C372&amp;ssl=1 370w, https:\/\/i0.wp.com\/portifolioos-prontos.com\/wp-content\/uploads\/2023\/02\/whatsapp-business-projeto-de-extensao.jpeg?resize=100%2C100&amp;ssl=1 100w, https:\/\/i0.wp.com\/portifolioos-prontos.com\/wp-content\/uploads\/2023\/02\/whatsapp-business-projeto-de-extensao.jpeg?w=470&amp;ssl=1 470w\" alt=\"projeto de extens\u00e3o unopar\" width=\"144\" height=\"144\" data-lazy-loaded=\"1\" \/><\/h4>\n<\/div>\n<div class=\"elementor-toggle-item\">\n<div id=\"elementor-tab-content-1949\" class=\"elementor-tab-content elementor-clearfix elementor-active\" role=\"tabpanel\" data-tab=\"9\" aria-labelledby=\"elementor-tab-title-1949\">\n<p>E-mail:portifoliosp@gmail.com<\/p>\n<div id=\"attachment_143\" class=\"wp-caption alignnone\">\n<div id=\"attachment_143\" class=\"wp-caption alignnone\">\n<p id=\"caption-attachment-143\" class=\"wp-caption-text\"><a href=\"http:\/\/portfolio-pronto.com\/\">Portf\u00f3lio<\/a>\u00a0em Word, respondido, completo e j\u00e1 nas normas<\/p>\n<\/div>\n<\/div>\n<\/div>\n<\/div>\n","protected":false},"excerpt":{"rendered":"<div class=\"product-short-description\">\n<p><strong>Pague pelo PIX ou cart\u00e3o e fa\u00e7a o download agora mesmo.<\/strong><\/p>\n<\/div>\n<div class=\"sticky-add-to-cart-wrapper\">\n<div class=\"sticky-add-to-cart\">\n<p class=\"quantity buttons_added form-flat\"><img decoding=\"async\" class=\"lazyloaded smush-image-5 smush-image-3 smush-image-4 smush-detected-img smush-image-bigger-3\" src=\"https:\/\/d26lpennugtm8s.cloudfront.net\/assets\/common\/img\/logos\/payment\/visa@2x.png\" width=\"46\" height=\"29\" data-src=\"https:\/\/d26lpennugtm8s.cloudfront.net\/assets\/common\/img\/logos\/payment\/visa@2x.png\" \/><img decoding=\"async\" class=\"lazyloaded smush-image-6 smush-image-4 smush-image-5 smush-detected-img smush-image-bigger-4\" src=\"https:\/\/d26lpennugtm8s.cloudfront.net\/assets\/common\/img\/logos\/payment\/boleto@2x.png\" width=\"43\" height=\"27\" data-src=\"https:\/\/d26lpennugtm8s.cloudfront.net\/assets\/common\/img\/logos\/payment\/boleto@2x.png\" \/><img loading=\"lazy\" decoding=\"async\" class=\"lazyloaded smush-image-7 smush-image-5 smush-image-6 smush-detected-img smush-image-bigger-5\" src=\"https:\/\/d26lpennugtm8s.cloudfront.net\/assets\/common\/img\/logos\/payment\/mastercard@2x.png\" width=\"43\" height=\"27\" data-src=\"https:\/\/d26lpennugtm8s.cloudfront.net\/assets\/common\/img\/logos\/payment\/mastercard@2x.png\" \/><img loading=\"lazy\" decoding=\"async\" class=\"lazyloaded smush-image-8 smush-image-6 smush-image-7 smush-detected-img smush-image-bigger-6\" src=\"https:\/\/d26lpennugtm8s.cloudfront.net\/assets\/common\/img\/logos\/payment\/amex@2x.png\" width=\"43\" height=\"27\" data-src=\"https:\/\/d26lpennugtm8s.cloudfront.net\/assets\/common\/img\/logos\/payment\/amex@2x.png\" \/><img loading=\"lazy\" decoding=\"async\" class=\"lazyloaded smush-image-9 smush-image-7 smush-image-8 smush-detected-img smush-image-bigger-7\" src=\"https:\/\/d26lpennugtm8s.cloudfront.net\/assets\/common\/img\/logos\/payment\/diners@2x.png\" width=\"46\" height=\"29\" data-src=\"https:\/\/d26lpennugtm8s.cloudfront.net\/assets\/common\/img\/logos\/payment\/diners@2x.png\" \/><img loading=\"lazy\" decoding=\"async\" class=\"lazyloaded smush-image-10 smush-image-8 smush-image-9 alignnone smush-detected-img smush-image-bigger-8\" src=\"https:\/\/d26lpennugtm8s.cloudfront.net\/assets\/common\/img\/logos\/payment\/br\/elo@2x.png\" alt=\"portf\u00f3lio unopar anhanguera\" width=\"45\" height=\"28\" data-src=\"https:\/\/d26lpennugtm8s.cloudfront.net\/assets\/common\/img\/logos\/payment\/br\/elo@2x.png\" \/><img loading=\"lazy\" decoding=\"async\" class=\"lazyloaded smush-image-11 smush-image-9 smush-image-10 alignnone smush-detected-img smush-image-bigger-9\" src=\"https:\/\/d26lpennugtm8s.cloudfront.net\/assets\/common\/img\/logos\/payment\/br\/hipercard@2x.png\" alt=\"portf\u00f3lio unopar anhanguera\" width=\"44\" height=\"28\" data-src=\"https:\/\/d26lpennugtm8s.cloudfront.net\/assets\/common\/img\/logos\/payment\/br\/hipercard@2x.png\" \/><img loading=\"lazy\" decoding=\"async\" class=\"lazyloaded smush-image-12 smush-image-10 smush-image-11 alignnone smush-detected-img smush-image-bigger-10\" src=\"https:\/\/d26lpennugtm8s.cloudfront.net\/assets\/common\/img\/logos\/payment\/mercadopago@2x.png\" alt=\"portf\u00f3lio unopar anhanguera\" width=\"45\" height=\"28\" data-src=\"https:\/\/d26lpennugtm8s.cloudfront.net\/assets\/common\/img\/logos\/payment\/mercadopago@2x.png\" \/><\/p>\n<\/div>\n<\/div>\n","protected":false},"featured_media":49157,"template":"","meta":{"_seopress_robots_primary_cat":"none","_seopress_titles_title":"","_seopress_titles_desc":"","_seopress_robots_index":""},"product_cat":[15],"product_tag":[],"class_list":{"0":"post-49156","1":"product","2":"type-product","3":"status-publish","4":"has-post-thumbnail","6":"product_cat-uncategorized","8":"first","9":"instock","10":"shipping-taxable","11":"product-type-simple","12":"col-xs-6 col-sm-4","13":"col-mf-5","14":"un-5-cols"},"jetpack_sharing_enabled":true,"_links":{"self":[{"href":"https:\/\/portifolioos-prontos.com\/index.php\/wp-json\/wp\/v2\/product\/49156","targetHints":{"allow":["GET"]}}],"collection":[{"href":"https:\/\/portifolioos-prontos.com\/index.php\/wp-json\/wp\/v2\/product"}],"about":[{"href":"https:\/\/portifolioos-prontos.com\/index.php\/wp-json\/wp\/v2\/types\/product"}],"version-history":[{"count":4,"href":"https:\/\/portifolioos-prontos.com\/index.php\/wp-json\/wp\/v2\/product\/49156\/revisions"}],"predecessor-version":[{"id":49846,"href":"https:\/\/portifolioos-prontos.com\/index.php\/wp-json\/wp\/v2\/product\/49156\/revisions\/49846"}],"wp:featuredmedia":[{"embeddable":true,"href":"https:\/\/portifolioos-prontos.com\/index.php\/wp-json\/wp\/v2\/media\/49157"}],"wp:attachment":[{"href":"https:\/\/portifolioos-prontos.com\/index.php\/wp-json\/wp\/v2\/media?parent=49156"}],"wp:term":[{"taxonomy":"product_cat","embeddable":true,"href":"https:\/\/portifolioos-prontos.com\/index.php\/wp-json\/wp\/v2\/product_cat?post=49156"},{"taxonomy":"product_tag","embeddable":true,"href":"https:\/\/portifolioos-prontos.com\/index.php\/wp-json\/wp\/v2\/product_tag?post=49156"}],"curies":[{"name":"wp","href":"https:\/\/api.w.org\/{rel}","templated":true}]}}