{"id":49165,"date":"2026-02-11T10:10:33","date_gmt":"2026-02-11T13:10:33","guid":{"rendered":"https:\/\/portifolioos-prontos.com\/?post_type=product&#038;p=49165"},"modified":"2026-02-11T10:10:33","modified_gmt":"2026-02-11T13:10:33","slug":"aula-pratica-matematica-aplicada-a-ciencias","status":"publish","type":"product","link":"https:\/\/portifolioos-prontos.com\/index.php\/product\/aula-pratica-matematica-aplicada-a-ciencias\/","title":{"rendered":"Aula Pr\u00e1tica Matem\u00e1tica Aplicada \u00e0 Ci\u00eancias"},"content":{"rendered":"<p><strong>Aula Pr\u00e1tica Matem\u00e1tica Aplicada \u00e0 Ci\u00eancias<\/strong><\/p>\n<hr \/>\n<p>ROTEIRO DE AULA PR\u00c1TICA<br \/>\nNOME DA DISCIPLINA: MATEM\u00c1TICA APLICADA \u00c0 CI\u00caNCIAS<br \/>\nUnidade: U4_A MATEM\u00c1TICA NO ESTUDO DE SUBST\u00c2NCIAS QU\u00cdMICAS<br \/>\nAula: A1_ A ASTRONOMIA E O ESTUDO DO MOVIMENTO DOS CORPOS<br \/>\nOBJETIVOS<br \/>\nDefini\u00e7\u00e3o dos objetivos da aula pr\u00e1tica:<br \/>\nVerificar que, quanto mais distante uma gal\u00e1xia se encontra, mais r\u00e1pido ela se afasta.<br \/>\nPROCEDIMENTOS PR\u00c1TICOS E APLICA\u00c7\u00d5ES<br \/>\nProcedimento\/Atividade n\u00ba 1<br \/>\nEXPERI\u00caNCIA DAS BEXIGAS: FACILITADOR DA VISUALIZA\u00c7\u00c3O DA EXPANS\u00c3O DO<br \/>\nUNIVERSO!<br \/>\nAtividade proposta: A experi\u00eancia das bexigas \u00e9 uma forma de visualizar a expans\u00e3o do<br \/>\nUniverso \u00e9 imaginar um bal\u00e3o com as gal\u00e1xias e estrelas pintadas na superf\u00edcie.<br \/>\nProcedimentos para a realiza\u00e7\u00e3o da atividade:<br \/>\nA partir da experi\u00eancia das bexigas podemos visualizar a expans\u00e3o do Universo e nessa analogia,<br \/>\ntodo o Universo est\u00e1 contido na superf\u00edcie do bal\u00e3o. \u00c0 medida que o bal\u00e3o vai inflando, as<br \/>\ngal\u00e1xias se afastam uma das outras.<br \/>\nMATERIAL NECESS\u00c1RIO<br \/>\n1. Bexiga de borracha de festa (pelo menos umas 4).<br \/>\n2. Caneta hidrocor (de mais de um corpo).<br \/>\n3. Fita m\u00e9trica.<br \/>\nP\u00fablico3<br \/>\n4. Papel milimetrado (trazer uns 4).<br \/>\n5. L\u00e1pis.<br \/>\nPROCEDIMENTOS \u2013 PARTE I<br \/>\na) Infle a bexiga at\u00e9 que esta atinja o Tamanho do seu punho; O formato da bexiga n\u00e3o pode<br \/>\ndesviar muito do esf\u00e9rico;<br \/>\nb) Utilizando a caneta, desenhe 4 pontos em diferem lugares da superf\u00edcie da bexiga;<br \/>\nc) Identifique-os com as letras A, B, C e D; elas representa\u00e7\u00f5es gal\u00e1xias do Universo, a Via<br \/>\nL\u00e1ctea ser\u00e1 o ponto a.<br \/>\nd) Me\u00e7a a circunfer\u00eancia da bexiga (fita m\u00e9trica);<br \/>\ne) Determine o raio da bexiga: divida o valor encontrado em (\ud835\udfd2. \ud835\udfcf) por \ud835\udfd0\uf070;<br \/>\nf) Me\u00e7a a dist\u00e2ncia entre os pontos \ud835\udc68 e \ud835\udc69, \ud835\udc68 e \ud835\udc6a, \ud835\udc68 e \ud835\udc6b (fita m\u00e9trica ou r\u00e9gua);<br \/>\ng) Anote os dados em uma tabela;<br \/>\nh) Infle mais um pouco a bexiga e repita os procedimentos (\ud835\udfd2) para raios casa vez.<br \/>\nPROCEDIMENTOS \u2013 PARTE II<br \/>\na) Em um gr\u00e1fico, coloque os diversos raios da bexiga (abscissas) e as dist\u00e2ncias;<br \/>\nb) Infle mais um pouco a bexiga e repita os procedimentos (\ud835\udfd2) para raios cada vez maiores;<br \/>\nc) Em um gr\u00e1fico, coloque os diversos raios da bexiga (abscissas) e as dist\u00e2ncias \ud835\udc68. Tamb\u00e9m<br \/>\nas representando \ud835\udc69 (ordenadas), representando esses dados com pequenas \u201cbolinhas\u201d;<br \/>\nd) Desenhe uma reta que represente o melhor ajuste aos dados, A reta deve interceptar a<br \/>\norigem.<br \/>\nPROCEDIMENTOS \u2013 PARTE III<br \/>\na) Refa\u00e7a os procedimentos (\ud835\udfd3) para as dist\u00e2ncias \ud835\udc68\ud835\udc6a e \ud835\udc68\ud835\udc6b.<br \/>\nb) Represente cada grupo de dados com s\u00edmbolos diferentes.<br \/>\na) Nesse universo particular (bexiga) h\u00e1 somente duas dimens\u00f5es: superf\u00edcie da bexiga:<br \/>\n\u2022 A dimens\u00e3o temporal \u00e9 representada pelo raio da bexiga, que cresce desde o instante<br \/>\ndo Big Bang.<br \/>\nP\u00fablico4<br \/>\n\u2022 Analogia: se a bexiga possui raio de \ud835\udfd3 \ud835\udc84\ud835\udc8e, consideraremos que \ud835\udc95 = \ud835\udfd3 \ud835\udc94, estar\u00edamos<br \/>\nrepresentando o tempo no eixo das abscissas.<br \/>\nd) Calcule a velocidade de recess\u00e3o das gal\u00e1xias \ud835\udc69,e \ud835\udc6b com rela\u00e7\u00e3o \u00e0 Via L\u00e1ctea, em \ud835\udc8c\ud835\udc8e\/\ud835\udc94.<br \/>\nUtilize as retas que voc\u00ea ajustou aos dados.<br \/>\nAvaliando os resultados:<br \/>\na) Que dist\u00e2ncia deveriam separar as gal\u00e1xias no instante do Big Bang?<br \/>\nb) As retas obtidas durante o procedimento interceptam a origem. Por qu\u00ea?<br \/>\nc) As gal\u00e1xias mais distantes da Via L\u00e1ctea se afastam com maior\/menor velocidade?<br \/>\nChecklist:<br \/>\n&#8211; Confira os materiais necess\u00e1rios;<br \/>\n&#8211; Leia atentamente e siga de forma correta cada passo;<br \/>\n&#8211; N\u00e3o esque\u00e7a de ir anotando dados ao longo do experimento.<br \/>\nRESULTADOS<br \/>\nResultados do experimento:<br \/>\nAo final dessa aula pr\u00e1tica, voc\u00ea dever\u00e1 enviar um arquivo em word contendo as informa\u00e7\u00f5es<br \/>\nobtidas no experimento, os c\u00e1lculos realizados, em conjunto com um texto conclusivo a respeito<br \/>\ndas informa\u00e7\u00f5es obtidas. O arquivo n\u00e3o pode exceder o tamanho de 2Mb.<br \/>\n\u2022 Refer\u00eancias bibliogr\u00e1ficas ABNT (quando houver).<br \/>\nResultados de Aprendizagem:<br \/>\nCompreender a analogia da expans\u00e3o do Universo, relacionando a experi\u00eancia da bexiga inflando<br \/>\ncom o afastamento das gal\u00e1xias no espa\u00e7o, identificamdo que n\u00e3o existe um \u201ccentro\u201d da<br \/>\nexpans\u00e3o, reconhecendo que todas as gal\u00e1xias se afastam umas das outras proporcionalmente.<br \/>\nAl\u00e9m disso, tamb\u00e9m ser\u00e1 constru\u00eddo e interpretado gr\u00e1ficos, analisando a rela\u00e7\u00e3o entre dist\u00e2ncia<br \/>\nP\u00fablico5<br \/>\ninicial e afastamento durante a expans\u00e3o da bexiga. Formular conclus\u00f5es a partir de evid\u00eancias,<br \/>\ninterpretando os resultados para explicar o comportamento observado.<\/p>\n<div class=\"elementor-toggle-item\">\n<p id=\"elementor-tab-title-1941\" class=\"elementor-tab-title elementor-active\" tabindex=\"0\" role=\"tab\" data-tab=\"1\" aria-controls=\"elementor-tab-content-1941\" aria-expanded=\"true\" aria-selected=\"true\"><strong>Como funciona?<\/strong><\/p>\n<p>Elaboramos os portf\u00f3lios, j\u00e1 deixamos prontos, nas normas da ABNT e conforme os requisitos da universidade. F\u00e1cil assim! O MELHOR \u00c9 QUE VOC\u00ca COMPRA E J\u00c1 BAIXA NA HORA O SEU ARQUIVO EM WORD! Sabemos que conciliar trabalho, fam\u00edlia, vida profissional e estudos \u00e9 dif\u00edcil hoje em dia, por isso, estamos aqui para ajudar voc\u00ea. Conte com nossa qualidade, experi\u00eancia e profissionalismo adquirindo seu portf\u00f3lio conosco. GARANTIMOS SEU CONCEITO!<\/p>\n<p><strong>Como se realizam os envios?<\/strong><\/p>\n<\/div>\n<p id=\"elementor-tab-content-1942\" class=\"elementor-tab-content elementor-clearfix elementor-active\" role=\"tabpanel\" data-tab=\"2\" aria-labelledby=\"elementor-tab-title-1942\">O seu trabalho \u00e9 disponibilizado pronto, respondido e nas normas j\u00e1 na mesma hora aqui em nosso site na sua \u00e1rea de downloads e tamb\u00e9m no seu e-mail.<\/p>\n<p><strong>Em quanto tempo recebo o portf\u00f3lio?<\/strong><\/p>\n<p>Os envios s\u00e3o imediatos. Ap\u00f3s sua compra, o trabalho j\u00e1 \u00e9 disponibilizado instantaneamente aqui em nosso site e no seu e-mail.<\/p>\n<p><strong>E se o portf\u00f3lio que comprei precisar de corre\u00e7\u00e3o?<\/strong><\/p>\n<p>Caso haja alguma solicita\u00e7\u00e3o de corre\u00e7\u00e3o\/altera\u00e7\u00e3o por parte do tutor, basta entrar em contato conosco pelo\u00a0WhatsApp\u00a0que provid\u00eanciaremos sem custo algum.<\/p>\n<p><strong>Qual o formato do arquivo?<\/strong><\/p>\n<p>Os arquivos s\u00e3o enviados em formato Word e s\u00e3o edit\u00e1veis.<\/p>\n<p><strong>Caso eu tiver alguma d\u00favida, terei suporte no p\u00f3s venda?<\/strong><\/p>\n<p>Sim, com certeza. Basta clicar no \u00edcone do WhatsApp no cantinho da tela. Ser\u00e1 um prazer atend\u00ea-lo(a).<\/p>\n<div id=\"elementor-tab-content-1948\" class=\"elementor-tab-content elementor-clearfix elementor-active\" role=\"tabpanel\" data-tab=\"8\" aria-labelledby=\"elementor-tab-title-1948\">\n<p><strong>Quais os seus canais de contato?<\/strong><\/p>\n<\/div>\n<div id=\"elementor-tab-content-1949\" class=\"elementor-tab-content elementor-clearfix elementor-active\" role=\"tabpanel\" data-tab=\"9\" aria-labelledby=\"elementor-tab-title-1949\">\n<p>Whatsapp: 53 984751621 \u2013 Clicar no canto da tela ou ESCANEIE O QRCODE ABAIXO<\/p>\n<h4><img decoding=\"async\" class=\"alignnone wp-image-13699 jetpack-lazy-image jetpack-lazy-image--handled\" src=\"https:\/\/i0.wp.com\/portifolioos-prontos.com\/wp-content\/uploads\/2023\/02\/whatsapp-business-projeto-de-extensao-300x300.jpeg?resize=144%2C144\" sizes=\"(max-width: 144px) 100vw, 144px\" srcset=\"https:\/\/i0.wp.com\/portifolioos-prontos.com\/wp-content\/uploads\/2023\/02\/whatsapp-business-projeto-de-extensao.jpeg?resize=300%2C301&amp;ssl=1 300w, https:\/\/i0.wp.com\/portifolioos-prontos.com\/wp-content\/uploads\/2023\/02\/whatsapp-business-projeto-de-extensao.jpeg?resize=150%2C150&amp;ssl=1 150w, https:\/\/i0.wp.com\/portifolioos-prontos.com\/wp-content\/uploads\/2023\/02\/whatsapp-business-projeto-de-extensao.jpeg?resize=370%2C372&amp;ssl=1 370w, https:\/\/i0.wp.com\/portifolioos-prontos.com\/wp-content\/uploads\/2023\/02\/whatsapp-business-projeto-de-extensao.jpeg?resize=100%2C100&amp;ssl=1 100w, https:\/\/i0.wp.com\/portifolioos-prontos.com\/wp-content\/uploads\/2023\/02\/whatsapp-business-projeto-de-extensao.jpeg?w=470&amp;ssl=1 470w\" alt=\"projeto de extens\u00e3o unopar\" width=\"144\" height=\"144\" data-lazy-loaded=\"1\" \/><\/h4>\n<\/div>\n<div class=\"elementor-toggle-item\">\n<div id=\"elementor-tab-content-1949\" class=\"elementor-tab-content elementor-clearfix elementor-active\" role=\"tabpanel\" data-tab=\"9\" aria-labelledby=\"elementor-tab-title-1949\">\n<p>E-mail:portifoliosp@gmail.com<\/p>\n<div id=\"attachment_143\" class=\"wp-caption alignnone\">\n<div id=\"attachment_143\" class=\"wp-caption alignnone\">\n<p id=\"caption-attachment-143\" class=\"wp-caption-text\"><a href=\"http:\/\/portfolio-pronto.com\/\">Portf\u00f3lio<\/a>\u00a0em Word, respondido, completo e j\u00e1 nas normas<\/p>\n<\/div>\n<\/div>\n<\/div>\n<\/div>\n","protected":false},"excerpt":{"rendered":"<div class=\"product-short-description\">\n<p><strong>Pague pelo PIX ou cart\u00e3o e fa\u00e7a o download agora mesmo.<\/strong><\/p>\n<\/div>\n<div class=\"sticky-add-to-cart-wrapper\">\n<div class=\"sticky-add-to-cart\">\n<p class=\"quantity buttons_added form-flat\"><img decoding=\"async\" class=\"lazyloaded smush-image-5 smush-image-3 smush-image-4 smush-detected-img smush-image-bigger-3\" src=\"https:\/\/d26lpennugtm8s.cloudfront.net\/assets\/common\/img\/logos\/payment\/visa@2x.png\" width=\"46\" height=\"29\" data-src=\"https:\/\/d26lpennugtm8s.cloudfront.net\/assets\/common\/img\/logos\/payment\/visa@2x.png\" \/><img decoding=\"async\" class=\"lazyloaded smush-image-6 smush-image-4 smush-image-5 smush-detected-img smush-image-bigger-4\" src=\"https:\/\/d26lpennugtm8s.cloudfront.net\/assets\/common\/img\/logos\/payment\/boleto@2x.png\" width=\"43\" height=\"27\" data-src=\"https:\/\/d26lpennugtm8s.cloudfront.net\/assets\/common\/img\/logos\/payment\/boleto@2x.png\" \/><img loading=\"lazy\" decoding=\"async\" class=\"lazyloaded smush-image-7 smush-image-5 smush-image-6 smush-detected-img smush-image-bigger-5\" src=\"https:\/\/d26lpennugtm8s.cloudfront.net\/assets\/common\/img\/logos\/payment\/mastercard@2x.png\" width=\"43\" height=\"27\" data-src=\"https:\/\/d26lpennugtm8s.cloudfront.net\/assets\/common\/img\/logos\/payment\/mastercard@2x.png\" \/><img loading=\"lazy\" decoding=\"async\" class=\"lazyloaded smush-image-8 smush-image-6 smush-image-7 smush-detected-img smush-image-bigger-6\" src=\"https:\/\/d26lpennugtm8s.cloudfront.net\/assets\/common\/img\/logos\/payment\/amex@2x.png\" width=\"43\" height=\"27\" data-src=\"https:\/\/d26lpennugtm8s.cloudfront.net\/assets\/common\/img\/logos\/payment\/amex@2x.png\" \/><img loading=\"lazy\" decoding=\"async\" class=\"lazyloaded smush-image-9 smush-image-7 smush-image-8 smush-detected-img smush-image-bigger-7\" src=\"https:\/\/d26lpennugtm8s.cloudfront.net\/assets\/common\/img\/logos\/payment\/diners@2x.png\" width=\"46\" height=\"29\" data-src=\"https:\/\/d26lpennugtm8s.cloudfront.net\/assets\/common\/img\/logos\/payment\/diners@2x.png\" \/><img loading=\"lazy\" decoding=\"async\" class=\"lazyloaded smush-image-10 smush-image-8 smush-image-9 alignnone smush-detected-img smush-image-bigger-8\" src=\"https:\/\/d26lpennugtm8s.cloudfront.net\/assets\/common\/img\/logos\/payment\/br\/elo@2x.png\" alt=\"portf\u00f3lio unopar anhanguera\" width=\"45\" height=\"28\" data-src=\"https:\/\/d26lpennugtm8s.cloudfront.net\/assets\/common\/img\/logos\/payment\/br\/elo@2x.png\" \/><img loading=\"lazy\" decoding=\"async\" class=\"lazyloaded smush-image-11 smush-image-9 smush-image-10 alignnone smush-detected-img smush-image-bigger-9\" src=\"https:\/\/d26lpennugtm8s.cloudfront.net\/assets\/common\/img\/logos\/payment\/br\/hipercard@2x.png\" alt=\"portf\u00f3lio unopar anhanguera\" width=\"44\" height=\"28\" data-src=\"https:\/\/d26lpennugtm8s.cloudfront.net\/assets\/common\/img\/logos\/payment\/br\/hipercard@2x.png\" \/><img loading=\"lazy\" decoding=\"async\" class=\"lazyloaded smush-image-12 smush-image-10 smush-image-11 alignnone smush-detected-img smush-image-bigger-10\" src=\"https:\/\/d26lpennugtm8s.cloudfront.net\/assets\/common\/img\/logos\/payment\/mercadopago@2x.png\" alt=\"portf\u00f3lio unopar anhanguera\" width=\"45\" height=\"28\" data-src=\"https:\/\/d26lpennugtm8s.cloudfront.net\/assets\/common\/img\/logos\/payment\/mercadopago@2x.png\" \/><\/p>\n<\/div>\n<\/div>\n","protected":false},"featured_media":49166,"template":"","meta":{"_seopress_robots_primary_cat":"","_seopress_titles_title":"","_seopress_titles_desc":"","_seopress_robots_index":""},"product_cat":[15],"product_tag":[],"class_list":{"0":"post-49165","1":"product","2":"type-product","3":"status-publish","4":"has-post-thumbnail","6":"product_cat-uncategorized","8":"first","9":"instock","10":"shipping-taxable","11":"product-type-simple","12":"col-xs-6 col-sm-4","13":"col-mf-5","14":"un-5-cols"},"jetpack_sharing_enabled":true,"_links":{"self":[{"href":"https:\/\/portifolioos-prontos.com\/index.php\/wp-json\/wp\/v2\/product\/49165","targetHints":{"allow":["GET"]}}],"collection":[{"href":"https:\/\/portifolioos-prontos.com\/index.php\/wp-json\/wp\/v2\/product"}],"about":[{"href":"https:\/\/portifolioos-prontos.com\/index.php\/wp-json\/wp\/v2\/types\/product"}],"version-history":[{"count":2,"href":"https:\/\/portifolioos-prontos.com\/index.php\/wp-json\/wp\/v2\/product\/49165\/revisions"}],"predecessor-version":[{"id":49169,"href":"https:\/\/portifolioos-prontos.com\/index.php\/wp-json\/wp\/v2\/product\/49165\/revisions\/49169"}],"wp:featuredmedia":[{"embeddable":true,"href":"https:\/\/portifolioos-prontos.com\/index.php\/wp-json\/wp\/v2\/media\/49166"}],"wp:attachment":[{"href":"https:\/\/portifolioos-prontos.com\/index.php\/wp-json\/wp\/v2\/media?parent=49165"}],"wp:term":[{"taxonomy":"product_cat","embeddable":true,"href":"https:\/\/portifolioos-prontos.com\/index.php\/wp-json\/wp\/v2\/product_cat?post=49165"},{"taxonomy":"product_tag","embeddable":true,"href":"https:\/\/portifolioos-prontos.com\/index.php\/wp-json\/wp\/v2\/product_tag?post=49165"}],"curies":[{"name":"wp","href":"https:\/\/api.w.org\/{rel}","templated":true}]}}