{"id":49176,"date":"2026-02-11T15:53:19","date_gmt":"2026-02-11T18:53:19","guid":{"rendered":"https:\/\/portifolioos-prontos.com\/?post_type=product&#038;p=49176"},"modified":"2026-03-02T18:13:04","modified_gmt":"2026-03-02T21:13:04","slug":"projeto-de-extensao-iii-engenharia-de-software","status":"publish","type":"product","link":"https:\/\/portifolioos-prontos.com\/index.php\/product\/projeto-de-extensao-iii-engenharia-de-software\/","title":{"rendered":"Projeto de Extens\u00e3o III &#8211; Engenharia de Software"},"content":{"rendered":"<p><strong>PROJETO DE EXTENS\u00c3O III &#8211; ENGENHARIA DE SOFTWARE<\/strong><\/p>\n<hr \/>\n<p><strong>ENGENHARIA DE SOFTWARE &#8211; BACHARELADO<\/strong><\/p>\n<p><strong>COMPONENTE CURRICULAR:<\/strong><br \/>\nPROJETO DE EXTENS\u00c3O III &#8211; ENGENHARIA DE SOFTWARE<\/p>\n<p><strong>PROGRAMA DE EXTENS\u00c3O:<\/strong><br \/>\nPROGRAMA DE SUSTENTABILIDADE.<\/p>\n<hr \/>\n<p><strong>FINALIDADE E MOTIVA\u00c7\u00c3O<\/strong><\/p>\n<p>A extens\u00e3o universit\u00e1ria pelo programa de inova\u00e7\u00e3o e empreendedorismo no Bacharelado em Engenharia de Software, tem por finalidade a aplica\u00e7\u00e3o dos conhecimentos e habilidades adquiridos para proporcionar oportunidades comerciais e econ\u00f4micas por meio de desenvolvimento de solu\u00e7\u00f5es computacionais.<\/p>\n<p>As atividades de extens\u00e3o desse programa podem ser realizadas em: estabelecimentos comerciais, associa\u00e7\u00e3o comercial e industrial, associa\u00e7\u00e3o comunit\u00e1ria, servi\u00e7os p\u00fablicos, entre outros grupos ou locais.<\/p>\n<hr \/>\n<p><strong>COMPET\u00caNCIAS<\/strong><\/p>\n<p>I &#8211; Conceber, especificar, projetar, construir, testar, verificar e validar sistemas de computa\u00e7\u00e3o;<br \/>\nII &#8211; Interpretar e resolver problemas computacionais, empregando recursos l\u00f3gicos e\/ou matem\u00e1ticos;<br \/>\nIII &#8211; Desenvolver sistemas integrados, incluindo o desenvolvimento de software para esses sistemas.<\/p>\n<hr \/>\n<p><strong>PERFIL DE EGRESSO<\/strong><\/p>\n<p>No Bacharelado em Engenharia de Software, o perfil do egresso visa uma forma\u00e7\u00e3o profissional atualizado, criativo e atento as novas tend\u00eancias e tecnologias.<\/p>\n<p>A atua\u00e7\u00e3o frente ao programa de inova\u00e7\u00e3o e empreendedorismo, demonstra as habilidades de comunica\u00e7\u00e3o criatividade, planejamento e aprendizado ativo, capaz de desenvolver solu\u00e7\u00f5es tecnol\u00f3gicas dentro dos princ\u00edpios \u00e9ticos.<\/p>\n<p>Tais atividades proporcionam al\u00e9m da compreens\u00e3o de outros contextos social pelo contato com diferentes realidades e culturas, atuar de forma ativa na promo\u00e7\u00e3o das atividades de cunho de empreendedorismo e inova\u00e7\u00e3o.<\/p>\n<hr \/>\n<p><strong>SOFT SKILLS (COMPET\u00caNCIAS SOCIOEMOCIONAIS)<\/strong><\/p>\n<p>Criatividade e inova\u00e7\u00e3o<br \/>\nPlanejamento e organiza\u00e7\u00e3o<br \/>\nAprendizado Ativo<\/p>\n<hr \/>\n<p><strong>OBJETIVOS DE APRENDIZAGEM<\/strong><\/p>\n<p>A extens\u00e3o universit\u00e1ria vinculada ao programa de Sustentabilidade do Bacharelado em Engenharia de Software, tem como objetivo proporcionar o desenvolvimento sustent\u00e1vel, compreendido em todas as suas esferas: econ\u00f4mica, social e ambiental, \u00e9, hoje, imperativo \u00e0s rela\u00e7\u00f5es humanas.<\/p>\n<p>Cabe a todos a preocupa\u00e7\u00e3o com a gest\u00e3o dos recursos de forma a suprir as necessidades da gera\u00e7\u00e3o atual, sem comprometer a capacidade de atender \u00e0s necessidades futuras. Os recursos s\u00e3o esgot\u00e1veis e uma gest\u00e3o socialmente respons\u00e1vel \u00e9, portanto, sustent\u00e1vel.<\/p>\n<hr \/>\n<p><strong>CONTE\u00daDOS<\/strong><\/p>\n<p>I &#8211; Matem\u00e1tica e Estat\u00edstica;<br \/>\nII &#8211; Matem\u00e1tica discreta e teoria dos grafos;<br \/>\nIII &#8211; Intera\u00e7\u00e3o humano-computador;<br \/>\nIV &#8211; Fundamentos de programa\u00e7\u00e3o e linguagens de programa\u00e7\u00e3o;<br \/>\nV &#8211; Algoritmos e estruturas de dados;<br \/>\nVI &#8211; Engenharia de software;<br \/>\nVII &#8211; Banco de dados.<\/p>\n<hr \/>\n<p><strong>INDICA\u00c7\u00d5ES BIBLIOGR\u00c1FICAS<\/strong><\/p>\n<p>DUARTE, Nickolas Patrick Garcia et al. Divulga\u00e7\u00e3o em sustentabilidade e as rela\u00e7\u00f5es com as caracter\u00edsticas dos conselhos e a assegura\u00e7\u00e3o. Revista Contabilidade &amp; Finan\u00e7as, v. 36, p. e2148, 2025.<\/p>\n<p>DE MAC\u00caDO MARTINS, S\u00edntique Sanny et al. Sustentabilidade na produ\u00e7\u00e3o de papel: uso de fibras vegetais e t\u00eaxteis \u2013 revis\u00e3o bibliogr\u00e1fica. ARAC\u00ca, v. 7, n. 7, p. 40799-40824, 2025.<\/p>\n<p>MARTINS, Marcelo Rodrigues et al. Avalia\u00e7\u00e3o da sustentabilidade de pr\u00e1ticas de intensifica\u00e7\u00e3o da produ\u00e7\u00e3o leiteira a pasto no sul de Minas Gerais. Revista de Economia e Sociologia Rural, v. 63, p. e272989, 2025.<\/p>\n<hr \/>\n<p><strong>TEMPLATE PDCA<\/strong><\/p>\n<p>Aluno e Aluna, essa atividade \u00e9 para sua organiza\u00e7\u00e3o e uso da metodologia PDCA. Por isso \u00e9 um documento orientativo e n\u00e3o precisa ser entregue. Veja as orienta\u00e7\u00f5es apresentadas no MANUAL DE ATIVIDADES EXTENSIONISTAS.<\/p>\n<hr \/>\n<p><strong>1. PLANEJAMENTO (PLAN)<\/strong><\/p>\n<p>Antes de definir sua proposta, explore os Objetivos de Desenvolvimento Sustent\u00e1vel (ODS) da Organiza\u00e7\u00e3o das Na\u00e7\u00f5es Unidas (ONU) no link <a href=\"https:\/\/brasil.un.org\/pt-br\/sdgs\">https:\/\/brasil.un.org\/pt-br\/sdgs<\/a>.<\/p>\n<p>Se preferir, pode baixar o documento pelo link <a href=\"https:\/\/brasil.un.org\/sites\/default\/files\/2020-09\/agenda2030-ptbr.pdf\">https:\/\/brasil.un.org\/sites\/default\/files\/2020-09\/agenda2030-ptbr.pdf<\/a>.<\/p>\n<p>Compreenda a proposta da ONU e engaje-se nessa oportunidade de contribuir com as metas de um organismo internacional t\u00e3o importante ao mesmo tempo em que participa de solu\u00e7\u00f5es de seu contexto.<\/p>\n<p>Analise os 17 objetivos e escolha quais metas podem ser aderentes \u00e0 sua proposta e ao seu projeto. Para isso, clique no \u00edcone de cada objetivo e observe a listagem de metas dispon\u00edvel em cada um. \u00c9 necess\u00e1rio que voc\u00ea escolha pelo menos uma meta.<\/p>\n<p>Pode ser que voc\u00ea encontre metas aderentes \u00e0 sua proposta em diferentes objetivos, mas n\u00e3o se restrinja. Pode escolher dessa forma e mantenha o foco da ess\u00eancia de sua proposta.<\/p>\n<p>Feito isso, liste aqui suas escolhas. Essa informa\u00e7\u00e3o tamb\u00e9m dever\u00e1 ser declarada em seu Relat\u00f3rio Final de Atividades Extensionistas.<\/p>\n<p><strong>LISTAR METAS DOS ODS ADERENTES AO SEU PROJETO<\/strong><\/p>\n<p><strong>DEFINA A PROPOSTA<\/strong><\/p>\n<hr \/>\n<p><strong>IMERS\u00c3O<\/strong><\/p>\n<p><strong>DEFINA OS ITENS DA IMERS\u00c3O<\/strong><\/p>\n<p>Segue sugest\u00e3o de perguntas para utilizar na entrevista com o parceiro.<\/p>\n<p><strong>SUGEST\u00c3O DE SCRIPT DE ENTREVISTA<\/strong><\/p>\n<ol>\n<li>Quais os principais problemas, fragilidades ou dificuldades que a institui\u00e7\u00e3o\/parceiro convive com maior frequ\u00eancia?<\/li>\n<\/ol>\n<p>1.1. Os problemas est\u00e3o articulados com o programa\/conte\u00fado proposto no componente curricular?<br \/>\nSe n\u00e3o estiver, ser\u00e1 necess\u00e1rio voltar \u00e0 pergunta 1.<\/p>\n<p>1.2. \u00c9 poss\u00edvel resolver ou mitigar os problemas identificados no prazo de dura\u00e7\u00e3o de projeto de extens\u00e3o?<br \/>\nSe n\u00e3o for poss\u00edvel deve voltar \u00e0 pergunta 1.<\/p>\n<p>1.3. A solu\u00e7\u00e3o ou mitiga\u00e7\u00e3o auxiliar\u00e1 a comunidade ou um grupo de pessoas da comunidade?<br \/>\nSe n\u00e3o auxiliar deve voltar \u00e0 pergunta 1.<\/p>\n<ol start=\"2\">\n<li>Quais ser\u00e3o as pessoas envolvidas na a\u00e7\u00e3o para buscar resolver ou mitigar os problemas identificados?<\/li>\n<li>Onde ser\u00e1 realizada a a\u00e7\u00e3o?<\/li>\n<li>H\u00e1 limita\u00e7\u00e3o de pessoas ou restri\u00e7\u00e3o para acesso ao local indicado?<\/li>\n<li>Quais ser\u00e3o as pessoas beneficiadas diretamente?<\/li>\n<li>Necessitar\u00e1 de insumos\/recursos financeiros para a realiza\u00e7\u00e3o da a\u00e7\u00e3o?<\/li>\n<li>Ser\u00e1 necess\u00e1rio agendamento?<\/li>\n<li>Qual o per\u00edodo, dia da semana, hor\u00e1rio que ser\u00e1 realizada a a\u00e7\u00e3o?<\/li>\n<\/ol>\n<hr \/>\n<p><strong>IDEA\u00c7\u00c3O<\/strong><\/p>\n<p><strong>DEFINA OS ITENS DA IDEA\u00c7\u00c3O<\/strong><\/p>\n<hr \/>\n<p><strong>PROTOTIPA\u00c7\u00c3O<\/strong><\/p>\n<p><strong>DEFINA OS ITENS DA PROTOTIPA\u00c7\u00c3O<\/strong><\/p>\n<hr \/>\n<p><strong>IDEIAS E ANOTA\u00c7\u00d5ES<\/strong><\/p>\n<hr \/>\n<p><strong>2. REALIZA\u00c7\u00c3O (DO)<\/strong><\/p>\n<p><strong>CRONOGRAMA<\/strong><\/p>\n<p>ATIVIDADES | PER. 1 | PER. 2 | PER. 3 | PER. 4<\/p>\n<hr \/>\n<p><strong>3. VERIFICA\u00c7\u00c3O (CHECK)<\/strong><\/p>\n<p><strong>Planejamento<\/strong><\/p>\n<p>Imers\u00e3o realizada?<br \/>\n( ) SIM<br \/>\n( ) N\u00c3O<\/p>\n<p>Idea\u00e7\u00e3o realizada?<br \/>\n( ) SIM<br \/>\n( ) N\u00c3O<\/p>\n<p>Prototipa\u00e7\u00e3o realizada?<br \/>\n( ) SIM<br \/>\n( ) N\u00c3O<\/p>\n<p>Planejamento est\u00e1 ok?<br \/>\n( ) SIM<br \/>\n( ) N\u00c3O<\/p>\n<p><strong>Realiza\u00e7\u00e3o<\/strong><\/p>\n<p>Cronograma realizado?<br \/>\n( ) SIM<br \/>\n( ) N\u00c3O<\/p>\n<p>Cronograma atende a realiza\u00e7\u00e3o do projeto?<br \/>\n( ) SIM<br \/>\n( ) N\u00c3O<\/p>\n<p><strong>Verifica\u00e7\u00e3o<\/strong><\/p>\n<p>Cronograma atende a realiza\u00e7\u00e3o do projeto?<br \/>\n( ) SIM<br \/>\n( ) N\u00c3O<\/p>\n<p>Projeto atende a proposta da institui\u00e7\u00e3o escolhida?<br \/>\n( ) SIM<br \/>\n( ) N\u00c3O<\/p>\n<p>Houve necessidade de mudan\u00e7a de estrat\u00e9gia?<br \/>\n( ) SIM<br \/>\n( ) N\u00c3O<\/p>\n<p>Em caso positivo, mencione as mudan\u00e7as e novas estrat\u00e9gias?<\/p>\n<hr \/>\n<p><strong>4. A\u00c7\u00c3O (ACT)<\/strong><\/p>\n<p><strong>A\u00c7\u00c3O PROPOSTA<\/strong><\/p>\n<hr \/>\n<p><strong>REFER\u00caNCIAS BIBLIOGR\u00c1FICAS<\/strong><\/p>\n<p>CAMPO OBRIGAT\u00d3RIO \u2013 Siga a normas ABNT, para isso consulte sua Biblioteca Virtual.<\/p>\n<div class=\"elementor-toggle-item\">\n<p id=\"elementor-tab-title-1941\" class=\"elementor-tab-title elementor-active\" tabindex=\"0\" role=\"tab\" data-tab=\"1\" aria-controls=\"elementor-tab-content-1941\" aria-expanded=\"true\" aria-selected=\"true\"><strong>Como funciona?<\/strong><\/p>\n<p>Elaboramos os portf\u00f3lios, j\u00e1 deixamos prontos, nas normas da ABNT e conforme os requisitos da universidade. F\u00e1cil assim! O MELHOR \u00c9 QUE VOC\u00ca COMPRA E J\u00c1 BAIXA NA HORA O SEU ARQUIVO EM WORD! Sabemos que conciliar trabalho, fam\u00edlia, vida profissional e estudos \u00e9 dif\u00edcil hoje em dia, por isso, estamos aqui para ajudar voc\u00ea. Conte com nossa qualidade, experi\u00eancia e profissionalismo adquirindo seu portf\u00f3lio conosco. GARANTIMOS SEU CONCEITO!<\/p>\n<p><strong>Como se realizam os envios?<\/strong><\/p>\n<\/div>\n<p id=\"elementor-tab-content-1942\" class=\"elementor-tab-content elementor-clearfix elementor-active\" role=\"tabpanel\" data-tab=\"2\" aria-labelledby=\"elementor-tab-title-1942\">O seu trabalho \u00e9 disponibilizado pronto, respondido e nas normas j\u00e1 na mesma hora aqui em nosso site na sua \u00e1rea de downloads e tamb\u00e9m no seu e-mail.<\/p>\n<p><strong>Em quanto tempo recebo o portf\u00f3lio?<\/strong><\/p>\n<p>Os envios s\u00e3o imediatos. Ap\u00f3s sua compra, o trabalho j\u00e1 \u00e9 disponibilizado instantaneamente aqui em nosso site e no seu e-mail.<\/p>\n<p><strong>E se o portf\u00f3lio que comprei precisar de corre\u00e7\u00e3o?<\/strong><\/p>\n<p>Caso haja alguma solicita\u00e7\u00e3o de corre\u00e7\u00e3o\/altera\u00e7\u00e3o por parte do tutor, basta entrar em contato conosco pelo\u00a0WhatsApp\u00a0que provid\u00eanciaremos sem custo algum.<\/p>\n<p><strong>Qual o formato do arquivo?<\/strong><\/p>\n<p>Os arquivos s\u00e3o enviados em formato Word e s\u00e3o edit\u00e1veis.<\/p>\n<p><strong>Caso eu tiver alguma d\u00favida, terei suporte no p\u00f3s venda?<\/strong><\/p>\n<p>Sim, com certeza. Basta clicar no \u00edcone do WhatsApp no cantinho da tela. Ser\u00e1 um prazer atend\u00ea-lo(a).<\/p>\n<div id=\"elementor-tab-content-1948\" class=\"elementor-tab-content elementor-clearfix elementor-active\" role=\"tabpanel\" data-tab=\"8\" aria-labelledby=\"elementor-tab-title-1948\">\n<p><strong>Quais os seus canais de contato?<\/strong><\/p>\n<\/div>\n<div id=\"elementor-tab-content-1949\" class=\"elementor-tab-content elementor-clearfix elementor-active\" role=\"tabpanel\" data-tab=\"9\" aria-labelledby=\"elementor-tab-title-1949\">\n<p>Whatsapp: 53 984751621 \u2013 Clicar no canto da tela ou ESCANEIE O QRCODE ABAIXO<\/p>\n<h4><img decoding=\"async\" class=\"alignnone wp-image-13699 jetpack-lazy-image jetpack-lazy-image--handled\" src=\"https:\/\/i0.wp.com\/portifolioos-prontos.com\/wp-content\/uploads\/2023\/02\/whatsapp-business-projeto-de-extensao-300x300.jpeg?resize=144%2C144\" sizes=\"(max-width: 144px) 100vw, 144px\" srcset=\"https:\/\/i0.wp.com\/portifolioos-prontos.com\/wp-content\/uploads\/2023\/02\/whatsapp-business-projeto-de-extensao.jpeg?resize=300%2C301&amp;ssl=1 300w, https:\/\/i0.wp.com\/portifolioos-prontos.com\/wp-content\/uploads\/2023\/02\/whatsapp-business-projeto-de-extensao.jpeg?resize=150%2C150&amp;ssl=1 150w, https:\/\/i0.wp.com\/portifolioos-prontos.com\/wp-content\/uploads\/2023\/02\/whatsapp-business-projeto-de-extensao.jpeg?resize=370%2C372&amp;ssl=1 370w, https:\/\/i0.wp.com\/portifolioos-prontos.com\/wp-content\/uploads\/2023\/02\/whatsapp-business-projeto-de-extensao.jpeg?resize=100%2C100&amp;ssl=1 100w, https:\/\/i0.wp.com\/portifolioos-prontos.com\/wp-content\/uploads\/2023\/02\/whatsapp-business-projeto-de-extensao.jpeg?w=470&amp;ssl=1 470w\" alt=\"projeto de extens\u00e3o unopar\" width=\"144\" height=\"144\" data-lazy-loaded=\"1\" \/><\/h4>\n<\/div>\n<div class=\"elementor-toggle-item\">\n<div id=\"elementor-tab-content-1949\" class=\"elementor-tab-content elementor-clearfix elementor-active\" role=\"tabpanel\" data-tab=\"9\" aria-labelledby=\"elementor-tab-title-1949\">\n<p>E-mail:portifoliosp@gmail.com<\/p>\n<div id=\"attachment_143\" class=\"wp-caption alignnone\">\n<div id=\"attachment_143\" class=\"wp-caption alignnone\">\n<p id=\"caption-attachment-143\" class=\"wp-caption-text\"><a href=\"http:\/\/portfolio-pronto.com\/\">Portf\u00f3lio<\/a>\u00a0em Word, respondido, completo e j\u00e1 nas normas<\/p>\n<\/div>\n<\/div>\n<\/div>\n<\/div>\n","protected":false},"excerpt":{"rendered":"<div class=\"product-short-description\">\n<div><span style=\"color: #ff0000;\"><strong>Compre e receba o Relat\u00f3rio Final de Atividades Extensionistas j\u00e1 preenchido, com um projeto totalmente desenvolvido para entrega.<\/strong><\/span><\/div>\n<div class=\"product-short-description\"><strong>Pague pelo PIX ou cart\u00e3o e fa\u00e7a o download agora mesmo.<\/strong><\/div>\n<div class=\"sticky-add-to-cart-wrapper\">\n<div class=\"sticky-add-to-cart\">\n<p class=\"quantity buttons_added form-flat\"><img decoding=\"async\" class=\"lazyloaded smush-image-5 smush-image-3 smush-image-4 smush-detected-img smush-image-bigger-3\" src=\"https:\/\/d26lpennugtm8s.cloudfront.net\/assets\/common\/img\/logos\/payment\/visa@2x.png\" width=\"46\" height=\"29\" data-src=\"https:\/\/d26lpennugtm8s.cloudfront.net\/assets\/common\/img\/logos\/payment\/visa@2x.png\" \/><img decoding=\"async\" class=\"lazyloaded smush-image-6 smush-image-4 smush-image-5 smush-detected-img smush-image-bigger-4\" src=\"https:\/\/d26lpennugtm8s.cloudfront.net\/assets\/common\/img\/logos\/payment\/boleto@2x.png\" width=\"43\" height=\"27\" data-src=\"https:\/\/d26lpennugtm8s.cloudfront.net\/assets\/common\/img\/logos\/payment\/boleto@2x.png\" \/><img loading=\"lazy\" decoding=\"async\" class=\"lazyloaded smush-image-7 smush-image-5 smush-image-6 smush-detected-img smush-image-bigger-5\" src=\"https:\/\/d26lpennugtm8s.cloudfront.net\/assets\/common\/img\/logos\/payment\/mastercard@2x.png\" width=\"43\" height=\"27\" data-src=\"https:\/\/d26lpennugtm8s.cloudfront.net\/assets\/common\/img\/logos\/payment\/mastercard@2x.png\" \/><img loading=\"lazy\" decoding=\"async\" class=\"lazyloaded smush-image-8 smush-image-6 smush-image-7 smush-detected-img smush-image-bigger-6\" src=\"https:\/\/d26lpennugtm8s.cloudfront.net\/assets\/common\/img\/logos\/payment\/amex@2x.png\" width=\"43\" height=\"27\" data-src=\"https:\/\/d26lpennugtm8s.cloudfront.net\/assets\/common\/img\/logos\/payment\/amex@2x.png\" \/><img loading=\"lazy\" decoding=\"async\" class=\"lazyloaded smush-image-9 smush-image-7 smush-image-8 smush-detected-img smush-image-bigger-7\" src=\"https:\/\/d26lpennugtm8s.cloudfront.net\/assets\/common\/img\/logos\/payment\/diners@2x.png\" width=\"46\" height=\"29\" data-src=\"https:\/\/d26lpennugtm8s.cloudfront.net\/assets\/common\/img\/logos\/payment\/diners@2x.png\" \/><img loading=\"lazy\" decoding=\"async\" class=\"lazyloaded smush-image-10 smush-image-8 smush-image-9 alignnone smush-detected-img smush-image-bigger-8\" src=\"https:\/\/d26lpennugtm8s.cloudfront.net\/assets\/common\/img\/logos\/payment\/br\/elo@2x.png\" alt=\"portf\u00f3lio unopar anhanguera\" width=\"45\" height=\"28\" data-src=\"https:\/\/d26lpennugtm8s.cloudfront.net\/assets\/common\/img\/logos\/payment\/br\/elo@2x.png\" \/><img loading=\"lazy\" decoding=\"async\" class=\"lazyloaded smush-image-11 smush-image-9 smush-image-10 alignnone smush-detected-img smush-image-bigger-9\" src=\"https:\/\/d26lpennugtm8s.cloudfront.net\/assets\/common\/img\/logos\/payment\/br\/hipercard@2x.png\" alt=\"portf\u00f3lio unopar anhanguera\" width=\"44\" height=\"28\" data-src=\"https:\/\/d26lpennugtm8s.cloudfront.net\/assets\/common\/img\/logos\/payment\/br\/hipercard@2x.png\" \/><img loading=\"lazy\" decoding=\"async\" class=\"lazyloaded smush-image-12 smush-image-10 smush-image-11 alignnone smush-detected-img smush-image-bigger-10\" src=\"https:\/\/d26lpennugtm8s.cloudfront.net\/assets\/common\/img\/logos\/payment\/mercadopago@2x.png\" alt=\"portf\u00f3lio unopar anhanguera\" width=\"45\" height=\"28\" data-src=\"https:\/\/d26lpennugtm8s.cloudfront.net\/assets\/common\/img\/logos\/payment\/mercadopago@2x.png\" \/><\/p>\n<\/div>\n<\/div>\n<\/div>\n","protected":false},"featured_media":49177,"template":"","meta":{"_seopress_robots_primary_cat":"none","_seopress_titles_title":"","_seopress_titles_desc":"","_seopress_robots_index":""},"product_cat":[144],"product_tag":[],"class_list":{"0":"post-49176","1":"product","2":"type-product","3":"status-publish","4":"has-post-thumbnail","6":"product_cat-engenharia-de-software","8":"first","9":"instock","10":"shipping-taxable","11":"purchasable","12":"product-type-simple","13":"col-xs-6 col-sm-4","14":"col-mf-5","15":"un-5-cols"},"jetpack_sharing_enabled":true,"_links":{"self":[{"href":"https:\/\/portifolioos-prontos.com\/index.php\/wp-json\/wp\/v2\/product\/49176","targetHints":{"allow":["GET"]}}],"collection":[{"href":"https:\/\/portifolioos-prontos.com\/index.php\/wp-json\/wp\/v2\/product"}],"about":[{"href":"https:\/\/portifolioos-prontos.com\/index.php\/wp-json\/wp\/v2\/types\/product"}],"version-history":[{"count":3,"href":"https:\/\/portifolioos-prontos.com\/index.php\/wp-json\/wp\/v2\/product\/49176\/revisions"}],"predecessor-version":[{"id":49850,"href":"https:\/\/portifolioos-prontos.com\/index.php\/wp-json\/wp\/v2\/product\/49176\/revisions\/49850"}],"wp:featuredmedia":[{"embeddable":true,"href":"https:\/\/portifolioos-prontos.com\/index.php\/wp-json\/wp\/v2\/media\/49177"}],"wp:attachment":[{"href":"https:\/\/portifolioos-prontos.com\/index.php\/wp-json\/wp\/v2\/media?parent=49176"}],"wp:term":[{"taxonomy":"product_cat","embeddable":true,"href":"https:\/\/portifolioos-prontos.com\/index.php\/wp-json\/wp\/v2\/product_cat?post=49176"},{"taxonomy":"product_tag","embeddable":true,"href":"https:\/\/portifolioos-prontos.com\/index.php\/wp-json\/wp\/v2\/product_tag?post=49176"}],"curies":[{"name":"wp","href":"https:\/\/api.w.org\/{rel}","templated":true}]}}