{"id":49184,"date":"2026-02-11T20:34:40","date_gmt":"2026-02-11T23:34:40","guid":{"rendered":"https:\/\/portifolioos-prontos.com\/?post_type=product&#038;p=49184"},"modified":"2026-03-02T18:28:24","modified_gmt":"2026-03-02T21:28:24","slug":"estagio-ii-letras-portugues-ensino-fundamental","status":"publish","type":"product","link":"https:\/\/portifolioos-prontos.com\/index.php\/product\/estagio-ii-letras-portugues-ensino-fundamental\/","title":{"rendered":"Est\u00e1gio II Letras &#8211; Portugu\u00eas Ensino fundamental"},"content":{"rendered":"<p><strong>EST\u00c1GIO II LETRAS &#8211; PORTUGU\u00caS ENSINO FUNDAMENTAL<\/strong><\/p>\n<hr \/>\n<p>Neste est\u00e1gio, o estudante dever\u00e1 estagiar em uma turma dos Anos Finais do Ensino Fundamental na disciplina de Portugu\u00eas.<\/p>\n<hr \/>\n<p>Para a realiza\u00e7\u00e3o deste est\u00e1gio, s\u00e3o autorizadas institui\u00e7\u00f5es que ofertem Ensino Fundamental (6\u00ba ao 9\u00ba ano): escola p\u00fablica ou privada; Col\u00e9gio SESI (Servi\u00e7o Social da Ind\u00fastria); SESC (Servi\u00e7o Social do Com\u00e9rcio); SENAC (Servi\u00e7o Nacional de Aprendizagem Comercial); SENAI (Servi\u00e7o Nacional de Aprendizagem Industrial); EJA (Educa\u00e7\u00e3o de Jovens e Adultos). A APAE n\u00e3o est\u00e1 autorizada.<\/p>\n<hr \/>\n<p>O supervisor de campo deve ser licenciado em Letras, pois \u00e9 respons\u00e1vel pelo componente curricular de Portugu\u00eas.<\/p>\n<hr \/>\n<p>Este est\u00e1gio incluir\u00e1 a observa\u00e7\u00e3o e a reg\u00eancia, al\u00e9m do planejamento e da implementa\u00e7\u00e3o de estrat\u00e9gias pedag\u00f3gicas e recursos, possibilitando que os alunos desenvolvam as habilidades necess\u00e1rias para a fun\u00e7\u00e3o docente.<\/p>\n<hr \/>\n<p>No quadro a seguir, h\u00e1 a descri\u00e7\u00e3o do Plano de Trabalho a ser realizado, conforme carga hor\u00e1ria total do respectivo est\u00e1gio.<\/p>\n<hr \/>\n<p><em>Atividades que devem ser realizadas com a presen\u00e7a do supervisor de campo.<\/em><\/p>\n<p>\u2022 Todas as atividades elencadas acima devem ser registradas na ficha de acompanhamento, seguindo a respectiva carga hor\u00e1ria e o limite estabelecido por lei de 6 horas di\u00e1rias permitidas em escola, para isso tais atividades poder\u00e3o ser divididas em dias distintos.<\/p>\n<hr \/>\n<p><strong>PLANO DE TRABALHO \u2013 150 h<\/strong><\/p>\n<hr \/>\n<p>Atividade: Intera\u00e7\u00e3o com orientador do est\u00e1gio. 2h<\/p>\n<hr \/>\n<p><em>Atividade 1: Visita \u00e0 escola com a carta de apresenta\u00e7\u00e3o.<\/em> 2h<\/p>\n<hr \/>\n<p>Atividade 2: Leitura obrigat\u00f3ria e produ\u00e7\u00e3o de texto. 14h<\/p>\n<hr \/>\n<p><em>Atividade 3: An\u00e1lise do Projeto Pol\u00edtico Pedag\u00f3gico (PPP) da escola e produ\u00e7\u00e3o de relato baseado na an\u00e1lise.<\/em> 8h<\/p>\n<hr \/>\n<p><em>Atividade 4: An\u00e1lise de materiais did\u00e1ticos da escola e produ\u00e7\u00e3o de relato.<\/em> 8h<\/p>\n<hr \/>\n<p><em>Atividade 5: Entrevista com o professor regente e produ\u00e7\u00e3o de relato baseado na entrevista, conforme respectivo est\u00e1gio.<\/em> 4h<\/p>\n<hr \/>\n<p><em>Atividade 6: Levantamento de materiais de apoio espec\u00edficos para a abordagem dos temas contempor\u00e2neos transversais da BNCC (meio ambiente, economia, sa\u00fade, cidadania e civismo, multiculturalismo e ci\u00eancia e tecnologia) e elabora\u00e7\u00e3o de relato.<\/em> 10h<\/p>\n<hr \/>\n<p><em>Atividade 7: An\u00e1lise do processo de implementa\u00e7\u00e3o da BNCC, conforme campo de est\u00e1gio e elabora\u00e7\u00e3o do relato.<\/em> 10h<\/p>\n<hr \/>\n<p><em>Atividade 8: An\u00e1lise dos instrumentos avaliativos utilizados pelo professor da disciplina conforme respectivo est\u00e1gio, e elabora\u00e7\u00e3o de texto referente \u00e0 an\u00e1lise.<\/em> 10h<\/p>\n<hr \/>\n<p><em>Atividade 9: An\u00e1lise da atua\u00e7\u00e3o da equipe pedag\u00f3gica no acompanhamento do desenvolvimento da disciplina, conforme respectivo est\u00e1gio, e elabora\u00e7\u00e3o de texto referente \u00e0 an\u00e1lise.<\/em> 14h<\/p>\n<hr \/>\n<p><em>Atividade 10: Observa\u00e7\u00e3o e participa\u00e7\u00e3o em aulas, conforme respectivo est\u00e1gio.<\/em><br \/>\nEst\u00e1gio de 150 horas: 12 horas \u2013 12h<\/p>\n<hr \/>\n<p>Atividade 11: Elabora\u00e7\u00e3o do relato da observa\u00e7\u00e3o. 8h<\/p>\n<hr \/>\n<p>Atividade 12: Elabora\u00e7\u00e3o de um plano para cada aula para uma mesma s\u00e9rie\/turma, conforme campo de est\u00e1gio.<br \/>\nEst\u00e1gio de 150 horas: 3 aulas &#8211; 3 planos \u2013 15h<\/p>\n<hr \/>\n<p><em>Atividade 13: Apresenta\u00e7\u00e3o dos planos de aula para o professor regente e elabora\u00e7\u00e3o do relato.<\/em> 6h<\/p>\n<hr \/>\n<p><em>Atividade 14: Reg\u00eancia (em uma das turmas em que realizou as observa\u00e7\u00f5es e participa\u00e7\u00f5es), conforme respectivo est\u00e1gio.<\/em> 3h<\/p>\n<hr \/>\n<p>Atividade 15: Relato da reg\u00eancia. 12h<\/p>\n<hr \/>\n<p>Atividade 16: Produ\u00e7\u00e3o do Relat\u00f3rio de Est\u00e1gio. 10h<\/p>\n<hr \/>\n<p><em>Atividade 17: Valida\u00e7\u00e3o do Relat\u00f3rio do Est\u00e1gio.<\/em> 2h<\/p>\n<div class=\"elementor-toggle-item\">\n<p id=\"elementor-tab-title-1941\" class=\"elementor-tab-title elementor-active\" tabindex=\"0\" role=\"tab\" data-tab=\"1\" aria-controls=\"elementor-tab-content-1941\" aria-expanded=\"true\" aria-selected=\"true\"><strong>Como funciona?<\/strong><\/p>\n<p>Elaboramos os portf\u00f3lios, j\u00e1 deixamos prontos, nas normas da ABNT e conforme os requisitos da universidade. F\u00e1cil assim! O MELHOR \u00c9 QUE VOC\u00ca COMPRA E J\u00c1 BAIXA NA HORA O SEU ARQUIVO EM WORD! Sabemos que conciliar trabalho, fam\u00edlia, vida profissional e estudos \u00e9 dif\u00edcil hoje em dia, por isso, estamos aqui para ajudar voc\u00ea. Conte com nossa qualidade, experi\u00eancia e profissionalismo adquirindo seu portf\u00f3lio conosco. GARANTIMOS SEU CONCEITO!<\/p>\n<p><strong>Como se realizam os envios?<\/strong><\/p>\n<\/div>\n<p id=\"elementor-tab-content-1942\" class=\"elementor-tab-content elementor-clearfix elementor-active\" role=\"tabpanel\" data-tab=\"2\" aria-labelledby=\"elementor-tab-title-1942\">O seu trabalho \u00e9 disponibilizado pronto, respondido e nas normas j\u00e1 na mesma hora aqui em nosso site na sua \u00e1rea de downloads e tamb\u00e9m no seu e-mail.<\/p>\n<p><strong>Em quanto tempo recebo o portf\u00f3lio?<\/strong><\/p>\n<p>Os envios s\u00e3o imediatos. Ap\u00f3s sua compra, o trabalho j\u00e1 \u00e9 disponibilizado instantaneamente aqui em nosso site e no seu e-mail.<\/p>\n<p><strong>E se o portf\u00f3lio que comprei precisar de corre\u00e7\u00e3o?<\/strong><\/p>\n<p>Caso haja alguma solicita\u00e7\u00e3o de corre\u00e7\u00e3o\/altera\u00e7\u00e3o por parte do tutor, basta entrar em contato conosco pelo\u00a0WhatsApp\u00a0que provid\u00eanciaremos sem custo algum.<\/p>\n<p><strong>Qual o formato do arquivo?<\/strong><\/p>\n<p>Os arquivos s\u00e3o enviados em formato Word e s\u00e3o edit\u00e1veis.<\/p>\n<p><strong>Caso eu tiver alguma d\u00favida, terei suporte no p\u00f3s venda?<\/strong><\/p>\n<p>Sim, com certeza. Basta clicar no \u00edcone do WhatsApp no cantinho da tela. Ser\u00e1 um prazer atend\u00ea-lo(a).<\/p>\n<div id=\"elementor-tab-content-1948\" class=\"elementor-tab-content elementor-clearfix elementor-active\" role=\"tabpanel\" data-tab=\"8\" aria-labelledby=\"elementor-tab-title-1948\">\n<p><strong>Quais os seus canais de contato?<\/strong><\/p>\n<\/div>\n<div id=\"elementor-tab-content-1949\" class=\"elementor-tab-content elementor-clearfix elementor-active\" role=\"tabpanel\" data-tab=\"9\" aria-labelledby=\"elementor-tab-title-1949\">\n<p>Whatsapp: 53 984751621 \u2013 Clicar no canto da tela ou ESCANEIE O QRCODE ABAIXO<\/p>\n<h4><img decoding=\"async\" class=\"alignnone wp-image-13699 jetpack-lazy-image jetpack-lazy-image--handled\" src=\"https:\/\/i0.wp.com\/portifolioos-prontos.com\/wp-content\/uploads\/2023\/02\/whatsapp-business-projeto-de-extensao-300x300.jpeg?resize=144%2C144\" sizes=\"(max-width: 144px) 100vw, 144px\" srcset=\"https:\/\/i0.wp.com\/portifolioos-prontos.com\/wp-content\/uploads\/2023\/02\/whatsapp-business-projeto-de-extensao.jpeg?resize=300%2C301&amp;ssl=1 300w, https:\/\/i0.wp.com\/portifolioos-prontos.com\/wp-content\/uploads\/2023\/02\/whatsapp-business-projeto-de-extensao.jpeg?resize=150%2C150&amp;ssl=1 150w, https:\/\/i0.wp.com\/portifolioos-prontos.com\/wp-content\/uploads\/2023\/02\/whatsapp-business-projeto-de-extensao.jpeg?resize=370%2C372&amp;ssl=1 370w, https:\/\/i0.wp.com\/portifolioos-prontos.com\/wp-content\/uploads\/2023\/02\/whatsapp-business-projeto-de-extensao.jpeg?resize=100%2C100&amp;ssl=1 100w, https:\/\/i0.wp.com\/portifolioos-prontos.com\/wp-content\/uploads\/2023\/02\/whatsapp-business-projeto-de-extensao.jpeg?w=470&amp;ssl=1 470w\" alt=\"projeto de extens\u00e3o unopar\" width=\"144\" height=\"144\" data-lazy-loaded=\"1\" \/><\/h4>\n<\/div>\n<div class=\"elementor-toggle-item\">\n<div id=\"elementor-tab-content-1949\" class=\"elementor-tab-content elementor-clearfix elementor-active\" role=\"tabpanel\" data-tab=\"9\" aria-labelledby=\"elementor-tab-title-1949\">\n<p>E-mail:portifoliosp@gmail.com<\/p>\n<div id=\"attachment_143\" class=\"wp-caption alignnone\">\n<div id=\"attachment_143\" class=\"wp-caption alignnone\">\n<p id=\"caption-attachment-143\" class=\"wp-caption-text\"><a href=\"http:\/\/portfolio-pronto.com\/\">Portf\u00f3lio<\/a>\u00a0em Word, respondido, completo e j\u00e1 nas normas<\/p>\n<\/div>\n<\/div>\n<\/div>\n<\/div>\n","protected":false},"excerpt":{"rendered":"<div class=\"product-short-description\"><strong>Pague pelo PIX ou cart\u00e3o e fa\u00e7a o download agora mesmo.<\/strong><\/div>\n<div class=\"sticky-add-to-cart-wrapper\">\n<div class=\"sticky-add-to-cart\">\n<p class=\"quantity buttons_added form-flat\"><img decoding=\"async\" class=\"lazyloaded smush-image-5 smush-image-3 smush-image-4 smush-detected-img smush-image-bigger-3\" src=\"https:\/\/d26lpennugtm8s.cloudfront.net\/assets\/common\/img\/logos\/payment\/visa@2x.png\" width=\"46\" height=\"29\" data-src=\"https:\/\/d26lpennugtm8s.cloudfront.net\/assets\/common\/img\/logos\/payment\/visa@2x.png\" \/><img decoding=\"async\" class=\"lazyloaded smush-image-6 smush-image-4 smush-image-5 smush-detected-img smush-image-bigger-4\" src=\"https:\/\/d26lpennugtm8s.cloudfront.net\/assets\/common\/img\/logos\/payment\/boleto@2x.png\" width=\"43\" height=\"27\" data-src=\"https:\/\/d26lpennugtm8s.cloudfront.net\/assets\/common\/img\/logos\/payment\/boleto@2x.png\" \/><img loading=\"lazy\" decoding=\"async\" class=\"lazyloaded smush-image-7 smush-image-5 smush-image-6 smush-detected-img smush-image-bigger-5\" src=\"https:\/\/d26lpennugtm8s.cloudfront.net\/assets\/common\/img\/logos\/payment\/mastercard@2x.png\" width=\"43\" height=\"27\" data-src=\"https:\/\/d26lpennugtm8s.cloudfront.net\/assets\/common\/img\/logos\/payment\/mastercard@2x.png\" \/><img loading=\"lazy\" decoding=\"async\" class=\"lazyloaded smush-image-8 smush-image-6 smush-image-7 smush-detected-img smush-image-bigger-6\" src=\"https:\/\/d26lpennugtm8s.cloudfront.net\/assets\/common\/img\/logos\/payment\/amex@2x.png\" width=\"43\" height=\"27\" data-src=\"https:\/\/d26lpennugtm8s.cloudfront.net\/assets\/common\/img\/logos\/payment\/amex@2x.png\" \/><img loading=\"lazy\" decoding=\"async\" class=\"lazyloaded smush-image-9 smush-image-7 smush-image-8 smush-detected-img smush-image-bigger-7\" src=\"https:\/\/d26lpennugtm8s.cloudfront.net\/assets\/common\/img\/logos\/payment\/diners@2x.png\" width=\"46\" height=\"29\" data-src=\"https:\/\/d26lpennugtm8s.cloudfront.net\/assets\/common\/img\/logos\/payment\/diners@2x.png\" \/><img loading=\"lazy\" decoding=\"async\" class=\"lazyloaded smush-image-10 smush-image-8 smush-image-9 alignnone smush-detected-img smush-image-bigger-8\" src=\"https:\/\/d26lpennugtm8s.cloudfront.net\/assets\/common\/img\/logos\/payment\/br\/elo@2x.png\" alt=\"portf\u00f3lio unopar anhanguera\" width=\"45\" height=\"28\" data-src=\"https:\/\/d26lpennugtm8s.cloudfront.net\/assets\/common\/img\/logos\/payment\/br\/elo@2x.png\" \/><img loading=\"lazy\" decoding=\"async\" class=\"lazyloaded smush-image-11 smush-image-9 smush-image-10 alignnone smush-detected-img smush-image-bigger-9\" src=\"https:\/\/d26lpennugtm8s.cloudfront.net\/assets\/common\/img\/logos\/payment\/br\/hipercard@2x.png\" alt=\"portf\u00f3lio unopar anhanguera\" width=\"44\" height=\"28\" data-src=\"https:\/\/d26lpennugtm8s.cloudfront.net\/assets\/common\/img\/logos\/payment\/br\/hipercard@2x.png\" \/><img loading=\"lazy\" decoding=\"async\" class=\"lazyloaded smush-image-12 smush-image-10 smush-image-11 alignnone smush-detected-img smush-image-bigger-10\" src=\"https:\/\/d26lpennugtm8s.cloudfront.net\/assets\/common\/img\/logos\/payment\/mercadopago@2x.png\" alt=\"portf\u00f3lio unopar anhanguera\" width=\"45\" height=\"28\" data-src=\"https:\/\/d26lpennugtm8s.cloudfront.net\/assets\/common\/img\/logos\/payment\/mercadopago@2x.png\" \/><\/p>\n<\/div>\n<\/div>\n","protected":false},"featured_media":49186,"template":"","meta":{"_seopress_robots_primary_cat":"none","_seopress_titles_title":"","_seopress_titles_desc":"","_seopress_robots_index":""},"product_cat":[114],"product_tag":[],"class_list":{"0":"post-49184","1":"product","2":"type-product","3":"status-publish","4":"has-post-thumbnail","6":"product_cat-letras","8":"first","9":"instock","10":"shipping-taxable","11":"product-type-simple","12":"col-xs-6 col-sm-4","13":"col-mf-5","14":"un-5-cols"},"jetpack_sharing_enabled":true,"_links":{"self":[{"href":"https:\/\/portifolioos-prontos.com\/index.php\/wp-json\/wp\/v2\/product\/49184","targetHints":{"allow":["GET"]}}],"collection":[{"href":"https:\/\/portifolioos-prontos.com\/index.php\/wp-json\/wp\/v2\/product"}],"about":[{"href":"https:\/\/portifolioos-prontos.com\/index.php\/wp-json\/wp\/v2\/types\/product"}],"version-history":[{"count":2,"href":"https:\/\/portifolioos-prontos.com\/index.php\/wp-json\/wp\/v2\/product\/49184\/revisions"}],"predecessor-version":[{"id":49851,"href":"https:\/\/portifolioos-prontos.com\/index.php\/wp-json\/wp\/v2\/product\/49184\/revisions\/49851"}],"wp:featuredmedia":[{"embeddable":true,"href":"https:\/\/portifolioos-prontos.com\/index.php\/wp-json\/wp\/v2\/media\/49186"}],"wp:attachment":[{"href":"https:\/\/portifolioos-prontos.com\/index.php\/wp-json\/wp\/v2\/media?parent=49184"}],"wp:term":[{"taxonomy":"product_cat","embeddable":true,"href":"https:\/\/portifolioos-prontos.com\/index.php\/wp-json\/wp\/v2\/product_cat?post=49184"},{"taxonomy":"product_tag","embeddable":true,"href":"https:\/\/portifolioos-prontos.com\/index.php\/wp-json\/wp\/v2\/product_tag?post=49184"}],"curies":[{"name":"wp","href":"https:\/\/api.w.org\/{rel}","templated":true}]}}