{"id":4920,"date":"2022-07-20T14:40:25","date_gmt":"2022-07-20T17:40:25","guid":{"rendered":"https:\/\/portifolioos-prontos.com\/?post_type=product&#038;p=4920"},"modified":"2022-09-05T14:18:09","modified_gmt":"2022-09-05T17:18:09","slug":"portfolio-a-empresa-soft-milho-ciencias-economicas-7-e-8-semestre","status":"publish","type":"product","link":"https:\/\/portifolioos-prontos.com\/index.php\/product\/portfolio-a-empresa-soft-milho-ciencias-economicas-7-e-8-semestre\/","title":{"rendered":"Portf\u00f3lio A empresa SOFT MILHO &#8211; Ci\u00eancias Econ\u00f4micas 7\u00b0 e 8\u00b0 semestre"},"content":{"rendered":"<h4>Portf\u00f3lio A empresa SOFT MILHO<\/h4>\n<h4>Curso: Ci\u00eancias Econ\u00f4micas Semestre: 7\u00ba \/ 8\u00ba<\/h4>\n<h4>Situa\u00e7\u00e3o Geradora de Aprendizagem (SGA)<\/h4>\n<p>O Brasil dever\u00e1 colher um volume recorde de milho na temporada 2021\/22, estimado nesta<br \/>\nquinta-feira, 8, em 115,6 milh\u00f5es de toneladas, de acordo com levantamento da Companhia Nacional<br \/>\nde Abastecimento (Conab), que revisou para cima em mais de 3 milh\u00f5es de toneladas o dado ante a<br \/>\nproje\u00e7\u00e3o de mar\u00e7o, com bom desenvolvimento das lavouras de segunda safra.<br \/>\n\u201cAs perspectivas de aumento da produtividade est\u00e3o presentes na maioria dos estados.<br \/>\nSomente Minas Gerais e Goi\u00e1s geram alguma preocupa\u00e7\u00e3o devido \u00e0 redu\u00e7\u00e3o das precipita\u00e7\u00f5es<br \/>\nocorridas ap\u00f3s a primeira quinzena de mar\u00e7o e ao plantio de uma pequena parte das \u00e1reas fora da<br \/>\njanela ideal\u201d, afirmou a Conab em relat\u00f3rio.<br \/>\nSegundo a estatal, \u201chouve um aumento significativo da \u00e1rea semeada devido aos pre\u00e7os<br \/>\nconvidativos do mercado e \u00e0 antecipa\u00e7\u00e3o do plantio da soja, que permitiu uma janela mais ampla e<br \/>\nfavor\u00e1vel para a implanta\u00e7\u00e3o da lavoura (de milho de inverno)\u201d.<br \/>\nA \u00e1rea semeada na segunda safra deve alcan\u00e7ar cerca de 16 milh\u00f5es de hectares, 7%<br \/>\nsuperior \u00e0 temporada anterior. Dessa forma, a Conab reviu a proje\u00e7\u00e3o de safra total de milho, que<br \/>\nat\u00e9 o m\u00eas passado era estimada em 112,3 milh\u00f5es de toneladas. Agora a estimativa \u00e9 de aumento<br \/>\nanual de 32,7%.<br \/>\nA segunda safra, com plantio praticamente finalizado, est\u00e1 estimada em 88,5 milh\u00f5es de<br \/>\ntoneladas, alta de 45,8% ante a temporada anterior, que foi afetada por seca e geadas. Com maior<br \/>\noferta, a Conab elevou a previs\u00e3o de exporta\u00e7\u00e3o de milho do Brasil 2021\/22 para 37 milh\u00f5es de<br \/>\ntoneladas, 2 milh\u00f5es acima do n\u00famero de mar\u00e7o e quase o dobro do visto na temporada anterior.<br \/>\nAl\u00e9m disso, elevou a previs\u00e3o de consumo de milho no Brasil 2021\/22 para recorde de 77,2 milh\u00f5es<br \/>\nde toneladas, ante 76,5 milh\u00f5es na proje\u00e7\u00e3o anterior.<br \/>\nFonte: Conab eleva previs\u00e3o de produ\u00e7\u00e3o e exporta\u00e7\u00e3o do milho brasileiro. Dispon\u00edvel em:<br \/>\n&lt;https:\/\/www.novacana.com\/n\/milho\/conab-eleva-previsao-producao-exportacao-milhobrasileiro-080422&gt; Acesso em Junho de 2022.<\/p>\n<p>Diante desse cen\u00e1rio, o estudo desta atividade est\u00e1 centrado na an\u00e1lise da cooperativa<br \/>\nagroindustrial<br \/>\n\u201cSOFT MILHO\u201d (caso hipot\u00e9tico). A empresa possui 30 anos de exist\u00eancia, iniciando suas<br \/>\natividades em 1998 no interior do estado de S\u00e3o Paulo. Atualmente a \u201cSOFT MILHO\u201d possui mais de<br \/>\n4 mil cooperados, sendo que 60% deles s\u00e3o pequenos produtores que vivem da agricultura familiar.<br \/>\nPensando em diversificar seus neg\u00f3cios, a \u201cSOFT MILHO\u201d possui projetos para<br \/>\ncomercializa\u00e7\u00e3o de outros produtos, como caf\u00e9, f\u00e1brica de ra\u00e7\u00e3o, laborat\u00f3rio para an\u00e1lise do solo,<br \/>\nentre tantos outros investimentos.<br \/>\nComo voc\u00ea pode perceber, as perspectivas para o neg\u00f3cio da cooperativa s\u00e3o boas, visto<br \/>\nque a sua receita operacional cresceu \u00e0 taxa de 20% ano e o lucro l\u00edquido \u00e0 taxa de 25%. Como os<br \/>\nresultados financeiros e operacionais est\u00e3o prosperando, a diretora executiva da cooperativa tem<br \/>\ndesenvolvido estrat\u00e9gias para manter a sustentabilidade empresarial.<br \/>\nSitua\u00e7\u00e3o-problema:<br \/>\nCabe destacar que a \u201cSOFT MILHO\u201d ainda n\u00e3o exporta a laranja dos cooperados, sendo a<br \/>\ncomercializa\u00e7\u00e3o totalmente regional. Desse modo, a cooperativa est\u00e1 desenvolvendo um novo plano<br \/>\nestrat\u00e9gico e levantaram a possibilidade de investir na expans\u00e3o dos neg\u00f3cios, uma vez que o<br \/>\nmercado nacional j\u00e1 demonstra sinais de recupera\u00e7\u00e3o econ\u00f4mica e o mercado internacional est\u00e1 se<br \/>\ntornando cada vez mais atraente, sendo o Brasil, o maior produtor mundial de laranja e exportador<br \/>\nde suco da fruta. No entanto, os gestores da cooperativa desconhecem o com\u00e9rcio exterior, e<br \/>\npossuem algumas resist\u00eancias quanto a execu\u00e7\u00e3o dessa estrat\u00e9gia e realizam os seguintes<br \/>\nquestionamentos:<br \/>\n\u2022 Quais as vantagens e desvantagens da atual estrutura produtiva da cooperativa e como<br \/>\nimpacta no projeto de expans\u00e3o para o com\u00e9rcio internacional?<br \/>\n\u2022 Como o com\u00e9rcio internacional pode alavancar os neg\u00f3cios da cooperativa?<br \/>\n\u2022 Como a cooperativa pode se proteger das oscila\u00e7\u00f5es dos pre\u00e7os no mercado internacional?<br \/>\nO seu objetivo \u00e9 ajudar a \u201cSOFT MILHO\u201d a encontrar respostas para esses questionamentos<br \/>\ne assim, continuar o desenvolvimento do plano estrat\u00e9gico da organiza\u00e7\u00e3o.<\/p>\n<p>Em tempos atuais, com a grande concorr\u00eancia e globaliza\u00e7\u00e3o econ\u00f4mica, as empresas para<br \/>\naumentarem sua participa\u00e7\u00e3o de mercado \u201cMarket-Share\u201d (bem como para maximizarem seus<br \/>\nlucros), procuram por estrat\u00e9gias que possam oferecer ao consumidor uma &#8220;cesta&#8221; com produtos e<br \/>\nservi\u00e7os diferenciados.<br \/>\nNo entanto, isso vai depender da estrutura de mercado no qual a empresa participa. Desse<br \/>\nmodo, surge diversas estruturas de mercado que podem definir a forma de atua\u00e7\u00e3o dos neg\u00f3cios,<br \/>\nseja ele nacional ou internacional.<br \/>\nA \u201cSOFT MILHO\u201d opera em um mercado imperfeito, que possui poucas empresas<br \/>\ncontrolando o setor, opera em economia de escala e possui concorrentes focadas em qualidade e<br \/>\nprocessos organizacionais e, n\u00e3o em pre\u00e7o. Dever\u00e1 analisar e revisar seus planos operacionais e<br \/>\nestrat\u00e9gicos de expans\u00e3o, visto que, a nova din\u00e2mica de com\u00e9rcio entre o Brasil e os seus parceiros<br \/>\ncomerciais vem oportunizando novas possibilidades.<\/p>\n<p><strong>Passo 1<\/strong><br \/>\nNesse momento, voc\u00ea dever\u00e1 preencher o quadro abaixo com a descri\u00e7\u00e3o das principais<br \/>\ncaracter\u00edsticas das empresas participantes para cada estrutura de mercado existente, logo ap\u00f3s o<br \/>\npreenchimento, identificar em qual estrutura de mercado se enquadra a \u201cSOFT MILHO\u201d e na<br \/>\nsequ\u00eancia elabore um relat\u00f3rio identificando e explicitando as caracter\u00edsticas da empresa,<br \/>\nponderando suas fraquezas e potencialidades.<\/p>\n<p>Estrutura N\u00famero de<br \/>\nfirmas<br \/>\nTipo de<br \/>\nproduto<br \/>\nAcesso de<br \/>\nnovas<br \/>\nempresas ao<br \/>\nmercado<br \/>\nControle de<br \/>\nPre\u00e7os<br \/>\nExemplos<br \/>\n(aproximados)<br \/>\nConcorr\u00eancia<br \/>\nPerfeita<br \/>\nMonop\u00f3lio<br \/>\nConcorr\u00eancia<br \/>\nMonopol\u00edstica<br \/>\nOligop\u00f3lio<\/p>\n<p><strong>Passo 02<\/strong><br \/>\nAs teorias cl\u00e1ssicas mais conhecidas no com\u00e9rcio exterior s\u00e3o: a teoria das vantagens<br \/>\nabsolutas, proposta pelo fil\u00f3sofo Adam Smith e a teoria das vantagens comparativas, formulada pelo<br \/>\neconomista David Ricardo. Tais teorias, formam a base das estrat\u00e9gias e negocia\u00e7\u00f5es internacionais<br \/>\nque buscam o equil\u00edbrio na balan\u00e7a comercial, uma vez que, impacta na economia de um<br \/>\ndeterminado pa\u00eds, gerando ganhos -super\u00e1vit ou perdas \u2013 d\u00e9ficit.<br \/>\nDiante de tal afirma\u00e7\u00e3o, \u00e9 importante ressaltar que no plano estrat\u00e9gico da SOFT MILHO, h\u00e1<br \/>\nprojetos para comercializa\u00e7\u00e3o de outros produtos, como caf\u00e9, f\u00e1brica de ra\u00e7\u00e3o, laborat\u00f3rio para<br \/>\nan\u00e1lise do solo, entre tantos outros investimentos. Dessa forma \u00e9 importante conhecer as<br \/>\nteorias que tratam sobre como o com\u00e9rcio internacional, importa\u00e7\u00e3o e exporta\u00e7\u00e3o que impactam na<br \/>\neconomia de um determinado pa\u00eds, geram ganhos -super\u00e1vit ou perdas \u2013 d\u00e9ficit.<\/p>\n<p>1) Diante disso, explique utilizando o milho como exemplo as teorias seguintes: Teoria da Vantagem<br \/>\nAbsoluta e Teoria da Vantagem Comparativa.<br \/>\n2 &#8211; Sabendo que o com\u00e9rcio entre pa\u00edses \u00e9 a principal forma de uma na\u00e7\u00e3o captar divisas e manter a<br \/>\nsua balan\u00e7a de pagamento equilibrada, bem como recebimento de investimentos diretos e de<br \/>\ncapitais. \u00c9 importante destacar que o Brasil \u00e9 visto como o Celeiro do Mundo sendo um dos l\u00edderes<br \/>\nnas exporta\u00e7\u00f5es de algumas commodities. A Cooperativa \u201cSOFT MILHO\u201d, apresenta projetos para<br \/>\ncomercializa\u00e7\u00e3o de outros produtos, como caf\u00e9, f\u00e1brica de ra\u00e7\u00e3o, laborat\u00f3rio para an\u00e1lise do solo,<br \/>\nentre tantos outros investimentos, no entanto, ao analisar as rela\u00e7\u00f5es econ\u00f4micas internacionais,<br \/>\ndeparou-se com a teoria das vantagens comparativas, sendo assim, \u00e9 necess\u00e1rio que os gestores<br \/>\nexpliquem de que maneira tal teoria pode impactar nos neg\u00f3cios da Cooperativa SOFT MILHO. Uma<br \/>\nvez que por meio de tal teoria procura-se obter respostas para perguntas como: Por que duas na\u00e7\u00f5es<br \/>\ndistintas comercializam? \u00c9 melhor para ambas o com\u00e9rcio m\u00fatuo? E quais produtos devem ser<br \/>\ncomercializados?<br \/>\nVoc\u00ea poder\u00e1 obter informa\u00e7\u00f5es \u00e0 respeito do cultivo do milho, custos e vantagens no seguinte artigo:<br \/>\nCultivo do Milho. Dispon\u00edvel em:<br \/>\n&lt;https:\/\/www.spo.cnptia.embrapa.br\/conteudo?p_p_id=conteudoportlet_WAR_sistemasdeproducaolf6_1g<br \/>\na1ceportlet&amp;p_p_lifecycle=0&amp;p_p_state=normal&amp;p_p_mode=view&amp;p_p_col_id=column1&amp;p_p_col_count=1&amp;p_r_p_-76293187_sistemaProducaoId=7905&amp;p_r_p_-996514994_topicoId=1309&gt;.<br \/>\nAcesso em 01, jul.2022.<\/p>\n<p><strong>Passo 03<\/strong><br \/>\nOs mercados futuros de commodities agropecu\u00e1rias \u00e9 uma das formas de proporcionar uma<br \/>\ncerta seguran\u00e7a, em meio a tanto risco, para o produtor rural e para a agroind\u00fastria, possibilitando<br \/>\numa garantia quanto \u00e0 redu\u00e7\u00e3o ou \u00e0 eleva\u00e7\u00e3o de pre\u00e7os. Os mercados futuros podem ser uma forma<br \/>\neficaz de eliminar um dos principais riscos da atividade agropecu\u00e1ria: a incerteza de pre\u00e7os em um<br \/>\ntempo futuro no momento da comercializa\u00e7\u00e3o da safra.<\/p>\n<p>A Cooperativa \u201cSOFT MILHO\u201d busca oferecer uma garantia aos seus produtores associados<br \/>\ncontra a queda dos pre\u00e7os do milho. Sabe-se que o custo m\u00e9dio de produ\u00e7\u00e3o do milho para o<br \/>\nprodutor foi de R$ 550 a saca de 60kg. A margem comercializa\u00e7\u00e3o necess\u00e1ria para produtor e para a<br \/>\ncooperativa \u00e9 de R$ 300,00 por saca. Portanto, o objetivo de pre\u00e7o futuro da cooperativa \u00e9 de vender<br \/>\na saca a R$ 850,00 a saca.<br \/>\nSabendo que o milho ser\u00e1 colhido daqui a 3 meses e querendo proteger os cooperados<br \/>\ncontra uma poss\u00edvel queda nos pre\u00e7os a \u201cSOFT MILHO\u201d precisa fazer uma opera\u00e7\u00e3o de hedge.<br \/>\nNa BM&amp;F, o contrato de milho, para vencer daqui a 3 meses, est\u00e1 sendo negociado hoje<br \/>\npara um pre\u00e7o futuro de R$ 850,00\/sc. Assim, para garantir o pre\u00e7o futuro de R$ 850,00\/saca \u00e9<br \/>\ninteressante para a cooperativa, fazer o hedge na BM&amp;F. A cooperativa vai \u00e0 sua corretora e lan\u00e7a<br \/>\numa ordem de venda de um contrato de milho para daqui a 3 meses por R$ 850,00\/saca. A ordem<br \/>\nvai para preg\u00e3o na BM&amp;F, onde, encontra uma ordem de compra e ocorre o neg\u00f3cio, que \u00e9<br \/>\n\u201ccompensado\u201d e garantido pela Bolsa.<br \/>\nPassado o prazo (3 meses), vamos agora para o momento que \u00e9 a liquida\u00e7\u00e3o deste contrato, isto \u00e9,<br \/>\n90 dias depois.<br \/>\nVamos imaginar agora duas situa\u00e7\u00f5es diferentes:<br \/>\n\u2022 Situa\u00e7\u00e3o I: o pre\u00e7o de mercado nesta \u00e9poca \u00e9 mais baixo que o anteriormente contratado. O pre\u00e7o<br \/>\nde mercado do milho \u00e9 R$ 780,00\/saca, abaixo do esperado.<br \/>\n\u2022 Situa\u00e7\u00e3o II: o pre\u00e7o de mercado \u00e9 mais alto que o anteriormente contratado. O pre\u00e7o de mercado<br \/>\ndo milho \u00e9 US$ 980,00\/saca, acima do esperado.<br \/>\nApresente um esquema identificando os dois cen\u00e1rios os resultados dessas opera\u00e7\u00f5es. Dado os<br \/>\ncen\u00e1rios \u00e9 poss\u00edvel em algum deles a SOFT MILHO obter vantagem? Justifique sua resposta.<\/p>\n<p>PARA O DESENVOVIMENTO DA PRODU\u00c7\u00c3O DA LAUDA SUGERE-SE<br \/>\nAp\u00f3s efetuar os passos 1, 2 e 3 apresente uma produ\u00e7\u00e3o textual de no m\u00ednimo 4 e no m\u00e1ximo 8<br \/>\nlaudas, contendo: introdu\u00e7\u00e3o, desenvolvimento, conclus\u00e3o e refer\u00eancias, ponderando as quest\u00f5es<br \/>\nligadas a estrutura de mercado que a cooperativa SOFT MILHO se insere, as quest\u00f5es ligadas ao<br \/>\nprocesso de expans\u00e3o local e internacional. Neste sentido, retrate os resultados das poss\u00edveis<br \/>\nopera\u00e7\u00f5es de mercado futuro que a empresa faz na BM&amp;F a fim de eliminar riscos da atividade<br \/>\nagropecu\u00e1ria exportadora, considere os dois cen\u00e1rios explicitados no passo 3.<\/p>\n<div class=\"elementor-toggle-item\">\n<div class=\"elementor-toggle-item\">\n<h4 id=\"elementor-tab-title-1941\" class=\"elementor-tab-title elementor-active\" tabindex=\"0\" role=\"tab\" data-tab=\"1\" aria-controls=\"elementor-tab-content-1941\" aria-expanded=\"true\" aria-selected=\"true\">Como funciona?<\/h4>\n<div id=\"elementor-tab-content-1941\" class=\"elementor-tab-content elementor-clearfix elementor-active\" role=\"tabpanel\" data-tab=\"1\" aria-labelledby=\"elementor-tab-title-1941\">\n<p>Elaboramos os portf\u00f3lios, j\u00e1 deixamos prontos, nas normas da ABNT e conforme os requisitos da universidade. F\u00e1cil assim! O MELHOR \u00c9 QUE VOC\u00ca COMPRA E J\u00c1 BAIXA NA HORA O SEU ARQUIVO EM WORD! Sabemos que conciliar trabalho, fam\u00edlia, vida profissional e estudos \u00e9 dif\u00edcil hoje em dia, por isso, estamos aqui para ajudar voc\u00ea. Conte com nossa qualidade, experi\u00eancia e profissionalismo adquirindo seu portf\u00f3lio conosco. GARANTIMOS SEU CONCEITO!<\/p>\n<h4>Como se realizam os envios?<\/h4>\n<\/div>\n<\/div>\n<div class=\"elementor-toggle-item\">\n<div id=\"elementor-tab-content-1942\" class=\"elementor-tab-content elementor-clearfix elementor-active\" role=\"tabpanel\" data-tab=\"2\" aria-labelledby=\"elementor-tab-title-1942\">O seu trabalho \u00e9 disponibilizado pronto, respondido e nas normas j\u00e1 na mesma hora aqui em nosso site na sua \u00e1rea de downloads e tamb\u00e9m no seu e-mail.<\/div>\n<\/div>\n<div class=\"elementor-toggle-item\">\n<div id=\"elementor-tab-content-1943\" class=\"elementor-tab-content elementor-clearfix elementor-active\" role=\"tabpanel\" data-tab=\"3\" aria-labelledby=\"elementor-tab-title-1943\">\n<h4>Em quanto tempo recebo o portf\u00f3lio?<\/h4>\n<\/div>\n<\/div>\n<div class=\"elementor-toggle-item\">\n<div id=\"elementor-tab-content-1944\" class=\"elementor-tab-content elementor-clearfix elementor-active\" role=\"tabpanel\" data-tab=\"4\" aria-labelledby=\"elementor-tab-title-1944\">\n<p>Os envios s\u00e3o imediatos. Ap\u00f3s sua compra, o trabalho j\u00e1 \u00e9 disponibilizado instantaneamente aqui em nosso site e no seu e-mail.<\/p>\n<h4>E se o portf\u00f3lio que comprei precisar de corre\u00e7\u00e3o?<\/h4>\n<\/div>\n<\/div>\n<div class=\"elementor-toggle-item\">\n<div id=\"elementor-tab-content-1945\" class=\"elementor-tab-content elementor-clearfix elementor-active\" role=\"tabpanel\" data-tab=\"5\" aria-labelledby=\"elementor-tab-title-1945\">\n<p>Caso haja alguma solicita\u00e7\u00e3o de corre\u00e7\u00e3o\/altera\u00e7\u00e3o por parte do tutor, basta entrar em contato conosco pelo\u00a0WhatsApp\u00a0que provid\u00eanciaremos sem custo algum.<\/p>\n<h4>Qual o formato do arquivo?<\/h4>\n<\/div>\n<\/div>\n<div class=\"elementor-toggle-item\">\n<div id=\"elementor-tab-content-1946\" class=\"elementor-tab-content elementor-clearfix elementor-active\" role=\"tabpanel\" data-tab=\"6\" aria-labelledby=\"elementor-tab-title-1946\">\n<p>Os arquivos s\u00e3o enviados em formato Word e s\u00e3o edit\u00e1veis.<\/p>\n<h4>Caso eu tiver alguma d\u00favida, terei suporte no p\u00f3s venda?<\/h4>\n<\/div>\n<\/div>\n<div class=\"elementor-toggle-item\">\n<div id=\"elementor-tab-content-1948\" class=\"elementor-tab-content elementor-clearfix elementor-active\" role=\"tabpanel\" data-tab=\"8\" aria-labelledby=\"elementor-tab-title-1948\">\n<p>Sim, com certeza. Basta clicar no \u00edcone do WhatsApp no cantinho da tela. Ser\u00e1 um prazer atend\u00ea-lo(a).<\/p>\n<div class=\"elementor-toggle-item\">\n<div id=\"elementor-tab-content-1948\" class=\"elementor-tab-content elementor-clearfix elementor-active\" role=\"tabpanel\" data-tab=\"8\" aria-labelledby=\"elementor-tab-title-1948\">\n<h4>Quais os seus canais de contato?<\/h4>\n<\/div>\n<\/div>\n<div class=\"elementor-toggle-item\">\n<div id=\"elementor-tab-content-1949\" class=\"elementor-tab-content elementor-clearfix elementor-active\" role=\"tabpanel\" data-tab=\"9\" aria-labelledby=\"elementor-tab-title-1949\">\n<p>Whatsapp: 53 984751621 \u2013 Clicar no canto da tela ou ESCANEIE O QRCODE ABAIXO<\/p>\n<p><img decoding=\"async\" class=\"alignnone wp-image-7603\" src=\"http:\/\/portifolioos-prontos.com\/wp-content\/uploads\/2022\/09\/portfolio-unopar-pronto-colaborar-ava-producao-textual-interdisciplinar.png\" alt=\"A empresa SOFT MILHO,portfolio A empresa SOFT MILHO,portf\u00f3lio A empresa SOFT MILHO,portf\u00f3lio unopar A empresa SOFT MILHO,portfolio unopar A empresa SOFT MILHO,pti A empresa SOFT MILHO,ptg A empresa SOFT MILHO,portf\u00f3lio pronto A empresa SOFT MILHO,portf\u00f3lio pronto unopar A empresa SOFT MILHO,portf\u00f3lio pronto anhanguera A empresa SOFT MILHO,portfolio ead A empresa SOFT MILHO,portf\u00f3lio ead A empresa SOFT MILHO,portf\u00f3lios prontos A empresa SOFT MILHO,produ\u00e7\u00e3o textual A empresa SOFT MILHO,portfolio ciencias economicas,portfolio ci\u00eancias econ\u00f4micas,Portfolio pronto,portifolio pronto,portf\u00f3lio pronto,portifolios prontos,portif\u00f3lios prontos,portf\u00f3lio pronto unopar,portifolio pronto unopar,portif\u00f3lio pronto unopar,portifolios prontos unopar,portifolios prontos anhanguera,portf\u00f3lios prontos anhanguera,portf\u00f3lio pronto anhanguera,portfolios ead,portf\u00f3lios ead,portfolioead,apostileiros,portf\u00f3lio ead,portifolios ead,portif\u00f3lios ead,eadhelp,shop do acad\u00eamico,unopar portfolio,portfolio pronto ead,portfolio unopar ead,ead portfolio ava,portf\u00f3lio ead anhanguera,portf\u00f3lio ead pront,o portf\u00f3lio ead unopar,portf\u00f3lio pronto em word,pti unopar,ptg unopar,modelo de portf\u00f3lio unopar,modelo de portf\u00f3lio anhanguera,como fazer um portf\u00f3lio para faculdade,como faz portf\u00f3lio universidade,como faz portf\u00f3lios para universidade,portf\u00f3lios prontos para universidade,portf\u00f3lios pronto para faculdade,portf\u00f3lio pronto para editar,portifolios prontos para editar,portf\u00f3lio em word,portfolio em word,portf\u00f3lio em word para editar,portifolio em word para editar,portfolio unopar pronto para editar,modelo de portfolio para unopar,modelo de portif\u00f3lio para unopar,modelo de portf\u00f3lio para unopar,unopar portf\u00f3lio pronto,anhanguera portf\u00f3lio pronto,portf\u00f3lio em word pronto,comprar portf\u00f3lio pronto,como fazer um portf\u00f3lio,como fazer portf\u00f3lio digital,portfolio,portf\u00f3lio,portifolio,portif\u00f3lio,portf\u00f3lio interdisciplinar individual,portfolio interdisciplinar individual,exemplos de portf\u00f3lio para faculdade,baixar portf\u00f3lio pronto,portf\u00f3lio acad\u00eamico,portf\u00f3lio online,portfoliooead,portfolio ead,portf\u00f3lio pronto interdisciplinar individual,relat\u00f3rio de est\u00e1gio unopar,relat\u00f3rio de est\u00e1gio pronto unopar,como criar um portf\u00f3lio,o que \u00e9 um portf\u00f3lio e como fazer,portfolio exemplo,modelo de portfolio acad\u00eamico,relat\u00f3rio de est\u00e1gio gest\u00e3o escolar pronto unopar,portf\u00f3lio como fazer,prova profici\u00eancia unopar,portfolio individual est\u00e1gio curricular obrigat\u00f3rio ii anos iniciais do ensino fundamental,prova de profici\u00eancia pedagogia unopar,capa de trabalho unopar para editar,portf\u00f3lio acad\u00eamico unopar,como fazer um portf\u00f3lio acad\u00eamico,portf\u00f3lio exemplos word,portfolio acad\u00eamico,portfolio individual,portfolio individual unopar,portfolio individual anhanguera,portfolio marketing digital,portf\u00f3lio educa\u00e7\u00e3o f\u00edsica unopar,portf\u00f3lio gest\u00e3o educacional e espa\u00e7os n\u00e3o escolares,como fazer um portifolio unopar,modelo de portf\u00f3lio unopar em arquivo word,capa de portf\u00f3lio de pedagogia,como fazer um portf\u00f3lio no word,projeto integrado unopar,exemplo de portf\u00f3lio academico pedagogia\" width=\"141\" height=\"141\" srcset=\"https:\/\/portifolioos-prontos.com\/wp-content\/uploads\/2022\/09\/portfolio-unopar-pronto-colaborar-ava-producao-textual-interdisciplinar.png 150w, https:\/\/portifolioos-prontos.com\/wp-content\/uploads\/2022\/09\/portfolio-unopar-pronto-colaborar-ava-producao-textual-interdisciplinar-100x100.png 100w\" sizes=\"(max-width: 141px) 100vw, 141px\" \/><\/p>\n<\/div>\n<\/div>\n<\/div>\n<\/div>\n<div class=\"elementor-toggle-item\">\n<div id=\"elementor-tab-content-1949\" class=\"elementor-tab-content elementor-clearfix elementor-active\" role=\"tabpanel\" data-tab=\"9\" aria-labelledby=\"elementor-tab-title-1949\">\n<p>E-mail:portifoliosp@gmail.com<\/p>\n<div id=\"attachment_143\" class=\"wp-caption alignnone\">\n<div id=\"attachment_143\" class=\"wp-caption alignnone\" style=\"width: 154px;\">\n<p><a href=\"http:\/\/portifolioos-prontos.com\/\"><img decoding=\"async\" class=\"wp-image-143\" title=\"portfolio pronto unopar\" src=\"http:\/\/portifolioos-prontos.com\/wp-content\/uploads\/2022\/04\/conceitomaximo.png\" alt=\"PORTFOLIO PRONTO UNOPAR ANHANGUERA\" width=\"154\" height=\"44\" aria-describedby=\"caption-attachment-143\" \/><\/a><\/p>\n<p id=\"caption-attachment-143\" class=\"wp-caption-text\">Portf\u00f3lio em Word, respondido, completo e j\u00e1 nas normas.<\/p>\n<\/div>\n<\/div>\n<\/div>\n<\/div>\n<\/div>\n","protected":false},"excerpt":{"rendered":"<p>Portf\u00f3lio A empresa SOFT MILHO Curso: Ci\u00eancias Econ\u00f4micas Semestre: 7\u00ba \/ 8\u00ba Situa\u00e7\u00e3o Geradora de Aprendizagem (SGA) O Brasil dever\u00e1 colher um volume recorde de milho na temporada 2021\/22, estimado nesta quinta-feira, 8, em 115,6 milh\u00f5es de toneladas, de acordo com levantamento da Companhia Nacional de Abastecimento (Conab), que revisou para cima em mais de&hellip;<\/p>\n","protected":false},"featured_media":5137,"template":"","meta":{"_seopress_robots_primary_cat":"none","_seopress_titles_title":"%%post_title%% %%sitetitle%%","_seopress_titles_desc":"%%post_title%% Portfolio pronto Unopar ead | Anhanguera - Pronto, em Word, respondido, completo, nas normas da ABNT. DOWNLOAD IMEDIATO.","_seopress_robots_index":""},"product_cat":[31,15],"product_tag":[],"class_list":{"0":"post-4920","1":"product","2":"type-product","3":"status-publish","4":"has-post-thumbnail","6":"product_cat-ciencias-economicas","7":"product_cat-uncategorized","9":"first","10":"instock","11":"downloadable","12":"virtual","13":"purchasable","14":"product-type-simple","15":"col-xs-6 col-sm-4","16":"col-mf-5","17":"un-5-cols"},"jetpack_sharing_enabled":true,"_links":{"self":[{"href":"https:\/\/portifolioos-prontos.com\/index.php\/wp-json\/wp\/v2\/product\/4920","targetHints":{"allow":["GET"]}}],"collection":[{"href":"https:\/\/portifolioos-prontos.com\/index.php\/wp-json\/wp\/v2\/product"}],"about":[{"href":"https:\/\/portifolioos-prontos.com\/index.php\/wp-json\/wp\/v2\/types\/product"}],"version-history":[{"count":0,"href":"https:\/\/portifolioos-prontos.com\/index.php\/wp-json\/wp\/v2\/product\/4920\/revisions"}],"wp:featuredmedia":[{"embeddable":true,"href":"https:\/\/portifolioos-prontos.com\/index.php\/wp-json\/wp\/v2\/media\/5137"}],"wp:attachment":[{"href":"https:\/\/portifolioos-prontos.com\/index.php\/wp-json\/wp\/v2\/media?parent=4920"}],"wp:term":[{"taxonomy":"product_cat","embeddable":true,"href":"https:\/\/portifolioos-prontos.com\/index.php\/wp-json\/wp\/v2\/product_cat?post=4920"},{"taxonomy":"product_tag","embeddable":true,"href":"https:\/\/portifolioos-prontos.com\/index.php\/wp-json\/wp\/v2\/product_tag?post=4920"}],"curies":[{"name":"wp","href":"https:\/\/api.w.org\/{rel}","templated":true}]}}