{"id":49211,"date":"2026-02-13T08:05:19","date_gmt":"2026-02-13T11:05:19","guid":{"rendered":"https:\/\/portifolioos-prontos.com\/?post_type=product&#038;p=49211"},"modified":"2026-03-02T17:50:37","modified_gmt":"2026-03-02T20:50:37","slug":"estagio-supervisionado-i-radiologia-novo","status":"publish","type":"product","link":"https:\/\/portifolioos-prontos.com\/index.php\/product\/estagio-supervisionado-i-radiologia-novo\/","title":{"rendered":"Est\u00e1gio Supervisionado I Radiologia"},"content":{"rendered":"<p><strong>Est\u00e1gio Supervisionado I Radiologia<\/strong><\/p>\n<hr \/>\n<p>SUM\u00c1RIO<br \/>\n1 APRESENTA\u00c7\u00c3O &#8230;&#8230;&#8230;&#8230;&#8230;&#8230;&#8230;&#8230;&#8230;&#8230;&#8230;&#8230;&#8230;&#8230;&#8230;&#8230;&#8230;&#8230;&#8230;&#8230;&#8230;&#8230;&#8230;&#8230;&#8230; 3<br \/>\n2 INTRODU\u00c7\u00c3O &#8230;&#8230;&#8230;&#8230;&#8230;&#8230;&#8230;&#8230;&#8230;&#8230;&#8230;&#8230;&#8230;&#8230;&#8230;&#8230;&#8230;&#8230;&#8230;&#8230;&#8230;&#8230;&#8230;&#8230;&#8230;&#8230;&#8230; 4<br \/>\n3 ATIVIDADES DO ESTAGI\u00c1RIO &#8230;&#8230;&#8230;&#8230;&#8230;&#8230;&#8230;&#8230;&#8230;&#8230;&#8230;&#8230;&#8230;&#8230;&#8230;&#8230;&#8230;&#8230; 4<br \/>\n4 TEORIA EM PR\u00c1TICA &#8230;&#8230;&#8230;&#8230;&#8230;&#8230;&#8230;&#8230;&#8230;&#8230;&#8230;&#8230;&#8230;&#8230;&#8230;&#8230;&#8230;&#8230;&#8230;&#8230;&#8230;&#8230;&#8230; 6<br \/>\n5 TERMO DE VALIDA\u00c7\u00c3O DO RELAT\u00d3RIO &#8230;&#8230;&#8230;&#8230;&#8230;&#8230;&#8230;&#8230;&#8230;&#8230;&#8230;&#8230; 7<br \/>\n6 RELAT\u00d3RIO DOSIM\u00c9TRICO&#8230;&#8230;&#8230;&#8230;&#8230;&#8230;&#8230;&#8230;&#8230;&#8230;&#8230;&#8230;&#8230;&#8230;&#8230;&#8230;&#8230;&#8230;&#8230;&#8230;9<br \/>\nREFER\u00caNCIAS &#8230;&#8230;&#8230;&#8230;&#8230;&#8230;&#8230;&#8230;&#8230;&#8230;&#8230;&#8230;&#8230;&#8230;&#8230;&#8230;&#8230;&#8230;&#8230;&#8230;&#8230;&#8230;&#8230;&#8230;&#8230;&#8230;&#8230;&#8230;.10<\/p>\n<p><strong>1 APRESENTA\u00c7\u00c3O<\/strong><br \/>\nAluno(a) insira abaixo as informa\u00e7\u00f5es pertinentes \u00e0 apresenta\u00e7\u00e3o do est\u00e1gio<br \/>\nCurso<br \/>\nDisciplina<br \/>\nLocal de realiza\u00e7\u00e3o do est\u00e1gio<br \/>\n\u00c1rea que o campo de est\u00e1gio pertence<br \/>\nObjetivos do est\u00e1gio<br \/>\n1.<br \/>\n2.<br \/>\n3.<br \/>\nData inicial do est\u00e1gio<br \/>\nData final do est\u00e1gio<br \/>\nCarga-hor\u00e1ria<\/p>\n<p><strong>2 INTRODU\u00c7\u00c3O<\/strong><br \/>\nDescrever de forma detalhada o servi\u00e7o da \u00e1rea da sua gradua\u00e7\u00e3o<br \/>\nrealizado no campo de est\u00e1gio respondendo os itens abaixo:<br \/>\na) Caracteriza\u00e7\u00e3o do Servi\u00e7o (dados gerais da institui\u00e7\u00e3o \u2013 endere\u00e7o,<br \/>\nrespons\u00e1vel, organograma) e Caracter\u00edsticas do atendimento (tipo de servi\u00e7o,<br \/>\nn\u00famero de refeit\u00f3rio, turnos das refei\u00e7\u00f5es, n\u00famero de refei\u00e7\u00f5es, sistema de<br \/>\ndistribui\u00e7\u00e3o, modalidade de distribui\u00e7\u00e3o).<br \/>\nb) Caracter\u00edsticas F\u00edsicas e Estruturais (localiza\u00e7\u00e3o da edifica\u00e7\u00e3o, \u00e1rea total,<br \/>\ndescri\u00e7\u00e3o dos setores, condi\u00e7\u00f5es de piso, parede, teto, janelas, ventila\u00e7\u00e3o) e<br \/>\nElabora\u00e7\u00e3o e apresenta\u00e7\u00e3o do layout com descri\u00e7\u00e3o e avalia\u00e7\u00e3o do fluxograma<br \/>\ndo setor.<br \/>\nc) Caracter\u00edsticas dos Recursos Humanos (quadro de pessoal, n\u00famero de<br \/>\nfuncion\u00e1rios. taxa de absente\u00edsmo, cargos e fun\u00e7\u00f5es por setores, jornada de<br \/>\ntrabalho, escala de f\u00e9rias e folgas, sistema de recrutamento, sele\u00e7\u00e3o,<br \/>\ntreinamento e avalia\u00e7\u00e3o dos funcion\u00e1rios, Programa de controle m\u00e9dico de<br \/>\nsa\u00fade ocupacional &#8211; PCMSO, uniforme e higiene pessoal).<br \/>\nd) Controle de Qualidade (Sistemas de controle de qualidade; metodologia para<br \/>\ncontrole de qualidade de produtos e servi\u00e7os) e Controle microbiol\u00f3gicos das<br \/>\nrefei\u00e7\u00f5es.<br \/>\ne) Atendimentos especiais, acessibilidade.<br \/>\nf) Higieniza\u00e7\u00e3o (utens\u00edlios, equipamentos e ambiente), Manejo de res\u00edduos,<br \/>\nprogramas de monitoramento da qualidade.<br \/>\ng) Manuais, an\u00e1lise e\/ou elabora\u00e7\u00e3o de rotina; POPs.<br \/>\nh) Seguran\u00e7a do trabalho (acidentes de trabalho, Comiss\u00e3o Interna de Preven\u00e7\u00e3o<br \/>\nde Acidentes &#8211; CIPA, Equipamento de prote\u00e7\u00e3o individual &#8211; EPI, Servi\u00e7os<br \/>\nEspecializados em Engenharia de Seguran\u00e7a e em Medicina do Trabalho &#8211;<br \/>\nSESMT).<\/p>\n<p><strong>3 ATIVIDADES DO ESTAGI\u00c1RIO<\/strong><br \/>\nDescrever em forma de di\u00e1rio as atividades que foram desenvolvidas<br \/>\nno est\u00e1gio, deve-se detalhar atividades em campo (informa\u00e7\u00e3o da ficha de<br \/>\nacompanhamento), bem como as habilidades e conhecimentos desenvolvidos e<br \/>\nadquiridos na rotina di\u00e1ria, bem como atividades complementares como palestras,<br \/>\norienta\u00e7\u00f5es e outras.<br \/>\nExemplo:<br \/>\nData: 10 de outubro de 2024<br \/>\nHor\u00e1rio: 08h00 \u00e0s 14h00<br \/>\nInicialmente participei como ouvinte de uma breve reuni\u00e3o para<br \/>\nrevisar as tarefas do dia, garantir que todas as \u00e1reas estejam limpas e organizadas, e<br \/>\nconfirmar o card\u00e1pio.<br \/>\nNesse dia aconteceu o recebimento de materiais no setor. Os itens<br \/>\ninspecionados no recebimento foram&#8230;<br \/>\nForam atendidos no meu per\u00edodo de est\u00e1gio &#8230;pacientes e os exames<br \/>\nrealizados foram&#8230;.<\/p>\n<p><strong>4 TEORIA EM PR\u00c1TICA<\/strong><br \/>\nLembre-se de que cada desafio enfrentado durante o est\u00e1gio \u00e9 uma<br \/>\noportunidade para ampliar seus conhecimentos, fortalecer suas habilidades e fazer a<br \/>\ndiferen\u00e7a no campo da Radiologia.<br \/>\nPortanto, a partir da sua viv\u00eancia no est\u00e1gio, elabore um Plano de<br \/>\nA\u00e7\u00e3o de melhoria do setor. Encontre os pontos que voc\u00ea acredita que poderiam ser<br \/>\nmelhorados e descreva-os de forma sucinta.<br \/>\nEncarem esse desafio como um passo importante na constru\u00e7\u00e3o de<br \/>\nsuas carreiras e como uma chance de impactar positivamente a vida das pessoas. A<br \/>\ndedica\u00e7\u00e3o, a criatividade e o compromisso que voc\u00eas demonstrarem agora refletir\u00e3o<br \/>\nnos profissionais excepcionais que voc\u00eas est\u00e3o se tornando.<br \/>\nMantenham o foco, a confian\u00e7a e o entusiasmo para alcan\u00e7ar os<br \/>\nmelhores resultados, bons estudos!<\/p>\n<p><strong>5 TERMO DE VALIDA\u00c7\u00c3O DO RELAT\u00d3RIO<\/strong><br \/>\nEu, [Inserir nome do Acad\u00eamico], RA [Inserir RA do Acad\u00eamico], matriculado<br \/>\nno [Inserir o semestre] semestre do Curso de [Inserir Nome do Curso] da<br \/>\nmodalidade a Dist\u00e2ncia da [Inserir nome da Universidade], realizei as atividades de<br \/>\nest\u00e1gio [Inserir nome do Est\u00e1gio] no(a) [Inserir nome do local do est\u00e1gio], cumprindo<br \/>\nas atividades e a carga hor\u00e1ria previstas no respectivo Relat\u00f3rio de Est\u00e1gio.<br \/>\n___________________________<br \/>\nAssinatura do(a) Estagi\u00e1rio(a)<br \/>\n___________________________<br \/>\nAssinatura Supervisor de Est\u00e1gio<br \/>\nAp\u00f3s as respectivas assinaturas, digitalizar a ficha e inserir no relat\u00f3rio final.<br \/>\nN\u00ba do CRTR do Supervisor<\/p>\n<p><strong>6 RELAT\u00d3RIO DOSIM\u00c9TRICO<\/strong><br \/>\nAnexe aqui seu relat\u00f3rio dosim\u00e9trico obrigat\u00f3rio<\/p>\n<p><strong>REFER\u00caNCIAS<\/strong><br \/>\nSOBRENOME, Nome do autor. T\u00edtulo da obra. Edi\u00e7\u00e3o. Cidade: Editora, Ano de<br \/>\nPublica\u00e7\u00e3o.<br \/>\nAAKER, David Austin. Criando e administrando marcas de sucesso. S\u00e3o Paulo:<br \/>\nFutura, 1996.<br \/>\nALVES, Maria Leila. O papel equalizador do regime de colabora\u00e7\u00e3o estadomunic\u00edpio na pol\u00edtica de alfabetiza\u00e7\u00e3o. 1990. 283 f. Disserta\u00e7\u00e3o (Mestrado em<br \/>\nEduca\u00e7\u00e3o) &#8211; Universidade de Campinas, Campinas, 1990. Dispon\u00edvel em:<br \/>\n&lt;http:\/\/www.inep.gov.br\/cibec\/bbe-online\/&gt;. Acesso em: 28 set. 2001.<br \/>\nBRASIL. Consolida\u00e7\u00e3o das Leis do Trabalho. Texto do Decreto-Lei n.\u00ba 5.452, de 1<br \/>\nde maio de 1943, atualizado at\u00e9 a Lei n.\u00ba 9.756, de 17 de dezembro de 1998. 25 ed.<br \/>\natual. e aum. S\u00e3o Paulo: Saraiva, 1999.<br \/>\nCARVALHO, Maria Cec\u00edlia Maringoni de (Org.). Construindo o saber: metodologia<br \/>\ncientifica, fundamentos e t\u00e9cnicas. 5. ed. S\u00e3o Paulo: Papirus, 1995. 175 p.<br \/>\nCURITIBA. Secretaria da Justi\u00e7a. Relat\u00f3rio de atividades. Curitiba, 2004.<br \/>\nDEMO, Pedro. Metodologia do conhecimento cient\u00edfico. S\u00e3o Paulo: Atlas, 1999.<br \/>\n______. Pesquisa: princ\u00edpio cient\u00edfico e educativo. 6. ed. S\u00e3o Paulo: Cortez, 2000.<br \/>\nMAINGUENEAU, Dominique. Elementos de ling\u00fc\u00edstica para o texto liter\u00e1rio. S\u00e3o<br \/>\nPaulo: Martins Fontes, 1996.<br \/>\nRAMPAZZO, Lino. Metodologia cient\u00edfica: para alunos dos cursos de gradua\u00e7\u00e3o e<br \/>\np\u00f3s-gradua\u00e7\u00e3o. S\u00e3o Paulo: Stiliano, 1998.<br \/>\nREIS, Jos\u00e9 Lu\u00eds. O marketing personalizado e as tecnologias de Informa\u00e7\u00e3o.<br \/>\nLisboa: Centro Atl\u00e2ntico, 2000.<br \/>\nUNIVERSIDADE FEDERAL DO PARAN\u00c1. Biblioteca Central. Normas para<br \/>\napresenta\u00e7\u00e3o de trabalhos. 2. ed. Curitiba: UFPR, 1992. v. 2.<\/p>\n","protected":false},"excerpt":{"rendered":"<div class=\"product-short-description\"><strong>Pague pelo PIX ou cart\u00e3o e fa\u00e7a o download agora mesmo.<\/strong><\/div>\n<div class=\"sticky-add-to-cart-wrapper\">\n<div class=\"sticky-add-to-cart\">\n<p class=\"quantity buttons_added form-flat\"><img decoding=\"async\" class=\"lazyloaded smush-image-5 smush-image-3 smush-image-4 smush-detected-img smush-image-bigger-3\" src=\"https:\/\/d26lpennugtm8s.cloudfront.net\/assets\/common\/img\/logos\/payment\/visa@2x.png\" width=\"46\" height=\"29\" data-src=\"https:\/\/d26lpennugtm8s.cloudfront.net\/assets\/common\/img\/logos\/payment\/visa@2x.png\" \/><img decoding=\"async\" class=\"lazyloaded smush-image-6 smush-image-4 smush-image-5 smush-detected-img smush-image-bigger-4\" src=\"https:\/\/d26lpennugtm8s.cloudfront.net\/assets\/common\/img\/logos\/payment\/boleto@2x.png\" width=\"43\" height=\"27\" data-src=\"https:\/\/d26lpennugtm8s.cloudfront.net\/assets\/common\/img\/logos\/payment\/boleto@2x.png\" \/><img decoding=\"async\" class=\"lazyloaded smush-image-7 smush-image-5 smush-image-6 smush-detected-img smush-image-bigger-5\" src=\"https:\/\/d26lpennugtm8s.cloudfront.net\/assets\/common\/img\/logos\/payment\/mastercard@2x.png\" width=\"43\" height=\"27\" data-src=\"https:\/\/d26lpennugtm8s.cloudfront.net\/assets\/common\/img\/logos\/payment\/mastercard@2x.png\" \/><img loading=\"lazy\" decoding=\"async\" class=\"lazyloaded smush-image-8 smush-image-6 smush-image-7 smush-detected-img smush-image-bigger-6\" src=\"https:\/\/d26lpennugtm8s.cloudfront.net\/assets\/common\/img\/logos\/payment\/amex@2x.png\" width=\"43\" height=\"27\" data-src=\"https:\/\/d26lpennugtm8s.cloudfront.net\/assets\/common\/img\/logos\/payment\/amex@2x.png\" \/><img loading=\"lazy\" decoding=\"async\" class=\"lazyloaded smush-image-9 smush-image-7 smush-image-8 smush-detected-img smush-image-bigger-7\" src=\"https:\/\/d26lpennugtm8s.cloudfront.net\/assets\/common\/img\/logos\/payment\/diners@2x.png\" width=\"46\" height=\"29\" data-src=\"https:\/\/d26lpennugtm8s.cloudfront.net\/assets\/common\/img\/logos\/payment\/diners@2x.png\" \/><img loading=\"lazy\" decoding=\"async\" class=\"lazyloaded smush-image-10 smush-image-8 smush-image-9 alignnone smush-detected-img smush-image-bigger-8\" src=\"https:\/\/d26lpennugtm8s.cloudfront.net\/assets\/common\/img\/logos\/payment\/br\/elo@2x.png\" alt=\"portf\u00f3lio unopar anhanguera\" width=\"45\" height=\"28\" data-src=\"https:\/\/d26lpennugtm8s.cloudfront.net\/assets\/common\/img\/logos\/payment\/br\/elo@2x.png\" \/><img loading=\"lazy\" decoding=\"async\" class=\"lazyloaded smush-image-11 smush-image-9 smush-image-10 alignnone smush-detected-img smush-image-bigger-9\" src=\"https:\/\/d26lpennugtm8s.cloudfront.net\/assets\/common\/img\/logos\/payment\/br\/hipercard@2x.png\" alt=\"portf\u00f3lio unopar anhanguera\" width=\"44\" height=\"28\" data-src=\"https:\/\/d26lpennugtm8s.cloudfront.net\/assets\/common\/img\/logos\/payment\/br\/hipercard@2x.png\" \/><img loading=\"lazy\" decoding=\"async\" class=\"lazyloaded smush-image-12 smush-image-10 smush-image-11 alignnone smush-detected-img smush-image-bigger-10\" src=\"https:\/\/d26lpennugtm8s.cloudfront.net\/assets\/common\/img\/logos\/payment\/mercadopago@2x.png\" alt=\"portf\u00f3lio unopar anhanguera\" width=\"45\" height=\"28\" data-src=\"https:\/\/d26lpennugtm8s.cloudfront.net\/assets\/common\/img\/logos\/payment\/mercadopago@2x.png\" \/><\/p>\n<\/div>\n<\/div>\n","protected":false},"featured_media":49212,"template":"","meta":{"_seopress_robots_primary_cat":"none","_seopress_titles_title":"","_seopress_titles_desc":"","_seopress_robots_index":""},"product_cat":[67],"product_tag":[],"class_list":{"0":"post-49211","1":"product","2":"type-product","3":"status-publish","4":"has-post-thumbnail","6":"product_cat-radiologia","8":"first","9":"instock","10":"downloadable","11":"virtual","12":"purchasable","13":"product-type-simple","14":"col-xs-6 col-sm-4","15":"col-mf-5","16":"un-5-cols"},"jetpack_sharing_enabled":true,"_links":{"self":[{"href":"https:\/\/portifolioos-prontos.com\/index.php\/wp-json\/wp\/v2\/product\/49211","targetHints":{"allow":["GET"]}}],"collection":[{"href":"https:\/\/portifolioos-prontos.com\/index.php\/wp-json\/wp\/v2\/product"}],"about":[{"href":"https:\/\/portifolioos-prontos.com\/index.php\/wp-json\/wp\/v2\/types\/product"}],"version-history":[{"count":2,"href":"https:\/\/portifolioos-prontos.com\/index.php\/wp-json\/wp\/v2\/product\/49211\/revisions"}],"predecessor-version":[{"id":49218,"href":"https:\/\/portifolioos-prontos.com\/index.php\/wp-json\/wp\/v2\/product\/49211\/revisions\/49218"}],"wp:featuredmedia":[{"embeddable":true,"href":"https:\/\/portifolioos-prontos.com\/index.php\/wp-json\/wp\/v2\/media\/49212"}],"wp:attachment":[{"href":"https:\/\/portifolioos-prontos.com\/index.php\/wp-json\/wp\/v2\/media?parent=49211"}],"wp:term":[{"taxonomy":"product_cat","embeddable":true,"href":"https:\/\/portifolioos-prontos.com\/index.php\/wp-json\/wp\/v2\/product_cat?post=49211"},{"taxonomy":"product_tag","embeddable":true,"href":"https:\/\/portifolioos-prontos.com\/index.php\/wp-json\/wp\/v2\/product_tag?post=49211"}],"curies":[{"name":"wp","href":"https:\/\/api.w.org\/{rel}","templated":true}]}}