{"id":49259,"date":"2026-02-16T11:02:34","date_gmt":"2026-02-16T14:02:34","guid":{"rendered":"https:\/\/portifolioos-prontos.com\/?post_type=product&#038;p=49259"},"modified":"2026-03-02T17:46:11","modified_gmt":"2026-03-02T20:46:11","slug":"aula-pratica-garde-manger-cozinha-fria-https-portifolioos-prontos-com-index-php-product-aula-pratica-garde-manger-cozinha-fria-u1-introducaoaacozinhafria","status":"publish","type":"product","link":"https:\/\/portifolioos-prontos.com\/index.php\/product\/aula-pratica-garde-manger-cozinha-fria-https-portifolioos-prontos-com-index-php-product-aula-pratica-garde-manger-cozinha-fria-u1-introducaoaacozinhafria\/","title":{"rendered":"Aula Pr\u00e1tica Garde Manger &#8211; Cozinha Fria &#8211; U1_INTRODUCAO_A_COZINHA_FRIA"},"content":{"rendered":"<p data-start=\"0\" data-end=\"46\"><strong data-start=\"0\" data-end=\"46\">AULA PR\u00c1TICA \u2013 GARDE MANGER \u2013 COZINHA FRIA<\/strong><\/p>\n<p data-start=\"52\" data-end=\"79\"><strong data-start=\"52\" data-end=\"79\">ROTEIRO DE AULA PR\u00c1TICA<\/strong><\/p>\n<p data-start=\"85\" data-end=\"136\"><strong data-start=\"85\" data-end=\"136\">NOME DA DISCIPLINA: GARDE MANGER \u2013 COZINHA FRIA<\/strong><\/p>\n<p data-start=\"142\" data-end=\"181\">Unidade: U1_INTRODUCAO_A_COZINHA_FRIA<\/p>\n<p data-start=\"183\" data-end=\"214\">Aula: A4_ASPICS_E_SOPAS_FRIAS<\/p>\n<p data-start=\"220\" data-end=\"233\"><strong data-start=\"220\" data-end=\"233\">OBJETIVOS<\/strong><\/p>\n<p data-start=\"239\" data-end=\"281\">Defini\u00e7\u00e3o dos objetivos da aula pr\u00e1tica:<\/p>\n<p data-start=\"283\" data-end=\"335\">Realizar o preparo e a finaliza\u00e7\u00e3o de um Gazpacho.<\/p>\n<p data-start=\"341\" data-end=\"360\"><strong data-start=\"341\" data-end=\"360\">SOLU\u00c7\u00c3O DIGITAL<\/strong><\/p>\n<p data-start=\"366\" data-end=\"381\">N\u00c3O SE APLICA<\/p>\n<p data-start=\"387\" data-end=\"426\"><strong data-start=\"387\" data-end=\"426\">PROCEDIMENTOS PR\u00c1TICOS E APLICA\u00c7\u00d5ES<\/strong><\/p>\n<p data-start=\"432\" data-end=\"463\"><strong data-start=\"432\" data-end=\"463\">Procedimento\/Atividade n\u00ba 1<\/strong><\/p>\n<p data-start=\"469\" data-end=\"526\">Inserir o nome do experimento: Pr\u00e1ticas da Cozinha Fria<\/p>\n<p data-start=\"532\" data-end=\"553\">Atividade proposta:<\/p>\n<p data-start=\"555\" data-end=\"607\">Realizar o preparo e a finaliza\u00e7\u00e3o de um Gazpacho.<\/p>\n<p data-start=\"613\" data-end=\"661\"><strong data-start=\"613\" data-end=\"661\">Procedimentos para a realiza\u00e7\u00e3o da atividade<\/strong><\/p>\n<p data-start=\"667\" data-end=\"802\">Reproduza a receita apresentada no v\u00eddeo acessando o link abaixo. A receita do Gaspacho vai do minuto 04:55 ao minuto 10:57 do v\u00eddeo.<\/p>\n<p data-start=\"804\" data-end=\"855\"><a class=\"decorated-link\" href=\"https:\/\/mdstrm.com\/embed\/647f18eae140b835ffaf309d\" target=\"_new\" rel=\"noopener\" data-start=\"804\" data-end=\"853\">https:\/\/mdstrm.com\/embed\/647f18eae140b835ffaf309d<\/a><\/p>\n<p data-start=\"861\" data-end=\"908\"><strong data-start=\"861\" data-end=\"908\">Ingredientes para a realiza\u00e7\u00e3o da atividade<\/strong><\/p>\n<p data-start=\"914\" data-end=\"936\">Tomate maduro \u00bd kilo<\/p>\n<p data-start=\"938\" data-end=\"959\">Piment\u00e3o verde 1 un<\/p>\n<p data-start=\"961\" data-end=\"982\">Pepino japon\u00eas 1 un<\/p>\n<p data-start=\"984\" data-end=\"1014\">P\u00e3o de forma branco 2 fatias<\/p>\n<p data-start=\"1016\" data-end=\"1038\">Azeite de oliva q.b.<\/p>\n<p data-start=\"1040\" data-end=\"1071\">Vinagre de vinho branco 10 ml<\/p>\n<p data-start=\"1073\" data-end=\"1088\">Alho 4 dentes<\/p>\n<p data-start=\"1090\" data-end=\"1108\">Cebola 1 unidade<\/p>\n<p data-start=\"1110\" data-end=\"1120\">Sal q.b.<\/p>\n<p data-start=\"1122\" data-end=\"1136\">Pimenta q.b.<\/p>\n<p data-start=\"1138\" data-end=\"1179\">Processador ou liquidificador 1 unidade<\/p>\n<p data-start=\"1181\" data-end=\"1202\">Assadeira 1 unidade<\/p>\n<p data-start=\"1204\" data-end=\"1228\">Copo ou Bowl 1 unidade<\/p>\n<p data-start=\"1234\" data-end=\"1253\"><strong data-start=\"1234\" data-end=\"1253\">Modo de Preparo<\/strong><\/p>\n<p data-start=\"1259\" data-end=\"1334\">Misture a mostarda com o vinagre, at\u00e9 que se torne uma mistura homog\u00eanea.<\/p>\n<p data-start=\"1336\" data-end=\"1461\">Acrescente o azeite e misture novamente at\u00e9 que se torne uma mistura homog\u00eanea, para facilitar o processo, utilize um fu\u00eat.<\/p>\n<p data-start=\"1463\" data-end=\"1583\">Em seguida acrescente o mel, neste ponto corrija o sal e a pimenta para que seu vinagrete fique com sabor equilibrado.<\/p>\n<p data-start=\"1589\" data-end=\"1616\"><strong data-start=\"1589\" data-end=\"1616\">Avaliando os resultados<\/strong><\/p>\n<p data-start=\"1622\" data-end=\"1667\">Apresente por meio de fotos de sua autoria:<\/p>\n<ul data-start=\"1669\" data-end=\"1794\">\n<li data-start=\"1669\" data-end=\"1703\">\n<p data-start=\"1671\" data-end=\"1703\">O mise en place da prepara\u00e7\u00e3o;<\/p>\n<\/li>\n<li data-start=\"1705\" data-end=\"1728\">\n<p data-start=\"1707\" data-end=\"1728\">Os legumes assados;<\/p>\n<\/li>\n<li data-start=\"1730\" data-end=\"1767\">\n<p data-start=\"1732\" data-end=\"1767\">O processamento dos ingredientes;<\/p>\n<\/li>\n<li data-start=\"1769\" data-end=\"1790\">\n<p data-start=\"1771\" data-end=\"1790\">Prato finalizado.<\/p>\n<\/li>\n<\/ul>\n<p data-start=\"1796\" data-end=\"1809\"><strong data-start=\"1796\" data-end=\"1809\">Checklist<\/strong><\/p>\n<p data-start=\"1815\" data-end=\"1831\">\u2713 Ingredientes<\/p>\n<p data-start=\"1833\" data-end=\"1866\">\u2713 Processador ou liquidificador<\/p>\n<p data-start=\"1868\" data-end=\"1884\">\u2713 Copo ou Bowl<\/p>\n<p data-start=\"1886\" data-end=\"1904\">\u2713 Montar o prato<\/p>\n<p data-start=\"1910\" data-end=\"1924\"><strong data-start=\"1910\" data-end=\"1924\">RESULTADOS<\/strong><\/p>\n<p data-start=\"1930\" data-end=\"1958\">Resultados do experimento:<\/p>\n<p data-start=\"1960\" data-end=\"2267\">Ao final dessa aula pr\u00e1tica, voc\u00ea dever\u00e1 enviar um arquivo em Word contendo as informa\u00e7\u00f5es obtidas no experimento, as fotos de sua autoria que apresentem: o mise en place da prepara\u00e7\u00e3o; os legumes assados; o processamento dos ingredientes e o prato finalizado. O arquivo n\u00e3o pode exceder o tamanho de 2Mb.<\/p>\n<p data-start=\"2269\" data-end=\"2321\">\u2022 Refer\u00eancias bibliogr\u00e1ficas ABNT (quando houver).<\/p>\n<p data-start=\"2327\" data-end=\"2356\">Resultados de Aprendizagem:<\/p>\n<p data-start=\"2358\" data-end=\"2425\" data-is-last-node=\"\" data-is-only-node=\"\">Como resultados dessa pr\u00e1tica ser\u00e1 poss\u00edvel reproduzir um Gazpacho.<\/p>\n<div class=\"elementor-toggle-item\">\n<p id=\"elementor-tab-title-1941\" class=\"elementor-tab-title elementor-active\" tabindex=\"0\" role=\"tab\" data-tab=\"1\" aria-controls=\"elementor-tab-content-1941\" aria-expanded=\"true\" aria-selected=\"true\"><strong>Como funciona?<\/strong><\/p>\n<p>Elaboramos os portf\u00f3lios, j\u00e1 deixamos prontos, nas normas da ABNT e conforme os requisitos da universidade. F\u00e1cil assim! O MELHOR \u00c9 QUE VOC\u00ca COMPRA E J\u00c1 BAIXA NA HORA O SEU ARQUIVO EM WORD! Sabemos que conciliar trabalho, fam\u00edlia, vida profissional e estudos \u00e9 dif\u00edcil hoje em dia, por isso, estamos aqui para ajudar voc\u00ea. Conte com nossa qualidade, experi\u00eancia e profissionalismo adquirindo seu portf\u00f3lio conosco. GARANTIMOS SEU CONCEITO!<\/p>\n<p><strong>Como se realizam os envios?<\/strong><\/p>\n<\/div>\n<p id=\"elementor-tab-content-1942\" class=\"elementor-tab-content elementor-clearfix elementor-active\" role=\"tabpanel\" data-tab=\"2\" aria-labelledby=\"elementor-tab-title-1942\">O seu trabalho \u00e9 disponibilizado pronto, respondido e nas normas j\u00e1 na mesma hora aqui em nosso site na sua \u00e1rea de downloads e tamb\u00e9m no seu e-mail.<\/p>\n<p><strong>Em quanto tempo recebo o portf\u00f3lio?<\/strong><\/p>\n<p>Os envios s\u00e3o imediatos. Ap\u00f3s sua compra, o trabalho j\u00e1 \u00e9 disponibilizado instantaneamente aqui em nosso site e no seu e-mail.<\/p>\n<p><strong>E se o portf\u00f3lio que comprei precisar de corre\u00e7\u00e3o?<\/strong><\/p>\n<p>Caso haja alguma solicita\u00e7\u00e3o de corre\u00e7\u00e3o\/altera\u00e7\u00e3o por parte do tutor, basta entrar em contato conosco pelo\u00a0WhatsApp\u00a0que provid\u00eanciaremos sem custo algum.<\/p>\n<p><strong>Qual o formato do arquivo?<\/strong><\/p>\n<p>Os arquivos s\u00e3o enviados em formato Word e s\u00e3o edit\u00e1veis.<\/p>\n<p><strong>Caso eu tiver alguma d\u00favida, terei suporte no p\u00f3s venda?<\/strong><\/p>\n<p>Sim, com certeza. Basta clicar no \u00edcone do WhatsApp no cantinho da tela. Ser\u00e1 um prazer atend\u00ea-lo(a).<\/p>\n<div id=\"elementor-tab-content-1948\" class=\"elementor-tab-content elementor-clearfix elementor-active\" role=\"tabpanel\" data-tab=\"8\" aria-labelledby=\"elementor-tab-title-1948\">\n<p><strong>Quais os seus canais de contato?<\/strong><\/p>\n<\/div>\n<div id=\"elementor-tab-content-1949\" class=\"elementor-tab-content elementor-clearfix elementor-active\" role=\"tabpanel\" data-tab=\"9\" aria-labelledby=\"elementor-tab-title-1949\">\n<p>Whatsapp: 53 984751621 \u2013 Clicar no canto da tela ou ESCANEIE O QRCODE ABAIXO<\/p>\n<h4><img decoding=\"async\" class=\"alignnone wp-image-13699 jetpack-lazy-image jetpack-lazy-image--handled\" src=\"https:\/\/i0.wp.com\/portifolioos-prontos.com\/wp-content\/uploads\/2023\/02\/whatsapp-business-projeto-de-extensao-300x300.jpeg?resize=144%2C144\" sizes=\"(max-width: 144px) 100vw, 144px\" srcset=\"https:\/\/i0.wp.com\/portifolioos-prontos.com\/wp-content\/uploads\/2023\/02\/whatsapp-business-projeto-de-extensao.jpeg?resize=300%2C301&amp;ssl=1 300w, https:\/\/i0.wp.com\/portifolioos-prontos.com\/wp-content\/uploads\/2023\/02\/whatsapp-business-projeto-de-extensao.jpeg?resize=150%2C150&amp;ssl=1 150w, https:\/\/i0.wp.com\/portifolioos-prontos.com\/wp-content\/uploads\/2023\/02\/whatsapp-business-projeto-de-extensao.jpeg?resize=370%2C372&amp;ssl=1 370w, https:\/\/i0.wp.com\/portifolioos-prontos.com\/wp-content\/uploads\/2023\/02\/whatsapp-business-projeto-de-extensao.jpeg?resize=100%2C100&amp;ssl=1 100w, https:\/\/i0.wp.com\/portifolioos-prontos.com\/wp-content\/uploads\/2023\/02\/whatsapp-business-projeto-de-extensao.jpeg?w=470&amp;ssl=1 470w\" alt=\"projeto de extens\u00e3o unopar\" width=\"144\" height=\"144\" data-lazy-loaded=\"1\" \/><\/h4>\n<\/div>\n<div class=\"elementor-toggle-item\">\n<div id=\"elementor-tab-content-1949\" class=\"elementor-tab-content elementor-clearfix elementor-active\" role=\"tabpanel\" data-tab=\"9\" aria-labelledby=\"elementor-tab-title-1949\">\n<p>E-mail:portifoliosp@gmail.com<\/p>\n<div id=\"attachment_143\" class=\"wp-caption alignnone\">\n<div id=\"attachment_143\" class=\"wp-caption alignnone\">\n<p id=\"caption-attachment-143\" class=\"wp-caption-text\"><a href=\"http:\/\/portfolio-pronto.com\/\">Portf\u00f3lio<\/a>\u00a0em Word, respondido, completo e j\u00e1 nas normas<\/p>\n<\/div>\n<\/div>\n<\/div>\n<\/div>\n","protected":false},"excerpt":{"rendered":"<div class=\"product-short-description\">\n<p><strong>Pague pelo PIX ou cart\u00e3o e fa\u00e7a o download agora mesmo.<\/strong><\/p>\n<\/div>\n<div class=\"sticky-add-to-cart-wrapper\">\n<div class=\"sticky-add-to-cart\">\n<p class=\"quantity buttons_added form-flat\"><img decoding=\"async\" class=\"lazyloaded smush-image-5 smush-image-3 smush-image-4 smush-detected-img smush-image-bigger-3\" src=\"https:\/\/d26lpennugtm8s.cloudfront.net\/assets\/common\/img\/logos\/payment\/visa@2x.png\" width=\"46\" height=\"29\" data-src=\"https:\/\/d26lpennugtm8s.cloudfront.net\/assets\/common\/img\/logos\/payment\/visa@2x.png\" \/><img decoding=\"async\" class=\"lazyloaded smush-image-6 smush-image-4 smush-image-5 smush-detected-img smush-image-bigger-4\" src=\"https:\/\/d26lpennugtm8s.cloudfront.net\/assets\/common\/img\/logos\/payment\/boleto@2x.png\" width=\"43\" height=\"27\" data-src=\"https:\/\/d26lpennugtm8s.cloudfront.net\/assets\/common\/img\/logos\/payment\/boleto@2x.png\" \/><img loading=\"lazy\" decoding=\"async\" class=\"lazyloaded smush-image-7 smush-image-5 smush-image-6 smush-detected-img smush-image-bigger-5\" src=\"https:\/\/d26lpennugtm8s.cloudfront.net\/assets\/common\/img\/logos\/payment\/mastercard@2x.png\" width=\"43\" height=\"27\" data-src=\"https:\/\/d26lpennugtm8s.cloudfront.net\/assets\/common\/img\/logos\/payment\/mastercard@2x.png\" \/><img loading=\"lazy\" decoding=\"async\" class=\"lazyloaded smush-image-8 smush-image-6 smush-image-7 smush-detected-img smush-image-bigger-6\" src=\"https:\/\/d26lpennugtm8s.cloudfront.net\/assets\/common\/img\/logos\/payment\/amex@2x.png\" width=\"43\" height=\"27\" data-src=\"https:\/\/d26lpennugtm8s.cloudfront.net\/assets\/common\/img\/logos\/payment\/amex@2x.png\" \/><img loading=\"lazy\" decoding=\"async\" class=\"lazyloaded smush-image-9 smush-image-7 smush-image-8 smush-detected-img smush-image-bigger-7\" src=\"https:\/\/d26lpennugtm8s.cloudfront.net\/assets\/common\/img\/logos\/payment\/diners@2x.png\" width=\"46\" height=\"29\" data-src=\"https:\/\/d26lpennugtm8s.cloudfront.net\/assets\/common\/img\/logos\/payment\/diners@2x.png\" \/><img loading=\"lazy\" decoding=\"async\" class=\"lazyloaded smush-image-10 smush-image-8 smush-image-9 alignnone smush-detected-img smush-image-bigger-8\" src=\"https:\/\/d26lpennugtm8s.cloudfront.net\/assets\/common\/img\/logos\/payment\/br\/elo@2x.png\" alt=\"portf\u00f3lio unopar anhanguera\" width=\"45\" height=\"28\" data-src=\"https:\/\/d26lpennugtm8s.cloudfront.net\/assets\/common\/img\/logos\/payment\/br\/elo@2x.png\" \/><img loading=\"lazy\" decoding=\"async\" class=\"lazyloaded smush-image-11 smush-image-9 smush-image-10 alignnone smush-detected-img smush-image-bigger-9\" src=\"https:\/\/d26lpennugtm8s.cloudfront.net\/assets\/common\/img\/logos\/payment\/br\/hipercard@2x.png\" alt=\"portf\u00f3lio unopar anhanguera\" width=\"44\" height=\"28\" data-src=\"https:\/\/d26lpennugtm8s.cloudfront.net\/assets\/common\/img\/logos\/payment\/br\/hipercard@2x.png\" \/><img loading=\"lazy\" decoding=\"async\" class=\"lazyloaded smush-image-12 smush-image-10 smush-image-11 alignnone smush-detected-img smush-image-bigger-10\" src=\"https:\/\/d26lpennugtm8s.cloudfront.net\/assets\/common\/img\/logos\/payment\/mercadopago@2x.png\" alt=\"portf\u00f3lio unopar anhanguera\" width=\"45\" height=\"28\" data-src=\"https:\/\/d26lpennugtm8s.cloudfront.net\/assets\/common\/img\/logos\/payment\/mercadopago@2x.png\" \/><\/p>\n<\/div>\n<\/div>\n","protected":false},"featured_media":49255,"template":"","meta":{"_seopress_robots_primary_cat":"none","_seopress_titles_title":"","_seopress_titles_desc":"","_seopress_robots_index":""},"product_cat":[65],"product_tag":[],"class_list":{"0":"post-49259","1":"product","2":"type-product","3":"status-publish","4":"has-post-thumbnail","6":"product_cat-gastronomia","8":"first","9":"instock","10":"shipping-taxable","11":"purchasable","12":"product-type-simple","13":"col-xs-6 col-sm-4","14":"col-mf-5","15":"un-5-cols"},"jetpack_sharing_enabled":true,"_links":{"self":[{"href":"https:\/\/portifolioos-prontos.com\/index.php\/wp-json\/wp\/v2\/product\/49259","targetHints":{"allow":["GET"]}}],"collection":[{"href":"https:\/\/portifolioos-prontos.com\/index.php\/wp-json\/wp\/v2\/product"}],"about":[{"href":"https:\/\/portifolioos-prontos.com\/index.php\/wp-json\/wp\/v2\/types\/product"}],"version-history":[{"count":4,"href":"https:\/\/portifolioos-prontos.com\/index.php\/wp-json\/wp\/v2\/product\/49259\/revisions"}],"predecessor-version":[{"id":49834,"href":"https:\/\/portifolioos-prontos.com\/index.php\/wp-json\/wp\/v2\/product\/49259\/revisions\/49834"}],"wp:featuredmedia":[{"embeddable":true,"href":"https:\/\/portifolioos-prontos.com\/index.php\/wp-json\/wp\/v2\/media\/49255"}],"wp:attachment":[{"href":"https:\/\/portifolioos-prontos.com\/index.php\/wp-json\/wp\/v2\/media?parent=49259"}],"wp:term":[{"taxonomy":"product_cat","embeddable":true,"href":"https:\/\/portifolioos-prontos.com\/index.php\/wp-json\/wp\/v2\/product_cat?post=49259"},{"taxonomy":"product_tag","embeddable":true,"href":"https:\/\/portifolioos-prontos.com\/index.php\/wp-json\/wp\/v2\/product_tag?post=49259"}],"curies":[{"name":"wp","href":"https:\/\/api.w.org\/{rel}","templated":true}]}}