{"id":49650,"date":"2026-02-25T12:34:21","date_gmt":"2026-02-25T15:34:21","guid":{"rendered":"https:\/\/portifolioos-prontos.com\/?post_type=product&#038;p=49650"},"modified":"2026-02-25T12:37:09","modified_gmt":"2026-02-25T15:37:09","slug":"projeto-de-extensao-iv-engenharia-civil","status":"publish","type":"product","link":"https:\/\/portifolioos-prontos.com\/index.php\/product\/projeto-de-extensao-iv-engenharia-civil\/","title":{"rendered":"Projeto de Extens\u00e3o IV &#8211; Engenharia Civil"},"content":{"rendered":"<p><strong>Projeto de Extens\u00e3o IV &#8211; Engenharia Civil<\/strong><\/p>\n<hr \/>\n<p>CURSO:<br \/>\nENGENHARIA CIVIL &#8211; BACHARELADO<br \/>\nCOMPONENTE CURRICULAR:<br \/>\nPROJETO DE EXTENS\u00c3O IV &#8211; ENGENHARIA CIVIL<br \/>\nPROGRAMA DE EXTENS\u00c3O:<br \/>\nPROGRAMA DE INOVA\u00c7\u00c3O E EMPREENDEDORISMO.<br \/>\nFINALIDADE E MOTIVA\u00c7\u00c3O:<br \/>\nA finalidade da extens\u00e3o no Programa de Inova\u00e7\u00e3o e Empreendedorismo est\u00e1 na<br \/>\narticula\u00e7\u00e3o de m\u00faltiplas compet\u00eancias desenvolvidas durante o curso, criando<br \/>\nsolu\u00e7\u00f5es de produtos e servi\u00e7os em que que atenda as necessidades do outro, de<br \/>\nforma emp\u00e1tica, eficaz e sustent\u00e1vel, trazendo a tecnologia e o conhecimento da<br \/>\nengenharia civil para a sociedade, beneficiando a comunidade local com o<br \/>\nconhecimento adquirido. Os locais que poder\u00e3o contemplar esse projeto<br \/>\nextensionista podem ser: parcerias com a prefeitura; associa\u00e7\u00f5es de bairros, escolas,<br \/>\npra\u00e7as da cidade, parcerias com empresas p\u00fablicas e privadas, casas de repouso,<br \/>\ncreches, edifica\u00e7\u00f5es p\u00fablicas com foco em sistemas de infraestrutura da cidade<br \/>\n(pavimenta\u00e7\u00e3o, instala\u00e7\u00f5es hidrossanit\u00e1rias, instala\u00e7\u00f5es el\u00e9tricas e sistemas de<br \/>\ndrenagem e transportes).<br \/>\nCOMPET\u00caNCIAS:<br \/>\nI &#8211; Aplicar conhecimentos cient\u00edficos, tecnol\u00f3gicos e instrumentais \u00e0s pr\u00e1ticas de<br \/>\nEngenharia Civil;<br \/>\nII &#8211; Identificar, formular e resolver problemas de Engenharia Civil;<br \/>\nIII &#8211; Desenvolver e utilizar novos materiais, ferramentas e t\u00e9cnicas;<br \/>\nIV &#8211; Gerenciar empreendimentos, obras e servi\u00e7os de Engenharia Civil.<br \/>\nPERFIL DO EGRESSO:<br \/>\nO perfil do egresso idealizado pela IES para o curso de Engenharia Civil possibilita a<br \/>\nforma\u00e7\u00e3o do engenheiro civil cr\u00edtico, reflexivo, criativo, vis\u00e3o hol\u00edstica, humanista e<br \/>\n\u00e9tico, capaz de aplicar tecnologias inerentes \u00e0 sua \u00e1rea de atua\u00e7\u00e3o, sendo que pelas<br \/>\natividades extensionistas vinculadas ao Programa de Inova\u00e7\u00e3o e Empreendedorismo,<br \/>\nesse egresso poder\u00e1 desenvolver habilidades e capacidade para atuar de modo<br \/>\n2<br \/>\nrespons\u00e1vel e comprometido, interagindo com as novas situa\u00e7\u00f5es e demandas da<br \/>\nsociedade, com isen\u00e7\u00e3o e responsabilidade social, comprometido com legisla\u00e7\u00e3o e<br \/>\natos normativos do exerc\u00edcio do profissional, primando pela busca do conhecimento<br \/>\ne da aprendizagem aut\u00f4noma, investigativa, empreendedora e cooperativa com o<br \/>\nemprego de perspectivas multidisciplinares. Ainda, desenvolver a capacidade de<br \/>\nplanejamento e condu\u00e7\u00e3o de experimentos; exercer atividades de concep\u00e7\u00e3o,<br \/>\nsupervis\u00e3o, coordena\u00e7\u00e3o; analisar, interpretar e agir em situa\u00e7\u00f5es pertinentes \u00e0<br \/>\nengenharia civil, a partir de atitudes cr\u00edticas, reflexivas e \u00e9ticas, pois adquiriram<br \/>\nhabilidades suficientes para, eticamente, atuar em projetos de constru\u00e7\u00e3o civil e de<br \/>\ninfraestrutura, utilizando t\u00e9cnicas adequadas de observa\u00e7\u00e3o, compreendendo as<br \/>\nnecessidades da sociedade, com forte forma\u00e7\u00e3o t\u00e9cnica e embasamento te\u00f3rico,<br \/>\nespecificando materiais de constru\u00e7\u00e3o e controlando a qualidade dos processos.<br \/>\nSOFT SKILLS (COMPET\u00caNCIAS SOCIOEMOCIONAIS):<br \/>\nTomada de Decis\u00e3o<br \/>\nAn\u00e1lise e resolu\u00e7\u00e3o de problemas<br \/>\nAprendizado Ativo<br \/>\nOBJETIVOS DE APRENDIZAGEM:<br \/>\nOs objetivos da extens\u00e3o em Engenharia Civil vinculados ao Programa de Inova\u00e7\u00e3o e<br \/>\nEmpreendedorismo est\u00e3o relacionados com a dissemina\u00e7\u00e3o do saber t\u00e9cnico das<br \/>\n\u00e1reas da engenharia civil para a comunidade local, prestando servi\u00e7os e<br \/>\ndesenvolvendo produtos que possam solucionar problem\u00e1ticas identificadas na<br \/>\ncomunidade, trazendo maior seguran\u00e7a, efici\u00eancia e conforto, atendendo a sociedade<br \/>\nnas necessidades e transferindo conhecimento acad\u00eamico para a comunidade,<br \/>\npreparando o egresso para uma atua\u00e7\u00e3o global, focado no mercado de trabalho,<br \/>\nconsci\u00eancia social, \u00e9tica e desenvolvimento de compet\u00eancias de aplica\u00e7\u00e3o de projetos<br \/>\ne solu\u00e7\u00f5es t\u00e9cnicas na sua \u00e1rea de forma\u00e7\u00e3o<br \/>\nCONTE\u00daDOS:<br \/>\nI &#8211; Express\u00e3o gr\u00e1fica;<br \/>\nII &#8211; Constru\u00e7\u00e3o civil;<br \/>\nIII &#8211; Transportes.<br \/>\nINDICA\u00c7\u00d5ES BIBLIOGR\u00c1FICAS:<br \/>\nCUNHA, Alessandra Martins &#8230;[et al]. Constru\u00e7\u00e3o civil. Porto Alegre : SAGAH, 2017.<br \/>\nCORREA, Roberto Machado. Desenho t\u00e9cnico civil: projetos de edif\u00edcios e outras<br \/>\nconstru\u00e7\u00f5es. Rio de Janeiro: Elsevier, 2019.<br \/>\nABITANTE, Andr\u00e9 Lu\u00eds &#8230;[et al.]. Tecnologia e economia dos transportes. Porto Alegre<br \/>\n: SAGAH, 2017.<br \/>\nRELAT\u00d3RIO FINAL:<br \/>\nAluno e Aluna, ap\u00f3s realizar suas atividades de extens\u00e3o, \u00e9 necess\u00e1rio que voc\u00ea o formalize,<br \/>\nenviando esse Relat\u00f3rio Final para ser avaliado junto ao seu Ambiente Virtual (AVA) e<br \/>\ntamb\u00e9m para voc\u00ea poder comprovar sua atua\u00e7\u00e3o.<br \/>\n3<br \/>\nPara o preenchimento, busque as anota\u00e7\u00f5es junto ao TEMPLATE PCDA para auxiliar na<br \/>\napresenta\u00e7\u00e3o das atividades desenvolvidas.<br \/>\nTodos os campos s\u00e3o de preenchimento obrigat\u00f3rio!<br \/>\nDESCRI\u00c7\u00c3O DA A\u00c7\u00c3O COM RESULTADOS ALCAN\u00c7ADOS<br \/>\nMetas dos Objetivos de Desenvolvimento Sustent\u00e1vel (ODS) aderentes a este projeto:<br \/>\nCAMPO OBRIGAT\u00d3RIO \u2013 busque no seu Template PDCA quais Metas voc\u00ea selecionou como<br \/>\naderentes ao seu projeto, conforme cada Objetivo de Desenvolvimento Sustent\u00e1vel (ODS)<br \/>\nda Organiza\u00e7\u00e3o das Na\u00e7\u00f5es Unidas (ONU) que voc\u00ea explorou no seu planejamento.<br \/>\nListe as Metas selecionadas (pelo menos uma op\u00e7\u00e3o):<br \/>\nLocal de realiza\u00e7\u00e3o da atividade extensionista:<br \/>\nDurante a a\u00e7\u00e3o:<br \/>\nCaso necess\u00e1rio, houve mudan\u00e7a de estrat\u00e9gia para alcan\u00e7ar o resultado:<br \/>\nResultado da a\u00e7\u00e3o:<br \/>\nConclus\u00e3o:<br \/>\nDepoimentos (se houver):<br \/>\nRELATE SUA PERCEP\u00c7\u00c3O DAS A\u00c7\u00d5ES EXTENSIONISTAS REALIZADAS NO<br \/>\nPROGRAMA DESENVOLVIDO:<br \/>\nCAMPO OBRIGAT\u00d3RIO \u2013 relate em no m\u00ednimo 15 (quinze) linhas sua experi\u00eancia com as<br \/>\na\u00e7\u00f5es extensionistas. O texto deve ser de sua autoria e in\u00e9dito, evite pl\u00e1gio.<br \/>\nQuest\u00f5es norteadoras:<br \/>\n(1) Voc\u00ea notou que suas habilidades profissionais foram aprimoradas, com a<br \/>\natua\u00e7\u00e3o nas a\u00e7\u00f5es extensionistas?<br \/>\n(2) Voc\u00ea identificou melhoria\/resolu\u00e7\u00e3o do problema identificado?<br \/>\n(3) Voc\u00ea conseguiu articular os conhecimentos adquiridos no curso com as a\u00e7\u00f5es<br \/>\nextensionistas?<br \/>\nAo escrever seu texto evite deix\u00e1-lo em forma de respostas as quest\u00f5es norteadoras,<br \/>\nrelate sua experi\u00eancia em forma de texto dissertativo com justificativas.<br \/>\n4<br \/>\nDEPOIMENTO DA INSTITUI\u00c7\u00c3O PARTICIPANTE<br \/>\nCAMPO OBRIGAT\u00d3RIO &#8211; insira depoimento(s) do(s) gestor(es) da<br \/>\ninstitui\u00e7\u00e3o\/\u00f3rg\u00e3o\/associa\u00e7\u00e3o participante que contribuam como um feedback da a\u00e7\u00e3o<br \/>\nrealizada por voc\u00ea.<br \/>\nREFER\u00caNCIAS BIBLIOGR\u00c1FICAS<br \/>\nCAMPO OBRIGAT\u00d3RIO \u2013 Siga a normas ABNT, para isso consulte sua Biblioteca Virtual;<br \/>\nUtilize como refer\u00eancias bibliogr\u00e1ficas as indica\u00e7\u00f5es do Campo: Indica\u00e7\u00f5es Bibliogr\u00e1ficas e<br \/>\nas demais refer\u00eancias utilizadas no desenvolvimento do seu projeto.<br \/>\nAUTOAVALIA\u00c7\u00c3O DA ATIVIDADE:<br \/>\nRealize a sua avalia\u00e7\u00e3o em rela\u00e7\u00e3o \u00e0 atividade desenvolvida considerando uma escala de 0 a<br \/>\n10 para cada pergunta, assinalando com um X:<br \/>\n1. A atividade permitiu o desenvolvimento do projeto de extens\u00e3o articulando as<br \/>\ncompet\u00eancias e conte\u00fados propostos junto ao Curso?<br \/>\n0 1 2 3 4 5 6 7 8 9 10<br \/>\n() () () () () () () () () () ()<br \/>\n2. A atividade possui carga hor\u00e1ria suficiente para a sua realiza\u00e7\u00e3o?<br \/>\n0 1 2 3 4 5 6 7 8 9 10<br \/>\n() () () () () () () () () () ()<br \/>\n3. A atividade \u00e9 relevante para a sua forma\u00e7\u00e3o e articula\u00e7\u00e3o de compet\u00eancias e conte\u00fados?<br \/>\n0 1 2 3 4 5 6 7 8 9 10<br \/>\n() () () () () () () () () () ()<br \/>\n4. A atividade contribui para o cumprimento dos objetivos definidos pela Institui\u00e7\u00e3o de<br \/>\nEnsino (IES) e Curso, observando o Plano de Desenvolvimento Institucional e Projeto<br \/>\nPedag\u00f3gico de Curso vigentes?<br \/>\n0 1 2 3 4 5 6 7 8 9 10<br \/>\n() () () () () () () () () () ()<br \/>\n5. A atividade contribui para a melhoria da sociedade por meio dos resultados<br \/>\ndemonstrados no relat\u00f3rio ou pelos relatos apresentados pelos envolvidos?<br \/>\n0 1 2 3 4 5 6 7 8 9 10<br \/>\n() () () () () () () () () () ()<br \/>\n5<br \/>\n6. A atividade permite o desenvolvimento de a\u00e7\u00f5es junto \u00e0 Inicia\u00e7\u00e3o Cient\u00edfica e ao Ensino?<br \/>\n0 1 2 3 4 5 6 7 8 9 10<br \/>\n() () () () () () () () () () ()<br \/>\n7. Caso queira contribuir com maior detalhamento, traga seu depoimento\/ sugest\u00e3o.<\/p>\n<div class=\"elementor-toggle-item\">\n<p><strong>Como se realizam os envios?<\/strong><\/p>\n<\/div>\n<p id=\"elementor-tab-content-1942\" class=\"elementor-tab-content elementor-clearfix elementor-active\" role=\"tabpanel\" data-tab=\"2\" aria-labelledby=\"elementor-tab-title-1942\">O seu trabalho \u00e9 disponibilizado pronto, respondido e nas normas j\u00e1 na mesma hora aqui em nosso site na sua \u00e1rea de downloads e tamb\u00e9m no seu e-mail.<\/p>\n<p><strong>Em quanto tempo recebo o portf\u00f3lio?<\/strong><\/p>\n<p>Os envios s\u00e3o imediatos. Ap\u00f3s sua compra, o trabalho j\u00e1 \u00e9 disponibilizado instantaneamente aqui em nosso site e no seu e-mail.<\/p>\n<p><strong>E se o portf\u00f3lio que comprei precisar de corre\u00e7\u00e3o?<\/strong><\/p>\n<p>Caso haja alguma solicita\u00e7\u00e3o de corre\u00e7\u00e3o\/altera\u00e7\u00e3o por parte do tutor, basta entrar em contato conosco pelo\u00a0WhatsApp\u00a0que provid\u00eanciaremos sem custo algum.<\/p>\n<p><strong>Qual o formato do arquivo?<\/strong><\/p>\n<p>Os arquivos s\u00e3o enviados em formato Word e s\u00e3o edit\u00e1veis.<\/p>\n<p><strong>Caso eu tiver alguma d\u00favida, terei suporte no p\u00f3s venda?<\/strong><\/p>\n<p>Sim, com certeza. Basta clicar no \u00edcone do WhatsApp no cantinho da tela. Ser\u00e1 um prazer atend\u00ea-lo(a).<\/p>\n<div id=\"elementor-tab-content-1948\" class=\"elementor-tab-content elementor-clearfix elementor-active\" role=\"tabpanel\" data-tab=\"8\" aria-labelledby=\"elementor-tab-title-1948\">\n<p><strong>Quais os seus canais de contato?<\/strong><\/p>\n<\/div>\n<div id=\"elementor-tab-content-1949\" class=\"elementor-tab-content elementor-clearfix elementor-active\" role=\"tabpanel\" data-tab=\"9\" aria-labelledby=\"elementor-tab-title-1949\">\n<p>Whatsapp: 53 984751621 \u2013 Clicar no canto da tela ou ESCANEIE O QRCODE ABAIXO<\/p>\n<h4><img decoding=\"async\" class=\"alignnone wp-image-13699 jetpack-lazy-image jetpack-lazy-image--handled\" src=\"https:\/\/i0.wp.com\/portifolioos-prontos.com\/wp-content\/uploads\/2023\/02\/whatsapp-business-projeto-de-extensao-300x300.jpeg?resize=144%2C144\" sizes=\"(max-width: 144px) 100vw, 144px\" srcset=\"https:\/\/i0.wp.com\/portifolioos-prontos.com\/wp-content\/uploads\/2023\/02\/whatsapp-business-projeto-de-extensao.jpeg?resize=300%2C301&amp;ssl=1 300w, https:\/\/i0.wp.com\/portifolioos-prontos.com\/wp-content\/uploads\/2023\/02\/whatsapp-business-projeto-de-extensao.jpeg?resize=150%2C150&amp;ssl=1 150w, https:\/\/i0.wp.com\/portifolioos-prontos.com\/wp-content\/uploads\/2023\/02\/whatsapp-business-projeto-de-extensao.jpeg?resize=370%2C372&amp;ssl=1 370w, https:\/\/i0.wp.com\/portifolioos-prontos.com\/wp-content\/uploads\/2023\/02\/whatsapp-business-projeto-de-extensao.jpeg?resize=100%2C100&amp;ssl=1 100w, https:\/\/i0.wp.com\/portifolioos-prontos.com\/wp-content\/uploads\/2023\/02\/whatsapp-business-projeto-de-extensao.jpeg?w=470&amp;ssl=1 470w\" alt=\"projeto de extens\u00e3o unopar\" width=\"144\" height=\"144\" data-lazy-loaded=\"1\" \/><\/h4>\n<\/div>\n<div class=\"elementor-toggle-item\">\n<div id=\"elementor-tab-content-1949\" class=\"elementor-tab-content elementor-clearfix elementor-active\" role=\"tabpanel\" data-tab=\"9\" aria-labelledby=\"elementor-tab-title-1949\">\n<p>E-mail:portifoliosp@gmail.com<\/p>\n<div id=\"attachment_143\" class=\"wp-caption alignnone\">\n<div id=\"attachment_143\" class=\"wp-caption alignnone\">\n<p id=\"caption-attachment-143\" class=\"wp-caption-text\"><a href=\"http:\/\/portfolio-pronto.com\/\">Portf\u00f3lio<\/a>\u00a0em Word, respondido, completo e j\u00e1 nas normas<\/p>\n<\/div>\n<\/div>\n<\/div>\n<\/div>\n","protected":false},"excerpt":{"rendered":"<div><span style=\"color: #ff0000;\"><strong>Compre e receba o Relat\u00f3rio Final de Atividades Extensionistas j\u00e1 preenchido, com um projeto totalmente desenvolvido para entrega.<\/strong><\/span><\/div>\n<div class=\"product-short-description\"><strong>Pague pelo PIX ou cart\u00e3o e fa\u00e7a o download agora mesmo.<\/strong><\/div>\n<div class=\"sticky-add-to-cart-wrapper\">\n<div class=\"sticky-add-to-cart\">\n<p class=\"quantity buttons_added form-flat\"><img decoding=\"async\" class=\"lazyloaded smush-image-5 smush-image-3 smush-image-4 smush-detected-img smush-image-bigger-3\" src=\"https:\/\/d26lpennugtm8s.cloudfront.net\/assets\/common\/img\/logos\/payment\/visa@2x.png\" width=\"46\" height=\"29\" data-src=\"https:\/\/d26lpennugtm8s.cloudfront.net\/assets\/common\/img\/logos\/payment\/visa@2x.png\" \/><img decoding=\"async\" class=\"lazyloaded smush-image-6 smush-image-4 smush-image-5 smush-detected-img smush-image-bigger-4\" src=\"https:\/\/d26lpennugtm8s.cloudfront.net\/assets\/common\/img\/logos\/payment\/boleto@2x.png\" width=\"43\" height=\"27\" data-src=\"https:\/\/d26lpennugtm8s.cloudfront.net\/assets\/common\/img\/logos\/payment\/boleto@2x.png\" \/><img loading=\"lazy\" decoding=\"async\" class=\"lazyloaded smush-image-7 smush-image-5 smush-image-6 smush-detected-img smush-image-bigger-5\" src=\"https:\/\/d26lpennugtm8s.cloudfront.net\/assets\/common\/img\/logos\/payment\/mastercard@2x.png\" width=\"43\" height=\"27\" data-src=\"https:\/\/d26lpennugtm8s.cloudfront.net\/assets\/common\/img\/logos\/payment\/mastercard@2x.png\" \/><img loading=\"lazy\" decoding=\"async\" class=\"lazyloaded smush-image-8 smush-image-6 smush-image-7 smush-detected-img smush-image-bigger-6\" src=\"https:\/\/d26lpennugtm8s.cloudfront.net\/assets\/common\/img\/logos\/payment\/amex@2x.png\" width=\"43\" height=\"27\" data-src=\"https:\/\/d26lpennugtm8s.cloudfront.net\/assets\/common\/img\/logos\/payment\/amex@2x.png\" \/><img loading=\"lazy\" decoding=\"async\" class=\"lazyloaded smush-image-9 smush-image-7 smush-image-8 smush-detected-img smush-image-bigger-7\" src=\"https:\/\/d26lpennugtm8s.cloudfront.net\/assets\/common\/img\/logos\/payment\/diners@2x.png\" width=\"46\" height=\"29\" data-src=\"https:\/\/d26lpennugtm8s.cloudfront.net\/assets\/common\/img\/logos\/payment\/diners@2x.png\" \/><img loading=\"lazy\" decoding=\"async\" class=\"lazyloaded smush-image-10 smush-image-8 smush-image-9 alignnone smush-detected-img smush-image-bigger-8\" src=\"https:\/\/d26lpennugtm8s.cloudfront.net\/assets\/common\/img\/logos\/payment\/br\/elo@2x.png\" alt=\"portf\u00f3lio unopar anhanguera\" width=\"45\" height=\"28\" data-src=\"https:\/\/d26lpennugtm8s.cloudfront.net\/assets\/common\/img\/logos\/payment\/br\/elo@2x.png\" \/><img loading=\"lazy\" decoding=\"async\" class=\"lazyloaded smush-image-11 smush-image-9 smush-image-10 alignnone smush-detected-img smush-image-bigger-9\" src=\"https:\/\/d26lpennugtm8s.cloudfront.net\/assets\/common\/img\/logos\/payment\/br\/hipercard@2x.png\" alt=\"portf\u00f3lio unopar anhanguera\" width=\"44\" height=\"28\" data-src=\"https:\/\/d26lpennugtm8s.cloudfront.net\/assets\/common\/img\/logos\/payment\/br\/hipercard@2x.png\" \/><img loading=\"lazy\" decoding=\"async\" class=\"lazyloaded smush-image-12 smush-image-10 smush-image-11 alignnone smush-detected-img smush-image-bigger-10\" src=\"https:\/\/d26lpennugtm8s.cloudfront.net\/assets\/common\/img\/logos\/payment\/mercadopago@2x.png\" alt=\"portf\u00f3lio unopar anhanguera\" width=\"45\" height=\"28\" data-src=\"https:\/\/d26lpennugtm8s.cloudfront.net\/assets\/common\/img\/logos\/payment\/mercadopago@2x.png\" \/><\/p>\n<\/div>\n<\/div>\n","protected":false},"featured_media":49652,"template":"","meta":{"_seopress_robots_primary_cat":"","_seopress_titles_title":"","_seopress_titles_desc":"","_seopress_robots_index":""},"product_cat":[220],"product_tag":[],"class_list":{"0":"post-49650","1":"product","2":"type-product","3":"status-publish","4":"has-post-thumbnail","6":"product_cat-engenharia-civil","8":"first","9":"instock","10":"shipping-taxable","11":"purchasable","12":"product-type-simple","13":"col-xs-6 col-sm-4","14":"col-mf-5","15":"un-5-cols"},"jetpack_sharing_enabled":true,"_links":{"self":[{"href":"https:\/\/portifolioos-prontos.com\/index.php\/wp-json\/wp\/v2\/product\/49650","targetHints":{"allow":["GET"]}}],"collection":[{"href":"https:\/\/portifolioos-prontos.com\/index.php\/wp-json\/wp\/v2\/product"}],"about":[{"href":"https:\/\/portifolioos-prontos.com\/index.php\/wp-json\/wp\/v2\/types\/product"}],"version-history":[{"count":2,"href":"https:\/\/portifolioos-prontos.com\/index.php\/wp-json\/wp\/v2\/product\/49650\/revisions"}],"predecessor-version":[{"id":49659,"href":"https:\/\/portifolioos-prontos.com\/index.php\/wp-json\/wp\/v2\/product\/49650\/revisions\/49659"}],"wp:featuredmedia":[{"embeddable":true,"href":"https:\/\/portifolioos-prontos.com\/index.php\/wp-json\/wp\/v2\/media\/49652"}],"wp:attachment":[{"href":"https:\/\/portifolioos-prontos.com\/index.php\/wp-json\/wp\/v2\/media?parent=49650"}],"wp:term":[{"taxonomy":"product_cat","embeddable":true,"href":"https:\/\/portifolioos-prontos.com\/index.php\/wp-json\/wp\/v2\/product_cat?post=49650"},{"taxonomy":"product_tag","embeddable":true,"href":"https:\/\/portifolioos-prontos.com\/index.php\/wp-json\/wp\/v2\/product_tag?post=49650"}],"curies":[{"name":"wp","href":"https:\/\/api.w.org\/{rel}","templated":true}]}}