{"id":49669,"date":"2026-02-26T10:20:39","date_gmt":"2026-02-26T13:20:39","guid":{"rendered":"https:\/\/portifolioos-prontos.com\/?post_type=product&#038;p=49669"},"modified":"2026-03-02T17:43:42","modified_gmt":"2026-03-02T20:43:42","slug":"atividade-pratica-atelier-de-projeto-de-arquitetura-residencial-de-alta-complexidade","status":"publish","type":"product","link":"https:\/\/portifolioos-prontos.com\/index.php\/product\/atividade-pratica-atelier-de-projeto-de-arquitetura-residencial-de-alta-complexidade\/","title":{"rendered":"Atividade pr\u00e1tica Atelier de projeto de arquitetura residencial de alta complexidade"},"content":{"rendered":"<p><strong>ATIVIDADE PR\u00c1TICA \u2013 ATELIER DE PROJETO DE ARQUITETURA RESIDENCIAL DE ALTA COMPLEXIDADE<\/strong><\/p>\n<p><strong>OBJETIVOS<\/strong><\/p>\n<p>A proposta desta atividade pr\u00e1tica est\u00e1 amparada nos seguintes objetivos:<\/p>\n<ul>\n<li>Conhecer os conceitos de arquitetura de HIS;<\/li>\n<li>Fazer levantamento hist\u00f3rico e conceitual sobre arquitetura de HIS;<\/li>\n<li>Desenvolver um projeto arquitet\u00f4nico de HIS.<\/li>\n<\/ul>\n<p><strong>RECURSOS<\/strong><\/p>\n<p>Computador com acesso \u00e0 internet e software AutoCAD e prancheta de desenho.<\/p>\n<p><strong>PROCEDIMENTOS PR\u00c1TICOS<\/strong><\/p>\n<p><strong>Atividade proposta<\/strong><\/p>\n<p>A proposta dessa aula pr\u00e1tica ter\u00e1 como tem\u00e1tica a elabora\u00e7\u00e3o de um Projeto Arquitet\u00f4nico (fase de Anteprojeto) de uma Habita\u00e7\u00e3o de Interesse Social (HIS). Desta forma, isso ir\u00e1 possibilitar o aprendizado dos conte\u00fados j\u00e1 adquiridos na disciplina de Atelier de Projeto de Arquitetura Residencial de Alta Complexidade, compreendendo a aplica\u00e7\u00e3o da teoria e da pr\u00e1tica no fazer profissional.<\/p>\n<p>O projeto arquitet\u00f4nico deste trabalho, um edif\u00edcio vertical destinado a HIS, ser\u00e1 desenvolvido na cidade de Londrina\/PR. Entretanto, caso seja de seu interesse, o projeto poder\u00e1 ser realizado para sua localidade, desde que contenha todos os requisitos exigidos nesse documento. Trata-se de um edif\u00edcio que deve atender os requisitos m\u00ednimos estabelecidos pelos \u00f3rg\u00e3os p\u00fablicos respons\u00e1veis e pelos programas habitacionais vigentes.<\/p>\n<p>Na sequ\u00eancia, apresentaremos as orienta\u00e7\u00f5es para o desenvolvimento deste trabalho.<\/p>\n<p><strong>Procedimentos para a realiza\u00e7\u00e3o da atividade<\/strong><\/p>\n<p>\u2022 Voc\u00ea dever\u00e1 assistir todas as aulas pr\u00e1ticas da disciplina e desenvolver as atividades realizadas em cada uma delas.<\/p>\n<p>\u2022 Ao final, voc\u00ea dever\u00e1 ter um produto final de um projeto arquitet\u00f4nico com todos os elementos gr\u00e1ficos para a sua elabora\u00e7\u00e3o e representa\u00e7\u00e3o.<\/p>\n<p><strong>Checklist<\/strong><\/p>\n<p>Voc\u00ea dever\u00e1 entregar um arquivo \u00fanico com as pranchas (03 a 05 pranchas no formato A1 ou A2) com as informa\u00e7\u00f5es e representa\u00e7\u00f5es gr\u00e1ficas do projeto desenvolvido, contendo:<\/p>\n<p>\u2022 01 (um) levantamento sobre a linha do tempo dos programas habitacionais brasileiros, ficha t\u00e9cnica de an\u00e1lise de obras correlatas e com as informa\u00e7\u00f5es preenchidas com as an\u00e1lises.<\/p>\n<p>\u2022 01 (um) relat\u00f3rio escrito e com imagens identificando as condicionantes, defici\u00eancias e potencialidades do terreno.<\/p>\n<p>\u2022 In\u00edcio do estudo de implanta\u00e7\u00e3o e viabilidade das unidades habitacionais, garagem, \u00e1rea de lazer, acessos e circula\u00e7\u00f5es.<\/p>\n<p>\u2022 Desenvolvimento de uma U.H. (setoriza\u00e7\u00e3o e pr\u00e9-dimensionamento).<\/p>\n<p>\u2022 Cria\u00e7\u00e3o e apresenta\u00e7\u00e3o do partido arquitet\u00f4nico e composi\u00e7\u00f5es da forma.<\/p>\n<p>\u2022 Desenvolvimento da volumetria, macrozoneamento e croquis.<\/p>\n<p>\u2022 Entrega individual de todos os documentos desenvolvidos na aula e na disciplina.<\/p>\n<p>\u2022 Memorial justificativo e pranchas de apresenta\u00e7\u00e3o desenvolvidas.<\/p>\n<p><strong>RESULTADO<\/strong><\/p>\n<p>Entrega de um arquivo em PDF, arquivo \u00fanico, com a identifica\u00e7\u00e3o do aluno, que contemple todas as etapas da atividade pr\u00e1tica, conforme apresentado no checklist.<\/p>\n<p>Observa\u00e7\u00e3o importante: Fique atento ao tamanho do arquivo final que ser\u00e1 anexado em seu AVA, ele n\u00e3o poder\u00e1 ultrapassar 10 megas.<\/p>\n<p><strong>CRIT\u00c9RIOS DE AVALIA\u00c7\u00c3O<\/strong><\/p>\n<p>Apresentamos os crit\u00e9rios de avalia\u00e7\u00e3o desta atividade. O atendimento aos crit\u00e9rios estabelecidos em normas faz parte do desenvolvimento desse trabalho, assim como a capacidade investigativa necess\u00e1ria para o desenvolvimento de projetos de arquitetura, portanto, devem ser atendidos pelo aluno, fazendo parte da avalia\u00e7\u00e3o.<\/p>\n<p><strong>TAREFA 1 \u2013 Terreno<\/strong><\/p>\n<p>Viabilidade t\u00e9cnica do terreno: interpreta\u00e7\u00e3o dos par\u00e2metros urban\u00edsticos da legisla\u00e7\u00e3o municipal.<\/p>\n<p>Leitura urbana: mapeamento e an\u00e1lise das ocupa\u00e7\u00f5es, edifica\u00e7\u00f5es e din\u00e2micas urbanas do entorno.<\/p>\n<p>Condicionantes do terreno: an\u00e1lise dos aspectos do s\u00edtio f\u00edsico.<\/p>\n<p>Maquete do terreno (f\u00edsica ou digital).<\/p>\n<p><strong>TAREFA 2 \u2013 Programa de necessidades setorizado \/ Conceito e Partido \/ Maquete volum\u00e9trica<\/strong><\/p>\n<p>Desenvolvimento do programa de necessidades setorizado + fluxograma das atividades.<\/p>\n<p>Pr\u00e9-dimensionamento dos espa\u00e7os em conformidade com o PMCMV, NBR 9050 e os princ\u00edpios do Desenho Universal.<\/p>\n<p>Conceito e Partido Arquitet\u00f4nico.<\/p>\n<p>Maquete volum\u00e9trica: solu\u00e7\u00e3o formal e est\u00e9tica (f\u00edsica ou digital).<\/p>\n<p><strong>TAREFA 3 \u2013 Anteprojeto arquitet\u00f4nico \/ Maquete eletr\u00f4nica \/ Memorial justificativo<\/strong><\/p>\n<p>Planta cobertura \/ implanta\u00e7\u00e3o.<\/p>\n<p>Planta Baixa (de todos os pavimentos).<\/p>\n<p>Corte 1.<\/p>\n<p>Corte 2.<\/p>\n<p>Eleva\u00e7\u00e3o 1.<\/p>\n<p>Eleva\u00e7\u00e3o 2.<\/p>\n<p>Quadro de \u00e1reas e esquadrias.<\/p>\n<p>Maquete eletr\u00f4nica: imagens ou perspectivas externas.<\/p>\n<p>Memorial justificativo.<\/p>\n<p><strong>TAREFA 4 \u2013 Diagrama\u00e7\u00e3o \/ Apresenta\u00e7\u00e3o das pranchas<\/strong><\/p>\n<p>Comunica\u00e7\u00e3o visual: legibilidade das fontes, harmonia da paleta de cores e respeito \u00e0 hierarquia visual.<\/p>\n<p>Apresenta\u00e7\u00e3o de 3 a 5 pranchas em formato A1 ou A2.<\/p>\n<p>Conte\u00fado das pranchas em conformidade com o solicitado.<\/p>\n<p>Bom trabalho!<\/p>\n<div class=\"elementor-toggle-item\">\n<p><strong>Como se realizam os envios?<\/strong><\/p>\n<\/div>\n<p id=\"elementor-tab-content-1942\" class=\"elementor-tab-content elementor-clearfix elementor-active\" role=\"tabpanel\" data-tab=\"2\" aria-labelledby=\"elementor-tab-title-1942\">O seu trabalho \u00e9 disponibilizado pronto, respondido e nas normas j\u00e1 na mesma hora aqui em nosso site na sua \u00e1rea de downloads e tamb\u00e9m no seu e-mail.<\/p>\n<p><strong>Em quanto tempo recebo o portf\u00f3lio?<\/strong><\/p>\n<p>Os envios s\u00e3o imediatos. Ap\u00f3s sua compra, o trabalho j\u00e1 \u00e9 disponibilizado instantaneamente aqui em nosso site e no seu e-mail.<\/p>\n<p><strong>E se o portf\u00f3lio que comprei precisar de corre\u00e7\u00e3o?<\/strong><\/p>\n<p>Caso haja alguma solicita\u00e7\u00e3o de corre\u00e7\u00e3o\/altera\u00e7\u00e3o por parte do tutor, basta entrar em contato conosco pelo\u00a0WhatsApp\u00a0que provid\u00eanciaremos sem custo algum.<\/p>\n<p><strong>Qual o formato do arquivo?<\/strong><\/p>\n<p>Os arquivos s\u00e3o enviados em formato Word e s\u00e3o edit\u00e1veis.<\/p>\n<p><strong>Caso eu tiver alguma d\u00favida, terei suporte no p\u00f3s venda?<\/strong><\/p>\n<p>Sim, com certeza. Basta clicar no \u00edcone do WhatsApp no cantinho da tela. Ser\u00e1 um prazer atend\u00ea-lo(a).<\/p>\n<div id=\"elementor-tab-content-1948\" class=\"elementor-tab-content elementor-clearfix elementor-active\" role=\"tabpanel\" data-tab=\"8\" aria-labelledby=\"elementor-tab-title-1948\">\n<p><strong>Quais os seus canais de contato?<\/strong><\/p>\n<\/div>\n<div id=\"elementor-tab-content-1949\" class=\"elementor-tab-content elementor-clearfix elementor-active\" role=\"tabpanel\" data-tab=\"9\" aria-labelledby=\"elementor-tab-title-1949\">\n<p>Whatsapp: 53 984751621 \u2013 Clicar no canto da tela ou ESCANEIE O QRCODE ABAIXO<\/p>\n<h4><img decoding=\"async\" class=\"alignnone wp-image-13699 jetpack-lazy-image jetpack-lazy-image--handled\" src=\"https:\/\/i0.wp.com\/portifolioos-prontos.com\/wp-content\/uploads\/2023\/02\/whatsapp-business-projeto-de-extensao-300x300.jpeg?resize=144%2C144\" sizes=\"(max-width: 144px) 100vw, 144px\" srcset=\"https:\/\/i0.wp.com\/portifolioos-prontos.com\/wp-content\/uploads\/2023\/02\/whatsapp-business-projeto-de-extensao.jpeg?resize=300%2C301&amp;ssl=1 300w, https:\/\/i0.wp.com\/portifolioos-prontos.com\/wp-content\/uploads\/2023\/02\/whatsapp-business-projeto-de-extensao.jpeg?resize=150%2C150&amp;ssl=1 150w, https:\/\/i0.wp.com\/portifolioos-prontos.com\/wp-content\/uploads\/2023\/02\/whatsapp-business-projeto-de-extensao.jpeg?resize=370%2C372&amp;ssl=1 370w, https:\/\/i0.wp.com\/portifolioos-prontos.com\/wp-content\/uploads\/2023\/02\/whatsapp-business-projeto-de-extensao.jpeg?resize=100%2C100&amp;ssl=1 100w, https:\/\/i0.wp.com\/portifolioos-prontos.com\/wp-content\/uploads\/2023\/02\/whatsapp-business-projeto-de-extensao.jpeg?w=470&amp;ssl=1 470w\" alt=\"projeto de extens\u00e3o unopar\" width=\"144\" height=\"144\" data-lazy-loaded=\"1\" \/><\/h4>\n<\/div>\n<div class=\"elementor-toggle-item\">\n<div id=\"elementor-tab-content-1949\" class=\"elementor-tab-content elementor-clearfix elementor-active\" role=\"tabpanel\" data-tab=\"9\" aria-labelledby=\"elementor-tab-title-1949\">\n<p>E-mail:portifoliosp@gmail.com<\/p>\n<div id=\"attachment_143\" class=\"wp-caption alignnone\">\n<div id=\"attachment_143\" class=\"wp-caption alignnone\">\n<p id=\"caption-attachment-143\" class=\"wp-caption-text\"><a href=\"http:\/\/portfolio-pronto.com\/\">Portf\u00f3lio<\/a>\u00a0em Word, respondido, completo e j\u00e1 nas normas<\/p>\n<\/div>\n<\/div>\n<\/div>\n<\/div>\n","protected":false},"excerpt":{"rendered":"<div class=\"product-short-description\"><strong>Pague pelo PIX ou cart\u00e3o e fa\u00e7a o download agora mesmo.<\/strong><\/div>\n<div class=\"sticky-add-to-cart-wrapper\">\n<div class=\"sticky-add-to-cart\">\n<p class=\"quantity buttons_added form-flat\"><img decoding=\"async\" class=\"lazyloaded smush-image-5 smush-image-3 smush-image-4 smush-detected-img smush-image-bigger-3\" src=\"https:\/\/d26lpennugtm8s.cloudfront.net\/assets\/common\/img\/logos\/payment\/visa@2x.png\" width=\"46\" height=\"29\" data-src=\"https:\/\/d26lpennugtm8s.cloudfront.net\/assets\/common\/img\/logos\/payment\/visa@2x.png\" \/><img decoding=\"async\" class=\"lazyloaded smush-image-6 smush-image-4 smush-image-5 smush-detected-img smush-image-bigger-4\" src=\"https:\/\/d26lpennugtm8s.cloudfront.net\/assets\/common\/img\/logos\/payment\/boleto@2x.png\" width=\"43\" height=\"27\" data-src=\"https:\/\/d26lpennugtm8s.cloudfront.net\/assets\/common\/img\/logos\/payment\/boleto@2x.png\" \/><img loading=\"lazy\" decoding=\"async\" class=\"lazyloaded smush-image-7 smush-image-5 smush-image-6 smush-detected-img smush-image-bigger-5\" src=\"https:\/\/d26lpennugtm8s.cloudfront.net\/assets\/common\/img\/logos\/payment\/mastercard@2x.png\" width=\"43\" height=\"27\" data-src=\"https:\/\/d26lpennugtm8s.cloudfront.net\/assets\/common\/img\/logos\/payment\/mastercard@2x.png\" \/><img loading=\"lazy\" decoding=\"async\" class=\"lazyloaded smush-image-8 smush-image-6 smush-image-7 smush-detected-img smush-image-bigger-6\" src=\"https:\/\/d26lpennugtm8s.cloudfront.net\/assets\/common\/img\/logos\/payment\/amex@2x.png\" width=\"43\" height=\"27\" data-src=\"https:\/\/d26lpennugtm8s.cloudfront.net\/assets\/common\/img\/logos\/payment\/amex@2x.png\" \/><img loading=\"lazy\" decoding=\"async\" class=\"lazyloaded smush-image-9 smush-image-7 smush-image-8 smush-detected-img smush-image-bigger-7\" src=\"https:\/\/d26lpennugtm8s.cloudfront.net\/assets\/common\/img\/logos\/payment\/diners@2x.png\" width=\"46\" height=\"29\" data-src=\"https:\/\/d26lpennugtm8s.cloudfront.net\/assets\/common\/img\/logos\/payment\/diners@2x.png\" \/><img loading=\"lazy\" decoding=\"async\" class=\"lazyloaded smush-image-10 smush-image-8 smush-image-9 alignnone smush-detected-img smush-image-bigger-8\" src=\"https:\/\/d26lpennugtm8s.cloudfront.net\/assets\/common\/img\/logos\/payment\/br\/elo@2x.png\" alt=\"portf\u00f3lio unopar anhanguera\" width=\"45\" height=\"28\" data-src=\"https:\/\/d26lpennugtm8s.cloudfront.net\/assets\/common\/img\/logos\/payment\/br\/elo@2x.png\" \/><img loading=\"lazy\" decoding=\"async\" class=\"lazyloaded smush-image-11 smush-image-9 smush-image-10 alignnone smush-detected-img smush-image-bigger-9\" src=\"https:\/\/d26lpennugtm8s.cloudfront.net\/assets\/common\/img\/logos\/payment\/br\/hipercard@2x.png\" alt=\"portf\u00f3lio unopar anhanguera\" width=\"44\" height=\"28\" data-src=\"https:\/\/d26lpennugtm8s.cloudfront.net\/assets\/common\/img\/logos\/payment\/br\/hipercard@2x.png\" \/><img loading=\"lazy\" decoding=\"async\" class=\"lazyloaded smush-image-12 smush-image-10 smush-image-11 alignnone smush-detected-img smush-image-bigger-10\" src=\"https:\/\/d26lpennugtm8s.cloudfront.net\/assets\/common\/img\/logos\/payment\/mercadopago@2x.png\" alt=\"portf\u00f3lio unopar anhanguera\" width=\"45\" height=\"28\" data-src=\"https:\/\/d26lpennugtm8s.cloudfront.net\/assets\/common\/img\/logos\/payment\/mercadopago@2x.png\" \/><\/p>\n<\/div>\n<\/div>\n","protected":false},"featured_media":49670,"template":"","meta":{"_seopress_robots_primary_cat":"none","_seopress_titles_title":"","_seopress_titles_desc":"","_seopress_robots_index":""},"product_cat":[137],"product_tag":[],"class_list":{"0":"post-49669","1":"product","2":"type-product","3":"status-publish","4":"has-post-thumbnail","6":"product_cat-arquitetura-e-urbanismo","8":"first","9":"instock","10":"shipping-taxable","11":"product-type-simple","12":"col-xs-6 col-sm-4","13":"col-mf-5","14":"un-5-cols"},"jetpack_sharing_enabled":true,"_links":{"self":[{"href":"https:\/\/portifolioos-prontos.com\/index.php\/wp-json\/wp\/v2\/product\/49669","targetHints":{"allow":["GET"]}}],"collection":[{"href":"https:\/\/portifolioos-prontos.com\/index.php\/wp-json\/wp\/v2\/product"}],"about":[{"href":"https:\/\/portifolioos-prontos.com\/index.php\/wp-json\/wp\/v2\/types\/product"}],"version-history":[{"count":2,"href":"https:\/\/portifolioos-prontos.com\/index.php\/wp-json\/wp\/v2\/product\/49669\/revisions"}],"predecessor-version":[{"id":49832,"href":"https:\/\/portifolioos-prontos.com\/index.php\/wp-json\/wp\/v2\/product\/49669\/revisions\/49832"}],"wp:featuredmedia":[{"embeddable":true,"href":"https:\/\/portifolioos-prontos.com\/index.php\/wp-json\/wp\/v2\/media\/49670"}],"wp:attachment":[{"href":"https:\/\/portifolioos-prontos.com\/index.php\/wp-json\/wp\/v2\/media?parent=49669"}],"wp:term":[{"taxonomy":"product_cat","embeddable":true,"href":"https:\/\/portifolioos-prontos.com\/index.php\/wp-json\/wp\/v2\/product_cat?post=49669"},{"taxonomy":"product_tag","embeddable":true,"href":"https:\/\/portifolioos-prontos.com\/index.php\/wp-json\/wp\/v2\/product_tag?post=49669"}],"curies":[{"name":"wp","href":"https:\/\/api.w.org\/{rel}","templated":true}]}}