{"id":49708,"date":"2026-02-27T19:56:54","date_gmt":"2026-02-27T22:56:54","guid":{"rendered":"https:\/\/portifolioos-prontos.com\/?post_type=product&#038;p=49708"},"modified":"2026-03-02T17:28:09","modified_gmt":"2026-03-02T20:28:09","slug":"aula-pratica-redes-de-computadores-a2_-arquitetura_tcp-ip","status":"publish","type":"product","link":"https:\/\/portifolioos-prontos.com\/index.php\/product\/aula-pratica-redes-de-computadores-a2_-arquitetura_tcp-ip\/","title":{"rendered":"Aula Pr\u00e1tica Redes de Computadores A2_ ARQUITETURA_TCP\/IP"},"content":{"rendered":"<h5><strong>Aula Pr\u00e1tica Redes de Computadores A2_ ARQUITETURA_TCP\/IP<\/strong><\/h5>\n<hr \/>\n<h5><strong>ROTEIRO DE AULA PR\u00c1TICA<\/strong><\/h5>\n<hr \/>\n<h5><strong>NOME DA DISCIPLINA: REDES DE COMPUTADORES<\/strong><\/h5>\n<p>Unidade: U2_MODELO_DE_REFER\u00caNCIA_ISO\/OSI_E_ARQUITETURA_TCP\/IP<br \/>\nAula: A2_ ARQUITETURA_TCP\/IP<\/p>\n<hr \/>\n<h5><strong>OBJETIVOS<\/strong><\/h5>\n<p>Defini\u00e7\u00e3o dos objetivos da aula pr\u00e1tica:<\/p>\n<p>Criar uma rede simulando a arquitetura TCP\/IP, configurar endere\u00e7os IP, gateways e realizar testes de conectividade entre sub-redes usando roteadores.<\/p>\n<hr \/>\n<h5><strong>SOLU\u00c7\u00c3O DIGITAL<\/strong><\/h5>\n<p>CISCO PACKET TRACER (Software)<\/p>\n<p>O Packet Tracer \u00e9 um programa educacional gratuito que permite simular uma rede de computadores, atrav\u00e9s de equipamentos e configura\u00e7\u00f5es presente em situa\u00e7\u00f5es reais. O programa apresenta uma interface gr\u00e1fica simples, com suportes multim\u00eddia que auxiliam na confec\u00e7\u00e3o das simula\u00e7\u00f5es.<\/p>\n<hr \/>\n<h5><strong>LINK SOLU\u00c7\u00c3O DIGITAL<\/strong><\/h5>\n<p>Voc\u00ea dever\u00e1 fazer download da ferramenta Cisco Packet Tracer, acessando o seguinte link:<br \/>\n<a href=\"https:\/\/mega.nz\/file\/h081RB7D#xPpdyKOKI53zaJKFLtNwEw8webLplHT7b8Sv6uqL1cY\">https:\/\/mega.nz\/file\/h081RB7D#xPpdyKOKI53zaJKFLtNwEw8webLplHT7b8Sv6uqL1cY<\/a><\/p>\n<p>Fazer o cadastro no site da Cisco, necess\u00e1rio login para utilizar a vers\u00e3o estudante:<br \/>\n<a href=\"https:\/\/id.cisco.com\/#\">https:\/\/id.cisco.com\/#<\/a><\/p>\n<p>Para aprofundar o conte\u00fado, n\u00e3o \u00e9 obrigat\u00f3rio, mas passamos essa dica, fa\u00e7a o pequeno curso oficial gratuito atrav\u00e9s da Academia de Rede Cisco, \u00e9 s\u00f3 fazer o cadastro e acompanhar o curso, \u00e9 poss\u00edvel ir do b\u00e1sico ao avan\u00e7ado (dica de conte\u00fado adicional):<br \/>\n<a href=\"https:\/\/skillsforall.com\/learningcollections\/cisco-packettracer?utm_source=netacad.com&amp;utm_medium=referral&amp;utm_campaign=packettracer&amp;userlogin=0&amp;userLang=pt-BR\">https:\/\/skillsforall.com\/learningcollections\/cisco-packettracer?utm_source=netacad.com&amp;utm_medium=referral&amp;utm_campaign=packettracer&amp;userlogin=0&amp;userLang=pt-BR<\/a><\/p>\n<hr \/>\n<h5><strong>PROCEDIMENTOS PR\u00c1TICOS E APLICA\u00c7\u00d5ES<\/strong><\/h5>\n<hr \/>\n<h5><strong>Procedimento\/Atividade<\/strong><\/h5>\n<p>Arquitetura TCP\/IP \u2013 conectividade entre sub-redes usando roteadores.<\/p>\n<hr \/>\n<h5><strong>Atividade proposta<\/strong><\/h5>\n<p>Simular a arquitetura TCP\/IP, configurar endere\u00e7os IP, gateways e realizar testes de conectividade entre sub-redes usando roteadores.<\/p>\n<hr \/>\n<h5><strong>Procedimentos para a realiza\u00e7\u00e3o da atividade<\/strong><\/h5>\n<p>Utilize o Software Packet Tracer para elaborar a cria\u00e7\u00e3o de uma topologia de rede:<\/p>\n<hr \/>\n<h5><strong>Composi\u00e7\u00e3o da Topologia<\/strong><\/h5>\n<p>Duas sub-redes interconectadas por um roteador.<\/p>\n<p>Sub-rede 1:<br \/>\n1 Roteador (Router0)<br \/>\n1 Switch (Switch0)<br \/>\n2 PCs (PC0 e PC1)<\/p>\n<p>Sub-rede 2:<br \/>\n1 Switch (Switch1)<br \/>\n2 PCs (PC2 e PC3)<\/p>\n<hr \/>\n<h5><strong>Endere\u00e7amento IP<\/strong><\/h5>\n<p>Sub-rede 1:<br \/>\nRede: 192.168.1.0\/24<br \/>\nGateway (Router0): 192.168.1.1<br \/>\nPC0: 192.168.1.2<br \/>\nPC1: 192.168.1.3<\/p>\n<p>Sub-rede 2:<br \/>\nRede: 192.168.2.0\/24<br \/>\nGateway (Router0): 192.168.2.1<br \/>\nPC2: 192.168.2.2<br \/>\nPC3: 192.168.2.3<\/p>\n<hr \/>\n<h5><strong>Montagem da topologia no Packet Tracer<\/strong><\/h5>\n<p>Depois de Abrir o Cisco Packet Tracer, arraste para o espa\u00e7o de trabalho:<\/p>\n<p>a) 1 roteador (Router0).<br \/>\nb) 2 switches (Switch0 e Switch1).<br \/>\nc) 4 computadores (PC0, PC1, PC2, PC3).<\/p>\n<p>Conecte os dispositivos:<\/p>\n<p>d) PC0 e PC1 ao Switch0 usando Copper Straight-Through.<br \/>\ne) PC2 e PC3 ao Switch1 usando Copper Straight-Through.<br \/>\nf) Conecte Switch0 \u00e0 porta GigabitEthernet0\/0 do Router0.<br \/>\ng) Conecte Switch1 \u00e0 porta GigabitEthernet0\/1 do Router0.<\/p>\n<hr \/>\n<h5><strong>Para Configurar Endere\u00e7os IP<\/strong><\/h5>\n<p>Clique em Router0 &gt; CLI &gt; Digite os comandos:<\/p>\n<p>enable<br \/>\nconfigure terminal<br \/>\ninterface gigabitEthernet 0\/0<br \/>\nip address 192.168.1.1 255.255.255.0<br \/>\nno shutdown<br \/>\nexit<br \/>\ninterface gigabitEthernet 0\/1<br \/>\nip address 192.168.2.1 255.255.255.0<br \/>\nno shutdown<br \/>\nexit<\/p>\n<hr \/>\n<h5><strong>Configurar os PCs<\/strong><\/h5>\n<p>PC0:<br \/>\nV\u00e1 em Desktop &gt; IP Configuration:<br \/>\nIP Address: 192.168.1.2<br \/>\nSubnet Mask: 255.255.255.0<br \/>\nDefault Gateway: 192.168.1.1<\/p>\n<p>PC1:<br \/>\nRepita o processo com IP Address: 192.168.1.3<\/p>\n<p>PC2:<br \/>\nV\u00e1 em Desktop &gt; IP Configuration:<br \/>\nIP Address: 192.168.2.2<br \/>\nSubnet Mask: 255.255.255.0<br \/>\nDefault Gateway: 192.168.2.1<\/p>\n<p>PC3:<br \/>\nRepita o processo com IP Address: 192.168.2.3<\/p>\n<hr \/>\n<h5><strong>Passos para Configura\u00e7\u00e3o<\/strong><\/h5>\n<p>a) Arraste os dispositivos das duas sub-redes para o espa\u00e7o de trabalho.<br \/>\nb) Conecte os computadores aos switchs e ao roteador.<br \/>\nc) Configure o roteador.<br \/>\nd) Configure os endere\u00e7os IP nos computadores.<\/p>\n<hr \/>\n<h5><strong>Testes de Conectividade<\/strong><\/h5>\n<p>Para Testar a Conectividade:<\/p>\n<p>No PC0, abra o Command Prompt e execute:<\/p>\n<p>a) ping 192.168.1.3<br \/>\nb) ping 192.168.2.2<\/p>\n<p>Repita os testes para os demais PCs.<\/p>\n<hr \/>\n<h5><strong>Avaliando os resultados<\/strong><\/h5>\n<p>Depois de fazer todos os passos, d\u00ea um print de tela com a configura\u00e7\u00e3o das duas subredes funcionando e as respostas de Reply from dos 4 pcs, indicando sucesso na comunica\u00e7\u00e3o. Al\u00e9m de responder as quest\u00f5es abaixo:<\/p>\n<ol>\n<li>Qual protocolo da arquitetura TCP\/IP \u00e9 usado para testes de conectividade?<br \/>\n(A) HTTP<br \/>\n(B) FTP<br \/>\n(C) ICMP<br \/>\n(D) TCP<br \/>\n(E) UDP<\/li>\n<li>Qual \u00e9 o papel do roteador nesta rede?<br \/>\n(A) Interconectar dispositivos da mesma sub-rede.<br \/>\n(B) Garantir seguran\u00e7a entre dispositivos.<br \/>\n(C) Interconectar diferentes sub-redes.<br \/>\n(D) Armazenar endere\u00e7os IP.<br \/>\n(E) Fornecer endere\u00e7os IP automaticamente.<\/li>\n<li>O que acontece se o gateway de um PC estiver incorreto?<br \/>\n(A) O PC n\u00e3o se comunica nem com sua pr\u00f3pria sub-rede.<br \/>\n(B) O PC se comunica com sua sub-rede, mas n\u00e3o com outras sub-redes.<br \/>\n(C) A comunica\u00e7\u00e3o com todas as sub-redes funciona normalmente.<br \/>\n(D) Apenas o roteador \u00e9 impactado.<br \/>\n(E) O PC bloqueia todos os pacotes.<\/li>\n<\/ol>\n<hr \/>\n<h5><strong>Checklist<\/strong><\/h5>\n<ol>\n<li>Instalar e abrir o Software Packet Tracer;<\/li>\n<li>Elaborar a Composi\u00e7\u00e3o da Topologia das sub-redes;<\/li>\n<li>Configurar os Endere\u00e7os IP;<\/li>\n<li>Conectar os computadores ao switch;<\/li>\n<li>Configurar o roteador;<\/li>\n<li>Testar a conectividade;<\/li>\n<li>Colocar prints de tela da topologia de rede e Reply from.<\/li>\n<\/ol>\n<hr \/>\n<h5><strong>RESULTADOS<\/strong><\/h5>\n<p>Resultados do experimento:<\/p>\n<p>Ao final dessa aula pr\u00e1tica, voc\u00ea dever\u00e1 enviar um arquivo em word contendo as informa\u00e7\u00f5es obtidas no experimento, os c\u00e1lculos realizados, em conjunto com um texto conclusivo a respeito das informa\u00e7\u00f5es obtidas. O arquivo n\u00e3o pode exceder o tamanho de 2Mb.<\/p>\n<p>Resultados de Aprendizagem:<\/p>\n<p>Como resultados dessa pr\u00e1tica ser\u00e1 poss\u00edvel configurar uma rede com a arquitetura TCP\/IP, compreendendo os pap\u00e9is dos dispositivos, endere\u00e7amento IP e gateways, al\u00e9m de testar conectividade entre sub-redes.<\/p>\n<div class=\"elementor-toggle-item\">\n<p><strong>Como se realizam os envios?<\/strong><\/p>\n<\/div>\n<p id=\"elementor-tab-content-1942\" class=\"elementor-tab-content elementor-clearfix elementor-active\" role=\"tabpanel\" data-tab=\"2\" aria-labelledby=\"elementor-tab-title-1942\">O seu trabalho \u00e9 disponibilizado pronto, respondido e nas normas j\u00e1 na mesma hora aqui em nosso site na sua \u00e1rea de downloads e tamb\u00e9m no seu e-mail.<\/p>\n<p><strong>Em quanto tempo recebo o portf\u00f3lio?<\/strong><\/p>\n<p>Os envios s\u00e3o imediatos. Ap\u00f3s sua compra, o trabalho j\u00e1 \u00e9 disponibilizado instantaneamente aqui em nosso site e no seu e-mail.<\/p>\n<p><strong>E se o portf\u00f3lio que comprei precisar de corre\u00e7\u00e3o?<\/strong><\/p>\n<p>Caso haja alguma solicita\u00e7\u00e3o de corre\u00e7\u00e3o\/altera\u00e7\u00e3o por parte do tutor, basta entrar em contato conosco pelo\u00a0WhatsApp\u00a0que provid\u00eanciaremos sem custo algum.<\/p>\n<p><strong>Qual o formato do arquivo?<\/strong><\/p>\n<p>Os arquivos s\u00e3o enviados em formato Word e s\u00e3o edit\u00e1veis.<\/p>\n<p><strong>Caso eu tiver alguma d\u00favida, terei suporte no p\u00f3s venda?<\/strong><\/p>\n<p>Sim, com certeza. Basta clicar no \u00edcone do WhatsApp no cantinho da tela. Ser\u00e1 um prazer atend\u00ea-lo(a).<\/p>\n<div id=\"elementor-tab-content-1948\" class=\"elementor-tab-content elementor-clearfix elementor-active\" role=\"tabpanel\" data-tab=\"8\" aria-labelledby=\"elementor-tab-title-1948\">\n<p><strong>Quais os seus canais de contato?<\/strong><\/p>\n<\/div>\n<div id=\"elementor-tab-content-1949\" class=\"elementor-tab-content elementor-clearfix elementor-active\" role=\"tabpanel\" data-tab=\"9\" aria-labelledby=\"elementor-tab-title-1949\">\n<p>Whatsapp: 53 984751621 \u2013 Clicar no canto da tela ou ESCANEIE O QRCODE ABAIXO<\/p>\n<h4><img decoding=\"async\" class=\"alignnone wp-image-13699 jetpack-lazy-image jetpack-lazy-image--handled\" src=\"https:\/\/i0.wp.com\/portifolioos-prontos.com\/wp-content\/uploads\/2023\/02\/whatsapp-business-projeto-de-extensao-300x300.jpeg?resize=144%2C144\" sizes=\"(max-width: 144px) 100vw, 144px\" srcset=\"https:\/\/i0.wp.com\/portifolioos-prontos.com\/wp-content\/uploads\/2023\/02\/whatsapp-business-projeto-de-extensao.jpeg?resize=300%2C301&amp;ssl=1 300w, https:\/\/i0.wp.com\/portifolioos-prontos.com\/wp-content\/uploads\/2023\/02\/whatsapp-business-projeto-de-extensao.jpeg?resize=150%2C150&amp;ssl=1 150w, https:\/\/i0.wp.com\/portifolioos-prontos.com\/wp-content\/uploads\/2023\/02\/whatsapp-business-projeto-de-extensao.jpeg?resize=370%2C372&amp;ssl=1 370w, https:\/\/i0.wp.com\/portifolioos-prontos.com\/wp-content\/uploads\/2023\/02\/whatsapp-business-projeto-de-extensao.jpeg?resize=100%2C100&amp;ssl=1 100w, https:\/\/i0.wp.com\/portifolioos-prontos.com\/wp-content\/uploads\/2023\/02\/whatsapp-business-projeto-de-extensao.jpeg?w=470&amp;ssl=1 470w\" alt=\"projeto de extens\u00e3o unopar\" width=\"144\" height=\"144\" data-lazy-loaded=\"1\" \/><\/h4>\n<\/div>\n<div class=\"elementor-toggle-item\">\n<div id=\"elementor-tab-content-1949\" class=\"elementor-tab-content elementor-clearfix elementor-active\" role=\"tabpanel\" data-tab=\"9\" aria-labelledby=\"elementor-tab-title-1949\">\n<p>E-mail:portifoliosp@gmail.com<\/p>\n<div id=\"attachment_143\" class=\"wp-caption alignnone\">\n<div id=\"attachment_143\" class=\"wp-caption alignnone\">\n<p id=\"caption-attachment-143\" class=\"wp-caption-text\"><a href=\"http:\/\/portfolio-pronto.com\/\">Portf\u00f3lio<\/a>\u00a0em Word, respondido, completo e j\u00e1 nas normas<\/p>\n<\/div>\n<\/div>\n<\/div>\n<\/div>\n","protected":false},"excerpt":{"rendered":"<div class=\"product-short-description\"><strong>Pague pelo PIX ou cart\u00e3o e fa\u00e7a o download agora mesmo.<\/strong><\/div>\n<div class=\"sticky-add-to-cart-wrapper\">\n<div class=\"sticky-add-to-cart\">\n<p class=\"quantity buttons_added form-flat\"><img decoding=\"async\" class=\"lazyloaded smush-image-5 smush-image-3 smush-image-4 smush-detected-img smush-image-bigger-3\" src=\"https:\/\/d26lpennugtm8s.cloudfront.net\/assets\/common\/img\/logos\/payment\/visa@2x.png\" width=\"46\" height=\"29\" data-src=\"https:\/\/d26lpennugtm8s.cloudfront.net\/assets\/common\/img\/logos\/payment\/visa@2x.png\" \/><img decoding=\"async\" class=\"lazyloaded smush-image-6 smush-image-4 smush-image-5 smush-detected-img smush-image-bigger-4\" src=\"https:\/\/d26lpennugtm8s.cloudfront.net\/assets\/common\/img\/logos\/payment\/boleto@2x.png\" width=\"43\" height=\"27\" data-src=\"https:\/\/d26lpennugtm8s.cloudfront.net\/assets\/common\/img\/logos\/payment\/boleto@2x.png\" \/><img loading=\"lazy\" decoding=\"async\" class=\"lazyloaded smush-image-7 smush-image-5 smush-image-6 smush-detected-img smush-image-bigger-5\" src=\"https:\/\/d26lpennugtm8s.cloudfront.net\/assets\/common\/img\/logos\/payment\/mastercard@2x.png\" width=\"43\" height=\"27\" data-src=\"https:\/\/d26lpennugtm8s.cloudfront.net\/assets\/common\/img\/logos\/payment\/mastercard@2x.png\" \/><img loading=\"lazy\" decoding=\"async\" class=\"lazyloaded smush-image-8 smush-image-6 smush-image-7 smush-detected-img smush-image-bigger-6\" src=\"https:\/\/d26lpennugtm8s.cloudfront.net\/assets\/common\/img\/logos\/payment\/amex@2x.png\" width=\"43\" height=\"27\" data-src=\"https:\/\/d26lpennugtm8s.cloudfront.net\/assets\/common\/img\/logos\/payment\/amex@2x.png\" \/><img loading=\"lazy\" decoding=\"async\" class=\"lazyloaded smush-image-9 smush-image-7 smush-image-8 smush-detected-img smush-image-bigger-7\" src=\"https:\/\/d26lpennugtm8s.cloudfront.net\/assets\/common\/img\/logos\/payment\/diners@2x.png\" width=\"46\" height=\"29\" data-src=\"https:\/\/d26lpennugtm8s.cloudfront.net\/assets\/common\/img\/logos\/payment\/diners@2x.png\" \/><img loading=\"lazy\" decoding=\"async\" class=\"lazyloaded smush-image-10 smush-image-8 smush-image-9 alignnone smush-detected-img smush-image-bigger-8\" src=\"https:\/\/d26lpennugtm8s.cloudfront.net\/assets\/common\/img\/logos\/payment\/br\/elo@2x.png\" alt=\"portf\u00f3lio unopar anhanguera\" width=\"45\" height=\"28\" data-src=\"https:\/\/d26lpennugtm8s.cloudfront.net\/assets\/common\/img\/logos\/payment\/br\/elo@2x.png\" \/><img loading=\"lazy\" decoding=\"async\" class=\"lazyloaded smush-image-11 smush-image-9 smush-image-10 alignnone smush-detected-img smush-image-bigger-9\" src=\"https:\/\/d26lpennugtm8s.cloudfront.net\/assets\/common\/img\/logos\/payment\/br\/hipercard@2x.png\" alt=\"portf\u00f3lio unopar anhanguera\" width=\"44\" height=\"28\" data-src=\"https:\/\/d26lpennugtm8s.cloudfront.net\/assets\/common\/img\/logos\/payment\/br\/hipercard@2x.png\" \/><img loading=\"lazy\" decoding=\"async\" class=\"lazyloaded smush-image-12 smush-image-10 smush-image-11 alignnone smush-detected-img smush-image-bigger-10\" src=\"https:\/\/d26lpennugtm8s.cloudfront.net\/assets\/common\/img\/logos\/payment\/mercadopago@2x.png\" alt=\"portf\u00f3lio unopar anhanguera\" width=\"45\" height=\"28\" data-src=\"https:\/\/d26lpennugtm8s.cloudfront.net\/assets\/common\/img\/logos\/payment\/mercadopago@2x.png\" \/><\/p>\n<\/div>\n<\/div>\n","protected":false},"featured_media":49709,"template":"","meta":{"_seopress_robots_primary_cat":"none","_seopress_titles_title":"","_seopress_titles_desc":"","_seopress_robots_index":""},"product_cat":[15],"product_tag":[],"class_list":{"0":"post-49708","1":"product","2":"type-product","3":"status-publish","4":"has-post-thumbnail","6":"product_cat-uncategorized","8":"first","9":"instock","10":"shipping-taxable","11":"product-type-simple","12":"col-xs-6 col-sm-4","13":"col-mf-5","14":"un-5-cols"},"jetpack_sharing_enabled":true,"_links":{"self":[{"href":"https:\/\/portifolioos-prontos.com\/index.php\/wp-json\/wp\/v2\/product\/49708","targetHints":{"allow":["GET"]}}],"collection":[{"href":"https:\/\/portifolioos-prontos.com\/index.php\/wp-json\/wp\/v2\/product"}],"about":[{"href":"https:\/\/portifolioos-prontos.com\/index.php\/wp-json\/wp\/v2\/types\/product"}],"version-history":[{"count":3,"href":"https:\/\/portifolioos-prontos.com\/index.php\/wp-json\/wp\/v2\/product\/49708\/revisions"}],"predecessor-version":[{"id":49829,"href":"https:\/\/portifolioos-prontos.com\/index.php\/wp-json\/wp\/v2\/product\/49708\/revisions\/49829"}],"wp:featuredmedia":[{"embeddable":true,"href":"https:\/\/portifolioos-prontos.com\/index.php\/wp-json\/wp\/v2\/media\/49709"}],"wp:attachment":[{"href":"https:\/\/portifolioos-prontos.com\/index.php\/wp-json\/wp\/v2\/media?parent=49708"}],"wp:term":[{"taxonomy":"product_cat","embeddable":true,"href":"https:\/\/portifolioos-prontos.com\/index.php\/wp-json\/wp\/v2\/product_cat?post=49708"},{"taxonomy":"product_tag","embeddable":true,"href":"https:\/\/portifolioos-prontos.com\/index.php\/wp-json\/wp\/v2\/product_tag?post=49708"}],"curies":[{"name":"wp","href":"https:\/\/api.w.org\/{rel}","templated":true}]}}