{"id":49719,"date":"2026-02-28T14:07:42","date_gmt":"2026-02-28T17:07:42","guid":{"rendered":"https:\/\/portifolioos-prontos.com\/?post_type=product&#038;p=49719"},"modified":"2026-03-02T10:13:47","modified_gmt":"2026-03-02T13:13:47","slug":"aula-pratica-analise-orientado-a-objetos-aula-2-diagrama-de-sequencias","status":"publish","type":"product","link":"https:\/\/portifolioos-prontos.com\/index.php\/product\/aula-pratica-analise-orientado-a-objetos-aula-2-diagrama-de-sequencias\/","title":{"rendered":"Aula Pr\u00e1tica An\u00e1lise Orientado a Objetos- Aula 2- Diagrama de Sequ\u00eancias"},"content":{"rendered":"<h5 data-start=\"0\" data-end=\"33\"><strong data-start=\"6\" data-end=\"33\">ROTEIRO DE AULA PR\u00c1TICA<\/strong><\/h5>\n<p data-start=\"35\" data-end=\"188\"><strong data-start=\"35\" data-end=\"58\">NOME DA DISCIPLINA:<\/strong> An\u00e1lise Orientado a Objetos<br data-start=\"86\" data-end=\"89\" \/><strong data-start=\"89\" data-end=\"101\">Unidade:<\/strong> 3 \u2013 Modelagem Complementar de An\u00e1lise com UML<br data-start=\"147\" data-end=\"150\" \/><strong data-start=\"150\" data-end=\"159\">Aula:<\/strong> 2 \u2013 Diagrama de Sequ\u00eancias<\/p>\n<hr data-start=\"190\" data-end=\"193\" \/>\n<h5 data-start=\"195\" data-end=\"214\"><strong data-start=\"201\" data-end=\"214\">OBJETIVOS<\/strong><\/h5>\n<p data-start=\"216\" data-end=\"418\">Defini\u00e7\u00e3o dos objetivos da aula pr\u00e1tica:<br data-start=\"256\" data-end=\"259\" \/>Desenvolver um diagrama de Sequ\u00eancias utilizando os conhecimentos e pr\u00e1ticas da UML e Utiliza\u00e7\u00e3o da linguagem de modelagem, para abstrair e resolver problemas.<\/p>\n<hr data-start=\"420\" data-end=\"423\" \/>\n<h5 data-start=\"425\" data-end=\"451\"><strong data-start=\"431\" data-end=\"451\">SOLU\u00c7\u00c3O DIGITAL:<\/strong><\/h5>\n<p data-start=\"453\" data-end=\"478\">Visual Paradigma Online<\/p>\n<p data-start=\"480\" data-end=\"859\">O Visual Paradigm Online \u00e9 uma ferramenta de modelagem UML baseada na web, projetada para ajudar equipes a criar diagramas UML de maneira colaborativa e eficiente. Ele oferece suporte a uma ampla gama de diagramas UML, como diagramas de casos de uso, diagramas de classes, diagramas de sequ\u00eancia, diagramas de atividades, entre outros. Al\u00e9m de UML ele oferece outros diagramas.<\/p>\n<p data-start=\"861\" data-end=\"915\">Dispon\u00edvel em: <a class=\"decorated-link\" href=\"https:\/\/online.visual-paradigm.com\/pt\" target=\"_new\" rel=\"noopener\" data-start=\"876\" data-end=\"913\">https:\/\/online.visual-paradigm.com\/pt<\/a><\/p>\n<hr data-start=\"917\" data-end=\"920\" \/>\n<h5 data-start=\"922\" data-end=\"967\"><strong data-start=\"928\" data-end=\"967\">PROCEDIMENTOS PR\u00c1TICOS E APLICA\u00c7\u00d5ES<\/strong><\/h5>\n<p data-start=\"969\" data-end=\"1000\"><strong data-start=\"969\" data-end=\"1000\">Procedimento\/Atividade n\u00ba 1<\/strong><\/p>\n<p data-start=\"1002\" data-end=\"1106\">Desenvolvimento de um Diagrama de Sequ\u00eancia para um sistema de venda de ingressos no sistema de cinema<\/p>\n<p data-start=\"1108\" data-end=\"1267\">Atividade proposta: Elaborar um diagrama de sequ\u00eancia para a situa\u00e7\u00e3o apresentada, aplicando corretamente a nota\u00e7\u00e3o da UML e utilizando a ferramenta designada.<\/p>\n<p data-start=\"1269\" data-end=\"1314\">Procedimentos para a realiza\u00e7\u00e3o da atividade:<\/p>\n<p data-start=\"1316\" data-end=\"1635\">Considere um sistema de controle de cinema no qual um funcion\u00e1rio \u00e9 respons\u00e1vel por realizar a venda de ingressos aos clientes. O processo inicia quando o funcion\u00e1rio seleciona a op\u00e7\u00e3o de venda de ingressos na interface do sistema. A interface, ent\u00e3o, solicita ao controlador do sistema que execute a opera\u00e7\u00e3o de venda.<\/p>\n<p data-start=\"1637\" data-end=\"1647\">P\u00fablico3<\/p>\n<p data-start=\"1649\" data-end=\"2012\">O controlador deve consultar todas as sess\u00f5es dispon\u00edveis para exibi\u00e7\u00e3o, obtendo informa\u00e7\u00f5es sobre a sala onde cada sess\u00e3o ocorrer\u00e1 e o filme que ser\u00e1 apresentado. Ap\u00f3s reunir as informa\u00e7\u00f5es, o sistema retorna \u00e0 interface uma lista contendo todas as sess\u00f5es dispon\u00edveis para escolha. O funcion\u00e1rio seleciona, na interface, a sess\u00e3o desejada e confirma a opera\u00e7\u00e3o.<\/p>\n<p data-start=\"2014\" data-end=\"2338\">Ao receber a confirma\u00e7\u00e3o, o controlador solicita que o sistema gere o ingresso correspondente, associando a escolha do funcion\u00e1rio \u00e0 sess\u00e3o selecionada. O sistema cria o ingresso com os dados necess\u00e1rios e retorna essa informa\u00e7\u00e3o ao controlador, que ent\u00e3o solicita \u00e0 interface que exiba a confirma\u00e7\u00e3o da emiss\u00e3o do ingresso.<\/p>\n<p data-start=\"2340\" data-end=\"2582\">Com base neste cen\u00e1rio, e no diagrama de classes desenvolvidos no RAP anterior, modele o diagrama de sequ\u00eancia correspondente, representando os objetos envolvidos, as mensagens trocadas entre eles e o fluxo completo at\u00e9 a emiss\u00e3o do ingresso.<\/p>\n<hr data-start=\"2584\" data-end=\"2587\" \/>\n<h5 data-start=\"2589\" data-end=\"2623\"><strong data-start=\"2595\" data-end=\"2623\">Avaliando os resultados:<\/strong><\/h5>\n<p data-start=\"2625\" data-end=\"3112\">No diagrama de sequ\u00eancia do processo de venda de ingressos, observa-se a intera\u00e7\u00e3o entre o funcion\u00e1rio e os objetos do sistema: Interface do Cinema, Controlador do Cinema, Sess\u00e3o, Sala, Filme e Ingresso. O fluxo tem in\u00edcio quando o funcion\u00e1rio solicita a venda de ingresso pela interface, que repassa a requisi\u00e7\u00e3o ao controlador. O controlador consulta as sess\u00f5es dispon\u00edveis e obt\u00e9m informa\u00e7\u00f5es de sala e filme para apresent\u00e1-las ao funcion\u00e1rio, permitindo a escolha da sess\u00e3o desejada.<\/p>\n<p data-start=\"3114\" data-end=\"3339\">Ap\u00f3s a confirma\u00e7\u00e3o da sess\u00e3o, o controlador solicita a cria\u00e7\u00e3o do ingresso, garantindo que ele seja gerado apenas para uma sess\u00e3o v\u00e1lida. O diagrama termina com a emiss\u00e3o do ingresso e o retorno da confirma\u00e7\u00e3o ao funcion\u00e1rio.<\/p>\n<hr data-start=\"3341\" data-end=\"3344\" \/>\n<h5 data-start=\"3346\" data-end=\"3366\"><strong data-start=\"3352\" data-end=\"3366\">Checklist:<\/strong><\/h5>\n<p data-start=\"3368\" data-end=\"3569\">\u00fc Saber utilizar a ferramenta proposta ou outra que contemple a UML.<br data-start=\"3436\" data-end=\"3439\" \/>\u00fc Identificar quais s\u00e3o os elementos que comp\u00f5em o diagrama<br data-start=\"3498\" data-end=\"3501\" \/>\u00fc Identificar as trocas de mensagens entre os elementos do diagrama.<\/p>\n<hr data-start=\"3571\" data-end=\"3574\" \/>\n<h5 data-start=\"3576\" data-end=\"3596\"><strong data-start=\"3582\" data-end=\"3596\">RESULTADOS<\/strong><\/h5>\n<p data-start=\"3598\" data-end=\"3624\">Resultados do experimento:<\/p>\n<p data-start=\"3626\" data-end=\"3650\">O arquivo dever\u00e1 conter:<\/p>\n<p data-start=\"3652\" data-end=\"3893\">\u2022 Capa<br data-start=\"3658\" data-end=\"3661\" \/>\u2022 Folha de rosto com os dados da disciplina e do aluno<br data-start=\"3715\" data-end=\"3718\" \/>\u2022 M\u00e9todos: Explique as t\u00e9cnicas que utilizou<br data-start=\"3762\" data-end=\"3765\" \/>\u2022 Resultado: Mostre o que conseguiu<br data-start=\"3800\" data-end=\"3803\" \/>\u2022 Evid\u00eancia: (prints) completa do exerc\u00edcio<br data-start=\"3846\" data-end=\"3849\" \/>\u2022 Refer\u00eancias bibliogr\u00e1ficas (quando houver)<\/p>\n<p data-start=\"3895\" data-end=\"3939\">O arquivo n\u00e3o pode exceder o tamanho de 2Mb.<\/p>\n<p data-start=\"3941\" data-end=\"3968\">Resultados de Aprendizagem:<\/p>\n<p data-start=\"3970\" data-end=\"4119\">Espera-se que o aluno seja capaz de criar um diagrama de sequ\u00eancia, seguindo o problema proposto e utilizando corretamente os elementos da linguagem.<\/p>\n<div class=\"elementor-toggle-item\">\n<p><strong>Como se realizam os envios?<\/strong><\/p>\n<\/div>\n<p id=\"elementor-tab-content-1942\" class=\"elementor-tab-content elementor-clearfix elementor-active\" role=\"tabpanel\" data-tab=\"2\" aria-labelledby=\"elementor-tab-title-1942\">O seu trabalho \u00e9 disponibilizado pronto, respondido e nas normas j\u00e1 na mesma hora aqui em nosso site na sua \u00e1rea de downloads e tamb\u00e9m no seu e-mail.<\/p>\n<p><strong>Em quanto tempo recebo o portf\u00f3lio?<\/strong><\/p>\n<p>Os envios s\u00e3o imediatos. Ap\u00f3s sua compra, o trabalho j\u00e1 \u00e9 disponibilizado instantaneamente aqui em nosso site e no seu e-mail.<\/p>\n<p><strong>E se o portf\u00f3lio que comprei precisar de corre\u00e7\u00e3o?<\/strong><\/p>\n<p>Caso haja alguma solicita\u00e7\u00e3o de corre\u00e7\u00e3o\/altera\u00e7\u00e3o por parte do tutor, basta entrar em contato conosco pelo\u00a0WhatsApp\u00a0que provid\u00eanciaremos sem custo algum.<\/p>\n<p><strong>Qual o formato do arquivo?<\/strong><\/p>\n<p>Os arquivos s\u00e3o enviados em formato Word e s\u00e3o edit\u00e1veis.<\/p>\n<p><strong>Caso eu tiver alguma d\u00favida, terei suporte no p\u00f3s venda?<\/strong><\/p>\n<p>Sim, com certeza. Basta clicar no \u00edcone do WhatsApp no cantinho da tela. Ser\u00e1 um prazer atend\u00ea-lo(a).<\/p>\n<div id=\"elementor-tab-content-1948\" class=\"elementor-tab-content elementor-clearfix elementor-active\" role=\"tabpanel\" data-tab=\"8\" aria-labelledby=\"elementor-tab-title-1948\">\n<p><strong>Quais os seus canais de contato?<\/strong><\/p>\n<\/div>\n<div id=\"elementor-tab-content-1949\" class=\"elementor-tab-content elementor-clearfix elementor-active\" role=\"tabpanel\" data-tab=\"9\" aria-labelledby=\"elementor-tab-title-1949\">\n<p>Whatsapp: 53 984751621 \u2013 Clicar no canto da tela ou ESCANEIE O QRCODE ABAIXO<\/p>\n<h4><img decoding=\"async\" class=\"alignnone wp-image-13699 jetpack-lazy-image jetpack-lazy-image--handled\" src=\"https:\/\/i0.wp.com\/portifolioos-prontos.com\/wp-content\/uploads\/2023\/02\/whatsapp-business-projeto-de-extensao-300x300.jpeg?resize=144%2C144\" sizes=\"(max-width: 144px) 100vw, 144px\" srcset=\"https:\/\/i0.wp.com\/portifolioos-prontos.com\/wp-content\/uploads\/2023\/02\/whatsapp-business-projeto-de-extensao.jpeg?resize=300%2C301&amp;ssl=1 300w, https:\/\/i0.wp.com\/portifolioos-prontos.com\/wp-content\/uploads\/2023\/02\/whatsapp-business-projeto-de-extensao.jpeg?resize=150%2C150&amp;ssl=1 150w, https:\/\/i0.wp.com\/portifolioos-prontos.com\/wp-content\/uploads\/2023\/02\/whatsapp-business-projeto-de-extensao.jpeg?resize=370%2C372&amp;ssl=1 370w, https:\/\/i0.wp.com\/portifolioos-prontos.com\/wp-content\/uploads\/2023\/02\/whatsapp-business-projeto-de-extensao.jpeg?resize=100%2C100&amp;ssl=1 100w, https:\/\/i0.wp.com\/portifolioos-prontos.com\/wp-content\/uploads\/2023\/02\/whatsapp-business-projeto-de-extensao.jpeg?w=470&amp;ssl=1 470w\" alt=\"projeto de extens\u00e3o unopar\" width=\"144\" height=\"144\" data-lazy-loaded=\"1\" \/><\/h4>\n<\/div>\n<div class=\"elementor-toggle-item\">\n<div id=\"elementor-tab-content-1949\" class=\"elementor-tab-content elementor-clearfix elementor-active\" role=\"tabpanel\" data-tab=\"9\" aria-labelledby=\"elementor-tab-title-1949\">\n<p>E-mail:portifoliosp@gmail.com<\/p>\n<div id=\"attachment_143\" class=\"wp-caption alignnone\">\n<div id=\"attachment_143\" class=\"wp-caption alignnone\">\n<p id=\"caption-attachment-143\" class=\"wp-caption-text\"><a href=\"http:\/\/portfolio-pronto.com\/\">Portf\u00f3lio<\/a>\u00a0em Word, respondido, completo e j\u00e1 nas normas<\/p>\n<\/div>\n<\/div>\n<\/div>\n<\/div>\n","protected":false},"excerpt":{"rendered":"<div class=\"product-short-description\"><strong>Pague pelo PIX ou cart\u00e3o e fa\u00e7a o download agora mesmo.<\/strong><\/div>\n<div class=\"sticky-add-to-cart-wrapper\">\n<div class=\"sticky-add-to-cart\">\n<p class=\"quantity buttons_added form-flat\"><img decoding=\"async\" class=\"lazyloaded smush-image-5 smush-image-3 smush-image-4 smush-detected-img smush-image-bigger-3\" src=\"https:\/\/d26lpennugtm8s.cloudfront.net\/assets\/common\/img\/logos\/payment\/visa@2x.png\" width=\"46\" height=\"29\" data-src=\"https:\/\/d26lpennugtm8s.cloudfront.net\/assets\/common\/img\/logos\/payment\/visa@2x.png\" \/><img decoding=\"async\" class=\"lazyloaded smush-image-6 smush-image-4 smush-image-5 smush-detected-img smush-image-bigger-4\" src=\"https:\/\/d26lpennugtm8s.cloudfront.net\/assets\/common\/img\/logos\/payment\/boleto@2x.png\" width=\"43\" height=\"27\" data-src=\"https:\/\/d26lpennugtm8s.cloudfront.net\/assets\/common\/img\/logos\/payment\/boleto@2x.png\" \/><img loading=\"lazy\" decoding=\"async\" class=\"lazyloaded smush-image-7 smush-image-5 smush-image-6 smush-detected-img smush-image-bigger-5\" src=\"https:\/\/d26lpennugtm8s.cloudfront.net\/assets\/common\/img\/logos\/payment\/mastercard@2x.png\" width=\"43\" height=\"27\" data-src=\"https:\/\/d26lpennugtm8s.cloudfront.net\/assets\/common\/img\/logos\/payment\/mastercard@2x.png\" \/><img loading=\"lazy\" decoding=\"async\" class=\"lazyloaded smush-image-8 smush-image-6 smush-image-7 smush-detected-img smush-image-bigger-6\" src=\"https:\/\/d26lpennugtm8s.cloudfront.net\/assets\/common\/img\/logos\/payment\/amex@2x.png\" width=\"43\" height=\"27\" data-src=\"https:\/\/d26lpennugtm8s.cloudfront.net\/assets\/common\/img\/logos\/payment\/amex@2x.png\" \/><img loading=\"lazy\" decoding=\"async\" class=\"lazyloaded smush-image-9 smush-image-7 smush-image-8 smush-detected-img smush-image-bigger-7\" src=\"https:\/\/d26lpennugtm8s.cloudfront.net\/assets\/common\/img\/logos\/payment\/diners@2x.png\" width=\"46\" height=\"29\" data-src=\"https:\/\/d26lpennugtm8s.cloudfront.net\/assets\/common\/img\/logos\/payment\/diners@2x.png\" \/><img loading=\"lazy\" decoding=\"async\" class=\"lazyloaded smush-image-10 smush-image-8 smush-image-9 alignnone smush-detected-img smush-image-bigger-8\" src=\"https:\/\/d26lpennugtm8s.cloudfront.net\/assets\/common\/img\/logos\/payment\/br\/elo@2x.png\" alt=\"portf\u00f3lio unopar anhanguera\" width=\"45\" height=\"28\" data-src=\"https:\/\/d26lpennugtm8s.cloudfront.net\/assets\/common\/img\/logos\/payment\/br\/elo@2x.png\" \/><img loading=\"lazy\" decoding=\"async\" class=\"lazyloaded smush-image-11 smush-image-9 smush-image-10 alignnone smush-detected-img smush-image-bigger-9\" src=\"https:\/\/d26lpennugtm8s.cloudfront.net\/assets\/common\/img\/logos\/payment\/br\/hipercard@2x.png\" alt=\"portf\u00f3lio unopar anhanguera\" width=\"44\" height=\"28\" data-src=\"https:\/\/d26lpennugtm8s.cloudfront.net\/assets\/common\/img\/logos\/payment\/br\/hipercard@2x.png\" \/><img loading=\"lazy\" decoding=\"async\" class=\"lazyloaded smush-image-12 smush-image-10 smush-image-11 alignnone smush-detected-img smush-image-bigger-10\" src=\"https:\/\/d26lpennugtm8s.cloudfront.net\/assets\/common\/img\/logos\/payment\/mercadopago@2x.png\" alt=\"portf\u00f3lio unopar anhanguera\" width=\"45\" height=\"28\" data-src=\"https:\/\/d26lpennugtm8s.cloudfront.net\/assets\/common\/img\/logos\/payment\/mercadopago@2x.png\" \/><\/p>\n<\/div>\n<\/div>\n","protected":false},"featured_media":49720,"template":"","meta":{"_seopress_robots_primary_cat":"none","_seopress_titles_title":"","_seopress_titles_desc":"","_seopress_robots_index":""},"product_cat":[15],"product_tag":[],"class_list":{"0":"post-49719","1":"product","2":"type-product","3":"status-publish","4":"has-post-thumbnail","6":"product_cat-uncategorized","8":"first","9":"instock","10":"shipping-taxable","11":"purchasable","12":"product-type-simple","13":"col-xs-6 col-sm-4","14":"col-mf-5","15":"un-5-cols"},"jetpack_sharing_enabled":true,"_links":{"self":[{"href":"https:\/\/portifolioos-prontos.com\/index.php\/wp-json\/wp\/v2\/product\/49719","targetHints":{"allow":["GET"]}}],"collection":[{"href":"https:\/\/portifolioos-prontos.com\/index.php\/wp-json\/wp\/v2\/product"}],"about":[{"href":"https:\/\/portifolioos-prontos.com\/index.php\/wp-json\/wp\/v2\/types\/product"}],"version-history":[{"count":3,"href":"https:\/\/portifolioos-prontos.com\/index.php\/wp-json\/wp\/v2\/product\/49719\/revisions"}],"predecessor-version":[{"id":49769,"href":"https:\/\/portifolioos-prontos.com\/index.php\/wp-json\/wp\/v2\/product\/49719\/revisions\/49769"}],"wp:featuredmedia":[{"embeddable":true,"href":"https:\/\/portifolioos-prontos.com\/index.php\/wp-json\/wp\/v2\/media\/49720"}],"wp:attachment":[{"href":"https:\/\/portifolioos-prontos.com\/index.php\/wp-json\/wp\/v2\/media?parent=49719"}],"wp:term":[{"taxonomy":"product_cat","embeddable":true,"href":"https:\/\/portifolioos-prontos.com\/index.php\/wp-json\/wp\/v2\/product_cat?post=49719"},{"taxonomy":"product_tag","embeddable":true,"href":"https:\/\/portifolioos-prontos.com\/index.php\/wp-json\/wp\/v2\/product_tag?post=49719"}],"curies":[{"name":"wp","href":"https:\/\/api.w.org\/{rel}","templated":true}]}}