{"id":4979,"date":"2022-07-20T19:39:26","date_gmt":"2022-07-20T22:39:26","guid":{"rendered":"https:\/\/portifolioos-prontos.com\/?post_type=product&#038;p=4979"},"modified":"2022-10-06T14:39:25","modified_gmt":"2022-10-06T17:39:25","slug":"portfolio-a-educacao-no-contexto-da-educacao-basica-dos-conteudos-da-bncc-a-pratica-docente","status":"publish","type":"product","link":"https:\/\/portifolioos-prontos.com\/index.php\/product\/portfolio-a-educacao-no-contexto-da-educacao-basica-dos-conteudos-da-bncc-a-pratica-docente\/","title":{"rendered":"Portf\u00f3lio A educa\u00e7\u00e3o no contexto da educa\u00e7\u00e3o b\u00e1sica: dos conte\u00fados da BNCC \u00e0 pr\u00e1tica docente"},"content":{"rendered":"<h4>Portf\u00f3lio A educa\u00e7\u00e3o no contexto da educa\u00e7\u00e3o b\u00e1sica: dos conte\u00fados da BNCC \u00e0 pr\u00e1tica docente<\/h4>\n<h4>Curso: Educa\u00e7\u00e3o F\u00edsica<\/h4>\n<hr \/>\n<p>O presente semestre est\u00e1 possibilitando uma significativa amplia\u00e7\u00e3o e aprofundamento de<br \/>\nconhecimentos sobre a Educa\u00e7\u00e3o F\u00edsica e suas bases te\u00f3rico- pr\u00e1ticas que s\u00e3o essenciais para a<br \/>\natua\u00e7\u00e3o na \u00e1rea. Desta forma, o campo de atua\u00e7\u00e3o profissional apresenta-se diverso e possibilita que<br \/>\na materializa\u00e7\u00e3o dos conhecimentos te\u00f3rico e t\u00e9cnicos ocorram fundamentados pelas novas<br \/>\nevid\u00eancias cient\u00edficas. Assim sendo, o tema central da proposta de Produ\u00e7\u00e3o Textual Interdisciplinar<br \/>\nem Grupo (PTG) ser\u00e1: A EDUCA\u00c7\u00c3O NO CONTEXTO DA EDUCA\u00c7\u00c3O B\u00c1SICA: DOS CONTE\u00daDOS DA<br \/>\nBNCC \u00c0 PR\u00c1TICA DOCENTE.<br \/>\nEste tema \u00e9 importante para que voc\u00ea possa conhecer e reconhecer sobre o significado do<br \/>\nobjeto de estudo da Educa\u00e7\u00e3o F\u00edsica. Com isso, as possibilidades profissionais de atua\u00e7\u00e3o, o<br \/>\nconhecimento t\u00e9cnico-cient\u00edfico, seu p\u00fablico-alvo, seus campos de atua\u00e7\u00e3o e como esses elementos<br \/>\ninteragem com a din\u00e2mica cultural e tecnol\u00f3gica na sociedade fazem com que a Educa\u00e7\u00e3o F\u00edsica seja<br \/>\numa profiss\u00e3o de grande amplitude e complexidade sobre a atua\u00e7\u00e3o deste profissional no futuro.<br \/>\nNeste sentido, considere este cen\u00e1rio exposto para o desenvolvimento desta produ\u00e7\u00e3o textual, tendo<br \/>\ncomo base os conte\u00fados apresentados nas disciplinas do semestre.<\/p>\n<p>PRODU\u00c7\u00c3O TEXTUAL<br \/>\nINTERDISCIPLINAR<\/p>\n<p>ATIVIDADE(S)<\/p>\n<p>Os conhecimentos te\u00f3ricos e saberes pr\u00e1ticos e procedimentais comp\u00f5em a base de<br \/>\nsustenta\u00e7\u00e3o da a\u00e7\u00e3o docente, das pr\u00e1ticas escolares no contexto da Educa\u00e7\u00e3o F\u00edsica. Nenhum outro<br \/>\ncompomente curricular possui tamanha especeficidade tal qual a Educa\u00e7\u00e3o F\u00edsica. Teoria (s\u00f3 em<br \/>\nsala?) e a pr\u00e1tica (no na quadra?) parecem dividir e engajar a a\u00e7\u00e3o docente e o envolvimento dos<br \/>\nalunos em dois mundos. Mas, sabemos que a dimens\u00e3o te\u00f3rico-pr\u00e1tica vai muito al\u00e9m da<br \/>\nespecificidade e limita\u00e7\u00e3o de um \u201clugar\u201d um \u201cespa\u00e7o\u201d aonde se d\u00e1 uma das mais complexas a\u00e7\u00e3o<br \/>\nprofissional: o ensino aprendizado.<br \/>\nNo processo de planejamento do ensino-aprendizado, da avalia\u00e7\u00e3o, do norteamento das<br \/>\nteorias educacionai, encontramos um mundo cheio de desafios. A tecnologia est\u00e1 sendo cada vez<br \/>\nmais utilizada como um recursos educacional. A vis\u00e3o pr\u00e9-concebida de que os recursos tecnol\u00f3gicos<br \/>\nestavam distantes do \u201cch\u00e3o da sala de aula\u201d foi superada. Ainda mais no atual contexto social e<br \/>\neducacional em que vivemos. No segmento educacional contempor\u00e2neo, o desafio dos educadores<br \/>\nest\u00e1 centrado, tamb\u00e9m, nosrecursos digitais e essa utiliza\u00e7\u00e3o pode promover a motiva\u00e7\u00e3o dos alunos<br \/>\nlevando-os a um maior engajamento nas atividades propostas. Ao pensar sobre as Tecnologias<br \/>\nDigitais da Informa\u00e7\u00e3o e Comunica\u00e7\u00e3o, \u00e9 preciso refletir sobre quais ferramentas est\u00e3o dispon\u00edveis<br \/>\npara serem usadas em determinado contexto. Recursos inovadores e atuais podem permitir<br \/>\ncompartilhar, aprender junto, personalizar e orientar o processo de ensino e aprendizagem.<br \/>\nEnquanto educadores, tamb\u00e9m \u00e9 necess\u00e1rio ressaltar a Base Nacional Comum Curricular (BRASIL,<br \/>\n2018), documento que apresenta um conjunto de compet\u00eancias e habilidades que auxiliam na<br \/>\norganiza\u00e7\u00e3o curricular e, por conseguinte, nas aprendizagens essenciais que os alunos devem<br \/>\ndesenvolver ao longo da Educa\u00e7\u00e3o B\u00e1sica.<br \/>\nNo componente curricular Educa\u00e7\u00e3o F\u00edsica na BNCC enfatiza-se o movimento corporal como<br \/>\nelemento essencial \u00e0s pr\u00e1ticas corporais. Vale ressaltar que segundo o pr\u00f3prio documento, em<br \/>\nprinc\u00edpio, todas as pr\u00e1ticas corporais podem ser objeto do trabalho pedag\u00f3gico em qualquer etapa e<br \/>\nmodalidade de ensino. Na BNCC essa cultura coporal est\u00e1, em termos de saberes formais e<br \/>\ncurriculares assim organizados em seis (6) unidades tem\u00e1ticas: brincadeiras e jogos, esportes,<br \/>\ngin\u00e1sticas, dan\u00e7as, lutas ou pr\u00e1ticas corporais de aventura.<\/p>\n<p>ORIENTA\u00c7\u00d5ES PARA A EXECU\u00c7\u00c3O DO TRABALHO<\/p>\n<p>A parte do DESENVOLVIMENTO do trabalho ser\u00e1 estruturada em dois<br \/>\nmomentos\/partes:<\/p>\n<p><strong>1o PARTE \u2013 PRODU\u00c7\u00c3O DE TEXTO<\/strong><br \/>\n\u2713 Voc\u00ea dever\u00e1 fazer a leitura (obrigat\u00f3ria) dos textos disponibilizados a seguir:<\/p>\n<p>GRANDO, D. et al. A educa\u00e7\u00e3o f\u00edsica na base nacional comum curricular: pressupostos, avan\u00e7os e<br \/>\nretrocessos. 9o Congresso Norte Paranaense de Educa\u00e7\u00e3o F\u00edsica Escolar \u2013 CONPEF 2019. Dispon\u00edvel<br \/>\nem:\u00a0<a href=\"http:\/\/www.uel.br\/eventos\/conpef\/portal\/pages\/arquivos\/ANAIS%202019%20-\" rel=\"nofollow\">http:\/\/www.uel.br\/eventos\/conpef\/portal\/pages\/arquivos\/ANAIS%202019%20-<\/a><br \/>\n%20ARTIGOS%20COMUNICACAO%20ORAL%20E%20CARTAZ\/A%20EDUCACAO%20FISICA%20NA%2<br \/>\n0BASE%20NACIONAL%20COMUM%20CURRICULAR.pdf. Acesso em: 10\/06\/2022.<br \/>\nMARTINELI, T. A. P. et al. A Educa\u00e7\u00e3o F\u00edsica na BNCC: concep\u00e7\u00f5es e fundamentos pol\u00edticos e pedag\u00f3gicos.<br \/>\nMotriviv\u00eancia v. 28, n. 48, p. 76-95, setembro\/2016. Dispon\u00edvel em:<br \/>\n<a href=\"https:\/\/periodicos.ufsc.br\/index.php\/motrivivencia\/article\/view\/2175-8042.2016v28n48p76\" rel=\"nofollow\">https:\/\/periodicos.ufsc.br\/index.php\/motrivivencia\/article\/view\/2175-8042.2016v28n48p76<\/a>\u00a0Acesso<br \/>\nem: 10\/06\/2022. DOI:\u00a0<a href=\"https:\/\/doi.org\/10.5007\/2175-8042.2016v28n48p76\" rel=\"nofollow\">https:\/\/doi.org\/10.5007\/2175-8042.2016v28n48p76<\/a><br \/>\nAp\u00f3s leitura, fa\u00e7a uma an\u00e1lise e reflex\u00e3o dos textos propostos, para que possa redigir uma produ\u00e7\u00e3o<br \/>\ntextual, em forma de texto cr\u00edtico-argumentativo, a partir do seguinte tema: \u201cA Educa\u00e7\u00e3o F\u00edsica na<br \/>\nBNCC: da educa\u00e7\u00e3o infantil ao ensino m\u00e9dio.\u201d<br \/>\n\u2713 \u00c9 importante que o texto aborde os conte\u00fados presentes nos artigos disponibilizados,<br \/>\ndestacando o que caracteriza a BNCC, a concep\u00e7\u00e3o de Educa\u00e7\u00e3o F\u00edsica na BNCC e seus<br \/>\naspectos pedag\u00f3gicos; aspectos essenciais da Educa\u00e7\u00e3o F\u00edsica na educa\u00e7\u00e3o infantil, no<br \/>\nensino fundamental e no ensino m\u00e9dio sob a luz da BNCC.<br \/>\n\u2713 Al\u00e9m dos textos de leitura obrigat\u00f3ria, ser\u00e1 poss\u00edvel acrescentar informa\u00e7\u00f5es a respeito<br \/>\ndo tema, nesta etapa de produ\u00e7\u00e3o de texto, com artigos cient\u00edficos de fontes confi\u00e1veis,<br \/>\ncomo livros e publica\u00e7\u00f5es de trabalhos em anais de congresso.<br \/>\nOrienta\u00e7\u00f5es espec\u00edficas:<br \/>\n\u2013 Elaborar um texto de no m\u00ednimo 4 (quatro) e no m\u00e1ximo 5 (cinco) p\u00e1ginas de conte\u00fado escrito,<br \/>\nsem t\u00f3picos. Redigir de acordo com as normas da ABNT atual.<\/p>\n<p><strong>2o PARTE \u2013 ELABORA\u00c7\u00c3O DE PLANO DE AULA<\/strong><\/p>\n<p>Elaborem um registro de aula (modelo indicado a seguir) voltado ao Ensino M\u00e9dio<br \/>\ncontemplando o eixo tem\u00e1tio ESPORTE e o tema integrador DIREITOS HUMANOS E CIDADANIA.<br \/>\nLembrando que um dos objetivos da educa\u00e7\u00e3o f\u00edsica nessa etapa \u00e9 o de colocar em evidencia o<br \/>\nchamado protagonismo juvenil, considerando que o jovem do ensino m\u00e9dio \u00e9 maduro o suficiente<br \/>\npara j\u00e1 neste n\u00edvel de ensino optar por cursar as disciplinas que tem rela\u00e7\u00e3o com a profiss\u00e3o que ir\u00e1<br \/>\nseguir.<br \/>\nO Tema da aula a ser abordado na aula deve estar relacionado com a dimens\u00e3o ESPORTE X<br \/>\nDIREITOS HUMANOS E CIDADANIA, o P\u00fablico-alvo Turma do 1o a 3o ano para qual a aula se destina.<br \/>\nObjetivo geral da aula, sua defini\u00e7\u00e3o do que \u00e9 a ideia central da aula, expressando de forma clara,<br \/>\nqual a inten\u00e7\u00e3o de abordar a unidade tem\u00e1tica sugerida sua rela\u00e7\u00e3o com o tema integrador.<br \/>\nDesenvolvimento da aula s\u00e3o os caminhos percorridos para que o objetivo seja atingido. Descreva<br \/>\ndetalhadamente as a\u00e7\u00f5es que ser\u00e3o realizadas ao longo do encontro. Avalia\u00e7\u00e3o \u00e9 o modo como o<br \/>\nprofessor ir\u00e1 acompanhar e avaliar o processo de aprendizagem dos alunos, verificando os avan\u00e7os<br \/>\ne o que ainda necessita de aperfei\u00e7oamento.<\/p>\n<div class=\"elementor-toggle-item\">\n<div class=\"elementor-toggle-item\">\n<h4 id=\"elementor-tab-title-1941\" class=\"elementor-tab-title elementor-active\" tabindex=\"0\" role=\"tab\" data-tab=\"1\" aria-controls=\"elementor-tab-content-1941\" aria-expanded=\"true\" aria-selected=\"true\">Como funciona?<\/h4>\n<div id=\"elementor-tab-content-1941\" class=\"elementor-tab-content elementor-clearfix elementor-active\" role=\"tabpanel\" data-tab=\"1\" aria-labelledby=\"elementor-tab-title-1941\">\n<p>Elaboramos os portf\u00f3lios, j\u00e1 deixamos prontos, nas normas da ABNT e conforme os requisitos da universidade. F\u00e1cil assim! O MELHOR \u00c9 QUE VOC\u00ca COMPRA E J\u00c1 BAIXA NA HORA O SEU ARQUIVO EM WORD! Sabemos que conciliar trabalho, fam\u00edlia, vida profissional e estudos \u00e9 dif\u00edcil hoje em dia, por isso, estamos aqui para ajudar voc\u00ea. Conte com nossa qualidade, experi\u00eancia e profissionalismo adquirindo seu portf\u00f3lio conosco. GARANTIMOS SEU CONCEITO!<\/p>\n<h4>Como se realizam os envios?<\/h4>\n<\/div>\n<\/div>\n<div class=\"elementor-toggle-item\">\n<div id=\"elementor-tab-content-1942\" class=\"elementor-tab-content elementor-clearfix elementor-active\" role=\"tabpanel\" data-tab=\"2\" aria-labelledby=\"elementor-tab-title-1942\">O seu trabalho \u00e9 disponibilizado pronto, respondido e nas normas j\u00e1 na mesma hora aqui em nosso site na sua \u00e1rea de downloads e tamb\u00e9m no seu e-mail.<\/div>\n<\/div>\n<div class=\"elementor-toggle-item\">\n<div id=\"elementor-tab-content-1943\" class=\"elementor-tab-content elementor-clearfix elementor-active\" role=\"tabpanel\" data-tab=\"3\" aria-labelledby=\"elementor-tab-title-1943\">\n<h4>Em quanto tempo recebo o portf\u00f3lio?<\/h4>\n<\/div>\n<\/div>\n<div class=\"elementor-toggle-item\">\n<div id=\"elementor-tab-content-1944\" class=\"elementor-tab-content elementor-clearfix elementor-active\" role=\"tabpanel\" data-tab=\"4\" aria-labelledby=\"elementor-tab-title-1944\">\n<p>Os envios s\u00e3o imediatos. Ap\u00f3s sua compra, o trabalho j\u00e1 \u00e9 disponibilizado instantaneamente aqui em nosso site e no seu e-mail.<\/p>\n<h4>E se o portf\u00f3lio que comprei precisar de corre\u00e7\u00e3o?<\/h4>\n<\/div>\n<\/div>\n<div class=\"elementor-toggle-item\">\n<div id=\"elementor-tab-content-1945\" class=\"elementor-tab-content elementor-clearfix elementor-active\" role=\"tabpanel\" data-tab=\"5\" aria-labelledby=\"elementor-tab-title-1945\">\n<p>Caso haja alguma solicita\u00e7\u00e3o de corre\u00e7\u00e3o\/altera\u00e7\u00e3o por parte do tutor, basta entrar em contato conosco pelo\u00a0WhatsApp\u00a0que provid\u00eanciaremos sem custo algum.<\/p>\n<h4>Qual o formato do arquivo?<\/h4>\n<\/div>\n<\/div>\n<div class=\"elementor-toggle-item\">\n<div id=\"elementor-tab-content-1946\" class=\"elementor-tab-content elementor-clearfix elementor-active\" role=\"tabpanel\" data-tab=\"6\" aria-labelledby=\"elementor-tab-title-1946\">\n<p>Os arquivos s\u00e3o enviados em formato Word e s\u00e3o edit\u00e1veis.<\/p>\n<h4>Caso eu tiver alguma d\u00favida, terei suporte no p\u00f3s venda?<\/h4>\n<\/div>\n<\/div>\n<div class=\"elementor-toggle-item\">\n<div id=\"elementor-tab-content-1948\" class=\"elementor-tab-content elementor-clearfix elementor-active\" role=\"tabpanel\" data-tab=\"8\" aria-labelledby=\"elementor-tab-title-1948\">\n<p>Sim, com certeza. Basta clicar no \u00edcone do WhatsApp no cantinho da tela. Ser\u00e1 um prazer atend\u00ea-lo(a).<\/p>\n<div class=\"elementor-toggle-item\">\n<div id=\"elementor-tab-content-1948\" class=\"elementor-tab-content elementor-clearfix elementor-active\" role=\"tabpanel\" data-tab=\"8\" aria-labelledby=\"elementor-tab-title-1948\">\n<h4>Quais os seus canais de contato?<\/h4>\n<\/div>\n<\/div>\n<div class=\"elementor-toggle-item\">\n<div id=\"elementor-tab-content-1949\" class=\"elementor-tab-content elementor-clearfix elementor-active\" role=\"tabpanel\" data-tab=\"9\" aria-labelledby=\"elementor-tab-title-1949\">\n<p>Whatsapp: 53 984751621 \u2013 Clicar no canto da tela ou ESCANEIE O QRCODE ABAIXO<\/p>\n<p><img decoding=\"async\" class=\"alignnone wp-image-7603\" src=\"http:\/\/portifolioos-prontos.com\/wp-content\/uploads\/2022\/09\/portfolio-unopar-pronto-colaborar-ava-producao-textual-interdisciplinar.png\" alt=\"A educa\u00e7\u00e3o no contexto da educa\u00e7\u00e3o b\u00e1sica: dos conte\u00fados da BNCC \u00e0 pr\u00e1tica docente,portf\u00f3lio A educa\u00e7\u00e3o no contexto da educa\u00e7\u00e3o b\u00e1sica: dos conte\u00fados da BNCC \u00e0 pr\u00e1tica docente,portfolio A educa\u00e7\u00e3o no contexto da educa\u00e7\u00e3o b\u00e1sica: dos conte\u00fados da BNCC \u00e0 pr\u00e1tica docente,pti A educa\u00e7\u00e3o no contexto da educa\u00e7\u00e3o b\u00e1sica: dos conte\u00fados da BNCC \u00e0 pr\u00e1tica docente,ptg A educa\u00e7\u00e3o no contexto da educa\u00e7\u00e3o b\u00e1sica: dos conte\u00fados da BNCC \u00e0 pr\u00e1tica docente,portf\u00f3lio pronto A educa\u00e7\u00e3o no contexto da educa\u00e7\u00e3o b\u00e1sica: dos conte\u00fados da BNCC \u00e0 pr\u00e1tica docente,portfolio pronto A educa\u00e7\u00e3o no contexto da educa\u00e7\u00e3o b\u00e1sica: dos conte\u00fados da BNCC \u00e0 pr\u00e1tica docente,portfolio unopar A educa\u00e7\u00e3o no contexto da educa\u00e7\u00e3o b\u00e1sica: dos conte\u00fados da BNCC \u00e0 pr\u00e1tica docente,portf\u00f3lio pronto unopar A educa\u00e7\u00e3o no contexto da educa\u00e7\u00e3o b\u00e1sica: dos conte\u00fados da BNCC \u00e0 pr\u00e1tica docente,portf\u00f3lio ead A educa\u00e7\u00e3o no contexto da educa\u00e7\u00e3o b\u00e1sica: dos conte\u00fados da BNCC \u00e0 pr\u00e1tica docente,portfolio ead A educa\u00e7\u00e3o no contexto da educa\u00e7\u00e3o b\u00e1sica: dos conte\u00fados da BNCC \u00e0 pr\u00e1tica docente,portfolio anhanguera A educa\u00e7\u00e3o no contexto da educa\u00e7\u00e3o b\u00e1sica: dos conte\u00fados da BNCC \u00e0 pr\u00e1tica docente,portf\u00f3lio anhanguera pronto,portf\u00f3lio anhanguera A educa\u00e7\u00e3o no contexto da educa\u00e7\u00e3o b\u00e1sica: dos conte\u00fados da BNCC \u00e0 pr\u00e1tica docente,pti anhnaguera,ptg anhanguera,Portfolio pronto,portifolio pronto,portf\u00f3lio pronto,portifolios prontos,portif\u00f3lios prontos,portf\u00f3lio pronto unopar,portifolio pronto unopar,portif\u00f3lio pronto unopar,portifolios prontos unopar,portifolios prontos anhanguera,portf\u00f3lios prontos anhanguera,portf\u00f3lio pronto anhanguera,portfolios ead,portf\u00f3lios ead,portfolioead,apostileiros,portf\u00f3lio ead,portifolios ead,portif\u00f3lios ead,eadhelp,shop do acad\u00eamico,unopar portfolio,portfolio pronto ead,portfolio unopar ead,ead portfolio ava,portf\u00f3lio ead anhanguera,portf\u00f3lio ead pront,o portf\u00f3lio ead unopar,portf\u00f3lio pronto em word,pti unopar,ptg unopar,modelo de portf\u00f3lio unopar,modelo de portf\u00f3lio anhanguera,como fazer um portf\u00f3lio para faculdade,como faz portf\u00f3lio universidade,como faz portf\u00f3lios para universidade,portf\u00f3lios prontos para universidade,portf\u00f3lios pronto para faculdade,portf\u00f3lio pronto para editar,portifolios prontos para editar,portf\u00f3lio em word,portfolio em word,portf\u00f3lio em word para editar,portifolio em word para editar,portfolio unopar pronto para editar,modelo de portfolio para unopar,modelo de portif\u00f3lio para unopar,modelo de portf\u00f3lio para unopar,unopar portf\u00f3lio pronto,anhanguera portf\u00f3lio pronto,portf\u00f3lio em word pronto,comprar portf\u00f3lio pronto,como fazer um portf\u00f3lio,como fazer portf\u00f3lio digital,portfolio,portf\u00f3lio,portifolio,portif\u00f3lio,portf\u00f3lio interdisciplinar individual,portfolio interdisciplinar individual,exemplos de portf\u00f3lio para faculdade,baixar portf\u00f3lio pronto,portf\u00f3lio acad\u00eamico,portf\u00f3lio online,portfoliooead,portfolio ead,portf\u00f3lio pronto interdisciplinar individual,relat\u00f3rio de est\u00e1gio unopar,relat\u00f3rio de est\u00e1gio pronto unopar,como criar um portf\u00f3lio,o que \u00e9 um portf\u00f3lio e como fazer,portfolio exemplo,modelo de portfolio acad\u00eamico,relat\u00f3rio de est\u00e1gio gest\u00e3o escolar pronto unopar,portf\u00f3lio como fazer,prova profici\u00eancia unopar,portfolio individual est\u00e1gio curricular obrigat\u00f3rio ii anos iniciais do ensino fundamental,prova de profici\u00eancia pedagogia unopar,capa de trabalho unopar para editar,portf\u00f3lio acad\u00eamico unopar,como fazer um portf\u00f3lio acad\u00eamico,portf\u00f3lio exemplos word,portfolio acad\u00eamico,portfolio individual,portfolio individual unopar,portfolio individual anhanguera,portfolio marketing digital,portf\u00f3lio educa\u00e7\u00e3o f\u00edsica unopar,portf\u00f3lio gest\u00e3o educacional e espa\u00e7os n\u00e3o escolares,como fazer um portifolio unopar,modelo de portf\u00f3lio unopar em arquivo word,capa de portf\u00f3lio de pedagogia,como fazer um portf\u00f3lio no word,projeto integrado unopar,exemplo de portf\u00f3lio academico pedagogia\" width=\"141\" height=\"141\" srcset=\"https:\/\/portifolioos-prontos.com\/wp-content\/uploads\/2022\/09\/portfolio-unopar-pronto-colaborar-ava-producao-textual-interdisciplinar.png 150w, https:\/\/portifolioos-prontos.com\/wp-content\/uploads\/2022\/09\/portfolio-unopar-pronto-colaborar-ava-producao-textual-interdisciplinar-100x100.png 100w\" sizes=\"(max-width: 141px) 100vw, 141px\" \/><\/p>\n<\/div>\n<\/div>\n<\/div>\n<\/div>\n<div class=\"elementor-toggle-item\">\n<div id=\"elementor-tab-content-1949\" class=\"elementor-tab-content elementor-clearfix elementor-active\" role=\"tabpanel\" data-tab=\"9\" aria-labelledby=\"elementor-tab-title-1949\">\n<p>E-mail:portifoliosp@gmail.com<\/p>\n<div id=\"attachment_143\" class=\"wp-caption alignnone\">\n<div id=\"attachment_143\" class=\"wp-caption alignnone\" style=\"width: 161px;\">\n<p><a href=\"http:\/\/portifolioos-prontos.com\/\"><img decoding=\"async\" class=\"wp-image-143\" title=\"portfolio pronto unopar\" src=\"http:\/\/portifolioos-prontos.com\/wp-content\/uploads\/2022\/04\/conceitomaximo.png\" alt=\"PORTFOLIO PRONTO UNOPAR ANHANGUERA\" width=\"161\" height=\"46\" aria-describedby=\"caption-attachment-143\" \/><\/a><\/p>\n<p id=\"caption-attachment-143\" class=\"wp-caption-text\">Portf\u00f3lio em Word, respondido, completo e j\u00e1 nas normas.<\/p>\n<\/div>\n<\/div>\n<\/div>\n<\/div>\n<\/div>\n","protected":false},"excerpt":{"rendered":"<p>Portf\u00f3lio A educa\u00e7\u00e3o no contexto da educa\u00e7\u00e3o b\u00e1sica: dos conte\u00fados da BNCC \u00e0 pr\u00e1tica docente Curso: Educa\u00e7\u00e3o F\u00edsica O presente semestre est\u00e1 possibilitando uma significativa amplia\u00e7\u00e3o e aprofundamento de conhecimentos sobre a Educa\u00e7\u00e3o F\u00edsica e suas bases te\u00f3rico- pr\u00e1ticas que s\u00e3o essenciais para a atua\u00e7\u00e3o na \u00e1rea. Desta forma, o campo de atua\u00e7\u00e3o profissional apresenta-se&hellip;<\/p>\n","protected":false},"featured_media":5129,"template":"","meta":{"_seopress_robots_primary_cat":"none","_seopress_titles_title":"%%post_title%% %%sitetitle%%","_seopress_titles_desc":"%%post_content%%","_seopress_robots_index":""},"product_cat":[35,47,15],"product_tag":[],"class_list":{"0":"post-4979","1":"product","2":"type-product","3":"status-publish","4":"has-post-thumbnail","6":"product_cat-educacao-fisica","7":"product_cat-licenciaturas","8":"product_cat-uncategorized","10":"first","11":"instock","12":"featured","13":"downloadable","14":"virtual","15":"purchasable","16":"product-type-simple","17":"col-xs-6 col-sm-4","18":"col-mf-5","19":"un-5-cols"},"jetpack_sharing_enabled":true,"_links":{"self":[{"href":"https:\/\/portifolioos-prontos.com\/index.php\/wp-json\/wp\/v2\/product\/4979","targetHints":{"allow":["GET"]}}],"collection":[{"href":"https:\/\/portifolioos-prontos.com\/index.php\/wp-json\/wp\/v2\/product"}],"about":[{"href":"https:\/\/portifolioos-prontos.com\/index.php\/wp-json\/wp\/v2\/types\/product"}],"version-history":[{"count":0,"href":"https:\/\/portifolioos-prontos.com\/index.php\/wp-json\/wp\/v2\/product\/4979\/revisions"}],"wp:featuredmedia":[{"embeddable":true,"href":"https:\/\/portifolioos-prontos.com\/index.php\/wp-json\/wp\/v2\/media\/5129"}],"wp:attachment":[{"href":"https:\/\/portifolioos-prontos.com\/index.php\/wp-json\/wp\/v2\/media?parent=4979"}],"wp:term":[{"taxonomy":"product_cat","embeddable":true,"href":"https:\/\/portifolioos-prontos.com\/index.php\/wp-json\/wp\/v2\/product_cat?post=4979"},{"taxonomy":"product_tag","embeddable":true,"href":"https:\/\/portifolioos-prontos.com\/index.php\/wp-json\/wp\/v2\/product_tag?post=4979"}],"curies":[{"name":"wp","href":"https:\/\/api.w.org\/{rel}","templated":true}]}}