{"id":4985,"date":"2022-07-20T22:21:27","date_gmt":"2022-07-21T01:21:27","guid":{"rendered":"https:\/\/portifolioos-prontos.com\/?post_type=product&#038;p=4985"},"modified":"2022-10-06T14:39:12","modified_gmt":"2022-10-06T17:39:12","slug":"portfolio-o-conhecimento-a-cerca-da-intervencao-profissional-em-educacao-fisica","status":"publish","type":"product","link":"https:\/\/portifolioos-prontos.com\/index.php\/product\/portfolio-o-conhecimento-a-cerca-da-intervencao-profissional-em-educacao-fisica\/","title":{"rendered":"Portf\u00f3lio O conhecimento a cerca da interven\u00e7\u00e3o profissional em educa\u00e7\u00e3o F\u00edsica"},"content":{"rendered":"<h4>Portf\u00f3lio O conhecimento a cerca da interven\u00e7\u00e3o profissional em educa\u00e7\u00e3o F\u00edsica<\/h4>\n<h4>Curso: Educa\u00e7\u00e3o F\u00edsica<\/h4>\n<hr \/>\n<p>O presente semestre est\u00e1 possibilitando uma significativa amplia\u00e7\u00e3o e aprofundamento de<br \/>\nconhecimentos sobre a Educa\u00e7\u00e3o F\u00edsica e suas bases te\u00f3rico-pr\u00e1ticas que s\u00e3o essenciais para a<br \/>\natua\u00e7\u00e3o na \u00e1rea. Desta forma, o campo de atua\u00e7\u00e3o profissional apresenta-se diverso e possibilita que<br \/>\na materializa\u00e7\u00e3o dos conhecimentos te\u00f3rico e t\u00e9cnicos ocorram fundamentados pelas novas<br \/>\nevid\u00eancias cient\u00edficas. Assim sendo, o tema central da proposta de Produ\u00e7\u00e3o Textual Interdisciplinar<br \/>\nem Grupo (PTG)ser\u00e1: O CONHECIMENTO A CERCA DA INTERVEN\u00c7\u00c3O PROFISSIONAL EM EDUCA\u00c7\u00c3O F\u00cdSICA<br \/>\nEste tema \u00e9 importante para que voc\u00ea possa conhecer e reconhecer, n\u00e3o somente sobre o<br \/>\nsignificado do objeto de estudo da Educa\u00e7\u00e3o F\u00edsica, mas como lidar com situa\u00e7\u00f5es que envolvem o<br \/>\nconehcimento espec\u00edfico da \u00e1rea e suas avalia\u00e7\u00e3o do cont\u00e9udo que se relaciona no \u00e2mbito da<\/p>\n<p>interve\u00e7\u00e3o profissional. Com isso, as possibilidades profissionais de atua\u00e7\u00e3o, o conhecimento t\u00e9cnico-<br \/>\ncient\u00edfico, seu p\u00fablico-alvo, seus campos de atua\u00e7\u00e3o e como esses elementos interagem com a<\/p>\n<p>din\u00e2mica cultural e tecnol\u00f3gica na sociedade fazem com que a Educa\u00e7\u00e3o F\u00edsica seja uma profiss\u00e3o de<br \/>\ngrande amplitude e complexidade sobre a atua\u00e7\u00e3o deste profissional no futuro. Neste sentido,<br \/>\nconsidere este cen\u00e1rio exposto para o desenvolvimento desta produ\u00e7\u00e3o textual, tendo como base os<\/p>\n<p>conte\u00fados apresentados nas disciplinas do semestre.<\/p>\n<p>ATIVIDADE(S)<\/p>\n<p><strong>Atividade 1<\/strong><br \/>\nHistoricamente, tanto a produ\u00e7\u00e3o de conhecimento cient\u00edfico ao considerar o objeto de estudo<br \/>\nda Educa\u00e7\u00e3o F\u00edsica (a cultura corporal do movimento humano) quanto as estruturas curriculares no<br \/>\ncursos de Educa\u00e7\u00e3o F\u00edsica no Brasil, passaram, e continuam em um processo cont\u00ednuo de<br \/>\ntransforma\u00e7\u00e3o e de evolu\u00e7\u00e3o. E essa evolu\u00e7\u00e3o tem impactado cada vez mais no cen\u00e1rio e na forma<br \/>\ncom que profissionais venham desempenhar seu papel na sociedade, principalmente nas duas<br \/>\nhabilita\u00e7\u00f5es relacionadas \u00e0 forma\u00e7\u00e3o da Educa\u00e7\u00e3o F\u00edsica, que seriam os campos de atua\u00e7\u00e3o<br \/>\nprofissional do bacharelado e da licenciatura.<br \/>\nDiante deste contexto, Nascimento et al. (2007), trazem a tona em sua investiga\u00e7\u00e3o cient\u00edfica<br \/>\n(de caracter\u00edstica qualitativa), em um contexto hist\u00f3rico da \u00e1rea que na \u00e9poca tinham os primeiros<br \/>\nprofissionais formados no campo do bacharelado em Educa\u00e7\u00e3o F\u00edsica, mas um campo de atua\u00e7\u00e3o que<br \/>\nna sua maioria se fazia de profissionaisformados em curr\u00edculos generalistas, a perspectiva da avalia\u00e7\u00e3o<br \/>\nque os pr\u00f3prios profissionais poderiam estabelecer sobre \u201cas conseq\u00fc\u00eancias da interven\u00e7\u00e3o<br \/>\nproissional, a partir da perspectiva do erro profissional\u201d Nascimento et al. (2007, p. 394).<br \/>\nDiante desse cen\u00e1rio, pensando o potencial de reflex\u00e3o sobre as quest\u00f5es que impactam<br \/>\ndiretamente na atua\u00e7\u00e3o profissional da Educa\u00e7\u00e3o F\u00edsica e para a sociedade de um modo geral,<br \/>\npropomos a constru\u00e7\u00e3o de uma produ\u00e7\u00e3o textual contemplando os saberes e conhecimentos<br \/>\ndisciplinares relacionado ao contexto abordado pelo estudo de Nascimento et al. (2007). Assim, leiam<br \/>\natentamente as orienta\u00e7\u00f5es que seguem para a realiza\u00e7\u00e3o desse trabalho.<br \/>\nPRODU\u00c7\u00c3O ANAL\u00cdTICA E TEXTUAL \u2013 Atividade 1<br \/>\nTodas as pessoas que formam o grupo dever\u00e3o:<br \/>\na) Inicialmente, realizar uma leitura de compreens\u00e3o de texto (obrigat\u00f3ria) da refer\u00eancia<br \/>\nindicada, disponibilizada a seguir:<br \/>\nb) Fazer a discuss\u00e3o, em grupo, do texto indicado.<br \/>\nc) Ap\u00f3s leitura do texto e discuss\u00e3o em grupo, fa\u00e7am uma an\u00e1lise e reflexiva sobre o tema para<br \/>\nque possam redigir uma produ\u00e7\u00e3o textual, em forma de texto cr\u00edtico-argumentativo, a partir<br \/>\ndo tema prpoposto por Nascimento et al. (2007).<br \/>\nd) Redigir um texto dissertativo e descritivo de no m\u00ednimo 4 (quatro) e no m\u00e1ximo 6 (seis)<br \/>\np\u00e1ginas.<br \/>\ne) Se acharem necess\u00e1rio, podem realizar buscas de artigos cient\u00edficos em indexadores(ex:scielo,<br \/>\ngoogle acad\u00eamico, lilacs, dom\u00ednio p\u00fablico e pubmed) que possam subsidiar a produ\u00e7\u00e3o textual<br \/>\ndo grupo. Para tanto, \u00e9 importante realizar a cita\u00e7\u00e3o devida do artigo adicional de acordo com<br \/>\nas normas da ABNT vigente.<br \/>\nf) Redigir o texto de acordo com as normas da ABNT.<br \/>\nObs.: O texto dever\u00e1 apresentar, o conte\u00fado produzido pelo pr\u00f3prio grupo, em forma de resenha,<\/p>\n<p>informa\u00e7\u00f5es que caracterizem:<br \/>\n\u2022 A problematiza\u00e7\u00e3o e justificativa do estudo<br \/>\n\u2022 Informa\u00e7\u00f5es sobre a condu\u00e7\u00e3o metodol\u00f3gica<br \/>\n\u2022 Principais informa\u00e7\u00f5es quanto os resultados e discuss\u00e3o da pesquisa<br \/>\n\u2022 Considera\u00e7\u00f5es finais, que o grupo julgar importante de ser mencionado na produ\u00e7\u00e3o textual<br \/>\nem grupo.<\/p>\n<p>Refer\u00eancia indicada.<br \/>\nNASCIMENTO, G. D., SORIANO, J. B., &amp; F\u00c1VARO, P. E. A perspectiva do erro e a avalia\u00e7\u00e3o das<br \/>\nconsequ\u00eancias da interven\u00e7\u00e3o profissional em educa\u00e7\u00e3o f\u00edsica: uma an\u00e1lise de conte\u00fado. Revista<br \/>\nBrasileira de Cineantropometria e Desempenho Humano, 9(4), 393-400. 2007. Dispon\u00edvel em:<br \/>\n<a href=\"https:\/\/www.academia.edu\/download\/41174238\/0912f50a5055ea43e8000000.pdf20160114-\" rel=\"nofollow\">https:\/\/www.academia.edu\/download\/41174238\/0912f50a5055ea43e8000000.pdf20160114-<\/a><br \/>\n19908-f171we.pdf. Acesso em 17-06-2022.<\/p>\n<p><strong>Atividade 2<\/strong><br \/>\nAs necessidades energ\u00e9ticas e seus mecanismos biol\u00f3gicos observados em seres humanos,<br \/>\npassam por uma s\u00e9rie de processos metab\u00f3licos que ser resumem em rea\u00e7\u00f5es bioqu\u00edmicas que<br \/>\nenvolvem a absor\u00e7\u00e3o de nutrientes provenientes da alimenta\u00e7\u00e3o e de rea\u00e7\u00f5es de libera\u00e7\u00e3o de energia.<br \/>\nAtividades f\u00edsicas desempenhadas no meio aqu\u00e1tico podem apresentar uma demanda espec\u00edfica,<br \/>\ntendo em vistas as caracter\u00edsticas da atividade muscular ser realizada neste ambiente. Assim, haveria<br \/>\nnecessidade de conhecer quest\u00f5es espec\u00edficas, do ponto de vista bioenerg\u00e9tico quanto as demandas<br \/>\nnecess\u00e1rias de ingest\u00e3o de macronutrientes (carboidrato, gordura e prote\u00ednas), junto as demandas<br \/>\nnutricionais em atividades de esportes aqu\u00e1ticos?<br \/>\nPara que possam avan\u00e7ar sobre esse tema, est\u00e1 sendo proposto a leitura do artigo publicado<br \/>\npor V\u00e9ras e De Souza Holanda (2019), bem como a produ\u00e7\u00e3o textual em grupo, no molde similar \u00e0<br \/>\natividade 1.<br \/>\nPRODU\u00c7\u00c3O ANAL\u00cdTICA E TEXTUAL \u2013 Atividade 2<br \/>\nTodas as pessoas que formam o grupo dever\u00e3o:<br \/>\na) Inicialmente, realizar uma leitura de compreens\u00e3o de texto (obrigat\u00f3ria) da refer\u00eancia<br \/>\nindicada, disponibilizada a seguir:<br \/>\nb) Fazer a discuss\u00e3o, em grupo, do texto indicado.<br \/>\nc) Ap\u00f3s leitura do texto e discuss\u00e3o em grupo, fa\u00e7am uma an\u00e1lise e reflexiva sobre o tema para<br \/>\nque possam redigir uma produ\u00e7\u00e3o textual, em forma de texto cr\u00edtico-argumentativo, a partir do tema<br \/>\nprpoposto por V\u00e9ras e De Souza Holanda (2019).<br \/>\nd) Redigir um texto dissertativo e descritivo de no m\u00ednimo 4 (quatro) e no m\u00e1ximo 6 (seis) p\u00e1ginas.<br \/>\ne) Se acharem necess\u00e1rio, podem realizar buscas de artigos cient\u00edficos em indexadores (ex:scielo,<br \/>\ngoogle acad\u00eamico, lilacs, dom\u00ednio p\u00fablico e pubmed) que possam subsidiar a produ\u00e7\u00e3o textual do<br \/>\ngrupo. Para tanto, \u00e9 importante realizar a cita\u00e7\u00e3o devida do artigo adicional de acordo com as normas<br \/>\nda ABNT vigente.<br \/>\nf) Redigir o texto de acordo com as normas da ABNT.<br \/>\nObs.: O texto dever\u00e1 apresentar, o conte\u00fado produzido pelo pr\u00f3prio grupo, em forma de resenha,<br \/>\ninforma\u00e7\u00f5es que caracterizem:<br \/>\n\u2022 A problematiza\u00e7\u00e3o e justificativa do estudo<br \/>\n\u2022 Informa\u00e7\u00f5es sobre a condu\u00e7\u00e3o metodol\u00f3gica da revis\u00e3o de literatura<br \/>\n\u2022 Principais informa\u00e7\u00f5es quanto os resultados dos estudos selecionados e discuss\u00e3o que foi<br \/>\nproporcionada pesquisa bibliogr\u00e1fica realizada<br \/>\n\u2022 Considera\u00e7\u00f5esfinais, que o grupo julgar importante de ser mencionado na produ\u00e7\u00e3o textual em<br \/>\ngrupo.<\/p>\n<p>Refer\u00eancia indicada.<br \/>\nV\u00c9RAS, A. C. C., DE SOUZA HOLANDA, A. S. Ingest\u00e3o de macronutrientes em atletas de esportes<br \/>\naqu\u00e1ticos: uma revis\u00e3o integrativa. Revista Inspirar Movimento &amp; Saude, 19(4). 2019. Dispon\u00edvel em:<br \/>\n<a href=\"https:\/\/www.inspirar.com.br\/wp-content\/uploads\/2020\/02\/733.pdf\" rel=\"nofollow\">https:\/\/www.inspirar.com.br\/wp-content\/uploads\/2020\/02\/733.pdf<\/a>. Acesso em 17-06-2022.<\/p>\n<div class=\"elementor-toggle-item\">\n<div class=\"elementor-toggle-item\">\n<h4 id=\"elementor-tab-title-1941\" class=\"elementor-tab-title elementor-active\" tabindex=\"0\" role=\"tab\" data-tab=\"1\" aria-controls=\"elementor-tab-content-1941\" aria-expanded=\"true\" aria-selected=\"true\">Como funciona?<\/h4>\n<div id=\"elementor-tab-content-1941\" class=\"elementor-tab-content elementor-clearfix elementor-active\" role=\"tabpanel\" data-tab=\"1\" aria-labelledby=\"elementor-tab-title-1941\">\n<p>Elaboramos os portf\u00f3lios, j\u00e1 deixamos prontos, nas normas da ABNT e conforme os requisitos da universidade. F\u00e1cil assim! O MELHOR \u00c9 QUE VOC\u00ca COMPRA E J\u00c1 BAIXA NA HORA O SEU ARQUIVO EM WORD! Sabemos que conciliar trabalho, fam\u00edlia, vida profissional e estudos \u00e9 dif\u00edcil hoje em dia, por isso, estamos aqui para ajudar voc\u00ea. Conte com nossa qualidade, experi\u00eancia e profissionalismo adquirindo seu portf\u00f3lio conosco. GARANTIMOS SEU CONCEITO!<\/p>\n<h4>Como se realizam os envios?<\/h4>\n<\/div>\n<\/div>\n<div class=\"elementor-toggle-item\">\n<div id=\"elementor-tab-content-1942\" class=\"elementor-tab-content elementor-clearfix elementor-active\" role=\"tabpanel\" data-tab=\"2\" aria-labelledby=\"elementor-tab-title-1942\">O seu trabalho \u00e9 disponibilizado pronto, respondido e nas normas j\u00e1 na mesma hora aqui em nosso site na sua \u00e1rea de downloads e tamb\u00e9m no seu e-mail.<\/div>\n<\/div>\n<div class=\"elementor-toggle-item\">\n<div id=\"elementor-tab-content-1943\" class=\"elementor-tab-content elementor-clearfix elementor-active\" role=\"tabpanel\" data-tab=\"3\" aria-labelledby=\"elementor-tab-title-1943\">\n<h4>Em quanto tempo recebo o portf\u00f3lio?<\/h4>\n<\/div>\n<\/div>\n<div class=\"elementor-toggle-item\">\n<div id=\"elementor-tab-content-1944\" class=\"elementor-tab-content elementor-clearfix elementor-active\" role=\"tabpanel\" data-tab=\"4\" aria-labelledby=\"elementor-tab-title-1944\">\n<p>Os envios s\u00e3o imediatos. Ap\u00f3s sua compra, o trabalho j\u00e1 \u00e9 disponibilizado instantaneamente aqui em nosso site e no seu e-mail.<\/p>\n<h4>E se o portf\u00f3lio que comprei precisar de corre\u00e7\u00e3o?<\/h4>\n<\/div>\n<\/div>\n<div class=\"elementor-toggle-item\">\n<div id=\"elementor-tab-content-1945\" class=\"elementor-tab-content elementor-clearfix elementor-active\" role=\"tabpanel\" data-tab=\"5\" aria-labelledby=\"elementor-tab-title-1945\">\n<p>Caso haja alguma solicita\u00e7\u00e3o de corre\u00e7\u00e3o\/altera\u00e7\u00e3o por parte do tutor, basta entrar em contato conosco pelo\u00a0WhatsApp\u00a0que provid\u00eanciaremos sem custo algum.<\/p>\n<h4>Qual o formato do arquivo?<\/h4>\n<\/div>\n<\/div>\n<div class=\"elementor-toggle-item\">\n<div id=\"elementor-tab-content-1946\" class=\"elementor-tab-content elementor-clearfix elementor-active\" role=\"tabpanel\" data-tab=\"6\" aria-labelledby=\"elementor-tab-title-1946\">\n<p>Os arquivos s\u00e3o enviados em formato Word e s\u00e3o edit\u00e1veis.<\/p>\n<h4>Caso eu tiver alguma d\u00favida, terei suporte no p\u00f3s venda?<\/h4>\n<\/div>\n<\/div>\n<div class=\"elementor-toggle-item\">\n<div id=\"elementor-tab-content-1948\" class=\"elementor-tab-content elementor-clearfix elementor-active\" role=\"tabpanel\" data-tab=\"8\" aria-labelledby=\"elementor-tab-title-1948\">\n<p>Sim, com certeza. Basta clicar no \u00edcone do WhatsApp no cantinho da tela. Ser\u00e1 um prazer atend\u00ea-lo(a).<\/p>\n<div class=\"elementor-toggle-item\">\n<div id=\"elementor-tab-content-1948\" class=\"elementor-tab-content elementor-clearfix elementor-active\" role=\"tabpanel\" data-tab=\"8\" aria-labelledby=\"elementor-tab-title-1948\">\n<h4>Quais os seus canais de contato?<\/h4>\n<\/div>\n<\/div>\n<div class=\"elementor-toggle-item\">\n<div id=\"elementor-tab-content-1949\" class=\"elementor-tab-content elementor-clearfix elementor-active\" role=\"tabpanel\" data-tab=\"9\" aria-labelledby=\"elementor-tab-title-1949\">\n<p>Whatsapp: 53 984751621 \u2013 Clicar no canto da tela ou ESCANEIE O QRCODE ABAIXO<\/p>\n<p><img decoding=\"async\" class=\"alignnone wp-image-7603\" src=\"http:\/\/portifolioos-prontos.com\/wp-content\/uploads\/2022\/09\/portfolio-unopar-pronto-colaborar-ava-producao-textual-interdisciplinar.png\" alt=\"O conhecimento a cerca da interven\u00e7\u00e3o profissional em educa\u00e7\u00e3o F\u00edsica,portfolio O conhecimento a cerca da interven\u00e7\u00e3o profissional em educa\u00e7\u00e3o F\u00edsica,portf\u00f3lio O conhecimento a cerca da interven\u00e7\u00e3o profissional em educa\u00e7\u00e3o F\u00edsica,portf\u00f3lio pronto O conhecimento a cerca da interven\u00e7\u00e3o profissional em educa\u00e7\u00e3o F\u00edsica,portfolio pronto O conhecimento a cerca da interven\u00e7\u00e3o profissional em educa\u00e7\u00e3o F\u00edsica,portfolio ead pronto O conhecimento a cerca da interven\u00e7\u00e3o profissional em educa\u00e7\u00e3o F\u00edsica,portfolio ead,portfolio pronto ead,portfolio unopar pronto,ptg O conhecimento a cerca da interven\u00e7\u00e3o profissional em educa\u00e7\u00e3o F\u00edsica,pti O conhecimento a cerca da interven\u00e7\u00e3o profissional em educa\u00e7\u00e3o F\u00edsica,trabalho unopar pronto,trabalho unopar O conhecimento a cerca da interven\u00e7\u00e3o profissional em educa\u00e7\u00e3o F\u00edsica,portfolio educa\u00e7\u00e3o fisica,portf\u00f3lio educa\u00e7\u00e3o f\u00edsica unopar,portf\u00f3lio educa\u00e7\u00e3o f\u00edsica unopar 1 semestre,portf\u00f3lio educa\u00e7\u00e3o f\u00edsica esporte e inclus\u00e3o social,portfolio de educa\u00e7\u00e3o fisica pronto,portfolio de estagio educa\u00e7\u00e3o fisica unopar,portfolio interdisciplinar individual educa\u00e7\u00e3o fisica,portfolio interdisciplinar em grupo educa\u00e7\u00e3o fisica,portf\u00f3lio pronto,portfolio pronto,portfolio pronto semana cultural,portf\u00f3lio pronto para editar,portfolio prontos unopar,portfolio pronto para empresa,portfolio pronto uninter,portfolio pronto unopar servi\u00e7o social,portfolio pronto educa\u00e7\u00e3o inclusiva,projeto de ensino educa\u00e7\u00e3o fisica,projeto de ensino educa\u00e7\u00e3o fisica unopar,projeto de ensino educa\u00e7\u00e3o fisica inclusiva,projeto de ensino educa\u00e7\u00e3o f\u00edsica licenciatura,projeto de ensino educa\u00e7\u00e3o f\u00edsica licenciatura unopar,projeto de educa\u00e7\u00e3o fisica ensino fundamental,projeto de educa\u00e7\u00e3o fisica na pandemia,projeto de educa\u00e7\u00e3o fisica,tcc educa\u00e7\u00e3o fisica unopar,tcc educa\u00e7\u00e3o f\u00edsica unopar,tcc educa\u00e7\u00e3o f\u00edsica bacharelado unopar,tcc educa\u00e7\u00e3o fisica licenciatura unopar,tcc pronto educa\u00e7\u00e3o fisica licenciatura unopar pdf,portifolio pronto,portifolios prontos,portif\u00f3lios prontos,portf\u00f3lio pronto unopar,portifolio pronto unopar,portif\u00f3lio pronto unopar,portifolios prontos unopar,portifolios prontos anhanguera,portf\u00f3lios prontos anhanguera,portf\u00f3lio pronto anhanguera,portfolios ead,portf\u00f3lios ead,portfolioead,apostileiros,portf\u00f3lio ead,portifolios ead,portif\u00f3lios ead,eadhelp,shop do acad\u00eamico,unopar portfolio,portfolio unopar ead,ead portfolio ava,portf\u00f3lio ead anhanguera,portf\u00f3lio ead pront,o portf\u00f3lio ead unopar,portf\u00f3lio pronto em word,pti unopar,ptg unopar,modelo de portf\u00f3lio unopar,modelo de portf\u00f3lio anhanguera,como fazer um portf\u00f3lio para faculdade,como faz portf\u00f3lio universidade,como faz portf\u00f3lios para universidade,portf\u00f3lios prontos para universidade,portf\u00f3lios pronto para faculdade,portifolios prontos para editar,portf\u00f3lio em word,portfolio em word,portf\u00f3lio em word para editar,portifolio em word para editar,portfolio unopar pronto para editar,modelo de portfolio para unopar,modelo de portif\u00f3lio para unopar,modelo de portf\u00f3lio para unopar,unopar portf\u00f3lio pronto,anhanguera portf\u00f3lio pronto,portf\u00f3lio em word pronto,comprar portf\u00f3lio pronto,como fazer um portf\u00f3lio,como fazer portf\u00f3lio digital,portfolio,portf\u00f3lio,portifolio,portif\u00f3lio,portf\u00f3lio interdisciplinar individual,portfolio interdisciplinar individual,exemplos de portf\u00f3lio para faculdade,baixar portf\u00f3lio pronto,portf\u00f3lio acad\u00eamico,portf\u00f3lio online,portfoliooead,portf\u00f3lio pronto interdisciplinar individual,relat\u00f3rio de est\u00e1gio unopar,relat\u00f3rio de est\u00e1gio pronto unopar,como criar um portf\u00f3lio,o que \u00e9 um portf\u00f3lio e como fazer,portfolio exemplo,modelo de portfolio acad\u00eamico,relat\u00f3rio de est\u00e1gio gest\u00e3o escolar pronto unopar,portf\u00f3lio como fazer,prova profici\u00eancia unopar,portfolio individual est\u00e1gio curricular obrigat\u00f3rio ii anos iniciais do ensino fundamental,prova de profici\u00eancia pedagogia unopar,capa de trabalho unopar para editar,portf\u00f3lio acad\u00eamico unopar,como fazer um portf\u00f3lio acad\u00eamico,portf\u00f3lio exemplos word,portfolio acad\u00eamico,portfolio individual,portfolio individual unopar,portfolio individual anhanguera,portfolio marketing digital,portf\u00f3lio gest\u00e3o educacional e espa\u00e7os n\u00e3o escolares,como fazer um portifolio unopar,modelo de portf\u00f3lio unopar em arquivo word,capa de portf\u00f3lio de pedagogia,como fazer um portf\u00f3lio no word,projeto integrado unopar,exemplo de portf\u00f3lio academico pedagogia\" width=\"141\" height=\"141\" srcset=\"https:\/\/portifolioos-prontos.com\/wp-content\/uploads\/2022\/09\/portfolio-unopar-pronto-colaborar-ava-producao-textual-interdisciplinar.png 150w, https:\/\/portifolioos-prontos.com\/wp-content\/uploads\/2022\/09\/portfolio-unopar-pronto-colaborar-ava-producao-textual-interdisciplinar-100x100.png 100w\" sizes=\"(max-width: 141px) 100vw, 141px\" \/><\/p>\n<\/div>\n<\/div>\n<\/div>\n<\/div>\n<div class=\"elementor-toggle-item\">\n<div id=\"elementor-tab-content-1949\" class=\"elementor-tab-content elementor-clearfix elementor-active\" role=\"tabpanel\" data-tab=\"9\" aria-labelledby=\"elementor-tab-title-1949\">\n<p>E-mail:portifoliosp@gmail.com<\/p>\n<div id=\"attachment_143\" class=\"wp-caption alignnone\">\n<div id=\"attachment_143\" class=\"wp-caption alignnone\" style=\"width: 157px;\">\n<p><a href=\"http:\/\/portifolioos-prontos.com\/\"><img decoding=\"async\" class=\"wp-image-143\" title=\"portfolio pronto unopar\" src=\"http:\/\/portifolioos-prontos.com\/wp-content\/uploads\/2022\/04\/conceitomaximo.png\" alt=\"PORTFOLIO PRONTO UNOPAR ANHANGUERA\" width=\"157\" height=\"45\" aria-describedby=\"caption-attachment-143\" \/><\/a><\/p>\n<p id=\"caption-attachment-143\" class=\"wp-caption-text\">Portf\u00f3lio em Word, respondido, completo e j\u00e1 nas normas.<\/p>\n<\/div>\n<\/div>\n<\/div>\n<\/div>\n<\/div>\n","protected":false},"excerpt":{"rendered":"<p>Portf\u00f3lio O conhecimento a cerca da interven\u00e7\u00e3o profissional em educa\u00e7\u00e3o F\u00edsica Curso: Educa\u00e7\u00e3o F\u00edsica O presente semestre est\u00e1 possibilitando uma significativa amplia\u00e7\u00e3o e aprofundamento de conhecimentos sobre a Educa\u00e7\u00e3o F\u00edsica e suas bases te\u00f3rico-pr\u00e1ticas que s\u00e3o essenciais para a atua\u00e7\u00e3o na \u00e1rea. Desta forma, o campo de atua\u00e7\u00e3o profissional apresenta-se diverso e possibilita que a&hellip;<\/p>\n","protected":false},"featured_media":5175,"template":"","meta":{"_seopress_robots_primary_cat":"none","_seopress_titles_title":"%%post_title%% %%sitetitle%%","_seopress_titles_desc":"%%post_content%%","_seopress_robots_index":""},"product_cat":[35,47,15],"product_tag":[],"class_list":{"0":"post-4985","1":"product","2":"type-product","3":"status-publish","4":"has-post-thumbnail","6":"product_cat-educacao-fisica","7":"product_cat-licenciaturas","8":"product_cat-uncategorized","10":"first","11":"instock","12":"downloadable","13":"virtual","14":"purchasable","15":"product-type-simple","16":"col-xs-6 col-sm-4","17":"col-mf-5","18":"un-5-cols"},"jetpack_sharing_enabled":true,"_links":{"self":[{"href":"https:\/\/portifolioos-prontos.com\/index.php\/wp-json\/wp\/v2\/product\/4985","targetHints":{"allow":["GET"]}}],"collection":[{"href":"https:\/\/portifolioos-prontos.com\/index.php\/wp-json\/wp\/v2\/product"}],"about":[{"href":"https:\/\/portifolioos-prontos.com\/index.php\/wp-json\/wp\/v2\/types\/product"}],"version-history":[{"count":0,"href":"https:\/\/portifolioos-prontos.com\/index.php\/wp-json\/wp\/v2\/product\/4985\/revisions"}],"wp:featuredmedia":[{"embeddable":true,"href":"https:\/\/portifolioos-prontos.com\/index.php\/wp-json\/wp\/v2\/media\/5175"}],"wp:attachment":[{"href":"https:\/\/portifolioos-prontos.com\/index.php\/wp-json\/wp\/v2\/media?parent=4985"}],"wp:term":[{"taxonomy":"product_cat","embeddable":true,"href":"https:\/\/portifolioos-prontos.com\/index.php\/wp-json\/wp\/v2\/product_cat?post=4985"},{"taxonomy":"product_tag","embeddable":true,"href":"https:\/\/portifolioos-prontos.com\/index.php\/wp-json\/wp\/v2\/product_tag?post=4985"}],"curies":[{"name":"wp","href":"https:\/\/api.w.org\/{rel}","templated":true}]}}