{"id":49915,"date":"2026-03-02T22:29:33","date_gmt":"2026-03-03T01:29:33","guid":{"rendered":"https:\/\/portifolioos-prontos.com\/?post_type=product&#038;p=49915"},"modified":"2026-03-02T22:30:15","modified_gmt":"2026-03-03T01:30:15","slug":"projeto-integrado-individual-gestao-de-turismo","status":"publish","type":"product","link":"https:\/\/portifolioos-prontos.com\/index.php\/product\/projeto-integrado-individual-gestao-de-turismo\/","title":{"rendered":"Projeto Integrado Individual Gest\u00e3o de Turismo &#8211; Plano de Proposta Inovadora e Sustent\u00e1vel"},"content":{"rendered":"<p><strong>Projeto Integrado Individual Gest\u00e3o de Turismo<\/strong><\/p>\n<p><strong>Plano de Proposta Inovadora e Sustent\u00e1vel <\/strong><\/p>\n<hr \/>\n<p data-start=\"18\" data-end=\"33\"><strong data-start=\"18\" data-end=\"33\">BOAS-VINDAS<\/strong><\/p>\n<p data-start=\"35\" data-end=\"55\">Prezado(a) aluno(a),<\/p>\n<p data-start=\"57\" data-end=\"424\">Seja bem-vindo(a) ao Projeto Integrado! Esta \u00e9 uma oportunidade de aplicar os conhecimentos adquiridos nas disciplinas do semestre em uma situa\u00e7\u00e3o realista e desafiadora que ter\u00e1 como foco Sustentabilidade e Inova\u00e7\u00e3o em Empreendimentos e Servi\u00e7os Urbanos. Esperamos que voc\u00ea se envolva ativamente, desenvolvendo compet\u00eancias essenciais para sua forma\u00e7\u00e3o profissional.<\/p>\n<p data-start=\"426\" data-end=\"533\">Voc\u00ea ter\u00e1 a oportunidade de conectar teoria e pr\u00e1tica, voltando-se para os desafios do mercado de trabalho.<\/p>\n<p data-start=\"535\" data-end=\"601\">Desejamos a voc\u00ea muito sucesso no desenvolvimento dessa atividade!<\/p>\n<hr data-start=\"603\" data-end=\"606\" \/>\n<p data-start=\"608\" data-end=\"637\"><strong data-start=\"608\" data-end=\"637\">OBJETIVOS DE APRENDIZAGEM<\/strong><\/p>\n<p data-start=\"639\" data-end=\"1095\">Voc\u00ea j\u00e1 deve ter percebido que, ao longo do curso, cada disciplina apresenta conceitos, ferramentas e pr\u00e1ticas que, quando combinadas, formam o conhecimento que define o seu perfil profissional. O Projeto Integrado foi criado exatamente para unir tudo isso: \u00e9 o momento em que voc\u00ea aplica, de forma pr\u00e1tica e reflexiva, aquilo que aprendeu durante o semestre, demonstrando como a teoria se transforma em solu\u00e7\u00e3o para desafios reais da sua \u00e1rea de forma\u00e7\u00e3o.<\/p>\n<p data-start=\"1097\" data-end=\"1594\">Essa atividade \u00e9 um componente curricular obrigat\u00f3rio e faz parte do seu processo de aprendizagem. Caso voc\u00ea n\u00e3o realize o projeto ou n\u00e3o atinja a pontua\u00e7\u00e3o necess\u00e1ria, ser\u00e1 reprovado. Por isso, \u00e9 fundamental dedicar-se com responsabilidade, planejamento e empenho. Afinal, o Projeto Integrado \u00e9 uma oportunidade \u00fanica de consolidar os conhecimentos adquiridos e mostrar o quanto voc\u00ea evoluiu academicamente. A pontua\u00e7\u00e3o m\u00ednima para aprova\u00e7\u00e3o deve ser verificada no Manual da Avalia\u00e7\u00e3o Continuada.<\/p>\n<p data-start=\"1596\" data-end=\"2137\">Mais do que uma avalia\u00e7\u00e3o, o Projeto Integrado \u00e9 uma experi\u00eancia de integra\u00e7\u00e3o e constru\u00e7\u00e3o de saberes. Ele prop\u00f5e que voc\u00ea desenvolva um olhar cr\u00edtico e criativo diante de uma situa\u00e7\u00e3o-problema, analisando o contexto, aplicando conceitos das disciplinas do semestre e apresentando uma proposta de solu\u00e7\u00e3o pr\u00e1tica e bem fundamentada. Trata-se de um espa\u00e7o para exercitar a autonomia intelectual, o pensamento cient\u00edfico e a capacidade de resolu\u00e7\u00e3o de problemas, habilidades essenciais no mundo do trabalho e valorizadas em qualquer carreira.<\/p>\n<p data-start=\"2139\" data-end=\"2709\">O Projeto Integrado tamb\u00e9m tem como prop\u00f3sito aproximar voc\u00ea do saber cient\u00edfico, estimulando a produ\u00e7\u00e3o de conhecimento acad\u00eamico com base em normas da ABNT, algo indispens\u00e1vel \u00e0 forma\u00e7\u00e3o de um profissional \u00e9tico, competente e preparado para lidar com dados, evid\u00eancias e argumentos s\u00f3lidos. Ao final, o mais importante \u00e9 compreender que o Projeto Integrado n\u00e3o \u00e9 apenas uma tarefa, \u00e9 um processo de aprendizagem que une conhecimento, criatividade e pr\u00e1tica profissional. Ele representa o seu compromisso com a forma\u00e7\u00e3o de qualidade e o seu protagonismo como estudante.<\/p>\n<p data-start=\"2711\" data-end=\"2852\">Cada etapa conclu\u00edda \u00e9 uma oportunidade de aprender mais sobre si, sobre a sua \u00e1rea de atua\u00e7\u00e3o e sobre como transformar conhecimento em a\u00e7\u00e3o.<\/p>\n<hr data-start=\"2854\" data-end=\"2857\" \/>\n<p data-start=\"2859\" data-end=\"2883\"><strong data-start=\"2859\" data-end=\"2883\">ORIENTA\u00c7\u00d5ES INICIAIS<\/strong><\/p>\n<p data-start=\"2885\" data-end=\"3066\">A partir da an\u00e1lise do contexto inicial apresentado, voc\u00ea, como futuro profissional, dever\u00e1 desenvolver uma atividade fundamentada nas disciplinas estudadas ao longo deste semestre.<\/p>\n<p data-start=\"3068\" data-end=\"3262\">Essa atividade visa aprimorar suas habilidades de leitura, interpreta\u00e7\u00e3o e aplica\u00e7\u00e3o dos conhecimentos adquiridos, proporcionando uma compreens\u00e3o mais profunda e cr\u00edtica dos conte\u00fados abordados.<\/p>\n<hr data-start=\"3264\" data-end=\"3267\" \/>\n<p data-start=\"3269\" data-end=\"3281\"><strong data-start=\"3269\" data-end=\"3281\">SITUA\u00c7\u00c3O<\/strong><\/p>\n<p data-start=\"3283\" data-end=\"3799\">Uma metr\u00f3pole costeira em r\u00e1pido crescimento (a fim de ficar mais realista, voc\u00ea dever\u00e1 especificar a metr\u00f3pole ou um munic\u00edpio de sua escolha) est\u00e1 enfrentando desafios significativos devido ao aumento da demanda por infraestrutura e servi\u00e7os. O crescimento desordenado amea\u00e7a a qualidade de vida, a sustentabilidade ambiental e a competitividade econ\u00f4mica. Para garantir um futuro resiliente e atrativo, a administra\u00e7\u00e3o p\u00fablica lan\u00e7ou um Programa de Desenvolvimento Sustent\u00e1vel e Inovador com foco em tr\u00eas pilares:<\/p>\n<p data-start=\"3801\" data-end=\"3954\">\u2022 Otimiza\u00e7\u00e3o de Infraestrutura Log\u00edstica e Operacional: Necessidade de maior efici\u00eancia e redu\u00e7\u00e3o da pegada de carbono no fluxo de mercadorias e pessoas.<\/p>\n<p data-start=\"3956\" data-end=\"4115\">\u2022 Desenvolvimento Imobili\u00e1rio Respons\u00e1vel: Demanda por empreendimentos que integrem tecnologias verdes, efici\u00eancia energ\u00e9tica e gest\u00e3o inteligente de res\u00edduos.<\/p>\n<p data-start=\"4117\" data-end=\"4320\">\u2022 Promo\u00e7\u00e3o de Servi\u00e7os e Destinos de Alto Valor Agregado: Busca por experi\u00eancias que respeitem o meio ambiente local e utilizem a tecnologia para personalizar e otimizar a experi\u00eancia do usu\u00e1rio\/cliente.<\/p>\n<p data-start=\"4322\" data-end=\"4561\">Voc\u00ea, como futuro profissional em Gest\u00e3o de Turismo, foi contratado(a) como consultor(a) para propor uma solu\u00e7\u00e3o inovadora e sustent\u00e1vel que se enquadre nesse programa, aplicando os conhecimentos adquiridos nas disciplinas do seu semestre.<\/p>\n<hr data-start=\"4563\" data-end=\"4566\" \/>\n<p data-start=\"4568\" data-end=\"4597\"><strong data-start=\"4568\" data-end=\"4597\">ATIVIDADE A SER REALIZADA<\/strong><\/p>\n<p data-start=\"4599\" data-end=\"4786\">O Projeto Integrado consiste na elabora\u00e7\u00e3o de um Plano de Proposta Inovadora e Sustent\u00e1vel que abordar\u00e1 um dos desafios apresentados na Situa\u00e7\u00e3o-Problema, conforme a sua \u00e1rea de forma\u00e7\u00e3o.<\/p>\n<p data-start=\"4788\" data-end=\"5072\">Gest\u00e3o de Turismo: Proponha um novo produto, servi\u00e7o ou a gest\u00e3o de um destino tur\u00edstico que adote pr\u00e1ticas de turismo sustent\u00e1vel e utilize a tecnologia (ex: aplicativos, realidade aumentada, gest\u00e3o de dados) para enriquecer a experi\u00eancia do visitante e preservar o patrim\u00f4nio local.<\/p>\n<hr data-start=\"5074\" data-end=\"5077\" \/>\n<p data-start=\"5079\" data-end=\"5102\"><strong data-start=\"5079\" data-end=\"5102\">ELABORA\u00c7\u00c3O DO PLANO<\/strong><\/p>\n<p data-start=\"5104\" data-end=\"5220\">Seu trabalho deve ser estruturado conforme o Modelo disponibilizado no AVA e conter os seguintes itens obrigat\u00f3rios:<\/p>\n<p data-start=\"5222\" data-end=\"5364\">\u2022 Introdu\u00e7\u00e3o: Apresente o tema (Sustentabilidade e Inova\u00e7\u00e3o), o problema espec\u00edfico escolhido do seu curso e o objetivo geral da sua proposta.<\/p>\n<p data-start=\"5366\" data-end=\"5669\">\u2022 Desenvolvimento &#8211; Fundamenta\u00e7\u00e3o Te\u00f3rica:<br data-start=\"5408\" data-end=\"5411\" \/>Identifique e descreva os conceitos-chave das disciplinas do semestre que d\u00e3o suporte \u00e0 sua proposta.<br data-start=\"5512\" data-end=\"5515\" \/>Analise o contexto atual do seu segmento de atua\u00e7\u00e3o (em seu caso Turismo) em rela\u00e7\u00e3o \u00e0 sustentabilidade e inova\u00e7\u00e3o, utilizando dados e argumentos s\u00f3lidos.<\/p>\n<p data-start=\"5671\" data-end=\"6206\">\u2022 Desenvolvimento &#8211; Proposta de Solu\u00e7\u00e3o (O &#8220;Plano&#8221;):<br data-start=\"5723\" data-end=\"5726\" \/>Descri\u00e7\u00e3o da Inova\u00e7\u00e3o: Detalhe a solu\u00e7\u00e3o proposta (tecnologia, processo, servi\u00e7o, empreendimento).<br data-start=\"5824\" data-end=\"5827\" \/>Impacto no Neg\u00f3cio e na Sustentabilidade: Explique como a proposta resolve o problema, gera valor (econ\u00f4mico, social e\/ou ambiental) e contribui para os objetivos do Programa de Desenvolvimento Sustent\u00e1vel e Inovador.<br data-start=\"6044\" data-end=\"6047\" \/>Requisitos de Implementa\u00e7\u00e3o: Mencione os principais recursos (financeiros, tecnol\u00f3gicos, humanos) e as etapas iniciais necess\u00e1rias para tirar o plano do papel.<\/p>\n<p data-start=\"6208\" data-end=\"6354\">\u2022 Considera\u00e7\u00f5es Finais: Retome o objetivo e reitere a import\u00e2ncia e a viabilidade da sua proposta para o desenvolvimento sustent\u00e1vel da metr\u00f3pole.<\/p>\n<p data-start=\"6356\" data-end=\"6667\">\u2022 Refer\u00eancias Bibliogr\u00e1ficas: As Refer\u00eancias Bibliogr\u00e1ficas fecham o ciclo do trabalho, listando as fontes que sustentaram todo o conhecimento exposto da Introdu\u00e7\u00e3o \u00e0s Considera\u00e7\u00f5es Finais. Elas comprovam a pesquisa realizada, dando cr\u00e9dito \u00e0s fontes utilizadas na Fundamenta\u00e7\u00e3o Te\u00f3rica e na an\u00e1lise de mercado.<\/p>\n<hr data-start=\"6669\" data-end=\"6672\" \/>\n<p data-start=\"6674\" data-end=\"6723\"><strong data-start=\"6674\" data-end=\"6723\">NORMAS PARA ELABORA\u00c7\u00c3O E ENTREGA DA ATIVIDADE<\/strong><\/p>\n<p data-start=\"6725\" data-end=\"6850\">O trabalho final dever\u00e1 ser realizado no arquivo denominado Modelo, disponibilizado no AVA, obedecendo os crit\u00e9rios a seguir:<\/p>\n<p data-start=\"6852\" data-end=\"6970\">a) Aten\u00e7\u00e3o aos prazos de postagens, acompanhe o cronograma das datas de postagem e corre\u00e7\u00e3o das atividades em seu AVA.<\/p>\n<p data-start=\"6972\" data-end=\"7167\">b) A postagem no AVA deve ser em um \u00fanico arquivo, em formato Word ou PDF, com tamanho m\u00e1ximo de 10MB, conforme Modelo. O sistema ir\u00e1 disponibilizar para corre\u00e7\u00e3o apenas o \u00faltimo arquivo postado.<\/p>\n<p data-start=\"7169\" data-end=\"7220\">c) O trabalho dever\u00e1 ser realizado individualmente.<\/p>\n<p data-start=\"7222\" data-end=\"7649\">d) O trabalho final deve ser original e, portanto, n\u00e3o poder\u00e1 haver trabalhos id\u00eanticos aos de outros grupos ou com reprodu\u00e7\u00e3o de materiais extra\u00eddos da internet. Os trabalhos plagiados ser\u00e3o invalidados, sendo os alunos reprovados na atividade. Observe que a pr\u00e1tica do pl\u00e1gio constitui crime, com pena prevista em lei (Lei n.\u00ba 9.610\/1998 e atualiza\u00e7\u00f5es e o Artigo 184 do C\u00f3digo Penal), e deve ser evitada no \u00e2mbito acad\u00eamico.<\/p>\n<p data-start=\"7651\" data-end=\"8192\">e) Este trabalho interdisciplinar deve ser realizado integralmente pelo estudante, sem a utiliza\u00e7\u00e3o de ferramentas de Intelig\u00eancia Artificial para substituir o processo de pesquisa, an\u00e1lise e escrita. O objetivo \u00e9 desenvolver compet\u00eancias cr\u00edticas, criativas e acad\u00eamicas que s\u00f3 podem ser adquiridas pela pr\u00e1tica consciente e aut\u00f4noma. O uso de IA para elaborar respostas prontas compromete a aprendizagem. Espera-se que cada estudante se envolva de forma ativa, refletindo e construindo o conhecimento com base em suas pr\u00f3prias habilidades.<\/p>\n<p data-start=\"8194\" data-end=\"8301\">f) Em caso de d\u00favida para elabora\u00e7\u00e3o do trabalho, voc\u00ea dever\u00e1 buscar orienta\u00e7\u00f5es com seu tutor a dist\u00e2ncia.<\/p>\n<hr data-start=\"8303\" data-end=\"8306\" \/>\n<p data-start=\"8308\" data-end=\"8333\"><strong data-start=\"8308\" data-end=\"8333\">CRIT\u00c9RIOS DE CORRE\u00c7\u00c3O<\/strong><\/p>\n<p data-start=\"8335\" data-end=\"8673\">Execu\u00e7\u00e3o da Proposta \u2013 60%<br data-start=\"8361\" data-end=\"8364\" \/>\u2713 Atendimento a todas as a\u00e7\u00f5es solicitadas na atividade.<br data-start=\"8420\" data-end=\"8423\" \/>\u2713 Cumprimento do objetivo solicitado na proposta.<br data-start=\"8472\" data-end=\"8475\" \/>\u2713 Presen\u00e7a de introdu\u00e7\u00e3o, desenvolvimento e considera\u00e7\u00f5es finais, conforme indicado na proposta.<br data-start=\"8571\" data-end=\"8574\" \/>\u2713 Qualidade t\u00e9cnica das imagens apresentadas, com aten\u00e7\u00e3o \u00e0 resolu\u00e7\u00e3o e nitidez, quando se aplicar.<\/p>\n<p data-start=\"8675\" data-end=\"8815\">Linguagem e Comunica\u00e7\u00e3o \u2013 30%<br data-start=\"8704\" data-end=\"8707\" \/>\u2713 Clareza na comunica\u00e7\u00e3o das ideias.<br data-start=\"8743\" data-end=\"8746\" \/>\u2713 Norma padr\u00e3o, ortografia, aspectos redacionais, coes\u00e3o e coer\u00eancia.<\/p>\n<p data-start=\"8817\" data-end=\"8989\">Normaliza\u00e7\u00e3o \u2013 10%<br data-start=\"8835\" data-end=\"8838\" \/>\u2713 Presen\u00e7a de cita\u00e7\u00f5es de autores e obras no decorrer do trabalho (quando se aplicar).<br data-start=\"8924\" data-end=\"8927\" \/>\u2713 Inclus\u00e3o adequada das refer\u00eancias bibliogr\u00e1ficas utilizadas.<\/p>\n<p data-start=\"8991\" data-end=\"9003\">TOTAL \u2013 100%<\/p>\n<hr data-start=\"9005\" data-end=\"9008\" \/>\n<p data-start=\"9010\" data-end=\"9040\">Desejamos uma \u00f3tima atividade!<\/p>\n<p data-start=\"9042\" data-end=\"9063\" data-is-last-node=\"\" data-is-only-node=\"\">Equipe de professores<\/p>\n<div class=\"elementor-toggle-item\">\n<p><strong>Como se realizam os envios?<\/strong><\/p>\n<\/div>\n<p id=\"elementor-tab-content-1942\" class=\"elementor-tab-content elementor-clearfix elementor-active\" role=\"tabpanel\" data-tab=\"2\" aria-labelledby=\"elementor-tab-title-1942\">O seu trabalho \u00e9 disponibilizado pronto, respondido e nas normas j\u00e1 na mesma hora aqui em nosso site na sua \u00e1rea de downloads e tamb\u00e9m no seu e-mail.<\/p>\n<p><strong>Em quanto tempo recebo o portf\u00f3lio?<\/strong><\/p>\n<p>Os envios s\u00e3o imediatos. Ap\u00f3s sua compra, o trabalho j\u00e1 \u00e9 disponibilizado instantaneamente aqui em nosso site e no seu e-mail.<\/p>\n<p><strong>E se o portf\u00f3lio que comprei precisar de corre\u00e7\u00e3o?<\/strong><\/p>\n<p>Caso haja alguma solicita\u00e7\u00e3o de corre\u00e7\u00e3o\/altera\u00e7\u00e3o por parte do tutor, basta entrar em contato conosco pelo\u00a0WhatsApp\u00a0que provid\u00eanciaremos sem custo algum.<\/p>\n<p><strong>Qual o formato do arquivo?<\/strong><\/p>\n<p>Os arquivos s\u00e3o enviados em formato Word e s\u00e3o edit\u00e1veis.<\/p>\n<p><strong>Caso eu tiver alguma d\u00favida, terei suporte no p\u00f3s venda?<\/strong><\/p>\n<p>Sim, com certeza. Basta clicar no \u00edcone do WhatsApp no cantinho da tela. Ser\u00e1 um prazer atend\u00ea-lo(a).<\/p>\n<div id=\"elementor-tab-content-1948\" class=\"elementor-tab-content elementor-clearfix elementor-active\" role=\"tabpanel\" data-tab=\"8\" aria-labelledby=\"elementor-tab-title-1948\">\n<p><strong>Quais os seus canais de contato?<\/strong><\/p>\n<\/div>\n<div id=\"elementor-tab-content-1949\" class=\"elementor-tab-content elementor-clearfix elementor-active\" role=\"tabpanel\" data-tab=\"9\" aria-labelledby=\"elementor-tab-title-1949\">\n<p>Whatsapp: 53 984751621 \u2013 Clicar no canto da tela ou ESCANEIE O QRCODE ABAIXO<\/p>\n<h4><img decoding=\"async\" class=\"alignnone wp-image-13699 jetpack-lazy-image jetpack-lazy-image--handled\" src=\"https:\/\/i0.wp.com\/portifolioos-prontos.com\/wp-content\/uploads\/2023\/02\/whatsapp-business-projeto-de-extensao-300x300.jpeg?resize=144%2C144\" sizes=\"(max-width: 144px) 100vw, 144px\" srcset=\"https:\/\/i0.wp.com\/portifolioos-prontos.com\/wp-content\/uploads\/2023\/02\/whatsapp-business-projeto-de-extensao.jpeg?resize=300%2C301&amp;ssl=1 300w, https:\/\/i0.wp.com\/portifolioos-prontos.com\/wp-content\/uploads\/2023\/02\/whatsapp-business-projeto-de-extensao.jpeg?resize=150%2C150&amp;ssl=1 150w, https:\/\/i0.wp.com\/portifolioos-prontos.com\/wp-content\/uploads\/2023\/02\/whatsapp-business-projeto-de-extensao.jpeg?resize=370%2C372&amp;ssl=1 370w, https:\/\/i0.wp.com\/portifolioos-prontos.com\/wp-content\/uploads\/2023\/02\/whatsapp-business-projeto-de-extensao.jpeg?resize=100%2C100&amp;ssl=1 100w, https:\/\/i0.wp.com\/portifolioos-prontos.com\/wp-content\/uploads\/2023\/02\/whatsapp-business-projeto-de-extensao.jpeg?w=470&amp;ssl=1 470w\" alt=\"projeto de extens\u00e3o unopar\" width=\"144\" height=\"144\" data-lazy-loaded=\"1\" \/><\/h4>\n<\/div>\n<div class=\"elementor-toggle-item\">\n<div id=\"elementor-tab-content-1949\" class=\"elementor-tab-content elementor-clearfix elementor-active\" role=\"tabpanel\" data-tab=\"9\" aria-labelledby=\"elementor-tab-title-1949\">\n<p>E-mail:portifoliosp@gmail.com<\/p>\n<div id=\"attachment_143\" class=\"wp-caption alignnone\">\n<div id=\"attachment_143\" class=\"wp-caption alignnone\">\n<p id=\"caption-attachment-143\" class=\"wp-caption-text\"><a href=\"http:\/\/portfolio-pronto.com\/\">Portf\u00f3lio<\/a>\u00a0em Word, respondido, completo e j\u00e1 nas normas<\/p>\n<\/div>\n<\/div>\n<\/div>\n<\/div>\n","protected":false},"excerpt":{"rendered":"<div class=\"product-short-description\"><strong>Pague pelo PIX ou cart\u00e3o e fa\u00e7a o download agora mesmo.<\/strong><\/div>\n<div class=\"sticky-add-to-cart-wrapper\">\n<div class=\"sticky-add-to-cart\">\n<p class=\"quantity buttons_added form-flat\"><img decoding=\"async\" class=\"lazyloaded smush-image-5 smush-image-3 smush-image-4 smush-detected-img smush-image-bigger-3\" src=\"https:\/\/d26lpennugtm8s.cloudfront.net\/assets\/common\/img\/logos\/payment\/visa@2x.png\" width=\"46\" height=\"29\" data-src=\"https:\/\/d26lpennugtm8s.cloudfront.net\/assets\/common\/img\/logos\/payment\/visa@2x.png\" \/><img decoding=\"async\" class=\"lazyloaded smush-image-6 smush-image-4 smush-image-5 smush-detected-img smush-image-bigger-4\" src=\"https:\/\/d26lpennugtm8s.cloudfront.net\/assets\/common\/img\/logos\/payment\/boleto@2x.png\" width=\"43\" height=\"27\" data-src=\"https:\/\/d26lpennugtm8s.cloudfront.net\/assets\/common\/img\/logos\/payment\/boleto@2x.png\" \/><img loading=\"lazy\" decoding=\"async\" class=\"lazyloaded smush-image-7 smush-image-5 smush-image-6 smush-detected-img smush-image-bigger-5\" src=\"https:\/\/d26lpennugtm8s.cloudfront.net\/assets\/common\/img\/logos\/payment\/mastercard@2x.png\" width=\"43\" height=\"27\" data-src=\"https:\/\/d26lpennugtm8s.cloudfront.net\/assets\/common\/img\/logos\/payment\/mastercard@2x.png\" \/><img loading=\"lazy\" decoding=\"async\" class=\"lazyloaded smush-image-8 smush-image-6 smush-image-7 smush-detected-img smush-image-bigger-6\" src=\"https:\/\/d26lpennugtm8s.cloudfront.net\/assets\/common\/img\/logos\/payment\/amex@2x.png\" width=\"43\" height=\"27\" data-src=\"https:\/\/d26lpennugtm8s.cloudfront.net\/assets\/common\/img\/logos\/payment\/amex@2x.png\" \/><img loading=\"lazy\" decoding=\"async\" class=\"lazyloaded smush-image-9 smush-image-7 smush-image-8 smush-detected-img smush-image-bigger-7\" src=\"https:\/\/d26lpennugtm8s.cloudfront.net\/assets\/common\/img\/logos\/payment\/diners@2x.png\" width=\"46\" height=\"29\" data-src=\"https:\/\/d26lpennugtm8s.cloudfront.net\/assets\/common\/img\/logos\/payment\/diners@2x.png\" \/><img loading=\"lazy\" decoding=\"async\" class=\"lazyloaded smush-image-10 smush-image-8 smush-image-9 alignnone smush-detected-img smush-image-bigger-8\" src=\"https:\/\/d26lpennugtm8s.cloudfront.net\/assets\/common\/img\/logos\/payment\/br\/elo@2x.png\" alt=\"portf\u00f3lio unopar anhanguera\" width=\"45\" height=\"28\" data-src=\"https:\/\/d26lpennugtm8s.cloudfront.net\/assets\/common\/img\/logos\/payment\/br\/elo@2x.png\" \/><img loading=\"lazy\" decoding=\"async\" class=\"lazyloaded smush-image-11 smush-image-9 smush-image-10 alignnone smush-detected-img smush-image-bigger-9\" src=\"https:\/\/d26lpennugtm8s.cloudfront.net\/assets\/common\/img\/logos\/payment\/br\/hipercard@2x.png\" alt=\"portf\u00f3lio unopar anhanguera\" width=\"44\" height=\"28\" data-src=\"https:\/\/d26lpennugtm8s.cloudfront.net\/assets\/common\/img\/logos\/payment\/br\/hipercard@2x.png\" \/><img loading=\"lazy\" decoding=\"async\" class=\"lazyloaded smush-image-12 smush-image-10 smush-image-11 alignnone smush-detected-img smush-image-bigger-10\" src=\"https:\/\/d26lpennugtm8s.cloudfront.net\/assets\/common\/img\/logos\/payment\/mercadopago@2x.png\" alt=\"portf\u00f3lio unopar anhanguera\" width=\"45\" height=\"28\" data-src=\"https:\/\/d26lpennugtm8s.cloudfront.net\/assets\/common\/img\/logos\/payment\/mercadopago@2x.png\" \/><\/p>\n<\/div>\n<\/div>\n","protected":false},"featured_media":49919,"template":"","meta":{"_seopress_robots_primary_cat":"none","_seopress_titles_title":"","_seopress_titles_desc":"","_seopress_robots_index":""},"product_cat":[60],"product_tag":[],"class_list":{"0":"post-49915","1":"product","2":"type-product","3":"status-publish","4":"has-post-thumbnail","6":"product_cat-turismo","8":"first","9":"instock","10":"shipping-taxable","11":"product-type-simple","12":"col-xs-6 col-sm-4","13":"col-mf-5","14":"un-5-cols"},"jetpack_sharing_enabled":true,"_links":{"self":[{"href":"https:\/\/portifolioos-prontos.com\/index.php\/wp-json\/wp\/v2\/product\/49915","targetHints":{"allow":["GET"]}}],"collection":[{"href":"https:\/\/portifolioos-prontos.com\/index.php\/wp-json\/wp\/v2\/product"}],"about":[{"href":"https:\/\/portifolioos-prontos.com\/index.php\/wp-json\/wp\/v2\/types\/product"}],"version-history":[{"count":2,"href":"https:\/\/portifolioos-prontos.com\/index.php\/wp-json\/wp\/v2\/product\/49915\/revisions"}],"predecessor-version":[{"id":49921,"href":"https:\/\/portifolioos-prontos.com\/index.php\/wp-json\/wp\/v2\/product\/49915\/revisions\/49921"}],"wp:featuredmedia":[{"embeddable":true,"href":"https:\/\/portifolioos-prontos.com\/index.php\/wp-json\/wp\/v2\/media\/49919"}],"wp:attachment":[{"href":"https:\/\/portifolioos-prontos.com\/index.php\/wp-json\/wp\/v2\/media?parent=49915"}],"wp:term":[{"taxonomy":"product_cat","embeddable":true,"href":"https:\/\/portifolioos-prontos.com\/index.php\/wp-json\/wp\/v2\/product_cat?post=49915"},{"taxonomy":"product_tag","embeddable":true,"href":"https:\/\/portifolioos-prontos.com\/index.php\/wp-json\/wp\/v2\/product_tag?post=49915"}],"curies":[{"name":"wp","href":"https:\/\/api.w.org\/{rel}","templated":true}]}}