{"id":5002,"date":"2022-07-21T11:20:12","date_gmt":"2022-07-21T14:20:12","guid":{"rendered":"https:\/\/portifolioos-prontos.com\/?post_type=product&#038;p=5002"},"modified":"2022-10-06T14:38:56","modified_gmt":"2022-10-06T17:38:56","slug":"portfolio-desenvolver-um-olhar-amplo-das-potencialidades-que-a-educacao-fisica-pode-exercer-no-campo-do-treinamento-esportivo-e-na-area-da-saude","status":"publish","type":"product","link":"https:\/\/portifolioos-prontos.com\/index.php\/product\/portfolio-desenvolver-um-olhar-amplo-das-potencialidades-que-a-educacao-fisica-pode-exercer-no-campo-do-treinamento-esportivo-e-na-area-da-saude\/","title":{"rendered":"Portf\u00f3lio Desenvolver um olhar amplo das potencialidades que a educa\u00e7\u00e3o f\u00edsica pode exercer no campo do treinamento esportivo e na \u00e1rea da sa\u00fade"},"content":{"rendered":"<h4>Portf\u00f3lio Desenvolver um olhar amplo das potencialidades que a educa\u00e7\u00e3o f\u00edsica pode exercer no campo do treinamento esportivo e na \u00e1rea da sa\u00fade<\/h4>\n<h4>Curso: Educa\u00e7\u00e3o F\u00edsica<\/h4>\n<p>APRESENTA\u00c7\u00c3O<br \/>\nCaro aluno(a), seja bem-vindo(a) a este semestre!<br \/>\nO presente semestre est\u00e1 possibilitando uma significativa amplia\u00e7\u00e3o e aprofundamento de<br \/>\nconhecimentos sobre a Educa\u00e7\u00e3o F\u00edsica e suas bases te\u00f3rico- pr\u00e1ticas que s\u00e3o essenciais para a<br \/>\natua\u00e7\u00e3o na \u00e1rea. Desta forma, o campo de atua\u00e7\u00e3o profissional apresenta-se diverso e possibilita que<br \/>\na materializa\u00e7\u00e3o dos conhecimentos te\u00f3rico e t\u00e9cnicos ocorram fundamentados pelas novas<br \/>\nevid\u00eancias cient\u00edficas. Assim sendo, o tema central da proposta de Produ\u00e7\u00e3o Textual Interdisciplinar<br \/>\nem Grupo (PTG) ser\u00e1: <strong>Desenvolver um olhar amplo das potencialidades que a educa\u00e7\u00e3o f\u00edsica pode<\/strong><br \/>\n<strong>exercer no campo do treinamento esportivo e na \u00e1rea da sa\u00fade<\/strong>.<br \/>\nEste tema \u00e9 importante para que voc\u00ea possa conhecer e reconhecer sobre o significado do<br \/>\nobjeto de estudo da Educa\u00e7\u00e3o F\u00edsica. Com isso, as possibilidades profissionais de atua\u00e7\u00e3o, o<br \/>\nconhecimento t\u00e9cnico-cient\u00edfico, seu p\u00fablico-alvo, seus campos de atua\u00e7\u00e3o e como esses elementos<br \/>\ninteragem com a din\u00e2mica cultural e tecnol\u00f3gica na sociedade fazem com que a Educa\u00e7\u00e3o F\u00edsica seja<br \/>\numa profiss\u00e3o de grande amplitude e complexidade sobre a atua\u00e7\u00e3o deste profissional no futuro.<br \/>\nNeste sentido, considere este cen\u00e1rio exposto para o desenvolvimento desta produ\u00e7\u00e3o textual, tendo<br \/>\ncomo base os conte\u00fados apresentados nas disciplinas do semestre<\/p>\n<p><a href=\"http:\/\/portifolioos-prontos.com\">PRODU\u00c7\u00c3O TEXTUAL<\/a><br \/>\nINTERDISCIPLINAR<\/p>\n<p>ATIVIDADE(S)<br \/>\nA parte do DESENVOLVIMENTO do trabalho ser\u00e1 estruturada em DUAS partes:<\/p>\n<h5>1\u00ba PARTE \u2013 RESOLU\u00c7\u00c3O DE SITUA\u00c7\u00c3O-PROBLEMA 1<\/h5>\n<p>TEMA: Desenvolvimento de um centro de treinamento f\u00edsico para atletas de diferentes<br \/>\nmodalidades esportivas<br \/>\nGustavo \u00e9 profissional de Educa\u00e7\u00e3o F\u00edsica e gerencia uma grande rede de academias em uma<br \/>\ncidade em que Marcelo \u00e9 o prefeito. O prefeito tem um espa\u00e7o para construir um centro de<br \/>\ntreinamento para os atletas de todas as modalidades, pois uma de suas metas de gest\u00e3o \u00e9<br \/>\ntransformar a cidade em um grande centro de refer\u00eancia esportiva. Gustavo foi convidado por<br \/>\nMarcelo para realizar um projeto de academia para que os atletas possam fazer uma parte do treino<br \/>\ne a prepara\u00e7\u00e3o f\u00edsica. Al\u00e9m de um espa\u00e7o para realiza\u00e7\u00e3o de treinamento, este centro de treinamento<br \/>\ncontar\u00e1 com uma estrutura para realiza\u00e7\u00e3o de testes e avalia\u00e7\u00f5es de padr\u00f5es de movimentos para<br \/>\nauxiliar os t\u00e9cnicos e preparadores f\u00edsicos na corre\u00e7\u00e3o e planejamento do treinamento.<br \/>\nDiante da situa\u00e7\u00e3o acima, apresente a resolu\u00e7\u00e3o dessa situa\u00e7\u00e3o-problema de forma textual<br \/>\n[texto de no m\u00ednimo 03 (tr\u00eas) e no m\u00e1ximo 04 (quatro) p\u00e1ginas] contemplando em sua respostas os<br \/>\nitens abaixo:<br \/>\n\u2022 Apresente um plano de neg\u00f3cio para a abertura da academia;<br \/>\n\u2022 Apresente ent\u00e3o, quais os equipamentos e materiais adequados ser\u00e3o sugeridos para a<br \/>\nestrutura dessa academia, considerando as possibilidades de atender aos objetivos e aos diferentes<br \/>\ntipos de treinamento (ex: treinamento de for\u00e7a, pot\u00eancia muscular, neuro-muscular, pot\u00eancia e<br \/>\ncapacidade aer\u00f3bia) para os atletas. Coloque como ser\u00e3o os espa\u00e7os para cada grupos de<br \/>\nequipamento, se ser\u00e3o utilizados maquin\u00e1rios, pesos livres ou ambos, barras, anilhas, barras fixas,<br \/>\ntensores el\u00e1sticos ou outros equipamentos de resist\u00eancia, etc) e descreva os equipamentos [para<br \/>\nqual objetivo ser\u00e1 usado, qual parte do corpo (membros inferiores, superiores, tronco ou corpo<br \/>\ninteiro), import\u00e2ncia para o atleta]. Se poss\u00edvel, como sugest\u00e3o, apresente um layout (desenho) da<br \/>\n\u00e1rea da academia com os seus equipamentos (digitalizada arquivo de imagem). Caso queira oferecer<br \/>\noutras modalidades, apresente quaisseriam, onde ficariam alocadas na academia e quais os objetivos<br \/>\ndela para o atleta.<br \/>\n\u2022 Por fim, para an\u00e1lise do desempenho dos atletas, sugira a possibilidades de dois testes<br \/>\nbiomec\u00e2nicos, sendo um que envolva a cin\u00e9tica e outro que envolva a cinem\u00e1tica, os dois testes<br \/>\nbiomec\u00e2nicos podem ser utilizados nessa \u00e1rea. Al\u00e9m disso, descreva os testes e quais as informa\u00e7\u00f5es<br \/>\nque voc\u00ea poder\u00e1 obter com eles. Para isto, seguem sugest\u00f5es de leitura sobre o tema:<br \/>\nMENZEL, Hans-Joachim et al. M\u00e9todos de medi\u00e7\u00e3o em biomec\u00e2nica do esporte: descri\u00e7\u00e3o de<br \/>\nprotocolos para aplica\u00e7\u00e3o nos centros de excel\u00eancia esportiva (Rede CENESP-MET). Revista Brasileira<br \/>\nde Biomec\u00e2nica, v. 3, n. 1, p. 57-67, 2002. Dispon\u00edvel em: https:\/\/bit.ly\/2ZQKCvW. Acesso em: 22 jun.<br \/>\n2022.<br \/>\nAMADIO, Alberto Carlos; SERR\u00c3O, J\u00falio Cerca. Contextualiza\u00e7\u00e3o da biomec\u00e2nica para a investiga\u00e7\u00e3o<br \/>\ndo movimento: fundamentos, m\u00e9todos e aplica\u00e7\u00f5es para an\u00e1lise da t\u00e9cnica esportiva. Revista<br \/>\nBrasileira de Educa\u00e7\u00e3o F\u00edsica e Esporte, v. 21, p. 61-85, 2007. Dispon\u00edvel em: https:\/\/bit.ly\/3eNieze.<br \/>\nAcesso em: 22 jun. 2022.<br \/>\nAMADIO, Alberto Carlos; SERRAO, J\u00falio Cerca. A biomec\u00e2nica em educa\u00e7\u00e3o f\u00edsica e esporte. Rev. bras.<br \/>\neduc. f\u00eds. esporte, S\u00e3o Paulo , v. 25, p. 15-24, Dec. 2011. Dispon\u00edvel em: https:\/\/bit.ly\/30Lhnu2.<br \/>\nAcesso em: 22 jun. 2022.<\/p>\n<h5>2\u00ba PARTE \u2013 RESOLU\u00c7\u00c3O DE SITUA\u00c7\u00c3O-PROBLEMA 2<\/h5>\n<p>TEMA: Atividades f\u00edsicas e sua rela\u00e7\u00e3o com o meio ambiente<br \/>\nMateus \u00e9 um profissional de Educa\u00e7\u00e3o F\u00edsica que atua junto ao Programa de Sa\u00fade da Fam\u00edlia<br \/>\n(PSF) em conjunto com outros profissionais de sa\u00fade (psic\u00f3logos, fisioterapeutas, nutricionistas e<br \/>\nassistente sociais) no N\u00facleo de Apoio a Sa\u00fade da Fam\u00edlia (NASF) em um centro de aten\u00e7\u00e3o \u00e0 sa\u00fade<br \/>\nna regi\u00e3o central de uma cidade, que fica pr\u00f3ximo \u00e0 um bosque p\u00fablico com uma grande \u00e1rea verde,<br \/>\ncom caminhos e trilhas sinalizadas entre \u00e1rvores, \u00e1reas com gramados, lago com pista de caminhada<br \/>\nao redor, al\u00e9m de contar com \u00e1rea coberta com uma biblioteca. Em sua pr\u00e1tica profissional, Mateus<br \/>\ndiscute casos de pessoas que procuram o centro de sa\u00fade com os demais profissionais, na qual ele<br \/>\naponta que h\u00e1 um grande grupo de pessoas adultas que s\u00e3o atendidas neste centro de sa\u00fade que<br \/>\ns\u00e3o diagnosticados com diabetes e estresse. Em discuss\u00e3o com a equipe do NASF, o psic\u00f3logo Edgar,<br \/>\nsugere atendimento \u00e0 essas pessoas em um ambiente fora do centro de sa\u00fade, com atividades em<br \/>\nlocais que possibilitem a sensa\u00e7\u00e3o de tranquilidade e de car\u00e1ter prazerosa, na tentativa de reduzir o<br \/>\nquadro de estresse. Aliado a isso, Mateus j\u00e1 havia orientado a pr\u00e1tica de atividades f\u00edsicas no dia-adia para grupo de pessoas com diabetes, mas a mudan\u00e7a destes h\u00e1bitos sedent\u00e1rios n\u00e3o foi<br \/>\nobservada de forma significativa nos \u00faltimos 6 meses.<br \/>\nNeste sentido, aproveitando proximidade do bosque na regi\u00e3o central da cidade e o quadro de<br \/>\nsa\u00fade desse grupo de pessoas atendidas neste centro de sa\u00fade, quais as possibilidades de atividades<br \/>\nf\u00edsicas, de car\u00e1ter ecopedag\u00f3gicas, poderiam ser inclu\u00eddas semanalmente para esse grupo de pessoas<br \/>\ncom quadro de diabetes e estresse cr\u00f4nico?<br \/>\nAp\u00f3s leitura da situa\u00e7\u00e3o problema apresentada acima, an\u00e1lise e com base no conte\u00fado das<br \/>\ndisciplinas envolvidas, construam um planejamento de atividades ecopedag\u00f3gicas, a serem<br \/>\npropostas e que venham proporcionar poss\u00edveis benef\u00edcios de m\u00e9dio a longo prazo, ao grupo de<br \/>\npessoas atendidas no centro de sa\u00fade, como exposto na quest\u00e3o norteadora.<br \/>\n\u2022 Apresente o nome de cada atividade a ser proposta, bem como seus objetivos<br \/>\nespec\u00edficos, a descri\u00e7\u00e3o geral, os benef\u00edcios esperados e a frequ\u00eancia semanal de ocorr\u00eancia.<br \/>\n\u2022 Dentro do planejamento desta proposta, apresente de forma textual as caracter\u00edsticas<br \/>\ndas atividades, tanto do ponto de vista fisiol\u00f3gico (tipo de exerc\u00edcio, intensidade, dura\u00e7\u00e3o, etc)<br \/>\nquanto do ponto de vista ecopedag\u00f3gico (l\u00fadico, contemplativa, orientada, etc).<br \/>\nOrienta\u00e7\u00f5es espec\u00edficas:<br \/>\n&#8211; Elaborar um texto de no m\u00ednimo 3 (tr\u00eas) e no m\u00e1ximo 4 (quatro) p\u00e1ginas de conte\u00fado escrito,<br \/>\nsem t\u00f3picos. Redigir de acordo com as normas da ABNT atual.<br \/>\nDUTRA MAGALH\u00c3ES, Hilda Gomes. Ecopedagogia e utopia. Educa\u00e7\u00e3o Tem\u00e1tica Digital,<br \/>\nCampinas-SP, v.7, n.1, p.67-77, dez. 2005. Dispon\u00edvel em: https:\/\/www.proquest.com\/scholarlyjournals\/ecopedagogia-e-utopia\/docview\/1442451579\/se-2?accountid=134629 ou<br \/>\nhttps:\/\/www.researchgate.net\/publication\/44199920_Ecopedagogia_e_utopiaEcopedagogy_and_u<br \/>\ntopia . Acesso em: 22 jun. 2022.<br \/>\nRODRIGUES, Cae. O Vagabonding como estrat\u00e9gia pedag\u00f3gica para a &#8220;desconstru\u00e7\u00e3o<br \/>\nfenomenol\u00f3gica&#8221; em programas experienciais de educa\u00e7\u00e3o ambiental. Educa\u00e7\u00e3o em Revista. Belo<br \/>\nHorizonte, v.31, n.01, p.303-327. Jan-Mar. 2015. Dispon\u00edvel em:<br \/>\nhttps:\/\/www.scielo.br\/j\/edur\/a\/rrLNQtTk6gxpvbGpMrVNTqQ\/?format=pdf&amp;lang=pt. Acesso em: 22<br \/>\njun. 2022.<br \/>\nSILVA, Marlene N.; BARATA, Jos\u00e9 L. Themudo; TEIXEIRA, Pedro J. Exerc\u00edcios f\u00edsicos na diabetes:<br \/>\nmiss\u00e3o imposs\u00edvel ou uma quest\u00e3o de motiva\u00e7\u00e3o? Revista Portuguesa de Cardiologia, v. 32, p. 35-43,<br \/>\n2013. Dispon\u00edvel em: https:\/\/www.sciencedirect.com\/science\/article\/pii\/S0870255113700465.<br \/>\nAcesso em: 22 jun. 2022.<\/p>\n<div class=\"elementor-toggle-item\">\n<h4 id=\"elementor-tab-title-1941\" class=\"elementor-tab-title elementor-active\" tabindex=\"0\" role=\"tab\" data-tab=\"1\" aria-controls=\"elementor-tab-content-1941\" aria-expanded=\"true\" aria-selected=\"true\">Como funciona?<\/h4>\n<div id=\"elementor-tab-content-1941\" class=\"elementor-tab-content elementor-clearfix elementor-active\" role=\"tabpanel\" data-tab=\"1\" aria-labelledby=\"elementor-tab-title-1941\">\n<p>Elaboramos os portf\u00f3lios, j\u00e1 deixamos prontos, nas normas da ABNT e conforme os requisitos da universidade. F\u00e1cil assim! O MELHOR \u00c9 QUE VOC\u00ca COMPRA E J\u00c1 BAIXA NA HORA O SEU ARQUIVO EM WORD! Sabemos que conciliar trabalho, fam\u00edlia, vida profissional e estudos \u00e9 dif\u00edcil hoje em dia, por isso, estamos aqui para ajudar voc\u00ea. Conte com nossa qualidade, experi\u00eancia e profissionalismo adquirindo seu portf\u00f3lio conosco. GARANTIMOS SEU CONCEITO!<\/p>\n<h4>Como se realizam os envios?<\/h4>\n<\/div>\n<\/div>\n<div class=\"elementor-toggle-item\">\n<div id=\"elementor-tab-content-1942\" class=\"elementor-tab-content elementor-clearfix elementor-active\" role=\"tabpanel\" data-tab=\"2\" aria-labelledby=\"elementor-tab-title-1942\">O seu trabalho \u00e9 disponibilizado pronto, respondido e nas normas j\u00e1 na mesma hora aqui em nosso site na sua \u00e1rea de downloads e tamb\u00e9m no seu e-mail.<\/div>\n<\/div>\n<div class=\"elementor-toggle-item\">\n<div id=\"elementor-tab-content-1943\" class=\"elementor-tab-content elementor-clearfix elementor-active\" role=\"tabpanel\" data-tab=\"3\" aria-labelledby=\"elementor-tab-title-1943\">\n<h4>Em quanto tempo recebo o portf\u00f3lio?<\/h4>\n<\/div>\n<\/div>\n<div class=\"elementor-toggle-item\">\n<div id=\"elementor-tab-content-1944\" class=\"elementor-tab-content elementor-clearfix elementor-active\" role=\"tabpanel\" data-tab=\"4\" aria-labelledby=\"elementor-tab-title-1944\">\n<p>Os envios s\u00e3o imediatos. Ap\u00f3s sua compra, o trabalho j\u00e1 \u00e9 disponibilizado instantaneamente aqui em nosso site e no seu e-mail.<\/p>\n<h4>E se o portf\u00f3lio que comprei precisar de corre\u00e7\u00e3o?<\/h4>\n<\/div>\n<\/div>\n<div class=\"elementor-toggle-item\">\n<div id=\"elementor-tab-content-1945\" class=\"elementor-tab-content elementor-clearfix elementor-active\" role=\"tabpanel\" data-tab=\"5\" aria-labelledby=\"elementor-tab-title-1945\">\n<p>Caso haja alguma solicita\u00e7\u00e3o de corre\u00e7\u00e3o\/altera\u00e7\u00e3o por parte do tutor, basta entrar em contato conosco pelo\u00a0WhatsApp\u00a0que provid\u00eanciaremos sem custo algum.<\/p>\n<h4>Qual o formato do arquivo?<\/h4>\n<\/div>\n<\/div>\n<div class=\"elementor-toggle-item\">\n<div id=\"elementor-tab-content-1946\" class=\"elementor-tab-content elementor-clearfix elementor-active\" role=\"tabpanel\" data-tab=\"6\" aria-labelledby=\"elementor-tab-title-1946\">\n<p>Os arquivos s\u00e3o enviados em formato Word e s\u00e3o edit\u00e1veis.<\/p>\n<h4>Caso eu tiver alguma d\u00favida, terei suporte no p\u00f3s venda?<\/h4>\n<\/div>\n<\/div>\n<div class=\"elementor-toggle-item\">\n<div id=\"elementor-tab-content-1948\" class=\"elementor-tab-content elementor-clearfix elementor-active\" role=\"tabpanel\" data-tab=\"8\" aria-labelledby=\"elementor-tab-title-1948\">\n<p>Sim, com certeza. Basta clicar no \u00edcone do WhatsApp no cantinho da tela. Ser\u00e1 um prazer atend\u00ea-lo(a).<\/p>\n<div class=\"elementor-toggle-item\">\n<div id=\"elementor-tab-content-1948\" class=\"elementor-tab-content elementor-clearfix elementor-active\" role=\"tabpanel\" data-tab=\"8\" aria-labelledby=\"elementor-tab-title-1948\">\n<h4>Quais os seus canais de contato?<\/h4>\n<\/div>\n<\/div>\n<div class=\"elementor-toggle-item\">\n<div id=\"elementor-tab-content-1949\" class=\"elementor-tab-content elementor-clearfix elementor-active\" role=\"tabpanel\" data-tab=\"9\" aria-labelledby=\"elementor-tab-title-1949\">\n<p>Whatsapp: 53 984751621 \u2013 Clicar no canto da tela ou ESCANEIE O QRCODE ABAIXO<\/p>\n<p><img decoding=\"async\" class=\"alignnone wp-image-7603\" src=\"http:\/\/portifolioos-prontos.com\/wp-content\/uploads\/2022\/09\/portfolio-unopar-pronto-colaborar-ava-producao-textual-interdisciplinar.png\" alt=\"portfolio educa\u00e7\u00e3o fisica unopar,portf\u00f3lio educa\u00e7\u00e3o f\u00edsica unopar 1 semestre,portfolio de estagio educa\u00e7\u00e3o fisica unopar,portf\u00f3lio educa\u00e7\u00e3o f\u00edsica unopar,educa\u00e7\u00e3o fisica unopar,educa\u00e7\u00e3o fisica licenciatura unopar,tcc educa\u00e7\u00e3o f\u00edsica unopar,educa\u00e7\u00e3o fisica unopar mec,educa\u00e7\u00e3o fisica ead unopar valor,Desenvolver um olhar amplo das potencialidades que a educa\u00e7\u00e3o f\u00edsica pode exercer no campo do treinamento esportivo e na \u00e1rea da sa\u00fade,portfolio Desenvolver um olhar amplo das potencialidades que a educa\u00e7\u00e3o f\u00edsica pode exercer no campo do treinamento esportivo e na \u00e1rea da sa\u00fade,trabalho pronto Desenvolver um olhar amplo das potencialidades que a educa\u00e7\u00e3o f\u00edsica pode exercer no campo do treinamento esportivo e na \u00e1rea da sa\u00fade,pti Desenvolver um olhar amplo das potencialidades que a educa\u00e7\u00e3o f\u00edsica pode exercer no campo do treinamento esportivo e na \u00e1rea da sa\u00fade,ptg Desenvolver um olhar amplo das potencialidades que a educa\u00e7\u00e3o f\u00edsica pode exercer no campo do treinamento esportivo e na \u00e1rea da sa\u00fade,portfolio pronto Desenvolver um olhar amplo das potencialidades que a educa\u00e7\u00e3o f\u00edsica pode exercer no campo do treinamento esportivo e na \u00e1rea da sa\u00fade,unopar Desenvolver um olhar amplo das potencialidades que a educa\u00e7\u00e3o f\u00edsica pode exercer no campo do treinamento esportivo e na \u00e1rea da sa\u00fade,anhanguera Desenvolver um olhar amplo das potencialidades que a educa\u00e7\u00e3o f\u00edsica pode exercer no campo do treinamento esportivo e na \u00e1rea da sa\u00fade,Portfolio pronto,portifolio pronto,portf\u00f3lio pronto,portifolios prontos,portif\u00f3lios prontos,portf\u00f3lio pronto unopar,portifolio pronto unopar,portif\u00f3lio pronto unopar,portifolios prontos unopar,portifolios prontos anhanguera,portf\u00f3lios prontos anhanguera,portf\u00f3lio pronto anhanguera,portfolios ead,portf\u00f3lios ead,portfolioead,apostileiros,portf\u00f3lio ead,portifolios ead,portif\u00f3lios ead,eadhelp,shop do acad\u00eamico,unopar portfolio,portfolio pronto ead,portfolio unopar ead,ead portfolio ava,portf\u00f3lio ead anhanguera,portf\u00f3lio ead pront,o portf\u00f3lio ead unopar,portf\u00f3lio pronto em word,pti unopar,ptg unopar,modelo de portf\u00f3lio unopar,modelo de portf\u00f3lio anhanguera,como fazer um portf\u00f3lio para faculdade,como faz portf\u00f3lio universidade,como faz portf\u00f3lios para universidade,portf\u00f3lios prontos para universidade,portf\u00f3lios pronto para faculdade,portf\u00f3lio pronto para editar,portifolios prontos para editar,portf\u00f3lio em word,portfolio em word,portf\u00f3lio em word para editar,portifolio em word para editar,portfolio unopar pronto para editar,modelo de portfolio para unopar,modelo de portif\u00f3lio para unopar,modelo de portf\u00f3lio para unopar,unopar portf\u00f3lio pronto,anhanguera portf\u00f3lio pronto,portf\u00f3lio em word pronto,comprar portf\u00f3lio pronto,como fazer um portf\u00f3lio,como fazer portf\u00f3lio digital,portfolio,portf\u00f3lio,portifolio,portif\u00f3lio,portf\u00f3lio interdisciplinar individual,portfolio interdisciplinar individual,exemplos de portf\u00f3lio para faculdade,baixar portf\u00f3lio pronto,portf\u00f3lio acad\u00eamico,portf\u00f3lio online,portfoliooead,portfolio ead,portf\u00f3lio pronto interdisciplinar individual,relat\u00f3rio de est\u00e1gio unopar,relat\u00f3rio de est\u00e1gio pronto unopar,como criar um portf\u00f3lio,o que \u00e9 um portf\u00f3lio e como fazer,portfolio exemplo,modelo de portfolio acad\u00eamico,relat\u00f3rio de est\u00e1gio gest\u00e3o escolar pronto unopar,portf\u00f3lio como fazer,prova profici\u00eancia unopar,portfolio individual est\u00e1gio curricular obrigat\u00f3rio ii anos iniciais do ensino fundamental,prova de profici\u00eancia pedagogia unopar,capa de trabalho unopar para editar,portf\u00f3lio acad\u00eamico unopar,como fazer um portf\u00f3lio acad\u00eamico,portf\u00f3lio exemplos word,portfolio acad\u00eamico,portfolio individual,portfolio individual unopar,portfolio individual anhanguera,portfolio marketing digital,portf\u00f3lio gest\u00e3o educacional e espa\u00e7os n\u00e3o escolares,como fazer um portifolio unopar,modelo de portf\u00f3lio unopar em arquivo word,capa de portf\u00f3lio de pedagogia,como fazer um portf\u00f3lio no word,projeto integrado unopar,exemplo de portf\u00f3lio academico pedagogia\" width=\"141\" height=\"141\" srcset=\"https:\/\/portifolioos-prontos.com\/wp-content\/uploads\/2022\/09\/portfolio-unopar-pronto-colaborar-ava-producao-textual-interdisciplinar.png 150w, https:\/\/portifolioos-prontos.com\/wp-content\/uploads\/2022\/09\/portfolio-unopar-pronto-colaborar-ava-producao-textual-interdisciplinar-100x100.png 100w\" sizes=\"(max-width: 141px) 100vw, 141px\" \/><\/p>\n<\/div>\n<\/div>\n<\/div>\n<\/div>\n<div class=\"elementor-toggle-item\">\n<div id=\"elementor-tab-content-1949\" class=\"elementor-tab-content elementor-clearfix elementor-active\" role=\"tabpanel\" data-tab=\"9\" aria-labelledby=\"elementor-tab-title-1949\">\n<p>E-mail:portifoliosp@gmail.com<\/p>\n<\/div>\n<\/div>\n","protected":false},"excerpt":{"rendered":"<p>Portf\u00f3lio Desenvolver um olhar amplo das potencialidades que a educa\u00e7\u00e3o f\u00edsica pode exercer no campo do treinamento esportivo e na \u00e1rea da sa\u00fade Curso: Educa\u00e7\u00e3o F\u00edsica APRESENTA\u00c7\u00c3O Caro aluno(a), seja bem-vindo(a) a este semestre! O presente semestre est\u00e1 possibilitando uma significativa amplia\u00e7\u00e3o e aprofundamento de conhecimentos sobre a Educa\u00e7\u00e3o F\u00edsica e suas bases te\u00f3rico- pr\u00e1ticas&hellip;<\/p>\n","protected":false},"featured_media":5108,"template":"","meta":{"_seopress_robots_primary_cat":"none","_seopress_titles_title":"%%post_title%% %%sitetitle%%","_seopress_titles_desc":"%%post_content%%","_seopress_robots_index":""},"product_cat":[35,47,15],"product_tag":[],"class_list":{"0":"post-5002","1":"product","2":"type-product","3":"status-publish","4":"has-post-thumbnail","6":"product_cat-educacao-fisica","7":"product_cat-licenciaturas","8":"product_cat-uncategorized","10":"first","11":"instock","12":"featured","13":"downloadable","14":"virtual","15":"purchasable","16":"product-type-simple","17":"col-xs-6 col-sm-4","18":"col-mf-5","19":"un-5-cols"},"jetpack_sharing_enabled":true,"_links":{"self":[{"href":"https:\/\/portifolioos-prontos.com\/index.php\/wp-json\/wp\/v2\/product\/5002","targetHints":{"allow":["GET"]}}],"collection":[{"href":"https:\/\/portifolioos-prontos.com\/index.php\/wp-json\/wp\/v2\/product"}],"about":[{"href":"https:\/\/portifolioos-prontos.com\/index.php\/wp-json\/wp\/v2\/types\/product"}],"version-history":[{"count":0,"href":"https:\/\/portifolioos-prontos.com\/index.php\/wp-json\/wp\/v2\/product\/5002\/revisions"}],"wp:featuredmedia":[{"embeddable":true,"href":"https:\/\/portifolioos-prontos.com\/index.php\/wp-json\/wp\/v2\/media\/5108"}],"wp:attachment":[{"href":"https:\/\/portifolioos-prontos.com\/index.php\/wp-json\/wp\/v2\/media?parent=5002"}],"wp:term":[{"taxonomy":"product_cat","embeddable":true,"href":"https:\/\/portifolioos-prontos.com\/index.php\/wp-json\/wp\/v2\/product_cat?post=5002"},{"taxonomy":"product_tag","embeddable":true,"href":"https:\/\/portifolioos-prontos.com\/index.php\/wp-json\/wp\/v2\/product_tag?post=5002"}],"curies":[{"name":"wp","href":"https:\/\/api.w.org\/{rel}","templated":true}]}}