{"id":50067,"date":"2026-03-05T20:56:09","date_gmt":"2026-03-05T23:56:09","guid":{"rendered":"https:\/\/portifolioos-prontos.com\/?post_type=product&#038;p=50067"},"modified":"2026-03-06T12:36:20","modified_gmt":"2026-03-06T15:36:20","slug":"estagio-curricular-obrigatorio-iii-historia-licenciatura-ensino-medio","status":"publish","type":"product","link":"https:\/\/portifolioos-prontos.com\/index.php\/product\/estagio-curricular-obrigatorio-iii-historia-licenciatura-ensino-medio\/","title":{"rendered":"Est\u00e1gio Curricular Obrigat\u00f3rio III Hist\u00f3ria Licenciatura &#8211; Ensino m\u00e9dio"},"content":{"rendered":"<p><strong>Est\u00e1gio Curricular Obrigat\u00f3rio III Hist\u00f3ria Licenciatura &#8211; Ensino m\u00e9dio<\/strong><\/p>\n<p><strong>Carga hor\u00e1ria 150h<\/strong><\/p>\n<hr \/>\n<p data-start=\"0\" data-end=\"35\"><strong data-start=\"0\" data-end=\"35\">PLANO DE TRABALHO: ENSINO M\u00c9DIO<\/strong><\/p>\n<p data-start=\"37\" data-end=\"181\">No quadro a seguir, h\u00e1 a descri\u00e7\u00e3o do Plano de Trabalho a ser realizado pelo estudante,<br data-start=\"124\" data-end=\"127\" \/>NO ENSINO M\u00c9DIO, no componente curricular de HIST\u00d3RIA.<\/p>\n<p data-start=\"183\" data-end=\"458\">\u2022 Todas as atividades elencadas acima devem ser registradas na ficha de acompanhamento, seguindo<br data-start=\"279\" data-end=\"282\" \/>a respectiva carga hor\u00e1ria e o limite estabelecido por lei, de m\u00e1ximo 6 horas di\u00e1rias permitidas em<br data-start=\"381\" data-end=\"384\" \/>escola, para isso tais atividades poder\u00e3o ser divididas em dias distintos.<\/p>\n<p data-start=\"460\" data-end=\"617\">Aten\u00e7\u00e3o para o preenchimento da ficha de acompanhamento:<br data-start=\"516\" data-end=\"519\" \/>A ficha de acompanhamento deve corresponder \u00e0 quantidade de horas que voc\u00ea cadastrou<br data-start=\"603\" data-end=\"606\" \/>em sistema.<\/p>\n<p data-start=\"619\" data-end=\"891\">Vamos acompanhar uma situa\u00e7\u00e3o hipot\u00e9tica: Um aluno preencheu que ir\u00e1 realizar o est\u00e1gio<br data-start=\"706\" data-end=\"709\" \/>de segunda a sexta-feira, das 7h \u00e0s 13h, isso significa que ele ter\u00e1 6 horas por dia.<br data-start=\"794\" data-end=\"797\" \/>Dessa forma, seguindo o plano de trabalho, como ele deve registrar essa carga hor\u00e1ria na ficha<\/p>\n<p data-start=\"893\" data-end=\"916\">Plano de Trabalho 150 h<\/p>\n<p data-start=\"918\" data-end=\"1002\"><strong data-start=\"918\" data-end=\"934\">Atividade 1:<\/strong> Intera\u00e7\u00e3o com orientador do est\u00e1gio para informa\u00e7\u00f5es iniciais. 4h<\/p>\n<p data-start=\"1004\" data-end=\"1070\"><strong data-start=\"1004\" data-end=\"1020\">Atividade 2:<\/strong> Visita \u00e0 escola com a carta de apresenta\u00e7\u00e3o. 2h<\/p>\n<p data-start=\"1072\" data-end=\"1134\"><strong data-start=\"1072\" data-end=\"1088\">Atividade 3:<\/strong> Leitura obrigat\u00f3ria e produ\u00e7\u00e3o de texto. 8h<\/p>\n<p data-start=\"1136\" data-end=\"1239\"><strong data-start=\"1136\" data-end=\"1152\">Atividade 4:<\/strong> An\u00e1lise de materiais did\u00e1ticos da escola e produ\u00e7\u00e3o de relato baseado na an\u00e1lise. 8h<\/p>\n<p data-start=\"1241\" data-end=\"1494\"><strong data-start=\"1241\" data-end=\"1257\">Atividade 5:<\/strong> Elabora\u00e7\u00e3o de atividade utilizando recurso did\u00e1tico de apoio espec\u00edfico para a abordagem de temas contempor\u00e2neos transversais da BNCC (meio ambiente, economia, sa\u00fade, cidadania e civismo, multiculturalismo e ci\u00eancia e tecnologia). 10h<\/p>\n<p data-start=\"1496\" data-end=\"1575\"><strong data-start=\"1496\" data-end=\"1512\">Atividade 6:<\/strong> An\u00e1lise do uso da BNCC na escola e elabora\u00e7\u00e3o do relato. 10h<\/p>\n<p data-start=\"1577\" data-end=\"1747\"><strong data-start=\"1577\" data-end=\"1593\">Atividade 7:<\/strong> An\u00e1lise dos instrumentos avaliativos utilizados pelo professor da disciplina conforme respectivo est\u00e1gio e elabora\u00e7\u00e3o de texto referente \u00e0 an\u00e1lise. 10h<\/p>\n<p data-start=\"1749\" data-end=\"1934\"><strong data-start=\"1749\" data-end=\"1765\">Atividade 8:<\/strong> An\u00e1lise da atua\u00e7\u00e3o da equipe pedag\u00f3gica no acompanhamento do desenvolvimento da disciplina, conforme respectivo est\u00e1gio, e elabora\u00e7\u00e3o de texto referente \u00e0 an\u00e1lise 12h<\/p>\n<p data-start=\"1936\" data-end=\"2016\"><strong data-start=\"1936\" data-end=\"1952\">Atividade 9:<\/strong> An\u00e1lise dos Itiner\u00e1rios formativos ofertados pela escola. 10h<\/p>\n<p data-start=\"2018\" data-end=\"2111\"><strong data-start=\"2018\" data-end=\"2035\">Atividade 10:<\/strong> Observa\u00e7\u00e3o de 3 aulas em um itiner\u00e1rio formativo e produ\u00e7\u00e3o de relato 10h<\/p>\n<p data-start=\"2113\" data-end=\"2206\"><strong data-start=\"2113\" data-end=\"2130\">Atividade 11:<\/strong> Observa\u00e7\u00e3o e participa\u00e7\u00e3o em 3 aulas, conforme seu respectivo est\u00e1gio. 3h<\/p>\n<p data-start=\"2208\" data-end=\"2267\"><strong data-start=\"2208\" data-end=\"2225\">Atividade 12:<\/strong> Elabora\u00e7\u00e3o do relato da observa\u00e7\u00e3o. 10h<\/p>\n<p data-start=\"2269\" data-end=\"2404\"><strong data-start=\"2269\" data-end=\"2286\">Atividade 13:<\/strong> Elabora\u00e7\u00e3o de 3 planos de aula, sendo UM para CADA AULA, em uma mesma turma do seu est\u00e1gio. 3 aulas \u2013 3 planos. 14h<\/p>\n<p data-start=\"2406\" data-end=\"2511\"><strong data-start=\"2406\" data-end=\"2423\">Atividade 14:<\/strong> Apresenta\u00e7\u00e3o dos 3 planos de aula para o professor regente e elabora\u00e7\u00e3o do relato. 6h<\/p>\n<p data-start=\"2513\" data-end=\"2642\"><strong data-start=\"2513\" data-end=\"2530\">Atividade 15:<\/strong> Reg\u00eancia (3 aulas em UMA das turmas em que realizou as observa\u00e7\u00f5es e participa\u00e7\u00f5es), conforme seu est\u00e1gio. 3h<\/p>\n<p data-start=\"2644\" data-end=\"2700\"><strong data-start=\"2644\" data-end=\"2661\">Atividade 16:<\/strong> Elabora\u00e7\u00e3o de relato da reg\u00eancia. 8h<\/p>\n<p data-start=\"2702\" data-end=\"2759\"><strong data-start=\"2702\" data-end=\"2719\">Atividade 17:<\/strong> Produ\u00e7\u00e3o do Relat\u00f3rio de Est\u00e1gio. 20h<\/p>\n<p data-start=\"2761\" data-end=\"2818\"><strong data-start=\"2761\" data-end=\"2778\">Atividade 18:<\/strong> Valida\u00e7\u00e3o do Relat\u00f3rio do Est\u00e1gio. 2h<\/p>\n<div class=\"elementor-toggle-item\">\n<p id=\"elementor-tab-title-1941\" class=\"elementor-tab-title elementor-active\" tabindex=\"0\" role=\"tab\" data-tab=\"1\" aria-controls=\"elementor-tab-content-1941\" aria-expanded=\"true\" aria-selected=\"true\"><strong>Como funciona?<\/strong><\/p>\n<p>Elaboramos os portf\u00f3lios, j\u00e1 deixamos prontos, nas normas da ABNT e conforme os requisitos da universidade. F\u00e1cil assim! O MELHOR \u00c9 QUE VOC\u00ca COMPRA E J\u00c1 BAIXA NA HORA O SEU ARQUIVO EM WORD! Sabemos que conciliar trabalho, fam\u00edlia, vida profissional e estudos \u00e9 dif\u00edcil hoje em dia, por isso, estamos aqui para ajudar voc\u00ea. Conte com nossa qualidade, experi\u00eancia e profissionalismo adquirindo seu portf\u00f3lio conosco. GARANTIMOS SEU CONCEITO!<\/p>\n<p><strong>Como se realizam os envios?<\/strong><\/p>\n<\/div>\n<p id=\"elementor-tab-content-1942\" class=\"elementor-tab-content elementor-clearfix elementor-active\" role=\"tabpanel\" data-tab=\"2\" aria-labelledby=\"elementor-tab-title-1942\">O seu trabalho \u00e9 disponibilizado pronto, respondido e nas normas j\u00e1 na mesma hora aqui em nosso site na sua \u00e1rea de downloads e tamb\u00e9m no seu e-mail.<\/p>\n<p><strong>Em quanto tempo recebo o portf\u00f3lio?<\/strong><\/p>\n<p>Os envios s\u00e3o imediatos. Ap\u00f3s sua compra, o trabalho j\u00e1 \u00e9 disponibilizado instantaneamente aqui em nosso site e no seu e-mail.<\/p>\n<p><strong>E se o portf\u00f3lio que comprei precisar de corre\u00e7\u00e3o?<\/strong><\/p>\n<p>Caso haja alguma solicita\u00e7\u00e3o de corre\u00e7\u00e3o\/altera\u00e7\u00e3o por parte do tutor, basta entrar em contato conosco pelo\u00a0WhatsApp\u00a0que provid\u00eanciaremos sem custo algum.<\/p>\n<p><strong>Qual o formato do arquivo?<\/strong><\/p>\n<p>Os arquivos s\u00e3o enviados em formato Word e s\u00e3o edit\u00e1veis.<\/p>\n<p><strong>Caso eu tiver alguma d\u00favida, terei suporte no p\u00f3s venda?<\/strong><\/p>\n<p>Sim, com certeza. Basta clicar no \u00edcone do WhatsApp no cantinho da tela. Ser\u00e1 um prazer atend\u00ea-lo(a).<\/p>\n<div id=\"elementor-tab-content-1948\" class=\"elementor-tab-content elementor-clearfix elementor-active\" role=\"tabpanel\" data-tab=\"8\" aria-labelledby=\"elementor-tab-title-1948\">\n<p><strong>Quais os seus canais de contato?<\/strong><\/p>\n<\/div>\n<div id=\"elementor-tab-content-1949\" class=\"elementor-tab-content elementor-clearfix elementor-active\" role=\"tabpanel\" data-tab=\"9\" aria-labelledby=\"elementor-tab-title-1949\">\n<p>Whatsapp: 53 984751621 \u2013 Clicar no canto da tela ou ESCANEIE O QRCODE ABAIXO<\/p>\n<h4><img decoding=\"async\" class=\"alignnone wp-image-13699 jetpack-lazy-image jetpack-lazy-image--handled\" src=\"https:\/\/i0.wp.com\/portifolioos-prontos.com\/wp-content\/uploads\/2023\/02\/whatsapp-business-projeto-de-extensao-300x300.jpeg?resize=144%2C144\" sizes=\"(max-width: 144px) 100vw, 144px\" srcset=\"https:\/\/i0.wp.com\/portifolioos-prontos.com\/wp-content\/uploads\/2023\/02\/whatsapp-business-projeto-de-extensao.jpeg?resize=300%2C301&amp;ssl=1 300w, https:\/\/i0.wp.com\/portifolioos-prontos.com\/wp-content\/uploads\/2023\/02\/whatsapp-business-projeto-de-extensao.jpeg?resize=150%2C150&amp;ssl=1 150w, https:\/\/i0.wp.com\/portifolioos-prontos.com\/wp-content\/uploads\/2023\/02\/whatsapp-business-projeto-de-extensao.jpeg?resize=370%2C372&amp;ssl=1 370w, https:\/\/i0.wp.com\/portifolioos-prontos.com\/wp-content\/uploads\/2023\/02\/whatsapp-business-projeto-de-extensao.jpeg?resize=100%2C100&amp;ssl=1 100w, https:\/\/i0.wp.com\/portifolioos-prontos.com\/wp-content\/uploads\/2023\/02\/whatsapp-business-projeto-de-extensao.jpeg?w=470&amp;ssl=1 470w\" alt=\"projeto de extens\u00e3o unopar\" width=\"144\" height=\"144\" data-lazy-loaded=\"1\" \/><\/h4>\n<\/div>\n<div class=\"elementor-toggle-item\">\n<div id=\"elementor-tab-content-1949\" class=\"elementor-tab-content elementor-clearfix elementor-active\" role=\"tabpanel\" data-tab=\"9\" aria-labelledby=\"elementor-tab-title-1949\">\n<p>E-mail:portifoliosp@gmail.com<\/p>\n<div id=\"attachment_143\" class=\"wp-caption alignnone\">\n<div id=\"attachment_143\" class=\"wp-caption alignnone\">\n<p id=\"caption-attachment-143\" class=\"wp-caption-text\"><a href=\"http:\/\/portfolio-pronto.com\/\">Portf\u00f3lio<\/a>\u00a0em Word, respondido, completo e j\u00e1 nas normas<\/p>\n<\/div>\n<\/div>\n<\/div>\n<\/div>\n","protected":false},"excerpt":{"rendered":"<div class=\"product-short-description\"><strong>Pague pelo PIX ou cart\u00e3o e fa\u00e7a o download agora mesmo.<\/strong><\/div>\n<div><strong>Parcele em at\u00e9 12x.<\/strong><\/div>\n<div class=\"sticky-add-to-cart-wrapper\">\n<div class=\"sticky-add-to-cart\">\n<p class=\"quantity buttons_added form-flat\"><img decoding=\"async\" class=\"lazyloaded smush-image-5 smush-image-3 smush-image-4 smush-detected-img smush-image-bigger-3\" src=\"https:\/\/d26lpennugtm8s.cloudfront.net\/assets\/common\/img\/logos\/payment\/visa@2x.png\" width=\"46\" height=\"29\" data-src=\"https:\/\/d26lpennugtm8s.cloudfront.net\/assets\/common\/img\/logos\/payment\/visa@2x.png\" \/><img decoding=\"async\" class=\"lazyloaded smush-image-6 smush-image-4 smush-image-5 smush-detected-img smush-image-bigger-4\" src=\"https:\/\/d26lpennugtm8s.cloudfront.net\/assets\/common\/img\/logos\/payment\/boleto@2x.png\" width=\"43\" height=\"27\" data-src=\"https:\/\/d26lpennugtm8s.cloudfront.net\/assets\/common\/img\/logos\/payment\/boleto@2x.png\" \/><img loading=\"lazy\" decoding=\"async\" class=\"lazyloaded smush-image-7 smush-image-5 smush-image-6 smush-detected-img smush-image-bigger-5\" src=\"https:\/\/d26lpennugtm8s.cloudfront.net\/assets\/common\/img\/logos\/payment\/mastercard@2x.png\" width=\"43\" height=\"27\" data-src=\"https:\/\/d26lpennugtm8s.cloudfront.net\/assets\/common\/img\/logos\/payment\/mastercard@2x.png\" \/><img loading=\"lazy\" decoding=\"async\" class=\"lazyloaded smush-image-8 smush-image-6 smush-image-7 smush-detected-img smush-image-bigger-6\" src=\"https:\/\/d26lpennugtm8s.cloudfront.net\/assets\/common\/img\/logos\/payment\/amex@2x.png\" width=\"43\" height=\"27\" data-src=\"https:\/\/d26lpennugtm8s.cloudfront.net\/assets\/common\/img\/logos\/payment\/amex@2x.png\" \/><img loading=\"lazy\" decoding=\"async\" class=\"lazyloaded smush-image-9 smush-image-7 smush-image-8 smush-detected-img smush-image-bigger-7\" src=\"https:\/\/d26lpennugtm8s.cloudfront.net\/assets\/common\/img\/logos\/payment\/diners@2x.png\" width=\"46\" height=\"29\" data-src=\"https:\/\/d26lpennugtm8s.cloudfront.net\/assets\/common\/img\/logos\/payment\/diners@2x.png\" \/><img loading=\"lazy\" decoding=\"async\" class=\"lazyloaded smush-image-10 smush-image-8 smush-image-9 alignnone smush-detected-img smush-image-bigger-8\" src=\"https:\/\/d26lpennugtm8s.cloudfront.net\/assets\/common\/img\/logos\/payment\/br\/elo@2x.png\" alt=\"portf\u00f3lio unopar anhanguera\" width=\"45\" height=\"28\" data-src=\"https:\/\/d26lpennugtm8s.cloudfront.net\/assets\/common\/img\/logos\/payment\/br\/elo@2x.png\" \/><img loading=\"lazy\" decoding=\"async\" class=\"lazyloaded smush-image-11 smush-image-9 smush-image-10 alignnone smush-detected-img smush-image-bigger-9\" src=\"https:\/\/d26lpennugtm8s.cloudfront.net\/assets\/common\/img\/logos\/payment\/br\/hipercard@2x.png\" alt=\"portf\u00f3lio unopar anhanguera\" width=\"44\" height=\"28\" data-src=\"https:\/\/d26lpennugtm8s.cloudfront.net\/assets\/common\/img\/logos\/payment\/br\/hipercard@2x.png\" \/><img loading=\"lazy\" decoding=\"async\" class=\"lazyloaded smush-image-12 smush-image-10 smush-image-11 alignnone smush-detected-img smush-image-bigger-10\" src=\"https:\/\/d26lpennugtm8s.cloudfront.net\/assets\/common\/img\/logos\/payment\/mercadopago@2x.png\" alt=\"portf\u00f3lio unopar anhanguera\" width=\"45\" height=\"28\" data-src=\"https:\/\/d26lpennugtm8s.cloudfront.net\/assets\/common\/img\/logos\/payment\/mercadopago@2x.png\" \/><\/p>\n<\/div>\n<\/div>\n","protected":false},"featured_media":50070,"template":"","meta":{"_seopress_robots_primary_cat":"none","_seopress_titles_title":"","_seopress_titles_desc":"","_seopress_robots_index":""},"product_cat":[45],"product_tag":[],"class_list":{"0":"post-50067","1":"product","2":"type-product","3":"status-publish","4":"has-post-thumbnail","6":"product_cat-historia","8":"first","9":"instock","10":"shipping-taxable","11":"purchasable","12":"product-type-simple","13":"col-xs-6 col-sm-4","14":"col-mf-5","15":"un-5-cols"},"jetpack_sharing_enabled":true,"_links":{"self":[{"href":"https:\/\/portifolioos-prontos.com\/index.php\/wp-json\/wp\/v2\/product\/50067","targetHints":{"allow":["GET"]}}],"collection":[{"href":"https:\/\/portifolioos-prontos.com\/index.php\/wp-json\/wp\/v2\/product"}],"about":[{"href":"https:\/\/portifolioos-prontos.com\/index.php\/wp-json\/wp\/v2\/types\/product"}],"version-history":[{"count":2,"href":"https:\/\/portifolioos-prontos.com\/index.php\/wp-json\/wp\/v2\/product\/50067\/revisions"}],"predecessor-version":[{"id":50081,"href":"https:\/\/portifolioos-prontos.com\/index.php\/wp-json\/wp\/v2\/product\/50067\/revisions\/50081"}],"wp:featuredmedia":[{"embeddable":true,"href":"https:\/\/portifolioos-prontos.com\/index.php\/wp-json\/wp\/v2\/media\/50070"}],"wp:attachment":[{"href":"https:\/\/portifolioos-prontos.com\/index.php\/wp-json\/wp\/v2\/media?parent=50067"}],"wp:term":[{"taxonomy":"product_cat","embeddable":true,"href":"https:\/\/portifolioos-prontos.com\/index.php\/wp-json\/wp\/v2\/product_cat?post=50067"},{"taxonomy":"product_tag","embeddable":true,"href":"https:\/\/portifolioos-prontos.com\/index.php\/wp-json\/wp\/v2\/product_tag?post=50067"}],"curies":[{"name":"wp","href":"https:\/\/api.w.org\/{rel}","templated":true}]}}