{"id":5014,"date":"2022-07-21T13:54:17","date_gmt":"2022-07-21T16:54:17","guid":{"rendered":"https:\/\/portifolioos-prontos.com\/?post_type=product&#038;p=5014"},"modified":"2022-10-06T14:38:21","modified_gmt":"2022-10-06T17:38:21","slug":"portfolio-hospital-brasileiro","status":"publish","type":"product","link":"https:\/\/portifolioos-prontos.com\/index.php\/product\/portfolio-hospital-brasileiro\/","title":{"rendered":"Portf\u00f3lio Hospital Brasileiro"},"content":{"rendered":"<h4>Portf\u00f3lio Hospital Brasileiro<\/h4>\n<h4>Gest\u00e3o Hospitalar<\/h4>\n<h4>Semestre: 5\u00ba\/6\u00ba<\/h4>\n<p><span class=\"fontstyle0\">Hospital Brasileiro<br \/>\n<\/span><span class=\"fontstyle2\">O Hospital Brasileiro \u00e9 uma grande refer\u00eancia em sua regi\u00e3o, um hospital de porte m\u00e9dio e que atua j\u00e1 h\u00e1 27 anos. Ele \u00e9 o \u00fanico daquela localidade e est\u00e1 situado em uma pequena cidade do interior. E, devido \u00e0 dist\u00e2ncia de grandes centros, o hospital atende v\u00e1rias cidades menores e patrim\u00f4nios ali pr\u00f3ximos. Este hospital oferta v\u00e1rios tipos de tratamentos, atende a sa\u00fade da mulher, doen\u00e7as respirat\u00f3rias, al\u00e9m de possuir uma ala de triagens, consultas e exames, que oferece o respaldo b\u00e1sico \u00e0 popula\u00e7\u00e3o. Infelizmente, devido ao tempo de suas instala\u00e7\u00f5es el\u00e9tricas o hospital passou por um inc\u00eandio em sua cozinha, que tamb\u00e9m atingiu a despensa e o estoque de materiais m\u00e9dicos e medicamentos. O inc\u00eandio n\u00e3o machucou ningu\u00e9m. Contudo, alguns pacientes foram remanejados por falta de medicamentos e suporte para atendimento, pois o hospital ficou sem o estoque que alimentava as opera\u00e7\u00f5es internas e sem o espa\u00e7o, o qual foi totalmente queimado.<br \/>\nA despensa com alimentos e demais utens\u00edlios e a cozinha em si, que era utilizada pelos colaboradores e para alimentar os pacientes em interna\u00e7\u00e3o, est\u00e3o condenados e precisam ser reconstitu\u00eddos. Neste contexto \u00e9 necess\u00e1rio que o Hospital Brasileiro seja reconstru\u00eddo e volte a operar novamente com organiza\u00e7\u00e3o e atendendo aos padr\u00f5es necess\u00e1rios que possu\u00eda.<br \/>\nPerante a toda esta situa\u00e7\u00e3o descrita, o foco \u00e9 ajudarmos ao Hospital Brasileiro para que se possa dar continuidade aos atendimentos b\u00e1sicos e o Hospital possa reconstruir as \u00e1reas prejudicadas pelo inc\u00eandio.<br \/>\nEnt\u00e3o, vamos auxiliar o Hospital Brasileiro!<\/span><\/p>\n<p><span class=\"fontstyle0\">Desafios Propostos<br \/>\nAtividade 1<br \/>\n<\/span><span class=\"fontstyle2\">A situa\u00e7\u00e3o narrada acerca do inc\u00eandio no Hospital Brasileiro e da necessidade de sua reconstru\u00e7\u00e3o nos leva a pensar, num primeiro momento, sobre o direito fundamental \u00e0 sa\u00fade, assegurado constitucionalmente. O texto constitucional disp\u00f5e que:<br \/>\n<\/span><span class=\"fontstyle3\">Art. 6\u00ba S\u00e3o direitos sociais a educa\u00e7\u00e3o, a\u00a0<\/span><span class=\"fontstyle4\">sa\u00fade<\/span><span class=\"fontstyle3\">, a alimenta\u00e7\u00e3o, o trabalho, a moradia, o transporte, o lazer, a seguran\u00e7a, a previd\u00eancia social, a prote\u00e7\u00e3o \u00e0 maternidade e \u00e0 inf\u00e2ncia, a assist\u00eancia aos desamparados, na forma desta Constitui\u00e7\u00e3o.<br \/>\nArt. 196. A\u00a0<\/span><span class=\"fontstyle4\">sa\u00fade\u00a0<\/span><span class=\"fontstyle3\">\u00e9 direito de todos e dever do Estado, garantido mediante pol\u00edticas sociais e econ\u00f4micas que visem \u00e0 redu\u00e7\u00e3o do risco de doen\u00e7a e de outros agravos e ao acesso universal e igualit\u00e1rio \u00e0s a\u00e7\u00f5es e servi\u00e7os para sua promo\u00e7\u00e3o, prote\u00e7\u00e3o e recupera\u00e7\u00e3o.<br \/>\n<\/span><span class=\"fontstyle2\">O direito \u00e0 sa\u00fade faz parte da Seguridade Social que, por sua integra a Ordem Social. Esse direito faz parte da segunda dimens\u00e3o de direitos humanos fundamentais.<br \/>\nNesse sentido, sua tarefa aqui \u00e9 demonstrar a import\u00e2ncia da reconstru\u00e7\u00e3o do Hospital Brasileiro a partir da perspectiva do direito fundamental \u00e0 sa\u00fade. Para auxili\u00e1-lo (a), parta das seguintes<br \/>\nindaga\u00e7\u00f5es:<br \/>\nQuais as caracter\u00edsticas da segunda dimens\u00e3o de direitos humanos fundamentais, na qual se se insere o direito fundamental \u00e0 sa\u00fade?<br \/>\nA. O que significa dizer que a sa\u00fade \u00e9 direito de todos e dever do Estado?<br \/>\nB. Como o Estado concretiza tal direito?<br \/>\nC. Por que a reconstru\u00e7\u00e3o do Hospital Brasileiro \u00e9 imprescind\u00edvel para a concretiza\u00e7\u00e3o do direito fundamental \u00e0 sa\u00fade.<\/span><br \/>\n<span class=\"fontstyle0\">Portf\u00f3lio Hospital Brasileiro<br \/>\n<\/span><span class=\"fontstyle0\">Tecnologia em Gest\u00e3o Hospitalar<br \/>\n<\/span><span class=\"fontstyle0\">Atividade 2<br \/>\n<\/span><span class=\"fontstyle2\">De acordo com a SGA que nos foi apresentada, podemos constatar que o Hospital Brasileiro possui uma grande demanda de atendimentos tanto em fun\u00e7\u00e3o de ser um centro de refer\u00eancia regional quanto em rela\u00e7\u00e3o a v\u00e1rios outros procedimentos m\u00e9dicos.<br \/>\nNesse contexto, \u00e9 importante considerarmos que, quanto maior a demanda, maior tamb\u00e9m ser\u00e1 a complexidade que esse hospital ter\u00e1 para gerenciar sua cadeia de suprimentos.<br \/>\nMesmo que se tratando de uma institui\u00e7\u00e3o hospitalar, essa organiza\u00e7\u00e3o possui diversos fornecedores e deve primar tamb\u00e9m pela entrega de um elevado n\u00edvel de servi\u00e7o, tanto interno quanto externo e,<br \/>\ndesse modo, o eficiente gerenciamento dos estoques de medicamentos e demais insumos necess\u00e1rios \u00e0 atender a demanda interna e sua correta distribui\u00e7\u00e3o aos setores \u00e9 de fundamental import\u00e2ncia para que n\u00e3o haja falta desses insumos nem excessos que resultem na obsolesc\u00eancia do item em fun\u00e7\u00e3o da extin\u00e7\u00e3o do seu prazo de validade.<br \/>\nH\u00e1 tempos, os gestores pretendiam reestruturar as opera\u00e7\u00f5es de controle de estoques e coleta de insumos e agora, diante da necessidade de reconstru\u00e7\u00e3o do hospital, eles entendem que esse o melhor<br \/>\nmomento para implantar novos procedimentos e estrat\u00e9gias mais assertivas.<br \/>\nDesse modo, uma importante ferramenta que pode contribuir substancialmente para o gerenciamento estrat\u00e9gico dos n\u00edveis de estoques e suas respectivas movimenta\u00e7\u00f5es \u00e9 o Warehouse Management System (WMS) ou o sistema Gerenciador de Armaz\u00e9ns<a href=\"http:\/\/eadcolaborar.com\/\" target=\"_blank\" rel=\"noopener\">.<\/a><br \/>\nInicialmente idealizado apenas para a utiliza\u00e7\u00e3o em empresas industriais, essa tecnologia ganhou espa\u00e7o em outras organiza\u00e7\u00f5es a medida que se constatou a usa viabilidade e benef\u00edcios em qualquer<br \/>\noutra organiza\u00e7\u00e3o que demande trabalhar com itens estocados e que devem estar prontamente \u00e0 disposi\u00e7\u00e3o no momento em que s\u00e3o solicitados.<br \/>\nOutro fato de imprescind\u00edvel import\u00e2ncia no contexto hospitalar se refere ao transporte. Para que n\u00e3o ocorram transtornos em rela\u00e7\u00e3o ao processo de transporte dos insumos hospitalares como, \u00e0<br \/>\nt\u00edtulo de exemplo, atrasos nas entregas de medicamentos, equipamentos e demais insumos\u00a0<\/span><span class=\"fontstyle0\"><br \/>\n<\/span><span class=\"fontstyle0\">Tecnologia em Gest\u00e3o Hospitalar Portf\u00f3lio Hospital Brasileiro<br \/>\n<\/span><span class=\"fontstyle2\">considerados cr\u00edticos, o Hospital Brasileiro pretende atuar com ve\u00edculos pr\u00f3prios para a coleta e retiradas de seus materiais junto aos fornecedores a fim de reduzir os riscos que uma falha nesse tipo de opera\u00e7\u00e3o pode causar aos seus pacientes<a href=\"https:\/\/eadhelp.com\/\">.<\/a><br \/>\n\u00c9 preciso considerar que um atraso na entrega dos insumos hospitalares pode resultar para que vidas sejam perdidas em fun\u00e7\u00e3o da falta de medicamentos como, \u00e0 t\u00edtulo de exemplo, atrasos na entrega,<br \/>\nou qualquer outro material cr\u00edtico e necess\u00e1rio \u00e0 um determinado procedimento. Dessa forma, a fim de reduzir tais riscos, outra tecnologia da informa\u00e7\u00e3o aplicada \u00e0 gest\u00e3o da cadeia de suprimentos<br \/>\nbastante eficiente \u00e9 o Transport Management System (TMS) ou o Sistema Gerenciador de Transportes.<br \/>\nPortanto, a fim de contribuir para o eficiente gerenciamento do sistema de armazenagem e estocagem do Hospital Brasileiro bem como para a correta gest\u00e3o de seus procedimentos de transporte, discorra sobre as tecnologias supracitadas evidenciado suas principais aplicabilidades e quais s\u00e3o os benef\u00edcios que podem ser constatados pelo Hospital Brasileiro a partir da implanta\u00e7\u00e3o dessas ferramentas de gest\u00e3o e controle.<br \/>\n<\/span><span class=\"fontstyle0\">Atividade 3<br \/>\n<\/span><span class=\"fontstyle2\">Devido ao acidente ocorrido no Hospital Brasileiro muitos planos de sa\u00fade se descredenciaram desse estabelecimento de sa\u00fade. Diante disso, muitos clientes ficaram insatisfeitos e decidiram realizar o cancelamento e\/ou a troca da operadora do plano de sa\u00fade. Diante da troca da operadora do plano de sa\u00fade, a Ag\u00eancia Nacional de Sa\u00fade Suplementar (ANS) nos traz que h\u00e1 a possibilidade de troca de plano de sa\u00fade sem a necessidade de cumprimento de car\u00eancia ou cobertura parcial tempor\u00e1ria no plano novo por meio da portabilidade. Nesse sentido, estimule seu pensamento cr\u00edtico e reflexivo, respondendo os seguintes questionamentos:<br \/>\nA) Quais s\u00e3o os requisitos b\u00e1sicos para a mudan\u00e7a de plano sem cumprir novas car\u00eancias para<br \/>\nos servi\u00e7os de sa\u00fade?<br \/>\nB) Descreva quais s\u00e3o os tipos de portabilidade de planos de sa\u00fade.<\/span><br \/>\n<span class=\"fontstyle0\"><br \/>\n<\/span><span class=\"fontstyle0\">Tecnologia em Gest\u00e3o Hospitalar<br \/>\n<\/span><span class=\"fontstyle0\">Atividade 4<br \/>\n<\/span><span class=\"fontstyle2\">Frente as mudan\u00e7as que o hospital Brasileiro est\u00e1 vivenciando ap\u00f3s o incidente \u00e9 necess\u00e1rio que haja um novo planejamento de suas atividades e demandas. Perante este contexto de reestrutura\u00e7\u00e3o e<br \/>\nrealinhamento de estrat\u00e9gias e demandas, auxilie o Hospital Brasileiro a retomar seu planejamento responde as quest\u00f5es na sequ\u00eancia:<br \/>\na) O que \u00e9 o planejamento estrat\u00e9gico?<br \/>\nb) Quais s\u00e3o as demandas de planejamento mais urgentes para o Hospital Brasileiro se realinhar neste momento?<br \/>\nc) Como voc\u00ea v\u00ea o Hospital Brasileiro daqui a 5 anos?<br \/>\n<\/span><span class=\"fontstyle0\">Atividade 5<br \/>\n<\/span><span class=\"fontstyle2\">Considerando a necessidade de reforma da cozinha e dos ambientes de apoio do setor de nutri\u00e7\u00e3o e diet\u00e9tica \u00e9 necess\u00e1rio que a equipe de gestores do Hospital Brasileiro se atente ao planejamento<br \/>\ndesta reforma.<br \/>\nConsiderando que j\u00e1 existe a suspens\u00e3o das atividades do setor devido a ocorr\u00eancia do inc\u00eandio e que h\u00e1 recursos financeiros liberados para a realiza\u00e7\u00e3o de reformas no hospital, quais provid\u00eancias<br \/>\nvoc\u00ea, como futuro gestor hospitalar, precisar\u00e1 tomar para que as adequa\u00e7\u00f5es na estrutura f\u00edsica sejam realizadas em conformidade com a legisla\u00e7\u00e3o sanit\u00e1ria?<br \/>\n<\/span><span class=\"fontstyle0\">REFER\u00caNCIAS<br \/>\n<\/span><span class=\"fontstyle2\">ANVISA. AG\u00caNCIA NACIONAL DE VIGIL\u00c2NCIA SANIT\u00c1RIA. Resolu\u00e7\u00e3o da diretoria colegiada- RDC n\u00ba50 de 21 de fevereiro de 2002. ANVISA. 2002. Dispon\u00edvel em:\u00a0<\/span><span class=\"fontstyle2\">https:\/\/www20.anvisa.gov.br\/segurancadopaciente\/index.php\/legislacao\/item\/rdc-50-de-21-defevereiro-de-2002<\/span><span class=\"fontstyle2\">. Acesso em: 2 jul. 2022.<br \/>\nANVISA. AG\u00caNCIA NACIONAL DE VIGIL\u00c2NCIA SANIT\u00c1RIA. Resolu\u00e7\u00e3o da diretoria colegiada- RDC n\u00ba51 de 6 de outubro de 2011. ANVISA. 2011. Dispon\u00edvel em:<br \/>\n<\/span><span class=\"fontstyle2\">https:\/\/www20.anvisa.gov.br\/segurancadopaciente\/index.php\/legislacao\/item\/rdc-51-de-6-deoutubro-de-2011<\/span><span class=\"fontstyle2\">. Acesso em: 2 jul. 2022.<\/span><br \/>\n<span class=\"fontstyle0\">Tecnologia em Gest\u00e3o Hospitalar<br \/>\n<\/span><span class=\"fontstyle2\">ANVISA. AG\u00caNCIA NACIONAL DE VIGIL\u00c2NCIA SANIT\u00c1RIA. Resolu\u00e7\u00e3o da diretoria colegiada- RDC n\u00ba12 de 15 de mar\u00e7o de 2012. ANVISA. 2012. Dispon\u00edvel em:\u00a0<\/span><span class=\"fontstyle2\">https:\/\/www20.anvisa.gov.br\/segurancadopaciente\/index.php\/legislacao\/item\/rdc-15-de-15-demarco-de-2012<\/span><span class=\"fontstyle2\">. Acesso em: 20 jun. 2022.<br \/>\nBRASIL. Minist\u00e9rio da Sa\u00fade. Ag\u00eancia Nacional de Sa\u00fade Suplementar. Pl<\/span><span class=\"fontstyle0\">ano de Sa\u00fade: portabilidade de car\u00eancias.\u00a0<\/span><span class=\"fontstyle2\">Dispon\u00edvel em:<br \/>\n<\/span><span class=\"fontstyle2\">http:\/\/www.ans.gov.br\/images\/stories\/noticias\/pdf\/Cartilha_Final.pdf\u00a0<\/span><span class=\"fontstyle2\">Acesso: 02 jul. 2022.<br \/>\nCHOPRA, Sunil; MEINDL, Peter. Gest\u00e3o da Cadeia de Suprimentos. 6 ed. S\u00e3o Paulo: Pearson Prentice Hall, 2018.<br \/>\nFERREIRA, Leonardo. Gerenciamento da cadeia de suprimentos. Londrina: Editora e Distribuidora Educacional. Londrina, 2016.<br \/>\nHEADLEY, Samara da Silva; BORSATO, Fabiane Gorni.\u00a0<\/span><span class=\"fontstyle0\">Planejamento e Desenvolvimento Organizacional em Sa\u00fade.\u00a0<\/span><span class=\"fontstyle2\">Londrina: Editora e Distribuidora Educacional S.A., 2015.<br \/>\nMALLMANN, Eduarda. Direito \u00e0 sa\u00fade e a responsabilidade do Estado.\u00a0<\/span><span class=\"fontstyle0\">DireitoNet<\/span><span class=\"fontstyle2\">, 01 out. 2012.<br \/>\nDispon\u00edvel em:\u00a0<\/span><span class=\"fontstyle2\">https:\/\/www.direitonet.com.br\/artigos\/exibir\/7652\/Direito-a-saude-e-aresponsabilidade-do-Estado\u00a0<\/span><span class=\"fontstyle2\">Acesso 01 jul. 2022.<br \/>\nROMAGNOLO, Dayane Freire.\u00a0<\/span><span class=\"fontstyle0\">Gest\u00e3o de planos de sa\u00fade.\u00a0<\/span><span class=\"fontstyle2\">Londrina: Editora e Distribuidora Educacional S.A., 2017.<br \/>\nSLACK; Nigel; CHAMBERS, Stuart; JOHNSTON, Robert. Administra\u00e7\u00e3o da produ\u00e7\u00e3o. 3 ed. S\u00e3o Paulo: Atlas, 2019.<br \/>\nTELES, Filipe Ewerton Ribeiro. Direito Fundamental \u00e0 Sa\u00fade: O Sistema \u00danico de Sa\u00fade (SUS) e a<br \/>\nPerspectiva Hist\u00f3rica no Contexto de Pol\u00edticas P\u00fablicas em Defesa da Sa\u00fade P\u00fablica no Brasil.<br \/>\n<\/span><span class=\"fontstyle0\">Conte\u00fado jur\u00eddico<\/span><span class=\"fontstyle2\">, 01 set. 2020. Dispon\u00edvel em:<br \/>\n<\/span><span class=\"fontstyle2\">http:\/\/www.conteudojuridico.com.br\/consulta\/Artigos\/55159\/direito-fundamental-sade-o-sistemanico-de-sade-sus-e-a-perspectiva-histrica-no-contexto-de-polticas-pblicas-em-defesa-da-sad<\/span><\/p>\n<div class=\"elementor-toggle-item\">\n<h4 id=\"elementor-tab-title-1941\" class=\"elementor-tab-title elementor-active\" tabindex=\"0\" role=\"tab\" data-tab=\"1\" aria-controls=\"elementor-tab-content-1941\" aria-expanded=\"true\" aria-selected=\"true\">Como funciona?<\/h4>\n<div id=\"elementor-tab-content-1941\" class=\"elementor-tab-content elementor-clearfix elementor-active\" role=\"tabpanel\" data-tab=\"1\" aria-labelledby=\"elementor-tab-title-1941\">\n<p>Elaboramos os portf\u00f3lios, j\u00e1 deixamos prontos, nas normas da ABNT e conforme os requisitos da universidade. F\u00e1cil assim! O MELHOR \u00c9 QUE VOC\u00ca COMPRA E J\u00c1 BAIXA NA HORA O SEU ARQUIVO EM WORD! Sabemos que conciliar trabalho, fam\u00edlia, vida profissional e estudos \u00e9 dif\u00edcil hoje em dia, por isso, estamos aqui para ajudar voc\u00ea. Conte com nossa qualidade, experi\u00eancia e profissionalismo adquirindo seu portf\u00f3lio conosco. GARANTIMOS SEU CONCEITO!<\/p>\n<h4>Como se realizam os envios?<\/h4>\n<\/div>\n<\/div>\n<div class=\"elementor-toggle-item\">\n<div id=\"elementor-tab-content-1942\" class=\"elementor-tab-content elementor-clearfix elementor-active\" role=\"tabpanel\" data-tab=\"2\" aria-labelledby=\"elementor-tab-title-1942\">O seu trabalho \u00e9 disponibilizado pronto, respondido e nas normas j\u00e1 na mesma hora aqui em nosso site na sua \u00e1rea de downloads e tamb\u00e9m no seu e-mail.<\/div>\n<\/div>\n<div class=\"elementor-toggle-item\">\n<div id=\"elementor-tab-content-1943\" class=\"elementor-tab-content elementor-clearfix elementor-active\" role=\"tabpanel\" data-tab=\"3\" aria-labelledby=\"elementor-tab-title-1943\">\n<h4>Em quanto tempo recebo o portf\u00f3lio?<\/h4>\n<\/div>\n<\/div>\n<div class=\"elementor-toggle-item\">\n<div id=\"elementor-tab-content-1944\" class=\"elementor-tab-content elementor-clearfix elementor-active\" role=\"tabpanel\" data-tab=\"4\" aria-labelledby=\"elementor-tab-title-1944\">\n<p>Os envios s\u00e3o imediatos. Ap\u00f3s sua compra, o trabalho j\u00e1 \u00e9 disponibilizado instantaneamente aqui em nosso site e no seu e-mail.<\/p>\n<h4>E se o portf\u00f3lio que comprei precisar de corre\u00e7\u00e3o?<\/h4>\n<\/div>\n<\/div>\n<div class=\"elementor-toggle-item\">\n<div id=\"elementor-tab-content-1945\" class=\"elementor-tab-content elementor-clearfix elementor-active\" role=\"tabpanel\" data-tab=\"5\" aria-labelledby=\"elementor-tab-title-1945\">\n<p>Caso haja alguma solicita\u00e7\u00e3o de corre\u00e7\u00e3o\/altera\u00e7\u00e3o por parte do tutor, basta entrar em contato conosco pelo\u00a0WhatsApp\u00a0que provid\u00eanciaremos sem custo algum.<\/p>\n<h4>Qual o formato do arquivo?<\/h4>\n<\/div>\n<\/div>\n<div class=\"elementor-toggle-item\">\n<div id=\"elementor-tab-content-1946\" class=\"elementor-tab-content elementor-clearfix elementor-active\" role=\"tabpanel\" data-tab=\"6\" aria-labelledby=\"elementor-tab-title-1946\">\n<p>Os arquivos s\u00e3o enviados em formato Word e s\u00e3o edit\u00e1veis.<\/p>\n<h4>Caso eu tiver alguma d\u00favida, terei suporte no p\u00f3s venda?<\/h4>\n<\/div>\n<\/div>\n<div class=\"elementor-toggle-item\">\n<div id=\"elementor-tab-content-1948\" class=\"elementor-tab-content elementor-clearfix elementor-active\" role=\"tabpanel\" data-tab=\"8\" aria-labelledby=\"elementor-tab-title-1948\">\n<p>Sim, com certeza. Basta clicar no \u00edcone do WhatsApp no cantinho da tela. Ser\u00e1 um prazer atend\u00ea-lo(a).<\/p>\n<div class=\"elementor-toggle-item\">\n<div id=\"elementor-tab-content-1948\" class=\"elementor-tab-content elementor-clearfix elementor-active\" role=\"tabpanel\" data-tab=\"8\" aria-labelledby=\"elementor-tab-title-1948\">\n<h4>Quais os seus canais de contato?<\/h4>\n<\/div>\n<\/div>\n<div class=\"elementor-toggle-item\">\n<div id=\"elementor-tab-content-1949\" class=\"elementor-tab-content elementor-clearfix elementor-active\" role=\"tabpanel\" data-tab=\"9\" aria-labelledby=\"elementor-tab-title-1949\">\n<p>Whatsapp: 53 984751621 \u2013 Clicar no canto da tela ou ESCANEIE O QRCODE ABAIXO<\/p>\n<p><img decoding=\"async\" class=\"alignnone wp-image-7603\" src=\"http:\/\/portifolioos-prontos.com\/wp-content\/uploads\/2022\/09\/portfolio-unopar-pronto-colaborar-ava-producao-textual-interdisciplinar.png\" alt=\"Hospital Brasileiro,portfolio Hospital Brasileiro,portfolio unopar Hospital Brasileiro,portfolio pronto Hospital Brasileiro,portifolio unopar,portfolios prontos,portfolio ead Hospital Brasileiro,portfolio ead,pti gest\u00e3o hospitalar,ptg hest\u00e3o hospitalar,portfolio gest\u00e3o hospitalar,portfolio gest\u00e3o hospitalar Hospital Brasileiro,gest\u00e3o hospitalar Hospital Brasileiro,unopar gest\u00e3o hospitalar portfolio Hospital Brasileiro,anhanguera gest\u00e3o hospitalar,anhanguera portfolio,portf\u00f3lio gest\u00e3o hospitalar,portfolio gest\u00e3o hospitalar 1 semestre,portfolio interdisciplinar individual gest\u00e3o hospitalar,Portfolio pronto,portifolio pronto,portf\u00f3lio pronto,portifolios prontos,portif\u00f3lios prontos,portf\u00f3lio pronto unopar,portifolio pronto unopar,portif\u00f3lio pronto unopar,portifolios prontos unopar,portifolios prontos anhanguera,portf\u00f3lios prontos anhanguera,portf\u00f3lio pronto anhanguera,portfolios ead,portf\u00f3lios ead,portfolioead,apostileiros,portf\u00f3lio ead,portifolios ead,portif\u00f3lios ead,eadhelp,shop do acad\u00eamico,unopar portfolio,portfolio pronto ead,portfolio unopar ead,ead portfolio ava,portf\u00f3lio ead anhanguera,portf\u00f3lio ead pront,o portf\u00f3lio ead unopar,portf\u00f3lio pronto em word,pti unopar,ptg unopar,modelo de portf\u00f3lio unopar,modelo de portf\u00f3lio anhanguera,como fazer um portf\u00f3lio para faculdade,como faz portf\u00f3lio universidade,como faz portf\u00f3lios para universidade,portf\u00f3lios prontos para universidade,portf\u00f3lios pronto para faculdade,portf\u00f3lio pronto para editar,portifolios prontos para editar,portf\u00f3lio em word,portfolio em word,portf\u00f3lio em word para editar,portifolio em word para editar,portfolio unopar pronto para editar,modelo de portfolio para unopar,modelo de portif\u00f3lio para unopar,modelo de portf\u00f3lio para unopar,unopar portf\u00f3lio pronto,anhanguera portf\u00f3lio pronto,portf\u00f3lio em word pronto,comprar portf\u00f3lio pronto,como fazer um portf\u00f3lio,como fazer portf\u00f3lio digital,portfolio,portf\u00f3lio,portifolio,portif\u00f3lio,portf\u00f3lio interdisciplinar individual,portfolio interdisciplinar individual,exemplos de portf\u00f3lio para faculdade,baixar portf\u00f3lio pronto,portf\u00f3lio acad\u00eamico,portf\u00f3lio online,portfoliooead,portf\u00f3lio pronto interdisciplinar individual,relat\u00f3rio de est\u00e1gio unopar,relat\u00f3rio de est\u00e1gio pronto unopar,como criar um portf\u00f3lio,o que \u00e9 um portf\u00f3lio e como fazer,portfolio exemplo,modelo de portfolio acad\u00eamico,relat\u00f3rio de est\u00e1gio gest\u00e3o escolar pronto unopar,portf\u00f3lio como fazer,prova profici\u00eancia unopar,portfolio individual est\u00e1gio curricular obrigat\u00f3rio ii anos iniciais do ensino fundamental,prova de profici\u00eancia pedagogia unopar,capa de trabalho unopar para editar,portf\u00f3lio acad\u00eamico unopar,como fazer um portf\u00f3lio acad\u00eamico,portf\u00f3lio exemplos word,portfolio acad\u00eamico,portfolio individual,portfolio individual unopar,portfolio individual anhanguera,portfolio marketing digital,portf\u00f3lio educa\u00e7\u00e3o f\u00edsica unopar,portf\u00f3lio gest\u00e3o educacional e espa\u00e7os n\u00e3o escolares,como fazer um portifolio unopar,modelo de portf\u00f3lio unopar em arquivo word,capa de portf\u00f3lio de pedagogia,como fazer um portf\u00f3lio no word,projeto integrado unopar,exemplo de portf\u00f3lio academico pedagogia\" width=\"141\" height=\"141\" srcset=\"https:\/\/portifolioos-prontos.com\/wp-content\/uploads\/2022\/09\/portfolio-unopar-pronto-colaborar-ava-producao-textual-interdisciplinar.png 150w, https:\/\/portifolioos-prontos.com\/wp-content\/uploads\/2022\/09\/portfolio-unopar-pronto-colaborar-ava-producao-textual-interdisciplinar-100x100.png 100w\" sizes=\"(max-width: 141px) 100vw, 141px\" \/><\/p>\n<\/div>\n<\/div>\n<\/div>\n<\/div>\n<div class=\"elementor-toggle-item\">\n<div id=\"elementor-tab-content-1949\" class=\"elementor-tab-content elementor-clearfix elementor-active\" role=\"tabpanel\" data-tab=\"9\" aria-labelledby=\"elementor-tab-title-1949\">\n<p>E-mail:portifoliosp@gmail.com<\/p>\n<\/div>\n<\/div>\n","protected":false},"excerpt":{"rendered":"<p>Portf\u00f3lio Hospital Brasileiro Gest\u00e3o Hospitalar Semestre: 5\u00ba\/6\u00ba Hospital Brasileiro O Hospital Brasileiro \u00e9 uma grande refer\u00eancia em sua regi\u00e3o, um hospital de porte m\u00e9dio e que atua j\u00e1 h\u00e1 27 anos. Ele \u00e9 o \u00fanico daquela localidade e est\u00e1 situado em uma pequena cidade do interior. E, devido \u00e0 dist\u00e2ncia de grandes centros, o hospital&hellip;<\/p>\n","protected":false},"featured_media":5095,"template":"","meta":{"_seopress_robots_primary_cat":"none","_seopress_titles_title":"%%post_title%% %%sitetitle%%","_seopress_titles_desc":"%%post_content%%","_seopress_robots_index":""},"product_cat":[41,15],"product_tag":[],"class_list":{"0":"post-5014","1":"product","2":"type-product","3":"status-publish","4":"has-post-thumbnail","6":"product_cat-gestao-hospitalar","7":"product_cat-uncategorized","9":"first","10":"instock","11":"downloadable","12":"virtual","13":"purchasable","14":"product-type-simple","15":"col-xs-6 col-sm-4","16":"col-mf-5","17":"un-5-cols"},"jetpack_sharing_enabled":true,"_links":{"self":[{"href":"https:\/\/portifolioos-prontos.com\/index.php\/wp-json\/wp\/v2\/product\/5014","targetHints":{"allow":["GET"]}}],"collection":[{"href":"https:\/\/portifolioos-prontos.com\/index.php\/wp-json\/wp\/v2\/product"}],"about":[{"href":"https:\/\/portifolioos-prontos.com\/index.php\/wp-json\/wp\/v2\/types\/product"}],"version-history":[{"count":0,"href":"https:\/\/portifolioos-prontos.com\/index.php\/wp-json\/wp\/v2\/product\/5014\/revisions"}],"wp:featuredmedia":[{"embeddable":true,"href":"https:\/\/portifolioos-prontos.com\/index.php\/wp-json\/wp\/v2\/media\/5095"}],"wp:attachment":[{"href":"https:\/\/portifolioos-prontos.com\/index.php\/wp-json\/wp\/v2\/media?parent=5014"}],"wp:term":[{"taxonomy":"product_cat","embeddable":true,"href":"https:\/\/portifolioos-prontos.com\/index.php\/wp-json\/wp\/v2\/product_cat?post=5014"},{"taxonomy":"product_tag","embeddable":true,"href":"https:\/\/portifolioos-prontos.com\/index.php\/wp-json\/wp\/v2\/product_tag?post=5014"}],"curies":[{"name":"wp","href":"https:\/\/api.w.org\/{rel}","templated":true}]}}