{"id":5017,"date":"2022-07-21T13:56:01","date_gmt":"2022-07-21T16:56:01","guid":{"rendered":"https:\/\/portifolioos-prontos.com\/?post_type=product&#038;p=5017"},"modified":"2022-10-06T14:38:16","modified_gmt":"2022-10-06T17:38:16","slug":"portfolio-manejo-do-solo-para-cultivo-de-goiaba","status":"publish","type":"product","link":"https:\/\/portifolioos-prontos.com\/index.php\/product\/portfolio-manejo-do-solo-para-cultivo-de-goiaba\/","title":{"rendered":"Portf\u00f3lio Manejo do solo para cultivo de Goiaba"},"content":{"rendered":"<h4>Portf\u00f3lio Manejo do solo para cultivo de Goiaba<\/h4>\n<h4>Agronomia 4\u00ba semestre<\/h4>\n<p><span class=\"fontstyle0\">Situa\u00e7\u00e3o geradora de aprendizagem (SGA)<br \/>\n\u201cManejo do solo para cultivo de Goiaba\u201d<br \/>\n<\/span><span class=\"fontstyle2\">Sebasti\u00e3o Medeiros recentemente adquiriu uma propriedade de 100 ha. O produtor precisa identificar as condi\u00e7\u00f5es da \u00e1rea e a possibilidade de uso dela para a agricultura. A ideia inicial \u00e9 utilizar a \u00e1rea para cultivo de goiaba.<br \/>\nImagine que para ajud\u00e1-lo nesse processo, Sebasti\u00e3o contratou voc\u00ea, como Agr\u00f4nomo, para identificar as caracter\u00edsticas da \u00e1rea, a aptid\u00e3o dela para a agricultura e as caracter\u00edsticas das plantas que deseja cultivar. A regi\u00e3o onde a propriedade est\u00e1 localizada possui clima tropical, ou seja, as chuvas s\u00e3o presentes com frequ\u00eancia e o clima \u00e9 bastante quente. A vegeta\u00e7\u00e3o \u00e9 densa e a atividade biol\u00f3gica tamb\u00e9m.<br \/>\nA goiabeira (<\/span><span class=\"fontstyle3\">Psidium guajava\u00a0<\/span><span class=\"fontstyle2\">L.) \u00e9 nativa da Am\u00e9rica do Sul, de onde foi levada, pelos navegantes europeus, para as col\u00f4nias africanas e asi\u00e1ticas, tendo se espalhado para todas as regi\u00f5es tropicais. No Brasil, a goiabeira possui ampla distribui\u00e7\u00e3o geogr\u00e1fica e o cultivo \u00e9 mais significativo nas regi\u00f5es Sudeste (S\u00e3o Paulo) e Nordeste (Pernambuco), mas pode ser encontrado em \u00e1reas significativas na regi\u00e3o Sul.<br \/>\nConsiderando o contexto apresentado e com base dos conhecimentos adquiridos ao longo desse semestre, responda aos questionamentos apontados pelos professores.<br \/>\nEssas indaga\u00e7\u00f5es e reflex\u00f5es fazem parte da proposta desta atividade, que associados aos\u202fseus conhecimentos preliminares,\u202fdar\u00e3o base para resolu\u00e7\u00e3o da presente produ\u00e7\u00e3o textual.\u202f<\/span><\/p>\n<p><span class=\"fontstyle2\"><br \/>\n<\/span><span class=\"fontstyle0\">ORIENTA\u00c7\u00d5ES PARA A EXECU\u00c7\u00c3O DO TRABALHO<\/span><\/p>\n<p><strong><span class=\"fontstyle4\">\u2022\u00a0<\/span><\/strong><span class=\"fontstyle0\"><strong>Inform\u00e1tica Aplicada<\/strong><\/span><\/p>\n<p><span class=\"fontstyle2\">O Brasil \u00e9 o terceiro maior produtor de goiaba do mundo, com uma produ\u00e7\u00e3o de mais de 500mil<br \/>\ntoneladas da fruta. A tabela abaixo traz dados do IBGE sobre a produ\u00e7\u00e3o e a \u00e1rea destinada \u00e0 colheita<br \/>\nde Goiaba no Brasil:<\/span><\/p>\n<p><span class=\"fontstyle0\">Com base nos dados da tabela anterior e utilizando o Software Excel, produza o que se pede:<br \/>\n1. Crie um gr\u00e1fico de colunas para representar a quantidade de goiaba produzida por ano no Brasil.<br \/>\n2. Crie um gr\u00e1fico de linhas para representar a \u00e1rea destinada \u00e0 colheita por ano no Brasil.<br \/>\n3. Crie um gr\u00e1fico de 2 eixos combinando os valores de quantidade produzida e \u00e1rea destinada \u00e0 colheita em um mesmo gr\u00e1fico.<\/span><\/p>\n<p><strong><span class=\"fontstyle0\">\u2022\u00a0<\/span><\/strong><span class=\"fontstyle2\"><strong>Ci\u00eancia do Solo: Morfologia e G\u00eanes<\/strong>e<\/span><\/p>\n<p><span class=\"fontstyle3\">Ao planejarmos a implanta\u00e7\u00e3o de uma nova cultura devemos considerar os diferentes fatores que ir\u00e3o afetar o sucesso do empreendimento. Em alguns casos os fatores adversos poder\u00e3o ser contornados com o manejo adequado, como \u00e9 o caso da fertilidade do solo, entretanto, h\u00e1 fatores que s\u00e3o limitantes para o desenvolvimento de uma determinada atividade e, quando ignorados, podem provocar o insucesso da atividade, como exemplo podemos citar os fatores clim\u00e1ticos (pluviosidade, temperatura etc.). Dessa forma, o planejamento do uso do solo deve ser subsidiado\u00a0<span class=\"fontstyle0\">por uma investiga\u00e7\u00e3o mais detalhada das condi\u00e7\u00f5es ambientais locais. Sabendo que o solo \u00e9 um dos principais fatores que afetam o desenvolvimento e a produtividade das culturas agr\u00edcolas e, ainda, considerando que o produtor em quest\u00e3o deseja implantar uma cultura perene, pergunta-se:<br \/>\n1- Que caracter\u00edsticas morfol\u00f3gicas do solo dever\u00e3o ser observadas e investigadas para se avaliar se o local \u00e9 adequado para o plantio de goiabeiras?<br \/>\n2- Quais caracter\u00edsticas morfol\u00f3gicas do solo s\u00e3o limitantes para o desenvolvimento de uma cultura perene como a goiabeira?<br \/>\n3- Quais caracter\u00edsticas morfol\u00f3gicas do solo s\u00e3o desejadas para o cultivo de uma cultura perene como a goiabeira?<\/span><\/span><\/p>\n<p><span class=\"fontstyle3\"><strong><span class=\"fontstyle2\">\u2022\u00a0<\/span>Ci\u00eancia do Solo: Fertilidade do Solo e Nutri\u00e7\u00e3o Mineral das Plantas<\/strong><\/span><\/p>\n<p><span class=\"fontstyle3\"><span class=\"fontstyle0\">De uma maneira geral, a amostragem e an\u00e1lise qu\u00edmica do solo s\u00e3o etapas iniciais que influem na produtividade das culturas. Assim, falhas na coleta das amostras do solo geram erros, que n\u00e3o podem ser corrigidos pela an\u00e1lise do solo. Portanto, deve-se ter todo o cuidado para que as amostras sejam representativas das \u00e1reas a serem cultivadas. Para tanto, alguns crit\u00e9rios t\u00e9cnicos devem ser adotados.<br \/>\nResponda:<br \/>\n1- Indique os crit\u00e9rios observados na coleta das amostras para realizar a an\u00e1lise qu\u00edmica e f\u00edsica do solo.<br \/>\n2- A corre\u00e7\u00e3o da acidez do solo, atrav\u00e9s da calagem, \u00e9 o primeiro passo para se obter altas produtividades, uma vez que as ra\u00edzes n\u00e3o se desenvolvem adequadamente em solos muito \u00e1cidos.<br \/>\nA escolha do corretivo vai depender dos resultados da an\u00e1lise do solo. Escreva sobre como deve ser realizado, a campo, a aplica\u00e7\u00e3o dos corretivos do solo.<br \/>\n3- Na goiabeira, podemos verificar que s\u00e3o sugeridas as aduba\u00e7\u00f5es de plantio, de forma\u00e7\u00e3o e de produ\u00e7\u00e3o. Sabendo que a aduba\u00e7\u00e3o de plantio, pode ser realizada na cova, indique como devem ser realizadas as aduba\u00e7\u00f5es de forma\u00e7\u00e3o e produ\u00e7\u00e3o para a cultura da goiabeira.<\/span>\u00a0<\/span><\/p>\n<p><strong><span class=\"fontstyle0\">\u2022\u00a0<\/span><span class=\"fontstyle2\">Topografia e Georreferenciamento<\/span><\/strong><\/p>\n<p><span class=\"fontstyle3\">Diante do desafio do manejo de uma determinada regi\u00e3o para o cultivo de goiaba, um dos fatores a se analisar \u00e9 a declividade do terreno dispon\u00edvel para plantio. Neste sentido a topografia do terreno \u00e9 um aspecto muito importante nesta etapa, por exemplo, uma regi\u00e3o de topografia suave pode facilmente suportar v\u00e1rias culturas; enquanto uma regi\u00e3o de topografia muito acidentada pode ser recomendada prosseguir com o terraceamento.<br \/>\nEssa decis\u00e3o envolve v\u00e1rios fatores al\u00e9m da cultura a ser ali cultivada, muitas vezes a decis\u00e3o de promover um terraceamento pode ser influenciada pelo uso de maquin\u00e1rio agr\u00edcola ou como medida protetiva contra eros\u00e3o e rupturas dos taludes.<br \/>\nNeste cen\u00e1rio, voc\u00ea e sua equipe foram convidados a apresentar um parecer t\u00e9cnico sobre a quest\u00e3o do plantio de goiaba em determinada regi\u00e3o, representada pela figura abaixo.<\/span><\/p>\n<p><span class=\"fontstyle3\"><br \/>\nFigura 1 \u2013 Planialtimetria da regi\u00e3o consultada na prefeitura e imagens de sat\u00e9lite<\/span><\/p>\n<p><img fetchpriority=\"high\" decoding=\"async\" class=\"alignnone size-medium wp-image-2295\" src=\"https:\/\/eadhelp.com\/wp-content\/uploads\/2022\/07\/Manejo-do-solo-para-cultivo-de-Goiaba-397x400.png\" sizes=\"(max-width: 397px) 100vw, 397px\" srcset=\"https:\/\/eadhelp.com\/wp-content\/uploads\/2022\/07\/Manejo-do-solo-para-cultivo-de-Goiaba-397x400.png 397w, https:\/\/eadhelp.com\/wp-content\/uploads\/2022\/07\/Manejo-do-solo-para-cultivo-de-Goiaba-794x800.png 794w, https:\/\/eadhelp.com\/wp-content\/uploads\/2022\/07\/Manejo-do-solo-para-cultivo-de-Goiaba-768x774.png 768w, https:\/\/eadhelp.com\/wp-content\/uploads\/2022\/07\/Manejo-do-solo-para-cultivo-de-Goiaba-600x605.png 600w, https:\/\/eadhelp.com\/wp-content\/uploads\/2022\/07\/Manejo-do-solo-para-cultivo-de-Goiaba-100x100.png 100w, https:\/\/eadhelp.com\/wp-content\/uploads\/2022\/07\/Manejo-do-solo-para-cultivo-de-Goiaba.png 1116w\" alt=\"Portf\u00f3lio Manejo do solo para cultivo de Goiaba\" width=\"397\" height=\"400\" \/><\/p>\n<p><span class=\"fontstyle0\">Fonte: Adaptado de Prefeitura Municipal de Londrina; google maps; do autor.<\/span><\/p>\n<p><span class=\"fontstyle0\">Com base neste cen\u00e1rio e em seus conhecimentos, pede-se:<br \/>\na) Qual dos segmentos \u00e9 a regi\u00e3o de topografia mais suave? Qual dos segmentos tem a regi\u00e3o de topografia mais acidentada?<br \/>\nConsidere que fora feito um levantamento altim\u00e9trico, para representa\u00e7\u00e3o do perfil do terreno em um pequeno trecho de interesse, os dados deste levantamento est\u00e3o registrados na tabela abaixo.<\/span><\/p>\n<p><span class=\"fontstyle0\">Figura 2 \u2013 Levantamento Altim\u00e9trico executado in loco de trecho te interesse.<\/span><\/p>\n<p><span class=\"fontstyle0\"><a href=\"https:\/\/eadcolaborar.com\/agronomia\" target=\"_blank\" rel=\"noopener\"><img decoding=\"async\" class=\"alignnone size-full wp-image-2296\" src=\"https:\/\/eadhelp.com\/wp-content\/uploads\/2022\/07\/Portfolio-agronomia-unopar-eadhelp.png\" alt=\"Portf\u00f3lio Manejo do solo para cultivo de Goiaba\" width=\"549\" height=\"249\" \/><\/a><br \/>\nb) Qual a maior diferen\u00e7a de n\u00edvel com rela\u00e7\u00e3o aos pontos levantados?<br \/>\nc) Sabendo as dist\u00e2ncias dos pontos, calcule a maior e a menor inclina\u00e7\u00e3o (geralmente em m\u00f3dulo e %).<br \/>\nd) Com base nas declividades previamente calculadas, decida quanto \u00e0 necessidade do uso da t\u00e9cnica de terraceamento.<\/span><\/p>\n<p><strong><span class=\"fontstyle0\"><br \/>\n<\/span><span class=\"fontstyle2\">\u2022\u00a0<\/span><\/strong><span class=\"fontstyle3\"><strong>Morfologia e Sistem\u00e1tica Vegetal<\/strong><\/span><\/p>\n<p><span class=\"fontstyle3\"><br \/>\n<\/span><span class=\"fontstyle0\">A nomenclatura bot\u00e2nica \u00e9 direcionada pelo C\u00f3digo Internacional de Nomenclatura Bot\u00e2nica (CINB), o qual \u00e9 constitu\u00eddo por orienta\u00e7\u00f5es e regras que s\u00e3o atualizados a cada quatro anos no Congresso Internacional de Bot\u00e2nico. Definir regras para a nomenclatura cient\u00edfica evita problemas com as varia\u00e7\u00f5es regionais, al\u00e9m de contribuir para o processo de classifica\u00e7\u00e3o e taxonomia biol\u00f3gica.<br \/>\nDo ponto de vista cient\u00edfico, a goiabeira possui o nome cient\u00edfico\u00a0<\/span><span class=\"fontstyle4\">Psidium guajava\u00a0<\/span><span class=\"fontstyle3\">L.\u00a0<\/span><span class=\"fontstyle0\">e est\u00e1 classificada dentro de categorias definidas de acordo com suas caracter\u00edsticas Morfol\u00f3gicas e Sistem\u00e1ticas.<br \/>\nSendo assim, escreva sobre os seguintes pontos:<br \/>\n1. Preencha a tabela a seguir com as informa\u00e7\u00f5es referentes as caracter\u00edsticas taxon\u00f4micas do Eucalipto:<\/span><\/p>\n<p><a href=\"https:\/\/eadhelp.com\/agronomia\"><img decoding=\"async\" class=\"alignnone wp-image-2297\" src=\"https:\/\/eadhelp.com\/wp-content\/uploads\/2022\/07\/Agonomia-4-semestre-650x400.png\" sizes=\"(max-width: 505px) 100vw, 505px\" srcset=\"https:\/\/eadhelp.com\/wp-content\/uploads\/2022\/07\/Agonomia-4-semestre-650x400.png 650w, https:\/\/eadhelp.com\/wp-content\/uploads\/2022\/07\/Agonomia-4-semestre-600x369.png 600w, https:\/\/eadhelp.com\/wp-content\/uploads\/2022\/07\/Agonomia-4-semestre.png 761w\" alt=\"Portf\u00f3lio Manejo do solo para cultivo de Goiaba\" width=\"505\" height=\"311\" \/><\/a><\/p>\n<p><strong><span class=\"fontstyle0\">2. Quais as caracter\u00edsticas das plantas pertencentes a mesma fam\u00edlia da goiabeira?<\/span><\/strong><\/p>\n<p><span class=\"fontstyle0\"><br \/>\n<\/span><span class=\"fontstyle2\">Sugest\u00f5es de bibliografia<br \/>\n<\/span><span class=\"fontstyle0\">BARBOSA, F.R.; LIMA, M.F.\u00a0<\/span><span class=\"fontstyle2\">A cultura da Goiaba.\u00a0<\/span><span class=\"fontstyle0\">2 ed. Bras\u00edlia, DF: Embrapa Informa\u00e7\u00e3o Tecnol\u00f3gica, 2010.<br \/>\nLORENZI, H.\u00a0<\/span><span class=\"fontstyle2\">\u00c1rvores brasileiras: manual de identifica\u00e7\u00e3o e cultivo de plantas arb\u00f3reas nativas do Brasil.\u00a0<\/span><span class=\"fontstyle0\">5. ed. Nova Odessa: Instituto Plantarum, 2008. v. 1, p. 309.<br \/>\nNATALE, W.; PRADO, R. M.; ROZANE, D. E.; ROMUALDO, L. M. Efeitos da calagem na fertilidade do solo e na nutri\u00e7\u00e3o e produtividade da goiabeira.\u00a0<\/span><span class=\"fontstyle2\">Revista Brasileira de Ci\u00eancia do Solo<\/span><span class=\"fontstyle0\">, Vi\u00e7osa, v. 31,n. 6, p. 1475-1485, 2007.<br \/>\nPRADO, R. M.; NATALE, W. Calagem na nutri\u00e7\u00e3o de c\u00e1lcio e no desenvolvimento do sistema radicular da goiabeira.\u00a0<\/span><span class=\"fontstyle2\">Pesquisa Agropecu\u00e1ria Brasileira<\/span><span class=\"fontstyle0\">, Bras\u00edlia, DF, v. 39, n. 10, p. 1007- 1012, 2004.<br \/>\nTEIXEIRA, A. H. de C.; GONZAGA NETO, L.; MOURA, M. S. B. de.\u00a0<\/span><span class=\"fontstyle2\">Condi\u00e7\u00f5es de clima e solo.\u00a0<\/span><span class=\"fontstyle0\">In: GONZAGA NETO, L. (Ed.). Goiaba: produ\u00e7\u00e3o. Petrolina: Embrapa Semi-\u00c1rido, 2001. p. 24-27. (Frutas do Brasil, 17).<\/span><\/p>\n<div class=\"elementor-toggle-item\">\n<h4 id=\"elementor-tab-title-1941\" class=\"elementor-tab-title elementor-active\" tabindex=\"0\" role=\"tab\" data-tab=\"1\" aria-controls=\"elementor-tab-content-1941\" aria-expanded=\"true\" aria-selected=\"true\">Como funciona?<\/h4>\n<div id=\"elementor-tab-content-1941\" class=\"elementor-tab-content elementor-clearfix elementor-active\" role=\"tabpanel\" data-tab=\"1\" aria-labelledby=\"elementor-tab-title-1941\">\n<p>Elaboramos os portf\u00f3lios, j\u00e1 deixamos prontos, nas normas da ABNT e conforme os requisitos da universidade. F\u00e1cil assim! O MELHOR \u00c9 QUE VOC\u00ca COMPRA E J\u00c1 BAIXA NA HORA O SEU ARQUIVO EM WORD! Sabemos que conciliar trabalho, fam\u00edlia, vida profissional e estudos \u00e9 dif\u00edcil hoje em dia, por isso, estamos aqui para ajudar voc\u00ea. Conte com nossa qualidade, experi\u00eancia e profissionalismo adquirindo seu portf\u00f3lio conosco. GARANTIMOS SEU CONCEITO!<\/p>\n<h4><strong>Como se realizam os envios?<\/strong><\/h4>\n<\/div>\n<\/div>\n<div class=\"elementor-toggle-item\">\n<div id=\"elementor-tab-content-1942\" class=\"elementor-tab-content elementor-clearfix elementor-active\" role=\"tabpanel\" data-tab=\"2\" aria-labelledby=\"elementor-tab-title-1942\">O seu trabalho \u00e9 disponibilizado pronto, respondido e nas normas j\u00e1 na mesma hora aqui em nosso site na sua \u00e1rea de downloads e tamb\u00e9m no seu e-mail.<\/div>\n<\/div>\n<div class=\"elementor-toggle-item\">\n<div id=\"elementor-tab-content-1943\" class=\"elementor-tab-content elementor-clearfix elementor-active\" role=\"tabpanel\" data-tab=\"3\" aria-labelledby=\"elementor-tab-title-1943\">\n<h4><strong>Em quanto tempo recebo o portf\u00f3lio?<\/strong><\/h4>\n<\/div>\n<\/div>\n<div class=\"elementor-toggle-item\">\n<div id=\"elementor-tab-content-1944\" class=\"elementor-tab-content elementor-clearfix elementor-active\" role=\"tabpanel\" data-tab=\"4\" aria-labelledby=\"elementor-tab-title-1944\">\n<p>Os envios s\u00e3o imediatos. Ap\u00f3s sua compra, o trabalho j\u00e1 \u00e9 disponibilizado instantaneamente aqui em nosso site e no seu e-mail.<\/p>\n<h4><strong>E se o portf\u00f3lio que comprei precisar de corre\u00e7\u00e3o?<\/strong><\/h4>\n<\/div>\n<\/div>\n<div class=\"elementor-toggle-item\">\n<div id=\"elementor-tab-content-1945\" class=\"elementor-tab-content elementor-clearfix elementor-active\" role=\"tabpanel\" data-tab=\"5\" aria-labelledby=\"elementor-tab-title-1945\">\n<p>Caso haja alguma solicita\u00e7\u00e3o de corre\u00e7\u00e3o\/altera\u00e7\u00e3o por parte do tutor, basta entrar em contato conosco pelo\u00a0WhatsApp\u00a0que provid\u00eanciaremos sem custo algum.<\/p>\n<h4><strong>Qual o formato do arquivo?<\/strong><\/h4>\n<\/div>\n<\/div>\n<div class=\"elementor-toggle-item\">\n<div id=\"elementor-tab-content-1946\" class=\"elementor-tab-content elementor-clearfix elementor-active\" role=\"tabpanel\" data-tab=\"6\" aria-labelledby=\"elementor-tab-title-1946\">\n<p>Os arquivos s\u00e3o enviados em formato Word e s\u00e3o edit\u00e1veis.<\/p>\n<h4><strong>Caso eu tiver alguma d\u00favida, terei suporte no p\u00f3s venda?<\/strong><\/h4>\n<\/div>\n<\/div>\n<div class=\"elementor-toggle-item\">\n<div id=\"elementor-tab-content-1948\" class=\"elementor-tab-content elementor-clearfix elementor-active\" role=\"tabpanel\" data-tab=\"8\" aria-labelledby=\"elementor-tab-title-1948\">\n<p>Sim, com certeza. Basta clicar no \u00edcone do WhatsApp no cantinho da tela. Ser\u00e1 um prazer atend\u00ea-lo(a).<\/p>\n<div class=\"elementor-toggle-item\">\n<div id=\"elementor-tab-content-1948\" class=\"elementor-tab-content elementor-clearfix elementor-active\" role=\"tabpanel\" data-tab=\"8\" aria-labelledby=\"elementor-tab-title-1948\">\n<h4>Quais os seus canais de contato?<\/h4>\n<\/div>\n<\/div>\n<div class=\"elementor-toggle-item\">\n<div id=\"elementor-tab-content-1949\" class=\"elementor-tab-content elementor-clearfix elementor-active\" role=\"tabpanel\" data-tab=\"9\" aria-labelledby=\"elementor-tab-title-1949\">\n<p>Whatsapp: 53 984751621 \u2013 Clicar no canto da tela ou ESCANEIE O QRCODE ABAIXO<\/p>\n<p><img loading=\"lazy\" decoding=\"async\" class=\"alignnone wp-image-7603\" src=\"http:\/\/portifolioos-prontos.com\/wp-content\/uploads\/2022\/09\/portfolio-unopar-pronto-colaborar-ava-producao-textual-interdisciplinar.png\" alt=\"Manejo do solo para cultivo de Goiaba,portfolio Manejo do solo para cultivo de Goiaba,portfolio agronomia unopar,portfolio agronomia Manejo do solo para cultivo de Goiaba,ptg Manejo do solo para cultivo de Goiaba,pti agronomia,ptg agronomia,pti Manejo do solo para cultivo de Goiaba,portfolio pronto Manejo do solo para cultivo de Goiaba,portfolio ead Manejo do solo para cultivo de Goiaba,portfolio unopar Manejo do solo para cultivo de Goiaba,portfolio anhanguera Manejo do solo para cultivo de Goiaba,anhanguera pti,anhanguera ptg Manejo do solo para cultivo de Goiaba,agronomia Manejo do solo para cultivo de Goiaba,agronomia anhanguera anhanguera Manejo do solo para cultivo de Goiaba,unopar Manejo do solo para cultivo de Goiaba,fazer portfolio unopar,fazer trabalho unopar Manejo do solo para cultivo de Goiaba,Portfolio pronto,portifolio pronto,portf\u00f3lio pronto,portifolios prontos,portif\u00f3lios prontos,portf\u00f3lio pronto unopar,portifolio pronto unopar,portif\u00f3lio pronto unopar,portifolios prontos unopar,portifolios prontos anhanguera,portf\u00f3lios prontos anhanguera,portf\u00f3lio pronto anhanguera,portfolios ead,portf\u00f3lios ead,portfolioead,apostileiros,portf\u00f3lio ead,portifolios ead,portif\u00f3lios ead,eadhelp,shop do acad\u00eamico,unopar portfolio,portfolio pronto ead,portfolio unopar ead,ead portfolio ava,portf\u00f3lio ead anhanguera,portf\u00f3lio ead pront,o portf\u00f3lio ead unopar,portf\u00f3lio pronto em word,pti unopar,ptg unopar,modelo de portf\u00f3lio unopar,modelo de portf\u00f3lio anhanguera,como fazer um portf\u00f3lio para faculdade,como faz portf\u00f3lio universidade,como faz portf\u00f3lios para universidade,portf\u00f3lios prontos para universidade,portf\u00f3lios pronto para faculdade,portf\u00f3lio pronto para editar,portifolios prontos para editar,portf\u00f3lio em word,portfolio em word,portf\u00f3lio em word para editar,portifolio em word para editar,portfolio unopar pronto para editar,modelo de portfolio para unopar,modelo de portif\u00f3lio para unopar,modelo de portf\u00f3lio para unopar,unopar portf\u00f3lio pronto,anhanguera portf\u00f3lio pronto,portf\u00f3lio em word pronto,comprar portf\u00f3lio pronto,como fazer um portf\u00f3lio,como fazer portf\u00f3lio digital,portfolio,portf\u00f3lio,portifolio,portif\u00f3lio,portf\u00f3lio interdisciplinar individual,portfolio interdisciplinar individual,exemplos de portf\u00f3lio para faculdade,baixar portf\u00f3lio pronto,portf\u00f3lio acad\u00eamico,portf\u00f3lio online,portfoliooead,portfolio ead,portf\u00f3lio pronto interdisciplinar individual,relat\u00f3rio de est\u00e1gio unopar,relat\u00f3rio de est\u00e1gio pronto unopar,como criar um portf\u00f3lio,o que \u00e9 um portf\u00f3lio e como fazer,portfolio exemplo,modelo de portfolio acad\u00eamico,relat\u00f3rio de est\u00e1gio gest\u00e3o escolar pronto unopar,portf\u00f3lio como fazer,prova profici\u00eancia unopar,portfolio individual est\u00e1gio curricular obrigat\u00f3rio ii anos iniciais do ensino fundamental,prova de profici\u00eancia pedagogia unopar,capa de trabalho unopar para editar,portf\u00f3lio acad\u00eamico unopar,como fazer um portf\u00f3lio acad\u00eamico,portf\u00f3lio exemplos word,portfolio acad\u00eamico,portfolio individual,portfolio individual unopar,portfolio individual anhanguera,portfolio marketing digital,portf\u00f3lio educa\u00e7\u00e3o f\u00edsica unopar,portf\u00f3lio gest\u00e3o educacional e espa\u00e7os n\u00e3o escolares,como fazer um portifolio unopar,modelo de portf\u00f3lio unopar em arquivo word,capa de portf\u00f3lio de pedagogia,como fazer um portf\u00f3lio no word,projeto integrado unopar,exemplo de portf\u00f3lio academico pedagogia\" width=\"141\" height=\"141\" srcset=\"https:\/\/portifolioos-prontos.com\/wp-content\/uploads\/2022\/09\/portfolio-unopar-pronto-colaborar-ava-producao-textual-interdisciplinar.png 150w, https:\/\/portifolioos-prontos.com\/wp-content\/uploads\/2022\/09\/portfolio-unopar-pronto-colaborar-ava-producao-textual-interdisciplinar-100x100.png 100w\" sizes=\"(max-width: 141px) 100vw, 141px\" \/><\/p>\n<\/div>\n<\/div>\n<\/div>\n<\/div>\n<div class=\"elementor-toggle-item\">\n<div id=\"elementor-tab-content-1949\" class=\"elementor-tab-content elementor-clearfix elementor-active\" role=\"tabpanel\" data-tab=\"9\" aria-labelledby=\"elementor-tab-title-1949\">\n<p>E-mail:portifoliosp@gmail.com<\/p>\n<\/div>\n<\/div>\n","protected":false},"excerpt":{"rendered":"<p>Portf\u00f3lio Manejo do solo para cultivo de Goiaba Agronomia 4\u00ba semestre Situa\u00e7\u00e3o geradora de aprendizagem (SGA) \u201cManejo do solo para cultivo de Goiaba\u201d Sebasti\u00e3o Medeiros recentemente adquiriu uma propriedade de 100 ha. O produtor precisa identificar as condi\u00e7\u00f5es da \u00e1rea e a possibilidade de uso dela para a agricultura. A ideia inicial \u00e9 utilizar a&hellip;<\/p>\n","protected":false},"featured_media":5091,"template":"","meta":{"_seopress_robots_primary_cat":"none","_seopress_titles_title":"%%post_title%% %%sitetitle%%","_seopress_titles_desc":"%%post_content%%","_seopress_robots_index":""},"product_cat":[29,15],"product_tag":[],"class_list":{"0":"post-5017","1":"product","2":"type-product","3":"status-publish","4":"has-post-thumbnail","6":"product_cat-agronomia","7":"product_cat-uncategorized","9":"first","10":"instock","11":"featured","12":"downloadable","13":"virtual","14":"purchasable","15":"product-type-simple","16":"col-xs-6 col-sm-4","17":"col-mf-5","18":"un-5-cols"},"jetpack_sharing_enabled":true,"_links":{"self":[{"href":"https:\/\/portifolioos-prontos.com\/index.php\/wp-json\/wp\/v2\/product\/5017","targetHints":{"allow":["GET"]}}],"collection":[{"href":"https:\/\/portifolioos-prontos.com\/index.php\/wp-json\/wp\/v2\/product"}],"about":[{"href":"https:\/\/portifolioos-prontos.com\/index.php\/wp-json\/wp\/v2\/types\/product"}],"version-history":[{"count":0,"href":"https:\/\/portifolioos-prontos.com\/index.php\/wp-json\/wp\/v2\/product\/5017\/revisions"}],"wp:featuredmedia":[{"embeddable":true,"href":"https:\/\/portifolioos-prontos.com\/index.php\/wp-json\/wp\/v2\/media\/5091"}],"wp:attachment":[{"href":"https:\/\/portifolioos-prontos.com\/index.php\/wp-json\/wp\/v2\/media?parent=5017"}],"wp:term":[{"taxonomy":"product_cat","embeddable":true,"href":"https:\/\/portifolioos-prontos.com\/index.php\/wp-json\/wp\/v2\/product_cat?post=5017"},{"taxonomy":"product_tag","embeddable":true,"href":"https:\/\/portifolioos-prontos.com\/index.php\/wp-json\/wp\/v2\/product_tag?post=5017"}],"curies":[{"name":"wp","href":"https:\/\/api.w.org\/{rel}","templated":true}]}}