{"id":50298,"date":"2026-03-10T20:27:54","date_gmt":"2026-03-10T23:27:54","guid":{"rendered":"https:\/\/portifolioos-prontos.com\/?post_type=product&#038;p=50298"},"modified":"2026-03-10T20:29:05","modified_gmt":"2026-03-10T23:29:05","slug":"aula-pratica-fisica-geral-e-experimental-energia","status":"publish","type":"product","link":"https:\/\/portifolioos-prontos.com\/index.php\/product\/aula-pratica-fisica-geral-e-experimental-energia\/","title":{"rendered":"Aula Pr\u00e1tica F\u00edsica Geral e Experimental Energia &#8211; Aula: A2_PRINC\u00cdPIO_DE_ARQUIMEDES"},"content":{"rendered":"<p><strong>Aula Pr\u00e1tica F\u00edsica Geral e Experimental Energia<\/strong><\/p>\n<hr \/>\n<p><strong>NOME DA DISCIPLINA:<\/strong> F\u00edsica Geral e Experimental Energia<\/p>\n<p><strong>Unidade:<\/strong> U3_MEC\u00c2NICA_DOS_FLUIDOS<\/p>\n<p><strong>Aula:<\/strong> A2_PRINC\u00cdPIO_DE_ARQUIMEDES<\/p>\n<hr \/>\n<p><strong>OBJETIVOS<\/strong><\/p>\n<p>Defini\u00e7\u00e3o dos objetivos da aula pr\u00e1tica:<\/p>\n<p>Esse experimento explora o princ\u00edpio de Arquimedes, onde \u00e9 poss\u00edvel observar o efeito da for\u00e7a de empuxo atuante em um corpo quando submerso em um fluido em equil\u00edbrio. Dessa forma, com o desenvolvimento do experimento ser\u00e1 poss\u00edvel:<\/p>\n<p>\u2022 reconhecer a presen\u00e7a do empuxo em fun\u00e7\u00e3o da aparente diminui\u00e7\u00e3o da for\u00e7a peso de um corpo submerso num l\u00edquido;<\/p>\n<p>\u2022 determinar o valor do empuxo atuante em um corpo submerso na \u00e1gua;<\/p>\n<p>\u2022 verificar que o valor modular do empuxo \u00e9 igual ao peso do fluido deslocado pelo corpo submerso.<\/p>\n<hr \/>\n<p><strong>SOLU\u00c7\u00c3O DIGITAL<\/strong><\/p>\n<p>Algetec \u2013 Laborat\u00f3rio Virtual Algetec<br \/>\nSimulador: \u201cHidrost\u00e1tica\u201d.<\/p>\n<p>O laborat\u00f3rio virtual \u00e9 uma plataforma para simula\u00e7\u00e3o de procedimentos em laborat\u00f3rio e deve ser acessado preferencialmente por computador.<\/p>\n<hr \/>\n<p><strong>PROCEDIMENTOS PR\u00c1TICOS E APLICA\u00c7\u00d5ES<\/strong><\/p>\n<p><strong>Procedimento\/Atividade n\u00ba 1<\/strong><\/p>\n<p><strong>Nome do experimento:<\/strong> HIDROST\u00c1TICA<\/p>\n<p><strong>Atividade proposta:<\/strong><\/p>\n<p>Identificar o efeito do empuxo sobre um cilindro submerso em \u00e1gua e calcular o volume do fluido deslocado pelo cilindro, relacionando os dados obtidos com a for\u00e7a de empuxo.<\/p>\n<hr \/>\n<p><strong>Procedimentos para a realiza\u00e7\u00e3o da atividade<\/strong><\/p>\n<p>Em seu AVA, voc\u00ea ir\u00e1 encontrar o link do experimento HIDROST\u00c1TICA, que ser\u00e1 desenvolvido na plataforma VirtuaLab da Algetec. A partir do acesso, seguem os procedimentos a serem realizados no laborat\u00f3rio virtual para o desenvolvimento da atividade.<\/p>\n<p>Ao abrir a tela inicial, clique em <strong>\u201cModo experimento\u201d<\/strong>.<\/p>\n<p>Ir\u00e1 abrir uma tela com orienta\u00e7\u00f5es sobre a utiliza\u00e7\u00e3o do mouse. Leia atentamente e clique em <strong>fechar<\/strong>.<\/p>\n<p>Feito isso, ir\u00e1 abrir a tela inicial do experimento.<\/p>\n<hr \/>\n<p>O primeiro passo do experimento consiste em verificar o peso do cilindro.<\/p>\n<p>Para isso, coloque o cilindro na mesa. Para executar esse movimento, acesse a c\u00e2mera <strong>\u201cDinam\u00f4metro\u201d<\/strong> e, em seguida, clique sobre o cilindro com o bot\u00e3o direito do mouse e selecione a op\u00e7\u00e3o <strong>\u201cColocar na mesa\u201d<\/strong>.<\/p>\n<p>Calibre o dinam\u00f4metro, clicando sobre ele com o bot\u00e3o direito do mouse e selecionando <strong>\u201cCalibrar dinam\u00f4metro\u201d<\/strong>.<\/p>\n<p>Observe que o dinam\u00f4metro agora est\u00e1 na posi\u00e7\u00e3o zero.<\/p>\n<hr \/>\n<p>Posicione o cilindro embaixo do recipiente transparente.<\/p>\n<p>Para isso, altere o modo de visualiza\u00e7\u00e3o para <strong>\u201cBancada\u201d<\/strong>, clique sobre o cilindro com o bot\u00e3o direito do mouse e selecione a op\u00e7\u00e3o <strong>\u201cColocar embaixo do recipiente\u201d<\/strong>.<\/p>\n<p>Verifique o peso do cilindro atrav\u00e9s da escala do dinam\u00f4metro.<\/p>\n<hr \/>\n<p>O pr\u00f3ximo passo consiste em colocar o cilindro no b\u00e9quer.<\/p>\n<p>Para que seja poss\u00edvel posicionar o b\u00e9quer embaixo do dinam\u00f4metro, \u00e9 necess\u00e1rio levantar o dinam\u00f4metro antes. Para isso, clique com o bot\u00e3o direito sobre o instrumento e selecione <strong>\u201cLevantar dinam\u00f4metro\u201d<\/strong>.<\/p>\n<p>Posicione o b\u00e9quer embaixo do dinam\u00f4metro, clicando com o bot\u00e3o direito do mouse sobre ele e selecionando a op\u00e7\u00e3o <strong>\u201cColocar embaixo do dinam\u00f4metro\u201d<\/strong>.<\/p>\n<p>Retorne o dinam\u00f4metro para a posi\u00e7\u00e3o inicial clicando com o bot\u00e3o direito do mouse e selecionando a op\u00e7\u00e3o <strong>\u201cDescer dinam\u00f4metro\u201d<\/strong>.<\/p>\n<p>Perceba que o cilindro agora est\u00e1 imerso na \u00e1gua. Verifique o valor indicado na escala do dinam\u00f4metro.<\/p>\n<hr \/>\n<p>Nesse momento, devemos preencher o recipiente com \u00e1gua.<\/p>\n<p>Com o aux\u00edlio da pisseta, preencha totalmente o recipiente transparente com \u00e1gua. Para isso, clique com o bot\u00e3o direito do mouse sobre a pisseta e selecione a op\u00e7\u00e3o <strong>\u201cEncher cilindro\u201d<\/strong>.<\/p>\n<p>Para despejar a \u00e1gua, basta clicar sobre a pisseta com o bot\u00e3o esquerdo do mouse.<\/p>\n<p>Retorne a pisseta para a mesa, clicando com o bot\u00e3o direito do mouse e selecionando a op\u00e7\u00e3o <strong>\u201cRetornar \u00e0 mesa\u201d<\/strong>.<\/p>\n<p>Verifique o valor indicado na escala do dinam\u00f4metro.<\/p>\n<hr \/>\n<p>Agora ser\u00e1 necess\u00e1rio desmontar o experimento.<\/p>\n<p>Levante o dinam\u00f4metro clicando com o bot\u00e3o direito do mouse e selecionando a op\u00e7\u00e3o <strong>\u201cLevantando dinam\u00f4metro\u201d<\/strong>.<\/p>\n<p>Retorne o b\u00e9quer para a mesa clicando com o bot\u00e3o direito do mouse e selecionando a op\u00e7\u00e3o <strong>\u201cPosicionar na mesa\u201d<\/strong>.<\/p>\n<p>Des\u00e7a o dinam\u00f4metro clicando com o bot\u00e3o direito do mouse e selecionando a op\u00e7\u00e3o <strong>\u201cDescer dinam\u00f4metro\u201d<\/strong>.<\/p>\n<p>Coloque o cilindro de Arquimedes na mesa clicando com o bot\u00e3o direito do mouse e selecionando a op\u00e7\u00e3o <strong>\u201cColocar na mesa\u201d<\/strong>.<\/p>\n<p>Esvazie o recipiente transparente clicando com o bot\u00e3o direito do mouse sobre ele e selecionando a op\u00e7\u00e3o <strong>\u201cEsvaziar recipiente\u201d<\/strong>.<\/p>\n<hr \/>\n<p><strong>AVALIANDO OS RESULTADOS<\/strong><\/p>\n<p>Com os dados obtidos e calculados, responda os questionamentos a seguir.<\/p>\n<ol>\n<li>Explique a aparente diminui\u00e7\u00e3o ocorrida no peso do cilindro ao ser imerso na \u00e1gua.<\/li>\n<li>Por que, ao preencher o recipiente com \u00e1gua, o peso marcado pelo dinam\u00f4metro retorna exatamente ao valor do cilindro quando n\u00e3o estava imerso na \u00e1gua?<\/li>\n<li>Determine o m\u00f3dulo da for\u00e7a que provocou a aparente diminui\u00e7\u00e3o sofrida pelo peso do corpo, denominada empuxo <strong>E<\/strong>.<\/li>\n<\/ol>\n<p>E = PCFL \u2212 PACDL<\/p>\n<p>E = _____ N<\/p>\n<p>Onde:<\/p>\n<p>PACDL = Peso aparente do corpo dentro do l\u00edquido.<\/p>\n<p>PCFL = Peso aparente do corpo fora do l\u00edquido.<\/p>\n<ol start=\"4\">\n<li>Explique o motivo pelo qual usamos a express\u00e3o <strong>\u201caparente diminui\u00e7\u00e3o sofrida pelo peso do corpo\u201d<\/strong> e n\u00e3o <strong>\u201cdiminui\u00e7\u00e3o do peso do corpo\u201d<\/strong>.<\/li>\n<\/ol>\n<hr \/>\n<p><strong>CHECKLIST<\/strong><\/p>\n<p>\u2713 Acessar seu AVA<\/p>\n<p>\u2713 Clicar no link do experimento HIDROST\u00c1TICA<\/p>\n<p>\u2713 Verificar o peso do cilindro<\/p>\n<p>\u2713 Colocar o cilindro no b\u00e9quer<\/p>\n<p>\u2713 Preencher o recipiente com \u00e1gua<\/p>\n<p>\u2713 Desmontar o experimento<\/p>\n<p>\u2713 Avaliar os resultados<\/p>\n<hr \/>\n<p><strong>RESULTADOS<\/strong><\/p>\n<p><strong>Resultados do experimento<\/strong><\/p>\n<p>Ao final dessa aula pr\u00e1tica, voc\u00ea dever\u00e1 enviar um arquivo em Word contendo as informa\u00e7\u00f5es obtidas no experimento, os c\u00e1lculos realizados, em conjunto com um texto conclusivo a respeito das informa\u00e7\u00f5es obtidas.<\/p>\n<p>O arquivo n\u00e3o pode exceder o tamanho de <strong>2Mb<\/strong>.<\/p>\n<p>Acrescente as <strong>refer\u00eancias bibliogr\u00e1ficas<\/strong>, quando houver, segundo as <strong>normas da ABNT<\/strong>.<\/p>\n<hr \/>\n<p><strong>Resultados de Aprendizagem<\/strong><\/p>\n<p>Como resultados dessa pr\u00e1tica ser\u00e1 poss\u00edvel reconhecer a presen\u00e7a do empuxo em fun\u00e7\u00e3o da aparente diminui\u00e7\u00e3o da for\u00e7a peso de um corpo submerso num l\u00edquido, determinando a for\u00e7a de empuxo atuante.<\/p>\n<div class=\"elementor-toggle-item\">\n<p id=\"elementor-tab-title-1941\" class=\"elementor-tab-title elementor-active\" tabindex=\"0\" role=\"tab\" data-tab=\"1\" aria-controls=\"elementor-tab-content-1941\" aria-expanded=\"true\" aria-selected=\"true\"><strong>Como funciona?<\/strong><\/p>\n<p>Elaboramos os portf\u00f3lios, j\u00e1 deixamos prontos, nas normas da ABNT e conforme os requisitos da universidade. F\u00e1cil assim! O MELHOR \u00c9 QUE VOC\u00ca COMPRA E J\u00c1 BAIXA NA HORA O SEU ARQUIVO EM WORD! Sabemos que conciliar trabalho, fam\u00edlia, vida profissional e estudos \u00e9 dif\u00edcil hoje em dia, por isso, estamos aqui para ajudar voc\u00ea. Conte com nossa qualidade, experi\u00eancia e profissionalismo adquirindo seu portf\u00f3lio conosco. GARANTIMOS SEU CONCEITO!<\/p>\n<p><strong>Como se realizam os envios?<\/strong><\/p>\n<\/div>\n<p id=\"elementor-tab-content-1942\" class=\"elementor-tab-content elementor-clearfix elementor-active\" role=\"tabpanel\" data-tab=\"2\" aria-labelledby=\"elementor-tab-title-1942\">O seu trabalho \u00e9 disponibilizado pronto, respondido e nas normas j\u00e1 na mesma hora aqui em nosso site na sua \u00e1rea de downloads e tamb\u00e9m no seu e-mail.<\/p>\n<p><strong>Em quanto tempo recebo o portf\u00f3lio?<\/strong><\/p>\n<p>Os envios s\u00e3o imediatos. Ap\u00f3s sua compra, o trabalho j\u00e1 \u00e9 disponibilizado instantaneamente aqui em nosso site e no seu e-mail.<\/p>\n<p><strong>E se o portf\u00f3lio que comprei precisar de corre\u00e7\u00e3o?<\/strong><\/p>\n<p>Caso haja alguma solicita\u00e7\u00e3o de corre\u00e7\u00e3o\/altera\u00e7\u00e3o por parte do tutor, basta entrar em contato conosco pelo\u00a0WhatsApp\u00a0que provid\u00eanciaremos sem custo algum.<\/p>\n<p><strong>Qual o formato do arquivo?<\/strong><\/p>\n<p>Os arquivos s\u00e3o enviados em formato Word e s\u00e3o edit\u00e1veis.<\/p>\n<p><strong>Caso eu tiver alguma d\u00favida, terei suporte no p\u00f3s venda?<\/strong><\/p>\n<p>Sim, com certeza. Basta clicar no \u00edcone do WhatsApp no cantinho da tela. Ser\u00e1 um prazer atend\u00ea-lo(a).<\/p>\n<div id=\"elementor-tab-content-1948\" class=\"elementor-tab-content elementor-clearfix elementor-active\" role=\"tabpanel\" data-tab=\"8\" aria-labelledby=\"elementor-tab-title-1948\">\n<p><strong>Quais os seus canais de contato?<\/strong><\/p>\n<\/div>\n<div id=\"elementor-tab-content-1949\" class=\"elementor-tab-content elementor-clearfix elementor-active\" role=\"tabpanel\" data-tab=\"9\" aria-labelledby=\"elementor-tab-title-1949\">\n<p>Whatsapp: 53 984751621 \u2013 Clicar no canto da tela ou ESCANEIE O QRCODE ABAIXO<\/p>\n<h4><img decoding=\"async\" class=\"alignnone wp-image-13699 jetpack-lazy-image jetpack-lazy-image--handled\" src=\"https:\/\/i0.wp.com\/portifolioos-prontos.com\/wp-content\/uploads\/2023\/02\/whatsapp-business-projeto-de-extensao-300x300.jpeg?resize=144%2C144\" sizes=\"(max-width: 144px) 100vw, 144px\" srcset=\"https:\/\/i0.wp.com\/portifolioos-prontos.com\/wp-content\/uploads\/2023\/02\/whatsapp-business-projeto-de-extensao.jpeg?resize=300%2C301&amp;ssl=1 300w, https:\/\/i0.wp.com\/portifolioos-prontos.com\/wp-content\/uploads\/2023\/02\/whatsapp-business-projeto-de-extensao.jpeg?resize=150%2C150&amp;ssl=1 150w, https:\/\/i0.wp.com\/portifolioos-prontos.com\/wp-content\/uploads\/2023\/02\/whatsapp-business-projeto-de-extensao.jpeg?resize=370%2C372&amp;ssl=1 370w, https:\/\/i0.wp.com\/portifolioos-prontos.com\/wp-content\/uploads\/2023\/02\/whatsapp-business-projeto-de-extensao.jpeg?resize=100%2C100&amp;ssl=1 100w, https:\/\/i0.wp.com\/portifolioos-prontos.com\/wp-content\/uploads\/2023\/02\/whatsapp-business-projeto-de-extensao.jpeg?w=470&amp;ssl=1 470w\" alt=\"projeto de extens\u00e3o unopar\" width=\"144\" height=\"144\" data-lazy-loaded=\"1\" \/><\/h4>\n<\/div>\n<div class=\"elementor-toggle-item\">\n<div id=\"elementor-tab-content-1949\" class=\"elementor-tab-content elementor-clearfix elementor-active\" role=\"tabpanel\" data-tab=\"9\" aria-labelledby=\"elementor-tab-title-1949\">\n<p>E-mail:portifoliosp@gmail.com<\/p>\n<div id=\"attachment_143\" class=\"wp-caption alignnone\">\n<div id=\"attachment_143\" class=\"wp-caption alignnone\">\n<p id=\"caption-attachment-143\" class=\"wp-caption-text\"><a href=\"http:\/\/portfolio-pronto.com\/\">Portf\u00f3lio<\/a>\u00a0em Word, respondido, completo e j\u00e1 nas normas<\/p>\n<\/div>\n<\/div>\n<\/div>\n<\/div>\n","protected":false},"excerpt":{"rendered":"<p>Aula Pr\u00e1tica F\u00edsica Geral e Experimental Energia NOME DA DISCIPLINA: F\u00edsica Geral e Experimental Energia Unidade: U3_MEC\u00c2NICA_DOS_FLUIDOS Aula: A2_PRINC\u00cdPIO_DE_ARQUIMEDES OBJETIVOS Defini\u00e7\u00e3o dos objetivos da aula pr\u00e1tica: Esse experimento explora o princ\u00edpio de Arquimedes, onde \u00e9 poss\u00edvel observar o efeito da for\u00e7a de empuxo atuante em um corpo quando submerso em um fluido em equil\u00edbrio. Dessa&hellip;<\/p>\n","protected":false},"featured_media":50301,"template":"","meta":{"_seopress_robots_primary_cat":"none","_seopress_titles_title":"","_seopress_titles_desc":"","_seopress_robots_index":""},"product_cat":[15],"product_tag":[],"class_list":{"0":"post-50298","1":"product","2":"type-product","3":"status-publish","4":"has-post-thumbnail","6":"product_cat-uncategorized","8":"first","9":"instock","10":"shipping-taxable","11":"purchasable","12":"product-type-simple","13":"col-xs-6 col-sm-4","14":"col-mf-5","15":"un-5-cols"},"jetpack_sharing_enabled":true,"_links":{"self":[{"href":"https:\/\/portifolioos-prontos.com\/index.php\/wp-json\/wp\/v2\/product\/50298","targetHints":{"allow":["GET"]}}],"collection":[{"href":"https:\/\/portifolioos-prontos.com\/index.php\/wp-json\/wp\/v2\/product"}],"about":[{"href":"https:\/\/portifolioos-prontos.com\/index.php\/wp-json\/wp\/v2\/types\/product"}],"version-history":[{"count":3,"href":"https:\/\/portifolioos-prontos.com\/index.php\/wp-json\/wp\/v2\/product\/50298\/revisions"}],"predecessor-version":[{"id":50304,"href":"https:\/\/portifolioos-prontos.com\/index.php\/wp-json\/wp\/v2\/product\/50298\/revisions\/50304"}],"wp:featuredmedia":[{"embeddable":true,"href":"https:\/\/portifolioos-prontos.com\/index.php\/wp-json\/wp\/v2\/media\/50301"}],"wp:attachment":[{"href":"https:\/\/portifolioos-prontos.com\/index.php\/wp-json\/wp\/v2\/media?parent=50298"}],"wp:term":[{"taxonomy":"product_cat","embeddable":true,"href":"https:\/\/portifolioos-prontos.com\/index.php\/wp-json\/wp\/v2\/product_cat?post=50298"},{"taxonomy":"product_tag","embeddable":true,"href":"https:\/\/portifolioos-prontos.com\/index.php\/wp-json\/wp\/v2\/product_tag?post=50298"}],"curies":[{"name":"wp","href":"https:\/\/api.w.org\/{rel}","templated":true}]}}