{"id":50305,"date":"2026-03-10T20:31:11","date_gmt":"2026-03-10T23:31:11","guid":{"rendered":"https:\/\/portifolioos-prontos.com\/?post_type=product&#038;p=50305"},"modified":"2026-03-10T20:31:13","modified_gmt":"2026-03-10T23:31:13","slug":"aula-pratica-fisica-geral-e-experimental-energia-a3_calorimetria","status":"publish","type":"product","link":"https:\/\/portifolioos-prontos.com\/index.php\/product\/aula-pratica-fisica-geral-e-experimental-energia-a3_calorimetria\/","title":{"rendered":"Aula Pr\u00e1tica F\u00edsica Geral e Experimental Energia &#8211; A3_CALORIMETRIA"},"content":{"rendered":"<p><strong>Aula Pr\u00e1tica F\u00edsica Geral e Experimental Energia<\/strong><\/p>\n<hr \/>\n<p>&nbsp;<\/p>\n<p><strong>NOME DA DISCIPLINA:<\/strong> F\u00edsica Geral e Experimental Energia<\/p>\n<p><strong>Unidade:<\/strong> U4_TEMPERATURA_E_CALOR<\/p>\n<p><strong>Aula:<\/strong> A3_CALORIMETRIA<\/p>\n<hr \/>\n<p><strong>OBJETIVOS<\/strong><\/p>\n<p>Defini\u00e7\u00e3o dos objetivos da aula pr\u00e1tica:<\/p>\n<p>O objetivo da aula pr\u00e1tica consiste descrever os fen\u00f4menos causados pelo aquecimento de um corpo, determinando o calor espec\u00edfico e capacidade t\u00e9rmica.<\/p>\n<hr \/>\n<p><strong>SOLU\u00c7\u00c3O DIGITAL<\/strong><\/p>\n<p>Algetec \u2013 Laborat\u00f3rio Virtual Algetec<br \/>\nSimulador: \u201cCalorimetria\u201d.<\/p>\n<p>O laborat\u00f3rio virtual \u00e9 uma plataforma para simula\u00e7\u00e3o de procedimentos em laborat\u00f3rio e deve ser acessado preferencialmente por computador.<\/p>\n<hr \/>\n<p><strong>PROCEDIMENTOS PR\u00c1TICOS E APLICA\u00c7\u00d5ES<\/strong><\/p>\n<p><strong>Procedimento\/Atividade n\u00ba 1<\/strong><\/p>\n<p><strong>Nome do experimento:<\/strong> CALORIMETRIA<\/p>\n<p><strong>Atividade proposta:<\/strong><\/p>\n<p>Compreender os fen\u00f4menos decorrentes da troca de energia t\u00e9rmica entre os corpos, calculando a capacidade t\u00e9rmica de um calor\u00edmetro e, posteriormente, utilizar este dado para determinar o calor espec\u00edfico de diversas subst\u00e2ncias.<\/p>\n<hr \/>\n<p><strong>Procedimentos para a realiza\u00e7\u00e3o da atividade<\/strong><\/p>\n<p>Em seu AVA, voc\u00ea ir\u00e1 encontrar o link do experimento CALORIMETRIA, que ser\u00e1 desenvolvido na plataforma VirtuaLab da Algetec. A partir do acesso, seguem os procedimentos a serem realizados no laborat\u00f3rio virtual para o desenvolvimento da atividade.<\/p>\n<p>Ao clicar no link do experimento, uma tela explicativa sobre o uso do mouse ir\u00e1 aparecer. Leia com aten\u00e7\u00e3o e feche-a.<\/p>\n<p>Feito isso, a tela inicial do experimento ir\u00e1 aparecer.<\/p>\n<p>O experimento \u00e9 composto por duas partes. Na primeira etapa, temos por objetivo determinar a capacidade t\u00e9rmica de um calor\u00edmetro. Para isso, vamos iniciar o experimento considerando as quest\u00f5es de seguran\u00e7a.<\/p>\n<hr \/>\n<p>Visualize o arm\u00e1rio de EPIs clicando com o bot\u00e3o esquerdo do mouse na c\u00e2mera com o nome <strong>\u201cEPI\u201d<\/strong> localizada dentro do painel de visualiza\u00e7\u00e3o no canto superior esquerdo da tela. Se preferir, tamb\u00e9m pode ser utilizado o atalho do teclado <strong>\u201cAlt+4\u201d<\/strong>.<\/p>\n<p>Abra o arm\u00e1rio de EPIs clicando com o bot\u00e3o esquerdo do mouse sobre as portas.<\/p>\n<p>Selecione os EPIs necess\u00e1rios ao experimento clicando com o bot\u00e3o direito do mouse sobre o EPI desejado e selecionando a op\u00e7\u00e3o <strong>\u201cUsar este item\u201d<\/strong>. Nesse experimento, \u00e9 obrigat\u00f3rio o uso de <strong>jaleco e \u00f3culos<\/strong>.<\/p>\n<p>Feche o arm\u00e1rio de EPIs clicando com o bot\u00e3o esquerdo do mouse sobre as portas.<\/p>\n<hr \/>\n<p>Visualize a bancada clicando com o bot\u00e3o esquerdo do mouse na c\u00e2mera com o nome <strong>\u201cBancada\u201d<\/strong> ou atrav\u00e9s do atalho do teclado <strong>\u201cAlt+1\u201d<\/strong>.<\/p>\n<p>Com os EPI\u2019s, vamos iniciar o experimento tarando a balan\u00e7a. Assim, posicione o b\u00e9quer na balan\u00e7a clicando com o bot\u00e3o direito do mouse sobre o b\u00e9quer e selecione a op\u00e7\u00e3o <strong>\u201cColocar na balan\u00e7a\u201d<\/strong>.<\/p>\n<p>Visualize a balan\u00e7a clicando com o bot\u00e3o esquerdo do mouse na c\u00e2mera com o nome <strong>\u201cBalan\u00e7a\u201d<\/strong> ou atrav\u00e9s do atalho do teclado <strong>\u201cAlt+5\u201d<\/strong>.<\/p>\n<p>Ligue a balan\u00e7a clicando com bot\u00e3o esquerdo do mouse sobre o bot\u00e3o <strong>\u201cPower\u201d<\/strong>.<\/p>\n<p>Observe se a balan\u00e7a ligou.<\/p>\n<p>Tare a balan\u00e7a para desprezar a massa do b\u00e9quer clicando com o bot\u00e3o esquerdo do mouse sobre o bot\u00e3o <strong>\u201cTARA\u201d<\/strong>.<\/p>\n<p>Observe que a balan\u00e7a foi zerada ap\u00f3s a tara.<\/p>\n<p>Retorne o b\u00e9quer para a bancada clicando com o bot\u00e3o direito do mouse sobre o b\u00e9quer e selecione a op\u00e7\u00e3o <strong>\u201cColocar na mesa\u201d<\/strong>.<\/p>\n<hr \/>\n<p>Visualize a bancada clicando com o bot\u00e3o esquerdo do mouse na c\u00e2mera com o nome <strong>\u201cBancada\u201d<\/strong> ou atrav\u00e9s do atalho do teclado <strong>\u201cAlt+1\u201d<\/strong>.<\/p>\n<p>Agora, ser\u00e1 necess\u00e1rio colocar \u00e1gua no b\u00e9quer. Para isso, transfira <strong>100 mL de \u00e1gua<\/strong> para o b\u00e9quer clicando com o bot\u00e3o direito do mouse na pisseta com \u00e1gua indicada e selecione a op\u00e7\u00e3o <strong>\u201cDespejar no b\u00e9quer\u201d<\/strong>.<\/p>\n<p>Pressione a pisseta para inserir \u00e1gua no b\u00e9quer clicando com o bot\u00e3o esquerdo do mouse sobre ela e observe a quantidade de \u00e1gua adicionada pela escala que aparece ao canto da tela.<\/p>\n<p>Retorne a pisseta para a bancada clicando com o bot\u00e3o direito do mouse sobre a pisseta e selecione a op\u00e7\u00e3o <strong>\u201cColocar na mesa\u201d<\/strong>.<\/p>\n<hr \/>\n<p>Feito isso, vamos medir a massa da \u00e1gua. Assim, coloque o b\u00e9quer j\u00e1 com a \u00e1gua sobre a balan\u00e7a clicando com o bot\u00e3o direito do mouse sobre o b\u00e9quer e selecione a op\u00e7\u00e3o <strong>\u201cColocar na balan\u00e7a\u201d<\/strong>.<\/p>\n<p>Visualize a balan\u00e7a clicando com o bot\u00e3o esquerdo do mouse na c\u00e2mera com o nome <strong>\u201cBalan\u00e7a\u201d<\/strong> ou atrav\u00e9s do atalho do teclado <strong>\u201cAlt+5\u201d<\/strong>.<\/p>\n<p>Observe e anote o valor da massa exibido pela balan\u00e7a.<\/p>\n<p>Retire o b\u00e9quer da balan\u00e7a clicando com o bot\u00e3o direito do mouse no b\u00e9quer e selecione a op\u00e7\u00e3o <strong>\u201cColocar na mesa\u201d<\/strong>.<\/p>\n<hr \/>\n<p>Visualize a bancada clicando com o bot\u00e3o esquerdo do mouse na c\u00e2mera com o nome <strong>\u201cBancada\u201d<\/strong>.<\/p>\n<p>Nesse momento, ser\u00e1 necess\u00e1rio ajustar o aquecimento.<\/p>\n<p>Posicione o b\u00e9quer sobre o sistema de aquecimento clicando com o bot\u00e3o direito do mouse sobre o b\u00e9quer e selecione a op\u00e7\u00e3o <strong>\u201cPosicionar no sistema de aquecimento\u201d<\/strong>.<\/p>\n<p>Observe que o b\u00e9quer se posicionou no sistema de aquecimento.<\/p>\n<p>Visualize o bico de Bunsen clicando com o bot\u00e3o esquerdo do mouse na c\u00e2mera com o nome <strong>\u201cAquecimento\u201d<\/strong>.<\/p>\n<p>Ligue o sistema de aquecimento clicando com o bot\u00e3o direito do mouse sobre o bico de Bunsen e selecione a op\u00e7\u00e3o <strong>\u201cLigar chama\u201d<\/strong>.<\/p>\n<p>Observe a chama do bico de Bunsen.<\/p>\n<hr \/>\n<p>Ajuste a velocidade de aquecimento do fluido contido no b\u00e9quer clicando e arrastando com o bot\u00e3o esquerdo do mouse sobre a janela <strong>\u201cAcelerar troca t\u00e9rmica\u201d<\/strong>.<\/p>\n<p>Agora, vamos medir a temperatura de aquecimento.<\/p>\n<p>Me\u00e7a a temperatura clicando com o bot\u00e3o direito do mouse sobre o term\u00f4metro e selecione a op\u00e7\u00e3o <strong>\u201cMedir b\u00e9quer\u201d<\/strong>.<\/p>\n<p>Observe que a temperatura da \u00e1gua em aquecimento aparece no canto da tela.<\/p>\n<p>Aguarde o aquecimento da \u00e1gua at\u00e9 aproximadamente <strong>80 \u00b0C<\/strong> e ent\u00e3o desligue o sistema de aquecimento clicando com o bot\u00e3o direito do mouse sobre o bico de Bunsen e selecione <strong>\u201cDesligar chama\u201d<\/strong>.<\/p>\n<hr \/>\n<p>Em seguida, retire o b\u00e9quer do sistema de aquecimento clicando com o bot\u00e3o direito do mouse sobre o b\u00e9quer e selecione a op\u00e7\u00e3o <strong>\u201cColocar na mesa\u201d<\/strong>.<\/p>\n<p>O pr\u00f3ximo passo consiste em medir a temperatura inicial do calor\u00edmetro.<\/p>\n<p>Me\u00e7a a temperatura inicial do calor\u00edmetro clicando com o bot\u00e3o direito do mouse sobre o term\u00f4metro e selecione <strong>\u201cMedir calor\u00edmetro\u201d<\/strong>.<\/p>\n<p>Observe e anote a temperatura inicial do calor\u00edmetro.<\/p>\n<p>Transfira a \u00e1gua aquecida contida no b\u00e9quer para o calor\u00edmetro clicando com o bot\u00e3o direito do mouse sobre o b\u00e9quer e selecione <strong>\u201cDespejar no calor\u00edmetro\u201d<\/strong>.<\/p>\n<p>Acelere a troca t\u00e9rmica entre o calor\u00edmetro e a \u00e1gua aquecida agitando o conte\u00fado do calor\u00edmetro clicando com o bot\u00e3o direito do mouse sobre o calor\u00edmetro e selecione <strong>\u201cAgitar conte\u00fado\u201d<\/strong>.<\/p>\n<p>Me\u00e7a a temperatura no calor\u00edmetro clicando com o bot\u00e3o direito do mouse sobre o term\u00f4metro e selecione <strong>\u201cMedir calor\u00edmetro\u201d<\/strong>.<\/p>\n<p>Observe a temperatura do calor\u00edmetro e aguarde que ela estabilize e anote seu valor.<\/p>\n<p>Tc = ___________ \u00b0C<\/p>\n<hr \/>\n<p>Ap\u00f3s os procedimentos descritos, chegou o momento de desmontar o experimento.<\/p>\n<p>Retire a \u00e1gua do calor\u00edmetro clicando com o bot\u00e3o direito do mouse sobre o calor\u00edmetro e selecione <strong>\u201cDescartar conte\u00fado\u201d<\/strong>.<\/p>\n<p>Desligue o term\u00f4metro clicando com o bot\u00e3o direito do mouse sobre o term\u00f4metro e selecione <strong>\u201cDesligar term\u00f4metro\u201d<\/strong>.<\/p>\n<hr \/>\n<p><strong>SEGUNDA PARTE DO EXPERIMENTO<\/strong><\/p>\n<p>Na segunda parte do experimento, iremos determinar o calor espec\u00edfico dos l\u00edquidos.<\/p>\n<p>Assim, o primeiro passo consiste em adicionar \u00f3leo no b\u00e9quer.<\/p>\n<p>Transfira <strong>100 mL de \u00f3leo<\/strong> para o b\u00e9quer clicando com o bot\u00e3o direito do mouse na pisseta com \u00f3leo e selecione a op\u00e7\u00e3o <strong>\u201cDespejar no b\u00e9quer\u201d<\/strong>.<\/p>\n<p>Pressione a pisseta para inserir \u00f3leo no b\u00e9quer clicando com o bot\u00e3o esquerdo do mouse sobre ela.<\/p>\n<p>Observe a quantidade de \u00f3leo adicionada pela escala que aparece ao canto da tela.<\/p>\n<p>Retorne a pisseta para a bancada clicando com o bot\u00e3o direito do mouse sobre a pisseta e selecione <strong>\u201cColocar na mesa\u201d<\/strong>.<\/p>\n<hr \/>\n<p>Acesse a c\u00e2mera <strong>\u201cBalan\u00e7a\u201d<\/strong> e verifique se a balan\u00e7a est\u00e1 ajustada apresentando um valor negativo equivalente \u00e0 massa do b\u00e9quer.<\/p>\n<p>Em caso negativo, tare novamente a balan\u00e7a como demonstrado anteriormente.<\/p>\n<p>Em caso afirmativo, coloque o b\u00e9quer com o \u00f3leo sobre a balan\u00e7a e anote o valor da massa.<\/p>\n<p>Retire o b\u00e9quer da balan\u00e7a e posicione-o novamente na bancada.<\/p>\n<hr \/>\n<p>Posicione o b\u00e9quer sobre o sistema de aquecimento e ligue o bico de Bunsen.<\/p>\n<p>Me\u00e7a a temperatura do \u00f3leo utilizando o term\u00f4metro.<\/p>\n<p>Aguarde o aquecimento do \u00f3leo at\u00e9 aproximadamente <strong>80 \u00b0C<\/strong>.<\/p>\n<p>Desligue o sistema de aquecimento e retire o b\u00e9quer.<\/p>\n<hr \/>\n<p>Me\u00e7a a temperatura inicial do calor\u00edmetro.<\/p>\n<p>Transfira o \u00f3leo aquecido para o calor\u00edmetro.<\/p>\n<p>Agite o conte\u00fado do calor\u00edmetro para acelerar a troca t\u00e9rmica.<\/p>\n<p>Me\u00e7a a temperatura no calor\u00edmetro e aguarde que ela estabilize.<\/p>\n<p>Tc = ___________ \u00b0C<\/p>\n<p>Retire o \u00f3leo do calor\u00edmetro e descarte o conte\u00fado.<\/p>\n<p>Desligue o term\u00f4metro.<\/p>\n<hr \/>\n<p><strong>AVALIANDO OS RESULTADOS<\/strong><\/p>\n<p>Com os dados obtidos e calculados, responda os questionamentos a seguir.<\/p>\n<p>A capacidade t\u00e9rmica <strong>C<\/strong> do calor\u00edmetro pode ser determinada pelo princ\u00edpio da conserva\u00e7\u00e3o de energia.<\/p>\n<p>Qcedido = Qrecebido<\/p>\n<p>Qcedido pela \u00e1gua quente = Qrecebido pelo calor\u00edmetro<\/p>\n<p>m\u2081c (T\u2081 \u2212 Tf) = C (Tf \u2212 Tc)<\/p>\n<p>C = m\u2081c (T\u2081 \u2212 Tf) \/ (Tf \u2212 Tc)<\/p>\n<p>Onde:<\/p>\n<p>C = capacidade t\u00e9rmica<\/p>\n<p>m\u2081 = massa da \u00e1gua<\/p>\n<p>c = calor espec\u00edfico da \u00e1gua (1 cal\/g\u00b0C)<\/p>\n<p>T\u2081 = temperatura da \u00e1gua quente<\/p>\n<p>Tf = temperatura final de equil\u00edbrio do sistema<\/p>\n<p>Tc = temperatura no interior do calor\u00edmetro<\/p>\n<p>Assim, com os dados obtidos, calcule a capacidade t\u00e9rmica do calor\u00edmetro.<\/p>\n<hr \/>\n<p>Na segunda parte do experimento, determine o <strong>calor espec\u00edfico do \u00f3leo<\/strong> utilizando o princ\u00edpio da conserva\u00e7\u00e3o de energia.<\/p>\n<p>c = C (Tf \u2212 Tc) \/ m\u2081 (T\u2081 \u2212 Tf)<\/p>\n<p>Compare o valor obtido com valores de calor espec\u00edfico de \u00f3leos vegetais encontrados na internet e justifique eventuais diferen\u00e7as.<\/p>\n<hr \/>\n<p><strong>CHECKLIST<\/strong><\/p>\n<p>\u2713 Acessar seu AVA<\/p>\n<p>\u2713 Clicar no link do experimento CALORIMETRIA<\/p>\n<p><strong>Primeira etapa<\/strong><\/p>\n<p>\u2713 Seguran\u00e7a do experimento<\/p>\n<p>\u2713 Tarar a balan\u00e7a<\/p>\n<p>\u2713 Adicionar \u00e1gua no b\u00e9quer<\/p>\n<p>\u2713 Medir a massa da \u00e1gua<\/p>\n<p>\u2713 Ajustar o aquecimento<\/p>\n<p>\u2713 Medir a temperatura de aquecimento<\/p>\n<p>\u2713 Medir a temperatura inicial do calor\u00edmetro<\/p>\n<p>\u2713 Adicionar \u00e1gua aquecida no calor\u00edmetro<\/p>\n<p>\u2713 Medir a temperatura do calor\u00edmetro<\/p>\n<p>\u2713 Desmontar o experimento<\/p>\n<p><strong>Segunda etapa<\/strong><\/p>\n<p>\u2713 Adicionar \u00f3leo no b\u00e9quer<\/p>\n<p>\u2713 Medir a massa de \u00f3leo<\/p>\n<p>\u2713 Ajustar o aquecimento<\/p>\n<p>\u2713 Medir a temperatura de aquecimento<\/p>\n<p>\u2713 Medir a temperatura inicial do calor\u00edmetro<\/p>\n<p>\u2713 Adicionar \u00f3leo aquecido no calor\u00edmetro<\/p>\n<p>\u2713 Medir a temperatura do calor\u00edmetro<\/p>\n<p>\u2713 Desmontar o experimento<\/p>\n<p>\u2713 Avaliar os resultados das duas etapas<\/p>\n<hr \/>\n<p><strong>RESULTADOS<\/strong><\/p>\n<p><strong>Resultados do experimento<\/strong><\/p>\n<p>Ao final dessa aula pr\u00e1tica, voc\u00ea dever\u00e1 enviar um arquivo em Word contendo as informa\u00e7\u00f5es obtidas no experimento, os c\u00e1lculos realizados, em conjunto com um texto conclusivo a respeito das informa\u00e7\u00f5es obtidas.<\/p>\n<p>O arquivo n\u00e3o pode exceder <strong>2 Mb<\/strong>.<\/p>\n<p>Acrescente as <strong>refer\u00eancias bibliogr\u00e1ficas<\/strong>, quando houver, segundo as <strong>normas da ABNT<\/strong>.<\/p>\n<hr \/>\n<p><strong>Resultados de Aprendizagem<\/strong><\/p>\n<p>Como resultados dessa pr\u00e1tica ser\u00e1 poss\u00edvel:<\/p>\n<p>\u2022 descrever os fen\u00f4menos causados pelo aquecimento de um corpo de prova ou subst\u00e2ncia;<\/p>\n<p>\u2022 ilustrar como ocorre o equil\u00edbrio t\u00e9rmico entre subst\u00e2ncias s\u00f3lidas e l\u00edquidas;<\/p>\n<p>\u2022 determinar a capacidade t\u00e9rmica de um calor\u00edmetro;<\/p>\n<p>\u2022 determinar o calor espec\u00edfico de uma subst\u00e2ncia.<\/p>\n<hr \/>\n<p><strong>Como funciona?<\/strong><\/p>\n<div class=\"elementor-toggle-item\">\n<p>Elaboramos os portf\u00f3lios, j\u00e1 deixamos prontos, nas normas da ABNT e conforme os requisitos da universidade. F\u00e1cil assim! O MELHOR \u00c9 QUE VOC\u00ca COMPRA E J\u00c1 BAIXA NA HORA O SEU ARQUIVO EM WORD! Sabemos que conciliar trabalho, fam\u00edlia, vida profissional e estudos \u00e9 dif\u00edcil hoje em dia, por isso, estamos aqui para ajudar voc\u00ea. Conte com nossa qualidade, experi\u00eancia e profissionalismo adquirindo seu portf\u00f3lio conosco. GARANTIMOS SEU CONCEITO!<\/p>\n<p><strong>Como se realizam os envios?<\/strong><\/p>\n<\/div>\n<p id=\"elementor-tab-content-1942\" class=\"elementor-tab-content elementor-clearfix elementor-active\" role=\"tabpanel\" data-tab=\"2\" aria-labelledby=\"elementor-tab-title-1942\">O seu trabalho \u00e9 disponibilizado pronto, respondido e nas normas j\u00e1 na mesma hora aqui em nosso site na sua \u00e1rea de downloads e tamb\u00e9m no seu e-mail.<\/p>\n<p><strong>Em quanto tempo recebo o portf\u00f3lio?<\/strong><\/p>\n<p>Os envios s\u00e3o imediatos. Ap\u00f3s sua compra, o trabalho j\u00e1 \u00e9 disponibilizado instantaneamente aqui em nosso site e no seu e-mail.<\/p>\n<p><strong>E se o portf\u00f3lio que comprei precisar de corre\u00e7\u00e3o?<\/strong><\/p>\n<p>Caso haja alguma solicita\u00e7\u00e3o de corre\u00e7\u00e3o\/altera\u00e7\u00e3o por parte do tutor, basta entrar em contato conosco pelo\u00a0WhatsApp\u00a0que provid\u00eanciaremos sem custo algum.<\/p>\n<p><strong>Qual o formato do arquivo?<\/strong><\/p>\n<p>Os arquivos s\u00e3o enviados em formato Word e s\u00e3o edit\u00e1veis.<\/p>\n<p><strong>Caso eu tiver alguma d\u00favida, terei suporte no p\u00f3s venda?<\/strong><\/p>\n<p>Sim, com certeza. Basta clicar no \u00edcone do WhatsApp no cantinho da tela. Ser\u00e1 um prazer atend\u00ea-lo(a).<\/p>\n<div id=\"elementor-tab-content-1948\" class=\"elementor-tab-content elementor-clearfix elementor-active\" role=\"tabpanel\" data-tab=\"8\" aria-labelledby=\"elementor-tab-title-1948\">\n<p><strong>Quais os seus canais de contato?<\/strong><\/p>\n<\/div>\n<div id=\"elementor-tab-content-1949\" class=\"elementor-tab-content elementor-clearfix elementor-active\" role=\"tabpanel\" data-tab=\"9\" aria-labelledby=\"elementor-tab-title-1949\">\n<p>Whatsapp: 53 984751621 \u2013 Clicar no canto da tela ou ESCANEIE O QRCODE ABAIXO<\/p>\n<h4><img decoding=\"async\" class=\"alignnone wp-image-13699 jetpack-lazy-image jetpack-lazy-image--handled\" src=\"https:\/\/i0.wp.com\/portifolioos-prontos.com\/wp-content\/uploads\/2023\/02\/whatsapp-business-projeto-de-extensao-300x300.jpeg?resize=144%2C144\" sizes=\"(max-width: 144px) 100vw, 144px\" srcset=\"https:\/\/i0.wp.com\/portifolioos-prontos.com\/wp-content\/uploads\/2023\/02\/whatsapp-business-projeto-de-extensao.jpeg?resize=300%2C301&amp;ssl=1 300w, https:\/\/i0.wp.com\/portifolioos-prontos.com\/wp-content\/uploads\/2023\/02\/whatsapp-business-projeto-de-extensao.jpeg?resize=150%2C150&amp;ssl=1 150w, https:\/\/i0.wp.com\/portifolioos-prontos.com\/wp-content\/uploads\/2023\/02\/whatsapp-business-projeto-de-extensao.jpeg?resize=370%2C372&amp;ssl=1 370w, https:\/\/i0.wp.com\/portifolioos-prontos.com\/wp-content\/uploads\/2023\/02\/whatsapp-business-projeto-de-extensao.jpeg?resize=100%2C100&amp;ssl=1 100w, https:\/\/i0.wp.com\/portifolioos-prontos.com\/wp-content\/uploads\/2023\/02\/whatsapp-business-projeto-de-extensao.jpeg?w=470&amp;ssl=1 470w\" alt=\"projeto de extens\u00e3o unopar\" width=\"144\" height=\"144\" data-lazy-loaded=\"1\" \/><\/h4>\n<\/div>\n<div class=\"elementor-toggle-item\">\n<div id=\"elementor-tab-content-1949\" class=\"elementor-tab-content elementor-clearfix elementor-active\" role=\"tabpanel\" data-tab=\"9\" aria-labelledby=\"elementor-tab-title-1949\">\n<p>E-mail:portifoliosp@gmail.com<\/p>\n<div id=\"attachment_143\" class=\"wp-caption alignnone\">\n<div id=\"attachment_143\" class=\"wp-caption alignnone\">\n<p id=\"caption-attachment-143\" class=\"wp-caption-text\"><a href=\"http:\/\/portfolio-pronto.com\/\">Portf\u00f3lio<\/a>\u00a0em Word, respondido, completo e j\u00e1 nas normas<\/p>\n<\/div>\n<\/div>\n<\/div>\n<\/div>\n","protected":false},"excerpt":{"rendered":"<p>Aula Pr\u00e1tica F\u00edsica Geral e Experimental Energia &nbsp; NOME DA DISCIPLINA: F\u00edsica Geral e Experimental Energia Unidade: U4_TEMPERATURA_E_CALOR Aula: A3_CALORIMETRIA OBJETIVOS Defini\u00e7\u00e3o dos objetivos da aula pr\u00e1tica: O objetivo da aula pr\u00e1tica consiste descrever os fen\u00f4menos causados pelo aquecimento de um corpo, determinando o calor espec\u00edfico e capacidade t\u00e9rmica. SOLU\u00c7\u00c3O DIGITAL Algetec \u2013 Laborat\u00f3rio Virtual&hellip;<\/p>\n","protected":false},"featured_media":50308,"template":"","meta":{"_seopress_robots_primary_cat":"","_seopress_titles_title":"","_seopress_titles_desc":"","_seopress_robots_index":""},"product_cat":[15],"product_tag":[],"class_list":{"0":"post-50305","1":"product","2":"type-product","3":"status-publish","4":"has-post-thumbnail","6":"product_cat-uncategorized","8":"first","9":"instock","10":"shipping-taxable","11":"purchasable","12":"product-type-simple","13":"col-xs-6 col-sm-4","14":"col-mf-5","15":"un-5-cols"},"jetpack_sharing_enabled":true,"_links":{"self":[{"href":"https:\/\/portifolioos-prontos.com\/index.php\/wp-json\/wp\/v2\/product\/50305","targetHints":{"allow":["GET"]}}],"collection":[{"href":"https:\/\/portifolioos-prontos.com\/index.php\/wp-json\/wp\/v2\/product"}],"about":[{"href":"https:\/\/portifolioos-prontos.com\/index.php\/wp-json\/wp\/v2\/types\/product"}],"version-history":[{"count":1,"href":"https:\/\/portifolioos-prontos.com\/index.php\/wp-json\/wp\/v2\/product\/50305\/revisions"}],"predecessor-version":[{"id":50309,"href":"https:\/\/portifolioos-prontos.com\/index.php\/wp-json\/wp\/v2\/product\/50305\/revisions\/50309"}],"wp:featuredmedia":[{"embeddable":true,"href":"https:\/\/portifolioos-prontos.com\/index.php\/wp-json\/wp\/v2\/media\/50308"}],"wp:attachment":[{"href":"https:\/\/portifolioos-prontos.com\/index.php\/wp-json\/wp\/v2\/media?parent=50305"}],"wp:term":[{"taxonomy":"product_cat","embeddable":true,"href":"https:\/\/portifolioos-prontos.com\/index.php\/wp-json\/wp\/v2\/product_cat?post=50305"},{"taxonomy":"product_tag","embeddable":true,"href":"https:\/\/portifolioos-prontos.com\/index.php\/wp-json\/wp\/v2\/product_tag?post=50305"}],"curies":[{"name":"wp","href":"https:\/\/api.w.org\/{rel}","templated":true}]}}