{"id":50310,"date":"2026-03-10T20:33:04","date_gmt":"2026-03-10T23:33:04","guid":{"rendered":"https:\/\/portifolioos-prontos.com\/?post_type=product&#038;p=50310"},"modified":"2026-03-10T20:47:43","modified_gmt":"2026-03-10T23:47:43","slug":"aula-pratica-fisica-geral-e-experimental-energia-a2_expansao_termica","status":"publish","type":"product","link":"https:\/\/portifolioos-prontos.com\/index.php\/product\/aula-pratica-fisica-geral-e-experimental-energia-a2_expansao_termica\/","title":{"rendered":"Aula Pr\u00e1tica F\u00edsica Geral e Experimental Energia \u2013 A2_EXPANS\u00c3O_T\u00c9RMICA"},"content":{"rendered":"<p><strong>Aula Pr\u00e1tica F\u00edsica Geral e Experimental Energia<\/strong><\/p>\n<hr \/>\n<p><strong>NOME DA DISCIPLINA:<\/strong> F\u00edsica Geral e Experimental Energia<\/p>\n<p><strong>Unidade:<\/strong> U4_TEMPERATURA_E_CALOR<\/p>\n<p><strong>Aula:<\/strong> A2_EXPANS\u00c3O_T\u00c9RMICA<\/p>\n<hr \/>\n<p><strong>OBJETIVOS<\/strong><\/p>\n<p>Defini\u00e7\u00e3o dos objetivos da aula pr\u00e1tica:<\/p>\n<p>Esse experimento trata do fen\u00f4meno da dilata\u00e7\u00e3o linear de corpos cil\u00edndricos, cujo proncipal objetivo consiste em observar o aumento do comprimento de um tubo met\u00e1lico em fun\u00e7\u00e3o de um aumento de sua temperatura, determinando o coeficiente de dilata\u00e7\u00e3o linear do material met\u00e1lico estudado.<\/p>\n<hr \/>\n<p><strong>SOLU\u00c7\u00c3O DIGITAL:<\/strong> Algetec<\/p>\n<p>Laborat\u00f3rio Virtual Algetec &#8211; simulador: \u201cDilat\u00f4metro\u201d.<\/p>\n<p>O laborat\u00f3rio virtual \u00e9 uma plataforma para simula\u00e7\u00e3o de procedimentos em laborat\u00f3rio e deve ser acessado preferencialmente por computador.<\/p>\n<hr \/>\n<p><strong>PROCEDIMENTOS PR\u00c1TICOS E APLICA\u00c7\u00d5ES<\/strong><\/p>\n<p><strong>Procedimento\/Atividade n\u00ba 1<\/strong><\/p>\n<p><strong>Inserir o nome do experimento:<\/strong> DILAT\u00d4METRO<\/p>\n<p><strong>Atividade proposta:<\/strong><\/p>\n<p>Analisar o comportamento de um material met\u00e1lico com rela\u00e7\u00e3o \u00e0 varia\u00e7\u00e3o de temperatura e obter o coeficiente de dilata\u00e7\u00e3o linear desse material.<\/p>\n<hr \/>\n<p><strong>Procedimentos para a realiza\u00e7\u00e3o da atividade:<\/strong><\/p>\n<p>Em seu AVA, voc\u00ea ir\u00e1 encontrar o link do experimento DILAT\u00d4METRO, que ser\u00e1 desenvolvido na plataforma VirtuaLab da Algetec. A partir do acesso, seguem os procedimentos a serem realizados no laborat\u00f3rio virtual para o desenvolvimento da atividade.<\/p>\n<p>Ao abrir a tela inicial, leia as orienta\u00e7\u00f5es sobre a utiliza\u00e7\u00e3o do mouse e clique em fechar.<\/p>\n<p>Feito isso, ir\u00e1 abrir a tela inicial do experimento.<\/p>\n<p>O experimento \u00e9 composto por duas partes. Na primeira etapa, iremos desenvolver o procedimento experimental para determinar o coeficiente de dilata\u00e7\u00e3o linear. Para isso, precisamos inicialmente preparar o ensaio.<\/p>\n<hr \/>\n<p>Na tela inicial, no canto superior esquerdo, clique em corpo de prova, ou aperte no teclado \u201calt+2\u201d.<\/p>\n<p>Feiro isso, selecione o corpo de prova de cobre com 500 mm de comprimento, identificando qual \u00e9 o corpo de prova correto, passando o mouse sobre eles e lendo as suas especifica\u00e7\u00f5es.<\/p>\n<p>Me\u00e7a a sua temperatura inicial T0, clicando com o bot\u00e3o direito do mouse sobre o corpo de prova e selecionando a op\u00e7\u00e3o \u201cMedir temperatura\u201d.<\/p>\n<p>Perceba que o display do term\u00f4metro aparecer\u00e1 no canto inferior esquerdo da tela, indicando a temperatura.<\/p>\n<hr \/>\n<p>Em seguida, mova o corpo de prova para a base, clicando sobre ele com o bot\u00e3o direito do mouse e selecionando a op\u00e7\u00e3o \u201cMover para a base\u201d.<\/p>\n<p>Trave o batente na posi\u00e7\u00e3o zero da escala da base.<\/p>\n<p>Para isso, acesse a c\u00e2mera \u201cRel\u00f3gio comparador\u201d e, em seguida, clique e arraste o batente at\u00e9 a posi\u00e7\u00e3o zero da escala.<\/p>\n<p>Ap\u00f3s posicionar o batente, trave-o, clicando com o bot\u00e3o direito do mouse sobre ele e selecionando a op\u00e7\u00e3o \u201cTravar batente\u201d.<\/p>\n<p>Zere o rel\u00f3gio comparador, clicando e arrastando o mouse para girar a sua coroa at\u00e9 que o seu ponteiro esteja alinhado com o zero.<\/p>\n<hr \/>\n<p>Para medir a dilata\u00e7\u00e3o do material, ligue o sistema de aquecimento.<\/p>\n<p>Para isso, acesse a c\u00e2mera \u201cBico de Bunsen\u201d e clique sobre ele com o bot\u00e3o direito do mouse, selecionando a op\u00e7\u00e3o \u201cLigar chama\u201d.<\/p>\n<p>Observe pelo term\u00f4metro que a temperatura come\u00e7a a aumentar.<\/p>\n<p>Perceba que surgir\u00e1, no canto superior direito da tela, uma janela onde \u00e9 poss\u00edvel acelerar a taxa de aquecimento.<\/p>\n<p>Acompanhe a dilata\u00e7\u00e3o do corpo de prova pelo rel\u00f3gio comparador, verificando o seu valor ap\u00f3s a estabiliza\u00e7\u00e3o da temperatura.<\/p>\n<p>Desligue a chama, clicando com o bot\u00e3o direito do mouse sobre o bico de Bunsen e selecionando a op\u00e7\u00e3o \u201cDesligar chama\u201d.<\/p>\n<hr \/>\n<p>Retorne o corpo de prova para a mesa, clicando com o bot\u00e3o direito do mouse sobre o mesmo e selecionando a op\u00e7\u00e3o \u201cMover para a mesa\u201d.<\/p>\n<p>Anote todos os dados obtidos para esse material em uma tabela.<\/p>\n<p>Como exemplo de tabela, temos:<\/p>\n<p>Feito isso, vamos repetir o procedimento com os outros materiais.<\/p>\n<p>Assim, repita o procedimento experimental para ensaiar os corpos de prova de lat\u00e3o e a\u00e7o, ambos com 500 mm de comprimento.<\/p>\n<hr \/>\n<p>Agora, chegamos \u00e0 segunda parte do experimento: verificar a varia\u00e7\u00e3o no comprimento final de um tubo met\u00e1lico em fun\u00e7\u00e3o do seu comprimento inicial.<\/p>\n<p>Para isso, ser\u00e1 necess\u00e1rio repetir o experimento com os materiais que possuem diferentes comprimentos.<\/p>\n<p>Fa\u00e7a isso para os quatro corpos de prova de cobre.<\/p>\n<p>Anote os dados em uma tabela.<\/p>\n<p>Como exemplo de tabela que pode ser utilizada nesse procedimento, temos:<\/p>\n<hr \/>\n<p><strong>AVALIANDO OS RESULTADOS<\/strong><\/p>\n<p>Com os dados obtidos e calculados, responda os questionamentos a seguir.<\/p>\n<ol>\n<li>Apresente os dados obtidos durante a primeira parte do experimento em uma tabela. Feito isso, com os dados da tabela, utilize a equa\u00e7\u00e3o para dilata\u00e7\u00e3o linear (\u0394L= \u03b1.L0.\u0394T) para obter o coeficiente de dilata\u00e7\u00e3o linear de cada material (cobre, lat\u00e3o e a\u00e7o), lembrando que o comprimento inicial dos corpos de prova \u00e9 L0 = 500 mm.<\/li>\n<li>Pesquise na literatura o valor do coeficiente de dilata\u00e7\u00e3o de cada material e compare com o calculado. Justifique eventuais diferen\u00e7as.<\/li>\n<li>Apresente os valores obtido na segunda parte do experimento em uma tabela. Com os dados, construa o gr\u00e1fico varia\u00e7\u00e3o do comprimento (\u2206L) x comprimento inicial (L0) e determine seu coeficiente angular. O que o coeficiente angular representa?<\/li>\n<li>Com base nos seus conhecimentos, verifique a validade da afirma\u00e7\u00e3o: \u201cA varia\u00e7\u00e3o no comprimento de um material, para uma mesma varia\u00e7\u00e3o de temperatura, \u00e9 diretamente proporcional ao seu comprimento inicial.\u201d<\/li>\n<\/ol>\n<hr \/>\n<p><strong>CHECKLIST:<\/strong><\/p>\n<p>\u2713 Acessar seu AVA;<\/p>\n<p>\u2713 Clicar no link do experimento DILAT\u00d4METRO;<\/p>\n<p>\u2713 Prepare o ensaio para o corpo de prova de cobre de 500mm de comprimento;<\/p>\n<p>\u2713 Me\u00e7a a dilata\u00e7\u00e3o;<\/p>\n<p>\u2713 Repita os procedimentos para o lat\u00e3o e a\u00e7o, ambos com 500mm de comprimento;<\/p>\n<p>\u2713 Repita os procedimentos para os corpos de prova de cobre, que possuem diferentes comprimentos, para analisar como o comprimento varia com a temperatura;<\/p>\n<p>\u2713 Avalie os resultados.<\/p>\n<hr \/>\n<p><strong>RESULTADOS<\/strong><\/p>\n<p><strong>Resultados do experimento:<\/strong><\/p>\n<p>Ao final dessa aula pr\u00e1tica, voc\u00ea dever\u00e1 enviar um arquivo em word contendo as informa\u00e7\u00f5es obtidas no experimento, os c\u00e1lculos realizados, em conjunto com um texto conclusivo a respeito das informa\u00e7\u00f5es obtidas.<\/p>\n<p>O arquivo n\u00e3o pode exceder o tamanho de 2Mb.<\/p>\n<p>Acrescente as refer\u00eancias bibliogr\u00e1ficas, quando houver, segundo as normas da ABNT.<\/p>\n<hr \/>\n<p><strong>Resultados de Aprendizagem:<\/strong><\/p>\n<p>Como resultados dessa pr\u00e1tica ser\u00e1 poss\u00edvel descrever os fen\u00f4menos causados pelo aquecimento de um corpo de material met\u00e1lico, estabelecer o significado f\u00edsico do coeficiente de dilata\u00e7\u00e3o linear, determinar o coeficiente de dilata\u00e7\u00e3o linear de um material met\u00e1lico utilizando o dilat\u00f4metro linear e aplicar os conceitos de dilata\u00e7\u00e3o dos corpos a problemas envolvendo aquecimento e resfriamento de metais.<\/p>\n<div class=\"elementor-toggle-item\">\n<p id=\"elementor-tab-title-1941\" class=\"elementor-tab-title elementor-active\" tabindex=\"0\" role=\"tab\" data-tab=\"1\" aria-controls=\"elementor-tab-content-1941\" aria-expanded=\"true\" aria-selected=\"true\"><strong>Como funciona?<\/strong><\/p>\n<p>Elaboramos os portf\u00f3lios, j\u00e1 deixamos prontos, nas normas da ABNT e conforme os requisitos da universidade. F\u00e1cil assim! O MELHOR \u00c9 QUE VOC\u00ca COMPRA E J\u00c1 BAIXA NA HORA O SEU ARQUIVO EM WORD! Sabemos que conciliar trabalho, fam\u00edlia, vida profissional e estudos \u00e9 dif\u00edcil hoje em dia, por isso, estamos aqui para ajudar voc\u00ea. Conte com nossa qualidade, experi\u00eancia e profissionalismo adquirindo seu portf\u00f3lio conosco. GARANTIMOS SEU CONCEITO!<\/p>\n<p><strong>Como se realizam os envios?<\/strong><\/p>\n<\/div>\n<p id=\"elementor-tab-content-1942\" class=\"elementor-tab-content elementor-clearfix elementor-active\" role=\"tabpanel\" data-tab=\"2\" aria-labelledby=\"elementor-tab-title-1942\">O seu trabalho \u00e9 disponibilizado pronto, respondido e nas normas j\u00e1 na mesma hora aqui em nosso site na sua \u00e1rea de downloads e tamb\u00e9m no seu e-mail.<\/p>\n<p><strong>Em quanto tempo recebo o portf\u00f3lio?<\/strong><\/p>\n<p>Os envios s\u00e3o imediatos. Ap\u00f3s sua compra, o trabalho j\u00e1 \u00e9 disponibilizado instantaneamente aqui em nosso site e no seu e-mail.<\/p>\n<p><strong>E se o portf\u00f3lio que comprei precisar de corre\u00e7\u00e3o?<\/strong><\/p>\n<p>Caso haja alguma solicita\u00e7\u00e3o de corre\u00e7\u00e3o\/altera\u00e7\u00e3o por parte do tutor, basta entrar em contato conosco pelo\u00a0WhatsApp\u00a0que provid\u00eanciaremos sem custo algum.<\/p>\n<p><strong>Qual o formato do arquivo?<\/strong><\/p>\n<p>Os arquivos s\u00e3o enviados em formato Word e s\u00e3o edit\u00e1veis.<\/p>\n<p><strong>Caso eu tiver alguma d\u00favida, terei suporte no p\u00f3s venda?<\/strong><\/p>\n<p>Sim, com certeza. Basta clicar no \u00edcone do WhatsApp no cantinho da tela. Ser\u00e1 um prazer atend\u00ea-lo(a).<\/p>\n<div id=\"elementor-tab-content-1948\" class=\"elementor-tab-content elementor-clearfix elementor-active\" role=\"tabpanel\" data-tab=\"8\" aria-labelledby=\"elementor-tab-title-1948\">\n<p><strong>Quais os seus canais de contato?<\/strong><\/p>\n<\/div>\n<div id=\"elementor-tab-content-1949\" class=\"elementor-tab-content elementor-clearfix elementor-active\" role=\"tabpanel\" data-tab=\"9\" aria-labelledby=\"elementor-tab-title-1949\">\n<p>Whatsapp: 53 984751621 \u2013 Clicar no canto da tela ou ESCANEIE O QRCODE ABAIXO<\/p>\n<h4><img decoding=\"async\" class=\"alignnone wp-image-13699 jetpack-lazy-image jetpack-lazy-image--handled\" src=\"https:\/\/i0.wp.com\/portifolioos-prontos.com\/wp-content\/uploads\/2023\/02\/whatsapp-business-projeto-de-extensao-300x300.jpeg?resize=144%2C144\" sizes=\"(max-width: 144px) 100vw, 144px\" srcset=\"https:\/\/i0.wp.com\/portifolioos-prontos.com\/wp-content\/uploads\/2023\/02\/whatsapp-business-projeto-de-extensao.jpeg?resize=300%2C301&amp;ssl=1 300w, https:\/\/i0.wp.com\/portifolioos-prontos.com\/wp-content\/uploads\/2023\/02\/whatsapp-business-projeto-de-extensao.jpeg?resize=150%2C150&amp;ssl=1 150w, https:\/\/i0.wp.com\/portifolioos-prontos.com\/wp-content\/uploads\/2023\/02\/whatsapp-business-projeto-de-extensao.jpeg?resize=370%2C372&amp;ssl=1 370w, https:\/\/i0.wp.com\/portifolioos-prontos.com\/wp-content\/uploads\/2023\/02\/whatsapp-business-projeto-de-extensao.jpeg?resize=100%2C100&amp;ssl=1 100w, https:\/\/i0.wp.com\/portifolioos-prontos.com\/wp-content\/uploads\/2023\/02\/whatsapp-business-projeto-de-extensao.jpeg?w=470&amp;ssl=1 470w\" alt=\"projeto de extens\u00e3o unopar\" width=\"144\" height=\"144\" data-lazy-loaded=\"1\" \/><\/h4>\n<\/div>\n<div class=\"elementor-toggle-item\">\n<div id=\"elementor-tab-content-1949\" class=\"elementor-tab-content elementor-clearfix elementor-active\" role=\"tabpanel\" data-tab=\"9\" aria-labelledby=\"elementor-tab-title-1949\">\n<p>E-mail:portifoliosp@gmail.com<\/p>\n<div id=\"attachment_143\" class=\"wp-caption alignnone\">\n<div id=\"attachment_143\" class=\"wp-caption alignnone\">\n<p id=\"caption-attachment-143\" class=\"wp-caption-text\"><a href=\"http:\/\/portfolio-pronto.com\/\">Portf\u00f3lio<\/a>\u00a0em Word, respondido, completo e j\u00e1 nas normas<\/p>\n<\/div>\n<\/div>\n<\/div>\n<\/div>\n","protected":false},"excerpt":{"rendered":"<p>Aula Pr\u00e1tica F\u00edsica Geral e Experimental Energia NOME DA DISCIPLINA: F\u00edsica Geral e Experimental Energia Unidade: U4_TEMPERATURA_E_CALOR Aula: A2_EXPANS\u00c3O_T\u00c9RMICA OBJETIVOS Defini\u00e7\u00e3o dos objetivos da aula pr\u00e1tica: Esse experimento trata do fen\u00f4meno da dilata\u00e7\u00e3o linear de corpos cil\u00edndricos, cujo proncipal objetivo consiste em observar o aumento do comprimento de um tubo met\u00e1lico em fun\u00e7\u00e3o de um&hellip;<\/p>\n","protected":false},"featured_media":50313,"template":"","meta":{"_seopress_robots_primary_cat":"none","_seopress_titles_title":"","_seopress_titles_desc":"","_seopress_robots_index":""},"product_cat":[15],"product_tag":[],"class_list":{"0":"post-50310","1":"product","2":"type-product","3":"status-publish","4":"has-post-thumbnail","6":"product_cat-uncategorized","8":"first","9":"instock","10":"shipping-taxable","11":"purchasable","12":"product-type-simple","13":"col-xs-6 col-sm-4","14":"col-mf-5","15":"un-5-cols"},"jetpack_sharing_enabled":true,"_links":{"self":[{"href":"https:\/\/portifolioos-prontos.com\/index.php\/wp-json\/wp\/v2\/product\/50310","targetHints":{"allow":["GET"]}}],"collection":[{"href":"https:\/\/portifolioos-prontos.com\/index.php\/wp-json\/wp\/v2\/product"}],"about":[{"href":"https:\/\/portifolioos-prontos.com\/index.php\/wp-json\/wp\/v2\/types\/product"}],"version-history":[{"count":3,"href":"https:\/\/portifolioos-prontos.com\/index.php\/wp-json\/wp\/v2\/product\/50310\/revisions"}],"predecessor-version":[{"id":50317,"href":"https:\/\/portifolioos-prontos.com\/index.php\/wp-json\/wp\/v2\/product\/50310\/revisions\/50317"}],"wp:featuredmedia":[{"embeddable":true,"href":"https:\/\/portifolioos-prontos.com\/index.php\/wp-json\/wp\/v2\/media\/50313"}],"wp:attachment":[{"href":"https:\/\/portifolioos-prontos.com\/index.php\/wp-json\/wp\/v2\/media?parent=50310"}],"wp:term":[{"taxonomy":"product_cat","embeddable":true,"href":"https:\/\/portifolioos-prontos.com\/index.php\/wp-json\/wp\/v2\/product_cat?post=50310"},{"taxonomy":"product_tag","embeddable":true,"href":"https:\/\/portifolioos-prontos.com\/index.php\/wp-json\/wp\/v2\/product_tag?post=50310"}],"curies":[{"name":"wp","href":"https:\/\/api.w.org\/{rel}","templated":true}]}}