{"id":50316,"date":"2026-03-10T20:51:25","date_gmt":"2026-03-10T23:51:25","guid":{"rendered":"https:\/\/portifolioos-prontos.com\/?post_type=product&#038;p=50316"},"modified":"2026-03-22T13:59:33","modified_gmt":"2026-03-22T16:59:33","slug":"aula-pratica-fisica-geral-e-experimental-energia-a3_equilibrio_de_corpos_rigidos","status":"publish","type":"product","link":"https:\/\/portifolioos-prontos.com\/index.php\/product\/aula-pratica-fisica-geral-e-experimental-energia-a3_equilibrio_de_corpos_rigidos\/","title":{"rendered":"Aula Pr\u00e1tica F\u00edsica Geral e Experimental Energia &#8211; A3_EQUILIBRIO_DE_CORPOS_R\u00cdGIDOS"},"content":{"rendered":"<p><strong>Aula Pr\u00e1tica F\u00edsica Geral e Experimental Energia<\/strong><\/p>\n<hr \/>\n<p><strong>NOME DA DISCIPLINA:<\/strong> F\u00edsica Geral e Experimental Energia<\/p>\n<p><strong>Unidade:<\/strong> U2_DIN\u00c2MICA_DO_MOVIMENTO_DE_ROTA\u00c7\u00c3O<\/p>\n<p><strong>Aula:<\/strong> A3_EQUILIBRIO_DE_COROS_R\u00cdGIDOS<\/p>\n<hr \/>\n<p><strong>OBJETIVOS<\/strong><\/p>\n<p>Defini\u00e7\u00e3o dos objetivos da aula pr\u00e1tica:<\/p>\n<p>Utilizar um contrapeso para equilibrar a balan\u00e7a e, com base nas equa\u00e7\u00f5es do equil\u00edbrio est\u00e1tico de corpos r\u00edgidos, determinar o valor da massa sobre a balan\u00e7a.<\/p>\n<hr \/>\n<p><strong>SOLU\u00c7\u00c3O DIGITAL:<\/strong> Algetec<\/p>\n<p>Laborat\u00f3rio Virtual Algetec &#8211; simulador: \u201cEst\u00e1tica \u2013 Balan\u00e7a de Prato\u201d.<\/p>\n<p>O laborat\u00f3rio virtual \u00e9 uma plataforma para simula\u00e7\u00e3o de procedimentos em laborat\u00f3rio e deve ser acessado preferencialmente por computador.<\/p>\n<hr \/>\n<p><strong>PROCEDIMENTOS PR\u00c1TICOS E APLICA\u00c7\u00d5ES<\/strong><\/p>\n<p><strong>Procedimento\/Atividade n\u00ba 1<\/strong><\/p>\n<p><strong>Inserir o nome do experimento:<\/strong> EST\u00c1TICA \u2013 BALAN\u00c7A DE PRATO<\/p>\n<p><strong>Atividade proposta:<\/strong><\/p>\n<p>Aplicar as equa\u00e7\u00f5es de equil\u00edbrio est\u00e1tico de corpos r\u00edgidos para obter a massa de um objeto sobre a balan\u00e7a.<\/p>\n<hr \/>\n<p><strong>Procedimentos para a realiza\u00e7\u00e3o da atividade<\/strong><\/p>\n<p>Em seu AVA, voc\u00ea ir\u00e1 encontrar o link do experimento EST\u00c1TICA \u2013 BALAN\u00c7A DE PRATO, que ser\u00e1 desenvolvido na plataforma VirtuaLab da Algetec. A partir do acesso, seguem os procedimentos a serem realizados no laborat\u00f3rio virtual para o desenvolvimento da atividade.<\/p>\n<p>O primeiro passo consiste em inserir os pesos na balan\u00e7a.<\/p>\n<p>Para isso, visualize a c\u00e2mera <strong>\u201cPesos\u201d<\/strong> clicando com o bot\u00e3o esquerdo do mouse na c\u00e2mera com o nome \u201cPesos\u201d localizada dentro do painel de visualiza\u00e7\u00e3o no canto superior esquerdo da tela.<\/p>\n<p>Posicione um peso na balan\u00e7a clicando com o bot\u00e3o esquerdo do mouse sobre o peso escolhido.<\/p>\n<hr \/>\n<p>Visualize a balan\u00e7a clicando com o bot\u00e3o esquerdo do mouse na c\u00e2mera com o nome <strong>\u201cFrontal\u201d<\/strong>.<\/p>\n<p>Posicione o mouse sobre a balan\u00e7a para obter os dados das dist\u00e2ncias dos pesos em rela\u00e7\u00e3o ao piv\u00f4 central, bem como o valor do contrapeso.<\/p>\n<p>Com estes dados e a equa\u00e7\u00e3o do equil\u00edbrio de momentos, ser\u00e1 poss\u00edvel calcular o peso desconhecido na balan\u00e7a.<\/p>\n<p>Anote os valores encontrados.<\/p>\n<hr \/>\n<p>Posicione o mouse sobre o contrapeso para obter sua massa, observando a especifica\u00e7\u00e3o disposta na caixa de informa\u00e7\u00f5es.<\/p>\n<p>Anote o valor encontrado.<\/p>\n<p>Ajuste o contrapeso clicando com o bot\u00e3o esquerdo do mouse sobre o mesmo e arrastando para a posi\u00e7\u00e3o desejada, at\u00e9 que a balan\u00e7a retorne ao equil\u00edbrio.<\/p>\n<p>Observe que, ap\u00f3s clicar no contrapeso, na parte inferior esquerda da tela ser\u00e1 exibida a vista ortogonal, onde \u00e9 poss\u00edvel verificar a posi\u00e7\u00e3o no contrapeso na haste.<\/p>\n<p>Continue o procedimento at\u00e9 que a balan\u00e7a alcance o equil\u00edbrio.<\/p>\n<hr \/>\n<p>Obtenha as dist\u00e2ncias do peso e contrapeso ao piv\u00f4 da balan\u00e7a clicando com o bot\u00e3o esquerdo do mouse sobre a op\u00e7\u00e3o <strong>\u201cInspecionar\u201d<\/strong>.<\/p>\n<p>Anote os valores das dist\u00e2ncias.<\/p>\n<p>Visualize a bancada clicando com o bot\u00e3o esquerdo do mouse na c\u00e2mera com o nome <strong>\u201cBancada\u201d<\/strong>.<\/p>\n<hr \/>\n<p>Retire os pesos da balan\u00e7a e posicione-os sobre a mesa clicando com o bot\u00e3o esquerdo do mouse sobre o peso.<\/p>\n<p>Realize os passos listados acima para os outros pesos dispostos sobre a bancada.<\/p>\n<p>N\u00e3o esque\u00e7a de anotar os dados obtidos nos processos experimentais.<\/p>\n<hr \/>\n<p><strong>AVALIANDO OS RESULTADOS<\/strong><\/p>\n<p>Com os dados obtidos e calculados, responda os questionamentos a seguir.<\/p>\n<ol>\n<li>Atrav\u00e9s das condi\u00e7\u00f5es de equil\u00edbrio para o corpo r\u00edgido, calcule a massa do corpo r\u00edgido posicionado na balan\u00e7a.<\/li>\n<\/ol>\n<p>M1 = __________ g<\/p>\n<p>Aten\u00e7\u00e3o: Observe atentamente as unidades das grandezas dispostas no experimento.<\/p>\n<ol start=\"2\">\n<li>Ap\u00f3s a repeti\u00e7\u00e3o do experimento para os outros pesos dispostos na bancada, descreva qual a rela\u00e7\u00e3o entre o peso do corpo posicionado no prato da balan\u00e7a e a dist\u00e2ncia do contrapeso ao piv\u00f4.<\/li>\n<\/ol>\n<hr \/>\n<p><strong>CHECKLIST<\/strong><\/p>\n<p>\u2713 Acessar seu AVA<\/p>\n<p>\u2713 Clicar no link do experimento EST\u00c1TICA \u2013 BALAN\u00c7A DE PRATO<\/p>\n<p>\u2713 Inserir os pesos na balan\u00e7a<\/p>\n<p>\u2713 Obter os pesos do prato e contrapeso<\/p>\n<p>\u2713 Ajustar o equil\u00edbrio da balan\u00e7a<\/p>\n<p>\u2713 Realizar as medidas<\/p>\n<p>\u2713 Retirar o peso da balan\u00e7a<\/p>\n<p>\u2713 Repetir o experimento<\/p>\n<p>\u2713 Avaliar os resultados<\/p>\n<hr \/>\n<p><strong>RESULTADOS<\/strong><\/p>\n<p><strong>Resultados do experimento:<\/strong><\/p>\n<p>Ao final dessa aula pr\u00e1tica, voc\u00ea dever\u00e1 enviar um arquivo em Word contendo as informa\u00e7\u00f5es obtidas no experimento, os c\u00e1lculos realizados, em conjunto com um texto conclusivo a respeito das informa\u00e7\u00f5es obtidas.<\/p>\n<p>O arquivo n\u00e3o pode exceder o tamanho de <strong>2Mb<\/strong>.<\/p>\n<p>Acrescente as <strong>refer\u00eancias bibliogr\u00e1ficas<\/strong>, quando houver, segundo as <strong>normas da ABNT<\/strong>.<\/p>\n<hr \/>\n<p><strong>Resultados de Aprendizagem:<\/strong><\/p>\n<p>Como resultados dessa pr\u00e1tica ser\u00e1 poss\u00edvel descrever o funcionamento de uma balan\u00e7a de prato e utilizar as equa\u00e7\u00f5es de equil\u00edbrio est\u00e1tico em corpos r\u00edgidos para validar o equil\u00edbrio de um corpo r\u00edgido.<\/p>\n<div class=\"elementor-toggle-item\">\n<p id=\"elementor-tab-title-1941\" class=\"elementor-tab-title elementor-active\" tabindex=\"0\" role=\"tab\" data-tab=\"1\" aria-controls=\"elementor-tab-content-1941\" aria-expanded=\"true\" aria-selected=\"true\"><strong>Como funciona?<\/strong><\/p>\n<p>Elaboramos os portf\u00f3lios, j\u00e1 deixamos prontos, nas normas da ABNT e conforme os requisitos da universidade. F\u00e1cil assim! O MELHOR \u00c9 QUE VOC\u00ca COMPRA E J\u00c1 BAIXA NA HORA O SEU ARQUIVO EM WORD! Sabemos que conciliar trabalho, fam\u00edlia, vida profissional e estudos \u00e9 dif\u00edcil hoje em dia, por isso, estamos aqui para ajudar voc\u00ea. Conte com nossa qualidade, experi\u00eancia e profissionalismo adquirindo seu portf\u00f3lio conosco. GARANTIMOS SEU CONCEITO!<\/p>\n<p><strong>Como se realizam os envios?<\/strong><\/p>\n<\/div>\n<p id=\"elementor-tab-content-1942\" class=\"elementor-tab-content elementor-clearfix elementor-active\" role=\"tabpanel\" data-tab=\"2\" aria-labelledby=\"elementor-tab-title-1942\">O seu trabalho \u00e9 disponibilizado pronto, respondido e nas normas j\u00e1 na mesma hora aqui em nosso site na sua \u00e1rea de downloads e tamb\u00e9m no seu e-mail.<\/p>\n<p><strong>Em quanto tempo recebo o portf\u00f3lio?<\/strong><\/p>\n<p>Os envios s\u00e3o imediatos. Ap\u00f3s sua compra, o trabalho j\u00e1 \u00e9 disponibilizado instantaneamente aqui em nosso site e no seu e-mail.<\/p>\n<p><strong>E se o portf\u00f3lio que comprei precisar de corre\u00e7\u00e3o?<\/strong><\/p>\n<p>Caso haja alguma solicita\u00e7\u00e3o de corre\u00e7\u00e3o\/altera\u00e7\u00e3o por parte do tutor, basta entrar em contato conosco pelo\u00a0WhatsApp\u00a0que provid\u00eanciaremos sem custo algum.<\/p>\n<p><strong>Qual o formato do arquivo?<\/strong><\/p>\n<p>Os arquivos s\u00e3o enviados em formato Word e s\u00e3o edit\u00e1veis.<\/p>\n<p><strong>Caso eu tiver alguma d\u00favida, terei suporte no p\u00f3s venda?<\/strong><\/p>\n<p>Sim, com certeza. Basta clicar no \u00edcone do WhatsApp no cantinho da tela. Ser\u00e1 um prazer atend\u00ea-lo(a).<\/p>\n<div id=\"elementor-tab-content-1948\" class=\"elementor-tab-content elementor-clearfix elementor-active\" role=\"tabpanel\" data-tab=\"8\" aria-labelledby=\"elementor-tab-title-1948\">\n<p><strong>Quais os seus canais de contato?<\/strong><\/p>\n<\/div>\n<div id=\"elementor-tab-content-1949\" class=\"elementor-tab-content elementor-clearfix elementor-active\" role=\"tabpanel\" data-tab=\"9\" aria-labelledby=\"elementor-tab-title-1949\">\n<p>Whatsapp: 53 984751621 \u2013 Clicar no canto da tela ou ESCANEIE O QRCODE ABAIXO<\/p>\n<h4><img decoding=\"async\" class=\"alignnone wp-image-13699 jetpack-lazy-image jetpack-lazy-image--handled\" src=\"https:\/\/i0.wp.com\/portifolioos-prontos.com\/wp-content\/uploads\/2023\/02\/whatsapp-business-projeto-de-extensao-300x300.jpeg?resize=144%2C144\" sizes=\"(max-width: 144px) 100vw, 144px\" srcset=\"https:\/\/i0.wp.com\/portifolioos-prontos.com\/wp-content\/uploads\/2023\/02\/whatsapp-business-projeto-de-extensao.jpeg?resize=300%2C301&amp;ssl=1 300w, https:\/\/i0.wp.com\/portifolioos-prontos.com\/wp-content\/uploads\/2023\/02\/whatsapp-business-projeto-de-extensao.jpeg?resize=150%2C150&amp;ssl=1 150w, https:\/\/i0.wp.com\/portifolioos-prontos.com\/wp-content\/uploads\/2023\/02\/whatsapp-business-projeto-de-extensao.jpeg?resize=370%2C372&amp;ssl=1 370w, https:\/\/i0.wp.com\/portifolioos-prontos.com\/wp-content\/uploads\/2023\/02\/whatsapp-business-projeto-de-extensao.jpeg?resize=100%2C100&amp;ssl=1 100w, https:\/\/i0.wp.com\/portifolioos-prontos.com\/wp-content\/uploads\/2023\/02\/whatsapp-business-projeto-de-extensao.jpeg?w=470&amp;ssl=1 470w\" alt=\"projeto de extens\u00e3o unopar\" width=\"144\" height=\"144\" data-lazy-loaded=\"1\" \/><\/h4>\n<\/div>\n<div class=\"elementor-toggle-item\">\n<div id=\"elementor-tab-content-1949\" class=\"elementor-tab-content elementor-clearfix elementor-active\" role=\"tabpanel\" data-tab=\"9\" aria-labelledby=\"elementor-tab-title-1949\">\n<p>E-mail:portifoliosp@gmail.com<\/p>\n<div id=\"attachment_143\" class=\"wp-caption alignnone\">\n<div id=\"attachment_143\" class=\"wp-caption alignnone\">\n<p id=\"caption-attachment-143\" class=\"wp-caption-text\"><a href=\"http:\/\/portfolio-pronto.com\/\">Portf\u00f3lio<\/a>\u00a0em Word, respondido, completo e j\u00e1 nas normas<\/p>\n<\/div>\n<\/div>\n<\/div>\n<\/div>\n","protected":false},"excerpt":{"rendered":"<p>Aula Pr\u00e1tica F\u00edsica Geral e Experimental Energia NOME DA DISCIPLINA: F\u00edsica Geral e Experimental Energia Unidade: U2_DIN\u00c2MICA_DO_MOVIMENTO_DE_ROTA\u00c7\u00c3O Aula: A3_EQUILIBRIO_DE_COROS_R\u00cdGIDOS OBJETIVOS Defini\u00e7\u00e3o dos objetivos da aula pr\u00e1tica: Utilizar um contrapeso para equilibrar a balan\u00e7a e, com base nas equa\u00e7\u00f5es do equil\u00edbrio est\u00e1tico de corpos r\u00edgidos, determinar o valor da massa sobre a balan\u00e7a. SOLU\u00c7\u00c3O DIGITAL: Algetec&hellip;<\/p>\n","protected":false},"featured_media":50320,"template":"","meta":{"_seopress_robots_primary_cat":"none","_seopress_titles_title":"","_seopress_titles_desc":"","_seopress_robots_index":""},"product_cat":[15],"product_tag":[],"class_list":{"0":"post-50316","1":"product","2":"type-product","3":"status-publish","4":"has-post-thumbnail","6":"product_cat-uncategorized","8":"first","9":"instock","10":"shipping-taxable","11":"purchasable","12":"product-type-simple","13":"col-xs-6 col-sm-4","14":"col-mf-5","15":"un-5-cols"},"jetpack_sharing_enabled":true,"_links":{"self":[{"href":"https:\/\/portifolioos-prontos.com\/index.php\/wp-json\/wp\/v2\/product\/50316","targetHints":{"allow":["GET"]}}],"collection":[{"href":"https:\/\/portifolioos-prontos.com\/index.php\/wp-json\/wp\/v2\/product"}],"about":[{"href":"https:\/\/portifolioos-prontos.com\/index.php\/wp-json\/wp\/v2\/types\/product"}],"version-history":[{"count":2,"href":"https:\/\/portifolioos-prontos.com\/index.php\/wp-json\/wp\/v2\/product\/50316\/revisions"}],"predecessor-version":[{"id":50596,"href":"https:\/\/portifolioos-prontos.com\/index.php\/wp-json\/wp\/v2\/product\/50316\/revisions\/50596"}],"wp:featuredmedia":[{"embeddable":true,"href":"https:\/\/portifolioos-prontos.com\/index.php\/wp-json\/wp\/v2\/media\/50320"}],"wp:attachment":[{"href":"https:\/\/portifolioos-prontos.com\/index.php\/wp-json\/wp\/v2\/media?parent=50316"}],"wp:term":[{"taxonomy":"product_cat","embeddable":true,"href":"https:\/\/portifolioos-prontos.com\/index.php\/wp-json\/wp\/v2\/product_cat?post=50316"},{"taxonomy":"product_tag","embeddable":true,"href":"https:\/\/portifolioos-prontos.com\/index.php\/wp-json\/wp\/v2\/product_tag?post=50316"}],"curies":[{"name":"wp","href":"https:\/\/api.w.org\/{rel}","templated":true}]}}