{"id":5032,"date":"2022-07-21T19:31:34","date_gmt":"2022-07-21T22:31:34","guid":{"rendered":"https:\/\/portifolioos-prontos.com\/?post_type=product&#038;p=5032"},"modified":"2022-10-17T14:58:28","modified_gmt":"2022-10-17T17:58:28","slug":"portfolio-culinaria-funcional","status":"publish","type":"product","link":"https:\/\/portifolioos-prontos.com\/index.php\/product\/portfolio-culinaria-funcional\/","title":{"rendered":"Portf\u00f3lio Culin\u00e1ria Funcional"},"content":{"rendered":"<h4>Portf\u00f3lio Culin\u00e1ria Funcional<\/h4>\n<h4>Curso: Nutri\u00e7\u00e3o 3\u00b0\/4\u00b0 semestre<\/h4>\n<p>Prezados(as) alunos(as),<br \/>\nSejam bem-vindos (as) a este semestre!<br \/>\nA proposta de Produ\u00e7\u00e3o Textual Interdisciplinar em Grupo (PTG) ter\u00e1 como tem\u00e1tica<br \/>\n\u201cCulin\u00e1ria Funcional\u201d. Escolhemos este assunto para possibilitar a aprendizagem interdisciplinar dos<br \/>\nconte\u00fados desenvolvidos nas disciplinas desse semestre.<\/p>\n<p><strong>Situa\u00e7\u00e3o Geradora de Aprendizagem (SGA)<\/strong><\/p>\n<p>Na sociedade contempor\u00e2nea, os consumidores est\u00e3o cada vez mais preocupados com a sua<br \/>\nsa\u00fade e o seu bem-estar. Isso tem levado a sua crescente conscientiza\u00e7\u00e3o dos efeitos da dieta sobre<br \/>\nsua sa\u00fade, motivando mudan\u00e7as nos seus h\u00e1bitos alimentares1<br \/>\n. Dentro deste contexto, os alimentos<br \/>\nfuncionais representam uma das \u00e1reas de grande interesse para os consumidores, como para<br \/>\npesquisas e inova\u00e7\u00f5es na ind\u00fastria de alimentos2<br \/>\n. A Danone foi pioneira no ramo dos iogurtes<br \/>\nfuncionais e aparece hoje como a empresa dominante nesse nicho de mercado. Como diria Pierre<br \/>\nBourdieu (2005, p. 36), \u201cela constitui um ponto de refer\u00eancia obrigat\u00f3rio para seus concorrentes que,<br \/>\nfa\u00e7am o que fizerem, s\u00e3o intimados a tomar posi\u00e7\u00e3o em rela\u00e7\u00e3o a ela, ativa ou passivamente\u201d.<br \/>\nA compreens\u00e3o das cren\u00e7as e anseios dos consumidores relacionados aos alimentos<br \/>\nfuncionais, passa a ser importante para impulsionar novas tecnologias e aperfei\u00e7oamento das<br \/>\nestrat\u00e9gias de marketing. Entre as novas tecnologias espera-se o desenvolvimento de produtos com<br \/>\npropriedades nutrac\u00eauticas e sensoriais melhoradas4<br \/>\n.<br \/>\nNesse contexto, nossa SGA acompanha a concretiza\u00e7\u00e3o do sonho de Mariana de ter sua loja<br \/>\nde doces e refei\u00e7\u00f5es funcionais.<\/p>\n<p>PRODU\u00c7\u00c3O TEXTUAL<br \/>\nINTERDISCIPLINAR<\/p>\n<p>SITUA\u00c7\u00c3O-PROBLEMA<br \/>\nMariana, casada, m\u00e3e de g\u00eameos, formada em administra\u00e7\u00e3o e MBA em Gest\u00e3o Empresarial, gerente<br \/>\ndo seu setor, sempre teve o sonho de ter uma loja de doces. Em 2015, quando engravidou, precisou<br \/>\nretirar da alimenta\u00e7\u00e3o alimentos inflamat\u00f3rios. Come\u00e7ou ent\u00e3o a pesquisar quais alimentos poderia<br \/>\nconsumir, ficou 7 meses sem ingerir leite e gl\u00faten e foi se encantando pela culin\u00e1ria funcional,<br \/>\nrealizou v\u00e1rios cursos para estudar os alimentos funcionais e \u00e9 apaixonada por doces. O primeiro<br \/>\nalimento produzido por ela foi um brownie e ela levava para o trabalho para consumir no seu hor\u00e1rio<br \/>\nde lanche. As pessoas ent\u00e3o come\u00e7aram a provar e a encomendar. Foi ent\u00e3o que ela criou uma linha<br \/>\nde transmiss\u00e3o com as pessoas da empresa que trabalhava, aos domingos anunciava as prepara\u00e7\u00f5es:<br \/>\nbrownies, bolinhas de caboti\u00e1 com frango, coxinha e empadas funcionais e os pedidos aumentaram<br \/>\nexponencialmente. Foi a\u00ed que decidiu ter seu pr\u00f3prio neg\u00f3cio, de levar para as pessoas com restri\u00e7\u00e3o<br \/>\nalimentar um momento agrad\u00e1vel e criar uma boa rela\u00e7\u00e3o com a alimenta\u00e7\u00e3o. Pediu demiss\u00e3o na<br \/>\nempresa que trabalhava, pois o sonho de ter seu estabelecimento para comercializar suas<br \/>\nprepara\u00e7\u00f5es funcionais era latente e seu objetivo de vida n\u00e3o era mais aquele. Hoje, com a ajuda de<br \/>\numa consultoria t\u00e9cnica especializada, realizou o sonho e tem uma loja que vende seus alimentos<br \/>\nfuncionais no centro da cidade e pretende ampliar seus neg\u00f3cios abrindo mais uma nova loja, por\u00e9m<br \/>\ncom o conceito voltado para o delivery e take away. Mariana, sempre busca inovar nas prepara\u00e7\u00f5es<br \/>\ne recentemente, al\u00e9m de vender em m\u00e9dia 100 refei\u00e7\u00f5es\/lanches no per\u00edodo de maior movimento<br \/>\nque \u00e9 o almo\u00e7o, ela desenvolveu uma receita de mousse de cacau com kefir que tem feito sucesso.<br \/>\nOs ingredientes e as quantidades utilizadas s\u00e3o: 6 bananas- ouro (300g), 1 pacote (12g) de gelatina<br \/>\nincolor, 500ml de iogurte de kefir e 2 colheres de sopa de cacau e p\u00f3. O rendimento \u00e9 de 75g por<br \/>\npor\u00e7\u00e3o.<br \/>\nBaseado na situa\u00e7\u00e3o geradora descrita acima, busque solu\u00e7\u00f5es para os problemas<br \/>\napresentados a seguir, mas, lembrem-se de que TODOS os desafios propostos devem ser respondidos<br \/>\nfazendo articula\u00e7\u00f5es com a SGA apresentada e a teoria respectiva. Logo, \u00e9 fundamental<br \/>\napresentar poder argumentativo e boa fundamenta\u00e7\u00e3o das justificativas.<\/p>\n<p><strong>DESAFIOS PROPOSTOS<\/strong><br \/>\n<strong>Desafio 1<\/strong><br \/>\nO Kefir \u00e9 um leite fermentado, \u00e1cido, levemente alco\u00f3lico, produzido artesanalmente a partir<br \/>\nde gr\u00e3os que cont\u00eam uma popula\u00e7\u00e3o relativamente est\u00e1vel de micro-organismos. A composi\u00e7\u00e3o<br \/>\nmicrobiana dos gr\u00e3os de kefir varia conforme a regi\u00e3o de origem, o tempo de utiliza\u00e7\u00e3o, o substrato<br \/>\nutilizado para prolifera\u00e7\u00e3o dos gr\u00e3os e as t\u00e9cnicas usadas em sua manipula\u00e7\u00e3o. O processo<br \/>\nfermentativo gera uma s\u00e9rie de compostos que conferem sabor e aroma caracter\u00edsticos ao kefir, al\u00e9m<br \/>\nde subst\u00e2ncias bioativas, respons\u00e1veis por propriedades nutrac\u00eauticas.<br \/>\nPortanto, elabore uma tabela de composi\u00e7\u00e3o nutricional do Kefir de leite referente a 100g. Nutrientes<br \/>\nque devem constar na tabela: Calorias, carboidratos totais, prote\u00ednas, lip\u00eddeos, \u00e1cidos graxos<br \/>\nsaturados, \u00e1cidos graxos poli-insaturados, colesterol, c\u00e1lcio, ferro, vitamina D, vitamina B12.<\/p>\n<p><strong>Desafio 2<\/strong><br \/>\nA seguran\u00e7a dos alimentos trata da garantia de que os alimentos n\u00e3o causar\u00e3o doen\u00e7as ao<br \/>\nconsumidor, para que isso aconte\u00e7a \u00e9 necess\u00e1rio que um controle de qualidade efetivo de toda a<br \/>\ncadeia alimentar, desde a produ\u00e7\u00e3o, armazenagem, distribui\u00e7\u00e3o at\u00e9 o consumo do alimento in natura<br \/>\nao processo, bem como os processos de manipula\u00e7\u00e3o que se fizerem necess\u00e1rios. Os manipulares de<br \/>\nalimentos podem ser portadores de v\u00e1rios microrganismos que podem contaminar os alimentos e<br \/>\ncausar doen\u00e7as aos consumidores, desta forma a higiene pessoal e os comportamentos assumidos<br \/>\ndurante a manipula\u00e7\u00e3o dos alimentos devem ser frequentemente supervisionados e abordados em<br \/>\ncapacita\u00e7\u00f5es para manipuladores de alimentos.<br \/>\nSendo assim responda:<br \/>\na) Qual o objetivo da elabora\u00e7\u00e3o do Procedimento Operacional Padronizado (POP) referente \u00e0<br \/>\nHigiene e \u00e0 Sa\u00fade dos manipuladores?<br \/>\nb) Como e quando os manipuladores devem higienizar as m\u00e3os?<br \/>\nc) Quais medidas s\u00e3o adotadas no caso de o manipulador apresentar problemas de sa\u00fade?<br \/>\nd) Como os manipuladores s\u00e3o capacitados?<br \/>\nDesafio 3<br \/>\nAo realizar o planejamento de um estabelecimento ou servi\u00e7o de alimenta\u00e7\u00e3o, inicia-se um<br \/>\nprocesso de tomada de decis\u00f5es, portanto, considerando as informa\u00e7\u00f5es existentes qual seria a<br \/>\nproposta de planejamento da nova loja da Mariana? Desenvolva uma proposta de layout (planta<br \/>\nbaixa) simples para apresentar para Mariana, junto desse layout identifique as \u00e1reas e setores que<br \/>\nseriam necess\u00e1rias, e descreva todas as caracter\u00edsticas da estrutura f\u00edsica da loja.<\/p>\n<p><strong>Desafio 4<\/strong><br \/>\nO profissional nutricionista conhece e desenvolve habilidades e compet\u00eancias necess\u00e1rias para<br \/>\natuar em consultorias t\u00e9cnicas em estabelecimentos e servi\u00e7os de alimenta\u00e7\u00e3o. Considere que a<br \/>\nt\u00e9cnica diet\u00e9tica \u00e9 a sistematiza\u00e7\u00e3o e o estudo dos procedimentos para tornar poss\u00edvel a plena<br \/>\nutiliza\u00e7\u00e3o dos alimentos, visando \u00e0 preserva\u00e7\u00e3o dos nutrientes, obten\u00e7\u00e3o das caracter\u00edsticas<br \/>\nsensoriais desejadas, escolha de opera\u00e7\u00f5es adequadas e controle das modifica\u00e7\u00f5es ocorridas durante<br \/>\ntodo o processo de produ\u00e7\u00e3o at\u00e9 o consumo final. Com base no que foi apresentado, desenvolva a<br \/>\nficha t\u00e9cnica da nova prepara\u00e7\u00e3o de sucesso do estabelecimento da Mariana, o mousse de cacau<br \/>\ncom kefir.<\/p>\n<p><strong>Desafio 5<\/strong><br \/>\nO marketing nutricional \u00e9 uma importante forma de diferencia\u00e7\u00e3o dos produtos, sendo uma<br \/>\nestrat\u00e9gia para fornecer um conjunto de informa\u00e7\u00f5es de car\u00e1ter nutricional sobre os produtos ao<br \/>\nconsumidor. Um r\u00f3tulo bem pensado e executado \u00e9 uma das estrat\u00e9gias de marketing mais efetivas<br \/>\nque existem. Pensando nisso, Mariana quer iniciar a divulga\u00e7\u00e3o do mousse de cacau com kefir para<br \/>\niniciar a comercializa\u00e7\u00e3o. Considerando essas informa\u00e7\u00f5es, elabore um r\u00f3tulo para a prepara\u00e7\u00e3o,<br \/>\ncom todas as informa\u00e7\u00f5es nutricionais e uma proposta de divulga\u00e7\u00e3o diferencial relacionada ao<br \/>\nproduto, norteando-se atrav\u00e9s da seguinte pergunta: Por que o produto \u00e9 diferente? Seja criativo<br \/>\n(a)!<\/p>\n<p><strong>REFER\u00caNCIAS<\/strong><br \/>\n1. Bogue J, Collins O, Troy, AJ. Chapter 2 &#8211; Market analysis and concept development of<br \/>\nfunctional foods. In: Bagchi D, Nair S (Eds). Developing New Functional Food and Nutraceutical<br \/>\nProducts, Cambridge: Academic Press, 2017. p. 29-45, https:\/\/doi.org\/10.1016\/B978-0-12-<br \/>\n802780-6.00002-X.<br \/>\n2. Annunziata, A; Vecchio, R. Functional foods development in the European market: A<br \/>\nconsumer perspective. J Funct Foods. 2011; 3(3), 223-228.<br \/>\nhttps:\/\/doi.org\/10.1016\/j.jff.2011.03.011.<br \/>\n3. Bourdieu, P. 2005. O campo econ\u00f4mico. Pol\u00edtica &amp; Sociedade, Florian\u00f3polis, n. 6, p. 15-58.<br \/>\nPRODU\u00c7\u00c3O TEXTUAL<br \/>\nINTERDISCIPLINAR<br \/>\n4. Neves, C.R.N. Alimentos funcionais: percep\u00e7\u00e3o dos consumidores no Distrito Federal, Brasil.<br \/>\nRevista o Mundo da Sa\u00fade, 2021.<br \/>\n5. Weschenfelder, S. et al. Caracteriza\u00e7\u00e3o f\u00edsico-qu\u00edmica e sensorial de kefir tradicional e<br \/>\nderivados. Arq. Bras. Med. Vet. Zootec., v.63, n.2, p.473-480, 2011. Dispon\u00edvel em:<br \/>\nhttps:\/\/www.scielo.br\/j\/abmvz\/a\/dvNZJ4QX4QfMgBxycwFYhwN\/?format=pdf&#038;lang=pt.<br \/>\n6. Tabela de composi\u00e7\u00e3o brasileira dos alimentos. Dispon\u00edvel em:<br \/>\nhttp:\/\/www.tbca.net.br\/index.html.<br \/>\n7. Resolu\u00e7\u00e3o n\u00b0 216, de 15 de setembro de 2004.<br \/>\n8. Resolu\u00e7\u00e3o RDC n\u00ba 275, de 21 de outubro de 2002.<br \/>\n9. Pittelkow A, Bitello AR. A higieniza\u00e7\u00e3o de manipuladores de uma unidade de alimenta\u00e7\u00e3o e<br \/>\nnutri\u00e7\u00e3o (UAN). Revista Destaques Acad\u00eamicos, vol. 6, n. 3, 2014 &#8211; CCBS\/Univates. Dispon\u00edvel<br \/>\nem:<br \/>\nfile:\/\/\/C:\/Users\/Naiara\/OneDrive\/%C3%81rea%20de%20Trabalho\/sa%C3%BAde%20dos%20<br \/>\nmanipuladores.pdf.<br \/>\n10. Cunha LF, Amichi KR. Rela\u00e7\u00e3o entre a ocorr\u00eancia de enteroparasitoses e pr\u00e1ticas de higiene<br \/>\nde Manipuladores de alimentos: revis\u00e3o da literatura. Revista Sa\u00fade e Pesquisa, v. 7, n. 1, p.<br \/>\n147-157, jan.\/abr. 2014. Dispon\u00edvel em:<br \/>\nhttps:\/\/periodicos.unicesumar.edu.br\/index.php\/saudpesq\/article\/view\/2634\/2196.<\/p>\n<div class=\"elementor-toggle-item\">\n<div class=\"elementor-toggle-item\">\n<h4 id=\"elementor-tab-title-1941\" class=\"elementor-tab-title elementor-active\" tabindex=\"0\" role=\"tab\" data-tab=\"1\" aria-controls=\"elementor-tab-content-1941\" aria-expanded=\"true\" aria-selected=\"true\">Como funciona?<\/h4>\n<div id=\"elementor-tab-content-1941\" class=\"elementor-tab-content elementor-clearfix elementor-active\" role=\"tabpanel\" data-tab=\"1\" aria-labelledby=\"elementor-tab-title-1941\">\n<p>Elaboramos os portf\u00f3lios, j\u00e1 deixamos prontos, nas normas da ABNT e conforme os requisitos da universidade. F\u00e1cil assim! O MELHOR \u00c9 QUE VOC\u00ca COMPRA E J\u00c1 BAIXA NA HORA O SEU ARQUIVO EM WORD! Sabemos que conciliar trabalho, fam\u00edlia, vida profissional e estudos \u00e9 dif\u00edcil hoje em dia, por isso, estamos aqui para ajudar voc\u00ea. Conte com nossa qualidade, experi\u00eancia e profissionalismo adquirindo seu portf\u00f3lio conosco. GARANTIMOS SEU CONCEITO!<\/p>\n<h4>Como se realizam os envios?<\/h4>\n<\/div>\n<\/div>\n<div class=\"elementor-toggle-item\">\n<div id=\"elementor-tab-content-1942\" class=\"elementor-tab-content elementor-clearfix elementor-active\" role=\"tabpanel\" data-tab=\"2\" aria-labelledby=\"elementor-tab-title-1942\">O seu trabalho \u00e9 disponibilizado pronto, respondido e nas normas j\u00e1 na mesma hora aqui em nosso site na sua \u00e1rea de downloads e tamb\u00e9m no seu e-mail.<\/div>\n<\/div>\n<div class=\"elementor-toggle-item\">\n<div id=\"elementor-tab-content-1943\" class=\"elementor-tab-content elementor-clearfix elementor-active\" role=\"tabpanel\" data-tab=\"3\" aria-labelledby=\"elementor-tab-title-1943\">\n<h4>Em quanto tempo recebo o portf\u00f3lio?<\/h4>\n<\/div>\n<\/div>\n<div class=\"elementor-toggle-item\">\n<div id=\"elementor-tab-content-1944\" class=\"elementor-tab-content elementor-clearfix elementor-active\" role=\"tabpanel\" data-tab=\"4\" aria-labelledby=\"elementor-tab-title-1944\">\n<p>Os envios s\u00e3o imediatos. Ap\u00f3s sua compra, o trabalho j\u00e1 \u00e9 disponibilizado instantaneamente aqui em nosso site e no seu e-mail.<\/p>\n<h4>E se o portf\u00f3lio que comprei precisar de corre\u00e7\u00e3o?<\/h4>\n<\/div>\n<\/div>\n<div class=\"elementor-toggle-item\">\n<div id=\"elementor-tab-content-1945\" class=\"elementor-tab-content elementor-clearfix elementor-active\" role=\"tabpanel\" data-tab=\"5\" aria-labelledby=\"elementor-tab-title-1945\">\n<p>Caso haja alguma solicita\u00e7\u00e3o de corre\u00e7\u00e3o\/altera\u00e7\u00e3o por parte do tutor, basta entrar em contato conosco pelo\u00a0WhatsApp\u00a0que provid\u00eanciaremos sem custo algum.<\/p>\n<h4>Qual o formato do arquivo?<\/h4>\n<\/div>\n<\/div>\n<div class=\"elementor-toggle-item\">\n<div id=\"elementor-tab-content-1946\" class=\"elementor-tab-content elementor-clearfix elementor-active\" role=\"tabpanel\" data-tab=\"6\" aria-labelledby=\"elementor-tab-title-1946\">\n<p>Os arquivos s\u00e3o enviados em formato Word e s\u00e3o edit\u00e1veis.<\/p>\n<h4>Caso eu tiver alguma d\u00favida, terei suporte no p\u00f3s venda?<\/h4>\n<\/div>\n<\/div>\n<div class=\"elementor-toggle-item\">\n<div id=\"elementor-tab-content-1948\" class=\"elementor-tab-content elementor-clearfix elementor-active\" role=\"tabpanel\" data-tab=\"8\" aria-labelledby=\"elementor-tab-title-1948\">\n<p>Sim, com certeza. Basta clicar no \u00edcone do WhatsApp no cantinho da tela. Ser\u00e1 um prazer atend\u00ea-lo(a).<\/p>\n<div class=\"elementor-toggle-item\">\n<div id=\"elementor-tab-content-1948\" class=\"elementor-tab-content elementor-clearfix elementor-active\" role=\"tabpanel\" data-tab=\"8\" aria-labelledby=\"elementor-tab-title-1948\">\n<h4>Quais os seus canais de contato?<\/h4>\n<\/div>\n<\/div>\n<div class=\"elementor-toggle-item\">\n<div id=\"elementor-tab-content-1949\" class=\"elementor-tab-content elementor-clearfix elementor-active\" role=\"tabpanel\" data-tab=\"9\" aria-labelledby=\"elementor-tab-title-1949\">\n<p>Whatsapp: 53 984751621 \u2013 Clicar no canto da tela ou ESCANEIE O QRCODE ABAIXO<\/p>\n<p><img decoding=\"async\" class=\"alignnone wp-image-7603\" src=\"http:\/\/portifolioos-prontos.com\/wp-content\/uploads\/2022\/09\/portfolio-unopar-pronto-colaborar-ava-producao-textual-interdisciplinar.png\" alt=\"Culin\u00e1ria Funcional,portfolio Culin\u00e1ria Funcional,portfolio nutri\u00e7\u00e3o Culin\u00e1ria Funcional,portfolio nutri\u00e7\u00e3o unopar,nutri\u00e7\u00e3o Culin\u00e1ria Funcional,portfolio pronto Culin\u00e1ria Funcional,trabalho pronto Culin\u00e1ria Funcional,pti Culin\u00e1ria Funcional,ptg Culin\u00e1ria Funcional,ptg nutri\u00e7\u00e3o,pti nutri\u00e7\u00e3o,ptg unopar,pti unopar,nutri\u00e7\u00e3o unopar,unopar portfolio,unopar portfolio pronto,anhanguera portf\u00f3lio,anhanguera Culin\u00e1ria Funcional,nutri\u00e7\u00e3o anhanguera,nutri\u00e7\u00e3o,portfolio anhanguera Culin\u00e1ria Funcional,fazer portfolio unopar,fazer portfolio anhanguera,modelo portfolio,portfolio pronto anhanguera Culin\u00e1ria Funcional,Portfolio pronto,portifolio pronto,portf\u00f3lio pronto,portifolios prontos,portif\u00f3lios prontos,portf\u00f3lio pronto unopar,portifolio pronto unopar,portif\u00f3lio pronto unopar,portifolios prontos unopar,portifolios prontos anhanguera,portf\u00f3lios prontos anhanguera,portf\u00f3lio pronto anhanguera,portfolios ead,portf\u00f3lios ead,portfolioead,apostileiros,portf\u00f3lio ead,portifolios ead,portif\u00f3lios ead,eadhelp,shop do acad\u00eamico,portfolio pronto ead,portfolio unopar ead,ead portfolio ava,portf\u00f3lio ead anhanguera,portf\u00f3lio ead pront,o portf\u00f3lio ead unopar,portf\u00f3lio pronto em word,modelo de portf\u00f3lio unopar,modelo de portf\u00f3lio anhanguera,como fazer um portf\u00f3lio para faculdade,como faz portf\u00f3lio universidade,como faz portf\u00f3lios para universidade,portf\u00f3lios prontos para universidade,portf\u00f3lios pronto para faculdade,portf\u00f3lio pronto para editar,portifolios prontos para editar,portf\u00f3lio em word,portfolio em word,portf\u00f3lio em word para editar,portifolio em word para editar,portfolio unopar pronto para editar,modelo de portfolio para unopar,modelo de portif\u00f3lio para unopar,modelo de portf\u00f3lio para unopar,unopar portf\u00f3lio pronto,anhanguera portf\u00f3lio pronto,portf\u00f3lio em word pronto,comprar portf\u00f3lio pronto,como fazer um portf\u00f3lio,como fazer portf\u00f3lio digital,portfolio,portf\u00f3lio,portifolio,portif\u00f3lio,portf\u00f3lio interdisciplinar individual,portfolio interdisciplinar individual,exemplos de portf\u00f3lio para faculdade,baixar portf\u00f3lio pronto,portf\u00f3lio acad\u00eamico,portf\u00f3lio online,portfoliooead,portfolio ead,portf\u00f3lio pronto interdisciplinar individual,relat\u00f3rio de est\u00e1gio unopar,relat\u00f3rio de est\u00e1gio pronto unopar,como criar um portf\u00f3lio,o que \u00e9 um portf\u00f3lio e como fazer,portfolio exemplo,modelo de portfolio acad\u00eamico,relat\u00f3rio de est\u00e1gio gest\u00e3o escolar pronto unopar,portf\u00f3lio como fazer,prova profici\u00eancia unopar,portfolio individual est\u00e1gio curricular obrigat\u00f3rio ii anos iniciais do ensino fundamental,prova de profici\u00eancia pedagogia unopar,capa de trabalho unopar para editar,portf\u00f3lio acad\u00eamico unopar,como fazer um portf\u00f3lio acad\u00eamico,portf\u00f3lio exemplos word,portfolio acad\u00eamico,portfolio individual,portfolio individual unopar,portfolio individual anhanguera,portfolio marketing digital,portf\u00f3lio educa\u00e7\u00e3o f\u00edsica unopar,portf\u00f3lio gest\u00e3o educacional e espa\u00e7os n\u00e3o escolares,como fazer um portifolio unopar,modelo de portf\u00f3lio unopar em arquivo word,capa de portf\u00f3lio de pedagogia,como fazer um portf\u00f3lio no word,projeto integrado unopar,exemplo de portf\u00f3lio academico pedagogia\" width=\"141\" height=\"141\" srcset=\"https:\/\/portifolioos-prontos.com\/wp-content\/uploads\/2022\/09\/portfolio-unopar-pronto-colaborar-ava-producao-textual-interdisciplinar.png 150w, https:\/\/portifolioos-prontos.com\/wp-content\/uploads\/2022\/09\/portfolio-unopar-pronto-colaborar-ava-producao-textual-interdisciplinar-100x100.png 100w\" sizes=\"(max-width: 141px) 100vw, 141px\" \/><\/p>\n<\/div>\n<\/div>\n<\/div>\n<\/div>\n<div class=\"elementor-toggle-item\">\n<div id=\"elementor-tab-content-1949\" class=\"elementor-tab-content elementor-clearfix elementor-active\" role=\"tabpanel\" data-tab=\"9\" aria-labelledby=\"elementor-tab-title-1949\">\n<p>E-mail:portifoliosp@gmail.com<\/p>\n<div id=\"attachment_143\" class=\"wp-caption alignnone\">\n<div id=\"attachment_143\" class=\"wp-caption alignnone\" style=\"width: 157px;\">\n<p><a href=\"http:\/\/portifolioos-prontos.com\/\"><img decoding=\"async\" class=\"wp-image-143\" title=\"portfolio pronto unopar\" src=\"http:\/\/portifolioos-prontos.com\/wp-content\/uploads\/2022\/04\/conceitomaximo.png\" alt=\"PORTFOLIO PRONTO UNOPAR ANHANGUERA\" width=\"157\" height=\"45\" aria-describedby=\"caption-attachment-143\" \/><\/a><\/p>\n<p id=\"caption-attachment-143\" class=\"wp-caption-text\">Portf\u00f3lio em Word, respondido, completo e j\u00e1 nas normas.<\/p>\n<\/div>\n<\/div>\n<\/div>\n<\/div>\n<\/div>\n","protected":false},"excerpt":{"rendered":"<p>Portf\u00f3lio Culin\u00e1ria Funcional Curso: Nutri\u00e7\u00e3o 3\u00b0\/4\u00b0 semestre Prezados(as) alunos(as), Sejam bem-vindos (as) a este semestre! A proposta de Produ\u00e7\u00e3o Textual Interdisciplinar em Grupo (PTG) ter\u00e1 como tem\u00e1tica \u201cCulin\u00e1ria Funcional\u201d. Escolhemos este assunto para possibilitar a aprendizagem interdisciplinar dos conte\u00fados desenvolvidos nas disciplinas desse semestre. Situa\u00e7\u00e3o Geradora de Aprendizagem (SGA) Na sociedade contempor\u00e2nea, os consumidores est\u00e3o&hellip;<\/p>\n","protected":false},"featured_media":5083,"template":"","meta":{"_seopress_robots_primary_cat":"none","_seopress_titles_title":"%%post_title%% %%sitetitle%%","_seopress_titles_desc":"%%post_content%%","_seopress_robots_index":""},"product_cat":[51,15],"product_tag":[],"class_list":{"0":"post-5032","1":"product","2":"type-product","3":"status-publish","4":"has-post-thumbnail","6":"product_cat-nutricao","7":"product_cat-uncategorized","9":"first","10":"instock","11":"downloadable","12":"virtual","13":"purchasable","14":"product-type-simple","15":"col-xs-6 col-sm-4","16":"col-mf-5","17":"un-5-cols"},"jetpack_sharing_enabled":true,"_links":{"self":[{"href":"https:\/\/portifolioos-prontos.com\/index.php\/wp-json\/wp\/v2\/product\/5032","targetHints":{"allow":["GET"]}}],"collection":[{"href":"https:\/\/portifolioos-prontos.com\/index.php\/wp-json\/wp\/v2\/product"}],"about":[{"href":"https:\/\/portifolioos-prontos.com\/index.php\/wp-json\/wp\/v2\/types\/product"}],"version-history":[{"count":0,"href":"https:\/\/portifolioos-prontos.com\/index.php\/wp-json\/wp\/v2\/product\/5032\/revisions"}],"wp:featuredmedia":[{"embeddable":true,"href":"https:\/\/portifolioos-prontos.com\/index.php\/wp-json\/wp\/v2\/media\/5083"}],"wp:attachment":[{"href":"https:\/\/portifolioos-prontos.com\/index.php\/wp-json\/wp\/v2\/media?parent=5032"}],"wp:term":[{"taxonomy":"product_cat","embeddable":true,"href":"https:\/\/portifolioos-prontos.com\/index.php\/wp-json\/wp\/v2\/product_cat?post=5032"},{"taxonomy":"product_tag","embeddable":true,"href":"https:\/\/portifolioos-prontos.com\/index.php\/wp-json\/wp\/v2\/product_tag?post=5032"}],"curies":[{"name":"wp","href":"https:\/\/api.w.org\/{rel}","templated":true}]}}