{"id":50323,"date":"2026-03-10T21:22:20","date_gmt":"2026-03-11T00:22:20","guid":{"rendered":"https:\/\/portifolioos-prontos.com\/?post_type=product&#038;p=50323"},"modified":"2026-03-10T21:22:22","modified_gmt":"2026-03-11T00:22:22","slug":"relatorio-de-estagio-curricular-obrigatorio-jornalismo","status":"publish","type":"product","link":"https:\/\/portifolioos-prontos.com\/index.php\/product\/relatorio-de-estagio-curricular-obrigatorio-jornalismo\/","title":{"rendered":"Relat\u00f3rio de Est\u00e1gio Curricular Obrigat\u00f3rio &#8211; Jornalismo"},"content":{"rendered":"<p><strong>Est\u00e1gio Curricular Obrigat\u00f3rio &#8211; Jornalismo<\/strong><\/p>\n<hr \/>\n<p data-start=\"973\" data-end=\"1013\"><strong data-start=\"973\" data-end=\"1013\">1. IDENTIFICA\u00c7\u00c3O DO CAMPO DE EST\u00c1GIO<\/strong><\/p>\n<p data-start=\"1015\" data-end=\"1043\"><strong data-start=\"1015\" data-end=\"1043\">Identifica\u00e7\u00e3o da Empresa<\/strong><\/p>\n<p data-start=\"1045\" data-end=\"1319\">Nome:<br data-start=\"1050\" data-end=\"1053\" \/>CNPJ:<br data-start=\"1058\" data-end=\"1061\" \/>Bairro:<br data-start=\"1068\" data-end=\"1071\" \/>Endere\u00e7o:<br data-start=\"1080\" data-end=\"1083\" \/>CEP:<br data-start=\"1087\" data-end=\"1090\" \/>Cidade\/Estado:<br data-start=\"1104\" data-end=\"1107\" \/>Telefone:<br data-start=\"1116\" data-end=\"1119\" \/>url: http:\/\/<br data-start=\"1131\" data-end=\"1134\" \/>e-mail:<br data-start=\"1141\" data-end=\"1144\" \/>\u00c1rea na empresa onde foi realizado o est\u00e1gio: &lt;informar o setor&gt;<br data-start=\"1209\" data-end=\"1212\" \/>Data de in\u00edcio:<br data-start=\"1227\" data-end=\"1230\" \/>Data de t\u00e9rmino:<br data-start=\"1246\" data-end=\"1249\" \/>Carga Hor\u00e1ria Semanal:<br data-start=\"1271\" data-end=\"1274\" \/>Carga Hor\u00e1ria Total:<br data-start=\"1294\" data-end=\"1297\" \/>Supervisor de Est\u00e1gio:<\/p>\n<hr data-start=\"1321\" data-end=\"1324\" \/>\n<p data-start=\"1326\" data-end=\"1356\"><strong data-start=\"1326\" data-end=\"1356\">2. APRESENTA\u00c7\u00c3O DA EMPRESA<\/strong><\/p>\n<p data-start=\"1358\" data-end=\"1698\">Deve conter um texto que apresente o escrit\u00f3rio\/empresa em que o est\u00e1gio foi realizado, abordando informa\u00e7\u00f5es sobre um breve hist\u00f3rico da organiza\u00e7\u00e3o, caracteriza\u00e7\u00e3o do segmento de mercado, infraestrutura do local de trabalho e principais atividades realizadas no setor, redigidos de forma resumida at\u00e9 no m\u00e1ximo a metade da pr\u00f3xima p\u00e1gina.<\/p>\n<hr data-start=\"1700\" data-end=\"1703\" \/>\n<p data-start=\"1705\" data-end=\"1736\"><strong data-start=\"1705\" data-end=\"1736\">3. ATIVIDADES DESENVOLVIDAS<\/strong><\/p>\n<p data-start=\"1738\" data-end=\"1961\">As atividades desenvolvidas t\u00eam por objetivo expor, de maneira clara, objetiva e com detalhes fundamentais, as ideias principais das tarefas realizadas no est\u00e1gio, analisando-as e ressaltando os pormenores mais importantes.<\/p>\n<p data-start=\"1963\" data-end=\"2080\">Cada atividade desenvolvida no est\u00e1gio se constituir\u00e1 de um subt\u00edtulo (exemplo abaixo) no qual o estagi\u00e1rio relatar\u00e1:<\/p>\n<p data-start=\"2082\" data-end=\"2142\">\u2022 O que foi feito.<br data-start=\"2100\" data-end=\"2103\" \/>\u2022 Porque foi feito.<br data-start=\"2122\" data-end=\"2125\" \/>\u2022 Como foi feito.<\/p>\n<p data-start=\"2144\" data-end=\"2156\"><strong data-start=\"2144\" data-end=\"2156\">Exemplo:<\/strong><\/p>\n<p data-start=\"2158\" data-end=\"2231\"><strong data-start=\"2158\" data-end=\"2231\">ATIVIDADE 01 \u2013 Nominar a atividade e o per\u00edodo (data de in\u00edcio e fim)<\/strong><\/p>\n<p data-start=\"2233\" data-end=\"2287\">O que foi feito<br data-start=\"2248\" data-end=\"2251\" \/>Por que foi feito?<br data-start=\"2269\" data-end=\"2272\" \/>Como foi feito?<\/p>\n<hr data-start=\"2289\" data-end=\"2292\" \/>\n<p data-start=\"2294\" data-end=\"2367\"><strong data-start=\"2294\" data-end=\"2367\">ATIVIDADE 02 \u2013 Nominar a atividade e o per\u00edodo (data de in\u00edcio e fim)<\/strong><\/p>\n<p data-start=\"2369\" data-end=\"2423\">O que foi feito<br data-start=\"2384\" data-end=\"2387\" \/>Por que foi feito?<br data-start=\"2405\" data-end=\"2408\" \/>Como foi feito?<\/p>\n<hr data-start=\"2425\" data-end=\"2428\" \/>\n<p data-start=\"2430\" data-end=\"2503\"><strong data-start=\"2430\" data-end=\"2503\">ATIVIDADE 03 \u2013 Nominar a atividade e o per\u00edodo (data de in\u00edcio e fim)<\/strong><\/p>\n<p data-start=\"2505\" data-end=\"2559\">O que foi feito<br data-start=\"2520\" data-end=\"2523\" \/>Por que foi feito?<br data-start=\"2541\" data-end=\"2544\" \/>Como foi feito?<\/p>\n<hr data-start=\"2561\" data-end=\"2564\" \/>\n<p data-start=\"2566\" data-end=\"2605\">Obs: Pode ser anexado imagens ao texto.<\/p>\n<p data-start=\"2607\" data-end=\"2682\">Todo o trabalho deve ser digitado dentro das normas t\u00e9cnicas de formata\u00e7\u00e3o.<\/p>\n<hr data-start=\"2684\" data-end=\"2687\" \/>\n<p data-start=\"2689\" data-end=\"2739\"><strong data-start=\"2689\" data-end=\"2739\">4. CONTRIBUI\u00c7\u00d5ES DO EST\u00c1GIO PARA O APRENDIZADO<\/strong><\/p>\n<p data-start=\"2741\" data-end=\"2961\">Deve conter um texto com a opini\u00e3o do aluno a cerca da experi\u00eancia obtida no est\u00e1gio, descrevendo de que forma esse per\u00edodo contribuiu para sua aprendizagem e quais s\u00e3o as perspectivas a respeito da atua\u00e7\u00e3o profissional.<\/p>\n<hr data-start=\"2963\" data-end=\"2966\" \/>\n<p data-start=\"2968\" data-end=\"2982\"><strong data-start=\"2968\" data-end=\"2982\">REFER\u00caNCIA<\/strong><\/p>\n<p data-start=\"2984\" data-end=\"3085\">ASSOCIA\u00c7\u00c3O BRASILEIRA DE NORMAS T\u00c9CNICAS. NBR 6023: refer\u00eancias bibliogr\u00e1ficas. Rio de Janeiro, 2018.<\/p>\n<p data-start=\"3087\" data-end=\"3224\">ASSOCIA\u00c7\u00c3O BRASILEIRA DE NORMAS T\u00c9CNICAS. NBR 14724: Informa\u00e7\u00e3o e documenta\u00e7\u00e3o, trabalhos acad\u00eamicos, apresenta\u00e7\u00e3o. Rio de Janeiro, 2011.<\/p>\n<hr data-start=\"3226\" data-end=\"3229\" \/>\n<p data-start=\"3231\" data-end=\"3260\"><strong data-start=\"3231\" data-end=\"3260\">AP\u00caNDICES (se necess\u00e1rio)<\/strong><\/p>\n<hr data-start=\"3262\" data-end=\"3265\" \/>\n<p data-start=\"3267\" data-end=\"3293\"><strong data-start=\"3267\" data-end=\"3293\">ANEXOS (se necess\u00e1rio)<\/strong><\/p>\n<div class=\"elementor-toggle-item\">\n<p id=\"elementor-tab-title-1941\" class=\"elementor-tab-title elementor-active\" tabindex=\"0\" role=\"tab\" data-tab=\"1\" aria-controls=\"elementor-tab-content-1941\" aria-expanded=\"true\" aria-selected=\"true\"><strong>Como funciona?<\/strong><\/p>\n<p>Elaboramos os portf\u00f3lios, j\u00e1 deixamos prontos, nas normas da ABNT e conforme os requisitos da universidade. F\u00e1cil assim! O MELHOR \u00c9 QUE VOC\u00ca COMPRA E J\u00c1 BAIXA NA HORA O SEU ARQUIVO EM WORD! Sabemos que conciliar trabalho, fam\u00edlia, vida profissional e estudos \u00e9 dif\u00edcil hoje em dia, por isso, estamos aqui para ajudar voc\u00ea. Conte com nossa qualidade, experi\u00eancia e profissionalismo adquirindo seu portf\u00f3lio conosco. GARANTIMOS SEU CONCEITO!<\/p>\n<p><strong>Como se realizam os envios?<\/strong><\/p>\n<\/div>\n<p id=\"elementor-tab-content-1942\" class=\"elementor-tab-content elementor-clearfix elementor-active\" role=\"tabpanel\" data-tab=\"2\" aria-labelledby=\"elementor-tab-title-1942\">O seu trabalho \u00e9 disponibilizado pronto, respondido e nas normas j\u00e1 na mesma hora aqui em nosso site na sua \u00e1rea de downloads e tamb\u00e9m no seu e-mail.<\/p>\n<p><strong>Em quanto tempo recebo o portf\u00f3lio?<\/strong><\/p>\n<p>Os envios s\u00e3o imediatos. Ap\u00f3s sua compra, o trabalho j\u00e1 \u00e9 disponibilizado instantaneamente aqui em nosso site e no seu e-mail.<\/p>\n<p><strong>E se o portf\u00f3lio que comprei precisar de corre\u00e7\u00e3o?<\/strong><\/p>\n<p>Caso haja alguma solicita\u00e7\u00e3o de corre\u00e7\u00e3o\/altera\u00e7\u00e3o por parte do tutor, basta entrar em contato conosco pelo\u00a0WhatsApp\u00a0que provid\u00eanciaremos sem custo algum.<\/p>\n<p><strong>Qual o formato do arquivo?<\/strong><\/p>\n<p>Os arquivos s\u00e3o enviados em formato Word e s\u00e3o edit\u00e1veis.<\/p>\n<p><strong>Caso eu tiver alguma d\u00favida, terei suporte no p\u00f3s venda?<\/strong><\/p>\n<p>Sim, com certeza. Basta clicar no \u00edcone do WhatsApp no cantinho da tela. Ser\u00e1 um prazer atend\u00ea-lo(a).<\/p>\n<div id=\"elementor-tab-content-1948\" class=\"elementor-tab-content elementor-clearfix elementor-active\" role=\"tabpanel\" data-tab=\"8\" aria-labelledby=\"elementor-tab-title-1948\">\n<p><strong>Quais os seus canais de contato?<\/strong><\/p>\n<\/div>\n<div id=\"elementor-tab-content-1949\" class=\"elementor-tab-content elementor-clearfix elementor-active\" role=\"tabpanel\" data-tab=\"9\" aria-labelledby=\"elementor-tab-title-1949\">\n<p>Whatsapp: 53 984751621 \u2013 Clicar no canto da tela ou ESCANEIE O QRCODE ABAIXO<\/p>\n<h4><img decoding=\"async\" class=\"alignnone wp-image-13699 jetpack-lazy-image jetpack-lazy-image--handled\" src=\"https:\/\/i0.wp.com\/portifolioos-prontos.com\/wp-content\/uploads\/2023\/02\/whatsapp-business-projeto-de-extensao-300x300.jpeg?resize=144%2C144\" sizes=\"(max-width: 144px) 100vw, 144px\" srcset=\"https:\/\/i0.wp.com\/portifolioos-prontos.com\/wp-content\/uploads\/2023\/02\/whatsapp-business-projeto-de-extensao.jpeg?resize=300%2C301&amp;ssl=1 300w, https:\/\/i0.wp.com\/portifolioos-prontos.com\/wp-content\/uploads\/2023\/02\/whatsapp-business-projeto-de-extensao.jpeg?resize=150%2C150&amp;ssl=1 150w, https:\/\/i0.wp.com\/portifolioos-prontos.com\/wp-content\/uploads\/2023\/02\/whatsapp-business-projeto-de-extensao.jpeg?resize=370%2C372&amp;ssl=1 370w, https:\/\/i0.wp.com\/portifolioos-prontos.com\/wp-content\/uploads\/2023\/02\/whatsapp-business-projeto-de-extensao.jpeg?resize=100%2C100&amp;ssl=1 100w, https:\/\/i0.wp.com\/portifolioos-prontos.com\/wp-content\/uploads\/2023\/02\/whatsapp-business-projeto-de-extensao.jpeg?w=470&amp;ssl=1 470w\" alt=\"projeto de extens\u00e3o unopar\" width=\"144\" height=\"144\" data-lazy-loaded=\"1\" \/><\/h4>\n<\/div>\n<div class=\"elementor-toggle-item\">\n<div id=\"elementor-tab-content-1949\" class=\"elementor-tab-content elementor-clearfix elementor-active\" role=\"tabpanel\" data-tab=\"9\" aria-labelledby=\"elementor-tab-title-1949\">\n<p>E-mail:portifoliosp@gmail.com<\/p>\n<div id=\"attachment_143\" class=\"wp-caption alignnone\">\n<div id=\"attachment_143\" class=\"wp-caption alignnone\">\n<p id=\"caption-attachment-143\" class=\"wp-caption-text\"><a href=\"http:\/\/portfolio-pronto.com\/\">Portf\u00f3lio<\/a>\u00a0em Word, respondido, completo e j\u00e1 nas normas<\/p>\n<\/div>\n<\/div>\n<\/div>\n<\/div>\n","protected":false},"excerpt":{"rendered":"<p>Est\u00e1gio Curricular Obrigat\u00f3rio &#8211; Jornalismo 1. IDENTIFICA\u00c7\u00c3O DO CAMPO DE EST\u00c1GIO Identifica\u00e7\u00e3o da Empresa Nome:CNPJ:Bairro:Endere\u00e7o:CEP:Cidade\/Estado:Telefone:url: http:\/\/e-mail:\u00c1rea na empresa onde foi realizado o est\u00e1gio: &lt;informar o setor&gt;Data de in\u00edcio:Data de t\u00e9rmino:Carga Hor\u00e1ria Semanal:Carga Hor\u00e1ria Total:Supervisor de Est\u00e1gio: 2. APRESENTA\u00c7\u00c3O DA EMPRESA Deve conter um texto que apresente o escrit\u00f3rio\/empresa em que o est\u00e1gio foi realizado, abordando&hellip;<\/p>\n","protected":false},"featured_media":50326,"template":"","meta":{"_seopress_robots_primary_cat":"","_seopress_titles_title":"","_seopress_titles_desc":"","_seopress_robots_index":""},"product_cat":[286],"product_tag":[],"class_list":{"0":"post-50323","1":"product","2":"type-product","3":"status-publish","4":"has-post-thumbnail","6":"product_cat-jornalismo","8":"first","9":"instock","10":"shipping-taxable","11":"purchasable","12":"product-type-simple","13":"col-xs-6 col-sm-4","14":"col-mf-5","15":"un-5-cols"},"jetpack_sharing_enabled":true,"_links":{"self":[{"href":"https:\/\/portifolioos-prontos.com\/index.php\/wp-json\/wp\/v2\/product\/50323","targetHints":{"allow":["GET"]}}],"collection":[{"href":"https:\/\/portifolioos-prontos.com\/index.php\/wp-json\/wp\/v2\/product"}],"about":[{"href":"https:\/\/portifolioos-prontos.com\/index.php\/wp-json\/wp\/v2\/types\/product"}],"version-history":[{"count":1,"href":"https:\/\/portifolioos-prontos.com\/index.php\/wp-json\/wp\/v2\/product\/50323\/revisions"}],"predecessor-version":[{"id":50327,"href":"https:\/\/portifolioos-prontos.com\/index.php\/wp-json\/wp\/v2\/product\/50323\/revisions\/50327"}],"wp:featuredmedia":[{"embeddable":true,"href":"https:\/\/portifolioos-prontos.com\/index.php\/wp-json\/wp\/v2\/media\/50326"}],"wp:attachment":[{"href":"https:\/\/portifolioos-prontos.com\/index.php\/wp-json\/wp\/v2\/media?parent=50323"}],"wp:term":[{"taxonomy":"product_cat","embeddable":true,"href":"https:\/\/portifolioos-prontos.com\/index.php\/wp-json\/wp\/v2\/product_cat?post=50323"},{"taxonomy":"product_tag","embeddable":true,"href":"https:\/\/portifolioos-prontos.com\/index.php\/wp-json\/wp\/v2\/product_tag?post=50323"}],"curies":[{"name":"wp","href":"https:\/\/api.w.org\/{rel}","templated":true}]}}