{"id":50334,"date":"2026-03-10T21:52:39","date_gmt":"2026-03-11T00:52:39","guid":{"rendered":"https:\/\/portifolioos-prontos.com\/?post_type=product&#038;p=50334"},"modified":"2026-03-10T21:52:40","modified_gmt":"2026-03-11T00:52:40","slug":"aula-pratica-seguranca-de-sistemas-de-bancos-de-dados","status":"publish","type":"product","link":"https:\/\/portifolioos-prontos.com\/index.php\/product\/aula-pratica-seguranca-de-sistemas-de-bancos-de-dados\/","title":{"rendered":"Aula Pr\u00e1tica Seguran\u00e7a de sistemas de bancos de dados"},"content":{"rendered":"<p><strong>Aula Pr\u00e1tica Seguran\u00e7a de sistemas de bancos de dados<\/strong><\/p>\n<hr \/>\n<p><strong>NOME DA DISCIPLINA:<\/strong> Seguran\u00e7a de Sistemas de Bancos de Dados<\/p>\n<hr \/>\n<p><strong>OBJETIVOS<\/strong><\/p>\n<p><strong>Defini\u00e7\u00e3o dos objetivos da aula pr\u00e1tica:<\/strong><\/p>\n<p>\u2013 Criar um banco de dados utilizando a linguagem SQL e realizar opera\u00e7\u00f5es de controle de acesso para garantir a seguran\u00e7a e integridade dos dados.<\/p>\n<hr \/>\n<p><strong>INFRAESTRUTURA<\/strong><\/p>\n<p><strong>Instala\u00e7\u00f5es:<\/strong><\/p>\n<p>SQL Server 2019 Express<br \/>\nAzure Data Studio<\/p>\n<p><strong>Materiais de consumo:<\/strong><\/p>\n<p>Descri\u00e7\u00e3o<br \/>\nQuantidade de materiais por procedimento\/atividade<\/p>\n<p>Computador: 1 por aluno<\/p>\n<p><strong>Software:<\/strong><br \/>\nSim ( X ) N\u00e3o ( )<\/p>\n<p>Em caso afirmativo, qual? MySQL Community Server \/ MySQL Workbench.<br \/>\nPago ( ) N\u00e3o Pago ( X )<br \/>\nTipo de Licen\u00e7a: Freeware.<\/p>\n<p><strong>Descri\u00e7\u00e3o do software:<\/strong><\/p>\n<p>O SQL Server 2019 Express \u00e9 uma edi\u00e7\u00e3o gratuita do SQL Server, ideal para desenvolvimento e produ\u00e7\u00e3o de aplica\u00e7\u00f5es de \u00e1rea de trabalho, Web e pequenos servidores.<\/p>\n<p>O Azure Data Studio \u00e9 uma ferramenta de banco de dados multiplataforma para profissionais de dados que usam plataformas de dados locais e na nuvem no Windows, no macOS e no Linux. Pode ser utilizado para consultar, criar e gerenciar seus bancos de dados e data warehouses, independentemente de onde estiverem, seja no computador local ou na nuvem.<\/p>\n<p><strong>Equipamento de Prote\u00e7\u00e3o Individual (EPI):<\/strong><\/p>\n<p>\u2013 NSA<\/p>\n<hr \/>\n<p><strong>PROCEDIMENTOS PR\u00c1TICOS<\/strong><\/p>\n<p>Cria\u00e7\u00e3o de banco de dados e defini\u00e7\u00e3o de privil\u00e9gios, utilizando o SQL Server e Azure Data Studio.<\/p>\n<p><strong>Atividade proposta:<\/strong><\/p>\n<p>\u2013 Cria\u00e7\u00e3o da estrutura de um banco de dados (tabelas) com a linguagem SQL por meio de um modelo pr\u00e9-definido.<br \/>\n\u2013 Definir os usu\u00e1rios que ter\u00e3o acesso ao banco.<br \/>\n\u2013 Definir privil\u00e9gios de acesso de acordo com o cargo\/fun\u00e7\u00e3o de cada usu\u00e1rio.<br \/>\n\u2013 Criar um relat\u00f3rio no final da atividade.<\/p>\n<p><strong>Procedimentos para a realiza\u00e7\u00e3o da atividade:<\/strong><\/p>\n<p><strong>Etapa 1<\/strong><\/p>\n<p>Crie uma base de dados chamada \u201cEstoque\u201d com o MySQL Server por meio do software Azure Data Studio.<\/p>\n<p>Adicione as estruturas de dados neste banco, utilizando os comandos de defini\u00e7\u00e3o de dados (DDL) da linguagem SQL, e respeitando o modelo definido na Figura a seguir.<\/p>\n<p><em>Na cria\u00e7\u00e3o do banco de dados da figura, respeite as seguintes regras:<\/em><\/p>\n<p>\u2022 As chaves prim\u00e1rias devem ser colocadas todas como autoincremento.<br \/>\n\u2022 Respeite os relacionamentos, tipos, precis\u00f5es e restri\u00e7\u00f5es de n\u00e3o nulo.<\/p>\n<hr \/>\n<p><strong>Etapa 2<\/strong><\/p>\n<p>Crie seis usu\u00e1rios chamados \u201cmarcos_adm\u201d, \u201cjose_estoque\u201d, \u201cmaria_estoque\u201d, \u201cana_vend\u201d, \u201cMiguel_vend\u201d e \u201clucas_vend\u201d.<\/p>\n<p>Para criar os usu\u00e1rios corretamente, voc\u00ea deve utilizar os comandos CREATE LOGIN e CREATE USER. Para isso, consulte os links a seguir para aprender como utiliz\u00e1-los corretamente a fim de dar procedimento \u00e0 atividade:<\/p>\n<p><a href=\"https:\/\/docs.microsoft.com\/pt-br\/sql\/t-sql\/statements\/create-login-transact-sql?view=sql-server-ver16\">https:\/\/docs.microsoft.com\/pt-br\/sql\/t-sql\/statements\/create-login-transact-sql?view=sql-server-ver16<\/a><\/p>\n<p><a href=\"https:\/\/docs.microsoft.com\/pt-br\/sql\/t-sql\/statements\/create-user-transact-sql?view=sql-server-ver16\">https:\/\/docs.microsoft.com\/pt-br\/sql\/t-sql\/statements\/create-user-transact-sql?view=sql-server-ver16<\/a><\/p>\n<p><em>Se achar necess\u00e1rio, voc\u00ea pode consultar outras fontes de informa\u00e7\u00e3o a respeito da cria\u00e7\u00e3o de usu\u00e1rios no SQL Server.<\/em><\/p>\n<hr \/>\n<p><strong>Etapa 3<\/strong><\/p>\n<p>Com os usu\u00e1rios criados, fa\u00e7a as seguintes atividades:<\/p>\n<p>\u2022 Crie um ROLE (papel) chamado \u201cestoquistas\u201d pertencente ao usu\u00e1rio Marcos (administrador), insira os usu\u00e1rios Jos\u00e9 e Maria a esse papel, e permita que os componentes desse papel possam realizar consultas, inser\u00e7\u00f5es, altera\u00e7\u00f5es e remo\u00e7\u00f5es \u00e0 tabela \u201cMercadoria\u201d.<\/p>\n<p>\u2022 Crie um ROLE (papel) chamado \u201cvendedores\u201d pertencente ao usu\u00e1rio Marcos, insira os usu\u00e1rios Ana, Miguel e Lucas a esse papel, e permita que os componentes desse papel possam realizar consultas \u00e0 toda tabela \u201cMercadoria\u201d, mas que possam alterar somente o campo \u201cQtdeEstoque\u201d da tabela \u201cMercadoria\u201d.<\/p>\n<hr \/>\n<p><strong>CHECKLIST<\/strong><\/p>\n<p>\u2013 Instalar o sistema SQL Server Express e o software Azure Data Studio.<\/p>\n<p>\u2013 Elaborar o modelo f\u00edsico (implementa\u00e7\u00e3o da estrutura) do banco de dados proposto pelo modelo no software Azure Data Studio (SQL Server).<\/p>\n<p>\u2013 Criar os seis usu\u00e1rios que ter\u00e3o acesso ao banco.<\/p>\n<p>\u2013 Elaborar os ROLES (pap\u00e9is) a fim de definir privil\u00e9gios de acesso de acordo com o cargo\/fun\u00e7\u00e3o de cada usu\u00e1rio.<\/p>\n<hr \/>\n<p><strong>RESULTADOS<\/strong><\/p>\n<p><strong>Resultados da aula pr\u00e1tica:<\/strong><\/p>\n<p>Elaborar um relat\u00f3rio que dever\u00e1 conter introdu\u00e7\u00e3o, m\u00e9todos, resultados e conclus\u00e3o sobre o assunto desenvolvido em aula pr\u00e1tica, para compreender como foram desenvolvidas todas as etapas da atividade. Inserir no relat\u00f3rio todos os scripts utilizados na resolu\u00e7\u00e3o desta atividade pr\u00e1tica.<\/p>\n<hr \/>\n<div class=\"elementor-toggle-item\">\n<p id=\"elementor-tab-title-1941\" class=\"elementor-tab-title elementor-active\" tabindex=\"0\" role=\"tab\" data-tab=\"1\" aria-controls=\"elementor-tab-content-1941\" aria-expanded=\"true\" aria-selected=\"true\"><strong>Como funciona?<\/strong><\/p>\n<p>Elaboramos os portf\u00f3lios, j\u00e1 deixamos prontos, nas normas da ABNT e conforme os requisitos da universidade. F\u00e1cil assim! O MELHOR \u00c9 QUE VOC\u00ca COMPRA E J\u00c1 BAIXA NA HORA O SEU ARQUIVO EM WORD! Sabemos que conciliar trabalho, fam\u00edlia, vida profissional e estudos \u00e9 dif\u00edcil hoje em dia, por isso, estamos aqui para ajudar voc\u00ea. Conte com nossa qualidade, experi\u00eancia e profissionalismo adquirindo seu portf\u00f3lio conosco. GARANTIMOS SEU CONCEITO!<\/p>\n<p><strong>Como se realizam os envios?<\/strong><\/p>\n<\/div>\n<p id=\"elementor-tab-content-1942\" class=\"elementor-tab-content elementor-clearfix elementor-active\" role=\"tabpanel\" data-tab=\"2\" aria-labelledby=\"elementor-tab-title-1942\">O seu trabalho \u00e9 disponibilizado pronto, respondido e nas normas j\u00e1 na mesma hora aqui em nosso site na sua \u00e1rea de downloads e tamb\u00e9m no seu e-mail.<\/p>\n<p><strong>Em quanto tempo recebo o portf\u00f3lio?<\/strong><\/p>\n<p>Os envios s\u00e3o imediatos. Ap\u00f3s sua compra, o trabalho j\u00e1 \u00e9 disponibilizado instantaneamente aqui em nosso site e no seu e-mail.<\/p>\n<p><strong>E se o portf\u00f3lio que comprei precisar de corre\u00e7\u00e3o?<\/strong><\/p>\n<p>Caso haja alguma solicita\u00e7\u00e3o de corre\u00e7\u00e3o\/altera\u00e7\u00e3o por parte do tutor, basta entrar em contato conosco pelo\u00a0WhatsApp\u00a0que provid\u00eanciaremos sem custo algum.<\/p>\n<p><strong>Qual o formato do arquivo?<\/strong><\/p>\n<p>Os arquivos s\u00e3o enviados em formato Word e s\u00e3o edit\u00e1veis.<\/p>\n<p><strong>Caso eu tiver alguma d\u00favida, terei suporte no p\u00f3s venda?<\/strong><\/p>\n<p>Sim, com certeza. Basta clicar no \u00edcone do WhatsApp no cantinho da tela. Ser\u00e1 um prazer atend\u00ea-lo(a).<\/p>\n<div id=\"elementor-tab-content-1948\" class=\"elementor-tab-content elementor-clearfix elementor-active\" role=\"tabpanel\" data-tab=\"8\" aria-labelledby=\"elementor-tab-title-1948\">\n<p><strong>Quais os seus canais de contato?<\/strong><\/p>\n<\/div>\n<div id=\"elementor-tab-content-1949\" class=\"elementor-tab-content elementor-clearfix elementor-active\" role=\"tabpanel\" data-tab=\"9\" aria-labelledby=\"elementor-tab-title-1949\">\n<p>Whatsapp: 53 984751621 \u2013 Clicar no canto da tela ou ESCANEIE O QRCODE ABAIXO<\/p>\n<h4><img decoding=\"async\" class=\"alignnone wp-image-13699 jetpack-lazy-image jetpack-lazy-image--handled\" src=\"https:\/\/i0.wp.com\/portifolioos-prontos.com\/wp-content\/uploads\/2023\/02\/whatsapp-business-projeto-de-extensao-300x300.jpeg?resize=144%2C144\" sizes=\"(max-width: 144px) 100vw, 144px\" srcset=\"https:\/\/i0.wp.com\/portifolioos-prontos.com\/wp-content\/uploads\/2023\/02\/whatsapp-business-projeto-de-extensao.jpeg?resize=300%2C301&amp;ssl=1 300w, https:\/\/i0.wp.com\/portifolioos-prontos.com\/wp-content\/uploads\/2023\/02\/whatsapp-business-projeto-de-extensao.jpeg?resize=150%2C150&amp;ssl=1 150w, https:\/\/i0.wp.com\/portifolioos-prontos.com\/wp-content\/uploads\/2023\/02\/whatsapp-business-projeto-de-extensao.jpeg?resize=370%2C372&amp;ssl=1 370w, https:\/\/i0.wp.com\/portifolioos-prontos.com\/wp-content\/uploads\/2023\/02\/whatsapp-business-projeto-de-extensao.jpeg?resize=100%2C100&amp;ssl=1 100w, https:\/\/i0.wp.com\/portifolioos-prontos.com\/wp-content\/uploads\/2023\/02\/whatsapp-business-projeto-de-extensao.jpeg?w=470&amp;ssl=1 470w\" alt=\"projeto de extens\u00e3o unopar\" width=\"144\" height=\"144\" data-lazy-loaded=\"1\" \/><\/h4>\n<\/div>\n<div class=\"elementor-toggle-item\">\n<div id=\"elementor-tab-content-1949\" class=\"elementor-tab-content elementor-clearfix elementor-active\" role=\"tabpanel\" data-tab=\"9\" aria-labelledby=\"elementor-tab-title-1949\">\n<p>E-mail:portifoliosp@gmail.com<\/p>\n<div id=\"attachment_143\" class=\"wp-caption alignnone\">\n<div id=\"attachment_143\" class=\"wp-caption alignnone\">\n<p id=\"caption-attachment-143\" class=\"wp-caption-text\"><a href=\"http:\/\/portfolio-pronto.com\/\">Portf\u00f3lio<\/a>\u00a0em Word, respondido, completo e j\u00e1 nas normas<\/p>\n<\/div>\n<\/div>\n<\/div>\n<\/div>\n","protected":false},"excerpt":{"rendered":"<p>Aula Pr\u00e1tica Seguran\u00e7a de sistemas de bancos de dados NOME DA DISCIPLINA: Seguran\u00e7a de Sistemas de Bancos de Dados OBJETIVOS Defini\u00e7\u00e3o dos objetivos da aula pr\u00e1tica: \u2013 Criar um banco de dados utilizando a linguagem SQL e realizar opera\u00e7\u00f5es de controle de acesso para garantir a seguran\u00e7a e integridade dos dados. INFRAESTRUTURA Instala\u00e7\u00f5es: SQL Server&hellip;<\/p>\n","protected":false},"featured_media":50337,"template":"","meta":{"_seopress_robots_primary_cat":"","_seopress_titles_title":"","_seopress_titles_desc":"","_seopress_robots_index":""},"product_cat":[15],"product_tag":[],"class_list":{"0":"post-50334","1":"product","2":"type-product","3":"status-publish","4":"has-post-thumbnail","6":"product_cat-uncategorized","8":"first","9":"instock","10":"shipping-taxable","11":"purchasable","12":"product-type-simple","13":"col-xs-6 col-sm-4","14":"col-mf-5","15":"un-5-cols"},"jetpack_sharing_enabled":true,"_links":{"self":[{"href":"https:\/\/portifolioos-prontos.com\/index.php\/wp-json\/wp\/v2\/product\/50334","targetHints":{"allow":["GET"]}}],"collection":[{"href":"https:\/\/portifolioos-prontos.com\/index.php\/wp-json\/wp\/v2\/product"}],"about":[{"href":"https:\/\/portifolioos-prontos.com\/index.php\/wp-json\/wp\/v2\/types\/product"}],"version-history":[{"count":1,"href":"https:\/\/portifolioos-prontos.com\/index.php\/wp-json\/wp\/v2\/product\/50334\/revisions"}],"predecessor-version":[{"id":50338,"href":"https:\/\/portifolioos-prontos.com\/index.php\/wp-json\/wp\/v2\/product\/50334\/revisions\/50338"}],"wp:featuredmedia":[{"embeddable":true,"href":"https:\/\/portifolioos-prontos.com\/index.php\/wp-json\/wp\/v2\/media\/50337"}],"wp:attachment":[{"href":"https:\/\/portifolioos-prontos.com\/index.php\/wp-json\/wp\/v2\/media?parent=50334"}],"wp:term":[{"taxonomy":"product_cat","embeddable":true,"href":"https:\/\/portifolioos-prontos.com\/index.php\/wp-json\/wp\/v2\/product_cat?post=50334"},{"taxonomy":"product_tag","embeddable":true,"href":"https:\/\/portifolioos-prontos.com\/index.php\/wp-json\/wp\/v2\/product_tag?post=50334"}],"curies":[{"name":"wp","href":"https:\/\/api.w.org\/{rel}","templated":true}]}}