{"id":50361,"date":"2026-03-11T11:21:33","date_gmt":"2026-03-11T14:21:33","guid":{"rendered":"https:\/\/portifolioos-prontos.com\/?post_type=product&#038;p=50361"},"modified":"2026-03-11T11:21:35","modified_gmt":"2026-03-11T14:21:35","slug":"estagio-curricular-obrigatorio-quimica-bacharelado","status":"publish","type":"product","link":"https:\/\/portifolioos-prontos.com\/index.php\/product\/estagio-curricular-obrigatorio-quimica-bacharelado\/","title":{"rendered":"Est\u00e1gio Curricular Obrigat\u00f3rio Qu\u00edmica &#8211; Bacharelado"},"content":{"rendered":"<p><strong>Est\u00e1gio Curricular Obrigat\u00f3rio Qu\u00edmica &#8211; Bacharelado<\/strong><\/p>\n<hr \/>\n<p><strong>Voc\u00ea vai receber o relat\u00f3rio contendo o conte\u00fado desenvolvido:<\/strong><\/p>\n<p><strong>SUM\u00c1RIO<\/strong><br \/>\n1 INTRODU\u00c7\u00c3O&#8230;&#8230;&#8230;&#8230;&#8230;&#8230;&#8230;&#8230;&#8230;&#8230;&#8230;&#8230;&#8230;&#8230;&#8230;&#8230;&#8230;&#8230;&#8230;&#8230;&#8230;&#8230;&#8230;&#8230;&#8230;&#8230;&#8230;&#8230;&#8230;&#8230;&#8230;&#8230;&#8230;&#8230;&#8230;5<br \/>\n1.1 CARACTERIZA\u00c7\u00c3O DO AMBIENTE DE EST\u00c1GIO (organiza\u00e7\u00e3o\/ empresa)&#8230;7<br \/>\n2 ATIVIDADES DESENVOLVIDAS&#8230;&#8230;&#8230;&#8230;&#8230;&#8230;&#8230;&#8230;&#8230;&#8230;&#8230;&#8230;&#8230;&#8230;&#8230;&#8230;&#8230;&#8230;&#8230;&#8230;&#8230;&#8230;&#8230;&#8230;&#8230;.8<br \/>\n3 DISCUSS\u00d5ES&#8230;&#8230;&#8230;&#8230;&#8230;&#8230;&#8230;&#8230;&#8230;&#8230;&#8230;&#8230;&#8230;&#8230;&#8230;&#8230;&#8230;&#8230;&#8230;&#8230;&#8230;&#8230;&#8230;&#8230;&#8230;&#8230;&#8230;&#8230;&#8230;&#8230;&#8230;&#8230;&#8230;&#8230;.10<br \/>\n4 CONSIDERA\u00c7\u00d5ES FINAIS&#8230;&#8230;&#8230;&#8230;&#8230;&#8230;&#8230;&#8230;&#8230;&#8230;&#8230;&#8230;&#8230;&#8230;&#8230;&#8230;&#8230;&#8230;&#8230;&#8230;&#8230;&#8230;&#8230;&#8230;&#8230;&#8230;&#8230;..11<br \/>\nREFER\u00caNCIAS&#8230;&#8230;&#8230;&#8230;&#8230;&#8230;&#8230;&#8230;&#8230;&#8230;&#8230;&#8230;&#8230;&#8230;&#8230;&#8230;&#8230;&#8230;&#8230;&#8230;&#8230;&#8230;&#8230;&#8230;&#8230;&#8230;&#8230;&#8230;&#8230;&#8230;&#8230;&#8230;&#8230;&#8230;&#8230;12<\/p>\n<hr \/>\n<p>O Est\u00e1gio Curricular Obrigat\u00f3rio \u00e9 uma forma de aperfei\u00e7oar o processo de forma\u00e7\u00e3o<br \/>\nprofissional e humana do estudante, pois \u00e9 considerado como um \u201c[&#8230;] ato educativo escolar<br \/>\nsupervisionado, desenvolvido no ambiente de trabalho\u201d (BRASIL, 2008, p. 1-2, art. 1\u00ba), que<br \/>\nvisa proporcionar ao estudante experi\u00eancias pr\u00e1ticas, complementando seu aprendizado<br \/>\nte\u00f3rico.<br \/>\nAl\u00e9m disso, as atividades de Est\u00e1gio compreendem diversos benef\u00edcios, dentre eles:<br \/>\na. Motiva o estudo, pois o aluno percebe a finalidade dos conhecimentos discutidos no<br \/>\ncurso e sua aplica\u00e7\u00e3o na pr\u00e1tica profissional.<br \/>\nb. Facilita e antecipa as escolhas do estagi\u00e1rio quanto \u00e0s \u00e1reas de atua\u00e7\u00e3o dispon\u00edveis<br \/>\nna futura profiss\u00e3o.<br \/>\nc. Ameniza o impacto da passagem da vida juvenil para a profissional.<br \/>\nd. Possibilita perceber as pr\u00f3prias defici\u00eancias de forma\u00e7\u00e3o pessoal, incentivando a<br \/>\nbusca do aprimoramento.<br \/>\ne. Permite adquirir uma atitude de trabalho sistematizado, organizado e de<br \/>\nplanejamento, a partir de objetivos e metas que devem ser trabalhados coletivamente.<br \/>\nf. Incentiva a observa\u00e7\u00e3o e comunica\u00e7\u00e3o concisa de ideias, bem como o uso de termos<br \/>\nespec\u00edficos da \u00e1rea de atua\u00e7\u00e3o.<br \/>\ng. Estimula o exerc\u00edcio do senso cr\u00edtico, da criatividade e da sociabilidade.<br \/>\nh. Oferece a clareza de que as institui\u00e7\u00f5es possuem diretrizes, organiza\u00e7\u00e3o e<br \/>\nfuncionamento espec\u00edficos, que devem ser respeitados na pr\u00e1tica profissional.<br \/>\ni. Estimula a an\u00e1lise do ambiente organizacional e da cultura ali desenvolvida.<br \/>\nNesse sentido, o Est\u00e1gio Curricular Obrigat\u00f3rio tem como objetivo proporcionar ao<br \/>\nestudante experi\u00eancias pr\u00e1ticas que complementem seu aprendizado, visando aperfei\u00e7oar o<br \/>\nprocesso de forma\u00e7\u00e3o profissional e humana. Diante deste contexto, o aluno \u00e9 exposto \u00e0<br \/>\nrealidade profissional, obtendo uma vis\u00e3o ampla das estruturas empresariais, sejam elas<br \/>\nprivadas ou p\u00fablicas, nas quais se integrar\u00e1 ap\u00f3s a formatura.<\/p>\n<div class=\"elementor-toggle-item\">\n<p><strong>Como se realizam os envios?<\/strong><\/p>\n<\/div>\n<p id=\"elementor-tab-content-1942\" class=\"elementor-tab-content elementor-clearfix elementor-active\" role=\"tabpanel\" data-tab=\"2\" aria-labelledby=\"elementor-tab-title-1942\">O seu trabalho \u00e9 disponibilizado pronto, respondido e nas normas j\u00e1 na mesma hora aqui em nosso site na sua \u00e1rea de downloads e tamb\u00e9m no seu e-mail.<\/p>\n<p><strong>Em quanto tempo recebo o portf\u00f3lio?<\/strong><\/p>\n<p>Os envios s\u00e3o imediatos. Ap\u00f3s sua compra, o trabalho j\u00e1 \u00e9 disponibilizado instantaneamente aqui em nosso site e no seu e-mail.<\/p>\n<p><strong>E se o portf\u00f3lio que comprei precisar de corre\u00e7\u00e3o?<\/strong><\/p>\n<p>Caso haja alguma solicita\u00e7\u00e3o de corre\u00e7\u00e3o\/altera\u00e7\u00e3o por parte do tutor, basta entrar em contato conosco pelo\u00a0WhatsApp\u00a0que provid\u00eanciaremos sem custo algum.<\/p>\n<p><strong>Qual o formato do arquivo?<\/strong><\/p>\n<p>Os arquivos s\u00e3o enviados em formato Word e s\u00e3o edit\u00e1veis.<\/p>\n<p><strong>Caso eu tiver alguma d\u00favida, terei suporte no p\u00f3s venda?<\/strong><\/p>\n<p>Sim, com certeza. Basta clicar no \u00edcone do WhatsApp no cantinho da tela. Ser\u00e1 um prazer atend\u00ea-lo(a).<\/p>\n<div id=\"elementor-tab-content-1948\" class=\"elementor-tab-content elementor-clearfix elementor-active\" role=\"tabpanel\" data-tab=\"8\" aria-labelledby=\"elementor-tab-title-1948\">\n<p><strong>Quais os seus canais de contato?<\/strong><\/p>\n<\/div>\n<div id=\"elementor-tab-content-1949\" class=\"elementor-tab-content elementor-clearfix elementor-active\" role=\"tabpanel\" data-tab=\"9\" aria-labelledby=\"elementor-tab-title-1949\">\n<p>Whatsapp: 53 984751621 \u2013 Clicar no canto da tela ou ESCANEIE O QRCODE ABAIXO<\/p>\n<h4><img decoding=\"async\" class=\"alignnone wp-image-13699 jetpack-lazy-image jetpack-lazy-image--handled\" src=\"https:\/\/i0.wp.com\/portifolioos-prontos.com\/wp-content\/uploads\/2023\/02\/whatsapp-business-projeto-de-extensao-300x300.jpeg?resize=144%2C144\" sizes=\"(max-width: 144px) 100vw, 144px\" srcset=\"https:\/\/i0.wp.com\/portifolioos-prontos.com\/wp-content\/uploads\/2023\/02\/whatsapp-business-projeto-de-extensao.jpeg?resize=300%2C301&amp;ssl=1 300w, https:\/\/i0.wp.com\/portifolioos-prontos.com\/wp-content\/uploads\/2023\/02\/whatsapp-business-projeto-de-extensao.jpeg?resize=150%2C150&amp;ssl=1 150w, https:\/\/i0.wp.com\/portifolioos-prontos.com\/wp-content\/uploads\/2023\/02\/whatsapp-business-projeto-de-extensao.jpeg?resize=370%2C372&amp;ssl=1 370w, https:\/\/i0.wp.com\/portifolioos-prontos.com\/wp-content\/uploads\/2023\/02\/whatsapp-business-projeto-de-extensao.jpeg?resize=100%2C100&amp;ssl=1 100w, https:\/\/i0.wp.com\/portifolioos-prontos.com\/wp-content\/uploads\/2023\/02\/whatsapp-business-projeto-de-extensao.jpeg?w=470&amp;ssl=1 470w\" alt=\"projeto de extens\u00e3o unopar\" width=\"144\" height=\"144\" data-lazy-loaded=\"1\" \/><\/h4>\n<\/div>\n<div class=\"elementor-toggle-item\">\n<div id=\"elementor-tab-content-1949\" class=\"elementor-tab-content elementor-clearfix elementor-active\" role=\"tabpanel\" data-tab=\"9\" aria-labelledby=\"elementor-tab-title-1949\">\n<p>E-mail:portifoliosp@gmail.com<\/p>\n<div id=\"attachment_143\" class=\"wp-caption alignnone\">\n<div id=\"attachment_143\" class=\"wp-caption alignnone\">\n<p id=\"caption-attachment-143\" class=\"wp-caption-text\"><a href=\"http:\/\/portfolio-pronto.com\/\">Portf\u00f3lio<\/a>\u00a0em Word, respondido, completo e j\u00e1 nas normas<\/p>\n<\/div>\n<\/div>\n<\/div>\n<\/div>\n","protected":false},"excerpt":{"rendered":"<p>Est\u00e1gio Curricular Obrigat\u00f3rio Qu\u00edmica &#8211; Bacharelado Voc\u00ea vai receber o relat\u00f3rio contendo o conte\u00fado desenvolvido: SUM\u00c1RIO 1 INTRODU\u00c7\u00c3O&#8230;&#8230;&#8230;&#8230;&#8230;&#8230;&#8230;&#8230;&#8230;&#8230;&#8230;&#8230;&#8230;&#8230;&#8230;&#8230;&#8230;&#8230;&#8230;&#8230;&#8230;&#8230;&#8230;&#8230;&#8230;&#8230;&#8230;&#8230;&#8230;&#8230;&#8230;&#8230;&#8230;&#8230;&#8230;5 1.1 CARACTERIZA\u00c7\u00c3O DO AMBIENTE DE EST\u00c1GIO (organiza\u00e7\u00e3o\/ empresa)&#8230;7 2 ATIVIDADES DESENVOLVIDAS&#8230;&#8230;&#8230;&#8230;&#8230;&#8230;&#8230;&#8230;&#8230;&#8230;&#8230;&#8230;&#8230;&#8230;&#8230;&#8230;&#8230;&#8230;&#8230;&#8230;&#8230;&#8230;&#8230;&#8230;&#8230;.8 3 DISCUSS\u00d5ES&#8230;&#8230;&#8230;&#8230;&#8230;&#8230;&#8230;&#8230;&#8230;&#8230;&#8230;&#8230;&#8230;&#8230;&#8230;&#8230;&#8230;&#8230;&#8230;&#8230;&#8230;&#8230;&#8230;&#8230;&#8230;&#8230;&#8230;&#8230;&#8230;&#8230;&#8230;&#8230;&#8230;&#8230;.10 4 CONSIDERA\u00c7\u00d5ES FINAIS&#8230;&#8230;&#8230;&#8230;&#8230;&#8230;&#8230;&#8230;&#8230;&#8230;&#8230;&#8230;&#8230;&#8230;&#8230;&#8230;&#8230;&#8230;&#8230;&#8230;&#8230;&#8230;&#8230;&#8230;&#8230;&#8230;&#8230;..11 REFER\u00caNCIAS&#8230;&#8230;&#8230;&#8230;&#8230;&#8230;&#8230;&#8230;&#8230;&#8230;&#8230;&#8230;&#8230;&#8230;&#8230;&#8230;&#8230;&#8230;&#8230;&#8230;&#8230;&#8230;&#8230;&#8230;&#8230;&#8230;&#8230;&#8230;&#8230;&#8230;&#8230;&#8230;&#8230;&#8230;&#8230;12 O Est\u00e1gio Curricular Obrigat\u00f3rio \u00e9 uma forma de aperfei\u00e7oar o processo de forma\u00e7\u00e3o profissional e humana do estudante, pois \u00e9&hellip;<\/p>\n","protected":false},"featured_media":50364,"template":"","meta":{"_seopress_robots_primary_cat":"","_seopress_titles_title":"","_seopress_titles_desc":"","_seopress_robots_index":""},"product_cat":[143],"product_tag":[],"class_list":{"0":"post-50361","1":"product","2":"type-product","3":"status-publish","4":"has-post-thumbnail","6":"product_cat-quimica","8":"first","9":"instock","10":"shipping-taxable","11":"product-type-simple","12":"col-xs-6 col-sm-4","13":"col-mf-5","14":"un-5-cols"},"jetpack_sharing_enabled":true,"_links":{"self":[{"href":"https:\/\/portifolioos-prontos.com\/index.php\/wp-json\/wp\/v2\/product\/50361","targetHints":{"allow":["GET"]}}],"collection":[{"href":"https:\/\/portifolioos-prontos.com\/index.php\/wp-json\/wp\/v2\/product"}],"about":[{"href":"https:\/\/portifolioos-prontos.com\/index.php\/wp-json\/wp\/v2\/types\/product"}],"version-history":[{"count":1,"href":"https:\/\/portifolioos-prontos.com\/index.php\/wp-json\/wp\/v2\/product\/50361\/revisions"}],"predecessor-version":[{"id":50365,"href":"https:\/\/portifolioos-prontos.com\/index.php\/wp-json\/wp\/v2\/product\/50361\/revisions\/50365"}],"wp:featuredmedia":[{"embeddable":true,"href":"https:\/\/portifolioos-prontos.com\/index.php\/wp-json\/wp\/v2\/media\/50364"}],"wp:attachment":[{"href":"https:\/\/portifolioos-prontos.com\/index.php\/wp-json\/wp\/v2\/media?parent=50361"}],"wp:term":[{"taxonomy":"product_cat","embeddable":true,"href":"https:\/\/portifolioos-prontos.com\/index.php\/wp-json\/wp\/v2\/product_cat?post=50361"},{"taxonomy":"product_tag","embeddable":true,"href":"https:\/\/portifolioos-prontos.com\/index.php\/wp-json\/wp\/v2\/product_tag?post=50361"}],"curies":[{"name":"wp","href":"https:\/\/api.w.org\/{rel}","templated":true}]}}