{"id":50372,"date":"2026-03-11T12:42:16","date_gmt":"2026-03-11T15:42:16","guid":{"rendered":"https:\/\/portifolioos-prontos.com\/?post_type=product&#038;p=50372"},"modified":"2026-03-11T15:30:46","modified_gmt":"2026-03-11T18:30:46","slug":"projeto-de-extensao-iii-ciencia-politica","status":"publish","type":"product","link":"https:\/\/portifolioos-prontos.com\/index.php\/product\/projeto-de-extensao-iii-ciencia-politica\/","title":{"rendered":"Projeto de Extens\u00e3o III Ci\u00eancia Pol\u00edtica"},"content":{"rendered":"<p><strong>Projeto de Extens\u00e3o III Ci\u00eancia Pol\u00edtica<\/strong><\/p>\n<hr \/>\n<p>CURSO:<br \/>\nCI\u00caNCIA POL\u00cdTICA &#8211; BACHARELADO<\/p>\n<p>COMPONENTE CURRICULAR:<br \/>\nPROJETO DE EXTENS\u00c3O III &#8211; CI\u00caNCIA POL\u00cdTICA<\/p>\n<p>PROGRAMA DE EXTENS\u00c3O:<br \/>\nPROGRAMA DE CONTEXTO \u00c0 COMUNIDADE.<\/p>\n<hr \/>\n<p><strong>FINALIDADE E MOTIVA\u00c7\u00c3O<\/strong><\/p>\n<p>A finalidade da extens\u00e3o no Programa de Contexto \u00e0 Comunidade est\u00e1 centrada na articula\u00e7\u00e3o social. Atrav\u00e9s deste projeto ocorrer\u00e1 uma maior integra\u00e7\u00e3o entre a faculdade e a sociedade civil, trazendo apoio \u00e0 comunidade e \u00e0 difus\u00e3o do ensino.<\/p>\n<p>Ao identificar as necessidades da comunidade, os alunos compreender\u00e3o a motiva\u00e7\u00e3o para efetuar as a\u00e7\u00f5es de apoio relacionadas ao curso de Ci\u00eancia Pol\u00edtica, pelas quais poder\u00e3o ser desenvolvidas compet\u00eancias t\u00e9cnicas e soft skills espec\u00edficas.<\/p>\n<p>Os conte\u00fados program\u00e1ticos sugeridos para correlacionar as a\u00e7\u00f5es s\u00e3o:<\/p>\n<p>Pensamento social brasileiro;<br \/>\nTem\u00e1ticas Contempor\u00e2neas das Ci\u00eancias Sociais;<br \/>\nTeorias Contempor\u00e2neas da Ci\u00eancia Pol\u00edtica.<\/p>\n<p>Os locais que poder\u00e3o contemplar esse projeto s\u00e3o:<\/p>\n<p>Entidades pertencentes \u00e0 Administra\u00e7\u00e3o P\u00fablica municipal, estadual ou federal; escolas; col\u00e9gios; Organiza\u00e7\u00f5es n\u00e3o governamentais (ONG); Institui\u00e7\u00f5es privadas com a\u00e7\u00f5es sociais; funda\u00e7\u00f5es; entidades do Judici\u00e1rio como Procons e Tribunais; entidades religiosas como igrejas, ordens, templos, congrega\u00e7\u00f5es, miss\u00f5es e casas de acolhimento ou assist\u00eancia; entidades de sa\u00fade e assist\u00eancia social; Organiza\u00e7\u00f5es da Sociedade Civil de Interesse P\u00fablico (OSCIPs); organiza\u00e7\u00f5es de moradores e cooperativas, entre outras.<\/p>\n<hr \/>\n<p><strong>COMPET\u00caNCIAS<\/strong><\/p>\n<p>I &#8211; Diagnosticar problemas e elaborar propostas de interven\u00e7\u00e3o em contextos espec\u00edficos, reconhecendo demandas e contribuindo para a amplia\u00e7\u00e3o da democracia, da cidadania e dos direitos humanos.<\/p>\n<p>II &#8211; Analisar pr\u00e1ticas e fen\u00f4menos sociais, culturais e pol\u00edticos segundo diferentes abordagens das Ci\u00eancias Sociais.<\/p>\n<p>III &#8211; Relacionar teorias e m\u00e9todos na produ\u00e7\u00e3o de conhecimento das Ci\u00eancias Sociais.<\/p>\n<hr \/>\n<p><strong>PERFIL DO EGRESSO<\/strong><\/p>\n<p>O perfil do egresso do curso de Bacharelado em Ci\u00eancia Pol\u00edtica, idealizado pela IES, proporciona a forma\u00e7\u00e3o do profissional comprometido eticamente com os valores da democracia, da cidadania e com o enfrentamento das diversas formas de discrimina\u00e7\u00e3o e desigualdade.<\/p>\n<p>O egresso dever\u00e1 ser aut\u00f4nomo e cr\u00edtico na an\u00e1lise dos fen\u00f4menos sociais, sens\u00edvel e propositivo com rela\u00e7\u00e3o \u00e0s demandas da sociedade, articulando conhecimentos e saberes distintos.<\/p>\n<hr \/>\n<p><strong>SOFT SKILLS (COMPET\u00caNCIAS SOCIOEMOCIONAIS)<\/strong><\/p>\n<p>An\u00e1lise e resolu\u00e7\u00e3o de problemas<br \/>\nTomada de decis\u00e3o<br \/>\nComunica\u00e7\u00e3o interpessoal<\/p>\n<hr \/>\n<p><strong>OBJETIVOS DE APRENDIZAGEM<\/strong><\/p>\n<p>O objetivo de aprendizagem da extens\u00e3o do curso de Ci\u00eancia Pol\u00edtica, vinculado ao Programa de Contexto \u00e0 Comunidade, est\u00e1 relacionado ao fato de disseminar o saber e a cultura ensinados na faculdade e a forma\u00e7\u00e3o de novos saberes a partir das problem\u00e1ticas identificadas na comunidade.<\/p>\n<p>Essas a\u00e7\u00f5es, aliadas ao aprendizado acad\u00eamico, ampliam as habilidades desenvolvidas ao longo do curso, preparando o egresso para uma atua\u00e7\u00e3o human\u00edstica, focada no mercado de trabalho e articulada com a comunidade.<\/p>\n<hr \/>\n<p><strong>CONTE\u00daDOS<\/strong><\/p>\n<p>Pensamento social brasileiro<\/p>\n<p>Tem\u00e1ticas Contempor\u00e2neas das Ci\u00eancias Sociais<\/p>\n<p>Teorias Contempor\u00e2neas da Ci\u00eancia Pol\u00edtica<\/p>\n<hr \/>\n<p><strong>INDICA\u00c7\u00d5ES BIBLIOGR\u00c1FICAS<\/strong><\/p>\n<p>SIQUEIRA J\u00daNIOR, Paulo Hamilton. Direitos Humanos: liberdades p\u00fablicas e cidadania. 4.ed. S\u00e3o Paulo: Saraiva, 2016.<\/p>\n<p>BRITO, Leonardo Octavio Belinelli de. Ci\u00eancia pol\u00edtica contempor\u00e2nea. Londrina: Editora e Distribuidora Educacional S.A., 2018.<\/p>\n<p>SILVA, Daniele Fernandes da et al. Realidade socioecon\u00f4mica e pol\u00edtica brasileira. Porto Alegre: SAGAH, 2018.<\/p>\n<hr \/>\n<p><strong>RELAT\u00d3RIO FINAL<\/strong><\/p>\n<p>Aluno e aluna, ap\u00f3s realizar suas atividades de extens\u00e3o, \u00e9 necess\u00e1rio que voc\u00ea o formalize, enviando esse Relat\u00f3rio Final para ser avaliado junto ao seu Ambiente Virtual (AVA) e tamb\u00e9m para voc\u00ea poder comprovar sua atua\u00e7\u00e3o.<\/p>\n<p>Para o preenchimento, busque as anota\u00e7\u00f5es junto ao TEMPLATE PCDA para auxiliar na apresenta\u00e7\u00e3o das atividades desenvolvidas.<\/p>\n<p>Todos os campos s\u00e3o de preenchimento obrigat\u00f3rio.<\/p>\n<hr \/>\n<p><strong>DESCRI\u00c7\u00c3O DA A\u00c7\u00c3O COM RESULTADOS ALCAN\u00c7ADOS<\/strong><\/p>\n<p>Metas dos Objetivos de Desenvolvimento Sustent\u00e1vel (ODS) aderentes a este projeto:<\/p>\n<p>CAMPO OBRIGAT\u00d3RIO \u2013 busque no seu Template PDCA quais metas voc\u00ea selecionou como aderentes ao seu projeto, conforme cada Objetivo de Desenvolvimento Sustent\u00e1vel (ODS) da Organiza\u00e7\u00e3o das Na\u00e7\u00f5es Unidas (ONU) que voc\u00ea explorou no seu planejamento.<\/p>\n<p>Liste as metas selecionadas (pelo menos uma op\u00e7\u00e3o):<\/p>\n<p>Local de realiza\u00e7\u00e3o da atividade extensionista:<\/p>\n<p>Durante a a\u00e7\u00e3o:<\/p>\n<p>Caso necess\u00e1rio, houve mudan\u00e7a de estrat\u00e9gia para alcan\u00e7ar o resultado:<\/p>\n<p>Resultado da a\u00e7\u00e3o:<\/p>\n<p>Conclus\u00e3o:<\/p>\n<p>Depoimentos (se houver):<\/p>\n<hr \/>\n<p><strong>RELATE SUA PERCEP\u00c7\u00c3O DAS A\u00c7\u00d5ES EXTENSIONISTAS REALIZADAS NO PROGRAMA DESENVOLVIDO<\/strong><\/p>\n<p>CAMPO OBRIGAT\u00d3RIO \u2013 relate em no m\u00ednimo 15 (quinze) linhas sua experi\u00eancia com as a\u00e7\u00f5es extensionistas. O texto deve ser de sua autoria e in\u00e9dito, evite pl\u00e1gio.<\/p>\n<p>Quest\u00f5es norteadoras:<\/p>\n<p>Voc\u00ea notou que suas habilidades profissionais foram aprimoradas com a atua\u00e7\u00e3o nas a\u00e7\u00f5es extensionistas?<\/p>\n<p>Voc\u00ea identificou melhoria ou resolu\u00e7\u00e3o do problema identificado?<\/p>\n<p>Voc\u00ea conseguiu articular os conhecimentos adquiridos no curso com as a\u00e7\u00f5es extensionistas?<\/p>\n<p>Ao escrever seu texto evite deix\u00e1-lo em forma de respostas \u00e0s quest\u00f5es norteadoras. Relate sua experi\u00eancia em forma de texto dissertativo com justificativas.<\/p>\n<hr \/>\n<p><strong>DEPOIMENTO DA INSTITUI\u00c7\u00c3O PARTICIPANTE<\/strong><\/p>\n<p>CAMPO OBRIGAT\u00d3RIO \u2013 insira depoimento(s) do(s) gestor(es) da institui\u00e7\u00e3o, \u00f3rg\u00e3o ou associa\u00e7\u00e3o participante que contribuam como um feedback da a\u00e7\u00e3o realizada por voc\u00ea.<\/p>\n<hr \/>\n<p><strong>REFER\u00caNCIAS BIBLIOGR\u00c1FICAS<\/strong><\/p>\n<p>CAMPO OBRIGAT\u00d3RIO \u2013 siga as normas ABNT. Para isso consulte sua Biblioteca Virtual.<\/p>\n<p>Utilize como refer\u00eancias bibliogr\u00e1ficas as indica\u00e7\u00f5es do campo <strong>Indica\u00e7\u00f5es Bibliogr\u00e1ficas<\/strong> e as demais refer\u00eancias utilizadas no desenvolvimento do seu projeto.<\/p>\n<hr \/>\n<p><strong>AUTOAVALIA\u00c7\u00c3O DA ATIVIDADE<\/strong><\/p>\n<p>Realize a sua avalia\u00e7\u00e3o em rela\u00e7\u00e3o \u00e0 atividade desenvolvida considerando uma escala de 0 a 10 para cada pergunta, assinalando com um X.<\/p>\n<ol>\n<li>A atividade permitiu o desenvolvimento do projeto de extens\u00e3o articulando as compet\u00eancias e conte\u00fados propostos junto ao curso?<\/li>\n<\/ol>\n<p>0 1 2 3 4 5 6 7 8 9 10<br \/>\n( ) ( ) ( ) ( ) ( ) ( ) ( ) ( ) ( ) ( ) ( )<\/p>\n<ol start=\"2\">\n<li>A atividade possui carga hor\u00e1ria suficiente para a sua realiza\u00e7\u00e3o?<\/li>\n<\/ol>\n<p>0 1 2 3 4 5 6 7 8 9 10<br \/>\n( ) ( ) ( ) ( ) ( ) ( ) ( ) ( ) ( ) ( ) ( )<\/p>\n<ol start=\"3\">\n<li>A atividade \u00e9 relevante para a sua forma\u00e7\u00e3o e articula\u00e7\u00e3o de compet\u00eancias e conte\u00fados?<\/li>\n<\/ol>\n<p>0 1 2 3 4 5 6 7 8 9 10<br \/>\n( ) ( ) ( ) ( ) ( ) ( ) ( ) ( ) ( ) ( ) ( )<\/p>\n<ol start=\"4\">\n<li>A atividade contribui para o cumprimento dos objetivos definidos pela Institui\u00e7\u00e3o de Ensino (IES) e curso, observando o Plano de Desenvolvimento Institucional e Projeto Pedag\u00f3gico de Curso vigentes?<\/li>\n<\/ol>\n<p>0 1 2 3 4 5 6 7 8 9 10<br \/>\n( ) ( ) ( ) ( ) ( ) ( ) ( ) ( ) ( ) ( ) ( )<\/p>\n<ol start=\"5\">\n<li>A atividade contribui para a melhoria da sociedade por meio dos resultados demonstrados no relat\u00f3rio ou pelos relatos apresentados pelos envolvidos?<\/li>\n<\/ol>\n<p>0 1 2 3 4 5 6 7 8 9 10<br \/>\n( ) ( ) ( ) ( ) ( ) ( ) ( ) ( ) ( ) ( ) ( )<\/p>\n<ol start=\"6\">\n<li>A atividade permite o desenvolvimento de a\u00e7\u00f5es junto \u00e0 Inicia\u00e7\u00e3o Cient\u00edfica e ao Ensino?<\/li>\n<\/ol>\n<p>0 1 2 3 4 5 6 7 8 9 10<br \/>\n( ) ( ) ( ) ( ) ( ) ( ) ( ) ( ) ( ) ( ) ( )<\/p>\n<ol start=\"7\">\n<li>Caso queira contribuir com maior detalhamento, traga seu depoimento ou sugest\u00e3o.<\/li>\n<\/ol>\n<div class=\"elementor-toggle-item\">\n<p id=\"elementor-tab-title-1941\" class=\"elementor-tab-title elementor-active\" tabindex=\"0\" role=\"tab\" data-tab=\"1\" aria-controls=\"elementor-tab-content-1941\" aria-expanded=\"true\" aria-selected=\"true\"><strong>Como funciona?<\/strong><\/p>\n<p>Elaboramos os portf\u00f3lios, j\u00e1 deixamos prontos, nas normas da ABNT e conforme os requisitos da universidade. F\u00e1cil assim! O MELHOR \u00c9 QUE VOC\u00ca COMPRA E J\u00c1 BAIXA NA HORA O SEU ARQUIVO EM WORD! Sabemos que conciliar trabalho, fam\u00edlia, vida profissional e estudos \u00e9 dif\u00edcil hoje em dia, por isso, estamos aqui para ajudar voc\u00ea. Conte com nossa qualidade, experi\u00eancia e profissionalismo adquirindo seu portf\u00f3lio conosco. GARANTIMOS SEU CONCEITO!<\/p>\n<p><strong>Como se realizam os envios?<\/strong><\/p>\n<\/div>\n<p id=\"elementor-tab-content-1942\" class=\"elementor-tab-content elementor-clearfix elementor-active\" role=\"tabpanel\" data-tab=\"2\" aria-labelledby=\"elementor-tab-title-1942\">O seu trabalho \u00e9 disponibilizado pronto, respondido e nas normas j\u00e1 na mesma hora aqui em nosso site na sua \u00e1rea de downloads e tamb\u00e9m no seu e-mail.<\/p>\n<p><strong>Em quanto tempo recebo o portf\u00f3lio?<\/strong><\/p>\n<p>Os envios s\u00e3o imediatos. Ap\u00f3s sua compra, o trabalho j\u00e1 \u00e9 disponibilizado instantaneamente aqui em nosso site e no seu e-mail.<\/p>\n<p><strong>E se o portf\u00f3lio que comprei precisar de corre\u00e7\u00e3o?<\/strong><\/p>\n<p>Caso haja alguma solicita\u00e7\u00e3o de corre\u00e7\u00e3o\/altera\u00e7\u00e3o por parte do tutor, basta entrar em contato conosco pelo\u00a0WhatsApp\u00a0que provid\u00eanciaremos sem custo algum.<\/p>\n<p><strong>Qual o formato do arquivo?<\/strong><\/p>\n<p>Os arquivos s\u00e3o enviados em formato Word e s\u00e3o edit\u00e1veis.<\/p>\n<p><strong>Caso eu tiver alguma d\u00favida, terei suporte no p\u00f3s venda?<\/strong><\/p>\n<p>Sim, com certeza. Basta clicar no \u00edcone do WhatsApp no cantinho da tela. Ser\u00e1 um prazer atend\u00ea-lo(a).<\/p>\n<div id=\"elementor-tab-content-1948\" class=\"elementor-tab-content elementor-clearfix elementor-active\" role=\"tabpanel\" data-tab=\"8\" aria-labelledby=\"elementor-tab-title-1948\">\n<p><strong>Quais os seus canais de contato?<\/strong><\/p>\n<\/div>\n<div id=\"elementor-tab-content-1949\" class=\"elementor-tab-content elementor-clearfix elementor-active\" role=\"tabpanel\" data-tab=\"9\" aria-labelledby=\"elementor-tab-title-1949\">\n<p>Whatsapp: 53 984751621 \u2013 Clicar no canto da tela ou ESCANEIE O QRCODE ABAIXO<\/p>\n<h4><img decoding=\"async\" class=\"alignnone wp-image-13699 jetpack-lazy-image jetpack-lazy-image--handled\" src=\"https:\/\/i0.wp.com\/portifolioos-prontos.com\/wp-content\/uploads\/2023\/02\/whatsapp-business-projeto-de-extensao-300x300.jpeg?resize=144%2C144\" sizes=\"(max-width: 144px) 100vw, 144px\" srcset=\"https:\/\/i0.wp.com\/portifolioos-prontos.com\/wp-content\/uploads\/2023\/02\/whatsapp-business-projeto-de-extensao.jpeg?resize=300%2C301&amp;ssl=1 300w, https:\/\/i0.wp.com\/portifolioos-prontos.com\/wp-content\/uploads\/2023\/02\/whatsapp-business-projeto-de-extensao.jpeg?resize=150%2C150&amp;ssl=1 150w, https:\/\/i0.wp.com\/portifolioos-prontos.com\/wp-content\/uploads\/2023\/02\/whatsapp-business-projeto-de-extensao.jpeg?resize=370%2C372&amp;ssl=1 370w, https:\/\/i0.wp.com\/portifolioos-prontos.com\/wp-content\/uploads\/2023\/02\/whatsapp-business-projeto-de-extensao.jpeg?resize=100%2C100&amp;ssl=1 100w, https:\/\/i0.wp.com\/portifolioos-prontos.com\/wp-content\/uploads\/2023\/02\/whatsapp-business-projeto-de-extensao.jpeg?w=470&amp;ssl=1 470w\" alt=\"projeto de extens\u00e3o unopar\" width=\"144\" height=\"144\" data-lazy-loaded=\"1\" \/><\/h4>\n<\/div>\n<div class=\"elementor-toggle-item\">\n<div id=\"elementor-tab-content-1949\" class=\"elementor-tab-content elementor-clearfix elementor-active\" role=\"tabpanel\" data-tab=\"9\" aria-labelledby=\"elementor-tab-title-1949\">\n<p>E-mail:portifoliosp@gmail.com<\/p>\n<div id=\"attachment_143\" class=\"wp-caption alignnone\">\n<div id=\"attachment_143\" class=\"wp-caption alignnone\">\n<p id=\"caption-attachment-143\" class=\"wp-caption-text\"><a href=\"http:\/\/portfolio-pronto.com\/\">Portf\u00f3lio<\/a>\u00a0em Word, respondido, completo e j\u00e1 nas normas<\/p>\n<\/div>\n<\/div>\n<\/div>\n<\/div>\n","protected":false},"excerpt":{"rendered":"<p>Projeto de Extens\u00e3o III Ci\u00eancia Pol\u00edtica CURSO: CI\u00caNCIA POL\u00cdTICA &#8211; BACHARELADO COMPONENTE CURRICULAR: PROJETO DE EXTENS\u00c3O III &#8211; CI\u00caNCIA POL\u00cdTICA PROGRAMA DE EXTENS\u00c3O: PROGRAMA DE CONTEXTO \u00c0 COMUNIDADE. FINALIDADE E MOTIVA\u00c7\u00c3O A finalidade da extens\u00e3o no Programa de Contexto \u00e0 Comunidade est\u00e1 centrada na articula\u00e7\u00e3o social. Atrav\u00e9s deste projeto ocorrer\u00e1 uma maior integra\u00e7\u00e3o entre a&hellip;<\/p>\n","protected":false},"featured_media":50375,"template":"","meta":{"_seopress_robots_primary_cat":"none","_seopress_titles_title":"","_seopress_titles_desc":"","_seopress_robots_index":""},"product_cat":[804],"product_tag":[],"class_list":{"0":"post-50372","1":"product","2":"type-product","3":"status-publish","4":"has-post-thumbnail","6":"product_cat-ciencia-politica","8":"first","9":"instock","10":"shipping-taxable","11":"purchasable","12":"product-type-simple","13":"col-xs-6 col-sm-4","14":"col-mf-5","15":"un-5-cols"},"jetpack_sharing_enabled":true,"_links":{"self":[{"href":"https:\/\/portifolioos-prontos.com\/index.php\/wp-json\/wp\/v2\/product\/50372","targetHints":{"allow":["GET"]}}],"collection":[{"href":"https:\/\/portifolioos-prontos.com\/index.php\/wp-json\/wp\/v2\/product"}],"about":[{"href":"https:\/\/portifolioos-prontos.com\/index.php\/wp-json\/wp\/v2\/types\/product"}],"version-history":[{"count":3,"href":"https:\/\/portifolioos-prontos.com\/index.php\/wp-json\/wp\/v2\/product\/50372\/revisions"}],"predecessor-version":[{"id":50379,"href":"https:\/\/portifolioos-prontos.com\/index.php\/wp-json\/wp\/v2\/product\/50372\/revisions\/50379"}],"wp:featuredmedia":[{"embeddable":true,"href":"https:\/\/portifolioos-prontos.com\/index.php\/wp-json\/wp\/v2\/media\/50375"}],"wp:attachment":[{"href":"https:\/\/portifolioos-prontos.com\/index.php\/wp-json\/wp\/v2\/media?parent=50372"}],"wp:term":[{"taxonomy":"product_cat","embeddable":true,"href":"https:\/\/portifolioos-prontos.com\/index.php\/wp-json\/wp\/v2\/product_cat?post=50372"},{"taxonomy":"product_tag","embeddable":true,"href":"https:\/\/portifolioos-prontos.com\/index.php\/wp-json\/wp\/v2\/product_tag?post=50372"}],"curies":[{"name":"wp","href":"https:\/\/api.w.org\/{rel}","templated":true}]}}