{"id":50453,"date":"2026-03-16T13:51:03","date_gmt":"2026-03-16T16:51:03","guid":{"rendered":"https:\/\/portifolioos-prontos.com\/?post_type=product&#038;p=50453"},"modified":"2026-03-16T13:51:05","modified_gmt":"2026-03-16T16:51:05","slug":"aula-pratica-quimica-analitica-qualitativa","status":"publish","type":"product","link":"https:\/\/portifolioos-prontos.com\/index.php\/product\/aula-pratica-quimica-analitica-qualitativa\/","title":{"rendered":"Aula Pr\u00e1tica Qu\u00edmica Anal\u00edtica Qualitativa"},"content":{"rendered":"<p><strong>Aula Pr\u00e1tica Qu\u00edmica Anal\u00edtica Qualitativa<\/strong><\/p>\n<p>&nbsp;<\/p>\n<p><strong>ROTEIRO DE AULA PR\u00c1TICA<\/strong><\/p>\n<p><strong>Qu\u00edmica Anal\u00edtica Qualitativa:<\/strong><br \/>\n<strong>Unidade:<\/strong> U3_HIDROLISE<br \/>\n<strong>Aula:<\/strong> A3_INDICADORES_ACIDO_BASE<\/p>\n<hr \/>\n<p><strong>OBJETIVOS<\/strong><\/p>\n<p>Defini\u00e7\u00e3o dos objetivos da aula pr\u00e1tica:<\/p>\n<p>A proposta desta atividade pr\u00e1tica est\u00e1 amparada nos seguintes objetivos:<\/p>\n<ul>\n<li>promover o desenvolvimento de compet\u00eancias e habilidades relacionados \u00e0 disciplina \u201cQu\u00edmica Anal\u00edtica Qualitativa\u201d;<\/li>\n<li>Analisar o comportamento dos indicadores de cor, alaranjado de metila, fenolftale\u00edna e azul de bromotimol, quando adicionados a \u00e1cidos e bases, e suas respectivas mudan\u00e7as de colora\u00e7\u00e3o perante as solu\u00e7\u00f5es estudadas.<\/li>\n<\/ul>\n<hr \/>\n<p><strong>SOLU\u00c7\u00c3O DIGITAL: LABORAT\u00d3RIO VIRTUAL ALGETEC<\/strong><\/p>\n<p>Laborat\u00f3rio Virtual Algetec &#8211; simulador: \u201cIndicadores \u00c1cido-Base\u201d.<\/p>\n<hr \/>\n<p><strong>PROCEDIMENTOS PR\u00c1TICOS E APLICA\u00c7\u00d5ES<\/strong><\/p>\n<p><strong>Procedimento\/Atividade n\u00ba 1<\/strong><\/p>\n<p><strong>INDICADORES \u00c1CIDO-BASE<\/strong><\/p>\n<p>Atividade proposta:<\/p>\n<p>An\u00e1lise do comportamento dos indicadores \u00e1cido-base, alaranjado de metila, fenolftale\u00edna e azul de bromotimol, quando adicionados a \u00e1cidos e bases, e suas respectivas mudan\u00e7as de colora\u00e7\u00e3o perante as solu\u00e7\u00f5es estudadas, por meio da plataforma da ALGETEC.<\/p>\n<p>Procedimentos para a realiza\u00e7\u00e3o da atividade:<\/p>\n<p>Caro aluno(a), voc\u00ea dever\u00e1 realizar o procedimento \u201cIndicadores \u00c1cido-Base\u201d por meio da plataforma ALGETEC dispon\u00edvel em seu ambiente virtual.<\/p>\n<p>Para isso, siga os seguintes passos:<\/p>\n<p>\u2022 Acesse a plataforma da ALGETEC atrav\u00e9s de seu ambiente virtual.<\/p>\n<p>\u2022 Fa\u00e7a a leitura da apresenta\u00e7\u00e3o do experimento e do sum\u00e1rio te\u00f3rico da aula.<\/p>\n<p>\u2022 Em seguida, voc\u00ea dever\u00e1 acessar o roteiro da aula e fazer a leitura dos passos necess\u00e1rios para realiza\u00e7\u00e3o do experimento. Fa\u00e7a uma leitura criteriosa para que n\u00e3o fiquem d\u00favidas em rela\u00e7\u00e3o \u00e0 sua execu\u00e7\u00e3o.<\/p>\n<p>\u2022 Antes de acessar a etapa de realiza\u00e7\u00e3o do experimento, realize a atividade de pr\u00e9-aula, anotando as d\u00favidas, caso elas apare\u00e7am.<\/p>\n<p>\u2022 Realize o experimento atrav\u00e9s da plataforma da ALGETEC, utilizando o laborat\u00f3rio \u201cObserva\u00e7\u00e3o das propriedades do carbono e seus derivados\u201d de acordo com o roteiro disponibilizado, sempre anotando os pontos de d\u00favidas e os resultados encontrados no experimento.<\/p>\n<p>\u2022 Ao final do experimento, realizar as atividades de p\u00f3s-aula.<\/p>\n<hr \/>\n<p><strong>AVALIANDO OS RESULTADOS<\/strong><\/p>\n<p>Com base nos resultados obtidos na determina\u00e7\u00e3o de s\u00f3dio e pot\u00e1ssio por fotometria de chama, analise:<\/p>\n<ol>\n<li>O que \u00e9 um indicador de pH e como ele ajuda a identificar se uma solu\u00e7\u00e3o \u00e9 \u00e1cida ou b\u00e1sica?<\/li>\n<li>Quais s\u00e3o algumas cores comuns que os indicadores de pH podem apresentar em solu\u00e7\u00f5es \u00e1cidas e b\u00e1sicas?<\/li>\n<li>Como o indicador de fenolftale\u00edna muda de cor em uma solu\u00e7\u00e3o \u00e1cida e em uma solu\u00e7\u00e3o b\u00e1sica?<\/li>\n<\/ol>\n<hr \/>\n<p><strong>CHECKLIST<\/strong><\/p>\n<p>Principais etapas para a completude da atividade pr\u00e1tica:<\/p>\n<p>\u2022 Reflex\u00e3o sobre o perfil dos procedimentos experimentais que devem ser realizados por meio da plataforma.<\/p>\n<p>\u2022 Pesquisa sobre a fundamenta\u00e7\u00e3o te\u00f3rica dos experimentos que ser\u00e3o realizados.<\/p>\n<p>\u2022 An\u00e1lise e interpreta\u00e7\u00e3o dos resultados obtidos.<\/p>\n<p>\u2022 Elabora\u00e7\u00e3o de um relat\u00f3rio de aula pr\u00e1tica contendo Introdu\u00e7\u00e3o, Metodologia, Resultados e Conclus\u00e3o.<\/p>\n<hr \/>\n<p><strong>RESULTADOS<\/strong><\/p>\n<p><strong>Resultados do experimento:<\/strong><\/p>\n<p>Ao final dessa aula pr\u00e1tica, voc\u00ea dever\u00e1 enviar um arquivo em Word contendo as informa\u00e7\u00f5es obtidas no experimento, os c\u00e1lculos realizados, em conjunto com um texto conclusivo a respeito das informa\u00e7\u00f5es obtidas. O arquivo n\u00e3o pode exceder o tamanho de 2Mb.<\/p>\n<p>\u2022 Refer\u00eancias bibliogr\u00e1ficas ABNT (quando houver).<\/p>\n<hr \/>\n<p><strong>RESULTADOS DE APRENDIZAGEM<\/strong><\/p>\n<p>Os resultados de aprendizagem esperados incluem a capacidade dos alunos de identificar \u00e1cidos e bases por meio da utiliza\u00e7\u00e3o de indicadores de cor, compreendendo como esses indicadores reagem em solu\u00e7\u00f5es \u00e1cidas e b\u00e1sicas, alterando sua colora\u00e7\u00e3o conforme o pH da solu\u00e7\u00e3o.<\/p>\n<p>Al\u00e9m disso, os estudantes devem ser capazes de analisar o comportamento desses indicadores nas solu\u00e7\u00f5es, reconhecendo as varia\u00e7\u00f5es de cor e correlacionando-as com o ambiente \u00e1cido ou b\u00e1sico.<\/p>\n<p>Por fim, espera-se que os alunos desenvolvam habilidades pr\u00e1ticas no uso da capela de exaust\u00e3o, aplicando-a adequadamente para garantir a seguran\u00e7a durante a realiza\u00e7\u00e3o de experimentos envolvendo subst\u00e2ncias qu\u00edmicas vol\u00e1teis ou t\u00f3xicas.<\/p>\n<div class=\"elementor-toggle-item\">\n<h4 id=\"elementor-tab-title-1941\" class=\"elementor-tab-title elementor-active\" tabindex=\"0\" role=\"tab\" data-tab=\"1\" aria-controls=\"elementor-tab-content-1941\" aria-expanded=\"true\" aria-selected=\"true\">Como funciona?<\/h4>\n<div id=\"elementor-tab-content-1941\" class=\"elementor-tab-content elementor-clearfix elementor-active\" role=\"tabpanel\" data-tab=\"1\" aria-labelledby=\"elementor-tab-title-1941\">\n<p>Elaboramos os portf\u00f3lios, j\u00e1 deixamos prontos, nas normas da ABNT e conforme os requisitos da universidade. F\u00e1cil assim! O MELHOR \u00c9 QUE VOC\u00ca COMPRA E J\u00c1 BAIXA NA HORA O SEU ARQUIVO EM WORD! Sabemos que conciliar trabalho, fam\u00edlia, vida profissional e estudos \u00e9 dif\u00edcil hoje em dia, por isso, estamos aqui para ajudar voc\u00ea. Conte com nossa qualidade, experi\u00eancia e profissionalismo adquirindo seu portf\u00f3lio conosco. GARANTIMOS SEU CONCEITO!<\/p>\n<h4>Como se realizam os envios?<\/h4>\n<\/div>\n<\/div>\n<div class=\"elementor-toggle-item\">\n<div id=\"elementor-tab-content-1942\" class=\"elementor-tab-content elementor-clearfix elementor-active\" role=\"tabpanel\" data-tab=\"2\" aria-labelledby=\"elementor-tab-title-1942\">O seu trabalho \u00e9 disponibilizado pronto, respondido e nas normas j\u00e1 na mesma hora aqui em nosso site na sua \u00e1rea de downloads e tamb\u00e9m no seu e-mail.<\/div>\n<\/div>\n<div class=\"elementor-toggle-item\">\n<div id=\"elementor-tab-content-1943\" class=\"elementor-tab-content elementor-clearfix elementor-active\" role=\"tabpanel\" data-tab=\"3\" aria-labelledby=\"elementor-tab-title-1943\">\n<h4>Em quanto tempo recebo o portf\u00f3lio?<\/h4>\n<\/div>\n<\/div>\n<div class=\"elementor-toggle-item\">\n<div id=\"elementor-tab-content-1944\" class=\"elementor-tab-content elementor-clearfix elementor-active\" role=\"tabpanel\" data-tab=\"4\" aria-labelledby=\"elementor-tab-title-1944\">\n<p>Os envios s\u00e3o imediatos. Ap\u00f3s sua compra, o trabalho j\u00e1 \u00e9 disponibilizado instantaneamente aqui em nosso site e no seu e-mail.<\/p>\n<h4>E se o portf\u00f3lio que comprei precisar de corre\u00e7\u00e3o?<\/h4>\n<\/div>\n<\/div>\n<div class=\"elementor-toggle-item\">\n<div id=\"elementor-tab-content-1945\" class=\"elementor-tab-content elementor-clearfix elementor-active\" role=\"tabpanel\" data-tab=\"5\" aria-labelledby=\"elementor-tab-title-1945\">\n<p>Caso haja alguma solicita\u00e7\u00e3o de corre\u00e7\u00e3o\/altera\u00e7\u00e3o por parte do tutor, basta entrar em contato conosco pelo\u00a0WhatsApp\u00a0que provid\u00eanciaremos sem custo algum.<\/p>\n<h4>Qual o formato do arquivo?<\/h4>\n<\/div>\n<\/div>\n<div class=\"elementor-toggle-item\">\n<div id=\"elementor-tab-content-1946\" class=\"elementor-tab-content elementor-clearfix elementor-active\" role=\"tabpanel\" data-tab=\"6\" aria-labelledby=\"elementor-tab-title-1946\">\n<p>Os arquivos s\u00e3o enviados em formato Word e s\u00e3o edit\u00e1veis.<\/p>\n<h4>Caso eu tiver alguma d\u00favida, terei suporte no p\u00f3s venda?<\/h4>\n<\/div>\n<\/div>\n<div class=\"elementor-toggle-item\">\n<div id=\"elementor-tab-content-1948\" class=\"elementor-tab-content elementor-clearfix elementor-active\" role=\"tabpanel\" data-tab=\"8\" aria-labelledby=\"elementor-tab-title-1948\">\n<p>Sim, com certeza. Basta clicar no \u00edcone do WhatsApp no cantinho da tela. Ser\u00e1 um prazer atend\u00ea-lo(a).<\/p>\n<div class=\"elementor-toggle-item\">\n<div id=\"elementor-tab-content-1948\" class=\"elementor-tab-content elementor-clearfix elementor-active\" role=\"tabpanel\" data-tab=\"8\" aria-labelledby=\"elementor-tab-title-1948\">\n<h4>Quais os seus canais de contato?<\/h4>\n<\/div>\n<\/div>\n<div class=\"elementor-toggle-item\">\n<div id=\"elementor-tab-content-1949\" class=\"elementor-tab-content elementor-clearfix elementor-active\" role=\"tabpanel\" data-tab=\"9\" aria-labelledby=\"elementor-tab-title-1949\">\n<p>Whatsapp: 53 984751621 \u2013 Clicar no canto da tela ou ESCANEIE O QRCODE ABAIXO<\/p>\n<h4><img decoding=\"async\" class=\"alignnone wp-image-13699 jetpack-lazy-image jetpack-lazy-image--handled smush-detected-img smush-image-1 smush-image-2\" src=\"https:\/\/i0.wp.com\/portifolioos-prontos.com\/wp-content\/uploads\/2023\/02\/whatsapp-business-projeto-de-extensao-300x300.jpeg?resize=144%2C144\" sizes=\"(max-width: 144px) 100vw, 144px\" srcset=\"https:\/\/i0.wp.com\/portifolioos-prontos.com\/wp-content\/uploads\/2023\/02\/whatsapp-business-projeto-de-extensao.jpeg?resize=300%2C301&amp;ssl=1 300w, https:\/\/i0.wp.com\/portifolioos-prontos.com\/wp-content\/uploads\/2023\/02\/whatsapp-business-projeto-de-extensao.jpeg?resize=150%2C150&amp;ssl=1 150w, https:\/\/i0.wp.com\/portifolioos-prontos.com\/wp-content\/uploads\/2023\/02\/whatsapp-business-projeto-de-extensao.jpeg?resize=370%2C372&amp;ssl=1 370w, https:\/\/i0.wp.com\/portifolioos-prontos.com\/wp-content\/uploads\/2023\/02\/whatsapp-business-projeto-de-extensao.jpeg?resize=100%2C100&amp;ssl=1 100w, https:\/\/i0.wp.com\/portifolioos-prontos.com\/wp-content\/uploads\/2023\/02\/whatsapp-business-projeto-de-extensao.jpeg?w=470&amp;ssl=1 470w\" alt=\"projeto de extens\u00e3o unopar\" width=\"144\" height=\"144\" data-lazy-loaded=\"1\" \/><\/h4>\n<\/div>\n<\/div>\n<\/div>\n<\/div>\n<div class=\"elementor-toggle-item\">\n<div id=\"elementor-tab-content-1949\" class=\"elementor-tab-content elementor-clearfix elementor-active\" role=\"tabpanel\" data-tab=\"9\" aria-labelledby=\"elementor-tab-title-1949\">\n<p>E-mail:portifoliosp@gmail.com<\/p>\n<div id=\"attachment_143\" class=\"wp-caption alignnone\">\n<div id=\"attachment_143\" class=\"wp-caption alignnone\">\n<p><a href=\"https:\/\/portifolioos-prontos.com\/\"><img decoding=\"async\" class=\"wp-image-143 jetpack-lazy-image jetpack-lazy-image--handled smush-detected-img smush-image-11 smush-image-2 smush-image-10 smush-image-13 smush-image-3\" title=\"portfolio pronto unopar\" src=\"https:\/\/i0.wp.com\/portifolioos-prontos.com\/wp-content\/uploads\/2022\/04\/conceitomaximo.png?resize=161%2C46\" alt=\"PORTFOLIO PRONTO UNOPAR ANHANGUERA\" width=\"70\" height=\"20\" aria-describedby=\"caption-attachment-143\" data-lazy-loaded=\"1\" \/><\/a><\/p>\n<p id=\"caption-attachment-143\" class=\"wp-caption-text\">Portf\u00f3lio em Word, respondido, completo e j\u00e1 nas normas<\/p>\n<\/div>\n<\/div>\n<\/div>\n<\/div>\n","protected":false},"excerpt":{"rendered":"<p>Aula Pr\u00e1tica Qu\u00edmica Anal\u00edtica Qualitativa &nbsp; ROTEIRO DE AULA PR\u00c1TICA Qu\u00edmica Anal\u00edtica Qualitativa: Unidade: U3_HIDROLISE Aula: A3_INDICADORES_ACIDO_BASE OBJETIVOS Defini\u00e7\u00e3o dos objetivos da aula pr\u00e1tica: A proposta desta atividade pr\u00e1tica est\u00e1 amparada nos seguintes objetivos: promover o desenvolvimento de compet\u00eancias e habilidades relacionados \u00e0 disciplina \u201cQu\u00edmica Anal\u00edtica Qualitativa\u201d; Analisar o comportamento dos indicadores de cor, alaranjado&hellip;<\/p>\n","protected":false},"featured_media":50456,"template":"","meta":{"_seopress_robots_primary_cat":"","_seopress_titles_title":"","_seopress_titles_desc":"","_seopress_robots_index":""},"product_cat":[15],"product_tag":[],"class_list":{"0":"post-50453","1":"product","2":"type-product","3":"status-publish","4":"has-post-thumbnail","6":"product_cat-uncategorized","8":"first","9":"instock","10":"shipping-taxable","11":"product-type-simple","12":"col-xs-6 col-sm-4","13":"col-mf-5","14":"un-5-cols"},"jetpack_sharing_enabled":true,"_links":{"self":[{"href":"https:\/\/portifolioos-prontos.com\/index.php\/wp-json\/wp\/v2\/product\/50453","targetHints":{"allow":["GET"]}}],"collection":[{"href":"https:\/\/portifolioos-prontos.com\/index.php\/wp-json\/wp\/v2\/product"}],"about":[{"href":"https:\/\/portifolioos-prontos.com\/index.php\/wp-json\/wp\/v2\/types\/product"}],"version-history":[{"count":1,"href":"https:\/\/portifolioos-prontos.com\/index.php\/wp-json\/wp\/v2\/product\/50453\/revisions"}],"predecessor-version":[{"id":50457,"href":"https:\/\/portifolioos-prontos.com\/index.php\/wp-json\/wp\/v2\/product\/50453\/revisions\/50457"}],"wp:featuredmedia":[{"embeddable":true,"href":"https:\/\/portifolioos-prontos.com\/index.php\/wp-json\/wp\/v2\/media\/50456"}],"wp:attachment":[{"href":"https:\/\/portifolioos-prontos.com\/index.php\/wp-json\/wp\/v2\/media?parent=50453"}],"wp:term":[{"taxonomy":"product_cat","embeddable":true,"href":"https:\/\/portifolioos-prontos.com\/index.php\/wp-json\/wp\/v2\/product_cat?post=50453"},{"taxonomy":"product_tag","embeddable":true,"href":"https:\/\/portifolioos-prontos.com\/index.php\/wp-json\/wp\/v2\/product_tag?post=50453"}],"curies":[{"name":"wp","href":"https:\/\/api.w.org\/{rel}","templated":true}]}}