{"id":50458,"date":"2026-03-16T13:55:55","date_gmt":"2026-03-16T16:55:55","guid":{"rendered":"https:\/\/portifolioos-prontos.com\/?post_type=product&#038;p=50458"},"modified":"2026-03-17T13:48:12","modified_gmt":"2026-03-17T16:48:12","slug":"projeto-de-extensao-iii-engenharia-ambiental-e-sanitaria","status":"publish","type":"product","link":"https:\/\/portifolioos-prontos.com\/index.php\/product\/projeto-de-extensao-iii-engenharia-ambiental-e-sanitaria\/","title":{"rendered":"Projeto de Extens\u00e3o III &#8211; Engenharia Ambiental e Sanit\u00e1ria"},"content":{"rendered":"<p><strong>Projeto de Extens\u00e3o III &#8211; Engenharia Ambiental e Sanit\u00e1ria<\/strong><\/p>\n<hr \/>\n<p>&nbsp;<\/p>\n<p>CURSO:<br \/>\nENGENHARIA AMBIENTAL E SANIT\u00c1RIA<br \/>\nCOMPONENTE CURRICULAR:<br \/>\nPROJETO DE EXTENS\u00c3O III &#8211; ENGENHARIA AMBIENTAL E SANIT\u00c1RIA<br \/>\nPROGRAMA DE EXTENS\u00c3O:<br \/>\nPROGRAMA DE SUSTENTABILIDADE<\/p>\n<hr \/>\n<p><strong>FINALIDADE E MOTIVA\u00c7\u00c3O<\/strong><\/p>\n<p>A finalidade da extens\u00e3o no Programa de Sustentabilidade do curso de Engenharia Ambiental e Sanit\u00e1ria est\u00e1 relacionada a aplica\u00e7\u00e3o de conceitos, t\u00e9cnicas e metodologias relacionadas a sustentabilidade, principalmente pelo entendimento e preocupa\u00e7\u00e3o, cada vez maior com a gest\u00e3o e utiliza\u00e7\u00e3o consciente dos recursos naturais para atendimento \u00e0s demandas atuais e futuras, por meio de a\u00e7\u00f5es relacionadas a educa\u00e7\u00e3o e gest\u00e3o ambiental, como disposi\u00e7\u00e3o correta de res\u00edduos s\u00f3lidos, uso racional de recursos h\u00eddricos, entre outros. S\u00e3o diversos os locais que poder\u00e3o contemplar esse projeto extensionista, como: prefeituras; associa\u00e7\u00f5es de bairros; escolas municipais e estaduais; institui\u00e7\u00f5es religiosas; organiza\u00e7\u00f5es n\u00e3o governamentais (ONGs).<\/p>\n<hr \/>\n<p><strong>COMPET\u00caNCIAS<\/strong><\/p>\n<p>I &#8211; Projetar, conduzir experimentos e interpretar resultados, contemplando a compreens\u00e3o dos fen\u00f4menos f\u00edsicos, qu\u00edmicos, biol\u00f3gicos e socioambientais;<\/p>\n<p>II &#8211; Avaliar e monitorar os impactos dos projetos e obras de Engenharia e dos fen\u00f4menos naturais nos territ\u00f3rios, no ambiente e na sa\u00fade humana;<\/p>\n<p>III &#8211; Avaliar a viabilidade t\u00e9cnica, econ\u00f4mica e socioambiental de projetos de Engenharia Ambiental e Sanit\u00e1ria.<\/p>\n<hr \/>\n<p><strong>PERFIL DO EGRESSO<\/strong><\/p>\n<p>A IES busca que o egresso do curso de Engenharia Ambiental e Sanit\u00e1ria seja um profissional \u00e9tico, cr\u00edtico, reflexivo, propositivo, human\u00edstico, din\u00e2mico, que atue observando a sustentabilidade e a preserva\u00e7\u00e3o do meio ambiente, sendo que pelas atividades extensionistas vinculadas ao Programa de Sustentabilidade, o egresso possa desenvolver habilidades e compet\u00eancias para o desenvolvimento de novas tecnologias com o uso da criticidade, \u00e9tica e criatividade na solu\u00e7\u00e3o de problemas da sociedade considerando aspectos ambientais, pol\u00edticos, econ\u00f4micos, culturais, sociais e de seguran\u00e7a e sa\u00fade no trabalho.<\/p>\n<hr \/>\n<p><strong>SOFT SKILLS (COMPET\u00caNCIAS SOCIOEMOCIONAIS)<\/strong><\/p>\n<p>An\u00e1lise e resolu\u00e7\u00e3o de problemas<br \/>\nFlexibilidade e adapta\u00e7\u00e3o<br \/>\nPlanejamento e organiza\u00e7\u00e3o<\/p>\n<hr \/>\n<p><strong>OBJETIVOS DE APRENDIZAGEM<\/strong><\/p>\n<p>Os objetivos da extens\u00e3o vinculados ao Programa de Sustentabilidade do curso de Engenharia Ambiental e Sanit\u00e1ria est\u00e3o relacionados ao desenvolvimento sustent\u00e1vel, conscientiza\u00e7\u00e3o ambiental, consumo racional de recursos e implementa\u00e7\u00e3o de iniciativas que estejam alinhadas com os Objetivos do Desenvolvimento Sustent\u00e1vel (ODS) das Na\u00e7\u00f5es Unidas.<\/p>\n<hr \/>\n<p><strong>CONTE\u00daDOS<\/strong><\/p>\n<p>I &#8211; Planejamento e gest\u00e3o ambiental nos setores p\u00fablico e privado;<\/p>\n<p>II &#8211; Avalia\u00e7\u00e3o de impactos ambientais;<\/p>\n<p>III &#8211; Geologia e geotecnia ambiental;<\/p>\n<p>IV &#8211; Hidr\u00e1ulica;<\/p>\n<p>V &#8211; Res\u00edduos s\u00f3lidos.<\/p>\n<hr \/>\n<p><strong>INDICA\u00c7\u00d5ES BIBLIOGR\u00c1FICAS<\/strong><\/p>\n<p>DIAS, Reinaldo. Gest\u00e3o ambiental: responsabilidade social e sustentabilidade. 3. ed. S\u00e3o Paulo: Atlas, 2019.<\/p>\n<p>STEIN, Ronei et al. Avalia\u00e7\u00e3o de impactos ambientais. Porto Alegre: SAGAH, 2018.<\/p>\n<p>POPP, Jos\u00e9 Henrique. Geologia geral. 7. ed. Rio de Janeiro: LTC, 2017.<\/p>\n<p>RAMINELLI, Liliane Klemann. Hidr\u00e1ulica e planejamento aplicados ao saneamento. Curitba: Intersaberes, 2021.<\/p>\n<p>OLIVEIRA, Ana Paula Franco de. Gest\u00e3o de res\u00edduos s\u00f3lidos urbanos e do servi\u00e7o de sa\u00fade. Curitiba: Contentus, 2020.<\/p>\n<hr \/>\n<p><strong>RELAT\u00d3RIO FINAL<\/strong><\/p>\n<p>Aluno e Aluna, ap\u00f3s realizar suas atividades de extens\u00e3o, \u00e9 necess\u00e1rio que voc\u00ea o formalize, enviando esse Relat\u00f3rio Final para ser avaliado junto ao seu Ambiente Virtual (AVA) e tamb\u00e9m para voc\u00ea poder comprovar sua atua\u00e7\u00e3o.<\/p>\n<p>Para o preenchimento, busque as anota\u00e7\u00f5es junto ao TEMPLATE PCDA para auxiliar na apresenta\u00e7\u00e3o das atividades desenvolvidas.<\/p>\n<p>Todos os campos s\u00e3o de preenchimento obrigat\u00f3rio!<\/p>\n<hr \/>\n<p><strong>DESCRI\u00c7\u00c3O DA A\u00c7\u00c3O COM RESULTADOS ALCAN\u00c7ADOS<\/strong><\/p>\n<p>Metas dos Objetivos de Desenvolvimento Sustent\u00e1vel (ODS) aderentes a este projeto:<\/p>\n<p>CAMPO OBRIGAT\u00d3RIO \u2013 busque no seu Template PDCA quais Metas voc\u00ea selecionou como aderentes ao seu projeto, conforme cada Objetivo de Desenvolvimento Sustent\u00e1vel (ODS) da Organiza\u00e7\u00e3o das Na\u00e7\u00f5es Unidas(ONU) que voc\u00ea explorou no seu planejamento.<\/p>\n<p>Liste as Metasselecionadas (pelo menos uma op\u00e7\u00e3o):<\/p>\n<p>Local de realiza\u00e7\u00e3o da atividade extensionista:<\/p>\n<p>Durante a a\u00e7\u00e3o:<\/p>\n<p>Caso necess\u00e1rio, houve mudan\u00e7a de estrat\u00e9gia para alcan\u00e7ar o resultado:<\/p>\n<p>Resultado da a\u00e7\u00e3o:<\/p>\n<p>Conclus\u00e3o:<\/p>\n<p>Depoimentos (se houver):<\/p>\n<hr \/>\n<p><strong>RELATE SUA PERCEP\u00c7\u00c3O DAS A\u00c7\u00d5ES EXTENSIONISTAS REALIZADAS NO PROGRAMA DESENVOLVIDO<\/strong><\/p>\n<p>CAMPO OBRIGAT\u00d3RIO \u2013 relate em no m\u00ednimo 15 (quinze) linhas sua experi\u00eancia com as a\u00e7\u00f5es extensionistas. O texto deve ser de sua autoria e in\u00e9dito, evite pl\u00e1gio.<\/p>\n<p>Quest\u00f5es norteadoras:<\/p>\n<p>(1) Voc\u00ea notou que suas habilidades profissionais foram aprimoradas, com a atua\u00e7\u00e3o nas a\u00e7\u00f5es extensionistas?<\/p>\n<p>(2) Voc\u00ea identificou melhoria\/resolu\u00e7\u00e3o do problema identificado?<\/p>\n<p>(3) Voc\u00ea conseguiu articular os conhecimentos adquiridos no curso com as a\u00e7\u00f5es extensionistas?<\/p>\n<p>Ao escrever seu texto evite deix\u00e1-lo em forma de respostas as quest\u00f5es norteadoras, relate sua experi\u00eancia em forma de texto dissertativo com justificativas.<\/p>\n<hr \/>\n<p><strong>DEPOIMENTO DA INSTITUI\u00c7\u00c3O PARTICIPANTE<\/strong><\/p>\n<p>CAMPO OBRIGAT\u00d3RIO &#8211; insira depoimento(s) do(s) gestor(es) da institui\u00e7\u00e3o\/\u00f3rg\u00e3o\/associa\u00e7\u00e3o participante que contribuam como um feedback da a\u00e7\u00e3o realizada por voc\u00ea.<\/p>\n<hr \/>\n<p><strong>REFER\u00caNCIAS BIBLIOGR\u00c1FICAS<\/strong><\/p>\n<p>CAMPO OBRIGAT\u00d3RIO &#8211; Siga a normas ABNT, para isso consulte sua Biblioteca Virtual;<\/p>\n<p>Utilize como refer\u00eancias bibliogr\u00e1ficas as indica\u00e7\u00f5es do Campo: Indica\u00e7\u00f5es Bibliogr\u00e1ficas e as demais refer\u00eancias utilizadas no desenvolvimento do seu projeto.<\/p>\n<hr \/>\n<p><strong>AUTOAVALIA\u00c7\u00c3O DA ATIVIDADE<\/strong><\/p>\n<p>Realize a sua avalia\u00e7\u00e3o em rela\u00e7\u00e3o \u00e0 atividade desenvolvida considerando uma escala de 0 a 10 para cada pergunta, assinalando com um X:<\/p>\n<ol>\n<li>A atividade permitiu o desenvolvimento do projeto de extens\u00e3o articulando as compet\u00eancias e conte\u00fados propostos junto ao Curso?<\/li>\n<\/ol>\n<p>0 1 2 3 4 5 6 7 8 9 10<br \/>\n() () () () () () () () () () ()<\/p>\n<ol start=\"2\">\n<li>A atividade possui carga hor\u00e1ria suficiente para a sua realiza\u00e7\u00e3o?<\/li>\n<\/ol>\n<p>0 1 2 3 4 5 6 7 8 9 10<br \/>\n() () () () () () () () () () ()<\/p>\n<ol start=\"3\">\n<li>A atividade \u00e9 relevante para a sua forma\u00e7\u00e3o e articula\u00e7\u00e3o de compet\u00eancias e conte\u00fados?<\/li>\n<\/ol>\n<p>0 1 2 3 4 5 6 7 8 9 10<br \/>\n() () () () () () () () () () ()<\/p>\n<ol start=\"4\">\n<li>A atividade contribui para o cumprimento dos objetivos definidos pela Institui\u00e7\u00e3o de Ensino (IES) e Curso, observando o Plano de Desenvolvimento Institucional e Projeto Pedag\u00f3gico de Curso vigentes?<\/li>\n<\/ol>\n<p>0 1 2 3 4 5 6 7 8 9 10<br \/>\n() () () () () () () () () () ()<\/p>\n<ol start=\"5\">\n<li>A atividade contribui para a melhoria da sociedade por meio dos resultados demonstrados no relat\u00f3rio ou pelos relatos apresentados pelos envolvidos?<\/li>\n<\/ol>\n<p>0 1 2 3 4 5 6 7 8 9 10<br \/>\n() () () () () () () () () () ()<\/p>\n<ol start=\"6\">\n<li>A atividade permite o desenvolvimento de a\u00e7\u00f5es junto \u00e0 Inicia\u00e7\u00e3o Cient\u00edfica e ao Ensino?<\/li>\n<\/ol>\n<p>0 1 2 3 4 5 6 7 8 9 10<br \/>\n() () () () () () () () () () ()<\/p>\n<ol start=\"7\">\n<li>Caso queira contribuir com maior detalhamento, traga seu depoimento\/ sugest\u00e3o.<\/li>\n<\/ol>\n<hr \/>\n<p><strong>Como funciona?<\/strong><\/p>\n<div class=\"elementor-toggle-item\">\n<p>Elaboramos os portf\u00f3lios, j\u00e1 deixamos prontos, nas normas da ABNT e conforme os requisitos da universidade. F\u00e1cil assim! O MELHOR \u00c9 QUE VOC\u00ca COMPRA E J\u00c1 BAIXA NA HORA O SEU ARQUIVO EM WORD! Sabemos que conciliar trabalho, fam\u00edlia, vida profissional e estudos \u00e9 dif\u00edcil hoje em dia, por isso, estamos aqui para ajudar voc\u00ea. Conte com nossa qualidade, experi\u00eancia e profissionalismo adquirindo seu portf\u00f3lio conosco. GARANTIMOS SEU CONCEITO!<\/p>\n<p><strong>Como se realizam os envios?<\/strong><\/p>\n<\/div>\n<p id=\"elementor-tab-content-1942\" class=\"elementor-tab-content elementor-clearfix elementor-active\" role=\"tabpanel\" data-tab=\"2\" aria-labelledby=\"elementor-tab-title-1942\">O seu trabalho \u00e9 disponibilizado pronto, respondido e nas normas j\u00e1 na mesma hora aqui em nosso site na sua \u00e1rea de downloads e tamb\u00e9m no seu e-mail.<\/p>\n<p><strong>Em quanto tempo recebo o portf\u00f3lio?<\/strong><\/p>\n<p>Os envios s\u00e3o imediatos. Ap\u00f3s sua compra, o trabalho j\u00e1 \u00e9 disponibilizado instantaneamente aqui em nosso site e no seu e-mail.<\/p>\n<p><strong>E se o portf\u00f3lio que comprei precisar de corre\u00e7\u00e3o?<\/strong><\/p>\n<p>Caso haja alguma solicita\u00e7\u00e3o de corre\u00e7\u00e3o\/altera\u00e7\u00e3o por parte do tutor, basta entrar em contato conosco pelo\u00a0WhatsApp\u00a0que provid\u00eanciaremos sem custo algum.<\/p>\n<p><strong>Qual o formato do arquivo?<\/strong><\/p>\n<p>Os arquivos s\u00e3o enviados em formato Word e s\u00e3o edit\u00e1veis.<\/p>\n<p><strong>Caso eu tiver alguma d\u00favida, terei suporte no p\u00f3s venda?<\/strong><\/p>\n<p>Sim, com certeza. Basta clicar no \u00edcone do WhatsApp no cantinho da tela. Ser\u00e1 um prazer atend\u00ea-lo(a).<\/p>\n<div id=\"elementor-tab-content-1948\" class=\"elementor-tab-content elementor-clearfix elementor-active\" role=\"tabpanel\" data-tab=\"8\" aria-labelledby=\"elementor-tab-title-1948\">\n<p><strong>Quais os seus canais de contato?<\/strong><\/p>\n<\/div>\n<div id=\"elementor-tab-content-1949\" class=\"elementor-tab-content elementor-clearfix elementor-active\" role=\"tabpanel\" data-tab=\"9\" aria-labelledby=\"elementor-tab-title-1949\">\n<p>Whatsapp: 53 984751621 \u2013 Clicar no canto da tela ou ESCANEIE O QRCODE ABAIXO<\/p>\n<h4><img decoding=\"async\" class=\"alignnone wp-image-13699 jetpack-lazy-image jetpack-lazy-image--handled\" src=\"https:\/\/i0.wp.com\/portifolioos-prontos.com\/wp-content\/uploads\/2023\/02\/whatsapp-business-projeto-de-extensao-300x300.jpeg?resize=144%2C144\" sizes=\"(max-width: 144px) 100vw, 144px\" srcset=\"https:\/\/i0.wp.com\/portifolioos-prontos.com\/wp-content\/uploads\/2023\/02\/whatsapp-business-projeto-de-extensao.jpeg?resize=300%2C301&amp;ssl=1 300w, https:\/\/i0.wp.com\/portifolioos-prontos.com\/wp-content\/uploads\/2023\/02\/whatsapp-business-projeto-de-extensao.jpeg?resize=150%2C150&amp;ssl=1 150w, https:\/\/i0.wp.com\/portifolioos-prontos.com\/wp-content\/uploads\/2023\/02\/whatsapp-business-projeto-de-extensao.jpeg?resize=370%2C372&amp;ssl=1 370w, https:\/\/i0.wp.com\/portifolioos-prontos.com\/wp-content\/uploads\/2023\/02\/whatsapp-business-projeto-de-extensao.jpeg?resize=100%2C100&amp;ssl=1 100w, https:\/\/i0.wp.com\/portifolioos-prontos.com\/wp-content\/uploads\/2023\/02\/whatsapp-business-projeto-de-extensao.jpeg?w=470&amp;ssl=1 470w\" alt=\"projeto de extens\u00e3o unopar\" width=\"144\" height=\"144\" data-lazy-loaded=\"1\" \/><\/h4>\n<\/div>\n<div class=\"elementor-toggle-item\">\n<div id=\"elementor-tab-content-1949\" class=\"elementor-tab-content elementor-clearfix elementor-active\" role=\"tabpanel\" data-tab=\"9\" aria-labelledby=\"elementor-tab-title-1949\">\n<p>E-mail:portifoliosp@gmail.com<\/p>\n<div id=\"attachment_143\" class=\"wp-caption alignnone\">\n<div id=\"attachment_143\" class=\"wp-caption alignnone\">\n<p id=\"caption-attachment-143\" class=\"wp-caption-text\"><a href=\"http:\/\/portfolio-pronto.com\/\">Portf\u00f3lio<\/a>\u00a0em Word, respondido, completo e j\u00e1 nas normas<\/p>\n<\/div>\n<\/div>\n<\/div>\n<\/div>\n","protected":false},"excerpt":{"rendered":"<p>Projeto de Extens\u00e3o III &#8211; Engenharia Ambiental e Sanit\u00e1ria &nbsp; CURSO: ENGENHARIA AMBIENTAL E SANIT\u00c1RIA COMPONENTE CURRICULAR: PROJETO DE EXTENS\u00c3O III &#8211; ENGENHARIA AMBIENTAL E SANIT\u00c1RIA PROGRAMA DE EXTENS\u00c3O: PROGRAMA DE SUSTENTABILIDADE FINALIDADE E MOTIVA\u00c7\u00c3O A finalidade da extens\u00e3o no Programa de Sustentabilidade do curso de Engenharia Ambiental e Sanit\u00e1ria est\u00e1 relacionada a aplica\u00e7\u00e3o de&hellip;<\/p>\n","protected":false},"featured_media":50505,"template":"","meta":{"_seopress_robots_primary_cat":"none","_seopress_titles_title":"","_seopress_titles_desc":"","_seopress_robots_index":""},"product_cat":[141],"product_tag":[],"class_list":{"0":"post-50458","1":"product","2":"type-product","3":"status-publish","4":"has-post-thumbnail","6":"product_cat-engenharia-ambiental-e-sanitaria","8":"first","9":"instock","10":"shipping-taxable","11":"purchasable","12":"product-type-simple","13":"col-xs-6 col-sm-4","14":"col-mf-5","15":"un-5-cols"},"jetpack_sharing_enabled":true,"_links":{"self":[{"href":"https:\/\/portifolioos-prontos.com\/index.php\/wp-json\/wp\/v2\/product\/50458","targetHints":{"allow":["GET"]}}],"collection":[{"href":"https:\/\/portifolioos-prontos.com\/index.php\/wp-json\/wp\/v2\/product"}],"about":[{"href":"https:\/\/portifolioos-prontos.com\/index.php\/wp-json\/wp\/v2\/types\/product"}],"version-history":[{"count":3,"href":"https:\/\/portifolioos-prontos.com\/index.php\/wp-json\/wp\/v2\/product\/50458\/revisions"}],"predecessor-version":[{"id":50507,"href":"https:\/\/portifolioos-prontos.com\/index.php\/wp-json\/wp\/v2\/product\/50458\/revisions\/50507"}],"wp:featuredmedia":[{"embeddable":true,"href":"https:\/\/portifolioos-prontos.com\/index.php\/wp-json\/wp\/v2\/media\/50505"}],"wp:attachment":[{"href":"https:\/\/portifolioos-prontos.com\/index.php\/wp-json\/wp\/v2\/media?parent=50458"}],"wp:term":[{"taxonomy":"product_cat","embeddable":true,"href":"https:\/\/portifolioos-prontos.com\/index.php\/wp-json\/wp\/v2\/product_cat?post=50458"},{"taxonomy":"product_tag","embeddable":true,"href":"https:\/\/portifolioos-prontos.com\/index.php\/wp-json\/wp\/v2\/product_tag?post=50458"}],"curies":[{"name":"wp","href":"https:\/\/api.w.org\/{rel}","templated":true}]}}