{"id":50468,"date":"2026-03-16T14:01:39","date_gmt":"2026-03-16T17:01:39","guid":{"rendered":"https:\/\/portifolioos-prontos.com\/?post_type=product&#038;p=50468"},"modified":"2026-03-16T14:01:40","modified_gmt":"2026-03-16T17:01:40","slug":"projeto-de-extensao-iii-ciencias-economicas","status":"publish","type":"product","link":"https:\/\/portifolioos-prontos.com\/index.php\/product\/projeto-de-extensao-iii-ciencias-economicas\/","title":{"rendered":"Projeto de Extens\u00e3o III &#8211; Ci\u00eancias Econ\u00f4micas"},"content":{"rendered":"<p><strong>Projeto de Extens\u00e3o III &#8211; Ci\u00eancias Econ\u00f4micas<\/strong><\/p>\n<hr \/>\n<p>&nbsp;<\/p>\n<p>&nbsp;<\/p>\n<p><strong>CURSO:<\/strong><br \/>\nCI\u00caNCIAS ECON\u00d4MICAS &#8211; BACHARELADO<\/p>\n<hr \/>\n<p><strong>COMPONENTE CURRICULAR:<\/strong><br \/>\nPROJETO DE EXTENS\u00c3O III \u2013 CI\u00caNCIAS ECON\u00d4MICAS<\/p>\n<hr \/>\n<p><strong>PROGRAMA DE EXTENS\u00c3O:<\/strong><br \/>\nPROGRAMA DE SUSTENTABILIDADE<\/p>\n<hr \/>\n<p><strong>FINALIDADE E MOTIVA\u00c7\u00c3O:<\/strong><\/p>\n<p>Programa de sustentabilidade. A realiza\u00e7\u00e3o das atividades extensionistas do curso de ci\u00eancias econ\u00f4micas orientadas pelo programa de sustentabilidade pode levar \u00e0 cria\u00e7\u00e3o do novo saber e ao desenvolvimento de compet\u00eancias e soft skills espec\u00edfica pelo corpo discente do curso, e, por outro lado, pode oferecer importante contribui\u00e7\u00e3o \u00e0s iniciativas de responsabilidade socioambiental, por meio de proposta de a\u00e7\u00f5es que podem ser realizadas, dentre outros, junto a: ong, prefeitura, associa\u00e7\u00e3o de produtores rurais, associa\u00e7\u00e3o comercial, associa\u00e7\u00e3o de comunidades ribeirinhas, associa\u00e7\u00e3o de reciclagem, escola, \u00f3rg\u00e3os p\u00fablicos de todas as inst\u00e2ncias, cooperativas de cr\u00e9dito.<\/p>\n<hr \/>\n<p><strong>COMPET\u00caNCIAS:<\/strong><\/p>\n<p>I &#8211; Mensurar e avaliar os impactos socioecon\u00f4micos e ambientais decorrentes de escolhas p\u00fablicas e privadas;<\/p>\n<p>II &#8211; Utilizar, de forma l\u00f3gica e consistente, a an\u00e1lise gr\u00e1fica e quantitativa na tomada de decis\u00f5es econ\u00f4micas;<\/p>\n<p>III &#8211; Elaborar, analisar e avaliar pol\u00edticas econ\u00f4micas e outras pol\u00edticas p\u00fablicas.<\/p>\n<hr \/>\n<p><strong>PERFIL DO EGRESSO:<\/strong><\/p>\n<p>Considerando os pressupostos assumidos pela IES, e mediante o conjunto de conhecimentos que ser\u00e3o internalizados ao longo do Curso de Ci\u00eancias Econ\u00f4micas, busca-se que os seus egressos tenham o perfil profissional com s\u00f3lida forma\u00e7\u00e3o cient\u00edfica e tecnol\u00f3gica para atuar e se especializar nas diversas \u00e1reas pertinentes ao curso, considerando os aspectos econ\u00f4micos, sociais, humanos e ambientais em atendimento \u00e0s demandas da sociedade, estando aptos para:<\/p>\n<p>I. Desenvolver racioc\u00ednios l\u00f3gico e cr\u00edtico;<\/p>\n<p>II. Interpretar textos econ\u00f4micos e compreender a utiliza\u00e7\u00e3o dos fundamentos da Ci\u00eancia Econ\u00f4mica;<\/p>\n<p>III. Elaborar pareceres, relat\u00f3rios, trabalhos e textos na \u00e1rea econ\u00f4mica;<\/p>\n<p>IV. Diferenciar os conceitos te\u00f3ricos fundamentais da ci\u00eancia econ\u00f4mica e aplic\u00e1-los adequadamente;<\/p>\n<p>V. Conduzir an\u00e1lises de situa\u00e7\u00f5es hist\u00f3ricas concretas com o uso adequado do instrumental econ\u00f4mico;<\/p>\n<p>VI. Analisar fen\u00f4menos socioecon\u00f4micos utilizando formula\u00e7\u00f5es matem\u00e1ticas e estat\u00edsticas;<\/p>\n<p>VII. Diferenciar as correntes te\u00f3ricas e as distintas pol\u00edticas econ\u00f4micas.<\/p>\n<hr \/>\n<p><strong>SOFT SKILLS (COMPET\u00caNCIAS SOCIOEMOCIONAIS):<\/strong><\/p>\n<p>An\u00e1lise e resolu\u00e7\u00e3o de problemas<\/p>\n<p>Tomada de Decis\u00e3o<\/p>\n<p>Comunica\u00e7\u00e3o Interpessoal<\/p>\n<hr \/>\n<p><strong>OBJETIVOS DE APRENDIZAGEM:<\/strong><\/p>\n<p>As atividades extensionistas do curso de Ci\u00eancias Econ\u00f4micas, vinculadas ao Programa de Sustentabilidade, t\u00eam como principal objetivo contribuir com as iniciativas de preserva\u00e7\u00e3o ambiental, local ou regional, e estimular a gera\u00e7\u00e3o do novo saber pela aplica\u00e7\u00e3o da aprendizagem multidisciplinar adquirida no curso pelo corpo discente.<\/p>\n<hr \/>\n<p><strong>CONTE\u00daDOS:<\/strong><\/p>\n<p>I \u2013 Teoria Macroecon\u00f4mica<\/p>\n<p>II \u2013 Economia Ambiental<\/p>\n<p>III \u2013 Contabilidade Social e Ambiental<\/p>\n<hr \/>\n<p><strong>INDICA\u00c7\u00d5ES BIBLIOGR\u00c1FICAS:<\/strong><\/p>\n<p>MCGUIGAN, James R.; MOYER, R. Charles; HARRIS, Frederick H. de B.. Economia de Empresas: Aplica\u00e7\u00f5es, estrat\u00e9gia e t\u00e1ticas &#8211; Tradu\u00e7\u00e3o da 13\u00aa edi\u00e7\u00e3o norte-americana. S\u00e3o Paulo: Cengage Learning Brasil, 2016<\/p>\n<p>MURTEIRA, Jos\u00e9; CASTRO, V\u00edtor. Introdu\u00e7\u00e3o \u00e0 Econometria. S\u00e3o Paulo: Almedina Brasil, 2018<\/p>\n<p>VASCONCELOS, Marco Antonio Sandoval de. Economia F\u00e1cil. S\u00e3o Paulo: Saraiva, 2015<\/p>\n<p>Revista Brasileira de Gest\u00e3o de Neg\u00f3cios ISSN 1806-4892<\/p>\n<hr \/>\n<p><strong>RELAT\u00d3RIO FINAL:<\/strong><\/p>\n<p>Aluno e Aluna, ap\u00f3s realizar suas atividades de extens\u00e3o, \u00e9 necess\u00e1rio que voc\u00ea o formalize, enviando esse Relat\u00f3rio Final para ser avaliado junto ao seu Ambiente Virtual (AVA) e tamb\u00e9m para voc\u00ea poder comprovar sua atua\u00e7\u00e3o.<\/p>\n<p>Para o preenchimento, busque as anota\u00e7\u00f5es junto ao TEMPLATE PCDA para auxiliar na apresenta\u00e7\u00e3o das atividades desenvolvidas.<\/p>\n<p>Todos os campos s\u00e3o de preenchimento obrigat\u00f3rio!<\/p>\n<hr \/>\n<p><strong>DESCRI\u00c7\u00c3O DA A\u00c7\u00c3O COM RESULTADOS ALCAN\u00c7ADOS<\/strong><\/p>\n<p>Metas dos Objetivos de Desenvolvimento Sustent\u00e1vel (ODS) aderentes a este projeto:<\/p>\n<p>CAMPO OBRIGAT\u00d3RIO \u2013 busque no seu Template PDCA quais Metas voc\u00ea selecionou como aderentes ao seu projeto, conforme cada Objetivo de Desenvolvimento Sustent\u00e1vel (ODS) da Organiza\u00e7\u00e3o das Na\u00e7\u00f5es Unidas (ONU) que voc\u00ea explorou no seu planejamento.<\/p>\n<p>Liste as Metas selecionadas (pelo menos uma op\u00e7\u00e3o):<\/p>\n<p>Local de realiza\u00e7\u00e3o da atividade extensionista:<\/p>\n<p>Durante a a\u00e7\u00e3o:<\/p>\n<p>Caso necess\u00e1rio, houve mudan\u00e7a de estrat\u00e9gia para alcan\u00e7ar o resultado:<\/p>\n<p>Resultado da a\u00e7\u00e3o:<\/p>\n<p>Conclus\u00e3o:<\/p>\n<p>Depoimentos (se houver):<\/p>\n<hr \/>\n<p><strong>RELATE SUA PERCEP\u00c7\u00c3O DAS A\u00c7\u00d5ES EXTENSIONISTAS REALIZADAS NO PROGRAMA DESENVOLVIDO:<\/strong><\/p>\n<p>CAMPO OBRIGAT\u00d3RIO \u2013 relate em no m\u00ednimo 15 (quinze) linhas sua experi\u00eancia com as a\u00e7\u00f5es extensionistas. O texto deve ser de sua autoria e in\u00e9dito, evite pl\u00e1gio.<\/p>\n<p>Quest\u00f5es norteadoras:<\/p>\n<p>(1) Voc\u00ea notou que suas habilidades profissionais foram aprimoradas, com a atua\u00e7\u00e3o nas a\u00e7\u00f5es extensionistas?<\/p>\n<p>(2) Voc\u00ea identificou melhoria\/resolu\u00e7\u00e3o do problema identificado?<\/p>\n<p>(3) Voc\u00ea conseguiu articular os conhecimentos adquiridos no curso com as a\u00e7\u00f5es extensionistas?<\/p>\n<p>Ao escrever seu texto evite deix\u00e1-lo em forma de respostas \u00e0s quest\u00f5es norteadoras, relate sua experi\u00eancia em forma de texto dissertativo com justificativas.<\/p>\n<hr \/>\n<p><strong>DEPOIMENTO DA INSTITUI\u00c7\u00c3O PARTICIPANTE<\/strong><\/p>\n<p>CAMPO OBRIGAT\u00d3RIO &#8211; insira depoimento(s) do(s) gestor(es) da institui\u00e7\u00e3o\/\u00f3rg\u00e3o\/associa\u00e7\u00e3o participante que contribuam como um feedback da a\u00e7\u00e3o realizada por voc\u00ea.<\/p>\n<hr \/>\n<p><strong>REFER\u00caNCIAS BIBLIOGR\u00c1FICAS<\/strong><\/p>\n<p>CAMPO OBRIGAT\u00d3RIO \u2013 Siga a normas ABNT, para isso consulte sua Biblioteca Virtual;<\/p>\n<p>Utilize como refer\u00eancias bibliogr\u00e1ficas as indica\u00e7\u00f5es do Campo: Indica\u00e7\u00f5es Bibliogr\u00e1ficas e as demais refer\u00eancias utilizadas no desenvolvimento do seu projeto.<\/p>\n<hr \/>\n<p><strong>AUTOAVALIA\u00c7\u00c3O DA ATIVIDADE:<\/strong><\/p>\n<p>Realize a sua avalia\u00e7\u00e3o em rela\u00e7\u00e3o \u00e0 atividade desenvolvida considerando uma escala de 0 a 10 para cada pergunta, assinalando com um X:<\/p>\n<ol>\n<li>A atividade permitiu o desenvolvimento do projeto de extens\u00e3o articulando as compet\u00eancias e conte\u00fados propostos junto ao Curso?<\/li>\n<\/ol>\n<p>0 1 2 3 4 5 6 7 8 9 10<br \/>\n() () () () () () () () () () ()<\/p>\n<ol start=\"2\">\n<li>A atividade possui carga hor\u00e1ria suficiente para a sua realiza\u00e7\u00e3o?<\/li>\n<\/ol>\n<p>0 1 2 3 4 5 6 7 8 9 10<br \/>\n() () () () () () () () () () ()<\/p>\n<ol start=\"3\">\n<li>A atividade \u00e9 relevante para a sua forma\u00e7\u00e3o e articula\u00e7\u00e3o de compet\u00eancias e conte\u00fados?<\/li>\n<\/ol>\n<p>0 1 2 3 4 5 6 7 8 9 10<br \/>\n() () () () () () () () () () ()<\/p>\n<ol start=\"4\">\n<li>A atividade contribui para o cumprimento dos objetivos definidos pela Institui\u00e7\u00e3o de Ensino (IES) e Curso, observando o Plano de Desenvolvimento Institucional e Projeto Pedag\u00f3gico de Curso vigentes?<\/li>\n<\/ol>\n<p>0 1 2 3 4 5 6 7 8 9 10<br \/>\n() () () () () () () () () () ()<\/p>\n<ol start=\"5\">\n<li>A atividade contribui para a melhoria da sociedade por meio dos resultados demonstrados no relat\u00f3rio ou pelos relatos apresentados pelos envolvidos?<\/li>\n<\/ol>\n<p>0 1 2 3 4 5 6 7 8 9 10<br \/>\n() () () () () () () () () () ()<\/p>\n<ol start=\"6\">\n<li>A atividade permite o desenvolvimento de a\u00e7\u00f5es junto \u00e0 Inicia\u00e7\u00e3o Cient\u00edfica e ao Ensino?<\/li>\n<\/ol>\n<p>0 1 2 3 4 5 6 7 8 9 10<br \/>\n() () () () () () () () () () ()<\/p>\n<ol start=\"7\">\n<li>Caso queira contribuir com maior detalhamento, traga seu depoimento\/ sugest\u00e3o.<\/li>\n<\/ol>\n<hr \/>\n<p><strong>Como funciona?<\/strong><\/p>\n<div class=\"elementor-toggle-item\">\n<p>Elaboramos os portf\u00f3lios, j\u00e1 deixamos prontos, nas normas da ABNT e conforme os requisitos da universidade. F\u00e1cil assim! O MELHOR \u00c9 QUE VOC\u00ca COMPRA E J\u00c1 BAIXA NA HORA O SEU ARQUIVO EM WORD! Sabemos que conciliar trabalho, fam\u00edlia, vida profissional e estudos \u00e9 dif\u00edcil hoje em dia, por isso, estamos aqui para ajudar voc\u00ea. Conte com nossa qualidade, experi\u00eancia e profissionalismo adquirindo seu portf\u00f3lio conosco. GARANTIMOS SEU CONCEITO!<\/p>\n<p><strong>Como se realizam os envios?<\/strong><\/p>\n<\/div>\n<p id=\"elementor-tab-content-1942\" class=\"elementor-tab-content elementor-clearfix elementor-active\" role=\"tabpanel\" data-tab=\"2\" aria-labelledby=\"elementor-tab-title-1942\">O seu trabalho \u00e9 disponibilizado pronto, respondido e nas normas j\u00e1 na mesma hora aqui em nosso site na sua \u00e1rea de downloads e tamb\u00e9m no seu e-mail.<\/p>\n<p><strong>Em quanto tempo recebo o portf\u00f3lio?<\/strong><\/p>\n<p>Os envios s\u00e3o imediatos. Ap\u00f3s sua compra, o trabalho j\u00e1 \u00e9 disponibilizado instantaneamente aqui em nosso site e no seu e-mail.<\/p>\n<p><strong>E se o portf\u00f3lio que comprei precisar de corre\u00e7\u00e3o?<\/strong><\/p>\n<p>Caso haja alguma solicita\u00e7\u00e3o de corre\u00e7\u00e3o\/altera\u00e7\u00e3o por parte do tutor, basta entrar em contato conosco pelo\u00a0WhatsApp\u00a0que provid\u00eanciaremos sem custo algum.<\/p>\n<p><strong>Qual o formato do arquivo?<\/strong><\/p>\n<p>Os arquivos s\u00e3o enviados em formato Word e s\u00e3o edit\u00e1veis.<\/p>\n<p><strong>Caso eu tiver alguma d\u00favida, terei suporte no p\u00f3s venda?<\/strong><\/p>\n<p>Sim, com certeza. Basta clicar no \u00edcone do WhatsApp no cantinho da tela. Ser\u00e1 um prazer atend\u00ea-lo(a).<\/p>\n<div id=\"elementor-tab-content-1948\" class=\"elementor-tab-content elementor-clearfix elementor-active\" role=\"tabpanel\" data-tab=\"8\" aria-labelledby=\"elementor-tab-title-1948\">\n<p><strong>Quais os seus canais de contato?<\/strong><\/p>\n<\/div>\n<div id=\"elementor-tab-content-1949\" class=\"elementor-tab-content elementor-clearfix elementor-active\" role=\"tabpanel\" data-tab=\"9\" aria-labelledby=\"elementor-tab-title-1949\">\n<p>Whatsapp: 53 984751621 \u2013 Clicar no canto da tela ou ESCANEIE O QRCODE ABAIXO<\/p>\n<h4><img decoding=\"async\" class=\"alignnone wp-image-13699 jetpack-lazy-image jetpack-lazy-image--handled\" src=\"https:\/\/i0.wp.com\/portifolioos-prontos.com\/wp-content\/uploads\/2023\/02\/whatsapp-business-projeto-de-extensao-300x300.jpeg?resize=144%2C144\" sizes=\"(max-width: 144px) 100vw, 144px\" srcset=\"https:\/\/i0.wp.com\/portifolioos-prontos.com\/wp-content\/uploads\/2023\/02\/whatsapp-business-projeto-de-extensao.jpeg?resize=300%2C301&amp;ssl=1 300w, https:\/\/i0.wp.com\/portifolioos-prontos.com\/wp-content\/uploads\/2023\/02\/whatsapp-business-projeto-de-extensao.jpeg?resize=150%2C150&amp;ssl=1 150w, https:\/\/i0.wp.com\/portifolioos-prontos.com\/wp-content\/uploads\/2023\/02\/whatsapp-business-projeto-de-extensao.jpeg?resize=370%2C372&amp;ssl=1 370w, https:\/\/i0.wp.com\/portifolioos-prontos.com\/wp-content\/uploads\/2023\/02\/whatsapp-business-projeto-de-extensao.jpeg?resize=100%2C100&amp;ssl=1 100w, https:\/\/i0.wp.com\/portifolioos-prontos.com\/wp-content\/uploads\/2023\/02\/whatsapp-business-projeto-de-extensao.jpeg?w=470&amp;ssl=1 470w\" alt=\"projeto de extens\u00e3o unopar\" width=\"144\" height=\"144\" data-lazy-loaded=\"1\" \/><\/h4>\n<\/div>\n<div class=\"elementor-toggle-item\">\n<div id=\"elementor-tab-content-1949\" class=\"elementor-tab-content elementor-clearfix elementor-active\" role=\"tabpanel\" data-tab=\"9\" aria-labelledby=\"elementor-tab-title-1949\">\n<p>E-mail:portifoliosp@gmail.com<\/p>\n<div id=\"attachment_143\" class=\"wp-caption alignnone\">\n<div id=\"attachment_143\" class=\"wp-caption alignnone\">\n<p id=\"caption-attachment-143\" class=\"wp-caption-text\"><a href=\"http:\/\/portfolio-pronto.com\/\">Portf\u00f3lio<\/a>\u00a0em Word, respondido, completo e j\u00e1 nas normas<\/p>\n<\/div>\n<\/div>\n<\/div>\n<\/div>\n","protected":false},"excerpt":{"rendered":"<p>Projeto de Extens\u00e3o III &#8211; Ci\u00eancias Econ\u00f4micas &nbsp; &nbsp; CURSO: CI\u00caNCIAS ECON\u00d4MICAS &#8211; BACHARELADO COMPONENTE CURRICULAR: PROJETO DE EXTENS\u00c3O III \u2013 CI\u00caNCIAS ECON\u00d4MICAS PROGRAMA DE EXTENS\u00c3O: PROGRAMA DE SUSTENTABILIDADE FINALIDADE E MOTIVA\u00c7\u00c3O: Programa de sustentabilidade. A realiza\u00e7\u00e3o das atividades extensionistas do curso de ci\u00eancias econ\u00f4micas orientadas pelo programa de sustentabilidade pode levar \u00e0 cria\u00e7\u00e3o do&hellip;<\/p>\n","protected":false},"featured_media":50471,"template":"","meta":{"_seopress_robots_primary_cat":"","_seopress_titles_title":"","_seopress_titles_desc":"","_seopress_robots_index":""},"product_cat":[31],"product_tag":[],"class_list":{"0":"post-50468","1":"product","2":"type-product","3":"status-publish","4":"has-post-thumbnail","6":"product_cat-ciencias-economicas","8":"first","9":"instock","10":"shipping-taxable","11":"purchasable","12":"product-type-simple","13":"col-xs-6 col-sm-4","14":"col-mf-5","15":"un-5-cols"},"jetpack_sharing_enabled":true,"_links":{"self":[{"href":"https:\/\/portifolioos-prontos.com\/index.php\/wp-json\/wp\/v2\/product\/50468","targetHints":{"allow":["GET"]}}],"collection":[{"href":"https:\/\/portifolioos-prontos.com\/index.php\/wp-json\/wp\/v2\/product"}],"about":[{"href":"https:\/\/portifolioos-prontos.com\/index.php\/wp-json\/wp\/v2\/types\/product"}],"version-history":[{"count":1,"href":"https:\/\/portifolioos-prontos.com\/index.php\/wp-json\/wp\/v2\/product\/50468\/revisions"}],"predecessor-version":[{"id":50472,"href":"https:\/\/portifolioos-prontos.com\/index.php\/wp-json\/wp\/v2\/product\/50468\/revisions\/50472"}],"wp:featuredmedia":[{"embeddable":true,"href":"https:\/\/portifolioos-prontos.com\/index.php\/wp-json\/wp\/v2\/media\/50471"}],"wp:attachment":[{"href":"https:\/\/portifolioos-prontos.com\/index.php\/wp-json\/wp\/v2\/media?parent=50468"}],"wp:term":[{"taxonomy":"product_cat","embeddable":true,"href":"https:\/\/portifolioos-prontos.com\/index.php\/wp-json\/wp\/v2\/product_cat?post=50468"},{"taxonomy":"product_tag","embeddable":true,"href":"https:\/\/portifolioos-prontos.com\/index.php\/wp-json\/wp\/v2\/product_tag?post=50468"}],"curies":[{"name":"wp","href":"https:\/\/api.w.org\/{rel}","templated":true}]}}